{"id":40781,"date":"2022-12-06T10:23:03","date_gmt":"2022-12-06T10:23:03","guid":{"rendered":"https:\/\/jackpotlotteryonline.com\/?page_id=40781"},"modified":"2022-12-28T14:24:10","modified_gmt":"2022-12-28T14:24:10","slug":"la-primitiva","status":"publish","type":"page","link":"https:\/\/jackpotlotteryonline.com\/pl\/zwycieskie-numery\/la-primitiva\/","title":{"rendered":"Wyniki losowania La Primitiva"},"content":{"rendered":"<h2>Jak wybra\u0107 zwyci\u0119skie numery La Primitiva<\/h2>\n<p>Przede wszystkim, je\u015bli chcesz zagra\u0107 w La Primitiva, musisz wybra\u0107 6 liczb z zakresu od 1 do 49. Dodatkowo nale\u017cy wybra\u0107 1 liczb\u0119 z zakresu 0-9. Ten dodatkowy numer nazywany jest numerem Reintegro. Istnieje r\u00f3wnie\u017c numer Complemantario i jest on u\u017cywany do okre\u015blenia niekt\u00f3rych poziom\u00f3w nagr\u00f3d.<\/p>\n<p>Istnieje kilka metod, kt\u00f3rych gracze u\u017cywaj\u0105, aby wybra\u0107 swoje numery La Primitiva. Niekt\u00f3rzy wol\u0105 wybiera\u0107 liczby, kt\u00f3re maj\u0105 dla nich specjalne znaczenie. Na przyk\u0142ad ich urodziny lub rocznice. Inni wybieraj\u0105 po prostu losowe liczby i maj\u0105 nadziej\u0119, \u017ce szcz\u0119\u015bcie b\u0119dzie po ich stronie. Poniewa\u017c La Primitiva, jak ka\u017cda loteria, jest gr\u0105 szcz\u0119\u015bcia, nikt nie mo\u017ce ich za to wini\u0107.<\/p>\n<section class=\"layout\" style=\"border: solid 1px; width: 100%;\">\n<div class=\"img-div\" style=\"margin-top: 5px;\"><img decoding=\"async\" class=\"wp-image-17212 alignleft\" style=\"height: 45px; margin: 8px 8px 0px;\" src=\"https:\/\/jackpotlotteryonline.com\/wp-content\/uploads\/2022\/11\/read1.jpg\" alt=\"czytaj\" width=\"\" height=\"\" \/><\/div>\n<div style=\"padding-left: 5px;\">\n<div style=\"font-size: 1.1em;\">\n<p><strong>Porady Loterii<\/strong><\/p>\n<p style=\"font-size: 0.85em; margin-top: -1.5em;\">Porady, kt\u00f3re pomog\u0105 Ci wygra\u0107 na loterii\u00a0<a href=\"https:\/\/jackpotlotteryonline.com\/pl\/porady-dotyczace-loterii\"> wi\u0119cej<\/a><\/p>\n<\/div>\n<\/div>\n<\/section>\n<h2>Wygrana w La Primitiva<\/h2>\n<p>La Primitiva organizuje trzy losowania w tygodniu, w poniedzia\u0142ek, czwartek i sobot\u0119. Kiedy ju\u017c wybierzesz swoje liczby, nast\u0119pnym krokiem jest zg\u0142oszenie si\u0119 do wybranych przez siebie losowa\u0144. Po losowaniach, los, kt\u00f3ry odpowiada wylosowanym wynikom, wygrywa loteri\u0119.<\/p>\n<p>Dlatego powr\u00f3t do domu z nagrod\u0105 ma wiele wsp\u00f3lnego z wybranymi przez Ciebie liczbami.<\/p>\n<p>Aby wygra\u0107 jackpota La Primitiva, gracz musi dopasowa\u0107 wszystkie 7 liczb (6 g\u0142\u00f3wnych i liczb\u0119 Reintegro). Wysoko\u015b\u0107 jackpota zaczyna si\u0119 od 5 milion\u00f3w euro. Je\u015bli jest wi\u0119cej ni\u017c jeden zwyci\u0119zca, kwota jest dzielona mi\u0119dzy zwyci\u0119zc\u00f3w. Oto nagrody, kt\u00f3re gracze mog\u0105 wygra\u0107.<img loading=\"lazy\" decoding=\"async\" class=\"alignright size-full wp-image-27671\" src=\"https:\/\/jackpotlotteryonline.com\/wp-content\/uploads\/2022\/11\/1_lottery_online_winner3.jpg\" alt=\"Wygraj La Primitiva\" width=\"300\" height=\"300\" srcset=\"https:\/\/jackpotlotteryonline.com\/wp-content\/uploads\/2022\/11\/1_lottery_online_winner3.jpg 300w, https:\/\/jackpotlotteryonline.com\/wp-content\/uploads\/2022\/11\/1_lottery_online_winner3-100x100.jpg 100w, https:\/\/jackpotlotteryonline.com\/wp-content\/uploads\/2022\/11\/1_lottery_online_winner3-150x150.jpg 150w\" sizes=\"auto, (max-width: 300px) 100vw, 300px\" \/><br \/>\nJackpot &#8211; Mecz 6 + Reintegro<\/p>\n<p>Dywizja 1 &#8211; tylko Mecz 6<\/p>\n<p>Dywizja 2 &#8211; Mecz 5 + numer komplementarny<\/p>\n<p>Dywizja 3 &#8211; Tylko mecz 5<\/p>\n<p>Dywizja 4 &#8211; Tylko mecz 4<\/p>\n<p>Dywizja 5 &#8211; Tylko mecz 3<\/p>\n<p>Reintegro &#8211; Dopasuj tylko numer Reintegro<\/p>\n<h2>Graj\u0105c w La Primitiva online z jackpotlotteryonline.com<\/h2>\n<p>Kiedy <a href=\"https:\/\/jackpotlotteryonline.com\/pl\/jak-grac\/la-primitiva-2\">grasz z nami w loteri\u0119 La Primitiva<\/a>, otrzymujesz nie tylko dost\u0119p do La Primitiva, ale tak\u017ce do wynik\u00f3w losowania. Granie online otwiera \u015bwiat mo\u017cliwo\u015bci zar\u00f3wno dla do\u015bwiadczonych graczy, jak i tych pocz\u0105tkuj\u0105cych. Oferujemy wygodny spos\u00f3b na zakup los\u00f3w, sprawdzenie wynik\u00f3w i dost\u0119p do wygranych. Ale do tego przejdziemy za chwil\u0119.<\/p>\n<p>Mo\u017cesz \u0142atwo <a href=\"https:\/\/jackpotlotteryonline.com\/pl\/kupic-bilety\/la-primitiva\">kupi\u0107 bilet na loteri\u0119 La Primitiva<\/a>, przechodz\u0105c na stron\u0119 loterii i wybieraj\u0105c swoje zwyci\u0119skie cyfry. Je\u015bli nie jeste\u015b pewien, co wybra\u0107, mo\u017cesz skorzysta\u0107 z naszego auto generatora, aby wybra\u0107 losowe cyfry. Nast\u0119pnie wprowad\u017a wybrane przez siebie losy i je\u015bli nie jeste\u015b jeszcze u nas zarejestrowany, za\u0142\u00f3\u017c konto.<\/p>\n<p>Rejestracja jest niezb\u0119dnym krokiem, a konto b\u0119dzie Ci potrzebne z nast\u0119puj\u0105cych powod\u00f3w:<\/p>\n<ul>\n<li>Aby przechowywa\u0107 sw\u00f3j cyfrowy bilet<\/li>\n<li>Aby ustawi\u0107 automatyczne wej\u015bcia do losowania<\/li>\n<li>Aby otrzymywa\u0107 powiadomienia, gdy wygrasz nagrody<\/li>\n<\/ul>\n<h2>Sprawd\u017a wyniki loterii La Primitiva<\/h2>\n<p>Sprawdzanie wynik\u00f3w La Primitiva nigdy nie by\u0142o \u0142atwiejsze, gdy grasz z nami online. Po ka\u017cdym losowaniu, publikujemy wyniki losowania tutaj na naszej stronie. Ponadto, gdy wygrasz nagrod\u0119, powiadomimy Ci\u0119 o tym e-mailem. Dzi\u0119ki temu ju\u017c nigdy nie b\u0119dziesz musia\u0142 przegapi\u0107 swojej nagrody.<\/p>\n<h2>Odbieranie wygranych<\/h2>\n<p>Prawdopodobnie najciekawsz\u0105 cz\u0119\u015bci\u0105 gry w La Primitiva online jest to, \u017ce nie musisz jecha\u0107 do Hiszpanii, aby odebra\u0107 swoje wygrane. W przypadku wygranych, kt\u00f3re nie przekraczaj\u0105 2.500\u20ac, mo\u017cesz po prostu wyp\u0142aci\u0107 je z naszej platformy na swoje konto.<\/p>\n<p>Zagraj z nami w loteri\u0119, aby sprawdzi\u0107 swoje zwyci\u0119skie numery La Primitiva online.<\/p>\n","protected":false},"excerpt":{"rendered":"<p>Jak wybra\u0107 zwyci\u0119skie numery La Primitiva Przede wszystkim, je\u015bli chcesz zagra\u0107 w La Primitiva, musisz wybra\u0107 6 liczb z zakresu od 1 do 49. Dodatkowo nale\u017cy wybra\u0107 1 liczb\u0119 z zakresu 0-9. Ten dodatkowy numer nazywany jest numerem Reintegro. Istnieje r\u00f3wnie\u017c numer Complemantario i jest on u\u017cywany do okre\u015blenia niekt\u00f3rych poziom\u00f3w nagr\u00f3d. Istnieje kilka metod, [&hellip;]<\/p>\n","protected":false},"author":1,"featured_media":0,"parent":35844,"menu_order":7,"comment_status":"closed","ping_status":"closed","template":"la-primitiva-results.php","meta":{"_et_pb_use_builder":"","_et_pb_old_content":"","_et_gb_content_width":"","exclude_from_search":false,"footnotes":""},"class_list":["post-40781","page","type-page","status-publish","hentry"],"yoast_head":"<!-- This site is optimized with the Yoast SEO plugin v23.3 - https:\/\/yoast.com\/wordpress\/plugins\/seo\/ -->\n<title>La Primitiva zwyci\u0119skie numery i wyniki losowa\u0144<\/title>\n<meta name=\"description\" content=\"Hiszpa\u0144ska loteria La Primitiva - wszystkie wyniki losowa\u0144 i zwyci\u0119skie numery, plus archiwum wynik\u00f3w, wszystko na jednej stronie internetowej\" \/>\n<meta name=\"robots\" content=\"index, follow, max-snippet:-1, max-image-preview:large, max-video-preview:-1\" \/>\n<link rel=\"canonical\" href=\"https:\/\/jackpotlotteryonline.com\/pl\/zwycieskie-numery\/la-primitiva\/\" \/>\n<meta property=\"og:locale\" content=\"pl_PL\" \/>\n<meta property=\"og:type\" content=\"article\" \/>\n<meta property=\"og:title\" content=\"La Primitiva zwyci\u0119skie numery i wyniki losowa\u0144\" \/>\n<meta property=\"og:description\" content=\"Hiszpa\u0144ska loteria La Primitiva - wszystkie wyniki losowa\u0144 i zwyci\u0119skie numery, plus archiwum wynik\u00f3w, wszystko na jednej stronie internetowej\" \/>\n<meta property=\"og:url\" content=\"https:\/\/jackpotlotteryonline.com\/pl\/zwycieskie-numery\/la-primitiva\/\" \/>\n<meta property=\"og:site_name\" content=\"Lotto Online - Crack The International Lottery Jackpots\" \/>\n<meta property=\"article:modified_time\" content=\"2022-12-28T14:24:10+00:00\" \/>\n<meta property=\"og:image\" content=\"https:\/\/jackpotlotteryonline.com\/wp-content\/uploads\/2022\/11\/read1.jpg\" \/>\n<meta name=\"twitter:card\" content=\"summary_large_image\" \/>\n<meta name=\"twitter:label1\" content=\"Szacowany czas czytania\" \/>\n\t<meta name=\"twitter:data1\" content=\"3 minuty\" \/>\n<!-- \/ Yoast SEO plugin. -->","yoast_head_json":{"title":"La Primitiva zwyci\u0119skie numery i wyniki losowa\u0144","description":"Hiszpa\u0144ska loteria La Primitiva - wszystkie wyniki losowa\u0144 i zwyci\u0119skie numery, plus archiwum wynik\u00f3w, wszystko na jednej stronie internetowej","robots":{"index":"index","follow":"follow","max-snippet":"max-snippet:-1","max-image-preview":"max-image-preview:large","max-video-preview":"max-video-preview:-1"},"canonical":"https:\/\/jackpotlotteryonline.com\/pl\/zwycieskie-numery\/la-primitiva\/","og_locale":"pl_PL","og_type":"article","og_title":"La Primitiva zwyci\u0119skie numery i wyniki losowa\u0144","og_description":"Hiszpa\u0144ska loteria La Primitiva - wszystkie wyniki losowa\u0144 i zwyci\u0119skie numery, plus archiwum wynik\u00f3w, wszystko na jednej stronie internetowej","og_url":"https:\/\/jackpotlotteryonline.com\/pl\/zwycieskie-numery\/la-primitiva\/","og_site_name":"Lotto Online - Crack The International Lottery Jackpots","article_modified_time":"2022-12-28T14:24:10+00:00","og_image":[{"url":"https:\/\/jackpotlotteryonline.com\/wp-content\/uploads\/2022\/11\/read1.jpg"}],"twitter_card":"summary_large_image","twitter_misc":{"Szacowany czas czytania":"3 minuty"},"schema":{"@context":"https:\/\/schema.org","@graph":[{"@type":"WebPage","@id":"https:\/\/jackpotlotteryonline.com\/pl\/zwycieskie-numery\/la-primitiva\/","url":"https:\/\/jackpotlotteryonline.com\/pl\/zwycieskie-numery\/la-primitiva\/","name":"La Primitiva zwyci\u0119skie numery i wyniki losowa\u0144","isPartOf":{"@id":"https:\/\/jackpotlotteryonline.com\/#website"},"primaryImageOfPage":{"@id":"https:\/\/jackpotlotteryonline.com\/pl\/zwycieskie-numery\/la-primitiva\/#primaryimage"},"image":{"@id":"https:\/\/jackpotlotteryonline.com\/pl\/zwycieskie-numery\/la-primitiva\/#primaryimage"},"thumbnailUrl":"https:\/\/jackpotlotteryonline.com\/wp-content\/uploads\/2022\/11\/read1.jpg","datePublished":"2022-12-06T10:23:03+00:00","dateModified":"2022-12-28T14:24:10+00:00","description":"Hiszpa\u0144ska loteria La Primitiva - wszystkie wyniki losowa\u0144 i zwyci\u0119skie numery, plus archiwum wynik\u00f3w, wszystko na jednej stronie internetowej","breadcrumb":{"@id":"https:\/\/jackpotlotteryonline.com\/pl\/zwycieskie-numery\/la-primitiva\/#breadcrumb"},"inLanguage":"pl-PL","potentialAction":[{"@type":"ReadAction","target":["https:\/\/jackpotlotteryonline.com\/pl\/zwycieskie-numery\/la-primitiva\/"]}]},{"@type":"ImageObject","inLanguage":"pl-PL","@id":"https:\/\/jackpotlotteryonline.com\/pl\/zwycieskie-numery\/la-primitiva\/#primaryimage","url":"https:\/\/jackpotlotteryonline.com\/wp-content\/uploads\/2022\/11\/read1.jpg","contentUrl":"https:\/\/jackpotlotteryonline.com\/wp-content\/uploads\/2022\/11\/read1.jpg"},{"@type":"BreadcrumbList","@id":"https:\/\/jackpotlotteryonline.com\/pl\/zwycieskie-numery\/la-primitiva\/#breadcrumb","itemListElement":[{"@type":"ListItem","position":1,"name":"Home","item":"https:\/\/jackpotlotteryonline.com\/pl\/"},{"@type":"ListItem","position":2,"name":"Wyniki loterii","item":"https:\/\/jackpotlotteryonline.com\/winning-numbers\/"},{"@type":"ListItem","position":3,"name":"Wyniki losowania La Primitiva"}]},{"@type":"WebSite","@id":"https:\/\/jackpotlotteryonline.com\/#website","url":"https:\/\/jackpotlotteryonline.com\/","name":"Lotto Online - Crack The International Lottery Jackpots","description":"","potentialAction":[{"@type":"SearchAction","target":{"@type":"EntryPoint","urlTemplate":"https:\/\/jackpotlotteryonline.com\/?s={search_term_string}"},"query-input":"required name=search_term_string"}],"inLanguage":"pl-PL"}]}},"_links":{"self":[{"href":"https:\/\/jackpotlotteryonline.com\/pl\/wp-json\/wp\/v2\/pages\/40781","targetHints":{"allow":["GET"]}}],"collection":[{"href":"https:\/\/jackpotlotteryonline.com\/pl\/wp-json\/wp\/v2\/pages"}],"about":[{"href":"https:\/\/jackpotlotteryonline.com\/pl\/wp-json\/wp\/v2\/types\/page"}],"author":[{"embeddable":true,"href":"https:\/\/jackpotlotteryonline.com\/pl\/wp-json\/wp\/v2\/users\/1"}],"replies":[{"embeddable":true,"href":"https:\/\/jackpotlotteryonline.com\/pl\/wp-json\/wp\/v2\/comments?post=40781"}],"version-history":[{"count":0,"href":"https:\/\/jackpotlotteryonline.com\/pl\/wp-json\/wp\/v2\/pages\/40781\/revisions"}],"up":[{"embeddable":true,"href":"https:\/\/jackpotlotteryonline.com\/pl\/wp-json\/wp\/v2\/pages\/35844"}],"wp:attachment":[{"href":"https:\/\/jackpotlotteryonline.com\/pl\/wp-json\/wp\/v2\/media?parent=40781"}],"curies":[{"name":"wp","href":"https:\/\/api.w.org\/{rel}","templated":true}]}}