{"id":40834,"date":"2022-12-06T13:03:56","date_gmt":"2022-12-06T13:03:56","guid":{"rendered":"https:\/\/jackpotlotteryonline.com\/?page_id=40834"},"modified":"2022-12-28T12:27:52","modified_gmt":"2022-12-28T12:27:52","slug":"el-gordo-draw-results","status":"publish","type":"page","link":"https:\/\/jackpotlotteryonline.com\/pl\/zwycieskie-numery\/el-gordo-draw-results\/","title":{"rendered":"Wyniki losowania &#8220;El Gordo"},"content":{"rendered":"<p>Mi\u0142o\u015bnicy loterii ekscytuj\u0105 si\u0119, gdy s\u0142ysz\u0105 o El Gordo, nie tylko dlatego, \u017ce jest to jedna z najwi\u0119kszych europejskich loterii. El Gordo jest matk\u0105 wszystkich loterii z tego prostego powodu, \u017ce losowania odbywaj\u0105 si\u0119 raz w roku. Tak naprawd\u0119 jest to cz\u0119\u015b\u0107 hiszpa\u0144skiej loterii, a co roku odbywa si\u0119 w niej specjalne, \u015bwi\u0105teczne losowanie. Jest to wydarzenie, kt\u00f3re jest pe\u0142ne emocji i przesi\u0105kni\u0119te tradycj\u0105. \u0141\u0105czy rodziny, dzielnice i ca\u0142e spo\u0142eczno\u015bci, aby wsp\u00f3lnie \u015bwi\u0119towa\u0107 okres \u015bwi\u0105teczny. Dla graczy w Hiszpanii, sezon \u015bwi\u0105teczny to czas, w kt\u00f3rym nale\u017cy szuka\u0107 zwyci\u0119skich liczb El Gordo.<\/p>\n<p>Zazwyczaj El Gordo to loteria, kt\u00f3ra odbywa si\u0119 w Hiszpanii. Oznacza to, \u017ce je\u015bli nie mieszkasz w tym kraju, trudno by\u0142oby Ci kupi\u0107 losy El Gordo. To si\u0119 zmieni\u0142o, poniewa\u017c teraz mo\u017cesz sprawdzi\u0107 zwyci\u0119skie numery El Gordo w Internecie.<\/p>\n<h2>Gra w El Gordo<\/h2>\n<p><img loading=\"lazy\" decoding=\"async\" class=\"alignright size-full wp-image-17870\" src=\"https:\/\/jackpotlotteryonline.com\/wp-content\/uploads\/2022\/10\/lotto_euros.jpg\" alt=\"Graj\u0105c w El Gordo\" width=\"225\" height=\"134\" \/>El Gordo oznacza &#8220;the big one&#8221; i jest to najwi\u0119kszy na \u015bwiecie jackpot. Szczeg\u00f3ln\u0105 rzecz\u0105 w tej loterii jest to, \u017ce jackpot jest teraz wygrywany tylko przez jedn\u0105 osob\u0119. Dzieje si\u0119 tak dlatego, \u017ce losy s\u0105 podzielone na tak wiele frakcji. W\u0142a\u015bciwie to jest ta cz\u0119\u015b\u0107 gry w El Gordo, kt\u00f3ra mo\u017ce by\u0107 nieco myl\u0105ca. Ka\u017cdy bilet El Gordo jest podzielony na 10 cz\u0119\u015bci, a ka\u017cda z tych cz\u0119\u015bci jest dalej podzielona.<\/p>\n<p>Najta\u0144szy bilet El Gordo jaki mo\u017cesz kupi\u0107 to 1\/100 pe\u0142nego biletu.<\/p>\n<p>Aby dowiedzie\u0107 si\u0119 wi\u0119cej o <a href=\"https:\/\/jackpotlotteryonline.com\/pl\/jak-grac\/el-gordo\">grze w El Gordo<\/a>, odwied\u017a stron\u0119 jackpotlotteryonline.com i <a href=\"https:\/\/jackpotlotteryonline.com\/pl\/kupic-bilety\/el-gordo\">kup bilety teraz.<\/a> Graj\u0105c w El Gordo jest mn\u00f3stwo zabawy, zw\u0142aszcza gdy grasz online.<\/p>\n<h2>Graj\u0105c online<\/h2>\n<p>Je\u015bli jeste\u015b gotowy, aby wej\u015b\u0107 do loterii El Gordo, odwied\u017a nasz\u0105 stron\u0119 i wybierz swoje zwyci\u0119skie cyfry. Wszystko, co musisz zrobi\u0107, to wybra\u0107 6 od 1 do 49. Oczywi\u015bcie mo\u017cesz pozwoli\u0107, aby nasz auto picker zrobi\u0142 to za Ciebie, je\u015bli nie masz nic konkretnego do zagrania. Nast\u0119pnie we\u017a udzia\u0142 w losowaniu i czekaj na wyniki wygranej El Gordo.<\/p>\n<h2>Jak wygra\u0107 El Gordo<\/h2>\n<p>Wygrana w El Gordo oznacza po prostu, \u017ce masz zwyci\u0119sk\u0105 kombinacj\u0119. Dlatego je\u015bli Twoje cyfry pasuj\u0105 do tego, co zosta\u0142o wylosowane, to jeste\u015b zwyci\u0119zc\u0105 loterii El Gordo.<\/p>\n<p>Istnieje kilka strategii, kt\u00f3rych gracze u\u017cywaj\u0105, aby wybra\u0107 zwyci\u0119skie kombinacje na El Gordo. Jedn\u0105 z nich jest wybieranie cyfr, kt\u00f3re uwa\u017caj\u0105 za szcz\u0119\u015bliwe. Dla niekt\u00f3rych s\u0105 to ich urodziny lub urodziny bliskich os\u00f3b. Mo\u017ce to by\u0107 jakakolwiek liczba, kt\u00f3ra jest dla Ciebie wyj\u0105tkowa. Inni gracze wol\u0105 polega\u0107 ca\u0142kowicie na losowo generowanych liczbach. Cokolwiek wybierzesz, zale\u017cy od Ciebie.<\/p>\n<p>Innym sposobem na wybranie zwyci\u0119skiej kombinacji dla El Gordo jest spojrzenie na przesz\u0142e wyniki. Pomo\u017ce Ci to szczeg\u00f3lnie je\u015bli jeste\u015b cz\u0119stym graczem. Dla wielu graczy zakup wielu los\u00f3w jest zawsze dobrym planem gry. Zawsze mo\u017cesz stworzy\u0107 grup\u0119 swoich przyjaci\u00f3\u0142 lub rodziny i kupi\u0107 bilety na El Gordo.<\/p>\n<h2>Jak sprawdzi\u0107 zwyci\u0119skie numery<\/h2>\n<p><img loading=\"lazy\" decoding=\"async\" class=\"alignright size-full wp-image-30668\" src=\"https:\/\/jackpotlotteryonline.com\/wp-content\/uploads\/2022\/11\/3_screen_lottery_results_online.jpg\" alt=\"Wygrana El Gordo\" width=\"130\" height=\"120\" \/>Po zakupie losu El Gordo, nast\u0119pnym krokiem jest oczekiwanie na losowania El Gordo. Po losowaniach wa\u017cne jest, aby sprawdzi\u0107, czy nie ma zwyci\u0119skich kombinacji. Istnieje kilka historii o jackpotach, kt\u00f3re zosta\u0142y nieodebrane, poniewa\u017c zwyci\u0119zcy nigdy nie sprawdzili swoich los\u00f3w. Je\u015bli grasz z nami, nigdy nie musisz si\u0119 martwi\u0107, \u017ce co\u015b takiego Ci si\u0119 przydarzy.<\/p>\n<p>Po ka\u017cdym losowaniu, publikujemy zwyci\u0119skie wyniki w\u0142a\u015bnie tutaj, na stronie El Gordo. Jednym z b\u0142\u0119d\u00f3w pope\u0142nianych przez nowych graczy loterii jest niesprawdzenie, czy wygrali oni inne nagrody.<\/p>\n<p>Loteria El Gordo ma 17 r\u00f3\u017cnych poziom\u00f3w nagr\u00f3d i gracz mo\u017ce wygra\u0107 ka\u017cd\u0105 z nich. Je\u015bli grasz z nami, damy Ci zna\u0107, je\u015bli jeste\u015b zwyci\u0119zc\u0105 jakiej\u015b nagrody. Robimy to poprzez e-mail oraz otrzymasz powiadomienie po zalogowaniu si\u0119 na platform\u0119.<\/p>\n<h2>Co si\u0119 stanie, je\u015bli wygrasz?<\/h2>\n<p>Wygrana w El Gordo jest wspania\u0142ym do\u015bwiadczeniem, poniewa\u017c czujesz, \u017ce by\u0142e\u015b cz\u0119\u015bci\u0105 czego\u015b wielkiego. To jak bycie cz\u0119\u015bci\u0105 tworz\u0105cej si\u0119 historii. To jeszcze wi\u0119ksze uczucie, je\u015bli kupi\u0142e\u015b bilety na El Gordo razem z kolegami, kole\u017cankami lub rodzin\u0105. Wtedy wszyscy mo\u017cecie wsp\u00f3lnie \u015bwi\u0119towa\u0107 wygran\u0105.<\/p>\n<p>To powiedziawszy, wyp\u0142ata wygranych El Gordo jest bardzo prosta, je\u015bli grasz na naszej stronie. Wystarczy, \u017ce wp\u0142acisz wygran\u0105 na swoje konto online. Je\u015bli wygrasz wi\u0119cej ni\u017c okre\u015blon\u0105 kwot\u0119, by\u0107 mo\u017ce b\u0119dziesz musia\u0142 wype\u0142ni\u0107 formularz roszczeniowy, aby otrzyma\u0107 swoj\u0105 wygran\u0105 od firmy loteryjnej. Ale w\u0142a\u015bnie po to tu jeste\u015bmy, aby u\u0142atwi\u0107 Ci spraw\u0119.<\/p>\n<section class=\"layout\" style=\"border: solid 1px; width: 100%;\">\n<div class=\"img-div\" style=\"margin-top: 5px;\"><img decoding=\"async\" class=\"wp-image-17212 alignleft\" style=\"height: 45px; margin: 8px 8px 0px;\" src=\"https:\/\/jackpotlotteryonline.com\/wp-content\/uploads\/2022\/11\/read1.jpg\" alt=\"czytaj\" width=\"\" height=\"\" \/><\/div>\n<div style=\"padding-left: 5px;\">\n<div style=\"font-size: 1.1em;\">\n<p><strong>Podatki od wygranych na loterii<\/strong><\/p>\n<p style=\"font-size: 0.85em; margin-top: -1.5em;\">Czy musz\u0119 p\u0142aci\u0107 podatki od wygranych na loterii?\u00a0<a href=\"https:\/\/jackpotlotteryonline.com\/pl\/czy-musze-placic-podatki-od-wygranych-na-loterii\"> wi\u0119cej<\/a><\/p>\n<\/div>\n<\/div>\n<\/section>\n<h2>Dlaczego powiniene\u015b gra\u0107 w El Gordo online z nami<\/h2>\n<p>Jest tak wiele powod\u00f3w, dla kt\u00f3rych nasi klienci kochaj\u0105 gra\u0107 na loterii z nami.<\/p>\n<ul>\n<li>Kupno losu na loteri\u0119 El Gordo jest tak proste jak kilka stukni\u0119\u0107 w urz\u0105dzenie mobilne. Bez stresu i ca\u0142kowicie wygodnie.<\/li>\n<li>Mo\u017cesz sprawdzi\u0107 swoje zwyci\u0119skie kombinacje El Gordo w\u0142a\u015bnie tutaj, bez wychodzenia gdziekolwiek indziej.<\/li>\n<li>Powiadomimy Ci\u0119, gdy tylko wygrasz nagrod\u0119, bez wzgl\u0119du na jej wysoko\u015b\u0107.<\/li>\n<li>Je\u015bli wygrasz jak\u0105\u015b nagrod\u0119, mo\u017cesz j\u0105 wyp\u0142aci\u0107 z naszej platformy na swoje konto.<\/li>\n<\/ul>\n<p>Dos\u0142ownie u\u0142atwiamy naszym klientom zabaw\u0119 i czerpanie rado\u015bci z gry na loterii. Prawda jest taka, \u017ce jest tak wiele innych rzeczy w \u017cyciu, kt\u00f3re s\u0105 trudne, wygrana na loterii nie musi by\u0107 jedn\u0105 z nich.<\/p>\n<h2>Sprawd\u017a swoje zwyci\u0119skie numery<\/h2>\n<p>Zanim kupisz sw\u00f3j los, musisz wiedzie\u0107, \u017ce dajemy naszym klientom dost\u0119p do prawdziwych liczb. Kiedy grasz z nami, nie obstawiasz tylko wyniku loterii. My zapewniamy, \u017ce wszed\u0142e\u015b na loteri\u0119. Robimy to poprzez system concierge, w kt\u00f3rym nasz agent w Hiszpanii kupuje numery odpowiadaj\u0105ce Twoim.<\/p>\n<p>Kiedy masz El Gordo zwyci\u0119skie numery, oznacza to, \u017ce wygra\u0142e\u015b na loterii. To naprawd\u0119 jest takie proste. Pracujemy ci\u0119\u017cko, aby upewni\u0107 si\u0119, \u017ce nie musisz martwi\u0107 si\u0119 o szczeg\u00f3\u0142y. Zajmujemy si\u0119 wi\u0119c drobiazgami, aby\u015b m\u00f3g\u0142 skupi\u0107 si\u0119 na tym, co jest dla Ciebie najwa\u017cniejsze.<\/p>\n<p>Odwied\u017a nas dzisiaj i sprawd\u017a zwyci\u0119skie numery do najlepszych mi\u0119dzynarodowych loterii w\u0142a\u015bnie tutaj. Lub kup losy El Gordo i zwr\u00f3\u0107 je za zwyci\u0119skie numery.<\/p>\n","protected":false},"excerpt":{"rendered":"<p>Mi\u0142o\u015bnicy loterii ekscytuj\u0105 si\u0119, gdy s\u0142ysz\u0105 o El Gordo, nie tylko dlatego, \u017ce jest to jedna z najwi\u0119kszych europejskich loterii. El Gordo jest matk\u0105 wszystkich loterii z tego prostego powodu, \u017ce losowania odbywaj\u0105 si\u0119 raz w roku. Tak naprawd\u0119 jest to cz\u0119\u015b\u0107 hiszpa\u0144skiej loterii, a co roku odbywa si\u0119 w niej specjalne, \u015bwi\u0105teczne losowanie. Jest [&hellip;]<\/p>\n","protected":false},"author":1,"featured_media":0,"parent":35844,"menu_order":6,"comment_status":"closed","ping_status":"closed","template":"el-gordo-results.php","meta":{"_et_pb_use_builder":"","_et_pb_old_content":"","_et_gb_content_width":"","exclude_from_search":false,"footnotes":""},"class_list":["post-40834","page","type-page","status-publish","hentry"],"yoast_head":"<!-- This site is optimized with the Yoast SEO plugin v23.3 - https:\/\/yoast.com\/wordpress\/plugins\/seo\/ -->\n<title>Zwyci\u0119skie numery El Gordo i wyniki losowania<\/title>\n<meta name=\"description\" content=\"Wyniki, zwyci\u0119skie numery losowania El Gordo - w tym tygodniu, jak r\u00f3wnie\u017c wyniki z ubieg\u0142ego tygodnia\" \/>\n<meta name=\"robots\" content=\"index, follow, max-snippet:-1, max-image-preview:large, max-video-preview:-1\" \/>\n<link rel=\"canonical\" href=\"https:\/\/jackpotlotteryonline.com\/pl\/zwycieskie-numery\/el-gordo-draw-results\/\" \/>\n<meta property=\"og:locale\" content=\"pl_PL\" \/>\n<meta property=\"og:type\" content=\"article\" \/>\n<meta property=\"og:title\" content=\"Zwyci\u0119skie numery El Gordo i wyniki losowania\" \/>\n<meta property=\"og:description\" content=\"Wyniki, zwyci\u0119skie numery losowania El Gordo - w tym tygodniu, jak r\u00f3wnie\u017c wyniki z ubieg\u0142ego tygodnia\" \/>\n<meta property=\"og:url\" content=\"https:\/\/jackpotlotteryonline.com\/pl\/zwycieskie-numery\/el-gordo-draw-results\/\" \/>\n<meta property=\"og:site_name\" content=\"Lotto Online - Crack The International Lottery Jackpots\" \/>\n<meta property=\"article:modified_time\" content=\"2022-12-28T12:27:52+00:00\" \/>\n<meta property=\"og:image\" content=\"https:\/\/jackpotlotteryonline.com\/wp-content\/uploads\/2022\/10\/lotto_euros.jpg\" \/>\n<meta name=\"twitter:card\" content=\"summary_large_image\" \/>\n<meta name=\"twitter:label1\" content=\"Szacowany czas czytania\" \/>\n\t<meta name=\"twitter:data1\" content=\"5 minut\" \/>\n<!-- \/ Yoast SEO plugin. -->","yoast_head_json":{"title":"Zwyci\u0119skie numery El Gordo i wyniki losowania","description":"Wyniki, zwyci\u0119skie numery losowania El Gordo - w tym tygodniu, jak r\u00f3wnie\u017c wyniki z ubieg\u0142ego tygodnia","robots":{"index":"index","follow":"follow","max-snippet":"max-snippet:-1","max-image-preview":"max-image-preview:large","max-video-preview":"max-video-preview:-1"},"canonical":"https:\/\/jackpotlotteryonline.com\/pl\/zwycieskie-numery\/el-gordo-draw-results\/","og_locale":"pl_PL","og_type":"article","og_title":"Zwyci\u0119skie numery El Gordo i wyniki losowania","og_description":"Wyniki, zwyci\u0119skie numery losowania El Gordo - w tym tygodniu, jak r\u00f3wnie\u017c wyniki z ubieg\u0142ego tygodnia","og_url":"https:\/\/jackpotlotteryonline.com\/pl\/zwycieskie-numery\/el-gordo-draw-results\/","og_site_name":"Lotto Online - Crack The International Lottery Jackpots","article_modified_time":"2022-12-28T12:27:52+00:00","og_image":[{"url":"https:\/\/jackpotlotteryonline.com\/wp-content\/uploads\/2022\/10\/lotto_euros.jpg"}],"twitter_card":"summary_large_image","twitter_misc":{"Szacowany czas czytania":"5 minut"},"schema":{"@context":"https:\/\/schema.org","@graph":[{"@type":"WebPage","@id":"https:\/\/jackpotlotteryonline.com\/pl\/zwycieskie-numery\/el-gordo-draw-results\/","url":"https:\/\/jackpotlotteryonline.com\/pl\/zwycieskie-numery\/el-gordo-draw-results\/","name":"Zwyci\u0119skie numery El Gordo i wyniki losowania","isPartOf":{"@id":"https:\/\/jackpotlotteryonline.com\/#website"},"primaryImageOfPage":{"@id":"https:\/\/jackpotlotteryonline.com\/pl\/zwycieskie-numery\/el-gordo-draw-results\/#primaryimage"},"image":{"@id":"https:\/\/jackpotlotteryonline.com\/pl\/zwycieskie-numery\/el-gordo-draw-results\/#primaryimage"},"thumbnailUrl":"https:\/\/jackpotlotteryonline.com\/wp-content\/uploads\/2022\/10\/lotto_euros.jpg","datePublished":"2022-12-06T13:03:56+00:00","dateModified":"2022-12-28T12:27:52+00:00","description":"Wyniki, zwyci\u0119skie numery losowania El Gordo - w tym tygodniu, jak r\u00f3wnie\u017c wyniki z ubieg\u0142ego tygodnia","breadcrumb":{"@id":"https:\/\/jackpotlotteryonline.com\/pl\/zwycieskie-numery\/el-gordo-draw-results\/#breadcrumb"},"inLanguage":"pl-PL","potentialAction":[{"@type":"ReadAction","target":["https:\/\/jackpotlotteryonline.com\/pl\/zwycieskie-numery\/el-gordo-draw-results\/"]}]},{"@type":"ImageObject","inLanguage":"pl-PL","@id":"https:\/\/jackpotlotteryonline.com\/pl\/zwycieskie-numery\/el-gordo-draw-results\/#primaryimage","url":"https:\/\/jackpotlotteryonline.com\/wp-content\/uploads\/2022\/10\/lotto_euros.jpg","contentUrl":"https:\/\/jackpotlotteryonline.com\/wp-content\/uploads\/2022\/10\/lotto_euros.jpg"},{"@type":"BreadcrumbList","@id":"https:\/\/jackpotlotteryonline.com\/pl\/zwycieskie-numery\/el-gordo-draw-results\/#breadcrumb","itemListElement":[{"@type":"ListItem","position":1,"name":"Home","item":"https:\/\/jackpotlotteryonline.com\/pl\/"},{"@type":"ListItem","position":2,"name":"Wyniki loterii","item":"https:\/\/jackpotlotteryonline.com\/winning-numbers\/"},{"@type":"ListItem","position":3,"name":"Wyniki losowania &#8222;El Gordo"}]},{"@type":"WebSite","@id":"https:\/\/jackpotlotteryonline.com\/#website","url":"https:\/\/jackpotlotteryonline.com\/","name":"Lotto Online - Crack The International Lottery Jackpots","description":"","potentialAction":[{"@type":"SearchAction","target":{"@type":"EntryPoint","urlTemplate":"https:\/\/jackpotlotteryonline.com\/?s={search_term_string}"},"query-input":"required name=search_term_string"}],"inLanguage":"pl-PL"}]}},"_links":{"self":[{"href":"https:\/\/jackpotlotteryonline.com\/pl\/wp-json\/wp\/v2\/pages\/40834","targetHints":{"allow":["GET"]}}],"collection":[{"href":"https:\/\/jackpotlotteryonline.com\/pl\/wp-json\/wp\/v2\/pages"}],"about":[{"href":"https:\/\/jackpotlotteryonline.com\/pl\/wp-json\/wp\/v2\/types\/page"}],"author":[{"embeddable":true,"href":"https:\/\/jackpotlotteryonline.com\/pl\/wp-json\/wp\/v2\/users\/1"}],"replies":[{"embeddable":true,"href":"https:\/\/jackpotlotteryonline.com\/pl\/wp-json\/wp\/v2\/comments?post=40834"}],"version-history":[{"count":0,"href":"https:\/\/jackpotlotteryonline.com\/pl\/wp-json\/wp\/v2\/pages\/40834\/revisions"}],"up":[{"embeddable":true,"href":"https:\/\/jackpotlotteryonline.com\/pl\/wp-json\/wp\/v2\/pages\/35844"}],"wp:attachment":[{"href":"https:\/\/jackpotlotteryonline.com\/pl\/wp-json\/wp\/v2\/media?parent=40834"}],"curies":[{"name":"wp","href":"https:\/\/api.w.org\/{rel}","templated":true}]}}