{"id":40892,"date":"2022-12-07T08:38:51","date_gmt":"2022-12-07T08:38:51","guid":{"rendered":"https:\/\/jackpotlotteryonline.com\/?page_id=40892"},"modified":"2022-12-28T18:28:08","modified_gmt":"2022-12-28T18:28:08","slug":"german-lotto","status":"publish","type":"page","link":"https:\/\/jackpotlotteryonline.com\/pl\/zwycieskie-numery\/german-lotto\/","title":{"rendered":"Wyniki losowania niemieckiego Lotto"},"content":{"rendered":"<p>Wyniki losowania Niemieckiego LottoJe\u015bli <a href=\"https:\/\/jackpotlotteryonline.com\/pl\/jak-grac\/german-lotto\">gra\u0142e\u015b ju\u017c w Niemieckie Lotto <\/a>lub chcesz spr\u00f3bowa\u0107, to sprawdzenie zwyci\u0119skich numer\u00f3w jest niezb\u0119dne. Wygrana na loterii to do\u015bwiadczenie zmieniaj\u0105ce \u017cycie.<\/p>\n<p>Znana jako 6 aus 49 lub 6 z 49, jest jedn\u0105 z najbardziej popularnych loterii w Europie. Z niesamowitymi szansami i zmieniaj\u0105cymi \u017cycie nagrodami jackpot, to niemieckie lotto ma dziewi\u0119\u0107 r\u00f3\u017cnych poziom\u00f3w nagr\u00f3d.<\/p>\n<p>\u0141atwo jest gra\u0107 i mo\u017cesz teraz wej\u015b\u0107 na Niemieckie lotto z dowolnego miejsca na \u015bwiecie. Mo\u017cna r\u00f3wnie\u017c sprawdzi\u0107 swoje zwyci\u0119skie numery, gdy grasz na jackpotlottoonline.com<\/p>\n<h2>Jak gra\u0107 w niemieckie lotto<\/h2>\n<p><img loading=\"lazy\" decoding=\"async\" class=\"alignright size-medium wp-image-29156\" src=\"https:\/\/jackpotlotteryonline.com\/wp-content\/uploads\/2022\/11\/1_play_lotto_to_win-300x214.jpg\" alt=\"Wprowad\u017a niemiecki lotto, aby wygra\u0107 nagrody\" width=\"300\" height=\"214\" srcset=\"https:\/\/jackpotlotteryonline.com\/wp-content\/uploads\/2022\/11\/1_play_lotto_to_win-300x214.jpg 300w, https:\/\/jackpotlotteryonline.com\/wp-content\/uploads\/2022\/11\/1_play_lotto_to_win.jpg 320w\" sizes=\"auto, (max-width: 300px) 100vw, 300px\" \/>Zasadniczo, gracze musz\u0105 wybra\u0107 6 liczb z zakresu od 1 do 49 i kto pasuje do wylosowanych wynik\u00f3w wygrywa jackpot. Istnieje r\u00f3wnie\u017c bonusowa cyfra zwana Super Numerem. Jest ona wybierana losowo i s\u0142u\u017cy do okre\u015blenia zwyci\u0119zc\u00f3w trzech poziom\u00f3w, w tym jackpota.<\/p>\n<p>Kwota jackpota jest gwarantowany jeden milion euro, jednak je\u015bli nie ma zwyci\u0119zcy po losowaniach, to toczy si\u0119. Niemiecki lotto jackpot mo\u017ce dosta\u0107 tak wysokie, jak 14.000.000 euro, co naszym zdaniem jest ca\u0142kiem niesamowite.<\/p>\n<h2>Graj\u0105c na jackpotlottoonline.com<\/h2>\n<p>Kiedy <a href=\"https:\/\/jackpotlotteryonline.com\/pl\/kupic-bilety\/lotto-germany\">kupujesz bilet od nas<\/a>, jeste\u015b rzeczywi\u015bcie wej\u015bciem do lotto. Nie dzia\u0142amy jak niekt\u00f3re strony lotto online, kt\u00f3re jedynie daj\u0105 graczom szans\u0119 na obstawienie wyniku. Je\u015bli postawisz na wynik, to nawet je\u015bli trafisz zwyci\u0119skie numery, nie wygrasz w lotto.<\/p>\n<p>Jeste\u015bmy stron\u0105 concierge, kt\u00f3ra daje naszym klientom mo\u017cliwo\u015b\u0107 wej\u015bcia na loterie z ca\u0142ego \u015bwiata. Kiedy kupisz niemiecki bilet lotto online, nasi agenci w kraju kupi\u0105 fizyczny bilet. Fizyczny niemiecki kupon lotto b\u0119dzie mia\u0142 takie same numery jak te, kt\u00f3re wybra\u0142e\u015b. Nast\u0119pnie zeskanujemy go na Twoje konto.<\/p>\n<p><strong>Aby zagra\u0107 z nami w lotto:<\/strong><\/p>\n<ul>\n<li>Wybierz 6 liczb z 49. Mo\u017cesz r\u00f3wnie\u017c skorzysta\u0107 z naszego auto generatora, aby wybra\u0107 losowe numery lotto<\/li>\n<li>Wprowad\u017a losowania. Mo\u017cesz wprowadzi\u0107 pojedyncze lub wielokrotne losowania.<\/li>\n<li>Wybierz ile tygodni wcze\u015bniej chcesz zagra\u0107 (lub mo\u017cesz zagra\u0107 tylko raz).<\/li>\n<li>Zarejestruj si\u0119, aby dokona\u0107 p\u0142atno\u015bci (to dlatego, \u017ce mo\u017cemy powiadomi\u0107 Ci\u0119 o wygranej w lotto).<\/li>\n<\/ul>\n<h2>Wygrana w niemieckim lotto (podzia\u0142 nagr\u00f3d)<\/h2>\n<p><img loading=\"lazy\" decoding=\"async\" class=\"alignright size-medium wp-image-28616\" src=\"https:\/\/jackpotlotteryonline.com\/wp-content\/uploads\/2022\/11\/1_online_lotto-300x128.jpg\" alt=\"Zagraj w niemieckie lotto\" width=\"300\" height=\"128\" srcset=\"https:\/\/jackpotlotteryonline.com\/wp-content\/uploads\/2022\/11\/1_online_lotto-300x128.jpg 300w, https:\/\/jackpotlotteryonline.com\/wp-content\/uploads\/2022\/11\/1_online_lotto.jpg 320w\" sizes=\"auto, (max-width: 300px) 100vw, 300px\" \/>Wspomnieli\u015bmy ju\u017c, \u017ce to europejskie lotto ma 9 r\u00f3\u017cnych poziom\u00f3w nagr\u00f3d. To wiele nagr\u00f3d, kt\u00f3re gracz mo\u017ce wygra\u0107, co wyja\u015bnia dlaczego to lotto jest tak popularne na kontynencie. Szanse na wygranie jackpota wynosz\u0105 1 na 139,838,160.<\/p>\n<p>Podzielimy si\u0119 podzia\u0142em nagr\u00f3d dla r\u00f3\u017cnych poziom\u00f3w nagr\u00f3d, a tak\u017ce kursami dla ka\u017cdego poziomu. Podamy r\u00f3wnie\u017c szacunkow\u0105 nagrod\u0119 dla ka\u017cdej sekcji. Nagrody s\u0105 okre\u015blane przez og\u00f3ln\u0105 pul\u0119 lotto, ale na podstawie poprzednich wygranych mo\u017cna uzyska\u0107 przybli\u017con\u0105 liczb\u0119.<\/p>\n<p>Tier 1: 6 + Super Numer &#8211; \u20ac12,585,434.40 (jackpot) &#8211; 1:139,838,160<\/p>\n<p>Tier 2: Tylko 6 liczb &#8211; \u20ac1,003,509.30 &#8211; 1: 15,537,573<\/p>\n<p>Tier 3: 5 + Super Numer &#8211; \u20ac12,135.40 &#8211; 1:524,008<\/p>\n<p>Tier 4: Tylko 5 liczb &#8211; \u20ac4,019.20 &#8211; 1:60,223<\/p>\n<p>Tier 5: 4 + Super Numer &#8211; \u20ac191.10 &#8211; 1:10,324<\/p>\n<p>Tier 6: Tylko 4 figury &#8211; \u20ac50.30 &#8211; 1:1,147<\/p>\n<p>Tier 7: 3 + Super Numer &#8211; \u20ac21.20 &#8211; 1:567<\/p>\n<p>Tier 8: Tylko 3 figury &#8211; \u20ac11.10 &#8211; 1:63<\/p>\n<p>Tier 9: 2 + Super Numer &#8211; \u20ac6 &#8211; 1:76<\/p>\n<section class=\"layout\" style=\"border: solid 1px; width: 100%;\">\n<div class=\"img-div\" style=\"margin-top: 5px;\"><img decoding=\"async\" class=\"wp-image-17212 alignleft\" style=\"height: 45px; margin: 8px 8px 0px;\" src=\"https:\/\/jackpotlotteryonline.com\/wp-content\/uploads\/2022\/11\/read1.jpg\" alt=\"czytaj\" width=\"\" height=\"\" \/><\/div>\n<div style=\"padding-left: 5px;\">\n<div style=\"font-size: 1.1em;\">\n<p><strong>Twoja narodowa loteria w mi\u0119dzynarodowym por\u00f3wnaniu<\/strong><\/p>\n<p style=\"font-size: 0.85em; margin-top: -1.5em;\">Twoja lokalna loteria mo\u017ce by\u0107 najgorsz\u0105 opcj\u0105 &#8211; dlaczego warto zap\u0142aci\u0107 wi\u0119cej, ale trafi\u0107 wi\u0119ksze jackpoty\u00a0 <a href=\"https:\/\/jackpotlotteryonline.com\/lt\/jusu-vietine-loterija-tautiniame-lyginime\"> wi\u0119cej<\/a><\/p>\n<\/div>\n<\/div>\n<\/section>\n<h2>Sprawd\u017a swoje zwyci\u0119skie numery online<\/h2>\n<p>Tak jak gra w niemieckie lotto jest niezwykle prosta, tak samo upro\u015bcili\u015bmy proces sprawdzania wynik\u00f3w. Je\u015bli grasz w to lotto, mo\u017cesz \u0142atwo sprawdzi\u0107 swoje zwyci\u0119skie numery online. Sprawd\u017a po ka\u017cdym losowaniu, czy wygra\u0142e\u015b nagrod\u0119. Wyniki losowa\u0144 publikujemy w\u0142a\u015bnie tutaj.<\/p>\n<p>Ale nawet je\u015bli zapomnisz sprawdzi\u0107 po losowaniach, damy Ci zna\u0107, je\u015bli wygrasz jak\u0105\u015b nagrod\u0119. Nie tylko powiadomimy Ci\u0119 poprzez Twoje konto, ale r\u00f3wnie\u017c wy\u015blemy Ci wiadomo\u015b\u0107 e-mail.<\/p>\n<h2>Jak odebra\u0107 nagrod\u0119<\/h2>\n<p>Niemieckie losowania lotto odbywaj\u0105 si\u0119 raz w tygodniu w \u015brody. Po losowaniach, zwyci\u0119skie numery zostan\u0105 og\u0142oszone. Wygrana w loterii oznacza po prostu, \u017ce masz bilet, kt\u00f3ry pasuje do wylosowanych wynik\u00f3w.<\/p>\n<p>Je\u015bli wygrasz, mo\u017cesz \u0142atwo odebra\u0107 swoj\u0105 nagrod\u0119, wyp\u0142acaj\u0105c j\u0105 z naszej platformy na swoje konto. Zgadza si\u0119. Ka\u017cda nagroda, kt\u00f3ra jest mniejsza ni\u017c \u20ac2,500 mo\u017ce by\u0107 wyp\u0142acona prosto na Twoje konto.<\/p>\n<p>W przypadku kwot, kt\u00f3re s\u0105 wy\u017csze ni\u017c 2.500 \u20ac, mo\u017ce by\u0107 konieczne wype\u0142nienie formularza roszczenia z firmy lotto. My jednak poprowadzimy Ci\u0119 przez ten proces. Je\u015bli wi\u0119c nie kupi\u0142e\u015b jeszcze swojego niemieckiego kuponu lotto, zr\u00f3b to teraz. I pami\u0119taj, aby sprawdzi\u0107 zwyci\u0119skie numery.<\/p>\n","protected":false},"excerpt":{"rendered":"<p>Wyniki losowania Niemieckiego LottoJe\u015bli gra\u0142e\u015b ju\u017c w Niemieckie Lotto lub chcesz spr\u00f3bowa\u0107, to sprawdzenie zwyci\u0119skich numer\u00f3w jest niezb\u0119dne. Wygrana na loterii to do\u015bwiadczenie zmieniaj\u0105ce \u017cycie. Znana jako 6 aus 49 lub 6 z 49, jest jedn\u0105 z najbardziej popularnych loterii w Europie. Z niesamowitymi szansami i zmieniaj\u0105cymi \u017cycie nagrodami jackpot, to niemieckie lotto ma dziewi\u0119\u0107 [&hellip;]<\/p>\n","protected":false},"author":1,"featured_media":0,"parent":35844,"menu_order":8,"comment_status":"closed","ping_status":"closed","template":"lotto-german-results.php","meta":{"_et_pb_use_builder":"","_et_pb_old_content":"","_et_gb_content_width":"","exclude_from_search":false,"footnotes":""},"class_list":["post-40892","page","type-page","status-publish","hentry"],"yoast_head":"<!-- This site is optimized with the Yoast SEO plugin v23.3 - https:\/\/yoast.com\/wordpress\/plugins\/seo\/ -->\n<title>Niemieckie Lotto zwyci\u0119skie numery i wyniki losowania<\/title>\n<meta name=\"description\" content=\"Wymieniaj\u0105c tutaj wszystkie obecne i przesz\u0142e zwyci\u0119skie numery, wyniki losowania dla niemieckiego lotto\" \/>\n<meta name=\"robots\" content=\"index, follow, max-snippet:-1, max-image-preview:large, max-video-preview:-1\" \/>\n<link rel=\"canonical\" href=\"https:\/\/jackpotlotteryonline.com\/pl\/zwycieskie-numery\/german-lotto\/\" \/>\n<meta property=\"og:locale\" content=\"pl_PL\" \/>\n<meta property=\"og:type\" content=\"article\" \/>\n<meta property=\"og:title\" content=\"Niemieckie Lotto zwyci\u0119skie numery i wyniki losowania\" \/>\n<meta property=\"og:description\" content=\"Wymieniaj\u0105c tutaj wszystkie obecne i przesz\u0142e zwyci\u0119skie numery, wyniki losowania dla niemieckiego lotto\" \/>\n<meta property=\"og:url\" content=\"https:\/\/jackpotlotteryonline.com\/pl\/zwycieskie-numery\/german-lotto\/\" \/>\n<meta property=\"og:site_name\" content=\"Lotto Online - Crack The International Lottery Jackpots\" \/>\n<meta property=\"article:modified_time\" content=\"2022-12-28T18:28:08+00:00\" \/>\n<meta property=\"og:image\" content=\"https:\/\/jackpotlotteryonline.com\/wp-content\/uploads\/2022\/11\/1_play_lotto_to_win-300x214.jpg\" \/>\n<meta name=\"twitter:card\" content=\"summary_large_image\" \/>\n<meta name=\"twitter:label1\" content=\"Szacowany czas czytania\" \/>\n\t<meta name=\"twitter:data1\" content=\"4 minuty\" \/>\n<!-- \/ Yoast SEO plugin. -->","yoast_head_json":{"title":"Niemieckie Lotto zwyci\u0119skie numery i wyniki losowania","description":"Wymieniaj\u0105c tutaj wszystkie obecne i przesz\u0142e zwyci\u0119skie numery, wyniki losowania dla niemieckiego lotto","robots":{"index":"index","follow":"follow","max-snippet":"max-snippet:-1","max-image-preview":"max-image-preview:large","max-video-preview":"max-video-preview:-1"},"canonical":"https:\/\/jackpotlotteryonline.com\/pl\/zwycieskie-numery\/german-lotto\/","og_locale":"pl_PL","og_type":"article","og_title":"Niemieckie Lotto zwyci\u0119skie numery i wyniki losowania","og_description":"Wymieniaj\u0105c tutaj wszystkie obecne i przesz\u0142e zwyci\u0119skie numery, wyniki losowania dla niemieckiego lotto","og_url":"https:\/\/jackpotlotteryonline.com\/pl\/zwycieskie-numery\/german-lotto\/","og_site_name":"Lotto Online - Crack The International Lottery Jackpots","article_modified_time":"2022-12-28T18:28:08+00:00","og_image":[{"url":"https:\/\/jackpotlotteryonline.com\/wp-content\/uploads\/2022\/11\/1_play_lotto_to_win-300x214.jpg"}],"twitter_card":"summary_large_image","twitter_misc":{"Szacowany czas czytania":"4 minuty"},"schema":{"@context":"https:\/\/schema.org","@graph":[{"@type":"WebPage","@id":"https:\/\/jackpotlotteryonline.com\/pl\/zwycieskie-numery\/german-lotto\/","url":"https:\/\/jackpotlotteryonline.com\/pl\/zwycieskie-numery\/german-lotto\/","name":"Niemieckie Lotto zwyci\u0119skie numery i wyniki losowania","isPartOf":{"@id":"https:\/\/jackpotlotteryonline.com\/#website"},"primaryImageOfPage":{"@id":"https:\/\/jackpotlotteryonline.com\/pl\/zwycieskie-numery\/german-lotto\/#primaryimage"},"image":{"@id":"https:\/\/jackpotlotteryonline.com\/pl\/zwycieskie-numery\/german-lotto\/#primaryimage"},"thumbnailUrl":"https:\/\/jackpotlotteryonline.com\/wp-content\/uploads\/2022\/11\/1_play_lotto_to_win-300x214.jpg","datePublished":"2022-12-07T08:38:51+00:00","dateModified":"2022-12-28T18:28:08+00:00","description":"Wymieniaj\u0105c tutaj wszystkie obecne i przesz\u0142e zwyci\u0119skie numery, wyniki losowania dla niemieckiego lotto","breadcrumb":{"@id":"https:\/\/jackpotlotteryonline.com\/pl\/zwycieskie-numery\/german-lotto\/#breadcrumb"},"inLanguage":"pl-PL","potentialAction":[{"@type":"ReadAction","target":["https:\/\/jackpotlotteryonline.com\/pl\/zwycieskie-numery\/german-lotto\/"]}]},{"@type":"ImageObject","inLanguage":"pl-PL","@id":"https:\/\/jackpotlotteryonline.com\/pl\/zwycieskie-numery\/german-lotto\/#primaryimage","url":"https:\/\/jackpotlotteryonline.com\/wp-content\/uploads\/2022\/11\/1_play_lotto_to_win-300x214.jpg","contentUrl":"https:\/\/jackpotlotteryonline.com\/wp-content\/uploads\/2022\/11\/1_play_lotto_to_win-300x214.jpg"},{"@type":"BreadcrumbList","@id":"https:\/\/jackpotlotteryonline.com\/pl\/zwycieskie-numery\/german-lotto\/#breadcrumb","itemListElement":[{"@type":"ListItem","position":1,"name":"Home","item":"https:\/\/jackpotlotteryonline.com\/pl\/"},{"@type":"ListItem","position":2,"name":"Wyniki loterii","item":"https:\/\/jackpotlotteryonline.com\/winning-numbers\/"},{"@type":"ListItem","position":3,"name":"Wyniki losowania niemieckiego Lotto"}]},{"@type":"WebSite","@id":"https:\/\/jackpotlotteryonline.com\/#website","url":"https:\/\/jackpotlotteryonline.com\/","name":"Lotto Online - Crack The International Lottery Jackpots","description":"","potentialAction":[{"@type":"SearchAction","target":{"@type":"EntryPoint","urlTemplate":"https:\/\/jackpotlotteryonline.com\/?s={search_term_string}"},"query-input":"required name=search_term_string"}],"inLanguage":"pl-PL"}]}},"_links":{"self":[{"href":"https:\/\/jackpotlotteryonline.com\/pl\/wp-json\/wp\/v2\/pages\/40892","targetHints":{"allow":["GET"]}}],"collection":[{"href":"https:\/\/jackpotlotteryonline.com\/pl\/wp-json\/wp\/v2\/pages"}],"about":[{"href":"https:\/\/jackpotlotteryonline.com\/pl\/wp-json\/wp\/v2\/types\/page"}],"author":[{"embeddable":true,"href":"https:\/\/jackpotlotteryonline.com\/pl\/wp-json\/wp\/v2\/users\/1"}],"replies":[{"embeddable":true,"href":"https:\/\/jackpotlotteryonline.com\/pl\/wp-json\/wp\/v2\/comments?post=40892"}],"version-history":[{"count":0,"href":"https:\/\/jackpotlotteryonline.com\/pl\/wp-json\/wp\/v2\/pages\/40892\/revisions"}],"up":[{"embeddable":true,"href":"https:\/\/jackpotlotteryonline.com\/pl\/wp-json\/wp\/v2\/pages\/35844"}],"wp:attachment":[{"href":"https:\/\/jackpotlotteryonline.com\/pl\/wp-json\/wp\/v2\/media?parent=40892"}],"curies":[{"name":"wp","href":"https:\/\/api.w.org\/{rel}","templated":true}]}}