{"id":40947,"date":"2022-12-07T10:41:28","date_gmt":"2022-12-07T10:41:28","guid":{"rendered":"https:\/\/jackpotlotteryonline.com\/?page_id=40947"},"modified":"2022-12-28T21:15:02","modified_gmt":"2022-12-28T21:15:02","slug":"france-lotto-2","status":"publish","type":"page","link":"https:\/\/jackpotlotteryonline.com\/pl\/zwycieskie-numery\/france-lotto-2\/","title":{"rendered":"Wyniki losowania francuskiego Lotto"},"content":{"rendered":"<p>France Lotto to europejskie lotto, kt\u00f3re daje zwyci\u0119zc\u00f3w trzy razy w tygodniu. Zosta\u0142o uruchomione w 1976 roku i ma swoje dni losowania w poniedzia\u0142ki, \u015brody i soboty. Zwyci\u0119skie numery France Lotto s\u0105 og\u0142aszane w\u0142a\u015bnie w te dni. Zwyci\u0119zcy z ca\u0142ego \u015bwiata mog\u0105 wzi\u0105\u0107 udzia\u0142 w France Lotto kupuj\u0105c swoje losy online.<\/p>\n<h2>Dlaczego warto sprawdzi\u0107 zwyci\u0119skie numery<\/h2>\n<p>Og\u00f3lnie rzecz bior\u0105c, firma France Lotto nie zna to\u017csamo\u015bci wszystkich tych, kt\u00f3rzy przynie\u015bli bilety. Nie maj\u0105 wi\u0119c mo\u017cliwo\u015bci skontaktowania si\u0119 ze zwyci\u0119skimi losami lotto. Dlatego trzeba stale sprawdza\u0107 sw\u00f3j kupon z wylosowanymi numerami, aby dowiedzie\u0107 si\u0119, czy wygra\u0142e\u015b.<\/p>\n<p>Ponadto, France Lotto ma 10 dzia\u0142\u00f3w nagr\u00f3d. Mo\u017cliwe jest, \u017ce gracz nie wygra\u0142 jackpota, ale m\u00f3g\u0142 wygra\u0107 inne nagrody.<\/p>\n<h2>Sposoby na sprawdzenie wynik\u00f3w wygranych France Lotto<\/h2>\n<p><img loading=\"lazy\" decoding=\"async\" class=\"alignright wp-image-31748\" src=\"https:\/\/jackpotlotteryonline.com\/wp-content\/uploads\/2022\/11\/rf_results_page-300x225.jpg\" alt=\"Francja Lotto zwyci\u0119skie wyniki\" width=\"244\" height=\"183\" srcset=\"https:\/\/jackpotlotteryonline.com\/wp-content\/uploads\/2022\/11\/rf_results_page-300x225.jpg 300w, https:\/\/jackpotlotteryonline.com\/wp-content\/uploads\/2022\/11\/rf_results_page-600x449.jpg 600w, https:\/\/jackpotlotteryonline.com\/wp-content\/uploads\/2022\/11\/rf_results_page-768x575.jpg 768w, https:\/\/jackpotlotteryonline.com\/wp-content\/uploads\/2022\/11\/rf_results_page.jpg 801w\" sizes=\"auto, (max-width: 244px) 100vw, 244px\" \/>Istnieje kilka sposob\u00f3w na sprawdzenie wynik\u00f3w losowania francuskiego lotto. Jest to niezb\u0119dne, aby pozna\u0107 zwyci\u0119ski los na jackpota. Pami\u0119taj, \u017ce zwyci\u0119zc\u0105 jest ten, kto dopasuje wylosowane liczby. Je\u015bli kupisz losy na France Lotto, mo\u017cesz sprawdzi\u0107 wyniki losowania na jeden z poni\u017cszych sposob\u00f3w:<\/p>\n<h3>Ogl\u0105daj losowanie na \u017cywo w telewizji<\/h3>\n<p>Jest to naprawd\u0119 do\u015b\u0107 ekscytuj\u0105ce, poniewa\u017c numery s\u0105 wywo\u0142ywane i mo\u017cesz natychmiast dowiedzie\u0107 si\u0119, czy wygra\u0142e\u015b. Problem w tym, \u017ce musisz mieszka\u0107 we Francji, aby ogl\u0105da\u0107 losowania France Lotto na \u017cywo.<\/p>\n<section class=\"layout\" style=\"border: solid 1px; width: 100%;\">\n<div class=\"img-div\" style=\"margin-top: 5px;\"><img decoding=\"async\" class=\"wp-image-17212 alignleft\" style=\"height: 45px; margin: 8px 8px 0px;\" src=\"https:\/\/jackpotlotteryonline.com\/wp-content\/uploads\/2022\/11\/read1.jpg\" alt=\"czytaj\" width=\"\" height=\"\" \/><\/div>\n<div style=\"padding-left: 5px;\">\n<div style=\"font-size: 1.1em;\">\n<p><strong>Nie przegap czas\u00f3w losowania najwi\u0119kszych \u015bwiatowych jackpot\u00f3w loteryjnych<\/strong><\/p>\n<p style=\"font-size: 0.85em; margin-top: -1.5em;\">Lista czas\u00f3w losowania dla mi\u0119dzynarodowych loterii\u00a0<a href=\"https:\/\/jackpotlotteryonline.com\/pl\/kiedy-sa-godziny-losowania-miedzynarodowych-loterii\"> wi\u0119cej<\/a><\/p>\n<\/div>\n<\/div>\n<\/section>\n<h3>Odwied\u017a strony informacyjne<\/h3>\n<p>Innym sposobem na sprawdzenie wynik\u00f3w losowania jest sprawdzenie stron z wiadomo\u015bciami. R\u00f3\u017cne serwisy informacyjne publikuj\u0105 zwyci\u0119skie kombinacje na swoich stronach. Jest to szczeg\u00f3lnie prawdziwe w przypadku europejskich stron informacyjnych. Je\u015bli wygrasz jackpota, to jest to \u015bwietna opcja. Istnieje jednak kilka innych podzia\u0142\u00f3w nagr\u00f3d, kt\u00f3re gracz mo\u017ce wygra\u0107. Niestety, strony te zazwyczaj nie publikuj\u0105 zwyci\u0119skich kombinacji dla tych dzia\u0142\u00f3w. Tak wi\u0119c, je\u015bli wygrasz nagrod\u0119 drugiego stopnia, na przyk\u0142ad, mo\u017cesz przegapi\u0107.<\/p>\n<h3>Sprawd\u017a jackpotlotteryonline.com<\/h3>\n<p>Kiedy zarejestrujesz si\u0119 u nas, mo\u017cesz \u0142atwo sprawdzi\u0107 zwyci\u0119skie numery dla France Lotto. Po ka\u017cdym losowaniu, publikujemy wyniki w\u0142a\u015bnie tutaj na naszej stronie. Ponadto, je\u015bli wygrasz jak\u0105\u015b nagrod\u0119, powiadomimy Ci\u0119 o tym natychmiast, niezale\u017cnie od tego, jaki podzia\u0142 nagr\u00f3d wygra\u0142e\u015b. Dodatkowo, mo\u017cesz r\u00f3wnie\u017c wyp\u0142aci\u0107 swoje wygrane lotto bezpo\u015brednio z naszej strony na swoje konto.<\/p>\n<h2>Korzy\u015bci z gry online<\/h2>\n<p>Mo\u017cliwo\u015b\u0107 wygodnego sprawdzenia wynik\u00f3w losowania to tylko jedna z korzy\u015bci p\u0142yn\u0105cych z <a href=\"https:\/\/jackpotlotteryonline.com\/pl\/jak-grac\/france-lotto\">gry w lotto online.<\/a> Musimy si\u0119 jednak zgodzi\u0107, \u017ce jest to ogromna korzy\u015b\u0107. Oto kilka korzy\u015bci w skr\u00f3cie:<\/p>\n<ul>\n<li>Dost\u0119p do najlepszych mi\u0119dzynarodowych loterii z dowolnego miejsca<\/li>\n<li>Wygoda gry z komputera lub urz\u0105dzenia mobilnego<\/li>\n<li>\u0141atwe zaplanowanie kilku losowa\u0144 z wyprzedzeniem<\/li>\n<li>Sprawd\u017a wyniki losowania w wygodny spos\u00f3b<\/li>\n<li>Wyp\u0142acaj wygrane bezpo\u015brednio na swoje konto<\/li>\n<\/ul>\n<h2>Francja Lotto zwyci\u0119skie kombinacje<\/h2>\n<p>Wyb\u00f3r odpowiedniej kombinacji dla Twojego kuponu France Lotto mo\u017ce by\u0107 do\u015b\u0107 trudny. Wielu graczy ma r\u00f3\u017cne wskaz\u00f3wki, kt\u00f3rych u\u017cywaj\u0105, aby zwi\u0119kszy\u0107 swoje szanse na wygran\u0105 na loterii. To co mo\u017cemy Ci powiedzie\u0107 to, \u017ce nie ma gwarantowanej metody na wygranie loterii. Jest to kwestia szcz\u0119\u015bcia. Mo\u017cemy jednak podzieli\u0107 si\u0119 kilkoma strategiami, kt\u00f3rych gracze u\u017cywaj\u0105, aby wybra\u0107 swoje zwyci\u0119skie cyfry.<\/p>\n<p>Niekt\u00f3rzy gracze lubi\u0105 przegl\u0105da\u0107 przesz\u0142e zwyci\u0119skie kombinacje, aby znale\u017a\u0107 numery, kt\u00f3re wyst\u0119puj\u0105 regularnie lub rzadko. S\u0105 oni w stanie zidentyfikowa\u0107 wz\u00f3r i wykorzysta\u0107 go do stworzenia strategii gry na loterii. Czy to dzia\u0142a czy nie, trudno powiedzie\u0107.<\/p>\n<p>Inni gracze decyduj\u0105 si\u0119 na cz\u0119st\u0105 gr\u0119, kupuj\u0105c wiele los\u00f3w i wchodz\u0105c w wiele losowa\u0144. Logika za tym stoi, \u017ce im wi\u0119cej razy grasz na loterii, tym wi\u0119ksze s\u0105 Twoje szanse na wygran\u0105. Co ciekawe, wi\u0119kszo\u015b\u0107 zwyci\u0119zc\u00f3w gra\u0142a przez lata zanim wygra\u0142a na loterii. S\u0105 jednak tacy, kt\u00f3rzy wygrali za pierwszym razem, gdy grali.<\/p>\n<h2>Wniosek<\/h2>\n<p>Podsumowuj\u0105c, Francja lotto jest gr\u0105 losow\u0105. Mo\u017cesz <a href=\"https:\/\/jackpotlotteryonline.com\/pl\/kupic-bilety\/lotto-france\">kupi\u0107 swoje Francja bilety lotto<\/a> i sprawdzi\u0107 zwyci\u0119skie kombinacje tutaj na jackpotlotteryonline.com<\/p>\n","protected":false},"excerpt":{"rendered":"<p>France Lotto to europejskie lotto, kt\u00f3re daje zwyci\u0119zc\u00f3w trzy razy w tygodniu. Zosta\u0142o uruchomione w 1976 roku i ma swoje dni losowania w poniedzia\u0142ki, \u015brody i soboty. Zwyci\u0119skie numery France Lotto s\u0105 og\u0142aszane w\u0142a\u015bnie w te dni. Zwyci\u0119zcy z ca\u0142ego \u015bwiata mog\u0105 wzi\u0105\u0107 udzia\u0142 w France Lotto kupuj\u0105c swoje losy online. Dlaczego warto sprawdzi\u0107 zwyci\u0119skie [&hellip;]<\/p>\n","protected":false},"author":1,"featured_media":0,"parent":35844,"menu_order":9,"comment_status":"closed","ping_status":"closed","template":"lotto-fr-results.php","meta":{"_et_pb_use_builder":"","_et_pb_old_content":"","_et_gb_content_width":"","exclude_from_search":false,"footnotes":""},"class_list":["post-40947","page","type-page","status-publish","hentry"],"yoast_head":"<!-- This site is optimized with the Yoast SEO plugin v23.3 - https:\/\/yoast.com\/wordpress\/plugins\/seo\/ -->\n<title>Francja Lotto zwyci\u0119skie numery i wyniki losowania<\/title>\n<meta name=\"description\" content=\"Chcesz pozna\u0107 zwyci\u0119skie numery i wyniki losowania francuskiej loterii? Sprawd\u017a nasz\u0105 stron\u0119 z wynikami Lotto Francja oraz nasze archiwum\" \/>\n<meta name=\"robots\" content=\"index, follow, max-snippet:-1, max-image-preview:large, max-video-preview:-1\" \/>\n<link rel=\"canonical\" href=\"https:\/\/jackpotlotteryonline.com\/pl\/zwycieskie-numery\/france-lotto-2\/\" \/>\n<meta property=\"og:locale\" content=\"pl_PL\" \/>\n<meta property=\"og:type\" content=\"article\" \/>\n<meta property=\"og:title\" content=\"Francja Lotto zwyci\u0119skie numery i wyniki losowania\" \/>\n<meta property=\"og:description\" content=\"Chcesz pozna\u0107 zwyci\u0119skie numery i wyniki losowania francuskiej loterii? Sprawd\u017a nasz\u0105 stron\u0119 z wynikami Lotto Francja oraz nasze archiwum\" \/>\n<meta property=\"og:url\" content=\"https:\/\/jackpotlotteryonline.com\/pl\/zwycieskie-numery\/france-lotto-2\/\" \/>\n<meta property=\"og:site_name\" content=\"Lotto Online - Crack The International Lottery Jackpots\" \/>\n<meta property=\"article:modified_time\" content=\"2022-12-28T21:15:02+00:00\" \/>\n<meta property=\"og:image\" content=\"https:\/\/jackpotlotteryonline.com\/wp-content\/uploads\/2022\/11\/rf_results_page-300x225.jpg\" \/>\n<meta name=\"twitter:card\" content=\"summary_large_image\" \/>\n<meta name=\"twitter:label1\" content=\"Szacowany czas czytania\" \/>\n\t<meta name=\"twitter:data1\" content=\"3 minuty\" \/>\n<!-- \/ Yoast SEO plugin. -->","yoast_head_json":{"title":"Francja Lotto zwyci\u0119skie numery i wyniki losowania","description":"Chcesz pozna\u0107 zwyci\u0119skie numery i wyniki losowania francuskiej loterii? Sprawd\u017a nasz\u0105 stron\u0119 z wynikami Lotto Francja oraz nasze archiwum","robots":{"index":"index","follow":"follow","max-snippet":"max-snippet:-1","max-image-preview":"max-image-preview:large","max-video-preview":"max-video-preview:-1"},"canonical":"https:\/\/jackpotlotteryonline.com\/pl\/zwycieskie-numery\/france-lotto-2\/","og_locale":"pl_PL","og_type":"article","og_title":"Francja Lotto zwyci\u0119skie numery i wyniki losowania","og_description":"Chcesz pozna\u0107 zwyci\u0119skie numery i wyniki losowania francuskiej loterii? Sprawd\u017a nasz\u0105 stron\u0119 z wynikami Lotto Francja oraz nasze archiwum","og_url":"https:\/\/jackpotlotteryonline.com\/pl\/zwycieskie-numery\/france-lotto-2\/","og_site_name":"Lotto Online - Crack The International Lottery Jackpots","article_modified_time":"2022-12-28T21:15:02+00:00","og_image":[{"url":"https:\/\/jackpotlotteryonline.com\/wp-content\/uploads\/2022\/11\/rf_results_page-300x225.jpg"}],"twitter_card":"summary_large_image","twitter_misc":{"Szacowany czas czytania":"3 minuty"},"schema":{"@context":"https:\/\/schema.org","@graph":[{"@type":"WebPage","@id":"https:\/\/jackpotlotteryonline.com\/pl\/zwycieskie-numery\/france-lotto-2\/","url":"https:\/\/jackpotlotteryonline.com\/pl\/zwycieskie-numery\/france-lotto-2\/","name":"Francja Lotto zwyci\u0119skie numery i wyniki losowania","isPartOf":{"@id":"https:\/\/jackpotlotteryonline.com\/#website"},"primaryImageOfPage":{"@id":"https:\/\/jackpotlotteryonline.com\/pl\/zwycieskie-numery\/france-lotto-2\/#primaryimage"},"image":{"@id":"https:\/\/jackpotlotteryonline.com\/pl\/zwycieskie-numery\/france-lotto-2\/#primaryimage"},"thumbnailUrl":"https:\/\/jackpotlotteryonline.com\/wp-content\/uploads\/2022\/11\/rf_results_page-300x225.jpg","datePublished":"2022-12-07T10:41:28+00:00","dateModified":"2022-12-28T21:15:02+00:00","description":"Chcesz pozna\u0107 zwyci\u0119skie numery i wyniki losowania francuskiej loterii? Sprawd\u017a nasz\u0105 stron\u0119 z wynikami Lotto Francja oraz nasze archiwum","breadcrumb":{"@id":"https:\/\/jackpotlotteryonline.com\/pl\/zwycieskie-numery\/france-lotto-2\/#breadcrumb"},"inLanguage":"pl-PL","potentialAction":[{"@type":"ReadAction","target":["https:\/\/jackpotlotteryonline.com\/pl\/zwycieskie-numery\/france-lotto-2\/"]}]},{"@type":"ImageObject","inLanguage":"pl-PL","@id":"https:\/\/jackpotlotteryonline.com\/pl\/zwycieskie-numery\/france-lotto-2\/#primaryimage","url":"https:\/\/jackpotlotteryonline.com\/wp-content\/uploads\/2022\/11\/rf_results_page-300x225.jpg","contentUrl":"https:\/\/jackpotlotteryonline.com\/wp-content\/uploads\/2022\/11\/rf_results_page-300x225.jpg"},{"@type":"BreadcrumbList","@id":"https:\/\/jackpotlotteryonline.com\/pl\/zwycieskie-numery\/france-lotto-2\/#breadcrumb","itemListElement":[{"@type":"ListItem","position":1,"name":"Home","item":"https:\/\/jackpotlotteryonline.com\/pl\/"},{"@type":"ListItem","position":2,"name":"Wyniki loterii","item":"https:\/\/jackpotlotteryonline.com\/winning-numbers\/"},{"@type":"ListItem","position":3,"name":"Wyniki losowania francuskiego Lotto"}]},{"@type":"WebSite","@id":"https:\/\/jackpotlotteryonline.com\/#website","url":"https:\/\/jackpotlotteryonline.com\/","name":"Lotto Online - Crack The International Lottery Jackpots","description":"","potentialAction":[{"@type":"SearchAction","target":{"@type":"EntryPoint","urlTemplate":"https:\/\/jackpotlotteryonline.com\/?s={search_term_string}"},"query-input":"required name=search_term_string"}],"inLanguage":"pl-PL"}]}},"_links":{"self":[{"href":"https:\/\/jackpotlotteryonline.com\/pl\/wp-json\/wp\/v2\/pages\/40947","targetHints":{"allow":["GET"]}}],"collection":[{"href":"https:\/\/jackpotlotteryonline.com\/pl\/wp-json\/wp\/v2\/pages"}],"about":[{"href":"https:\/\/jackpotlotteryonline.com\/pl\/wp-json\/wp\/v2\/types\/page"}],"author":[{"embeddable":true,"href":"https:\/\/jackpotlotteryonline.com\/pl\/wp-json\/wp\/v2\/users\/1"}],"replies":[{"embeddable":true,"href":"https:\/\/jackpotlotteryonline.com\/pl\/wp-json\/wp\/v2\/comments?post=40947"}],"version-history":[{"count":0,"href":"https:\/\/jackpotlotteryonline.com\/pl\/wp-json\/wp\/v2\/pages\/40947\/revisions"}],"up":[{"embeddable":true,"href":"https:\/\/jackpotlotteryonline.com\/pl\/wp-json\/wp\/v2\/pages\/35844"}],"wp:attachment":[{"href":"https:\/\/jackpotlotteryonline.com\/pl\/wp-json\/wp\/v2\/media?parent=40947"}],"curies":[{"name":"wp","href":"https:\/\/api.w.org\/{rel}","templated":true}]}}