{"id":41002,"date":"2022-12-07T12:35:40","date_gmt":"2022-12-07T12:35:40","guid":{"rendered":"https:\/\/jackpotlotteryonline.com\/?page_id=41002"},"modified":"2023-01-03T09:27:23","modified_gmt":"2023-01-03T09:27:23","slug":"uk-lottery","status":"publish","type":"page","link":"https:\/\/jackpotlotteryonline.com\/pl\/jak-grac\/uk-lottery\/","title":{"rendered":"Zagraj w UK Lottery z dowolnego miejsca"},"content":{"rendered":"<p>UK lottery to gra loteryjna, kt\u00f3ra rozgrywana jest w Wielkiej Brytanii. Ten kraj jest domem dla wielu gier loteryjnych, w tym Set for Life, kt\u00f3ra jest gr\u0105 rentow\u0105. Ale, nie jeste\u015bmy tutaj, aby porozmawia\u0107 o Set for Life. Jest to gra, w kt\u00f3r\u0105 gracze graj\u0105 dla zabawy i mo\u017cna teraz gra\u0107 w t\u0119 gr\u0119 online. Chocia\u017c wiadomo, \u017ce od czasu do czasu czyni milioner\u00f3w, wyp\u0142aty nie s\u0105 zbyt hojne. G\u0142\u00f3wnie dlatego, \u017ce wyp\u0142aty zale\u017c\u0105 od puli loterii.<\/p>\n<p>Mo\u017cesz zagra\u0107 w t\u0119 i inne najlepsze mi\u0119dzynarodowe loterie online na naszej stronie. Wystarczy odwiedzi\u0107 stron\u0119 jackpotlotteryonline.com i zarejestrowa\u0107 si\u0119 u nas, aby mie\u0107 szans\u0119 na wielk\u0105 wygran\u0105.<\/p>\n<h2>Jak gra\u0107 na loterii UK<\/h2>\n<p><img loading=\"lazy\" decoding=\"async\" class=\"alignright size-full wp-image-31370\" src=\"https:\/\/jackpotlotteryonline.com\/wp-content\/uploads\/2022\/11\/lotteryticket.jpg\" alt=\"Zagraj w brytyjsk\u0105 loteri\u0119\" width=\"212\" height=\"142\" \/>Ta gra jest bardzo podobna do innych gier loteryjnych. Zasady gry przewiduj\u0105, \u017ce gracz musi wybra\u0107 6 liczb z puli od 1 do 49. Istnieje r\u00f3wnie\u017c numer bonusowy, kt\u00f3ry jest wybierany podczas losowa\u0144. Jest on u\u017cywany do okre\u015blenia zwyci\u0119zc\u00f3w dla innych kategorii nagr\u00f3d. Numer bonusowy jest wybierany losowo podczas losowa\u0144, a nie przez graczy.<\/p>\n<p>Szczerze m\u00f3wi\u0105c, nie jeste\u015bmy fanami UK lottery z powodu niskich wyp\u0142at. Nawet je\u015bli dopasujesz wylosowane liczby, nie mo\u017cemy zagwarantowa\u0107, \u017ce zabierzesz je do domu.<\/p>\n<p>Dlaczego nie odwiedzi\u0107 naszej strony, aby zagra\u0107 w inne gry loteryjne, takie jak US Powerball i Mega Millions. Z tych loterii, minimalny jackpot jest 40 milion\u00f3w dolar\u00f3w. Istniej\u0105 inne europejskie loterie, jak r\u00f3wnie\u017c, \u017ce mo\u017cna gra\u0107, takich jak Euromillions i Eurojackpot. Naszym marzeniem dla naszych klient\u00f3w jest, aby wygrywali du\u017ce.<\/p>\n<h2>Jak wej\u015b\u0107 na brytyjsk\u0105 loteri\u0119 online<\/h2>\n<p>Granie online jest nieco inne ni\u017c korzystanie z fizycznego sprzedawcy. R\u00f3\u017cnica ta nie jest niczym z\u0142ym. W rzeczywisto\u015bci sprawia, \u017ce gra na loterii jest super wygodna. Wykonaj poni\u017csze kroki, aby zagra\u0107 w brytyjsk\u0105 loteri\u0119 na naszej stronie.<\/p>\n<ol>\n<li>Odwied\u017a stron\u0119 loterii UK<\/li>\n<li>Wybierz 6 liczb z zakresu od 1 do 49 (je\u015bli nie jeste\u015b pewien jakich liczb u\u017cy\u0107, wypr\u00f3buj automatyczny generator liczb)<\/li>\n<li><a href=\"https:\/\/jackpotlotteryonline.com\/pl\/kupic-bilety\/uk-lottery\">Kup dodatkowe linie numer\u00f3w<\/a> dla wi\u0119kszej szansy na wygran\u0105<\/li>\n<li>Wejd\u017a na losowania (mo\u017cesz wej\u015b\u0107 na wi\u0119cej ni\u017c jedno losowanie)<\/li>\n<li>Zarejestruj si\u0119 i zap\u0142a\u0107 za swoje wpisy.<\/li>\n<\/ol>\n<section class=\"layout\" style=\"border: solid 1px; width: 100%;\">\n<div class=\"img-div\" style=\"margin-top: 5px;\"><img decoding=\"async\" class=\"wp-image-17212 alignleft\" style=\"height: 45px; margin: 8px 8px 0px;\" src=\"https:\/\/jackpotlotteryonline.com\/wp-content\/uploads\/2022\/11\/read1.jpg\" alt=\"czytaj\" width=\"\" height=\"\" \/><\/div>\n<div style=\"padding-left: 5px;\">\n<div style=\"font-size: 1.1em;\">\n<p><strong>Porady Loterii<\/strong><\/p>\n<p style=\"font-size: 0.85em; margin-top: -1.5em;\">Porady, kt\u00f3re pomog\u0105 Ci wygra\u0107 na loterii\u00a0 <a href=\"https:\/\/jackpotlotteryonline.com\/pl\/porady-dotyczace-loterii\"> wi\u0119cej<\/a><\/p>\n<\/div>\n<\/div>\n<\/section>\n<h2>Sprawdzanie rysunk\u00f3w loterii<\/h2>\n<p><a href=\"https:\/\/jackpotlotteryonline.com\/pl\/zwycieskie-numery\/uk-lottery\">UK loteria ma dwa dni losowania w tygodniu<\/a>, \u015brod\u0119 i sobot\u0119. Mo\u017cesz wej\u015b\u0107 w wiele losowa\u0144, aby zwi\u0119kszy\u0107 swoje szanse na wygran\u0105 w UK lottery. Ponadto, mo\u017cna \u0142atwo wprowadzi\u0107 rysunki kilka tygodni wcze\u015bniej za pomoc\u0105 naszej us\u0142ugi subskrypcji.<\/p>\n<p>Zwyci\u0119ski bilet jest og\u0142oszony podczas rysunk\u00f3w. Aby wygra\u0107 jackpota, wystarczy dopasowa\u0107 6 wylosowanych numer\u00f3w. Nagrody w UK lotto zaczynaj\u0105 si\u0119 od 2 milion\u00f3w funt\u00f3w i mog\u0105 by\u0107 rolowane, je\u015bli nie ma zwyci\u0119zcy po losowaniu. Poniewa\u017c jest to rolls over po ka\u017cdym losowaniu (je\u015bli nie ma zwyci\u0119zcy), mo\u017ce dosta\u0107 troch\u0119 wy\u017cej ni\u017c \u00a3 2 mln znaku.<\/p>\n<p>Po ka\u017cdym losowaniu, mo\u017cesz sprawdzi\u0107 na naszej stronie czy wygra\u0142e\u015b nagrod\u0119. UK lottery posiada 6 r\u00f3\u017cnych kategorii nagr\u00f3d i je\u015bli wygrasz kt\u00f3r\u0105\u015b z nich, wy\u015blemy Ci e-mail z powiadomieniem.<\/p>\n<h2>Co to jest us\u0142uga subskrypcji?<\/h2>\n<p><img loading=\"lazy\" decoding=\"async\" class=\"alignright wp-image-28427\" src=\"https:\/\/jackpotlotteryonline.com\/wp-content\/uploads\/2022\/11\/1_mega_win-300x279.jpg\" alt=\"wygra\u0107 UK loterii\" width=\"237\" height=\"220\" srcset=\"https:\/\/jackpotlotteryonline.com\/wp-content\/uploads\/2022\/11\/1_mega_win-300x279.jpg 300w, https:\/\/jackpotlotteryonline.com\/wp-content\/uploads\/2022\/11\/1_mega_win.jpg 320w\" sizes=\"auto, (max-width: 237px) 100vw, 237px\" \/>Je\u015bli u\u017cywasz strony takiej jak nasza, istnieje co\u015b, co nazywamy us\u0142ug\u0105 subskrypcji, aby umo\u017cliwi\u0107 graczom p\u0142ynn\u0105 i bezstresow\u0105 gr\u0119. Podczas gdy bycie jednorazowym graczem jest jak najbardziej w porz\u0105dku (je\u015bli tak wolisz), wi\u0119kszo\u015b\u0107 graczy gra cz\u0119sto. Najlepszym sposobem na gr\u0119 i wygran\u0105 w UK lottery jest regularna gra i o to w\u0142a\u015bnie chodzi w tym serwisie.<\/p>\n<p>Mo\u017cesz ustawi\u0107 go tak, aby\u015b by\u0142 automatycznie zg\u0142oszony do przysz\u0142ych losowa\u0144. UK loteria ma 2 tygodniowe losowania: \u015arody i Soboty. B\u0105d\u017amy szczerzy, to mo\u017ce by\u0107 troch\u0119 m\u0119cz\u0105ce, pr\u00f3buj\u0105c pami\u0119ta\u0107 o grze i wpisywaniu si\u0119 do ka\u017cdego losowania, ale w\u0142a\u015bnie dlatego tu jeste\u015bmy.<\/p>\n<p>Po skonfigurowaniu us\u0142ugi subskrypcji, mo\u017cesz si\u0119 zrelaksowa\u0107 i wiedzie\u0107, \u017ce nie b\u0119dziesz musia\u0142 przegapi\u0107 \u017cadnego losowania brytyjskiej loterii.<\/p>\n<h2>Nagrody<\/h2>\n<p>Wspomnieli\u015bmy, \u017ce nagrody w tej loterii zale\u017c\u0105 od funduszu loterii. Mo\u017cemy wi\u0119c podzieli\u0107 si\u0119 tylko nagrodami z danego losowania. Zauwa\u017c, \u017ce je\u015bli jest wielu zwyci\u0119zc\u00f3w, nagroda zostanie podzielona mi\u0119dzy nich.<\/p>\n<p>Dzia\u0142 1: Mecz 6 &#8211; \u00a32,000,000 (jackpot)<\/p>\n<p>Dywizja 2: Mecz 5 + Bonus &#8211; \u00a31,000,000<\/p>\n<p>Dywizja 3: Mecz 5 &#8211; \u00a31,750<\/p>\n<p>Dywizja 4: Mecz 4 &#8211; \u00a3140<\/p>\n<p>Dywizja 5: Mecz 3 &#8211; \u00a330<\/p>\n<p>Dywizja 6: Mecz 2 &#8211; Free lotto lucky dip<\/p>\n<p>Zrozum, \u017ce nawet je\u015bli wygrasz te nagrody, pokazana kwota nie jest tym, co otrzymasz jako wyp\u0142at\u0119. Dzieje si\u0119 tak, poniewa\u017c oko\u0142o 45% funduszy loterii idzie na nagrody pieni\u0119\u017cne. Mo\u017ce to by\u0107 wi\u0119c mniej lub wi\u0119cej w zale\u017cno\u015bci od tego, co znajduje si\u0119 w funduszu.<\/p>\n<h2>Jak ubiega\u0107 si\u0119 o swoj\u0105 wygran\u0105<\/h2>\n<p>Je\u015bli jeste\u015b u nas zarejestrowany, to zg\u0142oszenie wygranej jest proste i \u0142atwe. Je\u015bli Twoja wygrana wynosi \u20ac2500 lub mniej, mo\u017cesz uzyska\u0107 do niej dost\u0119p w\u0142a\u015bnie tutaj, na naszej stronie. Dzieje si\u0119 tak dlatego, \u017ce firma loteryjna wp\u0142aci j\u0105 bezpo\u015brednio na nasz\u0105 stron\u0119, a Ty mo\u017cesz j\u0105 nast\u0119pnie wyp\u0142aci\u0107 na swoje konto.<\/p>\n<p>Je\u015bli jest to wi\u0119cej ni\u017c \u20ac2500, musisz ubiega\u0107 si\u0119 o swoj\u0105 wygran\u0105 bezpo\u015brednio od firmy loteryjnej. Pomo\u017cemy Ci w tym, dostarczaj\u0105c formularz roszczeniowy do wype\u0142nienia, wi\u0119c nie ma si\u0119 czym martwi\u0107.<\/p>\n<p><strong>Firma loteryjna ma kilka zasad, je\u015bli chodzi o ubieganie si\u0119 o wygrane.<\/strong><\/p>\n<ul>\n<li>Musisz by\u0107 18+, aby gra\u0107 na loterii<\/li>\n<li>Wygrane musz\u0105 by\u0107 zg\u0142oszone w ci\u0105gu 180 dni od losowania. Jedynym wyj\u0105tkiem jest sytuacja, gdy rozpocz\u0105\u0142e\u015b procedur\u0119 w ci\u0105gu 7 dni.<\/li>\n<li>Gry instant win musz\u0105 by\u0107 zg\u0142aszane w ci\u0105gu 180 dni, kiedy kupi\u0142e\u015b gr\u0119 instant win<\/li>\n<li>Zdrapki musz\u0105 by\u0107 zg\u0142oszone w ci\u0105gu 180 dni od daty zakupu zdrapki.<\/li>\n<\/ul>\n<h2>O naszych us\u0142ugach concierge<\/h2>\n<p>Chcemy po\u015bwi\u0119ci\u0107 chwil\u0119, aby wyja\u015bni\u0107, co robimy i dlaczego prowadzimy us\u0142ugi concierge. Istnieje kilka stron internetowych z loteriami, kt\u00f3re twierdz\u0105, \u017ce daj\u0105 graczom wst\u0119p na \u015bwiatowe loterie. Ale to, co faktycznie robi\u0105, to pozwalaj\u0105 Ci obstawia\u0107 wyniki. My tego nie robimy. Dajemy graczom szans\u0119 na gr\u0119 w najlepsze mi\u0119dzynarodowe loterie.<\/p>\n<p>Kiedy grasz w UK lottery na naszej stronie, tak w\u0142a\u015bnie si\u0119 dzieje. Po wybraniu swoich numer\u00f3w i dokonaniu p\u0142atno\u015bci, nasz agent w USA kupi fizyczny bilet z wykorzystaniem Twoich numer\u00f3w. B\u0119dzie to oczywi\u015bcie na wybrane przez Ciebie losowanie. Bilet ten zostanie nast\u0119pnie zeskanowany i przes\u0142any na Twoje konto.<\/p>\n<p>Jest to ca\u0142kowicie legalny spos\u00f3b na gr\u0119 w brytyjsk\u0105 loteri\u0119 online z dowolnej cz\u0119\u015bci \u015bwiata. Dodatkowo, zapewnia on, \u017ce jeste\u015b naprawd\u0119 zg\u0142oszony do wybranej przez siebie loterii. Co wi\u0119cej, publikujemy wyniki losowania w\u0142a\u015bnie tutaj na naszej stronie i informujemy Ci\u0119, je\u015bli wygrasz. Jeste\u015bmy serwisem concierge, poniewa\u017c zajmujemy si\u0119 wszystkimi k\u0142opotliwymi szczeg\u00f3\u0142ami, aby\u015b m\u00f3g\u0142 cieszy\u0107 si\u0119 swoim loteryjnym do\u015bwiadczeniem.<\/p>\n<h2>Zarejestruj si\u0119 u nas, aby gra\u0107 w najlepsze mi\u0119dzynarodowe loterie online<\/h2>\n<p>Wielka Brytania ma wiele loterii, w kt\u00f3re mo\u017cesz gra\u0107 online. Je\u015bli chcesz spr\u00f3bowa\u0107 gry na loterii, to mo\u017cesz to zrobi\u0107. Ale je\u015bli potrzebujesz szerszego wyboru, to dlaczego nie spr\u00f3bowa\u0107 loterii Set for Life, kt\u00f3ra jest rent\u0105? Mo\u017cesz te\u017c zagra\u0107 w loteri\u0119 Eurojackpot i Euromillions. Wszystkie z nich znajdziesz online w\u0142a\u015bnie tutaj, na naszej stronie. Zarejestruj si\u0119 wi\u0119c teraz, aby mie\u0107 szans\u0119 na wielk\u0105 wygran\u0105.<\/p>\n","protected":false},"excerpt":{"rendered":"<p>UK lottery to gra loteryjna, kt\u00f3ra rozgrywana jest w Wielkiej Brytanii. Ten kraj jest domem dla wielu gier loteryjnych, w tym Set for Life, kt\u00f3ra jest gr\u0105 rentow\u0105. Ale, nie jeste\u015bmy tutaj, aby porozmawia\u0107 o Set for Life. Jest to gra, w kt\u00f3r\u0105 gracze graj\u0105 dla zabawy i mo\u017cna teraz gra\u0107 w t\u0119 gr\u0119 online. [&hellip;]<\/p>\n","protected":false},"author":1,"featured_media":0,"parent":35709,"menu_order":10,"comment_status":"closed","ping_status":"closed","template":"lotto-uk.php","meta":{"_et_pb_use_builder":"","_et_pb_old_content":"","_et_gb_content_width":"","exclude_from_search":false,"footnotes":""},"class_list":["post-41002","page","type-page","status-publish","hentry"],"yoast_head":"<!-- This site is optimized with the Yoast SEO plugin v23.3 - https:\/\/yoast.com\/wordpress\/plugins\/seo\/ -->\n<title>Zagraj w UK Lottery online, nawet je\u015bli nie mieszkasz w Wielkiej Brytanii.<\/title>\n<meta name=\"description\" content=\"Chcesz zagra\u0107 na loterii UK, ale jeste\u015b poza granicami Wielkiej Brytanii? Nie ma problemu, mo\u017cesz skorzysta\u0107 z naszej us\u0142ugi online, aby gra\u0107 w to lotto z dowolnego miejsca\" \/>\n<meta name=\"robots\" content=\"index, follow, max-snippet:-1, max-image-preview:large, max-video-preview:-1\" \/>\n<link rel=\"canonical\" href=\"https:\/\/jackpotlotteryonline.com\/pl\/jak-grac\/uk-lottery\/\" \/>\n<meta property=\"og:locale\" content=\"pl_PL\" \/>\n<meta property=\"og:type\" content=\"article\" \/>\n<meta property=\"og:title\" content=\"Zagraj w UK Lottery online, nawet je\u015bli nie mieszkasz w Wielkiej Brytanii.\" \/>\n<meta property=\"og:description\" content=\"Chcesz zagra\u0107 na loterii UK, ale jeste\u015b poza granicami Wielkiej Brytanii? Nie ma problemu, mo\u017cesz skorzysta\u0107 z naszej us\u0142ugi online, aby gra\u0107 w to lotto z dowolnego miejsca\" \/>\n<meta property=\"og:url\" content=\"https:\/\/jackpotlotteryonline.com\/pl\/jak-grac\/uk-lottery\/\" \/>\n<meta property=\"og:site_name\" content=\"Lotto Online - Crack The International Lottery Jackpots\" \/>\n<meta property=\"article:modified_time\" content=\"2023-01-03T09:27:23+00:00\" \/>\n<meta property=\"og:image\" content=\"https:\/\/jackpotlotteryonline.com\/wp-content\/uploads\/2022\/11\/lotteryticket.jpg\" \/>\n<meta name=\"twitter:card\" content=\"summary_large_image\" \/>\n<meta name=\"twitter:label1\" content=\"Szacowany czas czytania\" \/>\n\t<meta name=\"twitter:data1\" content=\"6 minut\" \/>\n<!-- \/ Yoast SEO plugin. -->","yoast_head_json":{"title":"Zagraj w UK Lottery online, nawet je\u015bli nie mieszkasz w Wielkiej Brytanii.","description":"Chcesz zagra\u0107 na loterii UK, ale jeste\u015b poza granicami Wielkiej Brytanii? Nie ma problemu, mo\u017cesz skorzysta\u0107 z naszej us\u0142ugi online, aby gra\u0107 w to lotto z dowolnego miejsca","robots":{"index":"index","follow":"follow","max-snippet":"max-snippet:-1","max-image-preview":"max-image-preview:large","max-video-preview":"max-video-preview:-1"},"canonical":"https:\/\/jackpotlotteryonline.com\/pl\/jak-grac\/uk-lottery\/","og_locale":"pl_PL","og_type":"article","og_title":"Zagraj w UK Lottery online, nawet je\u015bli nie mieszkasz w Wielkiej Brytanii.","og_description":"Chcesz zagra\u0107 na loterii UK, ale jeste\u015b poza granicami Wielkiej Brytanii? Nie ma problemu, mo\u017cesz skorzysta\u0107 z naszej us\u0142ugi online, aby gra\u0107 w to lotto z dowolnego miejsca","og_url":"https:\/\/jackpotlotteryonline.com\/pl\/jak-grac\/uk-lottery\/","og_site_name":"Lotto Online - Crack The International Lottery Jackpots","article_modified_time":"2023-01-03T09:27:23+00:00","og_image":[{"url":"https:\/\/jackpotlotteryonline.com\/wp-content\/uploads\/2022\/11\/lotteryticket.jpg"}],"twitter_card":"summary_large_image","twitter_misc":{"Szacowany czas czytania":"6 minut"},"schema":{"@context":"https:\/\/schema.org","@graph":[{"@type":"WebPage","@id":"https:\/\/jackpotlotteryonline.com\/pl\/jak-grac\/uk-lottery\/","url":"https:\/\/jackpotlotteryonline.com\/pl\/jak-grac\/uk-lottery\/","name":"Zagraj w UK Lottery online, nawet je\u015bli nie mieszkasz w Wielkiej Brytanii.","isPartOf":{"@id":"https:\/\/jackpotlotteryonline.com\/#website"},"primaryImageOfPage":{"@id":"https:\/\/jackpotlotteryonline.com\/pl\/jak-grac\/uk-lottery\/#primaryimage"},"image":{"@id":"https:\/\/jackpotlotteryonline.com\/pl\/jak-grac\/uk-lottery\/#primaryimage"},"thumbnailUrl":"https:\/\/jackpotlotteryonline.com\/wp-content\/uploads\/2022\/11\/lotteryticket.jpg","datePublished":"2022-12-07T12:35:40+00:00","dateModified":"2023-01-03T09:27:23+00:00","description":"Chcesz zagra\u0107 na loterii UK, ale jeste\u015b poza granicami Wielkiej Brytanii? Nie ma problemu, mo\u017cesz skorzysta\u0107 z naszej us\u0142ugi online, aby gra\u0107 w to lotto z dowolnego miejsca","breadcrumb":{"@id":"https:\/\/jackpotlotteryonline.com\/pl\/jak-grac\/uk-lottery\/#breadcrumb"},"inLanguage":"pl-PL","potentialAction":[{"@type":"ReadAction","target":["https:\/\/jackpotlotteryonline.com\/pl\/jak-grac\/uk-lottery\/"]}]},{"@type":"ImageObject","inLanguage":"pl-PL","@id":"https:\/\/jackpotlotteryonline.com\/pl\/jak-grac\/uk-lottery\/#primaryimage","url":"https:\/\/jackpotlotteryonline.com\/wp-content\/uploads\/2022\/11\/lotteryticket.jpg","contentUrl":"https:\/\/jackpotlotteryonline.com\/wp-content\/uploads\/2022\/11\/lotteryticket.jpg"},{"@type":"BreadcrumbList","@id":"https:\/\/jackpotlotteryonline.com\/pl\/jak-grac\/uk-lottery\/#breadcrumb","itemListElement":[{"@type":"ListItem","position":1,"name":"Home","item":"https:\/\/jackpotlotteryonline.com\/pl\/"},{"@type":"ListItem","position":2,"name":"Jak gra\u0107","item":"https:\/\/jackpotlotteryonline.com\/pl\/jak-grac\/"},{"@type":"ListItem","position":3,"name":"Zagraj w UK Lottery z dowolnego miejsca"}]},{"@type":"WebSite","@id":"https:\/\/jackpotlotteryonline.com\/#website","url":"https:\/\/jackpotlotteryonline.com\/","name":"Lotto Online - Crack The International Lottery Jackpots","description":"","potentialAction":[{"@type":"SearchAction","target":{"@type":"EntryPoint","urlTemplate":"https:\/\/jackpotlotteryonline.com\/?s={search_term_string}"},"query-input":"required name=search_term_string"}],"inLanguage":"pl-PL"}]}},"_links":{"self":[{"href":"https:\/\/jackpotlotteryonline.com\/pl\/wp-json\/wp\/v2\/pages\/41002","targetHints":{"allow":["GET"]}}],"collection":[{"href":"https:\/\/jackpotlotteryonline.com\/pl\/wp-json\/wp\/v2\/pages"}],"about":[{"href":"https:\/\/jackpotlotteryonline.com\/pl\/wp-json\/wp\/v2\/types\/page"}],"author":[{"embeddable":true,"href":"https:\/\/jackpotlotteryonline.com\/pl\/wp-json\/wp\/v2\/users\/1"}],"replies":[{"embeddable":true,"href":"https:\/\/jackpotlotteryonline.com\/pl\/wp-json\/wp\/v2\/comments?post=41002"}],"version-history":[{"count":0,"href":"https:\/\/jackpotlotteryonline.com\/pl\/wp-json\/wp\/v2\/pages\/41002\/revisions"}],"up":[{"embeddable":true,"href":"https:\/\/jackpotlotteryonline.com\/pl\/wp-json\/wp\/v2\/pages\/35709"}],"wp:attachment":[{"href":"https:\/\/jackpotlotteryonline.com\/pl\/wp-json\/wp\/v2\/media?parent=41002"}],"curies":[{"name":"wp","href":"https:\/\/api.w.org\/{rel}","templated":true}]}}