{"id":41055,"date":"2022-12-08T07:20:31","date_gmt":"2022-12-08T07:20:31","guid":{"rendered":"https:\/\/jackpotlotteryonline.com\/?page_id=41055"},"modified":"2022-12-31T14:09:17","modified_gmt":"2022-12-31T14:09:17","slug":"thunderball","status":"publish","type":"page","link":"https:\/\/jackpotlotteryonline.com\/pl\/jak-grac\/thunderball\/","title":{"rendered":"Thunderball online &#8211; zagraj w t\u0119 brytyjsk\u0105 loteri\u0119 z dowolnego miejsca"},"content":{"rendered":"<p>Thunderball UK istnieje ju\u017c od d\u0142u\u017cszego czasu. Nie jest tak stary jak niekt\u00f3re inne europejskie loterie (np. La Primitiva), poniewa\u017c pierwsze losowanie odby\u0142o si\u0119 w 1999 roku. Jednak w tym czasie Thunderball zmieni\u0142 i nadal zmienia wiele \u017cy\u0107. Jackpot w wysoko\u015bci pi\u0119ciuset tysi\u0119cy funt\u00f3w nie wydaje si\u0119 by\u0107 du\u017c\u0105 kwot\u0105, ale jest to kwota, kt\u00f3ra zmienia \u017cycie. I gracze w Wielkiej Brytanii zgadzaj\u0105 si\u0119 z tym, poniewa\u017c wielu graczy kupuje losy na losowania Thunderball.<\/p>\n<p>Je\u015bli jeste\u015b graczem spoza Wielkiej Brytanii, to mo\u017cesz r\u00f3wnie\u017c zagra\u0107 w Thunderball wchodz\u0105c na stron\u0119 internetow\u0105. Mo\u017cesz <a href=\"https:\/\/jackpotlotteryonline.com\/pl\/kupic-bilety\/thunderball\">kupi\u0107 losy<\/a>, sprawdzi\u0107 <a href=\"https:\/\/jackpotlotteryonline.com\/pl\/zwycieskie-numery\/thunderball\">wyniki losowania<\/a> i wyp\u0142aci\u0107 swoje wygrane, a wszystko to z wygodnego komputera lub urz\u0105dzenia mobilnego. Czytaj dalej, aby dowiedzie\u0107 si\u0119, jak gra\u0107 w Thunderball online.<\/p>\n<h2>Zwyci\u0119zcy Thunderball<\/h2>\n<p><img loading=\"lazy\" decoding=\"async\" class=\"alignright size-full wp-image-31370\" src=\"http:\/\/jackpotlotteryonline.com\/wp-content\/uploads\/2022\/11\/lotteryticket.jpg\" alt=\"Zagraj w Thunderball online.\" width=\"212\" height=\"142\" \/>Je\u015bli istnieje jedna loteria, kt\u00f3ra w ci\u0105gu ostatnich kilkudziesi\u0119ciu lat przynios\u0142a wielu zwyci\u0119zc\u00f3w, to jest ni\u0105 w\u0142a\u015bnie Thunderball. Ta brytyjska loteria zyska\u0142a reputacj\u0119 zmieniaj\u0105cej \u017cycie, poniewa\u017c przynios\u0142a wielu zwyci\u0119zc\u00f3w. Znana jest historia rodziny Knowles, kt\u00f3ra gra\u0142a przez lata i kontynuowa\u0142a gr\u0119 nawet po \u015bmierci swojej mamy. Wygrana by\u0142a dla nich czym\u015b wyj\u0105tkowym.<\/p>\n<p>Karen i David Ainger to para, kt\u00f3ra wygra\u0142a zmieniaj\u0105cy \u017cycie jackpot Thunderball. Wygrana by\u0142a do\u015b\u0107 mile widziana, poniewa\u017c powiedzieli, \u017ce p\u00f3jdzie na ich emerytur\u0119. Inna para, kt\u00f3ra wygra\u0142a Thunderball to Alf i Rita Boorman. Ich wygrana by\u0142a do\u015b\u0107 interesuj\u0105ca, poniewa\u017c 30 lat wcze\u015bniej, ojciec Alf&#8217;a r\u00f3wnie\u017c wygra\u0142. M\u00f3wi\u0105c o pokoleniowej wygranej.<\/p>\n<h2>Jak gra\u0107 w Thunderball online?<\/h2>\n<p>Gra w Thunderball to \u015bwietna zabawa, a je\u015bli jeste\u015b do\u015bwiadczonym graczem, to istnieje szansa, \u017ce wiesz ju\u017c co robi\u0107. Gracze musz\u0105 wybra\u0107 5 liczb z zakresu od 1 do 39 oraz specjaln\u0105 liczb\u0119 od 1 do 14. Ten specjalny numer nazywa si\u0119 &#8220;Thunderball&#8221;.<\/p>\n<p>Je\u015bli grasz w Thunderball online, mo\u017cesz u\u017cy\u0107 generatora liczb, aby wybra\u0107 losowe liczby. Jest to co\u015b w rodzaju &#8220;lucky dip&#8221; dla tych, kt\u00f3rzy s\u0105 przyzwyczajeni do fizycznych los\u00f3w. Mo\u017cesz wybra\u0107 kilka linii i wiele bilet\u00f3w, aby zwi\u0119kszy\u0107 swoje szanse na wygran\u0105 w Thunderball. Nast\u0119pnym krokiem jest przyst\u0105pienie do losowania i to jest najlepsza cz\u0119\u015b\u0107.<\/p>\n<p>Thunderball ma cztery losowania w ka\u017cdym tygodniu. Oznacza to, \u017ce masz cztery razy wi\u0119ksze szanse na wygranie jackpota z Thunderball. Mo\u017cesz wzi\u0105\u0107 udzia\u0142 w jednym losowaniu, ale prawdopodobnie najlepiej jest wzi\u0105\u0107 udzia\u0142 w wielu losowaniach, dzi\u0119ki czemu masz znacznie wi\u0119ksze szanse na wygran\u0105. Kiedy b\u0119dziesz gra\u0142 z nami, poprosimy Ci\u0119 o rejestracj\u0119. Dzi\u0119ki temu b\u0119dziemy mogli Ci\u0119 powiadomi\u0107, gdy wygrasz nagrod\u0119.<\/p>\n<section class=\"layout\" style=\"border: solid 1px; width: 100%;\">\n<div class=\"img-div\" style=\"margin-top: 5px;\"><img decoding=\"async\" class=\"wp-image-17212 alignleft\" style=\"height: 45px; margin: 8px 8px 0px;\" src=\"http:\/\/jackpotlotteryonline.com\/wp-content\/uploads\/2022\/11\/read1.jpg\" alt=\"Czytaj \" width=\"\" height=\"\" \/><\/div>\n<div style=\"padding-left: 5px;\">\n<div style=\"font-size: 1.1em;\">\n<p><strong>Czy to legalne, aby gra\u0107 na loteriach z innych kraj\u00f3w online?<\/strong><\/p>\n<p style=\"font-size: 0.85em; margin-top: -1.5em;\">Czy to legalne, aby uzyska\u0107 bilet na loteri\u0119 online, i czy rzeczywi\u015bcie otrzymam pieni\u0105dze?\u00a0<a href=\"https:\/\/jackpotlotteryonline.com\/pl\/czy-granie-na-loteriach-z-innych-krajow-online-jest-legalne\"> wi\u0119cej<\/a><\/p>\n<\/div>\n<\/div>\n<\/section>\n<h2>Co zrobi\u0107, gdy wygrasz<\/h2>\n<p>Je\u015bli wygrasz nagrod\u0119, wy\u015blemy Ci wiadomo\u015b\u0107 e-mail, aby Ci\u0119 o tym poinformowa\u0107. Na naszej platformie pojawi si\u0119 r\u00f3wnie\u017c alert, aby\u015b m\u00f3g\u0142 otrzyma\u0107 powiadomienie przy nast\u0119pnym logowaniu. Ale to nie wszystko.<\/p>\n<p>Je\u015bli Twoja wygrana jest mniejsza ni\u017c \u20ac2500, mo\u017cesz j\u0105 \u0142atwo wyp\u0142aci\u0107 bezpo\u015brednio z naszej platformy. Nie ma potrzeby stosowania \u017cadnego protoko\u0142u lub zb\u0119dnej procedury; po prostu wyp\u0142a\u0107 swoj\u0105 got\u00f3wk\u0119. W przypadku kwot wi\u0119kszych ni\u017c 2500\u20ac, by\u0107 mo\u017ce b\u0119dziesz musia\u0142 wype\u0142ni\u0107 formularz roszczeniowy, aby odebra\u0107 j\u0105 od firmy loteryjnej. Nie martw si\u0119 jednak, jeste\u015bmy tutaj, aby pom\u00f3c r\u00f3wnie\u017c w tej kwestii.<\/p>\n<h2>Nagrody, kt\u00f3re mo\u017cesz wygra\u0107<\/h2>\n<p>Co dok\u0142adnie mo\u017cesz wygra\u0107 graj\u0105c na loterii Thunderball? Thunderball UK posiada kilka kategorii nagr\u00f3d, a nawet nagrod\u0119 za dopasowanie Thunderball. Szanse na wygranie czego\u015b s\u0105 wi\u0119c do\u015b\u0107 wysokie. Oto podzia\u0142 na kategorie nagr\u00f3d w UK Thunderball, a tak\u017ce szanse na wygran\u0105.<\/p>\n<p>Kategoria 1: Match 5 + Thunderball &#8211; 1 na 8,060,598 &#8211; \u00a3500,000<\/p>\n<p>Kategoria 2: Tylko Mecz 5 &#8211; 1 do 620,046 &#8211; \u00a35000<\/p>\n<p>Kategoria 3: Mecz 4 + Thunderball &#8211; 1 na 47 416 &#8211; 250\u00a3<\/p>\n<p>Kategoria 4: Match 4 only &#8211; 1 na 3 648 &#8211; \u00a3100<\/p>\n<p>Kategoria 5: Mecz 3 + Thunderball &#8211; 1 na 1 437 &#8211; \u00a320<\/p>\n<p>Kategoria 6: Match 3 only &#8211; 1 na 111 &#8211; \u00a310<\/p>\n<p>Kategoria 7: Mecz 2 + Thunderball &#8211; 1 na 135 &#8211; \u00a310<\/p>\n<p>Kategoria 8: Mecz 1 + Thunderball &#8211; 1 na 35 &#8211; \u00a35<\/p>\n<p>Kategoria 9: Match Thunderball &#8211; 1 na 29 &#8211; \u00a33<\/p>\n<p>W Thunderball ka\u017cdy znajdzie co\u015b dla siebie i nie ma znaczenia czy mieszkasz w UK czy nie. Mo\u017cesz teraz zagra\u0107 w t\u0119 brytyjsk\u0105 loteri\u0119, aby mie\u0107 szans\u0119 na wygran\u0105, a graj\u0105c z nami, mo\u017cesz \u0142atwo wyp\u0142aci\u0107 swoje wygrane.<\/p>\n<h2>Korzy\u015bci z witryny concierge<\/h2>\n<p><img loading=\"lazy\" decoding=\"async\" class=\"alignright size-full wp-image-28940\" src=\"http:\/\/jackpotlotteryonline.com\/wp-content\/uploads\/2022\/11\/1_pick_winning_numbers_lottery.jpg\" alt=\"Kupi\u0107 bilet na loterii Thunderball\" width=\"300\" height=\"200\" \/>Niesamowit\u0105 rzecz\u0105 na stronie concierge jest to, \u017ce nigdy nie musisz si\u0119 zastanawia\u0107, czy rzeczywi\u015bcie wszed\u0142e\u015b na loteri\u0119. Jest to prawdziwy problem, poniewa\u017c wiele stron nie daje swoim klientom dost\u0119pu do loterii. To co robi\u0105, to pozwalaj\u0105 u\u017cytkownikom obstawia\u0107 wynik loterii, co nie jest tym samym.<\/p>\n<p>Z jackpotlotteryonline.com, dajemy naszym u\u017cytkownikom dost\u0119p do najlepszych mi\u0119dzynarodowych loterii na ca\u0142ym \u015bwiecie. To dlatego, \u017ce prowadzimy stron\u0119 concierge, gdzie mamy agent\u00f3w w r\u00f3\u017cnych cz\u0119\u015bciach \u015bwiata. Kiedy kupujesz od nas kupony loteryjne, nasz agent w tym kraju kupuje fizyczny bilet z odpowiednimi numerami. Bilet jest nast\u0119pnie skanowany i wysy\u0142any do Ciebie.<\/p>\n<p>Kiedy kupi\u0107 bilet loterii Thunderball od nas, masz pewno\u015b\u0107, \u017ce je\u015bli dopasowa\u0107 wylosowane numery, wygrasz na loterii. To takie proste, ale jest to jedna rzecz, kt\u00f3ra daje naszym klientom spok\u00f3j ducha, aby gra\u0107 na loterii online.<\/p>\n<h2>Zagraj w UK Thunderball online<\/h2>\n<p>Je\u015bli masz ochot\u0119 zagra\u0107 na loterii Thunderball i mieszkasz poza Wielk\u0105 Brytani\u0105, masz szcz\u0119\u015bcie. Kiedy odwiedzasz jackpotlotteryonline.com, masz dost\u0119p do najlepszych mi\u0119dzynarodowych loterii, w tym Thunderball. Jeste\u015bmy stron\u0105 concierge, wi\u0119c kiedy grasz z nami, otrzymujesz prawdziw\u0105 ofert\u0119.<\/p>\n<p>Nadszed\u0142 czas, aby spr\u00f3bowa\u0107 swoich si\u0142 i wygra\u0107 zmieniaj\u0105c\u0105 \u017cycie nagrod\u0119 z Thunderball. Zagraj w Thunderball online ju\u017c dzi\u015b, aby mie\u0107 szans\u0119 na wygranie loterii.<\/p>\n","protected":false},"excerpt":{"rendered":"<p>Thunderball UK istnieje ju\u017c od d\u0142u\u017cszego czasu. Nie jest tak stary jak niekt\u00f3re inne europejskie loterie (np. La Primitiva), poniewa\u017c pierwsze losowanie odby\u0142o si\u0119 w 1999 roku. Jednak w tym czasie Thunderball zmieni\u0142 i nadal zmienia wiele \u017cy\u0107. Jackpot w wysoko\u015bci pi\u0119ciuset tysi\u0119cy funt\u00f3w nie wydaje si\u0119 by\u0107 du\u017c\u0105 kwot\u0105, ale jest to kwota, kt\u00f3ra [&hellip;]<\/p>\n","protected":false},"author":1,"featured_media":0,"parent":35709,"menu_order":12,"comment_status":"closed","ping_status":"closed","template":"thunderball.php","meta":{"_et_pb_use_builder":"","_et_pb_old_content":"","_et_gb_content_width":"","exclude_from_search":false,"footnotes":""},"class_list":["post-41055","page","type-page","status-publish","hentry"],"yoast_head":"<!-- This site is optimized with the Yoast SEO plugin v23.3 - https:\/\/yoast.com\/wordpress\/plugins\/seo\/ -->\n<title>Zagraj w brytyjsk\u0105 loteri\u0119 Thunderball online, nawet spoza Wielkiej Brytanii.<\/title>\n<meta name=\"description\" content=\"Fani loterii spoza Wielkiej Brytanii mog\u0105 gra\u0107 w Thunderball online ju\u017c teraz - zdob\u0105d\u017a bilety online za po\u015brednictwem naszej us\u0142ugi messenger.\" \/>\n<meta name=\"robots\" content=\"index, follow, max-snippet:-1, max-image-preview:large, max-video-preview:-1\" \/>\n<link rel=\"canonical\" href=\"https:\/\/jackpotlotteryonline.com\/pl\/jak-grac\/thunderball\/\" \/>\n<meta property=\"og:locale\" content=\"pl_PL\" \/>\n<meta property=\"og:type\" content=\"article\" \/>\n<meta property=\"og:title\" content=\"Zagraj w brytyjsk\u0105 loteri\u0119 Thunderball online, nawet spoza Wielkiej Brytanii.\" \/>\n<meta property=\"og:description\" content=\"Fani loterii spoza Wielkiej Brytanii mog\u0105 gra\u0107 w Thunderball online ju\u017c teraz - zdob\u0105d\u017a bilety online za po\u015brednictwem naszej us\u0142ugi messenger.\" \/>\n<meta property=\"og:url\" content=\"https:\/\/jackpotlotteryonline.com\/pl\/jak-grac\/thunderball\/\" \/>\n<meta property=\"og:site_name\" content=\"Lotto Online - Crack The International Lottery Jackpots\" \/>\n<meta property=\"article:modified_time\" content=\"2022-12-31T14:09:17+00:00\" \/>\n<meta property=\"og:image\" content=\"http:\/\/jackpotlotteryonline.com\/wp-content\/uploads\/2022\/11\/lotteryticket.jpg\" \/>\n<meta name=\"twitter:card\" content=\"summary_large_image\" \/>\n<meta name=\"twitter:label1\" content=\"Szacowany czas czytania\" \/>\n\t<meta name=\"twitter:data1\" content=\"5 minut\" \/>\n<!-- \/ Yoast SEO plugin. -->","yoast_head_json":{"title":"Zagraj w brytyjsk\u0105 loteri\u0119 Thunderball online, nawet spoza Wielkiej Brytanii.","description":"Fani loterii spoza Wielkiej Brytanii mog\u0105 gra\u0107 w Thunderball online ju\u017c teraz - zdob\u0105d\u017a bilety online za po\u015brednictwem naszej us\u0142ugi messenger.","robots":{"index":"index","follow":"follow","max-snippet":"max-snippet:-1","max-image-preview":"max-image-preview:large","max-video-preview":"max-video-preview:-1"},"canonical":"https:\/\/jackpotlotteryonline.com\/pl\/jak-grac\/thunderball\/","og_locale":"pl_PL","og_type":"article","og_title":"Zagraj w brytyjsk\u0105 loteri\u0119 Thunderball online, nawet spoza Wielkiej Brytanii.","og_description":"Fani loterii spoza Wielkiej Brytanii mog\u0105 gra\u0107 w Thunderball online ju\u017c teraz - zdob\u0105d\u017a bilety online za po\u015brednictwem naszej us\u0142ugi messenger.","og_url":"https:\/\/jackpotlotteryonline.com\/pl\/jak-grac\/thunderball\/","og_site_name":"Lotto Online - Crack The International Lottery Jackpots","article_modified_time":"2022-12-31T14:09:17+00:00","og_image":[{"url":"http:\/\/jackpotlotteryonline.com\/wp-content\/uploads\/2022\/11\/lotteryticket.jpg"}],"twitter_card":"summary_large_image","twitter_misc":{"Szacowany czas czytania":"5 minut"},"schema":{"@context":"https:\/\/schema.org","@graph":[{"@type":"WebPage","@id":"https:\/\/jackpotlotteryonline.com\/pl\/jak-grac\/thunderball\/","url":"https:\/\/jackpotlotteryonline.com\/pl\/jak-grac\/thunderball\/","name":"Zagraj w brytyjsk\u0105 loteri\u0119 Thunderball online, nawet spoza Wielkiej Brytanii.","isPartOf":{"@id":"https:\/\/jackpotlotteryonline.com\/#website"},"primaryImageOfPage":{"@id":"https:\/\/jackpotlotteryonline.com\/pl\/jak-grac\/thunderball\/#primaryimage"},"image":{"@id":"https:\/\/jackpotlotteryonline.com\/pl\/jak-grac\/thunderball\/#primaryimage"},"thumbnailUrl":"http:\/\/jackpotlotteryonline.com\/wp-content\/uploads\/2022\/11\/lotteryticket.jpg","datePublished":"2022-12-08T07:20:31+00:00","dateModified":"2022-12-31T14:09:17+00:00","description":"Fani loterii spoza Wielkiej Brytanii mog\u0105 gra\u0107 w Thunderball online ju\u017c teraz - zdob\u0105d\u017a bilety online za po\u015brednictwem naszej us\u0142ugi messenger.","breadcrumb":{"@id":"https:\/\/jackpotlotteryonline.com\/pl\/jak-grac\/thunderball\/#breadcrumb"},"inLanguage":"pl-PL","potentialAction":[{"@type":"ReadAction","target":["https:\/\/jackpotlotteryonline.com\/pl\/jak-grac\/thunderball\/"]}]},{"@type":"ImageObject","inLanguage":"pl-PL","@id":"https:\/\/jackpotlotteryonline.com\/pl\/jak-grac\/thunderball\/#primaryimage","url":"http:\/\/jackpotlotteryonline.com\/wp-content\/uploads\/2022\/11\/lotteryticket.jpg","contentUrl":"http:\/\/jackpotlotteryonline.com\/wp-content\/uploads\/2022\/11\/lotteryticket.jpg"},{"@type":"BreadcrumbList","@id":"https:\/\/jackpotlotteryonline.com\/pl\/jak-grac\/thunderball\/#breadcrumb","itemListElement":[{"@type":"ListItem","position":1,"name":"Home","item":"https:\/\/jackpotlotteryonline.com\/pl\/"},{"@type":"ListItem","position":2,"name":"Jak gra\u0107","item":"https:\/\/jackpotlotteryonline.com\/pl\/jak-grac\/"},{"@type":"ListItem","position":3,"name":"Thunderball online &#8211; zagraj w t\u0119 brytyjsk\u0105 loteri\u0119 z dowolnego miejsca"}]},{"@type":"WebSite","@id":"https:\/\/jackpotlotteryonline.com\/#website","url":"https:\/\/jackpotlotteryonline.com\/","name":"Lotto Online - Crack The International Lottery Jackpots","description":"","potentialAction":[{"@type":"SearchAction","target":{"@type":"EntryPoint","urlTemplate":"https:\/\/jackpotlotteryonline.com\/?s={search_term_string}"},"query-input":"required name=search_term_string"}],"inLanguage":"pl-PL"}]}},"_links":{"self":[{"href":"https:\/\/jackpotlotteryonline.com\/pl\/wp-json\/wp\/v2\/pages\/41055","targetHints":{"allow":["GET"]}}],"collection":[{"href":"https:\/\/jackpotlotteryonline.com\/pl\/wp-json\/wp\/v2\/pages"}],"about":[{"href":"https:\/\/jackpotlotteryonline.com\/pl\/wp-json\/wp\/v2\/types\/page"}],"author":[{"embeddable":true,"href":"https:\/\/jackpotlotteryonline.com\/pl\/wp-json\/wp\/v2\/users\/1"}],"replies":[{"embeddable":true,"href":"https:\/\/jackpotlotteryonline.com\/pl\/wp-json\/wp\/v2\/comments?post=41055"}],"version-history":[{"count":0,"href":"https:\/\/jackpotlotteryonline.com\/pl\/wp-json\/wp\/v2\/pages\/41055\/revisions"}],"up":[{"embeddable":true,"href":"https:\/\/jackpotlotteryonline.com\/pl\/wp-json\/wp\/v2\/pages\/35709"}],"wp:attachment":[{"href":"https:\/\/jackpotlotteryonline.com\/pl\/wp-json\/wp\/v2\/media?parent=41055"}],"curies":[{"name":"wp","href":"https:\/\/api.w.org\/{rel}","templated":true}]}}