{"id":41107,"date":"2022-12-08T09:16:27","date_gmt":"2022-12-08T09:16:27","guid":{"rendered":"https:\/\/jackpotlotteryonline.com\/?page_id=41107"},"modified":"2022-12-29T09:15:43","modified_gmt":"2022-12-29T09:15:43","slug":"uk-lottery","status":"publish","type":"page","link":"https:\/\/jackpotlotteryonline.com\/pl\/zwycieskie-numery\/uk-lottery\/","title":{"rendered":"Wyniki losowania UK Lottery"},"content":{"rendered":"<p>UK Lottery to ciekawa gra, kt\u00f3ra mo\u017ce uczyni\u0107 graczy milionerami. Podczas gdy jest ona popularna w\u015br\u00f3d graczy w Wielkiej Brytanii, nie jest ona zbyt dobrze znana mi\u0119dzynarodowym graczom. Je\u015bli wi\u0119c chcesz spr\u00f3bowa\u0107 swoich si\u0142 w mi\u0119dzynarodowej loterii, dlaczego nie spr\u00f3bowa\u0107 tej? Chocia\u017c nagrody nie s\u0105 gwarantowane, \u0142atwo jest wybra\u0107 zwyci\u0119ski numer.<\/p>\n<p>Jest jednak jedna rzecz, o kt\u00f3rej powiniene\u015b pami\u0119ta\u0107. Je\u015bli wygrasz w tym lotto, nie mo\u017cemy powiedzie\u0107, ile otrzymasz. Dzieje si\u0119 tak dlatego, \u017ce nagroda g\u0142\u00f3wna to 52% funduszu lotto. Je\u015bli nie ma zbyt wielu sprzedanych los\u00f3w, to nie wr\u00f3cisz do domu z du\u017c\u0105 kwot\u0105. Nie, to nie ma nic wsp\u00f3lnego z nami i jest zasad\u0105 firmy loteryjnej.<\/p>\n<p>Mo\u017cesz sprawdzi\u0107 nasz\u0105 stron\u0119 pod adresem jackpotlottery.com, aby wej\u015b\u0107 do tego lotto lub wybra\u0107 spo\u015br\u00f3d wielu innych loterii. Istniej\u0105 najlepsze mi\u0119dzynarodowe loterie, kt\u00f3re mo\u017cna gra\u0107 na naszej stronie i pozwalaj\u0105 one zachowa\u0107 swoje wygrane. Mo\u017cesz te\u017c spr\u00f3bowa\u0107 tego zamiast tego. To ju\u017c zale\u017cy od Ciebie.<\/p>\n<section class=\"layout\" style=\"border: solid 1px; width: 100%;\">\n<div class=\"img-div\" style=\"margin-top: 5px;\"><img decoding=\"async\" class=\"wp-image-17212 alignleft\" style=\"height: 45px; margin: 8px 8px 0px;\" src=\"https:\/\/jackpotlotteryonline.com\/wp-content\/uploads\/2022\/11\/read1.jpg\" alt=\"czytaj\" width=\"\" height=\"\" \/><\/div>\n<div style=\"padding-left: 5px;\">\n<div style=\"font-size: 1.1em;\">\n<p><strong>Kt\u00f3ra mi\u0119dzynarodowa loteria jest najlepsza?<\/strong><\/p>\n<p style=\"font-size: 0.85em; margin-top: -1.5em;\">Kt\u00f3re z Mi\u0119dzynarodowych Loterii maj\u0105 najwi\u0119ksze szanse na wygran\u0105 &#8230;<a href=\"https:\/\/jackpotlotteryonline.com\/pl\/ktora-loteria-miedzynarodowa-jest-najlepsza\">\u00a0wi\u0119cej<\/a><\/p>\n<\/div>\n<\/div>\n<\/section>\n<h2>Jak gra\u0107 na brytyjskiej loterii<\/h2>\n<p><img loading=\"lazy\" decoding=\"async\" class=\"alignright size-full wp-image-27482\" src=\"https:\/\/jackpotlotteryonline.com\/wp-content\/uploads\/2022\/11\/1_lottery_jackpot3.jpg\" alt=\"gra\u0107 na loterii UK\" width=\"245\" height=\"123\" \/>Podobnie jak w innych grach lotto, musisz wybra\u0107 6 liczb z puli od 1 do 49. Podczas losowania wybierany jest tak\u017ce losowo numer bonusowy, kt\u00f3ry jest wykorzystywany do okre\u015blenia nagrody. Nie jeste\u015bmy szczeg\u00f3lnie ch\u0119tni do polecania tego lotto. Nawet je\u015bli trafisz wylosowane liczby, nie mo\u017cemy zagwarantowa\u0107, co zabierzesz do domu.<\/p>\n<p>Je\u015bli odwiedzisz nasz\u0105 stron\u0119, mo\u017cesz wzi\u0105\u0107 udzia\u0142 w innych grach, takich jak US Powerball i Mega Millions. W tych loteriach minimalny jackpot wynosi 40 milion\u00f3w dolar\u00f3w. Istniej\u0105 inne europejskie loterie, jak r\u00f3wnie\u017c, \u017ce mo\u017cna gra\u0107, takich jak Euromillions i Eurojackpot.<\/p>\n<p>Istot\u0105 gry w te gry jest wygranie du\u017cej kwoty i to jest nasze marzenie dla naszych klient\u00f3w.<\/p>\n<h2>Losowania<\/h2>\n<p>Brytyjska loteria organizuje dwa losowania w ka\u017cdym tygodniu, w \u015brod\u0119 i sobot\u0119. Tak wi\u0119c, kiedy kupisz kupon lotto, mo\u017cesz wybra\u0107 wej\u015bcie do jednego losowania lub wielu losowa\u0144. Wej\u015bcie do wielu losowa\u0144 to \u015bwietny spos\u00f3b na zwi\u0119kszenie szans na zdobycie nagrody.<\/p>\n<h2>Wygrana na brytyjskiej loterii<\/h2>\n<p>Aby wygra\u0107 w tej grze lotto, gracze musieliby dopasowa\u0107 co najmniej trzy g\u0142\u00f3wne liczby do wylosowanych wynik\u00f3w. Jackpot wynosi zazwyczaj oko\u0142o \u00a33,000,000 cho\u0107 mo\u017ce by\u0107 mniej lub wi\u0119cej. Aby wygra\u0107 jackpota, trzeba dopasowa\u0107 wszystkie sze\u015b\u0107 wylosowanych numer\u00f3w.<\/p>\n<p>Istniej\u0105 jeszcze inne podzia\u0142y nagr\u00f3d w tej grze lotto i za chwil\u0119 o nich wspomnimy.<\/p>\n<p>Pami\u0119taj, \u017ce lotto to gra losowa i nie ma okre\u015blonego sposobu na wygran\u0105. Jak na razie najlepsz\u0105 strategi\u0105 jest kupowanie wielu los\u00f3w i branie udzia\u0142u w wielu losowaniach. Jest to spos\u00f3b na zwi\u0119kszenie swoich szans na zdobycie nagrody. Dotyczy to ka\u017cdej gry lotto, w kt\u00f3r\u0105 zdecydujesz si\u0119 zagra\u0107.<\/p>\n<h2>Podzia\u0142 nagr\u00f3d<\/h2>\n<p>To czym si\u0119 dzielimy to przyk\u0142adowy podzia\u0142 nagr\u00f3d dla konkretnego losowania brytyjskiej loterii. Nale\u017cy pami\u0119ta\u0107, \u017ce pozosta\u0142e nagrody stanowi\u0105 procent funduszu nagr\u00f3d. Oznacza to, \u017ce je\u015bli jest wielu zwyci\u0119zc\u00f3w, nagroda zostanie podzielona mi\u0119dzy nich.<\/p>\n<p>Dzia\u0142 1: Mecz 6 &#8211; \u00a32,000,000 (jackpot)<\/p>\n<p>Dywizja 2: Mecz 5 + Bonus &#8211; \u00a31,000,000<\/p>\n<p>Dywizja 3: Mecz 5 &#8211; \u00a31,750<\/p>\n<p>Dywizja 4: Mecz 4 &#8211; \u00a3140<\/p>\n<p>Dywizja 5: Mecz 3 &#8211; \u00a330<\/p>\n<p>Dywizja 6: Mecz 2 &#8211; Free lotto lucky dip<\/p>\n<p>Zrozum, \u017ce nawet je\u015bli wygrasz te nagrody, pokazana kwota nie jest tym, co otrzymasz jako wyp\u0142at\u0119. Dzieje si\u0119 tak, poniewa\u017c oko\u0142o 45% funduszy lotto idzie na nagrody pieni\u0119\u017cne. Mo\u017ce to by\u0107 wi\u0119c mniej lub wi\u0119cej w zale\u017cno\u015bci od tego, co znajduje si\u0119 w funduszu.<\/p>\n<h2>Odbieranie wygranych<\/h2>\n<p>Firma lotto ma kilka przepis\u00f3w, je\u015bli chodzi o ubieganie si\u0119 o wygrane.<\/p>\n<ul>\n<li>Musisz mie\u0107 uko\u0144czone 18 lat aby wzi\u0105\u0107 udzia\u0142 w lotto<\/li>\n<li>Wygrane musz\u0105 by\u0107 zg\u0142oszone w ci\u0105gu 180 dni od losowania. Jedynym wyj\u0105tkiem jest sytuacja, gdy rozpocz\u0105\u0142e\u015b procedur\u0119 w ci\u0105gu 7 dni.<\/li>\n<li>Gry typu instant win musz\u0105 zosta\u0107 odebrane w ci\u0105gu 180 dni od daty zakupu gry typu instant win.<\/li>\n<li>Gry zdrapki musz\u0105 by\u0107 r\u00f3wnie\u017c zg\u0142oszone w ci\u0105gu 180 dni od daty zakupu zdrapki.<\/li>\n<\/ul>\n<p>Je\u015bli <a href=\"https:\/\/jackpotlotteryonline.com\/pl\/jak-grac\/uk-lottery\">grasz w loteri\u0119 na naszej stronie<\/a>, u\u0142atwiamy Ci ubieganie si\u0119 o wygrane. W przypadku wygranych, kt\u00f3re wynosz\u0105 \u20ac2500 lub mniej, mo\u017cesz uzyska\u0107 do nich dost\u0119p w\u0142a\u015bnie na naszej stronie. Dzieje si\u0119 tak dlatego, \u017ce firma lotto wp\u0142aci je bezpo\u015brednio na nasz\u0105 stron\u0119, a Ty mo\u017cesz je nast\u0119pnie wyp\u0142aci\u0107 na swoje konto. Je\u015bli jest to wi\u0119cej ni\u017c \u20ac2500, musisz ubiega\u0107 si\u0119 o swoj\u0105 wygran\u0105 bezpo\u015brednio od firmy lotto. Pomo\u017cemy Ci w tym, dostarczaj\u0105c formularz roszczeniowy do wype\u0142nienia, wi\u0119c nie musisz si\u0119 martwi\u0107.<\/p>\n<h2>Jak sprawdzi\u0107 swoje zwyci\u0119skie numery<\/h2>\n<p><img loading=\"lazy\" decoding=\"async\" class=\"alignright size-medium wp-image-27563\" src=\"https:\/\/jackpotlotteryonline.com\/wp-content\/uploads\/2022\/11\/1_lottery_numbers_draw_results-300x201.jpg\" alt=\"wygra\u0107 UK loterii\" width=\"300\" height=\"201\" srcset=\"https:\/\/jackpotlotteryonline.com\/wp-content\/uploads\/2022\/11\/1_lottery_numbers_draw_results-300x201.jpg 300w, https:\/\/jackpotlotteryonline.com\/wp-content\/uploads\/2022\/11\/1_lottery_numbers_draw_results.jpg 320w\" sizes=\"auto, (max-width: 300px) 100vw, 300px\" \/>Aby wiedzie\u0107, czy wygra\u0142e\u015b nagrod\u0119, czy nie, musisz przede wszystkim sprawdzi\u0107 wylosowane numery. Istnieje kilka sposob\u00f3w, aby to zrobi\u0107, je\u015bli grasz online. Jednak zdecydowanie najskuteczniejszym z nich jest powr\u00f3t tutaj, aby sprawdzi\u0107 wyniki losowania. Publikujemy wylosowane numery po ka\u017cdym losowaniu.<\/p>\n<p>Ponadto, je\u015bli zarejestrowa\u0142e\u015b si\u0119 u nas, wy\u015blemy Ci e-mail z informacj\u0105, czy wygra\u0142e\u015b nagrod\u0119. Jest to jedna z g\u0142\u00f3wnych zalet gry w lotto z nami. Opr\u00f3cz tego, \u017ce mo\u017cesz uzyska\u0107 dost\u0119p do wielu mi\u0119dzynarodowych loterii. Kiedy grasz z nami, nie musisz si\u0119 martwi\u0107, \u017ce przegapisz swoj\u0105 nagrod\u0119. Damy Ci zna\u0107, je\u015bli wygra\u0142e\u015b nagrod\u0119. Ponadto, je\u015bli jest to mniej ni\u017c \u20ac2500, b\u0119dzie ona siedzie\u0107 \u0142adnie na Twoim koncie przy nast\u0119pnym logowaniu.<\/p>\n<h2>Korzy\u015bci z gry na loterii z nami<\/h2>\n<ul>\n<li>Otrzymasz dost\u0119p do najlepszych mi\u0119dzynarodowych loterii z jednego wygodnego miejsca<\/li>\n<li>Jeste\u015bmy stron\u0105 concierge. Oznacza to, \u017ce nie obstawiasz wyniku loterii. Tak naprawd\u0119 kupujesz wej\u015bcie na loteri\u0119 z dowolnego miejsca.<\/li>\n<li>Mo\u017cesz wej\u015b\u0107 na losowania z kilkutygodniowym wyprzedzeniem, korzystaj\u0105c z naszego serwisu subskrypcyjnego<\/li>\n<li>Mo\u017cesz pozna\u0107 wyniki losowania tutaj na naszej stronie<\/li>\n<li>Powiadomimy Ci\u0119, je\u015bli wygrasz jak\u0105\u015b nagrod\u0119<\/li>\n<li>\u0141atwo wyp\u0142acisz swoje wygrane z naszej strony do swojego banku.<\/li>\n<\/ul>\n<p>Jest tak wiele korzy\u015bci, gdy grasz na loterii z naszej strony. Skupiamy si\u0119 na dostarczaniu najbardziej wygodnych i bezproblemowych us\u0142ug dla naszych klient\u00f3w, aby mogli oni cieszy\u0107 si\u0119 gr\u0105 w lotto.<\/p>\n<h2>Sprawd\u017a swoje zwyci\u0119skie numery lotto tutaj<\/h2>\n<p>Wspomnieli\u015bmy, \u017ce zapewniamy dost\u0119p do kilku mi\u0119dzynarodowych loterii. Nie tylko jeste\u015b w stanie <a href=\"https:\/\/jackpotlotteryonline.com\/pl\/kupic-bilety\/uk-lottery\">kupi\u0107 swoje losy z dowolnego miejsca<\/a>, ale tak\u017ce mo\u017cesz sprawdzi\u0107 wylosowane numery. Bez wzgl\u0119du na to, jak\u0105 gr\u0119 lotto wybierzesz, opublikujemy wyniki w\u0142a\u015bnie tutaj, na naszej stronie.<\/p>\n<p>Co najlepsze, je\u015bli wygrasz jak\u0105\u015b nagrod\u0119, nie musisz si\u0119 martwi\u0107 o to, co stanie si\u0119 z Twoj\u0105 wygran\u0105. Nie bierzemy \u017cadnego procentu od Twoich wygranych; cokolwiek wygrasz jest w ca\u0142o\u015bci Twoje. I mo\u017cesz je \u0142atwo wyp\u0142aci\u0107 z naszej platformy.<\/p>\n<p>Naprawd\u0119, gra na loteriach nigdy nie by\u0142a prostsza i bezproblemowa. Dlaczego nie zarejestrujesz si\u0119 u nas ju\u017c dzi\u015b, aby do\u015bwiadczy\u0107 przyjemno\u015bci z wygodnej i bezstresowej gry w lotto?<\/p>\n","protected":false},"excerpt":{"rendered":"<p>UK Lottery to ciekawa gra, kt\u00f3ra mo\u017ce uczyni\u0107 graczy milionerami. Podczas gdy jest ona popularna w\u015br\u00f3d graczy w Wielkiej Brytanii, nie jest ona zbyt dobrze znana mi\u0119dzynarodowym graczom. Je\u015bli wi\u0119c chcesz spr\u00f3bowa\u0107 swoich si\u0142 w mi\u0119dzynarodowej loterii, dlaczego nie spr\u00f3bowa\u0107 tej? Chocia\u017c nagrody nie s\u0105 gwarantowane, \u0142atwo jest wybra\u0107 zwyci\u0119ski numer. Jest jednak jedna rzecz, [&hellip;]<\/p>\n","protected":false},"author":1,"featured_media":0,"parent":35844,"menu_order":10,"comment_status":"closed","ping_status":"closed","template":"lotto-uk-results.php","meta":{"_et_pb_use_builder":"","_et_pb_old_content":"","_et_gb_content_width":"","exclude_from_search":false,"footnotes":""},"class_list":["post-41107","page","type-page","status-publish","hentry"],"yoast_head":"<!-- This site is optimized with the Yoast SEO plugin v23.3 - https:\/\/yoast.com\/wordpress\/plugins\/seo\/ -->\n<title>UK Lottery zwyci\u0119skie numery i wyniki losowa\u0144<\/title>\n<meta name=\"description\" content=\"Zaraz po losowaniu, znajdziesz tutaj wszystkie wyniki i zwyci\u0119skie numery brytyjskiej loterii\" \/>\n<meta name=\"robots\" content=\"index, follow, max-snippet:-1, max-image-preview:large, max-video-preview:-1\" \/>\n<link rel=\"canonical\" href=\"https:\/\/jackpotlotteryonline.com\/pl\/zwycieskie-numery\/uk-lottery\/\" \/>\n<meta property=\"og:locale\" content=\"pl_PL\" \/>\n<meta property=\"og:type\" content=\"article\" \/>\n<meta property=\"og:title\" content=\"UK Lottery zwyci\u0119skie numery i wyniki losowa\u0144\" \/>\n<meta property=\"og:description\" content=\"Zaraz po losowaniu, znajdziesz tutaj wszystkie wyniki i zwyci\u0119skie numery brytyjskiej loterii\" \/>\n<meta property=\"og:url\" content=\"https:\/\/jackpotlotteryonline.com\/pl\/zwycieskie-numery\/uk-lottery\/\" \/>\n<meta property=\"og:site_name\" content=\"Lotto Online - Crack The International Lottery Jackpots\" \/>\n<meta property=\"article:modified_time\" content=\"2022-12-29T09:15:43+00:00\" \/>\n<meta property=\"og:image\" content=\"https:\/\/jackpotlotteryonline.com\/wp-content\/uploads\/2022\/11\/read1.jpg\" \/>\n<meta name=\"twitter:card\" content=\"summary_large_image\" \/>\n<meta name=\"twitter:label1\" content=\"Szacowany czas czytania\" \/>\n\t<meta name=\"twitter:data1\" content=\"6 minut\" \/>\n<!-- \/ Yoast SEO plugin. -->","yoast_head_json":{"title":"UK Lottery zwyci\u0119skie numery i wyniki losowa\u0144","description":"Zaraz po losowaniu, znajdziesz tutaj wszystkie wyniki i zwyci\u0119skie numery brytyjskiej loterii","robots":{"index":"index","follow":"follow","max-snippet":"max-snippet:-1","max-image-preview":"max-image-preview:large","max-video-preview":"max-video-preview:-1"},"canonical":"https:\/\/jackpotlotteryonline.com\/pl\/zwycieskie-numery\/uk-lottery\/","og_locale":"pl_PL","og_type":"article","og_title":"UK Lottery zwyci\u0119skie numery i wyniki losowa\u0144","og_description":"Zaraz po losowaniu, znajdziesz tutaj wszystkie wyniki i zwyci\u0119skie numery brytyjskiej loterii","og_url":"https:\/\/jackpotlotteryonline.com\/pl\/zwycieskie-numery\/uk-lottery\/","og_site_name":"Lotto Online - Crack The International Lottery Jackpots","article_modified_time":"2022-12-29T09:15:43+00:00","og_image":[{"url":"https:\/\/jackpotlotteryonline.com\/wp-content\/uploads\/2022\/11\/read1.jpg"}],"twitter_card":"summary_large_image","twitter_misc":{"Szacowany czas czytania":"6 minut"},"schema":{"@context":"https:\/\/schema.org","@graph":[{"@type":"WebPage","@id":"https:\/\/jackpotlotteryonline.com\/pl\/zwycieskie-numery\/uk-lottery\/","url":"https:\/\/jackpotlotteryonline.com\/pl\/zwycieskie-numery\/uk-lottery\/","name":"UK Lottery zwyci\u0119skie numery i wyniki losowa\u0144","isPartOf":{"@id":"https:\/\/jackpotlotteryonline.com\/#website"},"primaryImageOfPage":{"@id":"https:\/\/jackpotlotteryonline.com\/pl\/zwycieskie-numery\/uk-lottery\/#primaryimage"},"image":{"@id":"https:\/\/jackpotlotteryonline.com\/pl\/zwycieskie-numery\/uk-lottery\/#primaryimage"},"thumbnailUrl":"https:\/\/jackpotlotteryonline.com\/wp-content\/uploads\/2022\/11\/read1.jpg","datePublished":"2022-12-08T09:16:27+00:00","dateModified":"2022-12-29T09:15:43+00:00","description":"Zaraz po losowaniu, znajdziesz tutaj wszystkie wyniki i zwyci\u0119skie numery brytyjskiej loterii","breadcrumb":{"@id":"https:\/\/jackpotlotteryonline.com\/pl\/zwycieskie-numery\/uk-lottery\/#breadcrumb"},"inLanguage":"pl-PL","potentialAction":[{"@type":"ReadAction","target":["https:\/\/jackpotlotteryonline.com\/pl\/zwycieskie-numery\/uk-lottery\/"]}]},{"@type":"ImageObject","inLanguage":"pl-PL","@id":"https:\/\/jackpotlotteryonline.com\/pl\/zwycieskie-numery\/uk-lottery\/#primaryimage","url":"https:\/\/jackpotlotteryonline.com\/wp-content\/uploads\/2022\/11\/read1.jpg","contentUrl":"https:\/\/jackpotlotteryonline.com\/wp-content\/uploads\/2022\/11\/read1.jpg"},{"@type":"BreadcrumbList","@id":"https:\/\/jackpotlotteryonline.com\/pl\/zwycieskie-numery\/uk-lottery\/#breadcrumb","itemListElement":[{"@type":"ListItem","position":1,"name":"Home","item":"https:\/\/jackpotlotteryonline.com\/pl\/"},{"@type":"ListItem","position":2,"name":"Wyniki loterii","item":"https:\/\/jackpotlotteryonline.com\/winning-numbers\/"},{"@type":"ListItem","position":3,"name":"Wyniki losowania UK Lottery"}]},{"@type":"WebSite","@id":"https:\/\/jackpotlotteryonline.com\/#website","url":"https:\/\/jackpotlotteryonline.com\/","name":"Lotto Online - Crack The International Lottery Jackpots","description":"","potentialAction":[{"@type":"SearchAction","target":{"@type":"EntryPoint","urlTemplate":"https:\/\/jackpotlotteryonline.com\/?s={search_term_string}"},"query-input":"required name=search_term_string"}],"inLanguage":"pl-PL"}]}},"_links":{"self":[{"href":"https:\/\/jackpotlotteryonline.com\/pl\/wp-json\/wp\/v2\/pages\/41107","targetHints":{"allow":["GET"]}}],"collection":[{"href":"https:\/\/jackpotlotteryonline.com\/pl\/wp-json\/wp\/v2\/pages"}],"about":[{"href":"https:\/\/jackpotlotteryonline.com\/pl\/wp-json\/wp\/v2\/types\/page"}],"author":[{"embeddable":true,"href":"https:\/\/jackpotlotteryonline.com\/pl\/wp-json\/wp\/v2\/users\/1"}],"replies":[{"embeddable":true,"href":"https:\/\/jackpotlotteryonline.com\/pl\/wp-json\/wp\/v2\/comments?post=41107"}],"version-history":[{"count":0,"href":"https:\/\/jackpotlotteryonline.com\/pl\/wp-json\/wp\/v2\/pages\/41107\/revisions"}],"up":[{"embeddable":true,"href":"https:\/\/jackpotlotteryonline.com\/pl\/wp-json\/wp\/v2\/pages\/35844"}],"wp:attachment":[{"href":"https:\/\/jackpotlotteryonline.com\/pl\/wp-json\/wp\/v2\/media?parent=41107"}],"curies":[{"name":"wp","href":"https:\/\/api.w.org\/{rel}","templated":true}]}}