{"id":41159,"date":"2022-12-08T11:20:18","date_gmt":"2022-12-08T11:20:18","guid":{"rendered":"https:\/\/jackpotlotteryonline.com\/?page_id=41159"},"modified":"2022-12-29T11:38:55","modified_gmt":"2022-12-29T11:38:55","slug":"set-for-life","status":"publish","type":"page","link":"https:\/\/jackpotlotteryonline.com\/pl\/zwycieskie-numery\/set-for-life\/","title":{"rendered":"Wyniki losowania &#8220;Set for Life"},"content":{"rendered":"<p>Loteria Set for Life to brytyjska loteria rentierska, kt\u00f3ra daje graczom szans\u0119 na wygranie nagrody zmieniaj\u0105cej \u017cycie. Zmian\u0119 \u017cycia w tym, \u017ce zwyci\u0119skie numery otrzymuj\u0105 \u00a310,000 co miesi\u0105c przez 30 lat. To prawie jak wygrywanie jackpota co miesi\u0105c przez reszt\u0119 \u017cycia.<\/p>\n<p>Gracze na ca\u0142ym \u015bwiecie mog\u0105 teraz <a href=\"https:\/\/jackpotlotteryonline.com\/pl\/kupic-bilety\/set-for-life\">wej\u015b\u0107 na brytyjsk\u0105 loteri\u0119 rentiersk\u0105, kupuj\u0105c bilety online<\/a>. Ponadto, mog\u0105 sprawdzi\u0107 zwyci\u0119skie numery online i uzyska\u0107 dost\u0119p do swoich wygranych, jak r\u00f3wnie\u017c.<\/p>\n<p>Kiedy<a href=\"https:\/\/jackpotlotteryonline.com\/pl\/jak-grac\/zagraj-w-set-for-life-online\"> grasz na loterii z jackpotlotteryonline.com<\/a>, praktycznie masz jeden sklep dla wszystkich swoich potrzeb loterii. Mo\u017cesz skupi\u0107 si\u0119 na wygranej na loterii, kupuj\u0105c bilety na najlepsze mi\u0119dzynarodowe loterie online.<\/p>\n<section class=\"layout\" style=\"border: solid 1px; width: 100%;\">\n<div class=\"img-div\" style=\"margin-top: 5px;\"><img decoding=\"async\" class=\"wp-image-17212 alignleft\" style=\"height: 45px; margin: 8px 8px 0px;\" src=\"http:\/\/jackpotlotteryonline.com\/wp-content\/uploads\/2022\/11\/read1.jpg\" alt=\"czytaj\" width=\"\" height=\"\" \/><\/div>\n<div style=\"padding-left: 5px;\">\n<div style=\"font-size: 1.1em;\">\n<p><strong>Czy to legalne, aby gra\u0107 na loteriach z innych kraj\u00f3w online?<\/strong><\/p>\n<p style=\"font-size: 0.85em; margin-top: -1.5em;\">Czy to legalne, aby uzyska\u0107 bilet na loteri\u0119 online, i czy rzeczywi\u015bcie otrzymam pieni\u0105dze? <a href=\"https:\/\/jackpotlotteryonline.com\/pl\/czy-granie-na-loteriach-z-innych-krajow-online-jest-legalne\">wi\u0119cej<\/a><\/p>\n<\/div>\n<\/div>\n<\/section>\n<h2>Dlaczego warto gra\u0107 online?<\/h2>\n<p>Po pierwsze, je\u015bli nie mieszkasz w Wielkiej Brytanii, to b\u0119dzie Ci bardzo trudno kupi\u0107 bilet na t\u0119 loteri\u0119. W zasadzie jedynym sposobem, w jaki mo\u017cesz gra\u0107 w Set for Life poza Wielk\u0105 Brytani\u0105, jest zrobienie tego online. Po drugie, gdy zobaczysz jak wygodna jest gra online, nie b\u0119dziesz chcia\u0142 gra\u0107 na tej loterii w \u017caden inny spos\u00f3b.<\/p>\n<p><strong>Poni\u017cej przedstawiamy kilka g\u0142\u00f3wnych korzy\u015bci p\u0142yn\u0105cych z gry na loterii online:<\/strong><img loading=\"lazy\" decoding=\"async\" class=\"alignright size-medium wp-image-27941\" src=\"http:\/\/jackpotlotteryonline.com\/wp-content\/uploads\/2022\/11\/1_lottery_winner_ticket-200x300.jpg\" alt=\"gra\u0107 set for life\" width=\"200\" height=\"300\" srcset=\"https:\/\/jackpotlotteryonline.com\/wp-content\/uploads\/2022\/11\/1_lottery_winner_ticket-200x300.jpg 200w, https:\/\/jackpotlotteryonline.com\/wp-content\/uploads\/2022\/11\/1_lottery_winner_ticket.jpg 320w\" sizes=\"auto, (max-width: 200px) 100vw, 200px\" \/><\/p>\n<ul>\n<li>Otrzymujesz natychmiastowy dost\u0119p do zagrania swoich zwyci\u0119skich numer\u00f3w na ka\u017cde losowanie<\/li>\n<li>Mo\u017cesz ustawi\u0107 swoje wej\u015bcia z tygodniowym wyprzedzeniem<\/li>\n<li>\u0141atwe sprawdzenie zwyci\u0119skich numer\u00f3w<\/li>\n<li>Dost\u0119p do swoich wygranych bez stresu<\/li>\n<\/ul>\n<p>Jest tak wiele zalet, gdy grasz na loterii online. A kiedy grasz z nami na jackpotlotteryonline.com, do\u015bwiadczasz \u0142atwo\u015bci i wygody posiadania loterii na wyci\u0105gni\u0119cie r\u0119ki. Jako strona concierge, zarz\u0105dzamy szczeg\u00f3\u0142ami dla Ciebie, podczas gdy Ty koncentrujesz si\u0119 na wyborze swoich zwyci\u0119skich numer\u00f3w z \u0142atwo\u015bci\u0105. Jest to rozwi\u0105zanie korzystne dla wszystkich.<\/p>\n<h2>Jakie s\u0105 zwyci\u0119skie numery Set for Life?<\/h2>\n<p>Jedynym sposobem, aby dowiedzie\u0107 si\u0119, czy masz zwyci\u0119skie numery, jest wiedzie\u0107, jak gra\u0107 w t\u0119 brytyjsk\u0105 loteri\u0119. Aby zagra\u0107, musisz wybra\u0107 5 numer\u00f3w z zakresu od 1 do 47 oraz 1 numer Life Ball z zakresu od 1 do 10. Po wybraniu numer\u00f3w, nast\u0119pnym krokiem jest wej\u015bcie na wybrane przez siebie losowania.<\/p>\n<p>Set for Life ma dwa dni losowania w tygodniu, w poniedzia\u0142ki i czwartki. Oznacza to dwie szanse na wygran\u0105 w loterii. Mo\u017cesz oczywi\u015bcie wej\u015b\u0107 w oba losowania, poniewa\u017c w ten spos\u00f3b zwi\u0119kszasz swoje szanse na wygran\u0105 w loterii.<\/p>\n<p>Po losowaniach nale\u017cy sprawdzi\u0107 wyniki, aby zobaczy\u0107, czy mamy zwyci\u0119sk\u0105 kombinacj\u0119. Kto ma zwyci\u0119skie numery, ten wygrywa loteri\u0119.<\/p>\n<h2>Trzy sposoby na sprawdzenie wynik\u00f3w losowania<\/h2>\n<p>Istniej\u0105 trzy sposoby na sprawdzenie zwyci\u0119skiej kombinacji dla tej brytyjskiej loterii. Je\u015bli mieszkasz w Wielkiej Brytanii, mo\u017cesz \u0142atwo ogl\u0105da\u0107 losowania na \u017cywo w telewizji. Je\u015bli jednak w tym czasie pracujesz lub masz inn\u0105 funkcj\u0119, to nie b\u0119dzie to dla Ciebie skuteczne.<\/p>\n<p>Inn\u0105 alternatyw\u0105 jest sprawdzenie wynik\u00f3w losowa\u0144 online. R\u00f3\u017cne strony internetowe publikuj\u0105 wyniki, w szczeg\u00f3lno\u015bci zwyci\u0119sk\u0105 kombinacj\u0119 dla jackpota. Oczywi\u015bcie, poniewa\u017c istniej\u0105 inne kategorie nagr\u00f3d w loterii, mo\u017cesz by\u0107 zainteresowany innymi zwyci\u0119skimi kombinacjami poza jackpotem.<\/p>\n<p>Najlepszym sposobem na sprawdzenie wynik\u00f3w losowania jest powr\u00f3t na t\u0119 stron\u0119 po ka\u017cdym losowaniu. Publikujemy wyniki losowania w\u0142a\u015bnie tutaj i po\u015bwi\u0119camy czas, aby pokaza\u0107 zwyci\u0119skie kombinacje w ka\u017cdym poziomie nagr\u00f3d. Ponadto, je\u015bli kupi\u0142e\u015b u nas sw\u00f3j los, wy\u015blemy Ci wiadomo\u015b\u0107 e-mail, je\u015bli masz zwyci\u0119ski los.<\/p>\n<h2>Kategorie nagr\u00f3d Set for Life<\/h2>\n<p>G\u0142\u00f3wn\u0105 nagrod\u0105 w tej brytyjskiej loterii jest niesamowite \u00a310,000 co miesi\u0105c przez nast\u0119pne 30 lat. Wyobra\u017a sobie, \u017ce wygrywasz tak\u0105 kwot\u0119 ka\u017cdego miesi\u0105ca przez 30 lat. Z tak\u0105 nagrod\u0105, \u0142atwo zrozumie\u0107 dlaczego gracze na ca\u0142ym \u015bwiecie s\u0105 ch\u0119tni do zdobycia zwyci\u0119skiej kombinacji w tej loterii.<\/p>\n<p>Poza wygran\u0105 pierwsz\u0105 nagrod\u0105, s\u0105 jeszcze inne ekscytuj\u0105ce nagrody, kt\u00f3re gracze mog\u0105 wygra\u0107 w tej loterii. Oto kategorie nagr\u00f3d.<\/p>\n<p>Kategoria 1: Match 5 + Life Ball &#8211; \u00a310,000 co miesi\u0105c przez 30 lat<\/p>\n<p>Kategoria 2: Tylko Mecz 5 &#8211; \u00a310,000 co miesi\u0105c przez 1 rok<\/p>\n<p>Kategoria 3: Match 4 + LIfe Ball &#8211; \u00a3250<\/p>\n<p>Kategoria 4: Match 4 only &#8211; \u00a350<\/p>\n<p>Kategoria 5: Match 3 + Life Ball &#8211; \u00a330<\/p>\n<p>Kategoria 6: Match 3 only &#8211; \u00a320<\/p>\n<p>Kategoria 7: Mecz 2 + Pi\u0142ka \u017bycia &#8211; \u00a310<\/p>\n<p>Kategoria 8 Tylko Mecz 2 &#8211; \u00a35<\/p>\n<h2>Wyp\u0142ata wygranej<\/h2>\n<p>Wspomnieli\u015bmy, \u017ce powiadomimy Ci\u0119 poprzez e-mail oraz poprzez Twoje konto, je\u015bli masz zwyci\u0119ski kupon. Ale jak wyp\u0142aci\u0107 wygran\u0105, gdy mieszkasz poza granicami Wielkiej Brytanii? Jest to pytanie, kt\u00f3rym martwi si\u0119 wielu graczy. C\u00f3\u017c, jeste\u015bmy tutaj, aby da\u0107 Ci spok\u00f3j z wygranymi.<\/p>\n<p>Kiedy zarejestrujesz si\u0119 u nas i kupisz od nas swoje kupony loteryjne, upro\u015bcimy dla Ciebie ten proces. Jako strona concierge, stworzyli\u015bmy bezproblemowy proces, dzi\u0119ki kt\u00f3remu mo\u017cesz \u0142atwo wyp\u0142aci\u0107 swoje wygrane. Z wygranymi, kt\u00f3re s\u0105 poni\u017cej 2,500 Euro, wszystko co musisz zrobi\u0107 to wyp\u0142aci\u0107 je z naszej strony na swoje konto.<\/p>\n<p>Je\u015bli wygra\u0142e\u015b nagrod\u0119, kt\u00f3ra jest powy\u017cej tej kwoty, dostarczymy Ci formularz roszczenia. W ten spos\u00f3b, mo\u017cna ubiega\u0107 si\u0119 o swoje wygrane bezpo\u015brednio z firmy loteryjnej. Wi\u0119c \u015bmia\u0142o i kupi\u0107 bilet na loterii dzisiaj na szans\u0119 mie\u0107 zwyci\u0119sk\u0105 kombinacj\u0119.<\/p>\n","protected":false},"excerpt":{"rendered":"<p>Loteria Set for Life to brytyjska loteria rentierska, kt\u00f3ra daje graczom szans\u0119 na wygranie nagrody zmieniaj\u0105cej \u017cycie. Zmian\u0119 \u017cycia w tym, \u017ce zwyci\u0119skie numery otrzymuj\u0105 \u00a310,000 co miesi\u0105c przez 30 lat. To prawie jak wygrywanie jackpota co miesi\u0105c przez reszt\u0119 \u017cycia. Gracze na ca\u0142ym \u015bwiecie mog\u0105 teraz wej\u015b\u0107 na brytyjsk\u0105 loteri\u0119 rentiersk\u0105, kupuj\u0105c bilety online. [&hellip;]<\/p>\n","protected":false},"author":1,"featured_media":0,"parent":35844,"menu_order":11,"comment_status":"closed","ping_status":"closed","template":"set-for-life-results.php","meta":{"_et_pb_use_builder":"","_et_pb_old_content":"","_et_gb_content_width":"","exclude_from_search":false,"footnotes":""},"class_list":["post-41159","page","type-page","status-publish","hentry"],"yoast_head":"<!-- This site is optimized with the Yoast SEO plugin v23.3 - https:\/\/yoast.com\/wordpress\/plugins\/seo\/ -->\n<title>Zestaw dla \u017bycia zwyci\u0119skie numery i wyniki losowania<\/title>\n<meta name=\"description\" content=\"Wyniki losowa\u0144 loterii Set For Life, jak r\u00f3wnie\u017c zwyci\u0119skie numery tutaj na Jackpotlotteryonline.com\" \/>\n<meta name=\"robots\" content=\"index, follow, max-snippet:-1, max-image-preview:large, max-video-preview:-1\" \/>\n<link rel=\"canonical\" href=\"https:\/\/jackpotlotteryonline.com\/pl\/zwycieskie-numery\/set-for-life\/\" \/>\n<meta property=\"og:locale\" content=\"pl_PL\" \/>\n<meta property=\"og:type\" content=\"article\" \/>\n<meta property=\"og:title\" content=\"Zestaw dla \u017bycia zwyci\u0119skie numery i wyniki losowania\" \/>\n<meta property=\"og:description\" content=\"Wyniki losowa\u0144 loterii Set For Life, jak r\u00f3wnie\u017c zwyci\u0119skie numery tutaj na Jackpotlotteryonline.com\" \/>\n<meta property=\"og:url\" content=\"https:\/\/jackpotlotteryonline.com\/pl\/zwycieskie-numery\/set-for-life\/\" \/>\n<meta property=\"og:site_name\" content=\"Lotto Online - Crack The International Lottery Jackpots\" \/>\n<meta property=\"article:modified_time\" content=\"2022-12-29T11:38:55+00:00\" \/>\n<meta property=\"og:image\" content=\"http:\/\/jackpotlotteryonline.com\/wp-content\/uploads\/2022\/11\/read1.jpg\" \/>\n<meta name=\"twitter:card\" content=\"summary_large_image\" \/>\n<meta name=\"twitter:label1\" content=\"Szacowany czas czytania\" \/>\n\t<meta name=\"twitter:data1\" content=\"4 minuty\" \/>\n<!-- \/ Yoast SEO plugin. -->","yoast_head_json":{"title":"Zestaw dla \u017bycia zwyci\u0119skie numery i wyniki losowania","description":"Wyniki losowa\u0144 loterii Set For Life, jak r\u00f3wnie\u017c zwyci\u0119skie numery tutaj na Jackpotlotteryonline.com","robots":{"index":"index","follow":"follow","max-snippet":"max-snippet:-1","max-image-preview":"max-image-preview:large","max-video-preview":"max-video-preview:-1"},"canonical":"https:\/\/jackpotlotteryonline.com\/pl\/zwycieskie-numery\/set-for-life\/","og_locale":"pl_PL","og_type":"article","og_title":"Zestaw dla \u017bycia zwyci\u0119skie numery i wyniki losowania","og_description":"Wyniki losowa\u0144 loterii Set For Life, jak r\u00f3wnie\u017c zwyci\u0119skie numery tutaj na Jackpotlotteryonline.com","og_url":"https:\/\/jackpotlotteryonline.com\/pl\/zwycieskie-numery\/set-for-life\/","og_site_name":"Lotto Online - Crack The International Lottery Jackpots","article_modified_time":"2022-12-29T11:38:55+00:00","og_image":[{"url":"http:\/\/jackpotlotteryonline.com\/wp-content\/uploads\/2022\/11\/read1.jpg"}],"twitter_card":"summary_large_image","twitter_misc":{"Szacowany czas czytania":"4 minuty"},"schema":{"@context":"https:\/\/schema.org","@graph":[{"@type":"WebPage","@id":"https:\/\/jackpotlotteryonline.com\/pl\/zwycieskie-numery\/set-for-life\/","url":"https:\/\/jackpotlotteryonline.com\/pl\/zwycieskie-numery\/set-for-life\/","name":"Zestaw dla \u017bycia zwyci\u0119skie numery i wyniki losowania","isPartOf":{"@id":"https:\/\/jackpotlotteryonline.com\/#website"},"primaryImageOfPage":{"@id":"https:\/\/jackpotlotteryonline.com\/pl\/zwycieskie-numery\/set-for-life\/#primaryimage"},"image":{"@id":"https:\/\/jackpotlotteryonline.com\/pl\/zwycieskie-numery\/set-for-life\/#primaryimage"},"thumbnailUrl":"http:\/\/jackpotlotteryonline.com\/wp-content\/uploads\/2022\/11\/read1.jpg","datePublished":"2022-12-08T11:20:18+00:00","dateModified":"2022-12-29T11:38:55+00:00","description":"Wyniki losowa\u0144 loterii Set For Life, jak r\u00f3wnie\u017c zwyci\u0119skie numery tutaj na Jackpotlotteryonline.com","breadcrumb":{"@id":"https:\/\/jackpotlotteryonline.com\/pl\/zwycieskie-numery\/set-for-life\/#breadcrumb"},"inLanguage":"pl-PL","potentialAction":[{"@type":"ReadAction","target":["https:\/\/jackpotlotteryonline.com\/pl\/zwycieskie-numery\/set-for-life\/"]}]},{"@type":"ImageObject","inLanguage":"pl-PL","@id":"https:\/\/jackpotlotteryonline.com\/pl\/zwycieskie-numery\/set-for-life\/#primaryimage","url":"http:\/\/jackpotlotteryonline.com\/wp-content\/uploads\/2022\/11\/read1.jpg","contentUrl":"http:\/\/jackpotlotteryonline.com\/wp-content\/uploads\/2022\/11\/read1.jpg"},{"@type":"BreadcrumbList","@id":"https:\/\/jackpotlotteryonline.com\/pl\/zwycieskie-numery\/set-for-life\/#breadcrumb","itemListElement":[{"@type":"ListItem","position":1,"name":"Home","item":"https:\/\/jackpotlotteryonline.com\/pl\/"},{"@type":"ListItem","position":2,"name":"Wyniki loterii","item":"https:\/\/jackpotlotteryonline.com\/winning-numbers\/"},{"@type":"ListItem","position":3,"name":"Wyniki losowania &#8222;Set for Life"}]},{"@type":"WebSite","@id":"https:\/\/jackpotlotteryonline.com\/#website","url":"https:\/\/jackpotlotteryonline.com\/","name":"Lotto Online - Crack The International Lottery Jackpots","description":"","potentialAction":[{"@type":"SearchAction","target":{"@type":"EntryPoint","urlTemplate":"https:\/\/jackpotlotteryonline.com\/?s={search_term_string}"},"query-input":"required name=search_term_string"}],"inLanguage":"pl-PL"}]}},"_links":{"self":[{"href":"https:\/\/jackpotlotteryonline.com\/pl\/wp-json\/wp\/v2\/pages\/41159","targetHints":{"allow":["GET"]}}],"collection":[{"href":"https:\/\/jackpotlotteryonline.com\/pl\/wp-json\/wp\/v2\/pages"}],"about":[{"href":"https:\/\/jackpotlotteryonline.com\/pl\/wp-json\/wp\/v2\/types\/page"}],"author":[{"embeddable":true,"href":"https:\/\/jackpotlotteryonline.com\/pl\/wp-json\/wp\/v2\/users\/1"}],"replies":[{"embeddable":true,"href":"https:\/\/jackpotlotteryonline.com\/pl\/wp-json\/wp\/v2\/comments?post=41159"}],"version-history":[{"count":0,"href":"https:\/\/jackpotlotteryonline.com\/pl\/wp-json\/wp\/v2\/pages\/41159\/revisions"}],"up":[{"embeddable":true,"href":"https:\/\/jackpotlotteryonline.com\/pl\/wp-json\/wp\/v2\/pages\/35844"}],"wp:attachment":[{"href":"https:\/\/jackpotlotteryonline.com\/pl\/wp-json\/wp\/v2\/media?parent=41159"}],"curies":[{"name":"wp","href":"https:\/\/api.w.org\/{rel}","templated":true}]}}