{"id":41217,"date":"2022-12-08T13:47:38","date_gmt":"2022-12-08T13:47:38","guid":{"rendered":"https:\/\/jackpotlotteryonline.com\/?page_id=41217"},"modified":"2022-12-29T21:44:41","modified_gmt":"2022-12-29T21:44:41","slug":"mega-sena","status":"publish","type":"page","link":"https:\/\/jackpotlotteryonline.com\/pl\/zwycieskie-numery\/mega-sena\/","title":{"rendered":"Wyniki losowania loterii Mega-Sena"},"content":{"rendered":"<p>Gracze na ca\u0142ym \u015bwiecie mog\u0105 ju\u017c kupowa\u0107 losy na loteri\u0119 Mega-Sena. Ma\u0142o tego, po zagraniu na loterii mo\u017cna sprawdzi\u0107 zwyci\u0119skie numery Mega-Sena online. Istotn\u0105 cz\u0119\u015bci\u0105 gry na loterii jest sprawdzenie wynik\u00f3w losowania, aby nie przegapi\u0107 \u017cadnych nagr\u00f3d. Istnieje kilka sposob\u00f3w na sprawdzenie zwyci\u0119skich numer\u00f3w brazylijskiej loterii, do kt\u00f3rych przejdziemy za chwil\u0119.<\/p>\n<p>Je\u015bli jednak spieszy Ci si\u0119, aby pozna\u0107 wyniki ostatniego losowania, mo\u017cesz odwiedzi\u0107 stron\u0119 jackpotlotteryonline.com, aby uzyska\u0107 dost\u0119p do najlepszych mi\u0119dzynarodowych loterii.<\/p>\n<section class=\"layout\" style=\"border: solid 1px; width: 100%;\">\n<div class=\"img-div\" style=\"margin-top: 5px;\"><img decoding=\"async\" class=\"wp-image-17212 alignleft\" style=\"height: 45px; margin: 8px 8px 0px;\" src=\"https:\/\/jackpotlotteryonline.com\/wp-content\/uploads\/2022\/11\/read1.jpg\" alt=\"czytaj\" width=\"\" height=\"\" \/><\/div>\n<div style=\"padding-left: 5px;\">\n<div style=\"font-size: 1.1em;\">\n<p><strong>Europejskie Loterie<\/strong><\/p>\n<p style=\"font-size: 0.85em; margin-top: -1.5em;\">Kt\u00f3re europejskie loterie s\u0105 najlepsze?\u00a0<a href=\"https:\/\/jackpotlotteryonline.com\/pl\/ktore-europejskie-loterie-sa-najlepsze\"> wi\u0119cej<\/a><\/p>\n<\/div>\n<\/div>\n<\/section>\n<h2>Podstawy loterii Mega-Sena<\/h2>\n<p>Mega-Sena jest jak ka\u017cda inna loteria w spos\u00f3b, w jaki jest rozgrywana. Po prostu trzeba wybra\u0107 numery z pewnego zakresu. W przypadku brazylijskiej loterii, wybierasz 6 z zakresu od 1 do 60. I to wszystko. \u017badnych dodatkowych czy bonusowych numer\u00f3w, tylko sze\u015b\u0107 dla tej loterii.<\/p>\n<p>Kiedy ju\u017c wybierzesz te cyfry, kt\u00f3re chcesz, nast\u0119pnym krokiem jest wzi\u0119cie udzia\u0142u w losowaniach. Mega-Sena ma dwa losowania tygodniowo, w \u015brody i czwartki.<\/p>\n<h2>Mega-Sena zwyci\u0119skie numery<\/h2>\n<p><img loading=\"lazy\" decoding=\"async\" class=\"size-full wp-image-29102 alignright\" src=\"https:\/\/jackpotlotteryonline.com\/wp-content\/uploads\/2022\/11\/1_play_lottery_international.jpg\" alt=\"Mega-Sena zwyci\u0119skie numery\" width=\"205\" height=\"147\" \/>Jak wybra\u0107 swoje zwyci\u0119skie numery Mega-Sena? R\u00f3\u017cni gracze maj\u0105 r\u00f3\u017cne sposoby, aby wybra\u0107 to, co dzia\u0142a dla nich. Mo\u017cesz wybra\u0107 swoje zwyci\u0119skie numery u\u017cywaj\u0105c dat, kt\u00f3re s\u0105 dla Ciebie wyj\u0105tkowe. Je\u015bli masz szcz\u0119\u015bliwe daty lub cyfry, mog\u0105 one by\u0107 przydatne do pomocy w wyborze numeru.<\/p>\n<p>Je\u015bli nie masz na my\u015bli \u017cadnego specjalnego numeru, nie przejmuj si\u0119 tym. Kiedy<a href=\"https:\/\/jackpotlotteryonline.com\/pl\/jak-grac\/mega-sena-2\"> grasz z nami w Mega-Sena<\/a>, mo\u017cesz u\u017cy\u0107 naszego automatycznego generatora, aby wybra\u0107 losowe numery. Na koniec dnia, wa\u017cne jest, aby pami\u0119ta\u0107, \u017ce loteria jest gr\u0105 losow\u0105. Jedynym prawdziwym sposobem na zwi\u0119kszenie swoich szans na wygran\u0105 jest zakup wielu los\u00f3w i wzi\u0119cie udzia\u0142u w wielu losowaniach.<\/p>\n<p>Mo\u017cesz gra\u0107 na loterii online odwiedzaj\u0105c nasz\u0105 stron\u0119 dla Mega-Sena. U\u0142atwiamy Ci wej\u015bcie do jednego lub wielu losowa\u0144. Mo\u017cesz r\u00f3wnie\u017c kupi\u0107 kilka linii na bilecie, co daje Ci wiele wej\u015b\u0107 na loteri\u0119.<\/p>\n<h2>Nagrody w Mega-Senie<\/h2>\n<p>Loteria Mega-Sena ma gwarantowany startowy jackpot w wysoko\u015bci 3 milion\u00f3w brazylijskich reali. To jest oko\u0142o \u20ac549467.87. Je\u015bli jednak nie ma zwyci\u0119zcy po losowaniu, jackpot przechodzi do nast\u0119pnego losowania. Tak wi\u0119c, kwota jackpota mo\u017ce urosn\u0105\u0107 ca\u0142kiem spora, co czyni j\u0105 s\u0142odk\u0105 ofert\u0105 dla wszystkich graczy.<\/p>\n<p>Dodatkowo, szanse na wygran\u0105 w Mega-Senie wynosz\u0105 1 na 50 milion\u00f3w. Gdy por\u00f3wnamy to z innymi topowymi mi\u0119dzynarodowymi loteriami, to wida\u0107 jak na d\u0142oni, dlaczego brazylijska loteria jest popularna w\u015br\u00f3d graczy.<\/p>\n<p>Brazylijska loteria r\u00f3\u017cni si\u0119 r\u00f3wnie\u017c od innych loterii tym, \u017ce oferuje tylko 3 kategorie nagr\u00f3d, w tym jackpot. Tak wi\u0119c, wygrana na loterii oznacza, \u017ce mo\u017cesz wygra\u0107 jedn\u0105 z nast\u0119puj\u0105cych nagr\u00f3d.<\/p>\n<p>Jackpot &#8211; Sena: Match 6 &#8211; 35% puli nagr\u00f3d<\/p>\n<p>Tier 2 &#8211; Quina: Match 5 &#8211; 19% puli nagr\u00f3d<\/p>\n<p>Tier 3 &#8211; Quadra: Mecz 4 &#8211; 19% puli nagr\u00f3d<\/p>\n<h2>Odbieranie nagrody<\/h2>\n<p>Kolejnym krokiem jest odebranie nagrody, kt\u00f3r\u0105 wygra\u0142e\u015b po wej\u015bciu do loterii. To, w jaki spos\u00f3b odbierzesz swoj\u0105 nagrod\u0119 zale\u017cy od tego, gdzie kupi\u0142e\u015b sw\u00f3j kupon. Graj\u0105c na loterii online, wa\u017cne jest, aby kupi\u0107 bilet ze strony, kt\u00f3ra daje szans\u0119 na wygranie loterii. Niekt\u00f3re strony pozwalaj\u0105 tylko postawi\u0107 na wynik loterii.<\/p>\n<p>Kiedy <a href=\"https:\/\/jackpotlotteryonline.com\/pl\/kupic-bilety\/mega-sena\">kupisz bilet na loteri\u0119 od nas<\/a>, masz dost\u0119p do loterii. To dlatego, \u017ce nasz agent w Brazylii kupi fizyczne bilety z odpowiednimi numerami. Daj\u0105c Ci szans\u0119 na wygranie loterii.<\/p>\n<p>Wi\u0119c je\u015bli wygrasz jakie\u015b nagrody, wszystko co musisz zrobi\u0107 to wyp\u0142aci\u0107 swoj\u0105 nagrod\u0119 z naszej strony na swoje konto. To takie proste. Odwied\u017a nasze warunki, aby dowiedzie\u0107 si\u0119, jak spieni\u0119\u017cy\u0107 swoje zwyci\u0119skie numery Mega-Sena.<\/p>\n<p>&lt;alt image text 1&gt;<\/p>\n","protected":false},"excerpt":{"rendered":"<p>Gracze na ca\u0142ym \u015bwiecie mog\u0105 ju\u017c kupowa\u0107 losy na loteri\u0119 Mega-Sena. Ma\u0142o tego, po zagraniu na loterii mo\u017cna sprawdzi\u0107 zwyci\u0119skie numery Mega-Sena online. Istotn\u0105 cz\u0119\u015bci\u0105 gry na loterii jest sprawdzenie wynik\u00f3w losowania, aby nie przegapi\u0107 \u017cadnych nagr\u00f3d. Istnieje kilka sposob\u00f3w na sprawdzenie zwyci\u0119skich numer\u00f3w brazylijskiej loterii, do kt\u00f3rych przejdziemy za chwil\u0119. Je\u015bli jednak spieszy Ci [&hellip;]<\/p>\n","protected":false},"author":1,"featured_media":0,"parent":35844,"menu_order":14,"comment_status":"closed","ping_status":"closed","template":"megasena-results.php","meta":{"_et_pb_use_builder":"","_et_pb_old_content":"","_et_gb_content_width":"","exclude_from_search":false,"footnotes":""},"class_list":["post-41217","page","type-page","status-publish","hentry"],"yoast_head":"<!-- This site is optimized with the Yoast SEO plugin v23.3 - https:\/\/yoast.com\/wordpress\/plugins\/seo\/ -->\n<title>Wyniki losowania loterii Mega-Sena i zwyci\u0119skie numery<\/title>\n<meta name=\"description\" content=\"Brazylijskie wyniki Mega-Sena s\u0105 trudne do znalezienia - my wymieniamy dzisiejsze i wczorajsze zwyci\u0119skie numery oraz wyniki losowania na naszej stronie internetowej\" \/>\n<meta name=\"robots\" content=\"index, follow, max-snippet:-1, max-image-preview:large, max-video-preview:-1\" \/>\n<link rel=\"canonical\" href=\"https:\/\/jackpotlotteryonline.com\/pl\/zwycieskie-numery\/mega-sena\/\" \/>\n<meta property=\"og:locale\" content=\"pl_PL\" \/>\n<meta property=\"og:type\" content=\"article\" \/>\n<meta property=\"og:title\" content=\"Wyniki losowania loterii Mega-Sena i zwyci\u0119skie numery\" \/>\n<meta property=\"og:description\" content=\"Brazylijskie wyniki Mega-Sena s\u0105 trudne do znalezienia - my wymieniamy dzisiejsze i wczorajsze zwyci\u0119skie numery oraz wyniki losowania na naszej stronie internetowej\" \/>\n<meta property=\"og:url\" content=\"https:\/\/jackpotlotteryonline.com\/pl\/zwycieskie-numery\/mega-sena\/\" \/>\n<meta property=\"og:site_name\" content=\"Lotto Online - Crack The International Lottery Jackpots\" \/>\n<meta property=\"article:modified_time\" content=\"2022-12-29T21:44:41+00:00\" \/>\n<meta property=\"og:image\" content=\"https:\/\/jackpotlotteryonline.com\/wp-content\/uploads\/2022\/11\/read1.jpg\" \/>\n<meta name=\"twitter:card\" content=\"summary_large_image\" \/>\n<meta name=\"twitter:label1\" content=\"Szacowany czas czytania\" \/>\n\t<meta name=\"twitter:data1\" content=\"3 minuty\" \/>\n<!-- \/ Yoast SEO plugin. -->","yoast_head_json":{"title":"Wyniki losowania loterii Mega-Sena i zwyci\u0119skie numery","description":"Brazylijskie wyniki Mega-Sena s\u0105 trudne do znalezienia - my wymieniamy dzisiejsze i wczorajsze zwyci\u0119skie numery oraz wyniki losowania na naszej stronie internetowej","robots":{"index":"index","follow":"follow","max-snippet":"max-snippet:-1","max-image-preview":"max-image-preview:large","max-video-preview":"max-video-preview:-1"},"canonical":"https:\/\/jackpotlotteryonline.com\/pl\/zwycieskie-numery\/mega-sena\/","og_locale":"pl_PL","og_type":"article","og_title":"Wyniki losowania loterii Mega-Sena i zwyci\u0119skie numery","og_description":"Brazylijskie wyniki Mega-Sena s\u0105 trudne do znalezienia - my wymieniamy dzisiejsze i wczorajsze zwyci\u0119skie numery oraz wyniki losowania na naszej stronie internetowej","og_url":"https:\/\/jackpotlotteryonline.com\/pl\/zwycieskie-numery\/mega-sena\/","og_site_name":"Lotto Online - Crack The International Lottery Jackpots","article_modified_time":"2022-12-29T21:44:41+00:00","og_image":[{"url":"https:\/\/jackpotlotteryonline.com\/wp-content\/uploads\/2022\/11\/read1.jpg"}],"twitter_card":"summary_large_image","twitter_misc":{"Szacowany czas czytania":"3 minuty"},"schema":{"@context":"https:\/\/schema.org","@graph":[{"@type":"WebPage","@id":"https:\/\/jackpotlotteryonline.com\/pl\/zwycieskie-numery\/mega-sena\/","url":"https:\/\/jackpotlotteryonline.com\/pl\/zwycieskie-numery\/mega-sena\/","name":"Wyniki losowania loterii Mega-Sena i zwyci\u0119skie numery","isPartOf":{"@id":"https:\/\/jackpotlotteryonline.com\/#website"},"primaryImageOfPage":{"@id":"https:\/\/jackpotlotteryonline.com\/pl\/zwycieskie-numery\/mega-sena\/#primaryimage"},"image":{"@id":"https:\/\/jackpotlotteryonline.com\/pl\/zwycieskie-numery\/mega-sena\/#primaryimage"},"thumbnailUrl":"https:\/\/jackpotlotteryonline.com\/wp-content\/uploads\/2022\/11\/read1.jpg","datePublished":"2022-12-08T13:47:38+00:00","dateModified":"2022-12-29T21:44:41+00:00","description":"Brazylijskie wyniki Mega-Sena s\u0105 trudne do znalezienia - my wymieniamy dzisiejsze i wczorajsze zwyci\u0119skie numery oraz wyniki losowania na naszej stronie internetowej","breadcrumb":{"@id":"https:\/\/jackpotlotteryonline.com\/pl\/zwycieskie-numery\/mega-sena\/#breadcrumb"},"inLanguage":"pl-PL","potentialAction":[{"@type":"ReadAction","target":["https:\/\/jackpotlotteryonline.com\/pl\/zwycieskie-numery\/mega-sena\/"]}]},{"@type":"ImageObject","inLanguage":"pl-PL","@id":"https:\/\/jackpotlotteryonline.com\/pl\/zwycieskie-numery\/mega-sena\/#primaryimage","url":"https:\/\/jackpotlotteryonline.com\/wp-content\/uploads\/2022\/11\/read1.jpg","contentUrl":"https:\/\/jackpotlotteryonline.com\/wp-content\/uploads\/2022\/11\/read1.jpg"},{"@type":"BreadcrumbList","@id":"https:\/\/jackpotlotteryonline.com\/pl\/zwycieskie-numery\/mega-sena\/#breadcrumb","itemListElement":[{"@type":"ListItem","position":1,"name":"Home","item":"https:\/\/jackpotlotteryonline.com\/pl\/"},{"@type":"ListItem","position":2,"name":"Wyniki loterii","item":"https:\/\/jackpotlotteryonline.com\/winning-numbers\/"},{"@type":"ListItem","position":3,"name":"Wyniki losowania loterii Mega-Sena"}]},{"@type":"WebSite","@id":"https:\/\/jackpotlotteryonline.com\/#website","url":"https:\/\/jackpotlotteryonline.com\/","name":"Lotto Online - Crack The International Lottery Jackpots","description":"","potentialAction":[{"@type":"SearchAction","target":{"@type":"EntryPoint","urlTemplate":"https:\/\/jackpotlotteryonline.com\/?s={search_term_string}"},"query-input":"required name=search_term_string"}],"inLanguage":"pl-PL"}]}},"_links":{"self":[{"href":"https:\/\/jackpotlotteryonline.com\/pl\/wp-json\/wp\/v2\/pages\/41217","targetHints":{"allow":["GET"]}}],"collection":[{"href":"https:\/\/jackpotlotteryonline.com\/pl\/wp-json\/wp\/v2\/pages"}],"about":[{"href":"https:\/\/jackpotlotteryonline.com\/pl\/wp-json\/wp\/v2\/types\/page"}],"author":[{"embeddable":true,"href":"https:\/\/jackpotlotteryonline.com\/pl\/wp-json\/wp\/v2\/users\/1"}],"replies":[{"embeddable":true,"href":"https:\/\/jackpotlotteryonline.com\/pl\/wp-json\/wp\/v2\/comments?post=41217"}],"version-history":[{"count":0,"href":"https:\/\/jackpotlotteryonline.com\/pl\/wp-json\/wp\/v2\/pages\/41217\/revisions"}],"up":[{"embeddable":true,"href":"https:\/\/jackpotlotteryonline.com\/pl\/wp-json\/wp\/v2\/pages\/35844"}],"wp:attachment":[{"href":"https:\/\/jackpotlotteryonline.com\/pl\/wp-json\/wp\/v2\/media?parent=41217"}],"curies":[{"name":"wp","href":"https:\/\/api.w.org\/{rel}","templated":true}]}}