{"id":41269,"date":"2022-12-08T19:54:29","date_gmt":"2022-12-08T19:54:29","guid":{"rendered":"https:\/\/jackpotlotteryonline.com\/?page_id=41269"},"modified":"2022-12-30T15:21:45","modified_gmt":"2022-12-30T15:21:45","slug":"saturday-lotto","status":"publish","type":"page","link":"https:\/\/jackpotlotteryonline.com\/pl\/zwycieskie-numery\/saturday-lotto\/","title":{"rendered":"Wyniki sobotniego losowania Lotto"},"content":{"rendered":"<p>Sobotnie Lotto znane r\u00f3wnie\u017c jako Tatts lotto jest jedn\u0105 z najlepiej wygrywaj\u0105cych loterii w Australii. A teraz, gdy gracze z ca\u0142ego \u015bwiata mog\u0105 bra\u0107 udzia\u0142 w lotto, jeszcze wa\u017cniejsze jest wytypowanie zwyci\u0119skich numer\u00f3w. Wygrana w tej australijskiej loterii oznacza, \u017ce mo\u017cesz wr\u00f3ci\u0107 do domu z minimum 5 milionami dolar\u00f3w. Kwota ta przechodzi na kolejny rok, je\u015bli po losowaniu nie ma zwyci\u0119skiego losu. Dodatkowo, je\u015bli we\u017amiesz udzia\u0142 w mega losowaniu, kt\u00f3re odbywa si\u0119 raz w roku podczas \u015awi\u0105t Bo\u017cego Narodzenia, to mo\u017cesz zainkasowa\u0107 30 milion\u00f3w dolar\u00f3w!<\/p>\n<p>Je\u015bli jeszcze nie kupi\u0142e\u015b sw\u00f3j zwyci\u0119ski bilet do lotto, przejd\u017a do jackpotlotteryonline.com i <a href=\"https:\/\/jackpotlotteryonline.com\/pl\/kupic-bilety\/saturday-lotto\">dosta\u0107 bilet teraz<\/a>. Nast\u0119pnie wr\u00f3\u0107 po zwyci\u0119skie numery.<\/p>\n<h2>Wygrana w sobotnim lotto<\/h2>\n<p><img loading=\"lazy\" decoding=\"async\" class=\"alignright size-medium wp-image-28157\" src=\"https:\/\/jackpotlotteryonline.com\/wp-content\/uploads\/2022\/11\/1_lotto_money_win-300x150.jpg\" alt=\"wygraj Sobotnie Lotto\" width=\"300\" height=\"150\" srcset=\"https:\/\/jackpotlotteryonline.com\/wp-content\/uploads\/2022\/11\/1_lotto_money_win-300x150.jpg 300w, https:\/\/jackpotlotteryonline.com\/wp-content\/uploads\/2022\/11\/1_lotto_money_win.jpg 320w\" sizes=\"auto, (max-width: 300px) 100vw, 300px\" \/>Tatts lotto jest \u0142atwy do gry, zw\u0142aszcza gdy grasz online. Zasadniczo gracze musz\u0105 wybra\u0107 6 g\u0142\u00f3wnych numer\u00f3w pomi\u0119dzy 1 a 45. Nast\u0119pnie 2 dodatkowe numery od 1 do 6. Dodatkowe numery nie maj\u0105 wiele wsp\u00f3lnego z okre\u015bleniem jackpota. Wygrana w lotto oznacza, \u017ce wystarczy dopasowa\u0107 osiem wylosowanych numer\u00f3w.<\/p>\n<p>Tak wi\u0119c, wygrana w lotto oznacza, \u017ce Tw\u00f3j kupon pasuje do sze\u015bciu pi\u0142ek, kt\u00f3re s\u0105 losowo wybierane z beczki 45 pi\u0142ek. Nast\u0119pnie dwie inne kulki s\u0105 wybierane z innej beczki z sze\u015bcioma kulkami. Te dodatkowe kulki s\u0105 u\u017cywane do wygrania innych kategorii nagr\u00f3d.<\/p>\n<p>Losowania odbywaj\u0105 si\u0119 raz w tygodniu, w sobot\u0119. Tak wi\u0119c, je\u015bli chcesz mie\u0107 zwyci\u0119ski los, musisz kupi\u0107 swoj\u0105 wej\u015bci\u00f3wk\u0119 na czas. Losowania ko\u0144cz\u0105 si\u0119 w sobot\u0119 o 19:25 AEST. Gracze, kt\u00f3rzy chc\u0105 by\u0107 zg\u0142oszeni do losowania w tym tygodniu, musz\u0105 kupi\u0107 zwyci\u0119skie bilety przed czasem zamkni\u0119cia.<\/p>\n<h2>Gra online<\/h2>\n<p>Porozmawiamy kr\u00f3tko o wygrywaniu w lotto online. Kiedy odwiedzisz stron\u0119 sobotniego lotto na jackpotlotteryonline.com, zostaniesz poproszony o wybranie swoich zwyci\u0119skich numer\u00f3w. Je\u015bli masz jakie\u015b specjalne daty, kt\u00f3re przynios\u0142y Ci szcz\u0119\u015bcie, to mo\u017cesz je wykorzysta\u0107.<\/p>\n<p>Jednak dla tych, kt\u00f3rzy nie maj\u0105 konkretnych numer\u00f3w do wyboru, nigdy nie b\u00f3j si\u0119. Mamy auto number picker, kt\u00f3ry wygeneruje dla Ciebie losowe zwyci\u0119skie numery. Wielu zwyci\u0119zc\u00f3w loterii wygra\u0142o u\u017cywaj\u0105c random number picker.<\/p>\n<p>Kiedy ju\u017c wybierzesz swoje zwyci\u0119skie numery, wejdziesz do cotygodniowego losowania. Zanim b\u0119dziemy mogli dokona\u0107 p\u0142atno\u015bci, poprosimy Ci\u0119 o rejestracj\u0119. Ma to na celu zabezpieczenie Twojego kuponu oraz pomoc w wyp\u0142aceniu wygranej. Do tego przejdziemy wkr\u00f3tce.<\/p>\n<section class=\"layout\" style=\"border: solid 1px; width: 100%;\">\n<div class=\"img-div\" style=\"margin-top: 5px;\"><img decoding=\"async\" class=\"wp-image-17212 alignleft\" style=\"height: 45px; margin: 8px 8px 0px;\" src=\"https:\/\/jackpotlotteryonline.com\/wp-content\/uploads\/2022\/11\/read1.jpg\" alt=\"czytaj\" width=\"\" height=\"\" \/><\/div>\n<div style=\"padding-left: 5px;\">\n<div style=\"font-size: 1.1em;\">\n<p><strong>Ogl\u0105daj swoje numery loterii s\u0105 rysowane na \u017cywo<\/strong><\/p>\n<p style=\"font-size: 0.85em; margin-top: -1.5em;\">Jak ogl\u0105da\u0107 na \u017cywo losowania swoich ulubionych loterii\u00a0<a href=\"https:\/\/jackpotlotteryonline.com\/pl\/watch-your-lottery-numbers-being-drawn-live\"> wi\u0119cej<\/a><\/p>\n<\/div>\n<\/div>\n<\/section>\n<h2>Podzia\u0142 nagr\u00f3d<\/h2>\n<p>Wygrana w Tatts lotto nie polega tylko na zdobyciu jackpota. To lotto ma w sumie osiem dzia\u0142\u00f3w nagr\u00f3d. Kiedy kupisz bilet do lotto, masz szans\u0119 na ka\u017cd\u0105 z tych kategorii nagr\u00f3d. Zwyci\u0119skie numery dla ka\u017cdej dywizji s\u0105 podane poni\u017cej.<\/p>\n<p>Podzia\u0142 1: Mecz 6 (Jackpot)<\/p>\n<p>Podzia\u0142 2: Mecz 5 + 1 dodatkowy numer<\/p>\n<p>Dzia\u0142 3: Marzec 5<\/p>\n<p>Dywizja 4: Mecz 4<\/p>\n<p>Dywizja 5: Mecz 3 + 1 numer dodatkowy<\/p>\n<p>Dywizja 6: Mecz 3<\/p>\n<p>Prawdopodobnie jednym z powod\u00f3w, dla kt\u00f3rych Australijczycy tak bardzo kochaj\u0105 t\u0119 loteri\u0119 jest to, jak \u0142atwo jest w niej wygra\u0107. Prawdopodobie\u0144stwo wygranej jest fantastyczne, a przy minimalnej wygranej wynosz\u0105cej 5 milion\u00f3w AUD, trudno si\u0119 temu dziwi\u0107. Je\u015bli jeszcze tego nie zrobi\u0142e\u015b, to jest to dobry moment, aby pomy\u015ble\u0107 o zakupie zwyci\u0119skiego losu.<\/p>\n<h2>Numery uzupe\u0142niaj\u0105ce<\/h2>\n<p>Wspomnieli\u015bmy o numerach uzupe\u0142niaj\u0105cych i prawdopodobnie zauwa\u017cy\u0142e\u015b ju\u017c, \u017ce niekt\u00f3re oddzia\u0142y u\u017cywaj\u0105 ich. Zauwa\u017c, \u017ce s\u0105 one losowo generowane podczas losowa\u0144 i u\u017cywane do okre\u015blenia dywizji 2 i 5. Gracze nie wybieraj\u0105 tych numer\u00f3w i nie maj\u0105 nad nimi kontroli. Nie czuj si\u0119 wi\u0119c zaniepokojony, je\u015bli nie widzisz tej opcji przy zakupie los\u00f3w.<\/p>\n<h2>Jak sprawdzi\u0107 zwyci\u0119skie wyniki<\/h2>\n<p>Teraz, gdy ju\u017c zakupi\u0142e\u015b swoje wej\u015bcie, jak sprawdzi\u0107, czy masz zwyci\u0119ski bilet? Najlepszym sposobem jest powr\u00f3t w\u0142a\u015bnie tutaj. Po losowaniach, na tej stronie publikujemy zwyci\u0119skie wyniki sobotniego lotto.<\/p>\n<p>Nie publikujemy tylko liczb z jackpota. Publikujemy tak\u017ce zwyci\u0119skie numery dla wszystkich innych podzia\u0142\u00f3w. Dzi\u0119ki temu mo\u017cesz od razu sprawdzi\u0107, jak blisko by\u0142e\u015b wygranej w lotto.<\/p>\n<p>Je\u015bli zarejestrowa\u0142e\u015b si\u0119 u nas, to jest to jeszcze \u0142atwiejsze. Nie musisz nigdzie i\u015b\u0107, aby dowiedzie\u0107 si\u0119, czy wygra\u0142e\u015b w lotto. Nie, poniewa\u017c wy\u015blemy Ci powiadomienie, gdy tylko wygrasz nagrod\u0119. W\u0142a\u015bnie tak. Otrzymasz e-mail z powiadomieniem, \u017ce masz zwyci\u0119skie numery lotto. Dok\u0142adamy wszelkich stara\u0144, aby gra w lotto by\u0142a \u0142atwa i bezstresowa z ka\u017cdego miejsca.<\/p>\n<h2>Cashing out wygranych<\/h2>\n<p><img loading=\"lazy\" decoding=\"async\" class=\"alignright size-medium wp-image-34997\" src=\"https:\/\/jackpotlotteryonline.com\/wp-content\/uploads\/2022\/11\/2_ticket_saturday_lotto_au-1-166x300.jpg\" alt=\"Sobotnie Lotto - odbi\u00f3r online\" width=\"166\" height=\"300\" srcset=\"https:\/\/jackpotlotteryonline.com\/wp-content\/uploads\/2022\/11\/2_ticket_saturday_lotto_au-1-166x300.jpg 166w, https:\/\/jackpotlotteryonline.com\/wp-content\/uploads\/2022\/11\/2_ticket_saturday_lotto_au-1.jpg 250w\" sizes=\"auto, (max-width: 166px) 100vw, 166px\" \/>Je\u015bli wygra\u0142e\u015b w lotto, nast\u0119pnym krokiem b\u0119dzie uzyskanie dost\u0119pu do swojej wygranej. Nie ma sensu wygrywa\u0107 w lotto w Australii, je\u015bli nie mo\u017cesz dosta\u0107 si\u0119 do swojej wygranej. I to jest to, gdzie rzeczy staj\u0105 si\u0119 naprawd\u0119 interesuj\u0105ce.<\/p>\n<p>Je\u015bli wygra\u0142e\u015b w lotto kwot\u0119 poni\u017cej 2,500 euro, to otrzymanie nagrody jest niezwykle proste. Wystarczy, \u017ce wyp\u0142acisz swoj\u0105 wygran\u0105 z naszej platformy prosto do swojego banku. Mamy kilka metod, z kt\u00f3rych mo\u017cesz skorzysta\u0107, aby wygodnie wyp\u0142aci\u0107 swoje wygrane.<\/p>\n<p>Je\u015bli Twoja wygrana jest wy\u017csza ni\u017c 2,500 euro, to by\u0107 mo\u017ce b\u0119dziesz musia\u0142 skontaktowa\u0107 si\u0119 z firm\u0105 loteryjn\u0105, aby zg\u0142osi\u0107 roszczenie. Zapewnimy Ci niezb\u0119dne wsparcie w tym zakresie, wysy\u0142aj\u0105c formularz roszczeniowy do wype\u0142nienia. Jest to prosty proces z praktycznie zerow\u0105 ilo\u015bci\u0105 k\u0142opot\u00f3w.<\/p>\n<h2>Wniosek<\/h2>\n<p>Zalet\u0105 kupowania los\u00f3w loteryjnych od nas jest to, \u017ce wiesz, \u017ce kupi\u0142e\u015b wej\u015bcie na loteri\u0119. Z nami nie stawiasz na wynik. W rzeczywisto\u015bci kupujesz wej\u015bcie. Wi\u0119c je\u015bli wygrasz, otrzymasz swoj\u0105 wygran\u0105.<\/p>\n<p>U\u0142atwiamy graczom gr\u0119 na najlepszych mi\u0119dzynarodowych loteriach. Mo\u017cesz kupi\u0107 losy, sprawdzi\u0107 wygran\u0105 kombinacj\u0119 i \u0142atwo wyp\u0142aci\u0107 wygrane. Zadbali\u015bmy o szczeg\u00f3\u0142y, wi\u0119c mo\u017cesz si\u0119 zrelaksowa\u0107 i dobrze bawi\u0107. Kiedy <a href=\"https:\/\/jackpotlotteryonline.com\/pl\/jak-grac\/saturday-lotto\">grasz na loterii z jackpotlotteryonline.com<\/a>, to co dostajesz to sytuacja win-win. Zarejestruj si\u0119 z nami ju\u017c dzi\u015b.<\/p>\n","protected":false},"excerpt":{"rendered":"<p>Sobotnie Lotto znane r\u00f3wnie\u017c jako Tatts lotto jest jedn\u0105 z najlepiej wygrywaj\u0105cych loterii w Australii. A teraz, gdy gracze z ca\u0142ego \u015bwiata mog\u0105 bra\u0107 udzia\u0142 w lotto, jeszcze wa\u017cniejsze jest wytypowanie zwyci\u0119skich numer\u00f3w. Wygrana w tej australijskiej loterii oznacza, \u017ce mo\u017cesz wr\u00f3ci\u0107 do domu z minimum 5 milionami dolar\u00f3w. Kwota ta przechodzi na kolejny rok, [&hellip;]<\/p>\n","protected":false},"author":1,"featured_media":0,"parent":35844,"menu_order":18,"comment_status":"closed","ping_status":"closed","template":"saturday-lotto-results.php","meta":{"_et_pb_use_builder":"","_et_pb_old_content":"","_et_gb_content_width":"","exclude_from_search":false,"footnotes":""},"class_list":["post-41269","page","type-page","status-publish","hentry"],"yoast_head":"<!-- This site is optimized with the Yoast SEO plugin v23.3 - https:\/\/yoast.com\/wordpress\/plugins\/seo\/ -->\n<title>Sobotnie Lotto zwyci\u0119skie numery i wyniki losowania<\/title>\n<meta name=\"description\" content=\"Por\u00f3wnaj sw\u00f3j kupon lotto z wynikami najnowszego losowania Sobotniego Lotto - zobacz zwyci\u0119skie numery tutaj!\" \/>\n<meta name=\"robots\" content=\"index, follow, max-snippet:-1, max-image-preview:large, max-video-preview:-1\" \/>\n<link rel=\"canonical\" href=\"https:\/\/jackpotlotteryonline.com\/pl\/zwycieskie-numery\/saturday-lotto\/\" \/>\n<meta property=\"og:locale\" content=\"pl_PL\" \/>\n<meta property=\"og:type\" content=\"article\" \/>\n<meta property=\"og:title\" content=\"Sobotnie Lotto zwyci\u0119skie numery i wyniki losowania\" \/>\n<meta property=\"og:description\" content=\"Por\u00f3wnaj sw\u00f3j kupon lotto z wynikami najnowszego losowania Sobotniego Lotto - zobacz zwyci\u0119skie numery tutaj!\" \/>\n<meta property=\"og:url\" content=\"https:\/\/jackpotlotteryonline.com\/pl\/zwycieskie-numery\/saturday-lotto\/\" \/>\n<meta property=\"og:site_name\" content=\"Lotto Online - Crack The International Lottery Jackpots\" \/>\n<meta property=\"article:modified_time\" content=\"2022-12-30T15:21:45+00:00\" \/>\n<meta property=\"og:image\" content=\"https:\/\/jackpotlotteryonline.com\/wp-content\/uploads\/2022\/11\/1_lotto_money_win-300x150.jpg\" \/>\n<meta name=\"twitter:card\" content=\"summary_large_image\" \/>\n<meta name=\"twitter:label1\" content=\"Szacowany czas czytania\" \/>\n\t<meta name=\"twitter:data1\" content=\"5 minut\" \/>\n<!-- \/ Yoast SEO plugin. -->","yoast_head_json":{"title":"Sobotnie Lotto zwyci\u0119skie numery i wyniki losowania","description":"Por\u00f3wnaj sw\u00f3j kupon lotto z wynikami najnowszego losowania Sobotniego Lotto - zobacz zwyci\u0119skie numery tutaj!","robots":{"index":"index","follow":"follow","max-snippet":"max-snippet:-1","max-image-preview":"max-image-preview:large","max-video-preview":"max-video-preview:-1"},"canonical":"https:\/\/jackpotlotteryonline.com\/pl\/zwycieskie-numery\/saturday-lotto\/","og_locale":"pl_PL","og_type":"article","og_title":"Sobotnie Lotto zwyci\u0119skie numery i wyniki losowania","og_description":"Por\u00f3wnaj sw\u00f3j kupon lotto z wynikami najnowszego losowania Sobotniego Lotto - zobacz zwyci\u0119skie numery tutaj!","og_url":"https:\/\/jackpotlotteryonline.com\/pl\/zwycieskie-numery\/saturday-lotto\/","og_site_name":"Lotto Online - Crack The International Lottery Jackpots","article_modified_time":"2022-12-30T15:21:45+00:00","og_image":[{"url":"https:\/\/jackpotlotteryonline.com\/wp-content\/uploads\/2022\/11\/1_lotto_money_win-300x150.jpg"}],"twitter_card":"summary_large_image","twitter_misc":{"Szacowany czas czytania":"5 minut"},"schema":{"@context":"https:\/\/schema.org","@graph":[{"@type":"WebPage","@id":"https:\/\/jackpotlotteryonline.com\/pl\/zwycieskie-numery\/saturday-lotto\/","url":"https:\/\/jackpotlotteryonline.com\/pl\/zwycieskie-numery\/saturday-lotto\/","name":"Sobotnie Lotto zwyci\u0119skie numery i wyniki losowania","isPartOf":{"@id":"https:\/\/jackpotlotteryonline.com\/#website"},"primaryImageOfPage":{"@id":"https:\/\/jackpotlotteryonline.com\/pl\/zwycieskie-numery\/saturday-lotto\/#primaryimage"},"image":{"@id":"https:\/\/jackpotlotteryonline.com\/pl\/zwycieskie-numery\/saturday-lotto\/#primaryimage"},"thumbnailUrl":"https:\/\/jackpotlotteryonline.com\/wp-content\/uploads\/2022\/11\/1_lotto_money_win-300x150.jpg","datePublished":"2022-12-08T19:54:29+00:00","dateModified":"2022-12-30T15:21:45+00:00","description":"Por\u00f3wnaj sw\u00f3j kupon lotto z wynikami najnowszego losowania Sobotniego Lotto - zobacz zwyci\u0119skie numery tutaj!","breadcrumb":{"@id":"https:\/\/jackpotlotteryonline.com\/pl\/zwycieskie-numery\/saturday-lotto\/#breadcrumb"},"inLanguage":"pl-PL","potentialAction":[{"@type":"ReadAction","target":["https:\/\/jackpotlotteryonline.com\/pl\/zwycieskie-numery\/saturday-lotto\/"]}]},{"@type":"ImageObject","inLanguage":"pl-PL","@id":"https:\/\/jackpotlotteryonline.com\/pl\/zwycieskie-numery\/saturday-lotto\/#primaryimage","url":"https:\/\/jackpotlotteryonline.com\/wp-content\/uploads\/2022\/11\/1_lotto_money_win-300x150.jpg","contentUrl":"https:\/\/jackpotlotteryonline.com\/wp-content\/uploads\/2022\/11\/1_lotto_money_win-300x150.jpg"},{"@type":"BreadcrumbList","@id":"https:\/\/jackpotlotteryonline.com\/pl\/zwycieskie-numery\/saturday-lotto\/#breadcrumb","itemListElement":[{"@type":"ListItem","position":1,"name":"Home","item":"https:\/\/jackpotlotteryonline.com\/pl\/"},{"@type":"ListItem","position":2,"name":"Wyniki loterii","item":"https:\/\/jackpotlotteryonline.com\/winning-numbers\/"},{"@type":"ListItem","position":3,"name":"Wyniki sobotniego losowania Lotto"}]},{"@type":"WebSite","@id":"https:\/\/jackpotlotteryonline.com\/#website","url":"https:\/\/jackpotlotteryonline.com\/","name":"Lotto Online - Crack The International Lottery Jackpots","description":"","potentialAction":[{"@type":"SearchAction","target":{"@type":"EntryPoint","urlTemplate":"https:\/\/jackpotlotteryonline.com\/?s={search_term_string}"},"query-input":"required name=search_term_string"}],"inLanguage":"pl-PL"}]}},"_links":{"self":[{"href":"https:\/\/jackpotlotteryonline.com\/pl\/wp-json\/wp\/v2\/pages\/41269","targetHints":{"allow":["GET"]}}],"collection":[{"href":"https:\/\/jackpotlotteryonline.com\/pl\/wp-json\/wp\/v2\/pages"}],"about":[{"href":"https:\/\/jackpotlotteryonline.com\/pl\/wp-json\/wp\/v2\/types\/page"}],"author":[{"embeddable":true,"href":"https:\/\/jackpotlotteryonline.com\/pl\/wp-json\/wp\/v2\/users\/1"}],"replies":[{"embeddable":true,"href":"https:\/\/jackpotlotteryonline.com\/pl\/wp-json\/wp\/v2\/comments?post=41269"}],"version-history":[{"count":0,"href":"https:\/\/jackpotlotteryonline.com\/pl\/wp-json\/wp\/v2\/pages\/41269\/revisions"}],"up":[{"embeddable":true,"href":"https:\/\/jackpotlotteryonline.com\/pl\/wp-json\/wp\/v2\/pages\/35844"}],"wp:attachment":[{"href":"https:\/\/jackpotlotteryonline.com\/pl\/wp-json\/wp\/v2\/media?parent=41269"}],"curies":[{"name":"wp","href":"https:\/\/api.w.org\/{rel}","templated":true}]}}