{"id":41323,"date":"2022-12-09T06:44:46","date_gmt":"2022-12-09T06:44:46","guid":{"rendered":"https:\/\/jackpotlotteryonline.com\/?page_id=41323"},"modified":"2022-12-29T13:51:40","modified_gmt":"2022-12-29T13:51:40","slug":"thunderball","status":"publish","type":"page","link":"https:\/\/jackpotlotteryonline.com\/pl\/zwycieskie-numery\/thunderball\/","title":{"rendered":"Wyniki losowania Thunderball Lottery"},"content":{"rendered":"<p>Thunderball to jedna z bardziej popularnych brytyjskich loterii. Za niewielk\u0105 kwot\u0119, gracze mog\u0105 wygra\u0107 p\u00f3\u0142 miliona funt\u00f3w, co jest fantastyczne. Istnieje wiele loterii, ale Thunderball ma w sobie co\u015b, co przyci\u0105ga graczy. Mo\u017ce to by\u0107 niesamowicie korzystny kurs lub fakt, \u017ce daje on wiele wygranych. Niezale\u017cnie od przyczyny, gracze na ca\u0142ym \u015bwiecie kupuj\u0105 r\u00f3wnie\u017c kupony loteryjne Thunderball online.<\/p>\n<p>Je\u015bli<a href=\"https:\/\/jackpotlotteryonline.com\/pl\/jak-grac\/thunderball\"> grasz na loterii online<\/a>, koniecznie sprawd\u017a zwyci\u0119skie numery. Dzi\u0119ki temu wiesz, czy masz bilet, kt\u00f3ry pasuje do wylosowanych liczb. Je\u015bli zastanawiasz si\u0119 jak sprawdzi\u0107 wyniki losowania to jeste\u015b we w\u0142a\u015bciwym miejscu. Podzielimy si\u0119 r\u00f3wnie\u017c najlepszym sposobem na sprawdzenie wynik\u00f3w losowania<\/p>\n<p>Je\u015bli <a href=\"https:\/\/jackpotlotteryonline.com\/pl\/kupic-bilety\/thunderball\">kupujesz swoje losy na jackpotlotteryonline.com<\/a>, to czytaj dalej, aby dowiedzie\u0107 si\u0119 jak odebra\u0107 wygran\u0105.<\/p>\n<h2>Wyb\u00f3r zwyci\u0119skich numer\u00f3w Thunderball<\/h2>\n<p><img loading=\"lazy\" decoding=\"async\" class=\"alignright size-medium wp-image-29480\" src=\"https:\/\/jackpotlotteryonline.com\/wp-content\/uploads\/2022\/11\/1_rain_lottery_money_win-282x300.jpg\" alt=\"Thunderball zwyci\u0119skie numery\" width=\"282\" height=\"300\" srcset=\"https:\/\/jackpotlotteryonline.com\/wp-content\/uploads\/2022\/11\/1_rain_lottery_money_win-282x300.jpg 282w, https:\/\/jackpotlotteryonline.com\/wp-content\/uploads\/2022\/11\/1_rain_lottery_money_win.jpg 300w\" sizes=\"auto, (max-width: 282px) 100vw, 282px\" \/>Istniej\u0105 dwa g\u0142\u00f3wne sposoby, kt\u00f3re gracze u\u017cywaj\u0105, aby wybra\u0107 numery, kt\u00f3re chc\u0105 gra\u0107. Dla wi\u0119kszo\u015bci loterii, musisz wybra\u0107 z pewnego zakresu. Niekt\u00f3rzy gracze lubi\u0105 wybiera\u0107 daty, kt\u00f3re s\u0105 dla nich szczeg\u00f3lne, takie jak urodziny lub rocznice. S\u0105 to tak zwane szcz\u0119\u015bliwe daty.<\/p>\n<p>W niekt\u00f3rych cz\u0119\u015bciach \u015bwiata, niekt\u00f3rzy ludzie maj\u0105 numery, kt\u00f3re uwa\u017caj\u0105 za szcz\u0119\u015bliwe. Na przyk\u0142ad, niekt\u00f3rzy uwa\u017caj\u0105 liczb\u0119 7 za szcz\u0119\u015bliw\u0105, podczas gdy inni uwa\u017caj\u0105 liczb\u0119 13 za pechow\u0105. To naprawd\u0119 zale\u017cy od tego, co uwa\u017casz za szcz\u0119\u015bcie. Jest to metoda, kt\u00f3ra jest preferowana przez wielu graczy na ca\u0142ym \u015bwiecie i mo\u017ce dzia\u0142a\u0107 r\u00f3wnie\u017c dla Ciebie.<\/p>\n<p>Drugim sposobem jest u\u017cycie naszego automatycznego generatora do losowego wyboru liczb. To dzia\u0142a dla niekt\u00f3rych ludzi, poniewa\u017c loteria jest gr\u0105 szcz\u0119\u015bcia. Chocia\u017c mo\u017cesz zrobi\u0107 rzeczy, aby poczu\u0107 si\u0119 szcz\u0119\u015bliwym, nie ma sposobu, aby zagwarantowa\u0107 sobie wygran\u0105.<\/p>\n<h2>Jak gra\u0107 w Thunderball online<\/h2>\n<p>Thunderball UK to ekscytuj\u0105ca gra, w kt\u00f3r\u0105 mo\u017cesz zagra\u0107. Proces jest taki sam jak w ka\u017cdej innej grze lotto. Zasadniczo, musisz wybra\u0107 5 liczb z zakresu od 1 do 39 oraz specjaln\u0105 liczb\u0119 od 1 do 14. Specjalny numer nazywa si\u0119 &#8220;Thunderball&#8221; i jest u\u017cywany do okre\u015blenia sze\u015bciu kategorii nagr\u00f3d, w tym jackpota.<\/p>\n<p>Gra online nie r\u00f3\u017cni si\u0119 tak bardzo, tylko tym, \u017ce mo\u017cesz u\u017cy\u0107 generatora liczb, aby wybra\u0107 losowe liczby. Jest to co\u015b w rodzaju &#8220;lucky dip&#8221; dla tych, kt\u00f3rzy s\u0105 przyzwyczajeni do fizycznych bilet\u00f3w. Mo\u017cesz wybra\u0107 kilka linii i wiele los\u00f3w, aby zwi\u0119kszy\u0107 swoje szanse na wygran\u0105 w Thunderball.<\/p>\n<p>Nast\u0119pnym krokiem jest wej\u015bcie do losowania i to jest najlepsza cz\u0119\u015b\u0107. Zauwa\u017c, \u017ce jest to ca\u0142kowicie w porz\u0105dku, aby wej\u015b\u0107 do wielu losowa\u0144. A je\u015bli kupisz sw\u00f3j bilet od nas, mo\u017cesz r\u00f3wnie\u017c wej\u015b\u0107 do losowania kilka tygodni wcze\u015bniej. To daje Ci przewag\u0119, je\u015bli chodzi o gr\u0119 w t\u0119 gr\u0119 losow\u0105.<\/p>\n<section class=\"layout\" style=\"border: solid 1px; width: 100%;\">\n<div class=\"img-div\" style=\"margin-top: 5px;\"><img decoding=\"async\" class=\"wp-image-17212 alignleft\" style=\"height: 45px; margin: 8px 8px 0px;\" src=\"https:\/\/jackpotlotteryonline.com\/wp-content\/uploads\/2022\/11\/read1.jpg\" alt=\"czytaj\" width=\"\" height=\"\" \/><\/div>\n<div style=\"padding-left: 5px;\">\n<div style=\"font-size: 1.1em;\">\n<p><strong>Loterie, kt\u00f3re maj\u0105 najwi\u0119ksze szanse na wygran\u0105<\/strong><\/p>\n<p style=\"font-size: 0.85em; margin-top: -1.5em;\">Kt\u00f3ra loteria ma najwi\u0119ksze szanse na wygran\u0105?\u00a0<a href=\"https:\/\/jackpotlotteryonline.com\/pl\/ktora-loteria-ma-najwieksze-szanse-na-wygrana\"> wi\u0119cej<\/a><\/p>\n<\/div>\n<\/div>\n<\/section>\n<h2>Dni losowania Thunderball<\/h2>\n<p>Dni losowania odbywaj\u0105 si\u0119 cztery razy w tygodniu, we wtorki, \u015brody, pi\u0105tki i soboty. Ta brytyjska loteria ma cztery losowania w ka\u017cdym tygodniu. Dla graczy oznacza to, \u017ce prawdopodobie\u0144stwo wygrania jackpota w Thunderball jest czterokrotnie wi\u0119ksze.<\/p>\n<p>Mo\u017cesz wzi\u0105\u0107 udzia\u0142 w jednym losowaniu, ale prawdopodobnie najlepiej jest wzi\u0105\u0107 udzia\u0142 w wielu losowaniach, aby mie\u0107 znacznie wi\u0119ksz\u0105 szans\u0119 na wygran\u0105. Pami\u0119taj, \u017ce z wi\u0119ksz\u0105 ilo\u015bci\u0105 zg\u0142osze\u0144 masz wi\u0119ksze prawdopodobie\u0144stwo wygranej.<\/p>\n<h2>Jak sprawdzi\u0107 wyniki losowania Thunderball<\/h2>\n<p>Teraz przejd\u017amy do najlepszej cz\u0119\u015bci, czyli sprawdzenia wynik\u00f3w losowania. Jedynym sposobem, aby dowiedzie\u0107 si\u0119, czy masz w\u0142a\u015bciw\u0105 kombinacj\u0119 jest sprawdzenie wynik\u00f3w losowania. Wi\u0119kszo\u015b\u0107 loterii organizuje losowania na \u017cywo i Thunderball nie jest tu wyj\u0105tkiem. Mo\u017cesz wi\u0119c obejrze\u0107 losowanie na \u017cywo online. Wa\u017cne jest, aby pami\u0119ta\u0107, \u017ce losowania na \u017cywo odbywaj\u0105 si\u0119 w okre\u015blonym czasie i je\u015bli przegapisz swoj\u0105 nagrod\u0119, je\u015bli wygrasz.<\/p>\n<p>Oczywi\u015bcie zawsze mo\u017cesz sprawdzi\u0107 w Internecie, czy jeste\u015b zwyci\u0119zc\u0105. Niestety, podczas gdy mo\u017cesz trafi\u0107 kombinacj\u0119 dla jackpota, nie jest to tak \u0142atwe dla innych kategorii nagr\u00f3d. Nagroda drugiego stopnia w Thunderball wynosi 5000 funt\u00f3w i nie chcia\u0142by\u015b jej przegapi\u0107.<\/p>\n<p>Najlepsz\u0105 opcj\u0105 jest sprawdzanie tej strony po ka\u017cdym losowaniu. Zamieszczamy najnowsze wyniki losowania we wszystkich kategoriach. Dodatkowo, je\u015bli kupi\u0142e\u015b sw\u00f3j los od nas, powiadomimy Ci\u0119 o wygranej.<\/p>\n<h2>Nagrody, kt\u00f3re mo\u017cesz wygra\u0107<\/h2>\n<p>Jakie s\u0105 r\u00f3\u017cne nagrody w poszczeg\u00f3lnych kategoriach? Thunderball UK posiada kilka kategorii nagr\u00f3d, w tym nagrod\u0119 za trafienie Thunderball. Istnieje du\u017ca szansa, \u017ce gracz mo\u017ce wygra\u0107 nagrod\u0119.<\/p>\n<p>Poni\u017cej przedstawiamy podzia\u0142 na kategorie nagr\u00f3d w UK Thunderball oraz szanse na wygran\u0105.<\/p>\n<p>Kategoria 1: Match 5 + Thunderball &#8211; 1 na 8,060,598 &#8211; \u00a3500,000<\/p>\n<p>Kategoria 2: Tylko Mecz 5 &#8211; 1 do 620,046 &#8211; \u00a35000<\/p>\n<p>Kategoria 3: Mecz 4 + Thunderball &#8211; 1 na 47 416 &#8211; 250\u00a3<\/p>\n<p>Kategoria 4: Match 4 only &#8211; 1 na 3 648 &#8211; \u00a3100<\/p>\n<p>Kategoria 5: Mecz 3 + Thunderball &#8211; 1 na 1 437 &#8211; \u00a320<\/p>\n<p>Kategoria 6: Match 3 only &#8211; 1 na 111 &#8211; \u00a310<\/p>\n<p>Kategoria 7: Mecz 2 + Thunderball &#8211; 1 na 135 &#8211; \u00a310<\/p>\n<p>Kategoria 8: Mecz 1 + Thunderball &#8211; 1 na 35 &#8211; \u00a35<\/p>\n<p>Kategoria 9: Match Thunderball &#8211; 1 na 29 &#8211; \u00a33<\/p>\n<p>Ka\u017cdy mo\u017ce wygra\u0107 nagrod\u0119 Thunderball, nawet je\u015bli mieszka poza Wielk\u0105 Brytani\u0105. Wystarczy kupi\u0107 los online, aby mie\u0107 szans\u0119 na wielk\u0105 wygran\u0105.<\/p>\n<h2>Wyp\u0142ata wygranych<\/h2>\n<p>Wspomnieli\u015bmy, \u017ce powiadomimy Ci\u0119 poprzez e-mail oraz poprzez Twoje konto, je\u015bli masz wygrany los. Ale jak wyp\u0142aci\u0107 wygran\u0105, gdy mieszkasz poza granicami Wielkiej Brytanii? Jest to pytanie, kt\u00f3rym martwi si\u0119 wielu graczy. C\u00f3\u017c, jeste\u015bmy tutaj, aby da\u0107 Ci spok\u00f3j z wygranymi.<\/p>\n<p>Kiedy zarejestrujesz si\u0119 u nas i kupisz od nas swoje kupony loteryjne, upro\u015bcimy dla Ciebie ten proces. Jako strona concierge, stworzyli\u015bmy bezproblemowy proces, dzi\u0119ki kt\u00f3remu mo\u017cesz \u0142atwo wyp\u0142aci\u0107 swoje wygrane. W przypadku nagr\u00f3d poni\u017cej 2500 euro, wszystko co musisz zrobi\u0107, to wyp\u0142aci\u0107 je z naszej strony na swoje konto.<\/p>\n<p>Je\u015bli wygra\u0142e\u015b nagrod\u0119 powy\u017cej tej kwoty, musisz ubiega\u0107 si\u0119 o swoj\u0105 wygran\u0105 bezpo\u015brednio od firmy loteryjnej. Dostarczymy Ci formularz roszczeniowy i przeprowadzimy Ci\u0119 przez ten proces. Nie musisz si\u0119 wi\u0119c obawia\u0107, upewniamy si\u0119, \u017ce wszystko jest \u0142atwe i bezstresowe.<\/p>\n<h2>Rzeczy, kt\u00f3re powiniene\u015b wiedzie\u0107 przed ubieganiem si\u0119 o swoj\u0105 nagrod\u0119<\/h2>\n<p>Zanim odbierzesz swoj\u0105 nagrod\u0119, warto wiedzie\u0107 kilka rzeczy na temat gry na loterii w Wielkiej Brytanii. Wiemy ju\u017c, \u017ce loteria jest otwarta dla wszystkich bez wzgl\u0119du na narodowo\u015b\u0107, jednak poni\u017cej znajduje si\u0119 kilka rzeczy, na kt\u00f3re warto zwr\u00f3ci\u0107 uwag\u0119:<\/p>\n<ul>\n<li>Loteria jest otwarta dla graczy powy\u017cej 16 roku \u017cycia<\/li>\n<li>Nagrody wyp\u0142acane s\u0105 w formie rycza\u0142tu<\/li>\n<li>Wygrane na loterii nie podlegaj\u0105 opodatkowaniu w kraju. Je\u015bli jednak grasz spoza kraju, powiniene\u015b sprawdzi\u0107 prawo podatkowe swojego kraju<\/li>\n<li>Masz 180 dni na zg\u0142oszenie wygranej zanim wr\u00f3ci ona do puli<\/li>\n<li>Je\u015bli wszed\u0142e\u015b do loterii za po\u015brednictwem fizycznego sprzedawcy, by\u0107 mo\u017ce b\u0119dziesz musia\u0142 skontaktowa\u0107 si\u0119 z organizatorami loterii, aby ubiega\u0107 si\u0119 o swoj\u0105 wygran\u0105.<\/li>\n<\/ul>\n<h2>Korzy\u015bci z gry na loterii z Jackpotlotteryonline.com<\/h2>\n<ul>\n<li>Otrzymujesz szybki i natychmiastowy dost\u0119p do loterii. Nie musisz mieszka\u0107 w Wielkiej Brytanii, aby gra\u0107 na loterii<\/li>\n<li>Jest to super wygodne, poniewa\u017c nie musisz opuszcza\u0107 komfortu swojego domu. Sprawd\u017a swoj\u0105 kombinacj\u0119 z komputera lub urz\u0105dzenia mobilnego.<\/li>\n<li>Jest to r\u00f3wnie\u017c bezpieczniejsze, poniewa\u017c Tw\u00f3j bilet jest przechowywany cyfrowo. Jest to wa\u017cne, poniewa\u017c jest to jedyny spos\u00f3b, aby ubiega\u0107 si\u0119 o swoj\u0105 wygran\u0105.<\/li>\n<li>Nie musisz przegapi\u0107 swojej wygranej, poniewa\u017c powiadomimy Ci\u0119 natychmiast, gdy wygrasz jak\u0105kolwiek nagrod\u0119.<\/li>\n<li>Mo\u017cesz \u0142atwo wyp\u0142aci\u0107 wygran\u0105 online bez wychodzenia z domu<\/li>\n<li>Je\u015bli nie kupi\u0142e\u015b jeszcze kuponu Thunderball, to jest to \u015bwietny moment, aby to zrobi\u0107 i wzi\u0105\u0107 udzia\u0142 w nast\u0119pnym losowaniu.<\/li>\n<\/ul>\n<h2>Co to jest strona concierge?<\/h2>\n<p><img loading=\"lazy\" decoding=\"async\" class=\"alignright size-full wp-image-28832\" src=\"https:\/\/jackpotlotteryonline.com\/wp-content\/uploads\/2022\/11\/1_online_win_lottery.jpg\" alt=\"ubieganie si\u0119 o nagrod\u0119 Thunderball\" width=\"250\" height=\"167\" \/>Wspomnieli\u015bmy, \u017ce jeste\u015bmy serwisem concierge i by\u0107 mo\u017ce zastanawiasz si\u0119, o co w tym wszystkim chodzi. Ot\u00f3\u017c jednym z problem\u00f3w graczy z kupowaniem los\u00f3w online jest to, \u017ce nigdy nie wiedz\u0105 czy weszli na loteri\u0119. Wiele stron pozwala swoim graczom obstawia\u0107 wynik loterii, co jest czym\u015b zupe\u0142nie innym.<\/p>\n<p>Na jackpotlotteryonline.com, dajemy naszym u\u017cytkownikom dost\u0119p do najlepszych mi\u0119dzynarodowych loterii na ca\u0142ym \u015bwiecie. To dlatego, \u017ce prowadzimy stron\u0119 concierge, gdzie mamy agent\u00f3w w r\u00f3\u017cnych cz\u0119\u015bciach \u015bwiata. Kiedy kupujesz od nas kupony loteryjne, nasz agent w tym kraju kupuje fizyczny bilet z odpowiednimi numerami. Bilet jest nast\u0119pnie skanowany i wysy\u0142any do Ciebie.<\/p>\n<p>Kiedy kupi\u0107 bilet loterii Thunderball od nas, masz pewno\u015b\u0107, \u017ce je\u015bli dopasowa\u0107 wylosowane numery, wygrasz na loterii. To takie proste, ale jest to jedna rzecz, kt\u00f3ra daje naszym klientom spok\u00f3j, aby gra\u0107 na loterii online.<\/p>\n<h2>Porady jak wygra\u0107 w Thunderball<\/h2>\n<p>Chocia\u017c Thunderball jest gr\u0105 losow\u0105, istniej\u0105 rzeczy, kt\u00f3re mo\u017cesz zrobi\u0107, aby zwi\u0119kszy\u0107 swoje prawdopodobie\u0144stwo wygranej. Wymienimy kilka z nich poni\u017cej:<\/p>\n<ul>\n<li>Wybierz swoje szcz\u0119\u015bliwe cyfry. Nie mo\u017cesz mie\u0107 zbyt wiele szcz\u0119\u015bcia, gdy grasz w Thunderball.<\/li>\n<li>Kup wi\u0119cej los\u00f3w i we\u017a udzia\u0142 w wielu losowaniach. Im wi\u0119cej wej\u015b\u0107, tym wi\u0119ksze szanse na wygran\u0105.<\/li>\n<li>Do\u0142\u0105cz lub za\u0142\u00f3\u017c syndykat. Jest to grupa ludzi, kt\u00f3rzy \u0142\u0105cz\u0105 swoje \u015brodki, aby m\u00f3c kupi\u0107 wi\u0119cej los\u00f3w.<\/li>\n<li>Miej silne przekonanie, \u017ce wygrasz. Jest co\u015b w wierze z ca\u0142ego serca, co przyci\u0105ga do Ciebie szcz\u0119\u015bcie. Kilku zwyci\u0119zc\u00f3w loterii m\u00f3wi\u0142o o swojej wierze, \u017ce wygraj\u0105.<\/li>\n<\/ul>\n<h2>Sprawd\u017a swoj\u0105 zwyci\u0119sk\u0105 kombinacj\u0119 na jackpotlotteryonline.com<\/h2>\n<p>U\u0142atwiamy graczom dost\u0119p do najlepszych mi\u0119dzynarodowych loterii poprzez dostarczanie bilet\u00f3w online. Ponadto, mo\u017cesz r\u00f3wnie\u017c sprawdzi\u0107 wyniki losowania i wyp\u0142aci\u0107 swoje wygrane z naszej strony. Gra w Thunderball nigdy nie by\u0142a bardziej relaksuj\u0105ca i bezstresowa. A my ci\u0119\u017cko pracowali\u015bmy, aby upewni\u0107 si\u0119, \u017ce tak pozostanie.<\/p>\n<p>Je\u015bli chcesz spr\u00f3bowa\u0107 swoich si\u0142 w UK Thunderball, nie wahaj si\u0119 i kup bilety ju\u017c teraz. Odwied\u017a nasz\u0105 stron\u0119 po ka\u017cdym losowaniu, aby pozna\u0107 wyniki losowania i \u0142atwo wyp\u0142aci\u0107 swoje wygrane.<\/p>\n","protected":false},"excerpt":{"rendered":"<p>Thunderball to jedna z bardziej popularnych brytyjskich loterii. Za niewielk\u0105 kwot\u0119, gracze mog\u0105 wygra\u0107 p\u00f3\u0142 miliona funt\u00f3w, co jest fantastyczne. Istnieje wiele loterii, ale Thunderball ma w sobie co\u015b, co przyci\u0105ga graczy. Mo\u017ce to by\u0107 niesamowicie korzystny kurs lub fakt, \u017ce daje on wiele wygranych. Niezale\u017cnie od przyczyny, gracze na ca\u0142ym \u015bwiecie kupuj\u0105 r\u00f3wnie\u017c kupony [&hellip;]<\/p>\n","protected":false},"author":1,"featured_media":0,"parent":35844,"menu_order":12,"comment_status":"closed","ping_status":"closed","template":"thunderball-results.php","meta":{"_et_pb_use_builder":"","_et_pb_old_content":"","_et_gb_content_width":"","exclude_from_search":false,"footnotes":""},"class_list":["post-41323","page","type-page","status-publish","hentry"],"yoast_head":"<!-- This site is optimized with the Yoast SEO plugin v23.3 - https:\/\/yoast.com\/wordpress\/plugins\/seo\/ -->\n<title>Zwyci\u0119skie numery loterii Thunderball i wyniki losowania<\/title>\n<meta name=\"description\" content=\"Sprawd\u017a sw\u00f3j kupon pod k\u0105tem zwyci\u0119skich numer\u00f3w i wynik\u00f3w ostatniego losowania Thunderball lub znajd\u017a historyczne wyniki losowa\u0144.\" \/>\n<meta name=\"robots\" content=\"index, follow, max-snippet:-1, max-image-preview:large, max-video-preview:-1\" \/>\n<link rel=\"canonical\" href=\"https:\/\/jackpotlotteryonline.com\/pl\/zwycieskie-numery\/thunderball\/\" \/>\n<meta property=\"og:locale\" content=\"pl_PL\" \/>\n<meta property=\"og:type\" content=\"article\" \/>\n<meta property=\"og:title\" content=\"Zwyci\u0119skie numery loterii Thunderball i wyniki losowania\" \/>\n<meta property=\"og:description\" content=\"Sprawd\u017a sw\u00f3j kupon pod k\u0105tem zwyci\u0119skich numer\u00f3w i wynik\u00f3w ostatniego losowania Thunderball lub znajd\u017a historyczne wyniki losowa\u0144.\" \/>\n<meta property=\"og:url\" content=\"https:\/\/jackpotlotteryonline.com\/pl\/zwycieskie-numery\/thunderball\/\" \/>\n<meta property=\"og:site_name\" content=\"Lotto Online - Crack The International Lottery Jackpots\" \/>\n<meta property=\"article:modified_time\" content=\"2022-12-29T13:51:40+00:00\" \/>\n<meta property=\"og:image\" content=\"https:\/\/jackpotlotteryonline.com\/wp-content\/uploads\/2022\/11\/1_rain_lottery_money_win-282x300.jpg\" \/>\n<meta name=\"twitter:card\" content=\"summary_large_image\" \/>\n<meta name=\"twitter:label1\" content=\"Szacowany czas czytania\" \/>\n\t<meta name=\"twitter:data1\" content=\"7 minut\" \/>\n<!-- \/ Yoast SEO plugin. -->","yoast_head_json":{"title":"Zwyci\u0119skie numery loterii Thunderball i wyniki losowania","description":"Sprawd\u017a sw\u00f3j kupon pod k\u0105tem zwyci\u0119skich numer\u00f3w i wynik\u00f3w ostatniego losowania Thunderball lub znajd\u017a historyczne wyniki losowa\u0144.","robots":{"index":"index","follow":"follow","max-snippet":"max-snippet:-1","max-image-preview":"max-image-preview:large","max-video-preview":"max-video-preview:-1"},"canonical":"https:\/\/jackpotlotteryonline.com\/pl\/zwycieskie-numery\/thunderball\/","og_locale":"pl_PL","og_type":"article","og_title":"Zwyci\u0119skie numery loterii Thunderball i wyniki losowania","og_description":"Sprawd\u017a sw\u00f3j kupon pod k\u0105tem zwyci\u0119skich numer\u00f3w i wynik\u00f3w ostatniego losowania Thunderball lub znajd\u017a historyczne wyniki losowa\u0144.","og_url":"https:\/\/jackpotlotteryonline.com\/pl\/zwycieskie-numery\/thunderball\/","og_site_name":"Lotto Online - Crack The International Lottery Jackpots","article_modified_time":"2022-12-29T13:51:40+00:00","og_image":[{"url":"https:\/\/jackpotlotteryonline.com\/wp-content\/uploads\/2022\/11\/1_rain_lottery_money_win-282x300.jpg"}],"twitter_card":"summary_large_image","twitter_misc":{"Szacowany czas czytania":"7 minut"},"schema":{"@context":"https:\/\/schema.org","@graph":[{"@type":"WebPage","@id":"https:\/\/jackpotlotteryonline.com\/pl\/zwycieskie-numery\/thunderball\/","url":"https:\/\/jackpotlotteryonline.com\/pl\/zwycieskie-numery\/thunderball\/","name":"Zwyci\u0119skie numery loterii Thunderball i wyniki losowania","isPartOf":{"@id":"https:\/\/jackpotlotteryonline.com\/#website"},"primaryImageOfPage":{"@id":"https:\/\/jackpotlotteryonline.com\/pl\/zwycieskie-numery\/thunderball\/#primaryimage"},"image":{"@id":"https:\/\/jackpotlotteryonline.com\/pl\/zwycieskie-numery\/thunderball\/#primaryimage"},"thumbnailUrl":"https:\/\/jackpotlotteryonline.com\/wp-content\/uploads\/2022\/11\/1_rain_lottery_money_win-282x300.jpg","datePublished":"2022-12-09T06:44:46+00:00","dateModified":"2022-12-29T13:51:40+00:00","description":"Sprawd\u017a sw\u00f3j kupon pod k\u0105tem zwyci\u0119skich numer\u00f3w i wynik\u00f3w ostatniego losowania Thunderball lub znajd\u017a historyczne wyniki losowa\u0144.","breadcrumb":{"@id":"https:\/\/jackpotlotteryonline.com\/pl\/zwycieskie-numery\/thunderball\/#breadcrumb"},"inLanguage":"pl-PL","potentialAction":[{"@type":"ReadAction","target":["https:\/\/jackpotlotteryonline.com\/pl\/zwycieskie-numery\/thunderball\/"]}]},{"@type":"ImageObject","inLanguage":"pl-PL","@id":"https:\/\/jackpotlotteryonline.com\/pl\/zwycieskie-numery\/thunderball\/#primaryimage","url":"https:\/\/jackpotlotteryonline.com\/wp-content\/uploads\/2022\/11\/1_rain_lottery_money_win-282x300.jpg","contentUrl":"https:\/\/jackpotlotteryonline.com\/wp-content\/uploads\/2022\/11\/1_rain_lottery_money_win-282x300.jpg"},{"@type":"BreadcrumbList","@id":"https:\/\/jackpotlotteryonline.com\/pl\/zwycieskie-numery\/thunderball\/#breadcrumb","itemListElement":[{"@type":"ListItem","position":1,"name":"Home","item":"https:\/\/jackpotlotteryonline.com\/pl\/"},{"@type":"ListItem","position":2,"name":"Wyniki loterii","item":"https:\/\/jackpotlotteryonline.com\/winning-numbers\/"},{"@type":"ListItem","position":3,"name":"Wyniki losowania Thunderball Lottery"}]},{"@type":"WebSite","@id":"https:\/\/jackpotlotteryonline.com\/#website","url":"https:\/\/jackpotlotteryonline.com\/","name":"Lotto Online - Crack The International Lottery Jackpots","description":"","potentialAction":[{"@type":"SearchAction","target":{"@type":"EntryPoint","urlTemplate":"https:\/\/jackpotlotteryonline.com\/?s={search_term_string}"},"query-input":"required name=search_term_string"}],"inLanguage":"pl-PL"}]}},"_links":{"self":[{"href":"https:\/\/jackpotlotteryonline.com\/pl\/wp-json\/wp\/v2\/pages\/41323","targetHints":{"allow":["GET"]}}],"collection":[{"href":"https:\/\/jackpotlotteryonline.com\/pl\/wp-json\/wp\/v2\/pages"}],"about":[{"href":"https:\/\/jackpotlotteryonline.com\/pl\/wp-json\/wp\/v2\/types\/page"}],"author":[{"embeddable":true,"href":"https:\/\/jackpotlotteryonline.com\/pl\/wp-json\/wp\/v2\/users\/1"}],"replies":[{"embeddable":true,"href":"https:\/\/jackpotlotteryonline.com\/pl\/wp-json\/wp\/v2\/comments?post=41323"}],"version-history":[{"count":0,"href":"https:\/\/jackpotlotteryonline.com\/pl\/wp-json\/wp\/v2\/pages\/41323\/revisions"}],"up":[{"embeddable":true,"href":"https:\/\/jackpotlotteryonline.com\/pl\/wp-json\/wp\/v2\/pages\/35844"}],"wp:attachment":[{"href":"https:\/\/jackpotlotteryonline.com\/pl\/wp-json\/wp\/v2\/media?parent=41323"}],"curies":[{"name":"wp","href":"https:\/\/api.w.org\/{rel}","templated":true}]}}