{"id":41377,"date":"2022-12-09T08:46:22","date_gmt":"2022-12-09T08:46:22","guid":{"rendered":"https:\/\/jackpotlotteryonline.com\/?page_id=41377"},"modified":"2022-12-30T10:03:58","modified_gmt":"2022-12-30T10:03:58","slug":"new-york-lottery","status":"publish","type":"page","link":"https:\/\/jackpotlotteryonline.com\/pl\/zwycieskie-numery\/new-york-lottery\/","title":{"rendered":"Wyniki losowania nowojorskiej loterii"},"content":{"rendered":"<p>Nowojorskie lotto by\u0142o kiedy\u015b jedn\u0105 z tych pomijanych loterii. G\u0142\u00f3wnie dlatego, \u017ce mo\u017cna by\u0142o wzi\u0105\u0107 udzia\u0142 w loterii tylko jako mieszkaniec Nowego Jorku. To wszystko zmieni\u0142o si\u0119 teraz, poniewa\u017c gracze na ca\u0142ym \u015bwiecie mog\u0105 kupi\u0107 bilety na loteri\u0119. Teraz, wi\u0119cej entuzjast\u00f3w loterii wybiera zwyci\u0119skie numery graj\u0105c online. Nowojorskie lotto zosta\u0142o za\u0142o\u017cone, aby zebra\u0107 fundusze na edukacj\u0119, wi\u0119c ma swoje pocz\u0105tki w dobrej sprawie. Za ka\u017cdym razem, gdy kupujesz bilet, dajesz w kierunku finansowania edukacji.<\/p>\n<p>Mo\u017cesz wybra\u0107 swoj\u0105 kombinacj\u0119 New York lotto, gdy <a href=\"https:\/\/jackpotlotteryonline.com\/pl\/kupic-bilety\/new-york-lottery\">kupisz bilet na loterii na jackpotlotteryonline.com.<\/a><\/p>\n<h2>Jak gra\u0107 w New York lotto online<\/h2>\n<p>Graj\u0105c na loterii jest zabawne i ekscytuj\u0105ce. Ale to do\u015bwiadczenie jest zwi\u0119kszona, gdy grasz online. Wej\u015bcie na loteri\u0119 online jest szybkie, proste i ca\u0142kowicie nieskomplikowane. Je\u015bli grasz w New York lotto, oto poni\u017csze kroki:<\/p>\n<ul>\n<li>Odwied\u017a stron\u0119 swojego wyboru (np. jackpotlotteryonline.com) i kliknij na loteri\u0119, kt\u00f3r\u0105 chcesz gra\u0107.<\/li>\n<li>Wybierz 6 z zakresu od 1 do 59. Istnieje 7 numer, ale to jest losowane przez firm\u0119 lotto i nie jest cz\u0119\u015bci\u0105 Twojego biletu.<\/li>\n<li>Wprowad\u017a losowania, kt\u00f3re s\u0105 w \u015brody i soboty ka\u017cdego tygodnia. Mo\u017cesz wprowadzi\u0107 tylko jedno losowanie lub oba.<\/li>\n<li>Zako\u0144cz swoj\u0105 p\u0142atno\u015b\u0107. Wi\u0119kszo\u015b\u0107 stron loteryjnych wymaga rejestracji w celu zako\u0144czenia p\u0142atno\u015bci. To dlatego, \u017ce mo\u017cna \u0142atwo uzyska\u0107 dost\u0119p do biletu po zakupie.<\/li>\n<\/ul>\n<p>Gra na loterii online jest naprawd\u0119 tak prosta. Nie ma innego sposobu na zdobycie los\u00f3w spoza Nowego Jorku. Dlatego te\u017c zapewniamy ostateczn\u0105 opcj\u0119 dla graczy, kt\u00f3rzy mieszkaj\u0105 w innej cz\u0119\u015bci \u015bwiata.<\/p>\n<h2>Jak wybra\u0107 zwyci\u0119skie numery<\/h2>\n<p><img loading=\"lazy\" decoding=\"async\" class=\"alignright size-full wp-image-29534\" src=\"https:\/\/jackpotlotteryonline.com\/wp-content\/uploads\/2022\/11\/1_results_lottery_online5.jpg\" alt=\"Zagraj w New York lotto online\" width=\"300\" height=\"200\" \/>Ok, czy naprawd\u0119 istnieje zwyci\u0119ska strategia wybierania kombinacji, kt\u00f3re gwarantuj\u0105 wygran\u0105 na loterii? Nie s\u0105dzimy, \u017ce istnieje z tego prostego powodu, \u017ce loteria jest gr\u0105 losow\u0105. Ci\u0119\u017cko jest powiedzie\u0107, kt\u00f3ra kombinacja pomo\u017ce Ci wygra\u0107 na loterii, zw\u0142aszcza, \u017ce losowania s\u0105 przypadkowe.<\/p>\n<p>Niemniej jednak, mo\u017cesz zwi\u0119kszy\u0107 swoje szcz\u0119\u015bcie wybieraj\u0105c zwyci\u0119skie numery, kt\u00f3re sprawiaj\u0105, \u017ce czujesz si\u0119 szcz\u0119\u015bliwy. Mo\u017cesz wi\u0119c wybra\u0107 daty urodzin, rocznice, cyfry, kt\u00f3re przynios\u0142y Ci szcz\u0119\u015bcie przez ca\u0142e \u017cycie itp. Mo\u017cesz te\u017c po prostu u\u017cy\u0107 narz\u0119dzia auto generatora na naszej stronie, aby wybra\u0107 losowe liczby.<\/p>\n<h2>Kategorie nagr\u00f3d w New York lotto<\/h2>\n<p>Ten Nowy Jork lotto ma minimaln\u0105 kwot\u0119 jackpota w wysoko\u015bci 2 milion\u00f3w dolar\u00f3w. Je\u015bli jednak nikt nie wygra po losowaniach, jackpot wzrasta o 300 000$. Ta nagroda nadal ro\u015bnie, a\u017c pojawi si\u0119 zwyci\u0119zca.<\/p>\n<p>W sumie jest pi\u0119\u0107 kategorii nagr\u00f3d, \u0142\u0105cznie z jackpotem. Szansa na wygranie nagrody ca\u0142kowitej wynosi 1 do 92,05. Podzia\u0142 nagr\u00f3d opiera si\u0119 na og\u00f3lnej sprzeda\u017cy. Tak wi\u0119c, dla ka\u017cdego lotto, 40% sprzeda\u017cy jest przeznaczony jako nagrody pieni\u0119\u017cne. Jackpot jest procentem tego i nie jest zamkni\u0119t\u0105 kwot\u0105. Kategorie nagr\u00f3d dla New York lotto s\u0105 przedstawione poni\u017cej:<\/p>\n<p>Kategoria 1: 6 numer\u00f3w &#8211; jackpot (30%)<\/p>\n<p>Kategoria 2: 5 + Bonus numer &#8211; 2,9% sprzeda\u017cy<\/p>\n<p>Kategoria 3: 5 numer\u00f3w &#8211; 2,2% sprzeda\u017cy<\/p>\n<p>Kategoria 4: 4 liczby &#8211; 2,5% sprzeda\u017cy<\/p>\n<p>Kategoria 5: 3 liczby &#8211; 2,4% sprzeda\u017cy<\/p>\n<h2>Jak sprawdzi\u0107 zwyci\u0119skie numery<\/h2>\n<p>Sk\u0105d wiesz, czy wygra\u0142e\u015b nagrod\u0119? Zasadniczo, je\u015bli grasz w New York lotto na jackpotlotteryonline.com, to poinformujemy Ci\u0119, je\u015bli wygra\u0142e\u015b nagrod\u0119. Robimy to poprzez wys\u0142anie wiadomo\u015bci na Twoje konto oraz na Tw\u00f3j e-mail. Naprawd\u0119 nie ma mo\u017cliwo\u015bci, aby\u015b przegapi\u0142 swoj\u0105 nagrod\u0119, je\u015bli jeste\u015b u nas zarejestrowany.<\/p>\n<p>Nawet je\u015bli nie wygrasz nagrody, mo\u017cesz sprawdzi\u0107 zwyci\u0119skie numery odwiedzaj\u0105c t\u0119 stron\u0119. Wyniki losowania zamieszczamy w\u0142a\u015bnie tutaj po ka\u017cdym losowaniu. Mo\u017cesz wi\u0119c sprawdzi\u0107, jaka kombinacja wygra\u0142a jackpota lub nagrody z innych kategorii.<\/p>\n<h2>Jak odebra\u0107 nagrod\u0119<\/h2>\n<p><img loading=\"lazy\" decoding=\"async\" class=\"alignright size-medium wp-image-29183\" src=\"https:\/\/jackpotlotteryonline.com\/wp-content\/uploads\/2022\/11\/1_play_lotto-online-300x199.jpg\" alt=\"Nowy Jork lotto zwyci\u0119skie numery\" width=\"300\" height=\"199\" srcset=\"https:\/\/jackpotlotteryonline.com\/wp-content\/uploads\/2022\/11\/1_play_lotto-online-300x199.jpg 300w, https:\/\/jackpotlotteryonline.com\/wp-content\/uploads\/2022\/11\/1_play_lotto-online.jpg 350w\" sizes=\"auto, (max-width: 300px) 100vw, 300px\" \/>Je\u015bli wygra\u0142e\u015b nagrod\u0119, mo\u017cesz \u0142atwo uzyska\u0107 dost\u0119p do swojej wygranej tutaj na naszej stronie. W przypadku nagr\u00f3d poni\u017cej 2.500 euro, mo\u017cesz wyp\u0142aci\u0107 swoj\u0105 wygran\u0105 prosto do banku z naszej platformy. To tylko kwestia kilku klikni\u0119\u0107 i bez problemu otrzymasz swoj\u0105 nagrod\u0119.<\/p>\n<p>Je\u015bli jednak Twoja wygrana wynosi wi\u0119cej ni\u017c 2,500 euro, by\u0107 mo\u017ce b\u0119dziesz musia\u0142 skontaktowa\u0107 si\u0119 bezpo\u015brednio z firm\u0105 loteryjn\u0105. W takim przypadku wy\u015blemy Ci formularz zg\u0142oszeniowy do wype\u0142nienia i pomo\u017cemy Ci przetworzy\u0107 Twoj\u0105 wygran\u0105.<\/p>\n<h2>Porady dotycz\u0105ce gry w New York lotto<\/h2>\n<p>Je\u015bli potrzebujesz kilku wskaz\u00f3wek dotycz\u0105cych gry na loterii, to czytaj dalej. Te wskaz\u00f3wki s\u0105 przydatne, gdy grasz w ka\u017cd\u0105 najlepsz\u0105 mi\u0119dzynarodow\u0105 loteri\u0119. Nie s\u0105 one wi\u0119c ograniczone tylko do nowojorskiego lotto.<\/p>\n<ul>\n<li>Wybierz swoje zwyci\u0119skie numery z uwag\u0105. Nawet je\u015bli nie mo\u017cesz przewidzie\u0107 zwyci\u0119zcy loterii, zawsze dobrze jest wybra\u0107 kombinacj\u0119, kt\u00f3ra ma dla Ciebie znaczenie.<\/li>\n<li>W przypadku tego nowojorskiego lotto, numer bonusowy jest wa\u017cny, poniewa\u017c decyduje o nagrodzie w drugiej kategorii. Nie ignoruj go wi\u0119c, poniewa\u017c mo\u017cesz wr\u00f3ci\u0107 do domu z poka\u017an\u0105 wygran\u0105, nawet je\u015bli nie zdob\u0119dziesz jackpota.<\/li>\n<li>Zwr\u00f3\u0107 uwag\u0119 na dni losowania, poniewa\u017c to w\u0142a\u015bnie wtedy poznajemy numer, kt\u00f3ry wygrywa. Ponadto, je\u015bli nie we\u017amiesz udzia\u0142u w losowaniu, to nie mo\u017cesz wygra\u0107 \u017cadnej nagrody podczas tego losowania. Tak wi\u0119c dni losowania s\u0105 naprawd\u0119 wa\u017cne. Mo\u017cesz r\u00f3wnie\u017c przyst\u0105pi\u0107 do losowania z kilkutygodniowym wyprzedzeniem (poka\u017cemy Ci jak, p\u00f3\u017aniej).<\/li>\n<\/ul>\n<section class=\"layout\" style=\"border: solid 1px; width: 100%;\">\n<div class=\"img-div\" style=\"margin-top: 5px;\"><img decoding=\"async\" class=\"wp-image-17212 alignleft\" style=\"height: 45px; margin: 8px 8px 0px;\" src=\"https:\/\/jackpotlotteryonline.com\/wp-content\/uploads\/2022\/11\/read1.jpg\" alt=\"czytaj\" width=\"\" height=\"\" \/><\/div>\n<div style=\"padding-left: 5px;\">\n<div style=\"font-size: 1.1em;\">\n<p><strong>Jaki jest sekret sukcesu na loterii?<\/strong><\/p>\n<p style=\"font-size: 0.85em; margin-top: -1.5em;\">Jak z powodzeniem gra\u0107 na loterii\u00a0 <a href=\"https:\/\/jackpotlotteryonline.com\/pl\/jaki-jest-sekret-sukcesu-w-loterii\"> wi\u0119cej<\/a><\/p>\n<\/div>\n<\/div>\n<\/section>\n<h2>Sprawd\u017a wyniki losowania na stronie jackpotlotteryonline.com<\/h2>\n<p>Jeste\u015bmy stron\u0105 concierge, kt\u00f3ra dba o szczeg\u00f3\u0142y, aby nasi klienci mogli cieszy\u0107 si\u0119 do\u015bwiadczeniem gry na loterii. Rozumiemy, \u017ce nikt nie chce si\u0119 martwi\u0107 o drobne rzeczy. Ten czas m\u00f3g\u0142by by\u0107 lepiej sp\u0119dzony na doskonaleniu strategii loteryjnej. I w\u0142a\u015bnie dlatego tu jeste\u015bmy.<\/p>\n<p>Dajemy naszym klientom szans\u0119 na udzia\u0142 w loteriach na ca\u0142ym \u015bwiecie. Publikujemy r\u00f3wnie\u017c wyniki loterii w\u0142a\u015bnie u nas i zapewniamy bezproblemowy system, dzi\u0119ki kt\u00f3remu mo\u017cesz mie\u0107 dost\u0119p do swoich wygranych.<\/p>\n<p><a href=\"https:\/\/jackpotlotteryonline.com\/pl\/jak-grac\/new-york-lottery-2\">Granie w nowojorskie lotto<\/a> z nami to wygrana dla ka\u017cdego.<\/p>\n","protected":false},"excerpt":{"rendered":"<p>Nowojorskie lotto by\u0142o kiedy\u015b jedn\u0105 z tych pomijanych loterii. G\u0142\u00f3wnie dlatego, \u017ce mo\u017cna by\u0142o wzi\u0105\u0107 udzia\u0142 w loterii tylko jako mieszkaniec Nowego Jorku. To wszystko zmieni\u0142o si\u0119 teraz, poniewa\u017c gracze na ca\u0142ym \u015bwiecie mog\u0105 kupi\u0107 bilety na loteri\u0119. Teraz, wi\u0119cej entuzjast\u00f3w loterii wybiera zwyci\u0119skie numery graj\u0105c online. Nowojorskie lotto zosta\u0142o za\u0142o\u017cone, aby zebra\u0107 fundusze na [&hellip;]<\/p>\n","protected":false},"author":1,"featured_media":0,"parent":35844,"menu_order":15,"comment_status":"closed","ping_status":"closed","template":"newyork-results.php","meta":{"_et_pb_use_builder":"","_et_pb_old_content":"","_et_gb_content_width":"","exclude_from_search":false,"footnotes":""},"class_list":["post-41377","page","type-page","status-publish","hentry"],"yoast_head":"<!-- This site is optimized with the Yoast SEO plugin v23.3 - https:\/\/yoast.com\/wordpress\/plugins\/seo\/ -->\n<title>Nowy Jork zwyci\u0119skie numery loterii i wyniki losowa\u0144<\/title>\n<meta name=\"description\" content=\"Wyniki losowania New York Lottery - zwyci\u0119skie numery, wygrane kwoty dla wszystkich przesz\u0142ych i obecnych losowa\u0144\" \/>\n<meta name=\"robots\" content=\"index, follow, max-snippet:-1, max-image-preview:large, max-video-preview:-1\" \/>\n<link rel=\"canonical\" href=\"https:\/\/jackpotlotteryonline.com\/pl\/zwycieskie-numery\/new-york-lottery\/\" \/>\n<meta property=\"og:locale\" content=\"pl_PL\" \/>\n<meta property=\"og:type\" content=\"article\" \/>\n<meta property=\"og:title\" content=\"Nowy Jork zwyci\u0119skie numery loterii i wyniki losowa\u0144\" \/>\n<meta property=\"og:description\" content=\"Wyniki losowania New York Lottery - zwyci\u0119skie numery, wygrane kwoty dla wszystkich przesz\u0142ych i obecnych losowa\u0144\" \/>\n<meta property=\"og:url\" content=\"https:\/\/jackpotlotteryonline.com\/pl\/zwycieskie-numery\/new-york-lottery\/\" \/>\n<meta property=\"og:site_name\" content=\"Lotto Online - Crack The International Lottery Jackpots\" \/>\n<meta property=\"article:modified_time\" content=\"2022-12-30T10:03:58+00:00\" \/>\n<meta property=\"og:image\" content=\"https:\/\/jackpotlotteryonline.com\/wp-content\/uploads\/2022\/11\/1_results_lottery_online5.jpg\" \/>\n<meta name=\"twitter:card\" content=\"summary_large_image\" \/>\n<meta name=\"twitter:label1\" content=\"Szacowany czas czytania\" \/>\n\t<meta name=\"twitter:data1\" content=\"5 minut\" \/>\n<!-- \/ Yoast SEO plugin. -->","yoast_head_json":{"title":"Nowy Jork zwyci\u0119skie numery loterii i wyniki losowa\u0144","description":"Wyniki losowania New York Lottery - zwyci\u0119skie numery, wygrane kwoty dla wszystkich przesz\u0142ych i obecnych losowa\u0144","robots":{"index":"index","follow":"follow","max-snippet":"max-snippet:-1","max-image-preview":"max-image-preview:large","max-video-preview":"max-video-preview:-1"},"canonical":"https:\/\/jackpotlotteryonline.com\/pl\/zwycieskie-numery\/new-york-lottery\/","og_locale":"pl_PL","og_type":"article","og_title":"Nowy Jork zwyci\u0119skie numery loterii i wyniki losowa\u0144","og_description":"Wyniki losowania New York Lottery - zwyci\u0119skie numery, wygrane kwoty dla wszystkich przesz\u0142ych i obecnych losowa\u0144","og_url":"https:\/\/jackpotlotteryonline.com\/pl\/zwycieskie-numery\/new-york-lottery\/","og_site_name":"Lotto Online - Crack The International Lottery Jackpots","article_modified_time":"2022-12-30T10:03:58+00:00","og_image":[{"url":"https:\/\/jackpotlotteryonline.com\/wp-content\/uploads\/2022\/11\/1_results_lottery_online5.jpg"}],"twitter_card":"summary_large_image","twitter_misc":{"Szacowany czas czytania":"5 minut"},"schema":{"@context":"https:\/\/schema.org","@graph":[{"@type":"WebPage","@id":"https:\/\/jackpotlotteryonline.com\/pl\/zwycieskie-numery\/new-york-lottery\/","url":"https:\/\/jackpotlotteryonline.com\/pl\/zwycieskie-numery\/new-york-lottery\/","name":"Nowy Jork zwyci\u0119skie numery loterii i wyniki losowa\u0144","isPartOf":{"@id":"https:\/\/jackpotlotteryonline.com\/#website"},"primaryImageOfPage":{"@id":"https:\/\/jackpotlotteryonline.com\/pl\/zwycieskie-numery\/new-york-lottery\/#primaryimage"},"image":{"@id":"https:\/\/jackpotlotteryonline.com\/pl\/zwycieskie-numery\/new-york-lottery\/#primaryimage"},"thumbnailUrl":"https:\/\/jackpotlotteryonline.com\/wp-content\/uploads\/2022\/11\/1_results_lottery_online5.jpg","datePublished":"2022-12-09T08:46:22+00:00","dateModified":"2022-12-30T10:03:58+00:00","description":"Wyniki losowania New York Lottery - zwyci\u0119skie numery, wygrane kwoty dla wszystkich przesz\u0142ych i obecnych losowa\u0144","breadcrumb":{"@id":"https:\/\/jackpotlotteryonline.com\/pl\/zwycieskie-numery\/new-york-lottery\/#breadcrumb"},"inLanguage":"pl-PL","potentialAction":[{"@type":"ReadAction","target":["https:\/\/jackpotlotteryonline.com\/pl\/zwycieskie-numery\/new-york-lottery\/"]}]},{"@type":"ImageObject","inLanguage":"pl-PL","@id":"https:\/\/jackpotlotteryonline.com\/pl\/zwycieskie-numery\/new-york-lottery\/#primaryimage","url":"https:\/\/jackpotlotteryonline.com\/wp-content\/uploads\/2022\/11\/1_results_lottery_online5.jpg","contentUrl":"https:\/\/jackpotlotteryonline.com\/wp-content\/uploads\/2022\/11\/1_results_lottery_online5.jpg"},{"@type":"BreadcrumbList","@id":"https:\/\/jackpotlotteryonline.com\/pl\/zwycieskie-numery\/new-york-lottery\/#breadcrumb","itemListElement":[{"@type":"ListItem","position":1,"name":"Home","item":"https:\/\/jackpotlotteryonline.com\/pl\/"},{"@type":"ListItem","position":2,"name":"Wyniki loterii","item":"https:\/\/jackpotlotteryonline.com\/winning-numbers\/"},{"@type":"ListItem","position":3,"name":"Wyniki losowania nowojorskiej loterii"}]},{"@type":"WebSite","@id":"https:\/\/jackpotlotteryonline.com\/#website","url":"https:\/\/jackpotlotteryonline.com\/","name":"Lotto Online - Crack The International Lottery Jackpots","description":"","potentialAction":[{"@type":"SearchAction","target":{"@type":"EntryPoint","urlTemplate":"https:\/\/jackpotlotteryonline.com\/?s={search_term_string}"},"query-input":"required name=search_term_string"}],"inLanguage":"pl-PL"}]}},"_links":{"self":[{"href":"https:\/\/jackpotlotteryonline.com\/pl\/wp-json\/wp\/v2\/pages\/41377","targetHints":{"allow":["GET"]}}],"collection":[{"href":"https:\/\/jackpotlotteryonline.com\/pl\/wp-json\/wp\/v2\/pages"}],"about":[{"href":"https:\/\/jackpotlotteryonline.com\/pl\/wp-json\/wp\/v2\/types\/page"}],"author":[{"embeddable":true,"href":"https:\/\/jackpotlotteryonline.com\/pl\/wp-json\/wp\/v2\/users\/1"}],"replies":[{"embeddable":true,"href":"https:\/\/jackpotlotteryonline.com\/pl\/wp-json\/wp\/v2\/comments?post=41377"}],"version-history":[{"count":0,"href":"https:\/\/jackpotlotteryonline.com\/pl\/wp-json\/wp\/v2\/pages\/41377\/revisions"}],"up":[{"embeddable":true,"href":"https:\/\/jackpotlotteryonline.com\/pl\/wp-json\/wp\/v2\/pages\/35844"}],"wp:attachment":[{"href":"https:\/\/jackpotlotteryonline.com\/pl\/wp-json\/wp\/v2\/media?parent=41377"}],"curies":[{"name":"wp","href":"https:\/\/api.w.org\/{rel}","templated":true}]}}