{"id":41430,"date":"2022-12-09T10:34:57","date_gmt":"2022-12-09T10:34:57","guid":{"rendered":"https:\/\/jackpotlotteryonline.com\/?page_id=41430"},"modified":"2022-12-30T12:14:01","modified_gmt":"2022-12-30T12:14:01","slug":"oz-lotto","status":"publish","type":"page","link":"https:\/\/jackpotlotteryonline.com\/pl\/zwycieskie-numery\/oz-lotto\/","title":{"rendered":"Wyniki losowania Oz Lotto"},"content":{"rendered":"<h2>Wyniki losowania Oz Lotto Informacje<\/h2>\n<p><img loading=\"lazy\" decoding=\"async\" class=\"alignright size-full wp-image-26942\" src=\"https:\/\/jackpotlotteryonline.com\/wp-content\/uploads\/2022\/11\/1_euromillions_results.jpg\" alt=\"wyniki losowania oz lotto\" width=\"300\" height=\"200\" \/>Jeste\u015b ciekaw wynik\u00f3w losowania Oz Lotto lub tego, co dzieje si\u0119 po wygranej? W tym artykule dowiesz si\u0119 jak odpowiedzie\u0107 na te pytania.<\/p>\n<p>Australijskie Lotto jest losowane w ka\u017cdy wtorek i sobot\u0119 o godzinie 19:30 AEST, wi\u0119c po wytypowaniu swoich numer\u00f3w mo\u017cesz usi\u0105\u015b\u0107 i czeka\u0107 na losowanie. Losowania przeprowadzane s\u0105 w Sydney za pomoc\u0105 komputerowego generatora liczb.<\/p>\n<p>Oz Lotto to ca\u0142kiem satysfakcjonuj\u0105ca gra, kt\u00f3ra ma siedem dzia\u0142\u00f3w nagr\u00f3d, gdzie je\u015bli Dzia\u0142 1 (jackpot) nie zostanie wygrany, inne nagrody mog\u0105 by\u0107 wygrane, je\u015bli gracz dopasuje pi\u0119\u0107 lub cztery numery. Dodatkowo, dziesi\u0119\u0107 nagr\u00f3d po 2 miliony dolar\u00f3w ka\u017cda jest przyznawana, gdy \u017caden gracz nie mo\u017ce dopasowa\u0107 wszystkich siedmiu wylosowanych numer\u00f3w.<\/p>\n<p>Ponadto, wyniki losowania loterii s\u0105 publikowane tydzie\u0144 po losowaniu na stronie internetowej rz\u0105du Wiktorii. Czas losowania jest utrzymywany w tajemnicy, ma to na celu ochron\u0119 prywatno\u015bci uczestnik\u00f3w.<\/p>\n<h2>Jak mo\u017cna wygra\u0107 w australijskim Oz Lotto?<\/h2>\n<p>Aby wygra\u0107 jak\u0105kolwiek nagrod\u0119 w Oz Lotto, nale\u017cy wiedzie\u0107 co nast\u0119puje:<\/p>\n<ol>\n<li>Aby <a href=\"https:\/\/jackpotlotteryonline.com\/pl\/jak-grac\/oz-lotto\">zagra\u0107 w Oz Lotto<\/a>, gracz musi wylosowa\u0107 dziesi\u0119\u0107 numer\u00f3w z puli 47.<\/li>\n<li>Pierwsze siedem wylosowanych numer\u00f3w jest uznawanych za zwyci\u0119skie numery dla nagrody jackpot.<\/li>\n<li>Pozosta\u0142e trzy wylosowane to numery dodatkowe, kt\u00f3re s\u0105 u\u017cywane do okre\u015blenia nagr\u00f3d dla pozosta\u0142ych dzia\u0142\u00f3w.<\/li>\n<li>Im wi\u0119cej pasuj\u0105cych numer\u00f3w ma gracz, tym wi\u0119ksza jest nagroda.<\/li>\n<li>Udzia\u0142 w Oz Lotto jest gr\u0105 szans, mo\u017cesz albo wygra\u0107 albo przegra\u0107.<\/li>\n<\/ol>\n<h2>Jak mog\u0119 sprawdzi\u0107, czy wygra\u0142em w danym losowaniu?<\/h2>\n<p><img loading=\"lazy\" decoding=\"async\" class=\"alignright size-full wp-image-26159\" src=\"https:\/\/jackpotlotteryonline.com\/wp-content\/uploads\/2022\/11\/1_buy_lottery_online.jpg\" alt=\"wyniki losowania oz lotto\" width=\"212\" height=\"142\" \/>Je\u015bli<a href=\"https:\/\/jackpotlotteryonline.com\/pl\/kupic-bilety\/oz-lotto\"> zakupi\u0142e\u015b u nas los<\/a>, sprawd\u017a wyniki losowania na naszej stronie internetowej. Najprostszym sposobem, aby dowiedzie\u0107 si\u0119 czy wygra\u0142e\u015b jest zalogowanie si\u0119 na swoje konto gracza na naszej stronie. Nast\u0119pnie przejd\u017a do zak\u0142adki &#8220;moje bilety&#8221; i zobaczysz skan swojego biletu z numerami, kt\u00f3rymi gra\u0142e\u015b. Po losowaniu, wszystkie pasuj\u0105ce cyfry zostan\u0105 pod\u015bwietlone.<\/p>\n<p>Innym sposobem, aby dowiedzie\u0107 si\u0119, czy wygra\u0142e\u015b, jest sprawdzenie swojego e-maila. Natychmiast po losowaniu, otrzymasz email z powiadomieniem o tym samym. U\u017cyj tej informacji, aby dowiedzie\u0107 si\u0119, czy wygra\u0142e\u015b w tym losowaniu.<\/p>\n<p>Mo\u017cesz r\u00f3wnie\u017c odwiedzi\u0107 oficjaln\u0105 stron\u0119 internetow\u0105 Australian Oz Lotto, aby dowiedzie\u0107 si\u0119 wi\u0119cej o poprzednich wynikach i og\u00f3lnych informacjach na temat loterii.<\/p>\n<h2>Sposoby na zwi\u0119kszenie szans na wygran\u0105<\/h2>\n<p>Aby zwi\u0119kszy\u0107 swoje szanse na zdobycie jackpota, mo\u017cesz wzi\u0105\u0107 udzia\u0142 w wielu losowaniach, kupuj\u0105c bilety na kolejne losowania. Dzi\u0119ki temu mo\u017cna gra\u0107 na ten sam typ przez kilka tygodni. C\u00f3\u017c, graj\u0105c w ten spos\u00f3b zwi\u0119kszysz koszt swoich zam\u00f3wie\u0144, ale pozwoli Ci to na gr\u0119 w wi\u0119kszej ilo\u015bci losowa\u0144.<\/p>\n<section class=\"layout\" style=\"border: solid 1px; width: 100%;\">\n<div class=\"img-div\" style=\"margin-top: 5px;\"><img decoding=\"async\" class=\"wp-image-17212 alignleft\" style=\"height: 45px; margin: 8px 8px 0px;\" src=\"https:\/\/jackpotlotteryonline.com\/wp-content\/uploads\/2022\/11\/read1.jpg\" alt=\"czytaj\" width=\"\" height=\"\" \/><\/div>\n<div style=\"padding-left: 5px;\">\n<div style=\"font-size: 1.1em;\">\n<p><strong>Wybierz zwyci\u0119skie numery lotto r\u0119cznie lub za pomoc\u0105 RNG<\/strong><\/p>\n<p style=\"font-size: 0.85em; margin-top: -1.5em;\">Jak wygenerowa\u0107 zwyci\u0119skie numery lotto?\u00a0 <a href=\"https:\/\/jackpotlotteryonline.com\/pl\/jak-wygenerowac-zwycieskie-numery-lotto\">wi\u0119cej<\/a><\/p>\n<\/div>\n<\/div>\n<\/section>\n<h2>Jak mog\u0119 odebra\u0107 swoj\u0105 nagrod\u0119?<\/h2>\n<p>W przypadku wygrania jakiejkolwiek nagrody, zwr\u00f3\u0107 uwag\u0119 na nast\u0119puj\u0105ce kwestie:<\/p>\n<ul>\n<li>Wygrane poni\u017cej 2500 \u20ac zostan\u0105 automatycznie przekazane na konto gracza. Za wygrane pieni\u0105dze mo\u017cesz wyp\u0142aci\u0107 lub kontynuowa\u0107 zakup kolejnych los\u00f3w.<\/li>\n<li>W przypadku wygranych wy\u017cszych ni\u017c 2500\u20ac, nagroda zostanie wyp\u0142acona bezpo\u015brednio przez komisj\u0119 loterii, a Ty mo\u017cesz j\u0105 otrzyma\u0107 przelewem bankowym lub czekiem.<\/li>\n<\/ul>\n<p>B\u0105d\u017a pewien, \u017ce nie przegapisz losowa\u0144. Aby nie przegapi\u0107 \u017cadnej informacji, graczom zaleca si\u0119 wpisanie na bia\u0142\u0105 list\u0119 jackpotlotteryonline.com jako zaufanego dostawcy poczty elektronicznej.<\/p>\n<p><strong>Podsumowuj\u0105c&#8230;<\/strong><\/p>\n<p>Oz Lotto jest jedn\u0105 z najbardziej popularnych gier loteryjnych w Australii od 1994 roku. Wiele os\u00f3b dzi\u0119ki niej sta\u0142o si\u0119 milionerami z dnia na dzie\u0144. Co wi\u0119c sprawia, \u017ce nie grasz? We\u017a udzia\u0142 w tej australijskiej loterii i miej szans\u0119 na wygranie jednej z wielu nagr\u00f3d, je\u015bli nie jackpota.<\/p>\n<p><strong>Zarejestruj si\u0119 ju\u017c dzi\u015b, aby wygra\u0107!<\/strong><\/p>\n","protected":false},"excerpt":{"rendered":"<p>Wyniki losowania Oz Lotto Informacje Jeste\u015b ciekaw wynik\u00f3w losowania Oz Lotto lub tego, co dzieje si\u0119 po wygranej? W tym artykule dowiesz si\u0119 jak odpowiedzie\u0107 na te pytania. Australijskie Lotto jest losowane w ka\u017cdy wtorek i sobot\u0119 o godzinie 19:30 AEST, wi\u0119c po wytypowaniu swoich numer\u00f3w mo\u017cesz usi\u0105\u015b\u0107 i czeka\u0107 na losowanie. Losowania przeprowadzane s\u0105 [&hellip;]<\/p>\n","protected":false},"author":1,"featured_media":0,"parent":35844,"menu_order":16,"comment_status":"closed","ping_status":"closed","template":"","meta":{"_et_pb_use_builder":"","_et_pb_old_content":"","_et_gb_content_width":"","exclude_from_search":false,"footnotes":""},"class_list":["post-41430","page","type-page","status-publish","hentry"],"yoast_head":"<!-- This site is optimized with the Yoast SEO plugin v23.3 - https:\/\/yoast.com\/wordpress\/plugins\/seo\/ -->\n<title>Oz Lotto zwyci\u0119skie numery i wyniki losowania<\/title>\n<meta name=\"description\" content=\"Sprawd\u017a zwyci\u0119skie numery i dotychczasowe wyniki australijskiego Oz Lotto na naszej stronie z wynikami losowa\u0144. Upewnij si\u0119, \u017ce nie przegapisz!\" \/>\n<meta name=\"robots\" content=\"index, follow, max-snippet:-1, max-image-preview:large, max-video-preview:-1\" \/>\n<link rel=\"canonical\" href=\"https:\/\/jackpotlotteryonline.com\/pl\/zwycieskie-numery\/oz-lotto\/\" \/>\n<meta property=\"og:locale\" content=\"pl_PL\" \/>\n<meta property=\"og:type\" content=\"article\" \/>\n<meta property=\"og:title\" content=\"Oz Lotto zwyci\u0119skie numery i wyniki losowania\" \/>\n<meta property=\"og:description\" content=\"Sprawd\u017a zwyci\u0119skie numery i dotychczasowe wyniki australijskiego Oz Lotto na naszej stronie z wynikami losowa\u0144. Upewnij si\u0119, \u017ce nie przegapisz!\" \/>\n<meta property=\"og:url\" content=\"https:\/\/jackpotlotteryonline.com\/pl\/zwycieskie-numery\/oz-lotto\/\" \/>\n<meta property=\"og:site_name\" content=\"Lotto Online - Crack The International Lottery Jackpots\" \/>\n<meta property=\"article:modified_time\" content=\"2022-12-30T12:14:01+00:00\" \/>\n<meta property=\"og:image\" content=\"https:\/\/jackpotlotteryonline.com\/wp-content\/uploads\/2022\/11\/1_euromillions_results.jpg\" \/>\n<meta name=\"twitter:card\" content=\"summary_large_image\" \/>\n<meta name=\"twitter:label1\" content=\"Szacowany czas czytania\" \/>\n\t<meta name=\"twitter:data1\" content=\"3 minuty\" \/>\n<!-- \/ Yoast SEO plugin. -->","yoast_head_json":{"title":"Oz Lotto zwyci\u0119skie numery i wyniki losowania","description":"Sprawd\u017a zwyci\u0119skie numery i dotychczasowe wyniki australijskiego Oz Lotto na naszej stronie z wynikami losowa\u0144. Upewnij si\u0119, \u017ce nie przegapisz!","robots":{"index":"index","follow":"follow","max-snippet":"max-snippet:-1","max-image-preview":"max-image-preview:large","max-video-preview":"max-video-preview:-1"},"canonical":"https:\/\/jackpotlotteryonline.com\/pl\/zwycieskie-numery\/oz-lotto\/","og_locale":"pl_PL","og_type":"article","og_title":"Oz Lotto zwyci\u0119skie numery i wyniki losowania","og_description":"Sprawd\u017a zwyci\u0119skie numery i dotychczasowe wyniki australijskiego Oz Lotto na naszej stronie z wynikami losowa\u0144. Upewnij si\u0119, \u017ce nie przegapisz!","og_url":"https:\/\/jackpotlotteryonline.com\/pl\/zwycieskie-numery\/oz-lotto\/","og_site_name":"Lotto Online - Crack The International Lottery Jackpots","article_modified_time":"2022-12-30T12:14:01+00:00","og_image":[{"url":"https:\/\/jackpotlotteryonline.com\/wp-content\/uploads\/2022\/11\/1_euromillions_results.jpg"}],"twitter_card":"summary_large_image","twitter_misc":{"Szacowany czas czytania":"3 minuty"},"schema":{"@context":"https:\/\/schema.org","@graph":[{"@type":"WebPage","@id":"https:\/\/jackpotlotteryonline.com\/pl\/zwycieskie-numery\/oz-lotto\/","url":"https:\/\/jackpotlotteryonline.com\/pl\/zwycieskie-numery\/oz-lotto\/","name":"Oz Lotto zwyci\u0119skie numery i wyniki losowania","isPartOf":{"@id":"https:\/\/jackpotlotteryonline.com\/#website"},"primaryImageOfPage":{"@id":"https:\/\/jackpotlotteryonline.com\/pl\/zwycieskie-numery\/oz-lotto\/#primaryimage"},"image":{"@id":"https:\/\/jackpotlotteryonline.com\/pl\/zwycieskie-numery\/oz-lotto\/#primaryimage"},"thumbnailUrl":"https:\/\/jackpotlotteryonline.com\/wp-content\/uploads\/2022\/11\/1_euromillions_results.jpg","datePublished":"2022-12-09T10:34:57+00:00","dateModified":"2022-12-30T12:14:01+00:00","description":"Sprawd\u017a zwyci\u0119skie numery i dotychczasowe wyniki australijskiego Oz Lotto na naszej stronie z wynikami losowa\u0144. Upewnij si\u0119, \u017ce nie przegapisz!","breadcrumb":{"@id":"https:\/\/jackpotlotteryonline.com\/pl\/zwycieskie-numery\/oz-lotto\/#breadcrumb"},"inLanguage":"pl-PL","potentialAction":[{"@type":"ReadAction","target":["https:\/\/jackpotlotteryonline.com\/pl\/zwycieskie-numery\/oz-lotto\/"]}]},{"@type":"ImageObject","inLanguage":"pl-PL","@id":"https:\/\/jackpotlotteryonline.com\/pl\/zwycieskie-numery\/oz-lotto\/#primaryimage","url":"https:\/\/jackpotlotteryonline.com\/wp-content\/uploads\/2022\/11\/1_euromillions_results.jpg","contentUrl":"https:\/\/jackpotlotteryonline.com\/wp-content\/uploads\/2022\/11\/1_euromillions_results.jpg"},{"@type":"BreadcrumbList","@id":"https:\/\/jackpotlotteryonline.com\/pl\/zwycieskie-numery\/oz-lotto\/#breadcrumb","itemListElement":[{"@type":"ListItem","position":1,"name":"Home","item":"https:\/\/jackpotlotteryonline.com\/pl\/"},{"@type":"ListItem","position":2,"name":"Wyniki loterii","item":"https:\/\/jackpotlotteryonline.com\/winning-numbers\/"},{"@type":"ListItem","position":3,"name":"Wyniki losowania Oz Lotto"}]},{"@type":"WebSite","@id":"https:\/\/jackpotlotteryonline.com\/#website","url":"https:\/\/jackpotlotteryonline.com\/","name":"Lotto Online - Crack The International Lottery Jackpots","description":"","potentialAction":[{"@type":"SearchAction","target":{"@type":"EntryPoint","urlTemplate":"https:\/\/jackpotlotteryonline.com\/?s={search_term_string}"},"query-input":"required name=search_term_string"}],"inLanguage":"pl-PL"}]}},"_links":{"self":[{"href":"https:\/\/jackpotlotteryonline.com\/pl\/wp-json\/wp\/v2\/pages\/41430","targetHints":{"allow":["GET"]}}],"collection":[{"href":"https:\/\/jackpotlotteryonline.com\/pl\/wp-json\/wp\/v2\/pages"}],"about":[{"href":"https:\/\/jackpotlotteryonline.com\/pl\/wp-json\/wp\/v2\/types\/page"}],"author":[{"embeddable":true,"href":"https:\/\/jackpotlotteryonline.com\/pl\/wp-json\/wp\/v2\/users\/1"}],"replies":[{"embeddable":true,"href":"https:\/\/jackpotlotteryonline.com\/pl\/wp-json\/wp\/v2\/comments?post=41430"}],"version-history":[{"count":0,"href":"https:\/\/jackpotlotteryonline.com\/pl\/wp-json\/wp\/v2\/pages\/41430\/revisions"}],"up":[{"embeddable":true,"href":"https:\/\/jackpotlotteryonline.com\/pl\/wp-json\/wp\/v2\/pages\/35844"}],"wp:attachment":[{"href":"https:\/\/jackpotlotteryonline.com\/pl\/wp-json\/wp\/v2\/media?parent=41430"}],"curies":[{"name":"wp","href":"https:\/\/api.w.org\/{rel}","templated":true}]}}