{"id":41482,"date":"2022-12-09T12:44:28","date_gmt":"2022-12-09T12:44:28","guid":{"rendered":"https:\/\/jackpotlotteryonline.com\/?page_id=41482"},"modified":"2022-12-30T13:51:26","modified_gmt":"2022-12-30T13:51:26","slug":"powerball-australia","status":"publish","type":"page","link":"https:\/\/jackpotlotteryonline.com\/pl\/zwycieskie-numery\/powerball-australia\/","title":{"rendered":"Wyniki losowania Powerball Australia"},"content":{"rendered":"<p><a href=\"https:\/\/jackpotlotteryonline.com\/pl\/jak-grac\/powerball-australia\">Gra w australijski Powerball<\/a> jest \u0142atwa, gdy kupisz swoje bilety online. W ten spos\u00f3b mo\u017cna uzyska\u0107 dost\u0119p do Powerball z dowolnego miejsca na \u015bwiecie. Jednak kupno losu to tylko cz\u0119\u015b\u0107 gry w Powerball. Trzeba r\u00f3wnie\u017c sprawdzi\u0107 wyniki losowania zwyci\u0119skich numer\u00f3w. W ten spos\u00f3b dowiesz si\u0119 czy wygra\u0142e\u015b na loterii czy nie. Poni\u017cej przedstawiamy wskaz\u00f3wki i informacje, jak mo\u017cna sprawdzi\u0107 wyniki losowania i uzyska\u0107 dost\u0119p do swoich wygranych.<\/p>\n<h2>Jak sprawdzi\u0107 zwyci\u0119skie numery Powerball Australia<\/h2>\n<p>Aby zagra\u0107 w Powerball, nale\u017cy wytypowa\u0107 7 numer\u00f3w z zakresu od 1 do 35 oraz numer Powerball od 1 do 20. Podczas losowania, 8 numer\u00f3w jest losowanych. Ktokolwiek pasuje do wylosowanych numer\u00f3w ma zwyci\u0119ski bilet na Powerball.<\/p>\n<p>By\u0107 mo\u017ce nie b\u0119dziesz w stanie ogl\u0105da\u0107 losowa\u0144 Powerball w telewizji na \u017cywo. Ale mo\u017cna sprawdzi\u0107 online strony informacyjne dla zwyci\u0119skich numer\u00f3w Powerball. Strony te w wi\u0119kszo\u015bci zamieszczaj\u0105 tylko kombinacj\u0119, kt\u00f3ra wygrywa jackpot. A Powerball ma kilka innych poziom\u00f3w nagr\u00f3d.<\/p>\n<p>Wi\u0119c aby pozna\u0107 zwyci\u0119skie numery Powerball dla wszystkich poziom\u00f3w nagr\u00f3d, mo\u017cesz sprawdzi\u0107 tutaj po ka\u017cdym losowaniu. Publikujemy zwyci\u0119skie numery Powerball na naszej stronie. Ponadto, je\u015bli kupi\u0142e\u015b bilet na Powerball od nas, b\u0119dziemy ostrzega\u0107 Ci\u0119, je\u015bli masz jeden z zwyci\u0119skich numer\u00f3w. Wy\u015blemy Ci e-mail i umie\u015bcimy powiadomienie na Twoim koncie. W ten spos\u00f3b nie musisz si\u0119 obawia\u0107, \u017ce przegapisz swoje wygrane.<\/p>\n<h2>Jakie s\u0105 szanse na wygranie Powerball?<\/h2>\n<p><img loading=\"lazy\" decoding=\"async\" class=\"alignright size-full wp-image-31181\" src=\"https:\/\/jackpotlotteryonline.com\/wp-content\/uploads\/2022\/11\/logo_powerball-300x50-1.jpg\" alt=\"wygra\u0107 Powerball\" width=\"300\" height=\"50\" \/>Wygranie na loterii nie jest \u0142atw\u0105 rzecz\u0105. Wi\u0119kszo\u015b\u0107 ludzi powiedzia\u0142aby, \u017ce szanse s\u0105 niewiarygodnie wysokie. Jednak s\u0142yszymy o ludziach, kt\u00f3rzy wygrali kwoty zmieniaj\u0105ce \u017cycie. Szczeg\u00f3lnie Powerball Australia ma d\u0142ug\u0105 list\u0119 zwyci\u0119zc\u00f3w loterii i to prawdopodobnie z powodu szans.<\/p>\n<p>Szanse na wygran\u0105 w loterii Powerball wynosz\u0105 1 na 70 milion\u00f3w. Oznacza to, \u017ce dos\u0142ownie ka\u017cdy mo\u017ce wygra\u0107 loteri\u0119 Powerball.<\/p>\n<p>Poza tym, Powerball ma w sumie 9 kategorii nagr\u00f3d, co jeszcze bardziej zwi\u0119ksza szanse na wygranie tej loterii.<\/p>\n<h2>Nagrody w Powerball<\/h2>\n<p>Jackpot Powerball to zazwyczaj \u015brednio 8 milion\u00f3w AU$. Jednak istnieje kilka innych nagr\u00f3d, kt\u00f3re mo\u017cna wygra\u0107, je\u015bli masz Powerball Australia zwyci\u0119skie numery.<\/p>\n<p>Oto kategorie nagr\u00f3d i wyp\u0142aty w jednym z losowa\u0144 Powerball. Nale\u017cy pami\u0119ta\u0107, \u017ce wyp\u0142ata nie b\u0119dzie taka sama w ka\u017cdym losowaniu, poniewa\u017c nagrody zale\u017c\u0105 od puli loterii. Jest to jednak tylko po to, aby da\u0107 Ci wyobra\u017cenie o tym, czego mo\u017cesz si\u0119 spodziewa\u0107, gdy otrzymasz zwyci\u0119skie numery Powerball.<\/p>\n<p>Dywizja 1: dopasowanie 7 + Powerball &#8211; $8,000,000.00 (jackpot)<\/p>\n<p>Podzia\u0142 2: tylko mecz 7 &#8211; $95,726.15<\/p>\n<p>Podzia\u0142 3: mecz 6 + Powerball &#8211; $5,661.20<\/p>\n<p>Podzia\u0142 4: tylko mecz 6 &#8211; $501.70<\/p>\n<p>Dywizja 5: mecz 5 + Powerball &#8211; 166,75 dolar\u00f3w.<\/p>\n<p>Dywizja 6: tylko mecz 5 &#8211; $73.10<\/p>\n<p>Dywizja 7: mecz 4 + Powerball &#8211; 41,60$<\/p>\n<p>Dywizja 8: mecz 3 + Powerball &#8211; 18,05$.<\/p>\n<p>Dzia\u0142 9: mecz 2 + Powerball &#8211; 10,95$.<\/p>\n<h2>Co zrobi\u0107, je\u015bli masz zwyci\u0119skie numery<\/h2>\n<p>Je\u015bli sprawdzisz wyniki losowania i zobaczysz, \u017ce masz zwyci\u0119skie numery Powerball, nast\u0119pnym krokiem jest to, jak uzyska\u0107 dost\u0119p do swojej wygranej. Poniewa\u017c grasz w Powerball poza Oz, prawdopodobnie szukasz wygodnego sposobu na wyp\u0142at\u0119 wygranej.<\/p>\n<p><a href=\"https:\/\/jackpotlotteryonline.com\/pl\/kupic-bilety\/powerball-australia\">Kupuj\u0105c u nas sw\u00f3j kupon na Powerball<\/a>, mo\u017cesz uzyska\u0107 dost\u0119p do swojej wygranej z dowolnego miejsca. W przypadku nagr\u00f3d poni\u017cej okre\u015blonej kwoty, wszystko co musisz zrobi\u0107, to wyp\u0142aci\u0107 swoj\u0105 wygran\u0105 z naszej platformy. Mo\u017cesz j\u0105 wyp\u0142aci\u0107 prosto na swoje konto bankowe.<\/p>\n<p>Je\u015bli Twoja wygrana jest wy\u017csza ni\u017c okre\u015blona kwota, udost\u0119pnimy Ci formularz roszczeniowy do wype\u0142nienia. W ten spos\u00f3b, mo\u017cna ubiega\u0107 si\u0119 o swoje wygrane bezpo\u015brednio z firmy loterii Powerball z zerowym k\u0142opotem.<\/p>\n<section class=\"layout\" style=\"border: solid 1px; width: 100%;\">\n<div class=\"img-div\" style=\"margin-top: 5px;\"><img decoding=\"async\" class=\"wp-image-17212 alignleft\" style=\"height: 45px; margin: 8px 8px 0px;\" src=\"https:\/\/jackpotlotteryonline.com\/wp-content\/uploads\/2022\/11\/read1.jpg\" alt=\"czytaj\" width=\"\" height=\"\" \/><\/div>\n<div style=\"padding-left: 5px;\">\n<div style=\"font-size: 1.1em;\">\n<p><strong>Jaki samoch\u00f3d kupi\u0142by\u015b, gdyby\u015b wygra\u0142 na loterii?<\/strong><\/p>\n<p style=\"font-size: 0.85em; margin-top: -1.5em;\">Wygraj na loterii i dosta\u0107 nowy samoch\u00f3d\u00a0<a href=\"https:\/\/jackpotlotteryonline.com\/pl\/jaki-samochod-kupilbys-gdybys-wygral-na-loterii\"> wi\u0119cej<\/a><\/p>\n<\/div>\n<\/div>\n<\/section>\n<h2>Korzy\u015bci z gry w Powerball z Jackpotlotteryonline.com<\/h2>\n<ul>\n<li>Otrzymujesz szybki i natychmiastowy dost\u0119p do loterii. Nie musisz mieszka\u0107 w Australii, aby gra\u0107 w Powerball<\/li>\n<li>Jest to super wygodne, poniewa\u017c nie musisz opuszcza\u0107 zacisza swojego domu. Sprawd\u017a swoje zwyci\u0119skie numery z komputera lub urz\u0105dzenia mobilnego.<\/li>\n<li>Jest to r\u00f3wnie\u017c bezpieczniejsze, poniewa\u017c Tw\u00f3j kupon jest przechowywany cyfrowo. Jest to wa\u017cne, poniewa\u017c jest to jedyny spos\u00f3b, aby ubiega\u0107 si\u0119 o swoj\u0105 wygran\u0105.<\/li>\n<li>Nie musisz przegapi\u0107 swojej wygranej, poniewa\u017c powiadomimy Ci\u0119 natychmiast, gdy wygrasz jak\u0105kolwiek nagrod\u0119.<\/li>\n<li>Mo\u017cesz \u0142atwo wyp\u0142aci\u0107 ka\u017cd\u0105 wygran\u0105 online bez wychodzenia gdziekolwiek<\/li>\n<\/ul>\n<h2>Sprawd\u017a z nami swoje zwyci\u0119skie numery<\/h2>\n<p>Z czasem po\u015bwi\u0119cili\u015bmy wiele zasob\u00f3w i wysi\u0142ku, aby zapewni\u0107 naszym graczom najlepsze do\u015bwiadczenia. Nie tylko u\u0142atwiamy Ci zakup los\u00f3w na najlepsze mi\u0119dzynarodowe loterie, ale idziemy kilka krok\u00f3w dalej. Robimy to poprzez dostarczanie aktualnych wynik\u00f3w losowania, dzi\u0119ki czemu mo\u017cesz \u0142atwo sprawdzi\u0107 zwyci\u0119skie numery.<\/p>\n<p>Wreszcie, nie musisz si\u0119 martwi\u0107 o to, jak uzyska\u0107 dost\u0119p do swoich wygranych, je\u015bli wygrasz nagrod\u0119. Pomy\u015bleli\u015bmy o wszystkim, aby\u015b m\u00f3g\u0142 skupi\u0107 si\u0119 na tym, co wa\u017cne. Zarejestruj si\u0119 u nas ju\u017c dzi\u015b.<\/p>\n","protected":false},"excerpt":{"rendered":"<p>Gra w australijski Powerball jest \u0142atwa, gdy kupisz swoje bilety online. W ten spos\u00f3b mo\u017cna uzyska\u0107 dost\u0119p do Powerball z dowolnego miejsca na \u015bwiecie. Jednak kupno losu to tylko cz\u0119\u015b\u0107 gry w Powerball. Trzeba r\u00f3wnie\u017c sprawdzi\u0107 wyniki losowania zwyci\u0119skich numer\u00f3w. W ten spos\u00f3b dowiesz si\u0119 czy wygra\u0142e\u015b na loterii czy nie. Poni\u017cej przedstawiamy wskaz\u00f3wki i [&hellip;]<\/p>\n","protected":false},"author":1,"featured_media":0,"parent":35844,"menu_order":17,"comment_status":"closed","ping_status":"closed","template":"powerball-au-results.php","meta":{"_et_pb_use_builder":"","_et_pb_old_content":"","_et_gb_content_width":"","exclude_from_search":false,"footnotes":""},"class_list":["post-41482","page","type-page","status-publish","hentry"],"yoast_head":"<!-- This site is optimized with the Yoast SEO plugin v23.3 - https:\/\/yoast.com\/wordpress\/plugins\/seo\/ -->\n<title>Powerball Australia zwyci\u0119skie numery i wyniki losowania<\/title>\n<meta name=\"description\" content=\"Szukasz zwyci\u0119skich numer\u00f3w Powerball Australia? Znajd\u017a wyniki losowania australijskich loterii na tej stronie\" \/>\n<meta name=\"robots\" content=\"index, follow, max-snippet:-1, max-image-preview:large, max-video-preview:-1\" \/>\n<link rel=\"canonical\" href=\"https:\/\/jackpotlotteryonline.com\/pl\/zwycieskie-numery\/powerball-australia\/\" \/>\n<meta property=\"og:locale\" content=\"pl_PL\" \/>\n<meta property=\"og:type\" content=\"article\" \/>\n<meta property=\"og:title\" content=\"Powerball Australia zwyci\u0119skie numery i wyniki losowania\" \/>\n<meta property=\"og:description\" content=\"Szukasz zwyci\u0119skich numer\u00f3w Powerball Australia? Znajd\u017a wyniki losowania australijskich loterii na tej stronie\" \/>\n<meta property=\"og:url\" content=\"https:\/\/jackpotlotteryonline.com\/pl\/zwycieskie-numery\/powerball-australia\/\" \/>\n<meta property=\"og:site_name\" content=\"Lotto Online - Crack The International Lottery Jackpots\" \/>\n<meta property=\"article:modified_time\" content=\"2022-12-30T13:51:26+00:00\" \/>\n<meta property=\"og:image\" content=\"https:\/\/jackpotlotteryonline.com\/wp-content\/uploads\/2022\/11\/logo_powerball-300x50-1.jpg\" \/>\n<meta name=\"twitter:card\" content=\"summary_large_image\" \/>\n<meta name=\"twitter:label1\" content=\"Szacowany czas czytania\" \/>\n\t<meta name=\"twitter:data1\" content=\"4 minuty\" \/>\n<!-- \/ Yoast SEO plugin. -->","yoast_head_json":{"title":"Powerball Australia zwyci\u0119skie numery i wyniki losowania","description":"Szukasz zwyci\u0119skich numer\u00f3w Powerball Australia? Znajd\u017a wyniki losowania australijskich loterii na tej stronie","robots":{"index":"index","follow":"follow","max-snippet":"max-snippet:-1","max-image-preview":"max-image-preview:large","max-video-preview":"max-video-preview:-1"},"canonical":"https:\/\/jackpotlotteryonline.com\/pl\/zwycieskie-numery\/powerball-australia\/","og_locale":"pl_PL","og_type":"article","og_title":"Powerball Australia zwyci\u0119skie numery i wyniki losowania","og_description":"Szukasz zwyci\u0119skich numer\u00f3w Powerball Australia? Znajd\u017a wyniki losowania australijskich loterii na tej stronie","og_url":"https:\/\/jackpotlotteryonline.com\/pl\/zwycieskie-numery\/powerball-australia\/","og_site_name":"Lotto Online - Crack The International Lottery Jackpots","article_modified_time":"2022-12-30T13:51:26+00:00","og_image":[{"url":"https:\/\/jackpotlotteryonline.com\/wp-content\/uploads\/2022\/11\/logo_powerball-300x50-1.jpg"}],"twitter_card":"summary_large_image","twitter_misc":{"Szacowany czas czytania":"4 minuty"},"schema":{"@context":"https:\/\/schema.org","@graph":[{"@type":"WebPage","@id":"https:\/\/jackpotlotteryonline.com\/pl\/zwycieskie-numery\/powerball-australia\/","url":"https:\/\/jackpotlotteryonline.com\/pl\/zwycieskie-numery\/powerball-australia\/","name":"Powerball Australia zwyci\u0119skie numery i wyniki losowania","isPartOf":{"@id":"https:\/\/jackpotlotteryonline.com\/#website"},"primaryImageOfPage":{"@id":"https:\/\/jackpotlotteryonline.com\/pl\/zwycieskie-numery\/powerball-australia\/#primaryimage"},"image":{"@id":"https:\/\/jackpotlotteryonline.com\/pl\/zwycieskie-numery\/powerball-australia\/#primaryimage"},"thumbnailUrl":"https:\/\/jackpotlotteryonline.com\/wp-content\/uploads\/2022\/11\/logo_powerball-300x50-1.jpg","datePublished":"2022-12-09T12:44:28+00:00","dateModified":"2022-12-30T13:51:26+00:00","description":"Szukasz zwyci\u0119skich numer\u00f3w Powerball Australia? Znajd\u017a wyniki losowania australijskich loterii na tej stronie","breadcrumb":{"@id":"https:\/\/jackpotlotteryonline.com\/pl\/zwycieskie-numery\/powerball-australia\/#breadcrumb"},"inLanguage":"pl-PL","potentialAction":[{"@type":"ReadAction","target":["https:\/\/jackpotlotteryonline.com\/pl\/zwycieskie-numery\/powerball-australia\/"]}]},{"@type":"ImageObject","inLanguage":"pl-PL","@id":"https:\/\/jackpotlotteryonline.com\/pl\/zwycieskie-numery\/powerball-australia\/#primaryimage","url":"https:\/\/jackpotlotteryonline.com\/wp-content\/uploads\/2022\/11\/logo_powerball-300x50-1.jpg","contentUrl":"https:\/\/jackpotlotteryonline.com\/wp-content\/uploads\/2022\/11\/logo_powerball-300x50-1.jpg"},{"@type":"BreadcrumbList","@id":"https:\/\/jackpotlotteryonline.com\/pl\/zwycieskie-numery\/powerball-australia\/#breadcrumb","itemListElement":[{"@type":"ListItem","position":1,"name":"Home","item":"https:\/\/jackpotlotteryonline.com\/pl\/"},{"@type":"ListItem","position":2,"name":"Wyniki loterii","item":"https:\/\/jackpotlotteryonline.com\/winning-numbers\/"},{"@type":"ListItem","position":3,"name":"Wyniki losowania Powerball Australia"}]},{"@type":"WebSite","@id":"https:\/\/jackpotlotteryonline.com\/#website","url":"https:\/\/jackpotlotteryonline.com\/","name":"Lotto Online - Crack The International Lottery Jackpots","description":"","potentialAction":[{"@type":"SearchAction","target":{"@type":"EntryPoint","urlTemplate":"https:\/\/jackpotlotteryonline.com\/?s={search_term_string}"},"query-input":"required name=search_term_string"}],"inLanguage":"pl-PL"}]}},"_links":{"self":[{"href":"https:\/\/jackpotlotteryonline.com\/pl\/wp-json\/wp\/v2\/pages\/41482","targetHints":{"allow":["GET"]}}],"collection":[{"href":"https:\/\/jackpotlotteryonline.com\/pl\/wp-json\/wp\/v2\/pages"}],"about":[{"href":"https:\/\/jackpotlotteryonline.com\/pl\/wp-json\/wp\/v2\/types\/page"}],"author":[{"embeddable":true,"href":"https:\/\/jackpotlotteryonline.com\/pl\/wp-json\/wp\/v2\/users\/1"}],"replies":[{"embeddable":true,"href":"https:\/\/jackpotlotteryonline.com\/pl\/wp-json\/wp\/v2\/comments?post=41482"}],"version-history":[{"count":0,"href":"https:\/\/jackpotlotteryonline.com\/pl\/wp-json\/wp\/v2\/pages\/41482\/revisions"}],"up":[{"embeddable":true,"href":"https:\/\/jackpotlotteryonline.com\/pl\/wp-json\/wp\/v2\/pages\/35844"}],"wp:attachment":[{"href":"https:\/\/jackpotlotteryonline.com\/pl\/wp-json\/wp\/v2\/media?parent=41482"}],"curies":[{"name":"wp","href":"https:\/\/api.w.org\/{rel}","templated":true}]}}