{"id":41536,"date":"2022-12-09T14:37:48","date_gmt":"2022-12-09T14:37:48","guid":{"rendered":"https:\/\/jackpotlotteryonline.com\/?page_id=41536"},"modified":"2022-12-29T18:46:26","modified_gmt":"2022-12-29T18:46:26","slug":"lotto-america","status":"publish","type":"page","link":"https:\/\/jackpotlotteryonline.com\/pl\/zwycieskie-numery\/lotto-america\/","title":{"rendered":"Wyniki losowania Lotto America"},"content":{"rendered":"<p>Lotto America to gra loteryjna w USA, kt\u00f3ra wyprodukowa\u0142a wielu milioner\u00f3w. Prawdopodobie\u0144stwo wygranej w tej grze jest fantastyczne, co czyni j\u0105 atrakcyjn\u0105 gr\u0105 dla fan\u00f3w loterii. Teraz gracze na ca\u0142ym \u015bwiecie mog\u0105<a href=\"https:\/\/jackpotlotteryonline.com\/pl\/kupic-bilety\/lotto-america\"> kupi\u0107 bilety na t\u0119 ameryka\u0144sk\u0105 loteri\u0119 online<\/a>. Nie tylko to, ale mog\u0105 r\u00f3wnie\u017c sprawdzi\u0107 zwyci\u0119skie numery, aby odkry\u0107, czy wygrali loteri\u0119.<\/p>\n<p>Mo\u017cesz kupi\u0107 bilety do najlepszych mi\u0119dzynarodowych loterii na jackpotlotteryonline.com i sprawdzi\u0107 zwyci\u0119skie numery tutaj te\u017c. A je\u015bli zastanawiasz si\u0119, jak uzyska\u0107 dost\u0119p do swoich wygranych online, to czytaj dalej. Podzielimy si\u0119 z Tob\u0105 wszystkimi szczeg\u00f3\u0142ami i szybko stanie si\u0119 jasne, \u017ce granie online jest drog\u0105 do celu.<\/p>\n<h2>Gra w Lotto America online<\/h2>\n<p><img loading=\"lazy\" decoding=\"async\" class=\"size-full wp-image-32081 alignright\" src=\"http:\/\/jackpotlotteryonline.com\/wp-content\/uploads\/2022\/11\/1_mega_lotto_win-213x300-1.jpg\" alt=\"Zagraj w Lotto America online\" width=\"213\" height=\"300\" \/>Wspomnieli\u015bmy, \u017ce mo\u017cesz <a href=\"https:\/\/jackpotlotteryonline.com\/pl\/jak-grac\/lotto-america-2\">gra\u0107 w t\u0119 loteri\u0119 online<\/a> i nie ma znaczenia, gdzie mieszkasz. Zazwyczaj bilety sprzedawane s\u0105 w USA, ale mo\u017cesz je r\u00f3wnie\u017c kupi\u0107 tutaj na stronie jackpotlotteryonline.com.<\/p>\n<p>Istniej\u0105 inne strony, kt\u00f3re sprzedaj\u0105 bilety na loteri\u0119, ale pozwalaj\u0105 one tylko graczom postawi\u0107 na wynik loterii. Oznacza to, \u017ce kupuj\u0105c bilet na loterii na tej stronie nie daje wej\u015bcia do loterii. Tak wi\u0119c, nawet je\u015bli dopasujesz wszystkie wylosowane numery, nie wygrasz jackpota. Tak wi\u0119c wyb\u00f3r strony, z kt\u00f3rej korzystasz jest bardzo wa\u017cny.<\/p>\n<h2>Kroki do gry na loterii online<\/h2>\n<p>Kiedy ju\u017c zdecydujesz si\u0119 na stron\u0119, wykonaj poni\u017csze kroki:<\/p>\n<ul>\n<li>Odwied\u017a stron\u0119, z kt\u00f3rej chcesz skorzysta\u0107 i kliknij na Lotto America<\/li>\n<li>Wybierz 5 numer\u00f3w z zakresu od 1 do 52 (je\u015bli nie jeste\u015b pewien jakich numer\u00f3w u\u017cy\u0107, spr\u00f3buj automatycznego generatora numer\u00f3w)<\/li>\n<li>Nast\u0119pnie wybierz numer bonusowy (Star Ball) z zakresu od 1 do 10<\/li>\n<li>Kup dodatkowe linie numer\u00f3w, aby uzyska\u0107 wi\u0119ksz\u0105 szans\u0119 na wygran\u0105<\/li>\n<li>We\u017a udzia\u0142 w losowaniach (mo\u017cesz wzi\u0105\u0107 udzia\u0142 w wi\u0119cej ni\u017c jednym losowaniu)<\/li>\n<li>Zarejestruj si\u0119 i zap\u0142a\u0107 za swoje zg\u0142oszenia.<\/li>\n<\/ul>\n<p>Prosimy Ci\u0119 o rejestracj\u0119 z kilku powod\u00f3w. Po pierwsze, chcemy zapewni\u0107, \u017ce Tw\u00f3j cyfrowy bilet jest bezpieczny. Po drugie, u\u017cywamy Twojego konta do kontaktu z Tob\u0105 w przypadku wygrania jakiej\u015b nagrody. Wi\u0119cej na ten temat powiemy p\u00f3\u017aniej.<\/p>\n<h2>Dni losowania Lotto America i jackpot<\/h2>\n<p>Ta ameryka\u0144ska loteria ma trzy tygodniowe losowania, w poniedzia\u0142ek, \u015brod\u0119 i sobot\u0119. Podczas tych losowa\u0144 og\u0142aszany jest zwyci\u0119ski kupon. Aby wygra\u0107 jackpota, Tw\u00f3j bilet b\u0119dzie musia\u0142 pasowa\u0107 do sze\u015bciu wylosowanych numer\u00f3w.<\/p>\n<p>Nagrody w Lotto America zaczynaj\u0105 si\u0119 od 2 milion\u00f3w dolar\u00f3w i mog\u0105 si\u0119 przewr\u00f3ci\u0107, je\u015bli nie ma zwyci\u0119zcy po losowaniu. Poniewa\u017c kumulacja przechodzi po ka\u017cdym losowaniu (je\u015bli nie ma zwyci\u0119zcy), mo\u017ce osi\u0105gn\u0105\u0107 a\u017c 18 milion\u00f3w dolar\u00f3w. To spora suma do wygrania, prawda?<\/p>\n<p>Tak naprawd\u0119 rekordowy jackpot Lotto America wyni\u00f3s\u0142 23 miliony dolar\u00f3w i zosta\u0142 wygrany przez pewn\u0105 rodzin\u0119 w 2018 roku.<\/p>\n<section class=\"layout\" style=\"border: solid 1px; width: 100%;\">\n<div class=\"img-div\" style=\"margin-top: 5px;\"><img decoding=\"async\" class=\"wp-image-17212 alignleft\" style=\"height: 45px; margin: 8px 8px 0px;\" src=\"http:\/\/jackpotlotteryonline.com\/wp-content\/uploads\/2022\/11\/read1.jpg\" alt=\"czytaj\" width=\"\" height=\"\" \/><\/div>\n<div style=\"padding-left: 5px;\">\n<div style=\"font-size: 1.1em;\">\n<p><strong>Niekt\u00f3rzy zwyci\u0119zcy loterii oddali si\u0119 spo\u0142eczno\u015bci<\/strong><\/p>\n<p style=\"font-size: 0.85em; margin-top: -1.5em;\">Niekt\u00f3re ciekawe i chwytaj\u0105ce za serce historie o zwyci\u0119zcach loterii daj\u0105c z powrotem\u00a0<a href=\"https:\/\/jackpotlotteryonline.com\/pl\/historie-o-zwyciezcach-loterii-ktorzy-oddaja-pieniadze\"> wi\u0119cej<\/a><\/p>\n<\/div>\n<\/div>\n<\/section>\n<h2>Kategorie nagr\u00f3d.<\/h2>\n<p>Jackpot jest oczywi\u015bcie g\u0142\u00f3wn\u0105 nagrod\u0105 w loterii. Ale ta loteria ma 9 r\u00f3\u017cnych kategorii nagr\u00f3d, co daje graczom mo\u017cliwo\u015b\u0107 wygrania ciekawych nagr\u00f3d.<\/p>\n<p>Nawet je\u015bli nie wygrasz jackpota, to nadal mo\u017cesz wr\u00f3ci\u0107 do domu z du\u017c\u0105 wygran\u0105, dopasowuj\u0105c zwyci\u0119skie numery dla innych kategorii. Poni\u017cej znajduje si\u0119 podzia\u0142 nagr\u00f3d wraz z szansami na wygranie ka\u017cdej kategorii nagr\u00f3d.<\/p>\n<p>Dywizja 1: 5 + Star Ball &#8211; 1 na 25,989,600 &#8211; Jackpot<\/p>\n<p>Dywizja 2: 5 &#8211; 1 na 2 887 733 &#8211; 20 000 $<\/p>\n<p>Rejon 3: 4 + Star Ball &#8211; 1 na 110 594 &#8211; 1 000 $<\/p>\n<p>Dywizja 4: 4 &#8211; 1 na 12 288 &#8211; 100 dolar\u00f3w<\/p>\n<p>Rejon 5: 3 + Star Ball &#8211; 1 na 2 404 &#8211; 20 dolar\u00f3w.<\/p>\n<p>Dywizja 6: 3 &#8211; 1 na 267 &#8211; 5 dolar\u00f3w.<\/p>\n<p>Dzia\u0142 7: 2 + Star Ball &#8211; 1 na 160 &#8211; 5 dolar\u00f3w<\/p>\n<p>Dywizja 8: 1 + Star Ball &#8211; 1 na 29 &#8211; $2<\/p>\n<p>Dzia\u0142 9: 0 + Star Ball &#8211; 1 na 17 &#8211; $2<\/p>\n<h2>Jak sprawdzi\u0107 zwyci\u0119skie numery<\/h2>\n<p>Sprawdzenie, czy wygra\u0142e\u015b jak\u0105\u015b nagrod\u0119 jest tak proste, jak powr\u00f3t na t\u0119 stron\u0119 po losowaniach. Po ka\u017cdym losowaniu publikujemy wyniki losowania dla ka\u017cdej kategorii nagr\u00f3d. Mo\u017cesz wi\u0119c wygodnie i bez stresu sprawdzi\u0107 nasz\u0105 stron\u0119.<\/p>\n<p>Ponadto, je\u015bli kupi\u0142e\u015b u nas sw\u00f3j los, to znaczy, \u017ce jeste\u015b u nas zarejestrowany. Oznacza to, \u017ce je\u015bli wygrasz nagrod\u0119, mo\u017cemy Ci\u0119 powiadomi\u0107 poprzez Twoje konto, a tak\u017ce poprzez e-mail.<\/p>\n<p>Nigdy nie musisz przegapi\u0107 \u017cadnej wygranej, gdy kupisz od nas sw\u00f3j kupon loteryjny.<\/p>\n<h2>Cashing out nagrody<\/h2>\n<p><img loading=\"lazy\" decoding=\"async\" class=\"alignright size-full wp-image-31532\" src=\"http:\/\/jackpotlotteryonline.com\/wp-content\/uploads\/2022\/11\/lottoballs.jpg\" alt=\"Lotto Ameryka zwyci\u0119skie numery\" width=\"245\" height=\"123\" \/>Jednym z pyta\u0144, kt\u00f3re cz\u0119sto s\u0142yszymy od graczy jest to, jak uzyska\u0107 dost\u0119p do swoich wygranych, gdy wejd\u0105 do Lotto America online. Je\u015bli kupisz kupony loteryjne za po\u015brednictwem naszej strony, oferujemy prost\u0105 i bezproblemow\u0105 metod\u0119, aby ubiega\u0107 si\u0119 o swoje wygrane.<\/p>\n<p>Wygrane, kt\u00f3re wynosz\u0105 \u20ac2500 zostan\u0105 zaksi\u0119gowane na Twoim koncie, a nast\u0119pnie mo\u017cesz je wyp\u0142aci\u0107 bez \u017cadnych dodatkowych koszt\u00f3w. Wi\u0119ksze wygrane wymagaj\u0105 nieco innej procedury. W przypadku wi\u0119kszych wygranych, b\u0119dziesz musia\u0142 ubiega\u0107 si\u0119 o wygran\u0105 od firmy loteryjnej. My jednak dostarczymy Ci formularz roszczeniowy do wype\u0142nienia, a gdy to zrobisz, rozpatrzymy roszczenie za Ciebie.<\/p>\n<p>Powodem tego jest to, \u017ce trzeba b\u0119dzie zidentyfikowa\u0107 si\u0119. Ponadto, niekt\u00f3re firmy loteryjne mog\u0105 wymaga\u0107 od Ciebie osobistego stawienia si\u0119 w celu odebrania wi\u0119kszych kwot. Je\u015bli tak si\u0119 stanie, natychmiast Ci\u0119 o tym poinformujemy.<\/p>\n<h2>Kup swoje bilety na Lotto America na jackpotlotteryonline.com<\/h2>\n<p>Jest tak wiele powod\u00f3w, dla kt\u00f3rych powiniene\u015b kupi\u0107 swoje bilety na Lotto America od nas. Po pierwsze, jeste\u015bmy serwisem concierge. Oznacza to, \u017ce mo\u017cesz usi\u0105\u015b\u0107 i zrelaksowa\u0107 si\u0119, podczas gdy my zajmiemy si\u0119 drobnymi szczeg\u00f3\u0142ami za Ciebie. Pomagamy Ci wi\u0119c uzyska\u0107 dost\u0119p do najlepszych mi\u0119dzynarodowych loterii, takich jak Lotto America.<\/p>\n<p>Ale nie poprzestajemy na tym. Dostarczamy r\u00f3wnie\u017c system, kt\u00f3ry pomo\u017ce Ci zarz\u0105dza\u0107 Twoimi grami loteryjnymi. Mo\u017cesz dos\u0142ownie wprowadzi\u0107 wiele loterii i rysunk\u00f3w bezpo\u015brednio z naszej strony. Nie musisz i\u015b\u0107 nigdzie indziej. Ponadto, zapewniamy Ci wygodny spos\u00f3b na sprawdzenie wynik\u00f3w Lotto America, wszystko w jednym miejscu.<\/p>\n<p>Wreszcie, mo\u017cesz \u0142atwo sprawdzi\u0107 zwyci\u0119skie numery i wyp\u0142aci\u0107 swoje wygrane z naszej platformy prosto na swoje konto. Ka\u017cdego dnia ci\u0119\u017cko pracujemy, aby udoskonali\u0107 dla Ciebie bezproblemowy system. Pozw\u00f3l nam zdj\u0105\u0107 z Ciebie stres, aby\u015b m\u00f3g\u0142 skupi\u0107 si\u0119 na zabawie. Zarejestruj si\u0119 u nas, aby zagra\u0107 na loterii ju\u017c dzi\u015b.<\/p>\n","protected":false},"excerpt":{"rendered":"<p>Lotto America to gra loteryjna w USA, kt\u00f3ra wyprodukowa\u0142a wielu milioner\u00f3w. Prawdopodobie\u0144stwo wygranej w tej grze jest fantastyczne, co czyni j\u0105 atrakcyjn\u0105 gr\u0105 dla fan\u00f3w loterii. Teraz gracze na ca\u0142ym \u015bwiecie mog\u0105 kupi\u0107 bilety na t\u0119 ameryka\u0144sk\u0105 loteri\u0119 online. Nie tylko to, ale mog\u0105 r\u00f3wnie\u017c sprawdzi\u0107 zwyci\u0119skie numery, aby odkry\u0107, czy wygrali loteri\u0119. Mo\u017cesz kupi\u0107 [&hellip;]<\/p>\n","protected":false},"author":1,"featured_media":0,"parent":35844,"menu_order":13,"comment_status":"closed","ping_status":"closed","template":"lotto-america-results.php","meta":{"_et_pb_use_builder":"","_et_pb_old_content":"","_et_gb_content_width":"","exclude_from_search":false,"footnotes":""},"class_list":["post-41536","page","type-page","status-publish","hentry"],"yoast_head":"<!-- This site is optimized with the Yoast SEO plugin v23.3 - https:\/\/yoast.com\/wordpress\/plugins\/seo\/ -->\n<title>Lotto Ameryka zwyci\u0119skie numery i wyniki losowania<\/title>\n<meta name=\"description\" content=\"Szukasz zwyci\u0119skich numer\u00f3w Lotto America? Wyniki losowa\u0144 wszystkich du\u017cych ameryka\u0144skich loterii znajdziesz na naszej stronie!\" \/>\n<meta name=\"robots\" content=\"index, follow, max-snippet:-1, max-image-preview:large, max-video-preview:-1\" \/>\n<link rel=\"canonical\" href=\"https:\/\/jackpotlotteryonline.com\/pl\/zwycieskie-numery\/lotto-america\/\" \/>\n<meta property=\"og:locale\" content=\"pl_PL\" \/>\n<meta property=\"og:type\" content=\"article\" \/>\n<meta property=\"og:title\" content=\"Lotto Ameryka zwyci\u0119skie numery i wyniki losowania\" \/>\n<meta property=\"og:description\" content=\"Szukasz zwyci\u0119skich numer\u00f3w Lotto America? Wyniki losowa\u0144 wszystkich du\u017cych ameryka\u0144skich loterii znajdziesz na naszej stronie!\" \/>\n<meta property=\"og:url\" content=\"https:\/\/jackpotlotteryonline.com\/pl\/zwycieskie-numery\/lotto-america\/\" \/>\n<meta property=\"og:site_name\" content=\"Lotto Online - Crack The International Lottery Jackpots\" \/>\n<meta property=\"article:modified_time\" content=\"2022-12-29T18:46:26+00:00\" \/>\n<meta property=\"og:image\" content=\"http:\/\/jackpotlotteryonline.com\/wp-content\/uploads\/2022\/11\/1_mega_lotto_win-213x300-1.jpg\" \/>\n<meta name=\"twitter:card\" content=\"summary_large_image\" \/>\n<meta name=\"twitter:label1\" content=\"Szacowany czas czytania\" \/>\n\t<meta name=\"twitter:data1\" content=\"5 minut\" \/>\n<!-- \/ Yoast SEO plugin. -->","yoast_head_json":{"title":"Lotto Ameryka zwyci\u0119skie numery i wyniki losowania","description":"Szukasz zwyci\u0119skich numer\u00f3w Lotto America? Wyniki losowa\u0144 wszystkich du\u017cych ameryka\u0144skich loterii znajdziesz na naszej stronie!","robots":{"index":"index","follow":"follow","max-snippet":"max-snippet:-1","max-image-preview":"max-image-preview:large","max-video-preview":"max-video-preview:-1"},"canonical":"https:\/\/jackpotlotteryonline.com\/pl\/zwycieskie-numery\/lotto-america\/","og_locale":"pl_PL","og_type":"article","og_title":"Lotto Ameryka zwyci\u0119skie numery i wyniki losowania","og_description":"Szukasz zwyci\u0119skich numer\u00f3w Lotto America? Wyniki losowa\u0144 wszystkich du\u017cych ameryka\u0144skich loterii znajdziesz na naszej stronie!","og_url":"https:\/\/jackpotlotteryonline.com\/pl\/zwycieskie-numery\/lotto-america\/","og_site_name":"Lotto Online - Crack The International Lottery Jackpots","article_modified_time":"2022-12-29T18:46:26+00:00","og_image":[{"url":"http:\/\/jackpotlotteryonline.com\/wp-content\/uploads\/2022\/11\/1_mega_lotto_win-213x300-1.jpg"}],"twitter_card":"summary_large_image","twitter_misc":{"Szacowany czas czytania":"5 minut"},"schema":{"@context":"https:\/\/schema.org","@graph":[{"@type":"WebPage","@id":"https:\/\/jackpotlotteryonline.com\/pl\/zwycieskie-numery\/lotto-america\/","url":"https:\/\/jackpotlotteryonline.com\/pl\/zwycieskie-numery\/lotto-america\/","name":"Lotto Ameryka zwyci\u0119skie numery i wyniki losowania","isPartOf":{"@id":"https:\/\/jackpotlotteryonline.com\/#website"},"primaryImageOfPage":{"@id":"https:\/\/jackpotlotteryonline.com\/pl\/zwycieskie-numery\/lotto-america\/#primaryimage"},"image":{"@id":"https:\/\/jackpotlotteryonline.com\/pl\/zwycieskie-numery\/lotto-america\/#primaryimage"},"thumbnailUrl":"http:\/\/jackpotlotteryonline.com\/wp-content\/uploads\/2022\/11\/1_mega_lotto_win-213x300-1.jpg","datePublished":"2022-12-09T14:37:48+00:00","dateModified":"2022-12-29T18:46:26+00:00","description":"Szukasz zwyci\u0119skich numer\u00f3w Lotto America? Wyniki losowa\u0144 wszystkich du\u017cych ameryka\u0144skich loterii znajdziesz na naszej stronie!","breadcrumb":{"@id":"https:\/\/jackpotlotteryonline.com\/pl\/zwycieskie-numery\/lotto-america\/#breadcrumb"},"inLanguage":"pl-PL","potentialAction":[{"@type":"ReadAction","target":["https:\/\/jackpotlotteryonline.com\/pl\/zwycieskie-numery\/lotto-america\/"]}]},{"@type":"ImageObject","inLanguage":"pl-PL","@id":"https:\/\/jackpotlotteryonline.com\/pl\/zwycieskie-numery\/lotto-america\/#primaryimage","url":"http:\/\/jackpotlotteryonline.com\/wp-content\/uploads\/2022\/11\/1_mega_lotto_win-213x300-1.jpg","contentUrl":"http:\/\/jackpotlotteryonline.com\/wp-content\/uploads\/2022\/11\/1_mega_lotto_win-213x300-1.jpg"},{"@type":"BreadcrumbList","@id":"https:\/\/jackpotlotteryonline.com\/pl\/zwycieskie-numery\/lotto-america\/#breadcrumb","itemListElement":[{"@type":"ListItem","position":1,"name":"Home","item":"https:\/\/jackpotlotteryonline.com\/pl\/"},{"@type":"ListItem","position":2,"name":"Wyniki loterii","item":"https:\/\/jackpotlotteryonline.com\/winning-numbers\/"},{"@type":"ListItem","position":3,"name":"Wyniki losowania Lotto America"}]},{"@type":"WebSite","@id":"https:\/\/jackpotlotteryonline.com\/#website","url":"https:\/\/jackpotlotteryonline.com\/","name":"Lotto Online - Crack The International Lottery Jackpots","description":"","potentialAction":[{"@type":"SearchAction","target":{"@type":"EntryPoint","urlTemplate":"https:\/\/jackpotlotteryonline.com\/?s={search_term_string}"},"query-input":"required name=search_term_string"}],"inLanguage":"pl-PL"}]}},"_links":{"self":[{"href":"https:\/\/jackpotlotteryonline.com\/pl\/wp-json\/wp\/v2\/pages\/41536","targetHints":{"allow":["GET"]}}],"collection":[{"href":"https:\/\/jackpotlotteryonline.com\/pl\/wp-json\/wp\/v2\/pages"}],"about":[{"href":"https:\/\/jackpotlotteryonline.com\/pl\/wp-json\/wp\/v2\/types\/page"}],"author":[{"embeddable":true,"href":"https:\/\/jackpotlotteryonline.com\/pl\/wp-json\/wp\/v2\/users\/1"}],"replies":[{"embeddable":true,"href":"https:\/\/jackpotlotteryonline.com\/pl\/wp-json\/wp\/v2\/comments?post=41536"}],"version-history":[{"count":0,"href":"https:\/\/jackpotlotteryonline.com\/pl\/wp-json\/wp\/v2\/pages\/41536\/revisions"}],"up":[{"embeddable":true,"href":"https:\/\/jackpotlotteryonline.com\/pl\/wp-json\/wp\/v2\/pages\/35844"}],"wp:attachment":[{"href":"https:\/\/jackpotlotteryonline.com\/pl\/wp-json\/wp\/v2\/media?parent=41536"}],"curies":[{"name":"wp","href":"https:\/\/api.w.org\/{rel}","templated":true}]}}