{"id":72963,"date":"2025-02-02T17:31:49","date_gmt":"2025-02-02T17:31:49","guid":{"rendered":"https:\/\/jackpotlotteryonline.com\/?page_id=72963"},"modified":"2025-02-02T17:31:49","modified_gmt":"2025-02-02T17:31:49","slug":"polityka-prywatnosci","status":"publish","type":"page","link":"https:\/\/jackpotlotteryonline.com\/pl\/polityka-prywatnosci\/","title":{"rendered":"Polityka Prywatno\u015bci"},"content":{"rendered":"<p>Polityka Prywatno\u015bci Playlottoonline (zwana dalej \u201ePolityk\u0105\u201d) dotyczy strony internetowej Playlottoonline.net (zwanej dalej \u201eStron\u0105\u201d). Strona jest zarz\u0105dzana przez firm\u0119 LLL World Marketing Limited, z siedzib\u0105 pod adresem: Peiraios 30, pierwsze pi\u0119tro, biuro 1, 2023 Strovolos, Nikozja \u2013 Cypr. Korzystaj\u0105c ze Strony, wyra\u017casz zgod\u0119 na niniejsz\u0105 Polityk\u0119 Prywatno\u015bci oraz powi\u0105zane Warunki U\u017cytkowania.<\/p>\n<h3><strong>Jakie dane zbieramy?<\/strong><\/h3>\n<h4><strong>Dane podawane przez Ciebie<\/strong><\/h4>\n<p>Podczas rejestracji konta wymagane jest podanie adresu e-mail, kt\u00f3ry s\u0142u\u017cy do jednoznacznej identyfikacji Twojego konta oraz, w razie potrzeby, do jego aktywacji. Adres e-mail jest r\u00f3wnie\u017c u\u017cywany w przypadku konieczno\u015bci odzyskania has\u0142a.<\/p>\n<p>Adres e-mail oraz numer telefonu mog\u0105 by\u0107 wykorzystywane do wysy\u0142ania powiadomie\u0144 zwi\u0105zanych z funkcjonowaniem Strony (np. powiadomienia prawne), informacji o aktualizacjach Strony, oferowanych produktach i us\u0142ugach oraz celach marketingowych (w tym us\u0142ug firm trzecich, zwanych dalej \u201ePowiadomieniami\u201d). Mo\u017cesz w ka\u017cdej chwili zrezygnowa\u0107 z otrzymywania marketingowych Powiadomie\u0144, klikaj\u0105c link \u201ewypisz si\u0119\u201d w e-mailach lub kontaktuj\u0105c si\u0119 z nami za pomoc\u0105 e-maila, telefonu lub formularza kontaktowego.<\/p>\n<p>Po rejestracji mo\u017cesz uzupe\u0142ni\u0107 sw\u00f3j profil, podaj\u0105c imi\u0119, nazwisko, adres, dat\u0119 urodzenia, numer telefonu i stref\u0119 czasow\u0105. Te dane s\u0105 u\u017cywane do przetwarzania p\u0142atno\u015bci, wp\u0142at i wyp\u0142at, personalizacji Strony (w tym Powiadomie\u0144) oraz realizacji wygranych powy\u017cej 2500 USD zgodnie z sekcj\u0105 3.5 Warunk\u00f3w U\u017cytkowania.<\/p>\n<p>Mo\u017cemy tak\u017ce przechowywa\u0107 informacje, kt\u00f3re przekazujesz nam dobrowolnie za po\u015brednictwem formularza kontaktowego, rozmowy telefonicznej, e-maila, poczty, Facebooka, Twittera lub innych metod kontaktu. Mo\u017ce to obejmowa\u0107 Twoje imi\u0119, adres e-mail, numer telefonu i adres. Imi\u0119 i adres e-mail s\u0105 wymagane do udzielenia odpowiedzi na formularz kontaktowy.<\/p>\n<h4><strong>Dane zbierane automatycznie<\/strong><\/h4>\n<p>Podczas korzystania ze Strony automatycznie zbieramy pewne informacje w celu zapewnienia podstawowych funkcjonalno\u015bci, personalizacji Strony (w tym Powiadomie\u0144), \u015bledzenia ruchu oraz zapewnienia bezpiecze\u0144stwa. Obejmuje to:<\/p>\n<ul>\n<li>Adres IP;<\/li>\n<li>Nag\u0142\u00f3wki HTTP wysy\u0142ane przez przegl\u0105dark\u0119 internetow\u0105 (np. \u201eUser-Agent\u201d, \u201eAccept-Language\u201d, \u201eReferer\u201d), kt\u00f3re zawieraj\u0105 informacje o rodzaju i wersji przegl\u0105darki, j\u0119zyku, typie i wersji systemu operacyjnego oraz adresie URL strony odsy\u0142aj\u0105cej;<\/li>\n<li>Czas systemowy;<\/li>\n<li>\u017b\u0105dania HTTP;<\/li>\n<li>Pliki cookie przechowywane w domenie playlottoonline.org lub jej subdomenach.<\/li>\n<\/ul>\n<p>Tw\u00f3j adres IP mo\u017ce by\u0107 u\u017cywany do okre\u015blenia Twojej rzeczywistej lokalizacji, co pozwala na popraw\u0119 jako\u015bci us\u0142ug oraz personalizacj\u0119 Strony (w tym Powiadomie\u0144).<\/p>\n<p>Strona wykorzystuje r\u00f3wnie\u017c pami\u0119\u0107 podr\u0119czn\u0105 przegl\u0105darki w celu skr\u00f3cenia czasu \u0142adowania i u\u0142atwienia korzystania z witryny poprzez przechowywanie danych pomi\u0119dzy sesjami, nawet po ponownym uruchomieniu przegl\u0105darki.<\/p>\n<h4><strong>Us\u0142ugi podmiot\u00f3w trzecich<\/strong><\/h4>\n<h5><strong>Analityka, reklamy i bezpiecze\u0144stwo<\/strong><\/h5>\n<p>Aby zapewni\u0107 bezpiecze\u0144stwo Strony oraz zbiera\u0107 i analizowa\u0107 dane dotycz\u0105ce jej dzia\u0142ania, korzystamy z us\u0142ug podmiot\u00f3w trzecich, w tym:<\/p>\n<ul>\n<li><strong>Google Analytics<\/strong> \u2013 do \u015bledzenia ruchu na Stronie i analizy jej wydajno\u015bci;<\/li>\n<li><strong>Google reCAPTCHA<\/strong> \u2013 do zwi\u0119kszania bezpiecze\u0144stwa i ochrony przed automatycznymi atakami;<\/li>\n<li><strong>Facebook Pixel<\/strong> \u2013 do \u015bledzenia ruchu i optymalizacji kampanii reklamowych.<\/li>\n<\/ul>\n<p>Te us\u0142ugi zbieraj\u0105 i wykorzystuj\u0105 dane zgodnie ze swoimi politykami prywatno\u015bci. Aby dowiedzie\u0107 si\u0119 wi\u0119cej o tym, jak Google gromadzi i przetwarza dane, odwied\u017a <strong>Polityk\u0119 Prywatno\u015bci Google<\/strong>. Wi\u0119cej informacji na temat danych zbieranych przez Facebooka znajdziesz w <strong>Polityce Prywatno\u015bci Facebooka<\/strong>.<\/p>\n","protected":false},"excerpt":{"rendered":"<p>Polityka Prywatno\u015bci Playlottoonline (zwana dalej \u201ePolityk\u0105\u201d) dotyczy strony internetowej Playlottoonline.net (zwanej dalej \u201eStron\u0105\u201d). Strona jest zarz\u0105dzana przez firm\u0119 LLL World Marketing Limited, z siedzib\u0105 pod adresem: Peiraios 30, pierwsze pi\u0119tro, biuro 1, 2023 Strovolos, Nikozja \u2013 Cypr. Korzystaj\u0105c ze Strony, wyra\u017casz zgod\u0119 na niniejsz\u0105 Polityk\u0119 Prywatno\u015bci oraz powi\u0105zane Warunki U\u017cytkowania. Jakie dane zbieramy? Dane podawane [&hellip;]<\/p>\n","protected":false},"author":7,"featured_media":0,"parent":0,"menu_order":0,"comment_status":"closed","ping_status":"closed","template":"","meta":{"_et_pb_use_builder":"","_et_pb_old_content":"","_et_gb_content_width":"","exclude_from_search":false,"footnotes":""},"class_list":["post-72963","page","type-page","status-publish","hentry"],"yoast_head":"<!-- This site is optimized with the Yoast SEO plugin v23.3 - https:\/\/yoast.com\/wordpress\/plugins\/seo\/ -->\n<title>Polityka Prywatno\u015bci - Lotto Online - Crack The International Lottery Jackpots<\/title>\n<meta name=\"robots\" content=\"index, follow, max-snippet:-1, max-image-preview:large, max-video-preview:-1\" \/>\n<link rel=\"canonical\" href=\"https:\/\/jackpotlotteryonline.com\/privacy-policy-2\/\" \/>\n<meta property=\"og:locale\" content=\"pl_PL\" \/>\n<meta property=\"og:type\" content=\"article\" \/>\n<meta property=\"og:title\" content=\"Polityka Prywatno\u015bci - Lotto Online - Crack The International Lottery Jackpots\" \/>\n<meta property=\"og:description\" content=\"Polityka Prywatno\u015bci Playlottoonline (zwana dalej \u201ePolityk\u0105\u201d) dotyczy strony internetowej Playlottoonline.net (zwanej dalej \u201eStron\u0105\u201d). Strona jest zarz\u0105dzana przez firm\u0119 LLL World Marketing Limited, z siedzib\u0105 pod adresem: Peiraios 30, pierwsze pi\u0119tro, biuro 1, 2023 Strovolos, Nikozja \u2013 Cypr. Korzystaj\u0105c ze Strony, wyra\u017casz zgod\u0119 na niniejsz\u0105 Polityk\u0119 Prywatno\u015bci oraz powi\u0105zane Warunki U\u017cytkowania. Jakie dane zbieramy? Dane podawane [&hellip;]\" \/>\n<meta property=\"og:url\" content=\"https:\/\/jackpotlotteryonline.com\/privacy-policy-2\/\" \/>\n<meta property=\"og:site_name\" content=\"Lotto Online - Crack The International Lottery Jackpots\" \/>\n<meta name=\"twitter:card\" content=\"summary_large_image\" \/>\n<meta name=\"twitter:label1\" content=\"Szacowany czas czytania\" \/>\n\t<meta name=\"twitter:data1\" content=\"3 minuty\" \/>\n<!-- \/ Yoast SEO plugin. -->","yoast_head_json":{"title":"Polityka Prywatno\u015bci - Lotto Online - Crack The International Lottery Jackpots","robots":{"index":"index","follow":"follow","max-snippet":"max-snippet:-1","max-image-preview":"max-image-preview:large","max-video-preview":"max-video-preview:-1"},"canonical":"https:\/\/jackpotlotteryonline.com\/privacy-policy-2\/","og_locale":"pl_PL","og_type":"article","og_title":"Polityka Prywatno\u015bci - Lotto Online - Crack The International Lottery Jackpots","og_description":"Polityka Prywatno\u015bci Playlottoonline (zwana dalej \u201ePolityk\u0105\u201d) dotyczy strony internetowej Playlottoonline.net (zwanej dalej \u201eStron\u0105\u201d). Strona jest zarz\u0105dzana przez firm\u0119 LLL World Marketing Limited, z siedzib\u0105 pod adresem: Peiraios 30, pierwsze pi\u0119tro, biuro 1, 2023 Strovolos, Nikozja \u2013 Cypr. Korzystaj\u0105c ze Strony, wyra\u017casz zgod\u0119 na niniejsz\u0105 Polityk\u0119 Prywatno\u015bci oraz powi\u0105zane Warunki U\u017cytkowania. Jakie dane zbieramy? Dane podawane [&hellip;]","og_url":"https:\/\/jackpotlotteryonline.com\/privacy-policy-2\/","og_site_name":"Lotto Online - Crack The International Lottery Jackpots","twitter_card":"summary_large_image","twitter_misc":{"Szacowany czas czytania":"3 minuty"},"schema":{"@context":"https:\/\/schema.org","@graph":[{"@type":"WebPage","@id":"https:\/\/jackpotlotteryonline.com\/privacy-policy-2\/","url":"https:\/\/jackpotlotteryonline.com\/privacy-policy-2\/","name":"Polityka Prywatno\u015bci - Lotto Online - Crack The International Lottery Jackpots","isPartOf":{"@id":"https:\/\/jackpotlotteryonline.com\/#website"},"datePublished":"2025-02-02T17:31:49+00:00","dateModified":"2025-02-02T17:31:49+00:00","breadcrumb":{"@id":"https:\/\/jackpotlotteryonline.com\/privacy-policy-2\/#breadcrumb"},"inLanguage":"pl-PL","potentialAction":[{"@type":"ReadAction","target":["https:\/\/jackpotlotteryonline.com\/privacy-policy-2\/"]}]},{"@type":"BreadcrumbList","@id":"https:\/\/jackpotlotteryonline.com\/privacy-policy-2\/#breadcrumb","itemListElement":[{"@type":"ListItem","position":1,"name":"Home","item":"https:\/\/jackpotlotteryonline.com\/pl\/"},{"@type":"ListItem","position":2,"name":"Polityka Prywatno\u015bci"}]},{"@type":"WebSite","@id":"https:\/\/jackpotlotteryonline.com\/#website","url":"https:\/\/jackpotlotteryonline.com\/","name":"Lotto Online - Crack The International Lottery Jackpots","description":"","potentialAction":[{"@type":"SearchAction","target":{"@type":"EntryPoint","urlTemplate":"https:\/\/jackpotlotteryonline.com\/?s={search_term_string}"},"query-input":"required name=search_term_string"}],"inLanguage":"pl-PL"}]}},"_links":{"self":[{"href":"https:\/\/jackpotlotteryonline.com\/pl\/wp-json\/wp\/v2\/pages\/72963","targetHints":{"allow":["GET"]}}],"collection":[{"href":"https:\/\/jackpotlotteryonline.com\/pl\/wp-json\/wp\/v2\/pages"}],"about":[{"href":"https:\/\/jackpotlotteryonline.com\/pl\/wp-json\/wp\/v2\/types\/page"}],"author":[{"embeddable":true,"href":"https:\/\/jackpotlotteryonline.com\/pl\/wp-json\/wp\/v2\/users\/7"}],"replies":[{"embeddable":true,"href":"https:\/\/jackpotlotteryonline.com\/pl\/wp-json\/wp\/v2\/comments?post=72963"}],"version-history":[{"count":0,"href":"https:\/\/jackpotlotteryonline.com\/pl\/wp-json\/wp\/v2\/pages\/72963\/revisions"}],"wp:attachment":[{"href":"https:\/\/jackpotlotteryonline.com\/pl\/wp-json\/wp\/v2\/media?parent=72963"}],"curies":[{"name":"wp","href":"https:\/\/api.w.org\/{rel}","templated":true}]}}