{"id":73025,"date":"2025-02-02T18:30:33","date_gmt":"2025-02-02T18:30:33","guid":{"rendered":"https:\/\/jackpotlotteryonline.com\/?page_id=73025"},"modified":"2025-02-02T18:30:33","modified_gmt":"2025-02-02T18:30:33","slug":"zasady-i-warunki","status":"publish","type":"page","link":"https:\/\/jackpotlotteryonline.com\/pl\/zasady-i-warunki\/","title":{"rendered":"Zasady i warunki"},"content":{"rendered":"<p>Warunki korzystania z Jackpot Lottery Online (zwane dalej Warunkami korzystania) maj\u0105 zastosowanie do strony internetowej jackpotlotteryonline.com (zwanej dalej Stron\u0105 internetow\u0105) obs\u0142ugiwanej przez LLL World Marketing Limited, Peiraios 30, 1 pi\u0119tro, biuro 1, 2023 Strovolos, Nikozja &#8211; Cypr.<\/p>\n<p>Wy\u015bwietlaj\u0105c, przegl\u0105daj\u0105c lub korzystaj\u0105c z witryny jackpotlotteryonline.com w jakikolwiek spos\u00f3b, Gracz podlega nast\u0119puj\u0105cym Warunkom u\u017cytkowania, a tak\u017ce naszej Polityce prywatno\u015bci. W przypadku, gdy Gracz nie wyra\u017ca zgody na kt\u00f3rekolwiek z nich, prosimy Gracza o zaprzestanie korzystania z jackpotlotteryonline.com.<\/p>\n<p>W przypadku jakichkolwiek pyta\u0144 dotycz\u0105cych naszych Warunk\u00f3w u\u017cytkowania lub naszej Polityki prywatno\u015bci, skontaktuj si\u0119 z nami za po\u015brednictwem naszego formularza kontaktowego.<\/p>\n<p>Niniejsze Warunki u\u017cytkowania podlegaj\u0105 prawu Cypru.<\/p>\n<p>1. Definicje<br \/>\nLoteria &#8211; gra liczbowa, w ramach kt\u00f3rej odbywa si\u0119 Losowanie.<br \/>\nLosowanie &#8211; losowanie okre\u015blonej liczby liczb z okre\u015blonego zakresu liczb standardowych lub liczb standardowych i premiowych w ramach danej Loterii. Losowania odbywaj\u0105 si\u0119 wielokrotnie w dniach i godzinach ustalonych przez Operatora danej Loterii.<br \/>\nOperator &#8211; Podmiot organizuj\u0105cy Losowania w danej Loterii.<br \/>\nGracz &#8211; osoba, kt\u00f3ra bierze udzia\u0142 w jednej z loterii oferowanych na jackpotlotteryonline.com.<br \/>\nBilet &#8211; Bilet elektroniczny na Losowanie, kt\u00f3ry Gracz wybiera w danej Loterii i kt\u00f3ry zawiera jedn\u0105 lub wi\u0119cej Linii.<br \/>\nLinia &#8211; Pojedynczy zestaw liczb wybrany przez Gracza w danym losowaniu Loterii. W zale\u017cno\u015bci od Loterii, mo\u017ce on zawiera\u0107 inn\u0105 kwot\u0119 i\/lub inn\u0105 pul\u0119 (z innego zakresu) dla numer\u00f3w standardowych i bonusowych (je\u015bli istniej\u0105).<br \/>\nWygrana &#8211; kwota wygrana, je\u015bli linia utworzona przez Gracza pasuje do predefiniowanego zestawu liczb wylosowanych w Losowaniu, na kt\u00f3re zosta\u0142 zakupiony Bilet zawieraj\u0105cy lini\u0119.<br \/>\nDepozyt &#8211; \u015brodki zdeponowane na koncie gracza, kt\u00f3re zostan\u0105 p\u00f3\u017aniej wykorzystane do zakupu los\u00f3w.<br \/>\nKonto &#8211; konto u\u017cytkownika Gracza, do kt\u00f3rego przypisane s\u0105 \u015brodki Gracza, zakupione Bilety i dane Gracza.<br \/>\n2. Informacje og\u00f3lne<br \/>\n2.1 Witryna jackpotlotteryonline.com zapewnia dost\u0119p do loterii za po\u015brednictwem platformy internetowej.<br \/>\n2.2 Gracze musz\u0105 mie\u0107 uko\u0144czone 18 lat, aby korzysta\u0107 ze Strony.<br \/>\n2.3 Gracz jest odpowiedzialny za sprawdzenie, czy udzia\u0142 w loteriach online jest legalny w jego jurysdykcji.<br \/>\n2.4 Sp\u00f3\u0142ka LLL World Marketing Limited nie jest oficjalnym operatorem loterii. \u015awiadczone us\u0142ugi s\u0105 zwi\u0105zane z dost\u0119pem do los\u00f3w loteryjnych.<\/p>\n<p>3. Konto u\u017cytkownika<br \/>\n3.1 Gracze musz\u0105 zarejestrowa\u0107 Konto na stronie jackpotlotteryonline.com, aby zakupi\u0107 Bilety.<br \/>\n3.2 Dane osobowe podane podczas rejestracji musz\u0105 by\u0107 dok\u0142adne. Wszelkie fa\u0142szywe lub wprowadzaj\u0105ce w b\u0142\u0105d informacje mog\u0105 prowadzi\u0107 do zawieszenia lub zamkni\u0119cia Konta.<br \/>\n3.3 Gracze s\u0105 odpowiedzialni za zachowanie poufno\u015bci swoich danych logowania. Sp\u00f3\u0142ka nie ponosi odpowiedzialno\u015bci za nieautoryzowany dost\u0119p wynikaj\u0105cy z zaniedbania.<\/p>\n<p>4. Wp\u0142aty i p\u0142atno\u015bci<br \/>\n4.1 Wp\u0142at mo\u017cna dokonywa\u0107 za pomoc\u0105 metod p\u0142atno\u015bci dost\u0119pnych na stronie jackpotlotteryonline.com.<br \/>\n4.2 Gracze s\u0105 odpowiedzialni za upewnienie si\u0119, \u017ce maj\u0105 wystarczaj\u0105ce \u015brodki na swoim koncie, aby kupi\u0107 bilety.<br \/>\n4.3 Wszystkie p\u0142atno\u015bci s\u0105 przetwarzane w bezpieczny spos\u00f3b. Sp\u00f3\u0142ka zastrzega sobie prawo do za\u017c\u0105dania dodatkowej weryfikacji w razie potrzeby.<\/p>\n<p>5. Zakup Bilet\u00f3w<br \/>\n5.1 Gracze mog\u0105 kupowa\u0107 losy na r\u00f3\u017cne loterie oferowane na stronie jackpotlotteryonline.com.<br \/>\n5.2 Bilety s\u0105 uznawane za wa\u017cne dopiero po pomy\u015blnym potwierdzeniu p\u0142atno\u015bci.<\/p>\n<p>6. Wygrane<br \/>\n6.1 Wygrane s\u0105 obliczane na podstawie zgodno\u015bci mi\u0119dzy liczbami wybranymi przez Gracza a liczbami wylosowanymi przez oficjalnego Operatora Loterii.<br \/>\n6.2 Firma do\u0142o\u017cy wszelkich stara\u0144, aby niezw\u0142ocznie wyp\u0142aci\u0107 wygrane Graczowi.<br \/>\n6.3 Du\u017ce wygrane mog\u0105 wymaga\u0107 dodatkowej weryfikacji to\u017csamo\u015bci przed wydaniem ich Graczowi.<\/p>\n<p>7. Ograniczenie odpowiedzialno\u015bci<br \/>\n7.1 Firma nie ponosi odpowiedzialno\u015bci za jakiekolwiek b\u0142\u0119dy techniczne lub zak\u0142\u00f3cenia, kt\u00f3re mog\u0105 wyst\u0105pi\u0107 podczas korzystania z jackpotlotteryonline.com.<br \/>\n7.2 W \u017cadnym wypadku Sp\u00f3\u0142ka nie ponosi odpowiedzialno\u015bci za po\u015brednie, przypadkowe lub wt\u00f3rne szkody wynikaj\u0105ce z korzystania z Witryny.<\/p>\n<p>8. Rozwi\u0105zanie umowy<br \/>\n8.1 Firma zastrzega sobie prawo do zamkni\u0119cia lub zawieszenia Konta dowolnego Gracza w przypadku naruszenia Warunk\u00f3w u\u017cytkowania.<br \/>\n8.2 Gracze mog\u0105 za\u017c\u0105da\u0107 zamkni\u0119cia konta w dowolnym momencie, kontaktuj\u0105c si\u0119 z pomoc\u0105 techniczn\u0105 za po\u015brednictwem formularza kontaktowego.<\/p>\n<p>9. Prawo w\u0142a\u015bciwe<br \/>\n9.1 Niniejsze Warunki u\u017cytkowania s\u0105 regulowane i interpretowane zgodnie z prawem Cypru.<\/p>\n<p>Korzystaj\u0105c z jackpotlotteryonline.com, Gracz zgadza si\u0119 przestrzega\u0107 wszystkich powy\u017cszych Warunk\u00f3w u\u017cytkowania.<\/p>\n","protected":false},"excerpt":{"rendered":"<p>Warunki korzystania z Jackpot Lottery Online (zwane dalej Warunkami korzystania) maj\u0105 zastosowanie do strony internetowej jackpotlotteryonline.com (zwanej dalej Stron\u0105 internetow\u0105) obs\u0142ugiwanej przez LLL World Marketing Limited, Peiraios 30, 1 pi\u0119tro, biuro 1, 2023 Strovolos, Nikozja &#8211; Cypr. Wy\u015bwietlaj\u0105c, przegl\u0105daj\u0105c lub korzystaj\u0105c z witryny jackpotlotteryonline.com w jakikolwiek spos\u00f3b, Gracz podlega nast\u0119puj\u0105cym Warunkom u\u017cytkowania, a tak\u017ce naszej [&hellip;]<\/p>\n","protected":false},"author":7,"featured_media":0,"parent":0,"menu_order":0,"comment_status":"closed","ping_status":"closed","template":"","meta":{"_et_pb_use_builder":"","_et_pb_old_content":"","_et_gb_content_width":"","exclude_from_search":false,"footnotes":""},"class_list":["post-73025","page","type-page","status-publish","hentry"],"yoast_head":"<!-- This site is optimized with the Yoast SEO plugin v23.3 - https:\/\/yoast.com\/wordpress\/plugins\/seo\/ -->\n<title>Zasady i warunki - Lotto Online - Crack The International Lottery Jackpots<\/title>\n<meta name=\"robots\" content=\"index, follow, max-snippet:-1, max-image-preview:large, max-video-preview:-1\" \/>\n<link rel=\"canonical\" href=\"https:\/\/jackpotlotteryonline.com\/pl\/zasady-i-warunki\/\" \/>\n<meta property=\"og:locale\" content=\"pl_PL\" \/>\n<meta property=\"og:type\" content=\"article\" \/>\n<meta property=\"og:title\" content=\"Zasady i warunki - Lotto Online - Crack The International Lottery Jackpots\" \/>\n<meta property=\"og:description\" content=\"Warunki korzystania z Jackpot Lottery Online (zwane dalej Warunkami korzystania) maj\u0105 zastosowanie do strony internetowej jackpotlotteryonline.com (zwanej dalej Stron\u0105 internetow\u0105) obs\u0142ugiwanej przez LLL World Marketing Limited, Peiraios 30, 1 pi\u0119tro, biuro 1, 2023 Strovolos, Nikozja &#8211; Cypr. Wy\u015bwietlaj\u0105c, przegl\u0105daj\u0105c lub korzystaj\u0105c z witryny jackpotlotteryonline.com w jakikolwiek spos\u00f3b, Gracz podlega nast\u0119puj\u0105cym Warunkom u\u017cytkowania, a tak\u017ce naszej [&hellip;]\" \/>\n<meta property=\"og:url\" content=\"https:\/\/jackpotlotteryonline.com\/pl\/zasady-i-warunki\/\" \/>\n<meta property=\"og:site_name\" content=\"Lotto Online - Crack The International Lottery Jackpots\" \/>\n<meta name=\"twitter:card\" content=\"summary_large_image\" \/>\n<meta name=\"twitter:label1\" content=\"Szacowany czas czytania\" \/>\n\t<meta name=\"twitter:data1\" content=\"3 minuty\" \/>\n<!-- \/ Yoast SEO plugin. -->","yoast_head_json":{"title":"Zasady i warunki - Lotto Online - Crack The International Lottery Jackpots","robots":{"index":"index","follow":"follow","max-snippet":"max-snippet:-1","max-image-preview":"max-image-preview:large","max-video-preview":"max-video-preview:-1"},"canonical":"https:\/\/jackpotlotteryonline.com\/pl\/zasady-i-warunki\/","og_locale":"pl_PL","og_type":"article","og_title":"Zasady i warunki - Lotto Online - Crack The International Lottery Jackpots","og_description":"Warunki korzystania z Jackpot Lottery Online (zwane dalej Warunkami korzystania) maj\u0105 zastosowanie do strony internetowej jackpotlotteryonline.com (zwanej dalej Stron\u0105 internetow\u0105) obs\u0142ugiwanej przez LLL World Marketing Limited, Peiraios 30, 1 pi\u0119tro, biuro 1, 2023 Strovolos, Nikozja &#8211; Cypr. Wy\u015bwietlaj\u0105c, przegl\u0105daj\u0105c lub korzystaj\u0105c z witryny jackpotlotteryonline.com w jakikolwiek spos\u00f3b, Gracz podlega nast\u0119puj\u0105cym Warunkom u\u017cytkowania, a tak\u017ce naszej [&hellip;]","og_url":"https:\/\/jackpotlotteryonline.com\/pl\/zasady-i-warunki\/","og_site_name":"Lotto Online - Crack The International Lottery Jackpots","twitter_card":"summary_large_image","twitter_misc":{"Szacowany czas czytania":"3 minuty"},"schema":{"@context":"https:\/\/schema.org","@graph":[{"@type":"WebPage","@id":"https:\/\/jackpotlotteryonline.com\/pl\/zasady-i-warunki\/","url":"https:\/\/jackpotlotteryonline.com\/pl\/zasady-i-warunki\/","name":"Zasady i warunki - Lotto Online - Crack The International Lottery Jackpots","isPartOf":{"@id":"https:\/\/jackpotlotteryonline.com\/#website"},"datePublished":"2025-02-02T18:30:33+00:00","dateModified":"2025-02-02T18:30:33+00:00","breadcrumb":{"@id":"https:\/\/jackpotlotteryonline.com\/pl\/zasady-i-warunki\/#breadcrumb"},"inLanguage":"pl-PL","potentialAction":[{"@type":"ReadAction","target":["https:\/\/jackpotlotteryonline.com\/pl\/zasady-i-warunki\/"]}]},{"@type":"BreadcrumbList","@id":"https:\/\/jackpotlotteryonline.com\/pl\/zasady-i-warunki\/#breadcrumb","itemListElement":[{"@type":"ListItem","position":1,"name":"Home","item":"https:\/\/jackpotlotteryonline.com\/pl\/"},{"@type":"ListItem","position":2,"name":"Zasady i warunki"}]},{"@type":"WebSite","@id":"https:\/\/jackpotlotteryonline.com\/#website","url":"https:\/\/jackpotlotteryonline.com\/","name":"Lotto Online - Crack The International Lottery Jackpots","description":"","potentialAction":[{"@type":"SearchAction","target":{"@type":"EntryPoint","urlTemplate":"https:\/\/jackpotlotteryonline.com\/?s={search_term_string}"},"query-input":"required name=search_term_string"}],"inLanguage":"pl-PL"}]}},"_links":{"self":[{"href":"https:\/\/jackpotlotteryonline.com\/pl\/wp-json\/wp\/v2\/pages\/73025","targetHints":{"allow":["GET"]}}],"collection":[{"href":"https:\/\/jackpotlotteryonline.com\/pl\/wp-json\/wp\/v2\/pages"}],"about":[{"href":"https:\/\/jackpotlotteryonline.com\/pl\/wp-json\/wp\/v2\/types\/page"}],"author":[{"embeddable":true,"href":"https:\/\/jackpotlotteryonline.com\/pl\/wp-json\/wp\/v2\/users\/7"}],"replies":[{"embeddable":true,"href":"https:\/\/jackpotlotteryonline.com\/pl\/wp-json\/wp\/v2\/comments?post=73025"}],"version-history":[{"count":0,"href":"https:\/\/jackpotlotteryonline.com\/pl\/wp-json\/wp\/v2\/pages\/73025\/revisions"}],"wp:attachment":[{"href":"https:\/\/jackpotlotteryonline.com\/pl\/wp-json\/wp\/v2\/media?parent=73025"}],"curies":[{"name":"wp","href":"https:\/\/api.w.org\/{rel}","templated":true}]}}