{"id":77626,"date":"2025-03-21T17:47:42","date_gmt":"2025-03-21T17:47:42","guid":{"rendered":"https:\/\/jackpotlotteryonline.com\/?page_id=77626"},"modified":"2025-03-21T17:47:42","modified_gmt":"2025-03-21T17:47:42","slug":"gdzie-mozna-kupic-losy-na-loterie-new-york-poza-usa","status":"publish","type":"page","link":"https:\/\/jackpotlotteryonline.com\/pl\/kupic-bilety\/gdzie-mozna-kupic-losy-na-loterie-new-york-poza-usa\/","title":{"rendered":"Gdzie mo\u017cna kupi\u0107 losy na loteri\u0119 New York poza USA?"},"content":{"rendered":"<p>Te nowojorskie jackpoty s\u0105 absolutnie ogromne \u2014 s\u0105 praktycznie legendarne. Ludzie na ca\u0142ym \u015bwiecie za nimi goni\u0105! A co z lud\u017ami, kt\u00f3rzy nie mieszkaj\u0105 w USA? Czy mo\u017cna kupi\u0107 losy na loteri\u0119 New York spoza USA? Oczywi\u015bcie! Zgadnij co? JackpotLottery pozwala ci zdoby\u0107 prawdziwe losy na loteri\u0119 New York online, np. z dowolnego miejsca na \u015bwiecie!<\/p>\n<h2>Czy mo\u017cna kupi\u0107 losy na loteri\u0119 New York spoza USA?<\/h2>\n<p>Ca\u0142kowicie! Wi\u0119c nawet je\u015bli nie jeste\u015b w Nowym Jorku, ani nawet w Ameryce, nadal mo\u017cesz wzi\u0105\u0107 udzia\u0142 w loterii New York. Dzi\u0119ki JackpotLottery gracze mi\u0119dzynarodowi mog\u0105 bezpiecznie kupowa\u0107 losy na loteri\u0119 z dowolnego miejsca. To wyr\u00f3wnuje szanse, daj\u0105c ci takie same szanse na wygran\u0105, jak gdyby\u015b kupowa\u0142 los osobi\u015bcie. Zasadniczo JackpotLottery ma kogo\u015b, kto kupi tw\u00f3j los za ciebie, jak osobisty klient loterii. Otrzymasz zeskanowan\u0105 kopi\u0119 swojego oficjalnego biletu na swoje konto, co stanowi wyra\u017any dow\u00f3d zakupu i dodatkowe zabezpieczenie.<\/p>\n<h3>Jak kupi\u0107 losy na loteri\u0119 New York online w JackpotLottery<img loading=\"lazy\" decoding=\"async\" class=\" wp-image-29318 alignright\" src=\"https:\/\/jackpotlotteryonline.com\/wp-content\/uploads\/2022\/11\/1_play_onlinelottery4-300x200.jpg\" alt=\"Czy mo\u017cna kupi\u0107 losy na loteri\u0119 New York spoza USA\" width=\"262\" height=\"174\" srcset=\"https:\/\/jackpotlotteryonline.com\/wp-content\/uploads\/2022\/11\/1_play_onlinelottery4-300x200.jpg 300w, https:\/\/jackpotlotteryonline.com\/wp-content\/uploads\/2022\/11\/1_play_onlinelottery4.jpg 320w\" sizes=\"auto, (max-width: 262px) 100vw, 262px\" \/><\/h3>\n<p>Gra w loteri\u0119 New York na arenie mi\u0119dzynarodowej jest bardzo dost\u0119pna, gdy korzystasz z Jackpotlottery. Te proste instrukcje poprowadz\u0105 Ci\u0119:<\/p>\n<p>1. Zacznij od rejestracji. Zacznij korzysta\u0107 z JackpotLottery, wprowadzaj\u0105c swoje dane i weryfikuj\u0105c swoj\u0105 to\u017csamo\u015b\u0107 ju\u017c teraz. W ten spos\u00f3b wszystko jest bezpieczne i nie b\u0119dziesz mie\u0107 \u017cadnych problem\u00f3w z otrzymaniem wygranych.<br \/>\n2. W sekcji loterii wybierz New York Lottery. Je\u015bli chcesz wygra\u0107 du\u017c\u0105 pul\u0119, New York Lotto jest bardzo popularn\u0105 opcj\u0105.<br \/>\n3. Teraz wybierz swoje liczby. Masz mo\u017cliwo\u015b\u0107 r\u0119cznego wybrania sze\u015bciu liczb z zakresu od 1 do 59 lub mo\u017cesz skorzysta\u0107 z funkcji Quick Pick, aby system wygenerowa\u0142 je losowo.<br \/>\n4. Przejd\u017a do zakupu losu. Wybierz jedn\u0105 z dost\u0119pnych metod p\u0142atno\u015bci, aby wygodnie kupi\u0107 los. Po pomy\u015blnym potwierdzeniu zakupu JackpotLottery przejdzie do zakupu oficjalnego losu na Twoje nazwisko.<\/p>\n<p>5. Dowiedz si\u0119 o wynikach losowania.<br \/>\nDowiedz si\u0119 od razu, czy trafi\u0142e\u015b jackpota.<br \/>\n6. Gwarancja zweryfikowanej p\u0142atno\u015bci<br \/>\nMa\u0142e wygrane trafiaj\u0105 bezpo\u015brednio na Twoje konto, a w przypadku du\u017cych JackpotLottery zajmuje si\u0119 wszystkim.<\/p>\n<p><strong>Zagraj w New York Lottery ju\u017c dzi\u015b<\/strong><br \/>\nTeraz wiesz, jak gra\u0107 z zagranicy, \u015bmia\u0142o spr\u00f3buj wygra\u0107 du\u017co w New York Lottery. We\u017a udzia\u0142 w akcji! Zarejestruj si\u0119 w JackpotLottery, zgarnij sw\u00f3j los i we\u017a udzia\u0142 w ekscytuj\u0105cym losowaniu loterii w Ameryce! Tylko jeden los dzieli Ci\u0119 od spe\u0142nienia marze\u0144 o jackpot.<\/p>\n","protected":false},"excerpt":{"rendered":"<p>Te nowojorskie jackpoty s\u0105 absolutnie ogromne \u2014 s\u0105 praktycznie legendarne. Ludzie na ca\u0142ym \u015bwiecie za nimi goni\u0105! A co z lud\u017ami, kt\u00f3rzy nie mieszkaj\u0105 w USA? Czy mo\u017cna kupi\u0107 losy na loteri\u0119 New York spoza USA? Oczywi\u015bcie! Zgadnij co? JackpotLottery pozwala ci zdoby\u0107 prawdziwe losy na loteri\u0119 New York online, np. z dowolnego miejsca na [&hellip;]<\/p>\n","protected":false},"author":7,"featured_media":0,"parent":35770,"menu_order":0,"comment_status":"closed","ping_status":"closed","template":"","meta":{"_et_pb_use_builder":"","_et_pb_old_content":"","_et_gb_content_width":"","exclude_from_search":false,"footnotes":""},"class_list":["post-77626","page","type-page","status-publish","hentry"],"yoast_head":"<!-- This site is optimized with the Yoast SEO plugin v23.3 - https:\/\/yoast.com\/wordpress\/plugins\/seo\/ -->\n<title>Czy mo\u017cna kupi\u0107 losy na loteri\u0119 w Nowym Jorku spoza USA?<\/title>\n<meta name=\"description\" content=\"Zastanawiasz si\u0119, czy mo\u017cna kupi\u0107 losy na loteri\u0119 w Nowym Jorku spoza USA? Odkryj najlepsze sposoby gry online i odbierania nagr\u00f3d na ca\u0142ym \u015bwiecie!\" \/>\n<meta name=\"robots\" content=\"index, follow, max-snippet:-1, max-image-preview:large, max-video-preview:-1\" \/>\n<link rel=\"canonical\" href=\"https:\/\/jackpotlotteryonline.com\/pl\/gdzie-mozna-kupic-losy-na-loterie-new-york-poza-usa\/\" \/>\n<meta property=\"og:locale\" content=\"pl_PL\" \/>\n<meta property=\"og:type\" content=\"article\" \/>\n<meta property=\"og:title\" content=\"Czy mo\u017cna kupi\u0107 losy na loteri\u0119 w Nowym Jorku spoza USA?\" \/>\n<meta property=\"og:description\" content=\"Zastanawiasz si\u0119, czy mo\u017cna kupi\u0107 losy na loteri\u0119 w Nowym Jorku spoza USA? Odkryj najlepsze sposoby gry online i odbierania nagr\u00f3d na ca\u0142ym \u015bwiecie!\" \/>\n<meta property=\"og:url\" content=\"https:\/\/jackpotlotteryonline.com\/pl\/gdzie-mozna-kupic-losy-na-loterie-new-york-poza-usa\/\" \/>\n<meta property=\"og:site_name\" content=\"Lotto Online - Crack The International Lottery Jackpots\" \/>\n<meta property=\"og:image\" content=\"https:\/\/jackpotlotteryonline.com\/wp-content\/uploads\/2022\/11\/1_play_onlinelottery4-300x200.jpg\" \/>\n<meta name=\"twitter:card\" content=\"summary_large_image\" \/>\n<!-- \/ Yoast SEO plugin. -->","yoast_head_json":{"title":"Czy mo\u017cna kupi\u0107 losy na loteri\u0119 w Nowym Jorku spoza USA?","description":"Zastanawiasz si\u0119, czy mo\u017cna kupi\u0107 losy na loteri\u0119 w Nowym Jorku spoza USA? Odkryj najlepsze sposoby gry online i odbierania nagr\u00f3d na ca\u0142ym \u015bwiecie!","robots":{"index":"index","follow":"follow","max-snippet":"max-snippet:-1","max-image-preview":"max-image-preview:large","max-video-preview":"max-video-preview:-1"},"canonical":"https:\/\/jackpotlotteryonline.com\/pl\/gdzie-mozna-kupic-losy-na-loterie-new-york-poza-usa\/","og_locale":"pl_PL","og_type":"article","og_title":"Czy mo\u017cna kupi\u0107 losy na loteri\u0119 w Nowym Jorku spoza USA?","og_description":"Zastanawiasz si\u0119, czy mo\u017cna kupi\u0107 losy na loteri\u0119 w Nowym Jorku spoza USA? Odkryj najlepsze sposoby gry online i odbierania nagr\u00f3d na ca\u0142ym \u015bwiecie!","og_url":"https:\/\/jackpotlotteryonline.com\/pl\/gdzie-mozna-kupic-losy-na-loterie-new-york-poza-usa\/","og_site_name":"Lotto Online - Crack The International Lottery Jackpots","og_image":[{"url":"https:\/\/jackpotlotteryonline.com\/wp-content\/uploads\/2022\/11\/1_play_onlinelottery4-300x200.jpg"}],"twitter_card":"summary_large_image","schema":{"@context":"https:\/\/schema.org","@graph":[{"@type":"WebPage","@id":"https:\/\/jackpotlotteryonline.com\/pl\/gdzie-mozna-kupic-losy-na-loterie-new-york-poza-usa\/","url":"https:\/\/jackpotlotteryonline.com\/pl\/gdzie-mozna-kupic-losy-na-loterie-new-york-poza-usa\/","name":"Czy mo\u017cna kupi\u0107 losy na loteri\u0119 w Nowym Jorku spoza USA?","isPartOf":{"@id":"https:\/\/jackpotlotteryonline.com\/#website"},"primaryImageOfPage":{"@id":"https:\/\/jackpotlotteryonline.com\/pl\/gdzie-mozna-kupic-losy-na-loterie-new-york-poza-usa\/#primaryimage"},"image":{"@id":"https:\/\/jackpotlotteryonline.com\/pl\/gdzie-mozna-kupic-losy-na-loterie-new-york-poza-usa\/#primaryimage"},"thumbnailUrl":"https:\/\/jackpotlotteryonline.com\/wp-content\/uploads\/2022\/11\/1_play_onlinelottery4-300x200.jpg","datePublished":"2025-03-21T17:47:42+00:00","dateModified":"2025-03-21T17:47:42+00:00","description":"Zastanawiasz si\u0119, czy mo\u017cna kupi\u0107 losy na loteri\u0119 w Nowym Jorku spoza USA? Odkryj najlepsze sposoby gry online i odbierania nagr\u00f3d na ca\u0142ym \u015bwiecie!","breadcrumb":{"@id":"https:\/\/jackpotlotteryonline.com\/pl\/gdzie-mozna-kupic-losy-na-loterie-new-york-poza-usa\/#breadcrumb"},"inLanguage":"pl-PL","potentialAction":[{"@type":"ReadAction","target":["https:\/\/jackpotlotteryonline.com\/pl\/gdzie-mozna-kupic-losy-na-loterie-new-york-poza-usa\/"]}]},{"@type":"ImageObject","inLanguage":"pl-PL","@id":"https:\/\/jackpotlotteryonline.com\/pl\/gdzie-mozna-kupic-losy-na-loterie-new-york-poza-usa\/#primaryimage","url":"https:\/\/jackpotlotteryonline.com\/wp-content\/uploads\/2022\/11\/1_play_onlinelottery4-300x200.jpg","contentUrl":"https:\/\/jackpotlotteryonline.com\/wp-content\/uploads\/2022\/11\/1_play_onlinelottery4-300x200.jpg"},{"@type":"BreadcrumbList","@id":"https:\/\/jackpotlotteryonline.com\/pl\/gdzie-mozna-kupic-losy-na-loterie-new-york-poza-usa\/#breadcrumb","itemListElement":[{"@type":"ListItem","position":1,"name":"Home","item":"https:\/\/jackpotlotteryonline.com\/pl\/"},{"@type":"ListItem","position":2,"name":"Gdzie mo\u017cna kupi\u0107 losy na loteri\u0119 New York poza USA?"}]},{"@type":"WebSite","@id":"https:\/\/jackpotlotteryonline.com\/#website","url":"https:\/\/jackpotlotteryonline.com\/","name":"Lotto Online - Crack The International Lottery Jackpots","description":"","potentialAction":[{"@type":"SearchAction","target":{"@type":"EntryPoint","urlTemplate":"https:\/\/jackpotlotteryonline.com\/?s={search_term_string}"},"query-input":"required name=search_term_string"}],"inLanguage":"pl-PL"}]}},"_links":{"self":[{"href":"https:\/\/jackpotlotteryonline.com\/pl\/wp-json\/wp\/v2\/pages\/77626","targetHints":{"allow":["GET"]}}],"collection":[{"href":"https:\/\/jackpotlotteryonline.com\/pl\/wp-json\/wp\/v2\/pages"}],"about":[{"href":"https:\/\/jackpotlotteryonline.com\/pl\/wp-json\/wp\/v2\/types\/page"}],"author":[{"embeddable":true,"href":"https:\/\/jackpotlotteryonline.com\/pl\/wp-json\/wp\/v2\/users\/7"}],"replies":[{"embeddable":true,"href":"https:\/\/jackpotlotteryonline.com\/pl\/wp-json\/wp\/v2\/comments?post=77626"}],"version-history":[{"count":1,"href":"https:\/\/jackpotlotteryonline.com\/pl\/wp-json\/wp\/v2\/pages\/77626\/revisions"}],"predecessor-version":[{"id":77627,"href":"https:\/\/jackpotlotteryonline.com\/pl\/wp-json\/wp\/v2\/pages\/77626\/revisions\/77627"}],"up":[{"embeddable":true,"href":"https:\/\/jackpotlotteryonline.com\/pl\/wp-json\/wp\/v2\/pages\/35770"}],"wp:attachment":[{"href":"https:\/\/jackpotlotteryonline.com\/pl\/wp-json\/wp\/v2\/media?parent=77626"}],"curies":[{"name":"wp","href":"https:\/\/api.w.org\/{rel}","templated":true}]}}