{"id":77699,"date":"2025-03-22T07:55:56","date_gmt":"2025-03-22T07:55:56","guid":{"rendered":"https:\/\/jackpotlotteryonline.com\/?page_id=77699"},"modified":"2025-03-22T07:55:56","modified_gmt":"2025-03-22T07:55:56","slug":"dowiedz-sie-dzisiejszych-wynikow-loterii-new-york-lottery","status":"publish","type":"page","link":"https:\/\/jackpotlotteryonline.com\/pl\/zwycieskie-numery\/dowiedz-sie-dzisiejszych-wynikow-loterii-new-york-lottery\/","title":{"rendered":"Dowiedz si\u0119 dzisiejszych wynik\u00f3w loterii New York Lottery"},"content":{"rendered":"<p>Ludzie s\u0105 zawsze podekscytowani loteri\u0105 New York Lottery, czekaj\u0105c na najnowsze losowanie. Je\u015bli potrzebujesz dzisiejszych numer\u00f3w loterii New York Lottery, jeste\u015b dok\u0142adnie tam, gdzie powiniene\u015b by\u0107. Sprawdzenie numer\u00f3w New York Lotto jest szybkie i \u0142atwe, wystarczy kilka klikni\u0119\u0107.<\/p>\n<h2>Gdzie mog\u0119 zobaczy\u0107 dzisiejsze wyniki loterii New York Lottery?<\/h2>\n<p>Sprawdzanie dzisiejszych wynik\u00f3w loterii New York Lottery jest \u0142atwe i wygodne. Oto, gdzie mo\u017cesz szuka\u0107 zwyci\u0119skich numer\u00f3w;<br \/>\nPolegaj na JackpotLottery, aby uzyska\u0107 aktualne wyniki loterii i mo\u017cliwo\u015b\u0107 zakupu bilet\u00f3w bezpo\u015brednio online. Natychmiast po og\u0142oszeniu wynik\u00f3w s\u0105 one zazwyczaj dost\u0119pne na tej platformie. Ponadto, w przypadku wygranej zostaniesz natychmiast powiadomiony, dzi\u0119ki czemu nie przegapisz swojej wygranej.<\/p>\n<p><strong>Kiedy odbywaj\u0105 si\u0119 losowania loterii w Nowym Jorku?<img loading=\"lazy\" decoding=\"async\" class=\" wp-image-51568 alignright\" src=\"https:\/\/jackpotlotteryonline.com\/wp-content\/uploads\/2023\/09\/8.png\" alt=\"Gdzie mog\u0119 zobaczy\u0107 dzisiejsze wyniki loterii w Nowym Jorku?\" width=\"233\" height=\"233\" srcset=\"https:\/\/jackpotlotteryonline.com\/wp-content\/uploads\/2023\/09\/8.png 300w, https:\/\/jackpotlotteryonline.com\/wp-content\/uploads\/2023\/09\/8-100x100.png 100w, https:\/\/jackpotlotteryonline.com\/wp-content\/uploads\/2023\/09\/8-150x150.png 150w\" sizes=\"auto, (max-width: 233px) 100vw, 233px\" \/><\/strong><\/p>\n<p>Mo\u017cesz ogl\u0105da\u0107 losowanie loterii w Nowym Jorku w ka\u017cd\u0105 \u015brod\u0119 i sobot\u0119 o 23:21 czasu wschodniego. Korzystaj\u0105c z tej platformy, zawsze b\u0119dziesz na bie\u017c\u0105co. Odliczanie do losowania jest zawsze wy\u015bwietlane obok loterii.<\/p>\n<h3>Jak sprawdzi\u0107, czy wygra\u0142e\u015b na loterii w Nowym Jorku<\/h3>\n<ul>\n<li>Po otrzymaniu dzisiejszych wynik\u00f3w loterii w Nowym Jorku poni\u017csze kroki poprowadz\u0105 Ci\u0119 przez proces weryfikacji Twojego kuponu.<\/li>\n<li>Por\u00f3wnaj swoje liczby: Sprawd\u017a, czy wybrane przez Ciebie liczby s\u0105 takie same jak wylosowane.<\/li>\n<li>Sprawd\u017a, czy masz dodatkowe: Niekt\u00f3re gry maj\u0105 numery bonusowe i mno\u017cniki.<\/li>\n<li>Aby odebra\u0107 wygrane, post\u0119puj zgodnie z nasz\u0105 procedur\u0105 odbioru, kt\u00f3ra r\u00f3\u017cni si\u0119 w zale\u017cno\u015bci od kwoty nagrody, potencjalnie obejmuj\u0105c internetowe odbieranie mniejszych kwot lub osobist\u0105 weryfikacj\u0119 w przypadku du\u017cych jackpot\u00f3w.<\/li>\n<\/ul>\n<h2>Wytyczne dla zwyci\u0119zc\u00f3w loterii w Nowym Jorku<\/h2>\n<p>Je\u015bli wygrasz na loterii, Twoje \u017cycie wkr\u00f3tce si\u0119 zmieni, wi\u0119c musisz post\u0119powa\u0107 w\u0142a\u015bciwie.<\/p>\n<ul>\n<li>Zachowaj trze\u017awy umys\u0142 i sprawd\u017a: Upewnij si\u0119, \u017ce Tw\u00f3j kupon zgadza si\u0119 z oficjalnymi liczbami przed \u015bwi\u0119towaniem.<\/li>\n<li>Zdecyduj, jak chcesz otrzyma\u0107 swoje wygrane: Jackpoty s\u0105 zazwyczaj wyp\u0142acane jako pojedyncza p\u0142atno\u015b\u0107 lub poprzez seri\u0119 rocznych p\u0142atno\u015bci.<\/li>\n<li>Zapewnij sobie d\u0142ugoterminowe bezpiecze\u0144stwo: Skorzystaj z porady doradcy finansowego, aby m\u0105drze zarz\u0105dza\u0107 swoimi wygranymi na loterii.<\/li>\n<li>Pami\u0119taj o terminach odbioru: Upewnij si\u0119, \u017ce odbierzesz swoj\u0105 nagrod\u0119 w okre\u015blonym czasie, poniewa\u017c ka\u017cda gra ma limit czasowy.<\/li>\n<\/ul>\n<p><strong>Natychmiast otrzymaj najnowsze wyniki loterii w Nowym Jorku!<\/strong><\/p>\n<p>Teraz, gdy znasz odpowied\u017a na pytanie: Gdzie mog\u0119 zobaczy\u0107 dzisiejsze wyniki loterii w Nowym Jorku, upewnij si\u0119, \u017ce cz\u0119sto sprawdzasz swoje kupony. Bycie na bie\u017c\u0105co z najnowszymi losowaniami zwi\u0119ksza Twoje szanse na sukces, niezale\u017cnie od tego, czy grasz okazjonalnie, czy o jackpota. Otrzymuj wszystkie najnowsze informacje od JackpotLottery i zwi\u0119ksz swoje szanse na wygran\u0105! \u017byczymy Ci wszystkiego najlepszego.<\/p>\n","protected":false},"excerpt":{"rendered":"<p>Ludzie s\u0105 zawsze podekscytowani loteri\u0105 New York Lottery, czekaj\u0105c na najnowsze losowanie. Je\u015bli potrzebujesz dzisiejszych numer\u00f3w loterii New York Lottery, jeste\u015b dok\u0142adnie tam, gdzie powiniene\u015b by\u0107. Sprawdzenie numer\u00f3w New York Lotto jest szybkie i \u0142atwe, wystarczy kilka klikni\u0119\u0107. Gdzie mog\u0119 zobaczy\u0107 dzisiejsze wyniki loterii New York Lottery? Sprawdzanie dzisiejszych wynik\u00f3w loterii New York Lottery jest [&hellip;]<\/p>\n","protected":false},"author":7,"featured_media":0,"parent":35844,"menu_order":0,"comment_status":"closed","ping_status":"closed","template":"","meta":{"_et_pb_use_builder":"","_et_pb_old_content":"","_et_gb_content_width":"","exclude_from_search":false,"footnotes":""},"class_list":["post-77699","page","type-page","status-publish","hentry"],"yoast_head":"<!-- This site is optimized with the Yoast SEO plugin v23.3 - https:\/\/yoast.com\/wordpress\/plugins\/seo\/ -->\n<title>Gdzie mog\u0119 zobaczy\u0107 wyniki New York Lottery na dzi\u015b<\/title>\n<meta name=\"description\" content=\"Gdzie mog\u0119 zobaczy\u0107 wyniki New York Lottery na dzi\u015b? Dowiedz si\u0119, gdzie mo\u017cna natychmiast sprawdzi\u0107 najnowsze zwyci\u0119skie numery i by\u0107 na bie\u017c\u0105co\" \/>\n<meta name=\"robots\" content=\"index, follow, max-snippet:-1, max-image-preview:large, max-video-preview:-1\" \/>\n<link rel=\"canonical\" href=\"https:\/\/jackpotlotteryonline.com\/find-out-todays-results-for-new-york-lottery-2\/\" \/>\n<meta property=\"og:locale\" content=\"pl_PL\" \/>\n<meta property=\"og:type\" content=\"article\" \/>\n<meta property=\"og:title\" content=\"Gdzie mog\u0119 zobaczy\u0107 wyniki New York Lottery na dzi\u015b\" \/>\n<meta property=\"og:description\" content=\"Gdzie mog\u0119 zobaczy\u0107 wyniki New York Lottery na dzi\u015b? Dowiedz si\u0119, gdzie mo\u017cna natychmiast sprawdzi\u0107 najnowsze zwyci\u0119skie numery i by\u0107 na bie\u017c\u0105co\" \/>\n<meta property=\"og:url\" content=\"https:\/\/jackpotlotteryonline.com\/find-out-todays-results-for-new-york-lottery-2\/\" \/>\n<meta property=\"og:site_name\" content=\"Lotto Online - Crack The International Lottery Jackpots\" \/>\n<meta property=\"og:image\" content=\"https:\/\/jackpotlotteryonline.com\/wp-content\/uploads\/2023\/09\/8.png\" \/>\n<meta name=\"twitter:card\" content=\"summary_large_image\" \/>\n<!-- \/ Yoast SEO plugin. -->","yoast_head_json":{"title":"Gdzie mog\u0119 zobaczy\u0107 wyniki New York Lottery na dzi\u015b","description":"Gdzie mog\u0119 zobaczy\u0107 wyniki New York Lottery na dzi\u015b? Dowiedz si\u0119, gdzie mo\u017cna natychmiast sprawdzi\u0107 najnowsze zwyci\u0119skie numery i by\u0107 na bie\u017c\u0105co","robots":{"index":"index","follow":"follow","max-snippet":"max-snippet:-1","max-image-preview":"max-image-preview:large","max-video-preview":"max-video-preview:-1"},"canonical":"https:\/\/jackpotlotteryonline.com\/find-out-todays-results-for-new-york-lottery-2\/","og_locale":"pl_PL","og_type":"article","og_title":"Gdzie mog\u0119 zobaczy\u0107 wyniki New York Lottery na dzi\u015b","og_description":"Gdzie mog\u0119 zobaczy\u0107 wyniki New York Lottery na dzi\u015b? Dowiedz si\u0119, gdzie mo\u017cna natychmiast sprawdzi\u0107 najnowsze zwyci\u0119skie numery i by\u0107 na bie\u017c\u0105co","og_url":"https:\/\/jackpotlotteryonline.com\/find-out-todays-results-for-new-york-lottery-2\/","og_site_name":"Lotto Online - Crack The International Lottery Jackpots","og_image":[{"url":"https:\/\/jackpotlotteryonline.com\/wp-content\/uploads\/2023\/09\/8.png"}],"twitter_card":"summary_large_image","schema":{"@context":"https:\/\/schema.org","@graph":[{"@type":"WebPage","@id":"https:\/\/jackpotlotteryonline.com\/find-out-todays-results-for-new-york-lottery-2\/","url":"https:\/\/jackpotlotteryonline.com\/find-out-todays-results-for-new-york-lottery-2\/","name":"Gdzie mog\u0119 zobaczy\u0107 wyniki New York Lottery na dzi\u015b","isPartOf":{"@id":"https:\/\/jackpotlotteryonline.com\/#website"},"primaryImageOfPage":{"@id":"https:\/\/jackpotlotteryonline.com\/find-out-todays-results-for-new-york-lottery-2\/#primaryimage"},"image":{"@id":"https:\/\/jackpotlotteryonline.com\/find-out-todays-results-for-new-york-lottery-2\/#primaryimage"},"thumbnailUrl":"https:\/\/jackpotlotteryonline.com\/wp-content\/uploads\/2023\/09\/8.png","datePublished":"2025-03-22T07:55:56+00:00","dateModified":"2025-03-22T07:55:56+00:00","description":"Gdzie mog\u0119 zobaczy\u0107 wyniki New York Lottery na dzi\u015b? Dowiedz si\u0119, gdzie mo\u017cna natychmiast sprawdzi\u0107 najnowsze zwyci\u0119skie numery i by\u0107 na bie\u017c\u0105co","breadcrumb":{"@id":"https:\/\/jackpotlotteryonline.com\/find-out-todays-results-for-new-york-lottery-2\/#breadcrumb"},"inLanguage":"pl-PL","potentialAction":[{"@type":"ReadAction","target":["https:\/\/jackpotlotteryonline.com\/find-out-todays-results-for-new-york-lottery-2\/"]}]},{"@type":"ImageObject","inLanguage":"pl-PL","@id":"https:\/\/jackpotlotteryonline.com\/find-out-todays-results-for-new-york-lottery-2\/#primaryimage","url":"https:\/\/jackpotlotteryonline.com\/wp-content\/uploads\/2023\/09\/8.png","contentUrl":"https:\/\/jackpotlotteryonline.com\/wp-content\/uploads\/2023\/09\/8.png"},{"@type":"BreadcrumbList","@id":"https:\/\/jackpotlotteryonline.com\/find-out-todays-results-for-new-york-lottery-2\/#breadcrumb","itemListElement":[{"@type":"ListItem","position":1,"name":"Home","item":"https:\/\/jackpotlotteryonline.com\/pl\/"},{"@type":"ListItem","position":2,"name":"Dowiedz si\u0119 dzisiejszych wynik\u00f3w loterii New York Lottery"}]},{"@type":"WebSite","@id":"https:\/\/jackpotlotteryonline.com\/#website","url":"https:\/\/jackpotlotteryonline.com\/","name":"Lotto Online - Crack The International Lottery Jackpots","description":"","potentialAction":[{"@type":"SearchAction","target":{"@type":"EntryPoint","urlTemplate":"https:\/\/jackpotlotteryonline.com\/?s={search_term_string}"},"query-input":"required name=search_term_string"}],"inLanguage":"pl-PL"}]}},"_links":{"self":[{"href":"https:\/\/jackpotlotteryonline.com\/pl\/wp-json\/wp\/v2\/pages\/77699","targetHints":{"allow":["GET"]}}],"collection":[{"href":"https:\/\/jackpotlotteryonline.com\/pl\/wp-json\/wp\/v2\/pages"}],"about":[{"href":"https:\/\/jackpotlotteryonline.com\/pl\/wp-json\/wp\/v2\/types\/page"}],"author":[{"embeddable":true,"href":"https:\/\/jackpotlotteryonline.com\/pl\/wp-json\/wp\/v2\/users\/7"}],"replies":[{"embeddable":true,"href":"https:\/\/jackpotlotteryonline.com\/pl\/wp-json\/wp\/v2\/comments?post=77699"}],"version-history":[{"count":1,"href":"https:\/\/jackpotlotteryonline.com\/pl\/wp-json\/wp\/v2\/pages\/77699\/revisions"}],"predecessor-version":[{"id":77700,"href":"https:\/\/jackpotlotteryonline.com\/pl\/wp-json\/wp\/v2\/pages\/77699\/revisions\/77700"}],"up":[{"embeddable":true,"href":"https:\/\/jackpotlotteryonline.com\/pl\/wp-json\/wp\/v2\/pages\/35844"}],"wp:attachment":[{"href":"https:\/\/jackpotlotteryonline.com\/pl\/wp-json\/wp\/v2\/media?parent=77699"}],"curies":[{"name":"wp","href":"https:\/\/api.w.org\/{rel}","templated":true}]}}