{"id":77766,"date":"2025-03-22T08:56:33","date_gmt":"2025-03-22T08:56:33","guid":{"rendered":"https:\/\/jackpotlotteryonline.com\/?page_id=77766"},"modified":"2025-03-22T08:56:33","modified_gmt":"2025-03-22T08:56:33","slug":"dowiedz-sie-jak-grac-w-loterie-new-york-lottery-spoza-usa","status":"publish","type":"page","link":"https:\/\/jackpotlotteryonline.com\/pl\/dowiedz-sie-jak-grac-w-loterie-new-york-lottery-spoza-usa\/","title":{"rendered":"Dowiedz si\u0119, jak gra\u0107 w loteri\u0119 New York Lottery spoza USA"},"content":{"rendered":"<p>Wi\u0119c chcesz gra\u0107 w loteri\u0119 New York Lottery, nawet je\u015bli jeste\u015b na drugim ko\u0144cu \u015bwiata? Te nowojorskie jackpoty s\u0105 tak ogromne. To nie \u017cart. Ludzie z ca\u0142ego \u015bwiata marz\u0105 o wygranej. Okej, wyobra\u017a sobie: loteria New York Lottery, prawda? Du\u017ce nagrody, zmieniaj\u0105ce \u017cycie wygrane. Ale nie przesiadujesz dok\u0142adnie na Times Square. Bez problemu! Dzi\u0119ki Jackpotlotteryonline; gdzie mo\u017cesz kupi\u0107 losy na loteri\u0119 New York Lottery poza USA, mo\u017cesz w pe\u0142ni w\u0142\u0105czy\u0107 si\u0119 do gry, gdziekolwiek jeste\u015b.<\/p>\n<h2>Czy mo\u017cna gra\u0107 w loteri\u0119 New York Lottery spoza USA<img loading=\"lazy\" decoding=\"async\" class=\" wp-image-28535 alignright\" src=\"http:\/\/jackpotlotteryonline.com\/wp-content\/uploads\/2022\/11\/1_online_lottery_success-300x213.jpg\" alt=\"Jak gra\u0107 w loteri\u0119 New York Lottery spoza USA\" width=\"220\" height=\"156\" srcset=\"https:\/\/jackpotlotteryonline.com\/wp-content\/uploads\/2022\/11\/1_online_lottery_success-300x213.jpg 300w, https:\/\/jackpotlotteryonline.com\/wp-content\/uploads\/2022\/11\/1_online_lottery_success.jpg 320w\" sizes=\"auto, (max-width: 220px) 100vw, 220px\" \/><\/h2>\n<p>Tak, i nie musisz by\u0107 w Nowym Jorku, ani nawet w USA. Nasza platforma pozwala Ci zdoby\u0107 bilety i do\u0142\u0105czy\u0107 do zabawy, tak jak kto\u015b kupuje bilet w sklepie osiedlowym. Masz tak\u0105 sam\u0105 szans\u0119 na trafienie tej kumulacji.<\/p>\n<h3>Jak gra\u0107 w loteri\u0119 New York Lottery spoza Stan\u00f3w Zjednoczonych<\/h3>\n<p>To super\u0142atwe z Jackpotlotteryonline:<\/p>\n<ul>\n<li>Za\u0142\u00f3\u017c konto: Zarejestruj si\u0119, podaj swoje dane i udowodnij, \u017ce jeste\u015b sob\u0105. Zachowaj swoje bilety i got\u00f3wk\u0119 w bezpiecznym miejscu.<\/li>\n<li>Zacznij od znalezienia sekcji Lottery, a nast\u0119pnie wybierz gr\u0119 New York Lotto.<\/li>\n<li>Wybierz swoje szcz\u0119\u015bliwe liczby: Wybierz sze\u015b\u0107 liczb (1-59) lub naci\u015bnij przycisk \u201eszybkiego wyboru\u201d.<\/li>\n<li>Kup sw\u00f3j bilet: Zap\u0142a\u0107 dowoln\u0105 kwot\u0105, a my wy\u015blemy Ci skan Twojego oficjalnego biletu.<\/li>\n<li>Poczekaj na losowanie: Losowania odbywaj\u0105 si\u0119 w \u015brody i soboty wieczorem. Sprawd\u017a wyniki na tej platformie.<\/li>\n<\/ul>\n<h3>Po co w og\u00f3le gra\u0107 online?<\/h3>\n<ul>\n<li>\u0141atwe: Graj z kanapy, nie musisz podr\u00f3\u017cowa\u0107.<\/li>\n<li>Szybkie bilety: Kup je szybko, bez kolejek.<\/li>\n<li>\u017badnych zgubionych bilet\u00f3w: Twoje bilety s\u0105 dost\u0119pne online, bezpieczne i zdrowe.<\/li>\n<li>Wygra\u0142e\u015b!: Powiadomimy Ci\u0119 o tym od razu, a ma\u0142e wygrane trafi\u0105 prosto na Twoje konto. Bezpieczna got\u00f3wka: Upewniamy si\u0119, \u017ce otrzymasz swoje wygrane, bez \u017cadnych sztuczek.<\/li>\n<\/ul>\n<p><strong>Odbieranie got\u00f3wki po wygranej:<\/strong><\/p>\n<ul>\n<li>Ma\u0142e wygrane: Wp\u0142acimy je prosto na Twoje konto.<\/li>\n<li>Du\u017ce wygrane: Pomo\u017cemy Ci je zdoby\u0107, mo\u017ce nawet osobi\u015bcie.<\/li>\n<li>Ca\u0142kowicie bezpieczne: Twoje wygrane s\u0105 zabezpieczone.<\/li>\n<\/ul>\n<p><strong>Gotowy, aby spr\u00f3bowa\u0107 szcz\u0119\u015bcia?<\/strong><br \/>\nGra w New York Lottery na ca\u0142ym \u015bwiecie jest teraz niezwykle \u0142atwa. Jackpotlotteryonline przenosi emocje zwi\u0105zane z New York Lottery do Ciebie, bez wzgl\u0119du na to, gdzie jeste\u015b. Wybieranie numer\u00f3w jest proste, niezale\u017cnie od tego, czy wybierzesz je samodzielnie, czy skorzystasz z Quick Pick, i zawsze jest bezpieczne i \u0142atwe. Teraz, gdy mo\u017cesz gra\u0107 w New York Lottery poza USA, zarejestruj si\u0119 lub zaloguj si\u0119 na naszej platformie, je\u015bli masz ju\u017c u nas konto i do\u0142\u0105cz do zabawy. Kto wie, mo\u017ce wygrasz du\u017co! Twoje marzenie o jackpotcie mo\u017ce by\u0107 zaledwie kilka klikni\u0119\u0107 dalej.<\/p>\n","protected":false},"excerpt":{"rendered":"<p>Wi\u0119c chcesz gra\u0107 w loteri\u0119 New York Lottery, nawet je\u015bli jeste\u015b na drugim ko\u0144cu \u015bwiata? Te nowojorskie jackpoty s\u0105 tak ogromne. To nie \u017cart. Ludzie z ca\u0142ego \u015bwiata marz\u0105 o wygranej. Okej, wyobra\u017a sobie: loteria New York Lottery, prawda? Du\u017ce nagrody, zmieniaj\u0105ce \u017cycie wygrane. Ale nie przesiadujesz dok\u0142adnie na Times Square. Bez problemu! Dzi\u0119ki Jackpotlotteryonline; [&hellip;]<\/p>\n","protected":false},"author":7,"featured_media":0,"parent":0,"menu_order":0,"comment_status":"closed","ping_status":"closed","template":"","meta":{"_et_pb_use_builder":"","_et_pb_old_content":"","_et_gb_content_width":"","exclude_from_search":false,"footnotes":""},"class_list":["post-77766","page","type-page","status-publish","hentry"],"yoast_head":"<!-- This site is optimized with the Yoast SEO plugin v23.3 - https:\/\/yoast.com\/wordpress\/plugins\/seo\/ -->\n<title>Jak gra\u0107 w loteri\u0119 New York Lottery spoza USA<\/title>\n<meta name=\"description\" content=\"Dowiedz si\u0119, jak gra\u0107 w loteri\u0119 New York Lottery spoza USA. Odkryj opcje online i jak odebra\u0107 nagrody z dowolnego miejsca\" \/>\n<meta name=\"robots\" content=\"index, follow, max-snippet:-1, max-image-preview:large, max-video-preview:-1\" \/>\n<link rel=\"canonical\" href=\"https:\/\/jackpotlotteryonline.com\/find-out-how-to-play-the-new-york-lottery-from-outside-the-us\/\" \/>\n<meta property=\"og:locale\" content=\"pl_PL\" \/>\n<meta property=\"og:type\" content=\"article\" \/>\n<meta property=\"og:title\" content=\"Jak gra\u0107 w loteri\u0119 New York Lottery spoza USA\" \/>\n<meta property=\"og:description\" content=\"Dowiedz si\u0119, jak gra\u0107 w loteri\u0119 New York Lottery spoza USA. Odkryj opcje online i jak odebra\u0107 nagrody z dowolnego miejsca\" \/>\n<meta property=\"og:url\" content=\"https:\/\/jackpotlotteryonline.com\/find-out-how-to-play-the-new-york-lottery-from-outside-the-us\/\" \/>\n<meta property=\"og:site_name\" content=\"Lotto Online - Crack The International Lottery Jackpots\" \/>\n<meta property=\"og:image\" content=\"http:\/\/jackpotlotteryonline.com\/wp-content\/uploads\/2022\/11\/1_online_lottery_success-300x213.jpg\" \/>\n<meta name=\"twitter:card\" content=\"summary_large_image\" \/>\n<!-- \/ Yoast SEO plugin. -->","yoast_head_json":{"title":"Jak gra\u0107 w loteri\u0119 New York Lottery spoza USA","description":"Dowiedz si\u0119, jak gra\u0107 w loteri\u0119 New York Lottery spoza USA. Odkryj opcje online i jak odebra\u0107 nagrody z dowolnego miejsca","robots":{"index":"index","follow":"follow","max-snippet":"max-snippet:-1","max-image-preview":"max-image-preview:large","max-video-preview":"max-video-preview:-1"},"canonical":"https:\/\/jackpotlotteryonline.com\/find-out-how-to-play-the-new-york-lottery-from-outside-the-us\/","og_locale":"pl_PL","og_type":"article","og_title":"Jak gra\u0107 w loteri\u0119 New York Lottery spoza USA","og_description":"Dowiedz si\u0119, jak gra\u0107 w loteri\u0119 New York Lottery spoza USA. Odkryj opcje online i jak odebra\u0107 nagrody z dowolnego miejsca","og_url":"https:\/\/jackpotlotteryonline.com\/find-out-how-to-play-the-new-york-lottery-from-outside-the-us\/","og_site_name":"Lotto Online - Crack The International Lottery Jackpots","og_image":[{"url":"http:\/\/jackpotlotteryonline.com\/wp-content\/uploads\/2022\/11\/1_online_lottery_success-300x213.jpg"}],"twitter_card":"summary_large_image","schema":{"@context":"https:\/\/schema.org","@graph":[{"@type":"WebPage","@id":"https:\/\/jackpotlotteryonline.com\/find-out-how-to-play-the-new-york-lottery-from-outside-the-us\/","url":"https:\/\/jackpotlotteryonline.com\/find-out-how-to-play-the-new-york-lottery-from-outside-the-us\/","name":"Jak gra\u0107 w loteri\u0119 New York Lottery spoza USA","isPartOf":{"@id":"https:\/\/jackpotlotteryonline.com\/#website"},"primaryImageOfPage":{"@id":"https:\/\/jackpotlotteryonline.com\/find-out-how-to-play-the-new-york-lottery-from-outside-the-us\/#primaryimage"},"image":{"@id":"https:\/\/jackpotlotteryonline.com\/find-out-how-to-play-the-new-york-lottery-from-outside-the-us\/#primaryimage"},"thumbnailUrl":"http:\/\/jackpotlotteryonline.com\/wp-content\/uploads\/2022\/11\/1_online_lottery_success-300x213.jpg","datePublished":"2025-03-22T08:56:33+00:00","dateModified":"2025-03-22T08:56:33+00:00","description":"Dowiedz si\u0119, jak gra\u0107 w loteri\u0119 New York Lottery spoza USA. Odkryj opcje online i jak odebra\u0107 nagrody z dowolnego miejsca","breadcrumb":{"@id":"https:\/\/jackpotlotteryonline.com\/find-out-how-to-play-the-new-york-lottery-from-outside-the-us\/#breadcrumb"},"inLanguage":"pl-PL","potentialAction":[{"@type":"ReadAction","target":["https:\/\/jackpotlotteryonline.com\/find-out-how-to-play-the-new-york-lottery-from-outside-the-us\/"]}]},{"@type":"ImageObject","inLanguage":"pl-PL","@id":"https:\/\/jackpotlotteryonline.com\/find-out-how-to-play-the-new-york-lottery-from-outside-the-us\/#primaryimage","url":"http:\/\/jackpotlotteryonline.com\/wp-content\/uploads\/2022\/11\/1_online_lottery_success-300x213.jpg","contentUrl":"http:\/\/jackpotlotteryonline.com\/wp-content\/uploads\/2022\/11\/1_online_lottery_success-300x213.jpg"},{"@type":"BreadcrumbList","@id":"https:\/\/jackpotlotteryonline.com\/find-out-how-to-play-the-new-york-lottery-from-outside-the-us\/#breadcrumb","itemListElement":[{"@type":"ListItem","position":1,"name":"Home","item":"https:\/\/jackpotlotteryonline.com\/pl\/"},{"@type":"ListItem","position":2,"name":"Dowiedz si\u0119, jak gra\u0107 w loteri\u0119 New York Lottery spoza USA"}]},{"@type":"WebSite","@id":"https:\/\/jackpotlotteryonline.com\/#website","url":"https:\/\/jackpotlotteryonline.com\/","name":"Lotto Online - Crack The International Lottery Jackpots","description":"","potentialAction":[{"@type":"SearchAction","target":{"@type":"EntryPoint","urlTemplate":"https:\/\/jackpotlotteryonline.com\/?s={search_term_string}"},"query-input":"required name=search_term_string"}],"inLanguage":"pl-PL"}]}},"_links":{"self":[{"href":"https:\/\/jackpotlotteryonline.com\/pl\/wp-json\/wp\/v2\/pages\/77766","targetHints":{"allow":["GET"]}}],"collection":[{"href":"https:\/\/jackpotlotteryonline.com\/pl\/wp-json\/wp\/v2\/pages"}],"about":[{"href":"https:\/\/jackpotlotteryonline.com\/pl\/wp-json\/wp\/v2\/types\/page"}],"author":[{"embeddable":true,"href":"https:\/\/jackpotlotteryonline.com\/pl\/wp-json\/wp\/v2\/users\/7"}],"replies":[{"embeddable":true,"href":"https:\/\/jackpotlotteryonline.com\/pl\/wp-json\/wp\/v2\/comments?post=77766"}],"version-history":[{"count":1,"href":"https:\/\/jackpotlotteryonline.com\/pl\/wp-json\/wp\/v2\/pages\/77766\/revisions"}],"predecessor-version":[{"id":77767,"href":"https:\/\/jackpotlotteryonline.com\/pl\/wp-json\/wp\/v2\/pages\/77766\/revisions\/77767"}],"wp:attachment":[{"href":"https:\/\/jackpotlotteryonline.com\/pl\/wp-json\/wp\/v2\/media?parent=77766"}],"curies":[{"name":"wp","href":"https:\/\/api.w.org\/{rel}","templated":true}]}}