{"id":31970,"date":"2022-11-01T09:23:15","date_gmt":"2022-11-01T09:23:15","guid":{"rendered":"https:\/\/jackpotlotteryonline.com\/?page_id=31970"},"modified":"2023-01-06T11:48:54","modified_gmt":"2023-01-06T11:48:54","slug":"home","status":"publish","type":"page","link":"https:\/\/jackpotlotteryonline.com\/pt-pt\/","title":{"rendered":"Home"},"content":{"rendered":"<h2>Jogue a lotaria online e melhore as suas hip\u00f3teses<\/h2>\n<p>Mostramos-lhe as formas de<a href=\"https:\/\/jackpotlotteryonline.com\/pt-pt\/como-jogar\"> jogar facilmente o loto online<\/a> &#8211; para TODOS esses enormes Jackpots, para lotarias n\u00e3o s\u00f3 no seu pr\u00f3prio pa\u00eds, mas em qualquer parte do mundo. A sua lotaria nacional n\u00e3o tem lotarias atractivas? J\u00e1 n\u00e3o \u00e9 um problema, basta ir para os pr\u00e9mios realmente grandes. N\u00e3o desperdice o seu dinheiro em pequenos pr\u00e9mios &#8211; h\u00e1 lotarias por a\u00ed com enormes jackpots.<\/p>\n<p><strong>Verifique os banners no nosso website para ver os maiores jackpots em que pode jogar neste momento.<\/strong><br \/>\n<img loading=\"lazy\" decoding=\"async\" class=\"size-full wp-image-18302 alignright\" src=\"https:\/\/jackpotlotteryonline.com\/wp-content\/uploads\/2022\/10\/ticket_balls.jpg\" alt=\"jogar lotaria online\" width=\"297\" height=\"101\" \/><\/p>\n<p>Todos esses grandes jackpots est\u00e3o agora facilmente dispon\u00edveis, n\u00e3o importa onde vive. Basta clicar num dos links para jogar na lotaria online e inscrever-se na RedFoxLotto, onde pode comprar um bilhete atrav\u00e9s da Internet para cada um desses enormes jackpots! A RedFoxLotto permite-lhe comprar um bilhete para qualquer um dos maiores jackpots do mundo, independentemente do local onde vive. Eles comprar\u00e3o o seu bilhete de forma fi\u00e1vel e garantir\u00e3o que receber\u00e1 os seus pr\u00e9mios.<\/p>\n<h2>Ter acesso a lotarias internacionais<\/h2>\n<p>No nosso website, damos-lhe informa\u00e7\u00e3o detalhada sobre todas as grandes lotarias do mundo, como jogar online, como pagar, como obter os seus ganhos, e o que tem de fazer se decifrar o Jackpot. Basta ler os artigos sobre como participar e as revis\u00f5es da lotaria neste site (consulte o menu superior), e pode escolher facilmente o evento certo para si.<\/p>\n<h2>\u00c9 f\u00e1cil de jogar online<\/h2>\n<p>Quer queira jogar no Jackpot Powerball dos EUA, no Jackpot EuroMillions, no El Gordo espanhol, na SuperEnaLotto italiana ou em qualquer outra lotaria, pode <a href=\"https:\/\/jackpotlotteryonline.com\/pt-pt\/comprar-tickets\">comprar todos os seus bilhetes num s\u00f3 lugar<\/a> &#8211; aqui mesmo no nosso website<\/p>\n<p>Com a nossa ajuda, j\u00e1 n\u00e3o est\u00e1 restrito \u00e0 sua lotaria nacional &#8211; tem agora a possibilidade de jogar na lotaria online para qualquer evento que queira, atrav\u00e9s da Internet. Desta forma, pode escolher o jackpot que \u00e9 o mais alto neste momento, aumentando assim as suas hip\u00f3teses de ganhar em grande. Ou ent\u00e3o, escolha a lotaria que vai ser sorteada a seguir &#8211; assim n\u00e3o ter\u00e1 de esperar para sempre para saber se ganhou! \u00c9 t\u00e3o f\u00e1cil como pode ser, desde escolher um jackpot da lotaria at\u00e9 escolher os seus n\u00fameros e pagar.<\/p>\n<section class=\"layout\" style=\"border: solid 1px; width: 100%;\">\n<div class=\"img-div\" style=\"margin-top: 5px;\"><img decoding=\"async\" class=\"wp-image-17212 alignleft\" style=\"height: 45px; margin: 8px 8px 0px;\" src=\"https:\/\/jackpotlotteryonline.com\/wp-content\/uploads\/2022\/11\/read1.jpg\" alt=\"ler\" width=\"\" height=\"\" \/><\/div>\n<div style=\"padding-left: 5px;\">\n<div style=\"font-size: 1.1em;\">\n<p><strong>\u00c9 legal jogar lotarias de outros pa\u00edses online?<\/strong><\/p>\n<p style=\"font-size: 0.85em; margin-top: -1.5em;\">\u00c9 legal obter um bilhete de lotaria online, e serei realmente pago?\u00a0<a href=\"https:\/\/jackpotlotteryonline.com\/pt-pt\/e-legal-jogar-lotarias-de-outros-paises-online\"> leia mais<\/a><\/p>\n<\/div>\n<\/div>\n<\/section>\n<h2>Servi\u00e7o de Bilhetes Online<\/h2>\n<p><strong>Aqui est\u00e1 como funciona:<\/strong> Oferecemos um servi\u00e7o de courier para bilhetes de lotaria internacional. Escolhe a lotaria que quer jogar online, clicando num dos banners acima. Em seguida, escolhe os seus n\u00fameros online. Se preferir que os seus n\u00fameros de lotaria sejam escolhidos por um gerador de n\u00fameros aleat\u00f3rios, tamb\u00e9m o pode fazer. Assim que tiver decidido sobre os seus n\u00fameros, inscreva-se numa conta e escolha um m\u00e9todo para pagar o seu bilhete de lotaria. H\u00e1 v\u00e1rios m\u00e9todos de pagamento seguros dispon\u00edveis.<\/p>\n<p>Os nossos agentes compram ent\u00e3o o bilhete para si e enviam-lhe um e-mail de confirma\u00e7\u00e3o como prova da sua compra. Uma c\u00f3pia digitalizada do seu bilhete de lotaria ser\u00e1 mostrada na sua conta pouco depois da sua compra.<\/p>\n<h2>Vantagens de jogar em lotarias internacionais online<\/h2>\n<ul>\n<li>Mais escolha &#8211; em vez de ser for\u00e7ado a jogar na sua lotaria local, por muito grande que seja o actual jackpot, pode escolher entre v\u00e1rias lotarias<\/li>\n<li>Melhor rela\u00e7\u00e3o qualidade\/pre\u00e7o &#8211; em vez de, por exemplo, pagar 2 euros por um bilhete que pode ganhar 1 milh\u00e3o de euros, pode jogar por um Mega-Jackpot de 100 milh\u00f5es de euros ou muito mais. Mesmo que pague um pre\u00e7o mais elevado por bilhete por essa lotaria maior, matematicamente o seu dinheiro seria melhor gasto a jogar para a recompensa maior.<\/li>\n<li>Conveni\u00eancia &#8211; j\u00e1 n\u00e3o precisa de sair de casa para obter um bilhete. Pode comprar o seu bilhete em casa, ou utilizar o seu telem\u00f3vel para jogar na lotaria.<\/li>\n<li>Seguran\u00e7a &#8211; um bilhete de lotaria on-line n\u00e3o pode ser perdido, como um bilhete de lotaria f\u00edsica. Os seus bilhetes de lotaria s\u00e3o guardados em seguran\u00e7a na sua conta online.<\/li>\n<\/ul>\n<h2>Quando se realizam os sorteios de todas essas lotarias?<\/h2>\n<p>Verifique a imagem abaixo. Mostra-lhe uma vis\u00e3o geral dos dias da semana para os sorteios das maiores lotarias.<br \/>\n<img loading=\"lazy\" decoding=\"async\" class=\"wp-image-17843 aligncenter\" src=\"https:\/\/jackpotlotteryonline.com\/wp-content\/uploads\/2022\/10\/Lotto-draw-calendar-UTC-300x50.jpg\" alt=\"tempos de sorteio da lotaria\" width=\"684\" height=\"114\" srcset=\"https:\/\/jackpotlotteryonline.com\/wp-content\/uploads\/2022\/10\/Lotto-draw-calendar-UTC-300x50.jpg 300w, https:\/\/jackpotlotteryonline.com\/wp-content\/uploads\/2022\/10\/Lotto-draw-calendar-UTC-600x101.jpg 600w, https:\/\/jackpotlotteryonline.com\/wp-content\/uploads\/2022\/10\/Lotto-draw-calendar-UTC-1024x172.jpg 1024w, https:\/\/jackpotlotteryonline.com\/wp-content\/uploads\/2022\/10\/Lotto-draw-calendar-UTC-768x129.jpg 768w, https:\/\/jackpotlotteryonline.com\/wp-content\/uploads\/2022\/10\/Lotto-draw-calendar-UTC.jpg 1287w\" sizes=\"auto, (max-width: 684px) 100vw, 684px\" \/><\/p>\n<h2>E se ganhar um pr\u00e9mio de lotaria?<\/h2>\n<p>Se ganhar, enviar-lhe-emos uma notifica\u00e7\u00e3o por e-mail sobre o seu pr\u00e9mio. Nunca poder\u00e1 perder um pr\u00e9mio, ou perder o seu bilhete. Processaremos o seu pedido reencaminhando o seu pedido de pagamento para a empresa lot\u00e9rica, que lhe emitir\u00e1 ent\u00e3o um cheque, ou transferir\u00e1 o pr\u00e9mio para a sua conta banc\u00e1ria. Se ganhar um grande jackpot, poder\u00e1, em alguns casos, ser-lhe solicitado que compare\u00e7a pessoalmente na sede da lotaria. N\u00e3o \u00e9 um problema, certo?<\/p>\n<p>Ganhos menores at\u00e9 2500 euros ser\u00e3o imediatamente adicionados \u00e0 sua conta de jogador, e poder\u00e1 retir\u00e1-los ou utilizar os fundos para comprar mais bilhetes de lotaria.<\/p>\n<p><strong>\u00c9 assim que funciona. Est\u00e1 pronto para ganhar em grande? Adquira os seus bilhetes hoje mesmo!<\/strong><\/p>\n","protected":false},"excerpt":{"rendered":"<p>Jogue a lotaria online e melhore as suas hip\u00f3teses Mostramos-lhe as formas de jogar facilmente o loto online &#8211; para TODOS esses enormes Jackpots, para lotarias n\u00e3o s\u00f3 no seu pr\u00f3prio pa\u00eds, mas em qualquer parte do mundo. A sua lotaria nacional n\u00e3o tem lotarias atractivas? J\u00e1 n\u00e3o \u00e9 um problema, basta ir para os [&hellip;]<\/p>\n","protected":false},"author":1,"featured_media":0,"parent":0,"menu_order":1,"comment_status":"closed","ping_status":"closed","template":"lotto.php","meta":{"_et_pb_use_builder":"","_et_pb_old_content":"","_et_gb_content_width":"","exclude_from_search":false,"footnotes":""},"class_list":["post-31970","page","type-page","status-publish","hentry"],"yoast_head":"<!-- This site is optimized with the Yoast SEO plugin v23.3 - https:\/\/yoast.com\/wordpress\/plugins\/seo\/ -->\n<title>Jogar Lotto Online - Crack The International Lottery Jackpots!<\/title>\n<meta name=\"description\" content=\"Obtenha o seu bilhete para jackpots de lotaria em todo o mundo - jogue-os todos online e ganhe Milh\u00f5es\" \/>\n<meta name=\"robots\" content=\"index, follow, max-snippet:-1, max-image-preview:large, max-video-preview:-1\" \/>\n<link rel=\"canonical\" href=\"https:\/\/jackpotlotteryonline.com\/pt-pt\/\" \/>\n<meta property=\"og:locale\" content=\"pt_PT\" \/>\n<meta property=\"og:type\" content=\"article\" \/>\n<meta property=\"og:title\" content=\"Jogar Lotto Online - Crack The International Lottery Jackpots!\" \/>\n<meta property=\"og:description\" content=\"Obtenha o seu bilhete para jackpots de lotaria em todo o mundo - jogue-os todos online e ganhe Milh\u00f5es\" \/>\n<meta property=\"og:url\" content=\"https:\/\/jackpotlotteryonline.com\/pt-pt\/\" \/>\n<meta property=\"og:site_name\" content=\"Lotto Online - Crack The International Lottery Jackpots\" \/>\n<meta property=\"article:modified_time\" content=\"2023-01-06T11:48:54+00:00\" \/>\n<meta property=\"og:image\" content=\"https:\/\/jackpotlotteryonline.com\/wp-content\/uploads\/2022\/10\/ticket_balls.jpg\" \/>\n<meta name=\"twitter:card\" content=\"summary_large_image\" \/>\n<meta name=\"twitter:label1\" content=\"Tempo estimado de leitura\" \/>\n\t<meta name=\"twitter:data1\" content=\"4 minutos\" \/>\n<!-- \/ Yoast SEO plugin. -->","yoast_head_json":{"title":"Jogar Lotto Online - Crack The International Lottery Jackpots!","description":"Obtenha o seu bilhete para jackpots de lotaria em todo o mundo - jogue-os todos online e ganhe Milh\u00f5es","robots":{"index":"index","follow":"follow","max-snippet":"max-snippet:-1","max-image-preview":"max-image-preview:large","max-video-preview":"max-video-preview:-1"},"canonical":"https:\/\/jackpotlotteryonline.com\/pt-pt\/","og_locale":"pt_PT","og_type":"article","og_title":"Jogar Lotto Online - Crack The International Lottery Jackpots!","og_description":"Obtenha o seu bilhete para jackpots de lotaria em todo o mundo - jogue-os todos online e ganhe Milh\u00f5es","og_url":"https:\/\/jackpotlotteryonline.com\/pt-pt\/","og_site_name":"Lotto Online - Crack The International Lottery Jackpots","article_modified_time":"2023-01-06T11:48:54+00:00","og_image":[{"url":"https:\/\/jackpotlotteryonline.com\/wp-content\/uploads\/2022\/10\/ticket_balls.jpg"}],"twitter_card":"summary_large_image","twitter_misc":{"Tempo estimado de leitura":"4 minutos"},"schema":{"@context":"https:\/\/schema.org","@graph":[{"@type":"WebPage","@id":"https:\/\/jackpotlotteryonline.com\/pt-pt\/","url":"https:\/\/jackpotlotteryonline.com\/pt-pt\/","name":"Jogar Lotto Online - Crack The International Lottery Jackpots!","isPartOf":{"@id":"https:\/\/jackpotlotteryonline.com\/#website"},"primaryImageOfPage":{"@id":"https:\/\/jackpotlotteryonline.com\/pt-pt\/#primaryimage"},"image":{"@id":"https:\/\/jackpotlotteryonline.com\/pt-pt\/#primaryimage"},"thumbnailUrl":"https:\/\/jackpotlotteryonline.com\/wp-content\/uploads\/2022\/10\/ticket_balls.jpg","datePublished":"2022-11-01T09:23:15+00:00","dateModified":"2023-01-06T11:48:54+00:00","description":"Obtenha o seu bilhete para jackpots de lotaria em todo o mundo - jogue-os todos online e ganhe Milh\u00f5es","breadcrumb":{"@id":"https:\/\/jackpotlotteryonline.com\/pt-pt\/#breadcrumb"},"inLanguage":"pt-PT","potentialAction":[{"@type":"ReadAction","target":["https:\/\/jackpotlotteryonline.com\/pt-pt\/"]}]},{"@type":"ImageObject","inLanguage":"pt-PT","@id":"https:\/\/jackpotlotteryonline.com\/pt-pt\/#primaryimage","url":"https:\/\/jackpotlotteryonline.com\/wp-content\/uploads\/2022\/10\/ticket_balls.jpg","contentUrl":"https:\/\/jackpotlotteryonline.com\/wp-content\/uploads\/2022\/10\/ticket_balls.jpg"},{"@type":"BreadcrumbList","@id":"https:\/\/jackpotlotteryonline.com\/pt-pt\/#breadcrumb","itemListElement":[{"@type":"ListItem","position":1,"name":"Home","item":"https:\/\/jackpotlotteryonline.com\/pt-pt\/"},{"@type":"ListItem","position":2,"name":"Home"}]},{"@type":"WebSite","@id":"https:\/\/jackpotlotteryonline.com\/#website","url":"https:\/\/jackpotlotteryonline.com\/","name":"Lotto Online - Crack The International Lottery Jackpots","description":"","potentialAction":[{"@type":"SearchAction","target":{"@type":"EntryPoint","urlTemplate":"https:\/\/jackpotlotteryonline.com\/?s={search_term_string}"},"query-input":"required name=search_term_string"}],"inLanguage":"pt-PT"}]}},"_links":{"self":[{"href":"https:\/\/jackpotlotteryonline.com\/pt-pt\/wp-json\/wp\/v2\/pages\/31970","targetHints":{"allow":["GET"]}}],"collection":[{"href":"https:\/\/jackpotlotteryonline.com\/pt-pt\/wp-json\/wp\/v2\/pages"}],"about":[{"href":"https:\/\/jackpotlotteryonline.com\/pt-pt\/wp-json\/wp\/v2\/types\/page"}],"author":[{"embeddable":true,"href":"https:\/\/jackpotlotteryonline.com\/pt-pt\/wp-json\/wp\/v2\/users\/1"}],"replies":[{"embeddable":true,"href":"https:\/\/jackpotlotteryonline.com\/pt-pt\/wp-json\/wp\/v2\/comments?post=31970"}],"version-history":[{"count":0,"href":"https:\/\/jackpotlotteryonline.com\/pt-pt\/wp-json\/wp\/v2\/pages\/31970\/revisions"}],"wp:attachment":[{"href":"https:\/\/jackpotlotteryonline.com\/pt-pt\/wp-json\/wp\/v2\/media?parent=31970"}],"curies":[{"name":"wp","href":"https:\/\/api.w.org\/{rel}","templated":true}]}}