{"id":35712,"date":"2022-11-01T10:53:28","date_gmt":"2022-11-01T10:53:28","guid":{"rendered":"https:\/\/jackpotlotteryonline.com\/?page_id=35712"},"modified":"2022-12-19T07:48:24","modified_gmt":"2022-12-19T07:48:24","slug":"como-jogar","status":"publish","type":"page","link":"https:\/\/jackpotlotteryonline.com\/pt-pt\/como-jogar\/","title":{"rendered":"Como jogar"},"content":{"rendered":"<h2>Eventos e jogos de lotaria online<\/h2>\n<p>Quer entrar com uma hip\u00f3tese de ser milion\u00e1rio? Se sim, ent\u00e3o junte-se aos milh\u00f5es de pessoas em todo o mundo e comece a jogar na lotaria online. Independentemente da sua localiza\u00e7\u00e3o, seja nos Estados Unidos, Reino Unido, Austr\u00e1lia ou Nova Zel\u00e2ndia, existem muitos tipos diferentes de jogos de lotaria internacional jog\u00e1veis online, todos eles com grandes jackpots para que tenha a possibilidade de ganhar.<br \/>\n<img loading=\"lazy\" decoding=\"async\" class=\"size-full wp-image-17816 alignright\" src=\"http:\/\/jackpotlotteryonline.com\/wp-content\/uploads\/2022\/10\/lotteryticket.jpg\" alt=\"jogar na lotaria online\" width=\"212\" height=\"142\" \/><\/p>\n<p>Come\u00e7ar a jogar o loto online \u00e9 muito simples. Uma das primeiras coisas que precisa de fazer \u00e9 visitar o nosso website e navegar nas diferentes lotarias dispon\u00edveis. Pode faz\u00ea-lo facilmente escolhendo uma ou v\u00e1rias das lotarias listadas, algumas das quais incluem a lotaria El Gordo, a Lotaria Nacional do Reino Unido, a Thunderball Lotto, a New York Lottery, e muitas mais.<\/p>\n<p>\u00c9 dentro de cada tipo de lotaria que poder\u00e1 descobrir tudo o que precisa de saber. Depois poder\u00e1 utilizar o nosso servi\u00e7o para <a href=\"https:\/\/jackpotlotteryonline.com\/pt-pt\/comprar-tickets\">comprar um bilhete online<\/a>.<\/p>\n<p>A partir da descri\u00e7\u00e3o de cada lotaria, encontrar\u00e1 detalhes tais como qual \u00e9 actualmente o jackpot, em que come\u00e7a depois de ter sido ganho, bem como quantos n\u00fameros precisa de igualar para ganhar o jackpot, e quais s\u00e3o os outros n\u00edveis de pr\u00e9mios. Poder\u00e1 tamb\u00e9m encontrar informa\u00e7\u00f5es como a idade necess\u00e1ria para poder jogar online para cada tipo de jogo, bem como os dias e horas em que se realizam os sorteios.<\/p>\n<section class=\"layout\" style=\"border: solid 1px; width: 100%;\">\n<div class=\"img-div\" style=\"margin-top: 5px;\"><img decoding=\"async\" class=\"wp-image-17212 alignleft\" style=\"height: 45px; margin: 8px 8px 0px;\" src=\"http:\/\/jackpotlotteryonline.com\/wp-content\/uploads\/2022\/11\/read1.jpg\" alt=\"como jogar\" width=\"\" height=\"\" \/><\/div>\n<div style=\"padding-left: 5px;\">\n<div style=\"font-size: 1.1em;\">\n<p><strong>Alguns truques e dicas para escolher os seus n\u00fameros<\/strong><\/p>\n<p style=\"font-size: 0.85em; margin-top: -1.5em;\">Aumente as suas hip\u00f3teses de ganhar &#8211; use alguma estrat\u00e9gia para escolher os seus n\u00fameros<a href=\"https:\/\/jackpotlotteryonline.com\/pt-pt\/a-few-tricks-and-tips-for-choosing-your-numbers\">Leia mais<\/a><\/p>\n<\/div>\n<\/div>\n<\/section>\n<h2>Lotaria internacional<\/h2>\n<p>Para maximizar as suas hip\u00f3teses de ganhar o maior jackpot poss\u00edvel, encontrar\u00e1 o que s\u00e3o os jackpots actuais. Isto significa que escolhe estrategicamente quais os jogos de lotaria a jogar online, e escolhe aqueles com os jackpots mais elevados dispon\u00edveis.<\/p>\n<p>Poder\u00e1 tamb\u00e9m jogar v\u00e1rios jogos de lotaria online. Isto significa que n\u00e3o ter\u00e1 apenas de colocar um bilhete num \u00fanico tipo de lotaria, mas poder\u00e1 jogar em diferentes tipos, se desejar ao mesmo tempo. Por exemplo, pode jogar numa lotaria com sede nos EUA e no Reino Unido ao mesmo tempo, se desejar, o que aumentar\u00e1 grandemente as suas hip\u00f3teses de ganhar um pr\u00e9mio em dinheiro.<br \/>\n<img loading=\"lazy\" decoding=\"async\" class=\"alignright size-full wp-image-18329\" src=\"http:\/\/jackpotlotteryonline.com\/wp-content\/uploads\/2022\/10\/ticket_numbers_pick.jpg\" alt=\"bilhete de lotaria online\" width=\"212\" height=\"142\" \/><\/p>\n<p>Para al\u00e9m de poder jogar jogos de lotaria internacional online, independentemente do local onde se encontre, tamb\u00e9m poder\u00e1 verificar os resultados dos jogos de lotaria. Todos os <a href=\"http:\/\/jackpotlotteryonline.com\/pt-pt\/numeros-vencedores\">resultados de cada jogo de lotaria,<\/a> independentemente de qual seja, ter\u00e3o os resultados actualizados online em tempo real. Isto significa que, assim que o sorteio do jogo que escolheu para jogar for realizado, os resultados estar\u00e3o dispon\u00edveis para que possa ver muito rapidamente depois.<\/p>\n<p>Al\u00e9m disso, encontrar\u00e1 detalhes de como jogar cada jogo de lotaria online. Por exemplo, nunca poder\u00e1 escolher muito poucos ou demasiados n\u00fameros &#8211; o nosso sistema de bilhetes mostrar-lhe-\u00e1 uma mensagem sempre que cometer um tal erro, e mostrar-lhe-\u00e1 como corrigi-lo.<\/p>\n<p>Portanto, mesmo que nunca tenha jogado na lotaria de um determinado pa\u00eds no passado, ter\u00e1 todos os detalhes prontamente dispon\u00edveis para jogar como se fosse um profissional!<\/p>\n","protected":false},"excerpt":{"rendered":"<p>Eventos e jogos de lotaria online Quer entrar com uma hip\u00f3tese de ser milion\u00e1rio? Se sim, ent\u00e3o junte-se aos milh\u00f5es de pessoas em todo o mundo e comece a jogar na lotaria online. Independentemente da sua localiza\u00e7\u00e3o, seja nos Estados Unidos, Reino Unido, Austr\u00e1lia ou Nova Zel\u00e2ndia, existem muitos tipos diferentes de jogos de lotaria [&hellip;]<\/p>\n","protected":false},"author":1,"featured_media":0,"parent":0,"menu_order":2,"comment_status":"closed","ping_status":"closed","template":"Play-all.php","meta":{"_et_pb_use_builder":"","_et_pb_old_content":"","_et_gb_content_width":"","exclude_from_search":false,"footnotes":""},"class_list":["post-35712","page","type-page","status-publish","hentry"],"yoast_head":"<!-- This site is optimized with the Yoast SEO plugin v23.3 - https:\/\/yoast.com\/wordpress\/plugins\/seo\/ -->\n<title>Posso participar em eventos da lotaria internacional online?<\/title>\n<meta name=\"description\" content=\"N\u00e3o \u00e9 necess\u00e1rio ser residente para participar nos jackpots da lotaria de qualquer pa\u00eds\" \/>\n<meta name=\"robots\" content=\"index, follow, max-snippet:-1, max-image-preview:large, max-video-preview:-1\" \/>\n<link rel=\"canonical\" href=\"https:\/\/jackpotlotteryonline.com\/play-online\/\" \/>\n<meta property=\"og:locale\" content=\"pt_PT\" \/>\n<meta property=\"og:type\" content=\"article\" \/>\n<meta property=\"og:title\" content=\"Posso participar em eventos da lotaria internacional online?\" \/>\n<meta property=\"og:description\" content=\"N\u00e3o \u00e9 necess\u00e1rio ser residente para participar nos jackpots da lotaria de qualquer pa\u00eds\" \/>\n<meta property=\"og:url\" content=\"https:\/\/jackpotlotteryonline.com\/play-online\/\" \/>\n<meta property=\"og:site_name\" content=\"Lotto Online - Crack The International Lottery Jackpots\" \/>\n<meta property=\"article:modified_time\" content=\"2022-12-19T07:48:24+00:00\" \/>\n<meta property=\"og:image\" content=\"http:\/\/jackpotlotteryonline.com\/wp-content\/uploads\/2022\/10\/lotteryticket.jpg\" \/>\n<meta name=\"twitter:card\" content=\"summary_large_image\" \/>\n<meta name=\"twitter:label1\" content=\"Tempo estimado de leitura\" \/>\n\t<meta name=\"twitter:data1\" content=\"3 minutos\" \/>\n<!-- \/ Yoast SEO plugin. -->","yoast_head_json":{"title":"Posso participar em eventos da lotaria internacional online?","description":"N\u00e3o \u00e9 necess\u00e1rio ser residente para participar nos jackpots da lotaria de qualquer pa\u00eds","robots":{"index":"index","follow":"follow","max-snippet":"max-snippet:-1","max-image-preview":"max-image-preview:large","max-video-preview":"max-video-preview:-1"},"canonical":"https:\/\/jackpotlotteryonline.com\/play-online\/","og_locale":"pt_PT","og_type":"article","og_title":"Posso participar em eventos da lotaria internacional online?","og_description":"N\u00e3o \u00e9 necess\u00e1rio ser residente para participar nos jackpots da lotaria de qualquer pa\u00eds","og_url":"https:\/\/jackpotlotteryonline.com\/play-online\/","og_site_name":"Lotto Online - Crack The International Lottery Jackpots","article_modified_time":"2022-12-19T07:48:24+00:00","og_image":[{"url":"http:\/\/jackpotlotteryonline.com\/wp-content\/uploads\/2022\/10\/lotteryticket.jpg"}],"twitter_card":"summary_large_image","twitter_misc":{"Tempo estimado de leitura":"3 minutos"},"schema":{"@context":"https:\/\/schema.org","@graph":[{"@type":"WebPage","@id":"https:\/\/jackpotlotteryonline.com\/play-online\/","url":"https:\/\/jackpotlotteryonline.com\/play-online\/","name":"Posso participar em eventos da lotaria internacional online?","isPartOf":{"@id":"https:\/\/jackpotlotteryonline.com\/#website"},"primaryImageOfPage":{"@id":"https:\/\/jackpotlotteryonline.com\/play-online\/#primaryimage"},"image":{"@id":"https:\/\/jackpotlotteryonline.com\/play-online\/#primaryimage"},"thumbnailUrl":"http:\/\/jackpotlotteryonline.com\/wp-content\/uploads\/2022\/10\/lotteryticket.jpg","datePublished":"2022-11-01T10:53:28+00:00","dateModified":"2022-12-19T07:48:24+00:00","description":"N\u00e3o \u00e9 necess\u00e1rio ser residente para participar nos jackpots da lotaria de qualquer pa\u00eds","breadcrumb":{"@id":"https:\/\/jackpotlotteryonline.com\/play-online\/#breadcrumb"},"inLanguage":"pt-PT","potentialAction":[{"@type":"ReadAction","target":["https:\/\/jackpotlotteryonline.com\/play-online\/"]}]},{"@type":"ImageObject","inLanguage":"pt-PT","@id":"https:\/\/jackpotlotteryonline.com\/play-online\/#primaryimage","url":"http:\/\/jackpotlotteryonline.com\/wp-content\/uploads\/2022\/10\/lotteryticket.jpg","contentUrl":"http:\/\/jackpotlotteryonline.com\/wp-content\/uploads\/2022\/10\/lotteryticket.jpg"},{"@type":"BreadcrumbList","@id":"https:\/\/jackpotlotteryonline.com\/play-online\/#breadcrumb","itemListElement":[{"@type":"ListItem","position":1,"name":"Home","item":"https:\/\/jackpotlotteryonline.com\/pt-pt\/"},{"@type":"ListItem","position":2,"name":"Como jogar"}]},{"@type":"WebSite","@id":"https:\/\/jackpotlotteryonline.com\/#website","url":"https:\/\/jackpotlotteryonline.com\/","name":"Lotto Online - Crack The International Lottery Jackpots","description":"","potentialAction":[{"@type":"SearchAction","target":{"@type":"EntryPoint","urlTemplate":"https:\/\/jackpotlotteryonline.com\/?s={search_term_string}"},"query-input":"required name=search_term_string"}],"inLanguage":"pt-PT"}]}},"_links":{"self":[{"href":"https:\/\/jackpotlotteryonline.com\/pt-pt\/wp-json\/wp\/v2\/pages\/35712","targetHints":{"allow":["GET"]}}],"collection":[{"href":"https:\/\/jackpotlotteryonline.com\/pt-pt\/wp-json\/wp\/v2\/pages"}],"about":[{"href":"https:\/\/jackpotlotteryonline.com\/pt-pt\/wp-json\/wp\/v2\/types\/page"}],"author":[{"embeddable":true,"href":"https:\/\/jackpotlotteryonline.com\/pt-pt\/wp-json\/wp\/v2\/users\/1"}],"replies":[{"embeddable":true,"href":"https:\/\/jackpotlotteryonline.com\/pt-pt\/wp-json\/wp\/v2\/comments?post=35712"}],"version-history":[{"count":0,"href":"https:\/\/jackpotlotteryonline.com\/pt-pt\/wp-json\/wp\/v2\/pages\/35712\/revisions"}],"wp:attachment":[{"href":"https:\/\/jackpotlotteryonline.com\/pt-pt\/wp-json\/wp\/v2\/media?parent=35712"}],"curies":[{"name":"wp","href":"https:\/\/api.w.org\/{rel}","templated":true}]}}