{"id":35772,"date":"2022-11-01T13:25:10","date_gmt":"2022-11-01T13:25:10","guid":{"rendered":"https:\/\/jackpotlotteryonline.com\/?page_id=35772"},"modified":"2022-12-19T11:13:19","modified_gmt":"2022-12-19T11:13:19","slug":"comprar-tickets","status":"publish","type":"page","link":"https:\/\/jackpotlotteryonline.com\/pt-pt\/comprar-tickets\/","title":{"rendered":"Como comprar bilhetes de lotaria on-line"},"content":{"rendered":"<p>A compra de bilhetes de lotaria online tornou-se extremamente popular agora. Os f\u00e3s da lotaria de todo o mundo est\u00e3o a utilizar o nosso servi\u00e7o de bilhetes de lotaria online. E h\u00e1 muitas boas raz\u00f5es para isso.<\/p>\n<p>Para alguns jogadores de lotaria, \u00e9 a \u00fanica forma de comprar bilhetes de lotaria, porque n\u00e3o h\u00e1 nenhuma lotaria dispon\u00edvel no seu pa\u00eds de resid\u00eancia. Por isso, procuram formas de ter a possibilidade de ganhar grandes quantidades de dinheiro, e para isso, procuram lotarias em outros pa\u00edses. E no nosso website, h\u00e1 muitos jackpots de lotaria \u00e0 escolha.<\/p>\n<p>Outros f\u00e3s das lotarias t\u00eam lotarias nos seus pr\u00f3prios pa\u00edses, mas essas lotarias podem n\u00e3o ser t\u00e3o atractivas para eles. Muitas vezes, essas lotarias locais t\u00eam pr\u00e9mios e jackpots mais pequenos, ou s\u00e3o jogadas apenas uma vez por semana. Assim, os jogadores procurar\u00e3o outras <a href=\"https:\/\/jackpotlotteryonline.com\/pt-pt\/como-jogar\">op\u00e7\u00f5es mais lucrativas<\/a>.<\/p>\n<h2>Pagamentos mais elevados oferecidos pelas lotarias de outros pa\u00edses<\/h2>\n<p><img loading=\"lazy\" decoding=\"async\" class=\"alignright wp-image-17212\" src=\"http:\/\/jackpotlotteryonline.com\/wp-content\/uploads\/2022\/10\/1_buy_ticket_online.jpg\" alt=\"comprar lotaria online\" width=\"272\" height=\"204\" \/><\/p>\n<p>\u00c9 um princ\u00edpio bem conhecido que faz mais sentido investir dinheiro num bilhete de lotaria quando os jackpots s\u00e3o muito altos. Afinal de contas, quando se compra o bilhete, quer-se o m\u00e1ximo valor pelo dinheiro. Isto significa que se o pre\u00e7o do bilhete for o mesmo, um pr\u00e9mio potencialmente mais elevado d\u00e1-lhe uma melhor rela\u00e7\u00e3o custo-benef\u00edcio.<\/p>\n<p>Mas mesmo que o bilhete online para a lotaria que quer jogar fosse duas vezes mais caro do que um bilhete para a sua lotaria local, na maioria das vezes, faria sentido comprar o bilhete online mais caro. Se o poss\u00edvel jackpot for mais do dobro do tamanho do seu jackpot local, ent\u00e3o as suas hip\u00f3teses de ganhar matematicamente s\u00e3o maiores com a lotaria para a qual tem de comprar um bilhete de lotaria online.<\/p>\n<h2>H\u00e1 sempre um grande jackpot algures no mundo<\/h2>\n<p>E essa \u00e9 a principal raz\u00e3o para comprar bilhetes de lotaria online. Com tantas lotarias acess\u00edveis atrav\u00e9s de um servi\u00e7o de bilhetes online, encontrar\u00e1 sempre um grande jackpot em que vale a pena investir. De facto, uma grande parte dos nossos clientes segue uma estrat\u00e9gia simples: Seja qual for a lotaria que tenha actualmente o maior jackpot, \u00e9 a lotaria para a qual compram o bilhete. Faz todo o sentido, certo?<\/p>\n<section class=\"layout\" style=\"border: solid 1px; width: 100%;\">\n<div class=\"img-div\" style=\"margin-top: 5px;\"><img decoding=\"async\" class=\"wp-image-17212 alignleft\" style=\"height: 45px; margin: 8px 8px 0px;\" src=\"http:\/\/jackpotlotteryonline.com\/wp-content\/uploads\/2022\/11\/read1.jpg\" alt=\"cuidado com as lotarias fraudulentas\" width=\"\" height=\"\" \/><\/div>\n<div style=\"padding-left: 5px;\">\n<div style=\"font-size: 1.1em;\">\n<p><strong>Os esquemas de lotaria de que deve estar ciente<\/strong><\/p>\n<p style=\"font-size: 0.85em; margin-top: -1.5em;\">N\u00e3o caia nessas armadilhas da lotaria \u00a0<a href=\"https:\/\/jackpotlotteryonline.com\/pt-pt\/cuidado-com-as-fraudes-da-lotaria-online\">leia mais<\/a><\/p>\n<\/div>\n<\/div>\n<\/section>\n<h2>\u00c9 legal comprar um bilhete online para uma dessas lotarias?<\/h2>\n<p>Sim, \u00e9. Imagine que se encontra nos EUA, e a lotaria Powerball local tem um jackpot enorme. Vai-se e compra-se um bilhete, e esse bilhete ganha. Claro, a lotaria tem de lhe pagar, mesmo que j\u00e1 n\u00e3o se encontre no pa\u00eds no <a href=\"https:\/\/jackpotlotteryonline.com\/pt-pt\/numeros-vencedores\">momento do sorteio<\/a>. Comprou legalmente um bilhete. N\u00e3o importa se vive ou n\u00e3o nos EUA. E funciona da mesma forma com todas as outras lotarias mundiais.<\/p>\n<p>A diferen\u00e7a online no nosso servi\u00e7o online \u00e9 que compramos o bilhete em seu nome. Encomenda-o online, e um dos nossos agentes locais compra um bilhete f\u00edsico para si. Eles tamb\u00e9m ir\u00e3o digitalizar o seu bilhete, e este ser\u00e1 carregado na sua conta de jogador para que possa ver que compr\u00e1mos um bilhete real para si.<br \/>\n<img loading=\"lazy\" decoding=\"async\" class=\"alignright size-medium wp-image-25854\" src=\"http:\/\/jackpotlotteryonline.com\/wp-content\/uploads\/2022\/10\/1_results_tickets_lotto-300x212.jpg\" alt=\"bilhete de lotaria\" width=\"300\" height=\"212\" srcset=\"https:\/\/jackpotlotteryonline.com\/wp-content\/uploads\/2022\/10\/1_results_tickets_lotto-300x212.jpg 300w, https:\/\/jackpotlotteryonline.com\/wp-content\/uploads\/2022\/10\/1_results_tickets_lotto.jpg 320w\" sizes=\"auto, (max-width: 300px) 100vw, 300px\" \/><\/p>\n<p>Se ganhar em grande, cabe-lhe a si decidir se quer ir para o pa\u00eds onde a lotaria est\u00e1 a ser realizada. Se quiser, pode levantar o seu bilhete connosco, e apresentar pessoalmente o bilhete vencedor \u00e0 comiss\u00e3o da lotaria. Como saber\u00e3o quem o comprou?<\/p>\n<p>Mas, na verdade, n\u00e3o t\u00eam de o fazer dessa forma. Porque parte do nosso servi\u00e7o de bilhetes de lotaria on-line \u00e9 que tamb\u00e9m podemos tratar do pagamento por si. Processamos os seus pr\u00e9mios, e a comiss\u00e3o da lotaria envia-lhe um cheque, ou eles transferem os pr\u00e9mios para a sua conta banc\u00e1ria.<\/p>\n<p>E sabia que todos os pr\u00e9mios mais pequenos (inferiores a 2500,00 euros) ser\u00e3o imediatamente creditados na sua conta de jogador no nosso website? N\u00e3o tem de fazer nada para obter esses ganhos mais pequenos. E pode pedir um levantamento a qualquer momento, e n\u00f3s levantaremos esses fundos na sua conta banc\u00e1ria, cart\u00e3o de cr\u00e9dito, ou na sua carteira de moeda criptogr\u00e1fica (se a tiver).<\/p>\n<h2>Outras vantagens de comprar os seus bilhetes de lotaria online<\/h2>\n<p>O nosso servi\u00e7o de bilhetes tem algumas outras vantagens, bastante \u00f3bvias, que s\u00e3o:<\/p>\n<ul>\n<li>N\u00e3o h\u00e1 necessidade de sair de casa para obter o seu bilhete<\/li>\n<li>Sem filas de espera no agente da lotaria ou loja (importante especialmente quando os jackpots s\u00e3o grandes!)<\/li>\n<li>O seu bilhete n\u00e3o se pode perder, uma vez que foi digitalizado e \u00e9 guardado nos nossos cofres seguros<\/li>\n<\/ul>\n<p>Ent\u00e3o, de que \u00e9 que est\u00e1 \u00e0 espera? Seleccione uma lotaria e compre hoje os seus bilhetes online &#8211; com um pouco de sorte, poder\u00e1 ser o vencedor do jackpot de amanh\u00e3!<\/p>\n","protected":false},"excerpt":{"rendered":"<p>A compra de bilhetes de lotaria online tornou-se extremamente popular agora. Os f\u00e3s da lotaria de todo o mundo est\u00e3o a utilizar o nosso servi\u00e7o de bilhetes de lotaria online. E h\u00e1 muitas boas raz\u00f5es para isso. Para alguns jogadores de lotaria, \u00e9 a \u00fanica forma de comprar bilhetes de lotaria, porque n\u00e3o h\u00e1 nenhuma [&hellip;]<\/p>\n","protected":false},"author":1,"featured_media":0,"parent":0,"menu_order":3,"comment_status":"closed","ping_status":"closed","template":"Information.php","meta":{"_et_pb_use_builder":"","_et_pb_old_content":"","_et_gb_content_width":"","exclude_from_search":false,"footnotes":""},"class_list":["post-35772","page","type-page","status-publish","hentry"],"yoast_head":"<!-- This site is optimized with the Yoast SEO plugin v23.3 - https:\/\/yoast.com\/wordpress\/plugins\/seo\/ -->\n<title>Como comprar bilhetes online para lotarias mundiais<\/title>\n<meta name=\"description\" content=\"O que procurar ao comprar online os seus bilhetes para as lotarias internacionais. Alguns servi\u00e7os de bilhetes online s\u00e3o menos recomend\u00e1veis, descubra quais\" \/>\n<meta name=\"robots\" content=\"index, follow, max-snippet:-1, max-image-preview:large, max-video-preview:-1\" \/>\n<link rel=\"canonical\" href=\"https:\/\/jackpotlotteryonline.com\/pt-pt\/comprar-tickets\/\" \/>\n<meta property=\"og:locale\" content=\"pt_PT\" \/>\n<meta property=\"og:type\" content=\"article\" \/>\n<meta property=\"og:title\" content=\"Como comprar bilhetes online para lotarias mundiais\" \/>\n<meta property=\"og:description\" content=\"O que procurar ao comprar online os seus bilhetes para as lotarias internacionais. Alguns servi\u00e7os de bilhetes online s\u00e3o menos recomend\u00e1veis, descubra quais\" \/>\n<meta property=\"og:url\" content=\"https:\/\/jackpotlotteryonline.com\/pt-pt\/comprar-tickets\/\" \/>\n<meta property=\"og:site_name\" content=\"Lotto Online - Crack The International Lottery Jackpots\" \/>\n<meta property=\"article:modified_time\" content=\"2022-12-19T11:13:19+00:00\" \/>\n<meta property=\"og:image\" content=\"http:\/\/jackpotlotteryonline.com\/wp-content\/uploads\/2022\/10\/1_buy_ticket_online.jpg\" \/>\n<meta name=\"twitter:card\" content=\"summary_large_image\" \/>\n<meta name=\"twitter:label1\" content=\"Tempo estimado de leitura\" \/>\n\t<meta name=\"twitter:data1\" content=\"4 minutos\" \/>\n<!-- \/ Yoast SEO plugin. -->","yoast_head_json":{"title":"Como comprar bilhetes online para lotarias mundiais","description":"O que procurar ao comprar online os seus bilhetes para as lotarias internacionais. Alguns servi\u00e7os de bilhetes online s\u00e3o menos recomend\u00e1veis, descubra quais","robots":{"index":"index","follow":"follow","max-snippet":"max-snippet:-1","max-image-preview":"max-image-preview:large","max-video-preview":"max-video-preview:-1"},"canonical":"https:\/\/jackpotlotteryonline.com\/pt-pt\/comprar-tickets\/","og_locale":"pt_PT","og_type":"article","og_title":"Como comprar bilhetes online para lotarias mundiais","og_description":"O que procurar ao comprar online os seus bilhetes para as lotarias internacionais. Alguns servi\u00e7os de bilhetes online s\u00e3o menos recomend\u00e1veis, descubra quais","og_url":"https:\/\/jackpotlotteryonline.com\/pt-pt\/comprar-tickets\/","og_site_name":"Lotto Online - Crack The International Lottery Jackpots","article_modified_time":"2022-12-19T11:13:19+00:00","og_image":[{"url":"http:\/\/jackpotlotteryonline.com\/wp-content\/uploads\/2022\/10\/1_buy_ticket_online.jpg"}],"twitter_card":"summary_large_image","twitter_misc":{"Tempo estimado de leitura":"4 minutos"},"schema":{"@context":"https:\/\/schema.org","@graph":[{"@type":"WebPage","@id":"https:\/\/jackpotlotteryonline.com\/pt-pt\/comprar-tickets\/","url":"https:\/\/jackpotlotteryonline.com\/pt-pt\/comprar-tickets\/","name":"Como comprar bilhetes online para lotarias mundiais","isPartOf":{"@id":"https:\/\/jackpotlotteryonline.com\/#website"},"primaryImageOfPage":{"@id":"https:\/\/jackpotlotteryonline.com\/pt-pt\/comprar-tickets\/#primaryimage"},"image":{"@id":"https:\/\/jackpotlotteryonline.com\/pt-pt\/comprar-tickets\/#primaryimage"},"thumbnailUrl":"http:\/\/jackpotlotteryonline.com\/wp-content\/uploads\/2022\/10\/1_buy_ticket_online.jpg","datePublished":"2022-11-01T13:25:10+00:00","dateModified":"2022-12-19T11:13:19+00:00","description":"O que procurar ao comprar online os seus bilhetes para as lotarias internacionais. Alguns servi\u00e7os de bilhetes online s\u00e3o menos recomend\u00e1veis, descubra quais","breadcrumb":{"@id":"https:\/\/jackpotlotteryonline.com\/pt-pt\/comprar-tickets\/#breadcrumb"},"inLanguage":"pt-PT","potentialAction":[{"@type":"ReadAction","target":["https:\/\/jackpotlotteryonline.com\/pt-pt\/comprar-tickets\/"]}]},{"@type":"ImageObject","inLanguage":"pt-PT","@id":"https:\/\/jackpotlotteryonline.com\/pt-pt\/comprar-tickets\/#primaryimage","url":"http:\/\/jackpotlotteryonline.com\/wp-content\/uploads\/2022\/10\/1_buy_ticket_online.jpg","contentUrl":"http:\/\/jackpotlotteryonline.com\/wp-content\/uploads\/2022\/10\/1_buy_ticket_online.jpg"},{"@type":"BreadcrumbList","@id":"https:\/\/jackpotlotteryonline.com\/pt-pt\/comprar-tickets\/#breadcrumb","itemListElement":[{"@type":"ListItem","position":1,"name":"Home","item":"https:\/\/jackpotlotteryonline.com\/pt-pt\/"},{"@type":"ListItem","position":2,"name":"Como comprar bilhetes de lotaria on-line"}]},{"@type":"WebSite","@id":"https:\/\/jackpotlotteryonline.com\/#website","url":"https:\/\/jackpotlotteryonline.com\/","name":"Lotto Online - Crack The International Lottery Jackpots","description":"","potentialAction":[{"@type":"SearchAction","target":{"@type":"EntryPoint","urlTemplate":"https:\/\/jackpotlotteryonline.com\/?s={search_term_string}"},"query-input":"required name=search_term_string"}],"inLanguage":"pt-PT"}]}},"_links":{"self":[{"href":"https:\/\/jackpotlotteryonline.com\/pt-pt\/wp-json\/wp\/v2\/pages\/35772","targetHints":{"allow":["GET"]}}],"collection":[{"href":"https:\/\/jackpotlotteryonline.com\/pt-pt\/wp-json\/wp\/v2\/pages"}],"about":[{"href":"https:\/\/jackpotlotteryonline.com\/pt-pt\/wp-json\/wp\/v2\/types\/page"}],"author":[{"embeddable":true,"href":"https:\/\/jackpotlotteryonline.com\/pt-pt\/wp-json\/wp\/v2\/users\/1"}],"replies":[{"embeddable":true,"href":"https:\/\/jackpotlotteryonline.com\/pt-pt\/wp-json\/wp\/v2\/comments?post=35772"}],"version-history":[{"count":0,"href":"https:\/\/jackpotlotteryonline.com\/pt-pt\/wp-json\/wp\/v2\/pages\/35772\/revisions"}],"wp:attachment":[{"href":"https:\/\/jackpotlotteryonline.com\/pt-pt\/wp-json\/wp\/v2\/media?parent=35772"}],"curies":[{"name":"wp","href":"https:\/\/api.w.org\/{rel}","templated":true}]}}