{"id":35846,"date":"2022-11-02T07:25:17","date_gmt":"2022-11-02T07:25:17","guid":{"rendered":"https:\/\/jackpotlotteryonline.com\/?page_id=35846"},"modified":"2022-12-26T08:20:35","modified_gmt":"2022-12-26T08:20:35","slug":"numeros-vencedores","status":"publish","type":"page","link":"https:\/\/jackpotlotteryonline.com\/pt-pt\/numeros-vencedores\/","title":{"rendered":"Resultados da lotaria"},"content":{"rendered":"<h2>Resultados da lotaria online<\/h2>\n<p>Com uma vasta gama de lotarias dispon\u00edveis para jogar, e a facilidade de acesso que todos temos \u00e0 Internet hoje em dia, muitas pessoas preferem verificar rapidamente os resultados das suas lotarias online. Se comprou um bilhete de lotaria, ent\u00e3o estar\u00e1 ansioso por descobrir quais s\u00e3o os n\u00fameros vencedores para aquele sorteio espec\u00edfico.<strong> Agora pode verificar facilmente os resultados dos jackpots internacionais da lotaria online em segundos.<\/strong><\/p>\n<p>Este servi\u00e7o est\u00e1 dispon\u00edvel em todo o mundo, portanto n\u00e3o importa onde se encontre, se estiver de f\u00e9rias, numa viagem de neg\u00f3cios ao estrangeiro, ou simplesmente no trabalho ou com amigos, j\u00e1 n\u00e3o precisa de andar a mexer no jornal local ou esperar alguns dias para descobrir se \u00e9 um vencedor do jackpot. Agora pode simplesmente visitar o nosso website e seleccionar os resultados da lotaria em que apostou e descobrir rapidamente se os seus n\u00fameros coincidiram.<\/p>\n<section class=\"layout\" style=\"border: solid 1px; width: 100%;\">\n<div class=\"img-div\" style=\"margin-top: 5px;\"><img decoding=\"async\" class=\"wp-image-17212 alignleft\" style=\"height: 45px; margin: 8px 8px 0px;\" src=\"https:\/\/jackpotlotteryonline.com\/wp-content\/uploads\/2022\/11\/read1.jpg\" alt=\"ler\" width=\"\" height=\"\" \/><\/div>\n<div style=\"padding-left: 5px;\">\n<div style=\"font-size: 1.1em;\">\n<p><strong>Veja os seus n\u00fameros da lotaria a serem sorteados ao vivo<\/strong><\/p>\n<p style=\"font-size: 0.85em; margin-top: -1.5em;\">Como assistir aos sorteios ao vivo das suas lotarias favoritas\u00a0<a href=\"https:\/\/jackpotlotteryonline.com\/pt-pt\/ver-os-seus-numeros-da-lotaria-a-serem-sorteados-ao-vivo\"> leia mais<\/a><\/p>\n<\/div>\n<\/div>\n<\/section>\n<h2>N\u00fameros da lotaria internacional vencedora do jackpot<\/h2>\n<p>Verifique os n\u00fameros vencedores do sorteio desta semana para os maiores jackpots internacionais da lotaria, actualizados diariamente no nosso website. Listamos as melhores e maiores lotarias do Planeta, incluindo El Gordo, Euromilh\u00f5es, Mega Milh\u00f5es, Powerball, SuperEnaLotto, e muitas mais.<br \/>\n<img loading=\"lazy\" decoding=\"async\" class=\"alignright size-medium wp-image-19277\" src=\"https:\/\/jackpotlotteryonline.com\/wp-content\/uploads\/2022\/10\/2_ticket_powerball_au2-163x300.jpg\" alt=\"digitaliza\u00e7\u00e3o de bilhetes de lotaria\" width=\"163\" height=\"300\" srcset=\"https:\/\/jackpotlotteryonline.com\/wp-content\/uploads\/2022\/10\/2_ticket_powerball_au2-163x300.jpg 163w, https:\/\/jackpotlotteryonline.com\/wp-content\/uploads\/2022\/10\/2_ticket_powerball_au2.jpg 250w\" sizes=\"auto, (max-width: 163px) 100vw, 163px\" \/><\/p>\n<p><strong>Pode pensar que a maioria dessas lotarias n\u00e3o est\u00e1 dispon\u00edvel para jogar, mas isso n\u00e3o \u00e9 verdade!<\/strong> Hoje em dia, \u00e9 f\u00e1cil <a href=\"https:\/\/jackpotlotteryonline.com\/pt-pt\/comprar-tickets\">comprar bilhetes online<\/a> para quase todas as lotarias. Isso significa que n\u00e3o tem de viver no pa\u00eds onde a lotaria est\u00e1 a ser realizada.<\/p>\n<p><strong>Isto \u00e9 poss\u00edvel gra\u00e7as a um servi\u00e7o por n\u00f3s prestado.<\/strong><\/p>\n<p>Basta clicar em qualquer um dos<a href=\"https:\/\/jackpotlotteryonline.com\/pt-pt\/como-jogar\"> bot\u00f5es &#8220;Jogar&#8221;<\/a> acima, e ser\u00e1 levado para a p\u00e1gina do seleccionador de n\u00fameros para essa lotaria espec\u00edfica. Escolha os seus n\u00fameros, registe-se, e pague online &#8211; \u00e9 t\u00e3o simples quanto isso! Receber\u00e1 uma confirma\u00e7\u00e3o do seu bilhete pessoal imediatamente ap\u00f3s a conclus\u00e3o da compra, e um scan do seu bilhete um pouco mais tarde. Certificar-nos-emos tamb\u00e9m de que receber\u00e1 o que ganhou. Esses jackpots mundiais podem muitas vezes ser 100 vezes maiores do que a sua lotaria local, por isso, de que est\u00e1 \u00e0 espera? Fa\u00e7a a sua escolha!<\/p>\n<h2>Veja se ganhou &#8211; compare o seu bilhete com os n\u00fameros vencedores<\/h2>\n<p>N\u00e3o s\u00f3 pode verificar online os resultados da lotaria a partir do seu port\u00e1til, PC de secret\u00e1ria, ou mesmo do seu iPhone em casa ou no escrit\u00f3rio, como tamb\u00e9m pode verificar os resultados de tantas lotarias de imediato, numa s\u00f3 p\u00e1gina.<\/p>\n<p>Uma vez realizado cada sorteio, os resultados de cada sorteio s\u00e3o actualizados em tempo real. Isto significa que os resultados dos jackpots internacionais online est\u00e3o dispon\u00edveis ou que pode aceder a eles dentro de momentos ap\u00f3s a realiza\u00e7\u00e3o do sorteio.<br \/>\n<img loading=\"lazy\" decoding=\"async\" class=\"alignright wp-image-19599\" src=\"https:\/\/jackpotlotteryonline.com\/wp-content\/uploads\/2022\/10\/1_balls_draw_lotto_numbers-200x300.jpg\" alt=\"n\u00fameros vencedores da lotaria\" width=\"154\" height=\"231\" srcset=\"https:\/\/jackpotlotteryonline.com\/wp-content\/uploads\/2022\/10\/1_balls_draw_lotto_numbers-200x300.jpg 200w, https:\/\/jackpotlotteryonline.com\/wp-content\/uploads\/2022\/10\/1_balls_draw_lotto_numbers.jpg 320w\" sizes=\"auto, (max-width: 154px) 100vw, 154px\" \/><\/p>\n<p>Se escolheu comprar um bilhete de lotaria on-line, independentemente do tipo de lotaria, a verifica\u00e7\u00e3o dos resultados da sua lotaria on-line aqui no nosso site \u00e9 ainda mais f\u00e1cil. Isto porque, no momento em que coloca o seu bilhete de lotaria on-line, ser-lhe-\u00e1 solicitado que introduza o seu endere\u00e7o electr\u00f3nico. Isto n\u00e3o s\u00f3 \u00e9 necess\u00e1rio para que possa abrir uma conta para jogar, como tamb\u00e9m \u00e9 necess\u00e1rio para efeitos de notifica\u00e7\u00e3o de um ganho.<\/p>\n<p>Uma vez realizado o sorteio da lotaria, ser\u00e1 notificado automaticamente via email se tiver igualado quaisquer n\u00fameros que lhe possam ter ganho um pr\u00e9mio em dinheiro. Basta verificar a sua caixa de correio electr\u00f3nico.<\/p>\n<p>Al\u00e9m disso, se comprou o seu bilhete de lotaria on-line aqui, pode entrar na sua conta de cliente, e os resultados ser\u00e3o exibidos ao lado do seu bilhete para compara\u00e7\u00e3o. Os n\u00fameros no seu bilhete que corresponderem ao sorteio ser\u00e3o destacados. Isto \u00e9 t\u00e3o conveniente quanto humanamente poss\u00edvel!<\/p>\n<p>Com tantas vantagens e caracter\u00edsticas \u00fateis, tais como poder verificar rapidamente os seus resultados de lotaria online, <strong>muitas pessoas est\u00e3o agora a optar por comprar bilhetes de lotaria online em vez de o fazerem em lojas.<\/strong><\/p>\n","protected":false},"excerpt":{"rendered":"<p>Resultados da lotaria online Com uma vasta gama de lotarias dispon\u00edveis para jogar, e a facilidade de acesso que todos temos \u00e0 Internet hoje em dia, muitas pessoas preferem verificar rapidamente os resultados das suas lotarias online. Se comprou um bilhete de lotaria, ent\u00e3o estar\u00e1 ansioso por descobrir quais s\u00e3o os n\u00fameros vencedores para aquele [&hellip;]<\/p>\n","protected":false},"author":1,"featured_media":0,"parent":0,"menu_order":4,"comment_status":"closed","ping_status":"closed","template":"Results.php","meta":{"_et_pb_use_builder":"","_et_pb_old_content":"","_et_gb_content_width":"","exclude_from_search":false,"footnotes":""},"class_list":["post-35846","page","type-page","status-publish","hentry"],"yoast_head":"<!-- This site is optimized with the Yoast SEO plugin v23.3 - https:\/\/yoast.com\/wordpress\/plugins\/seo\/ -->\n<title>N\u00fameros vencedores e resultados para jackpots internacionais da lotaria<\/title>\n<meta name=\"description\" content=\"Esta p\u00e1gina mostra os resultados e os n\u00fameros vencedores da maioria das lotarias internacionais com jackpot online\" \/>\n<meta name=\"robots\" content=\"index, follow, max-snippet:-1, max-image-preview:large, max-video-preview:-1\" \/>\n<link rel=\"canonical\" href=\"https:\/\/jackpotlotteryonline.com\/winning-numbers\/\" \/>\n<meta property=\"og:locale\" content=\"pt_PT\" \/>\n<meta property=\"og:type\" content=\"article\" \/>\n<meta property=\"og:title\" content=\"N\u00fameros vencedores e resultados para jackpots internacionais da lotaria\" \/>\n<meta property=\"og:description\" content=\"Esta p\u00e1gina mostra os resultados e os n\u00fameros vencedores da maioria das lotarias internacionais com jackpot online\" \/>\n<meta property=\"og:url\" content=\"https:\/\/jackpotlotteryonline.com\/winning-numbers\/\" \/>\n<meta property=\"og:site_name\" content=\"Lotto Online - Crack The International Lottery Jackpots\" \/>\n<meta property=\"article:modified_time\" content=\"2022-12-26T08:20:35+00:00\" \/>\n<meta property=\"og:image\" content=\"https:\/\/jackpotlotteryonline.com\/wp-content\/uploads\/2022\/11\/read1.jpg\" \/>\n<meta name=\"twitter:card\" content=\"summary_large_image\" \/>\n<meta name=\"twitter:label1\" content=\"Tempo estimado de leitura\" \/>\n\t<meta name=\"twitter:data1\" content=\"4 minutos\" \/>\n<!-- \/ Yoast SEO plugin. -->","yoast_head_json":{"title":"N\u00fameros vencedores e resultados para jackpots internacionais da lotaria","description":"Esta p\u00e1gina mostra os resultados e os n\u00fameros vencedores da maioria das lotarias internacionais com jackpot online","robots":{"index":"index","follow":"follow","max-snippet":"max-snippet:-1","max-image-preview":"max-image-preview:large","max-video-preview":"max-video-preview:-1"},"canonical":"https:\/\/jackpotlotteryonline.com\/winning-numbers\/","og_locale":"pt_PT","og_type":"article","og_title":"N\u00fameros vencedores e resultados para jackpots internacionais da lotaria","og_description":"Esta p\u00e1gina mostra os resultados e os n\u00fameros vencedores da maioria das lotarias internacionais com jackpot online","og_url":"https:\/\/jackpotlotteryonline.com\/winning-numbers\/","og_site_name":"Lotto Online - Crack The International Lottery Jackpots","article_modified_time":"2022-12-26T08:20:35+00:00","og_image":[{"url":"https:\/\/jackpotlotteryonline.com\/wp-content\/uploads\/2022\/11\/read1.jpg"}],"twitter_card":"summary_large_image","twitter_misc":{"Tempo estimado de leitura":"4 minutos"},"schema":{"@context":"https:\/\/schema.org","@graph":[{"@type":"WebPage","@id":"https:\/\/jackpotlotteryonline.com\/winning-numbers\/","url":"https:\/\/jackpotlotteryonline.com\/winning-numbers\/","name":"N\u00fameros vencedores e resultados para jackpots internacionais da lotaria","isPartOf":{"@id":"https:\/\/jackpotlotteryonline.com\/#website"},"primaryImageOfPage":{"@id":"https:\/\/jackpotlotteryonline.com\/winning-numbers\/#primaryimage"},"image":{"@id":"https:\/\/jackpotlotteryonline.com\/winning-numbers\/#primaryimage"},"thumbnailUrl":"https:\/\/jackpotlotteryonline.com\/wp-content\/uploads\/2022\/11\/read1.jpg","datePublished":"2022-11-02T07:25:17+00:00","dateModified":"2022-12-26T08:20:35+00:00","description":"Esta p\u00e1gina mostra os resultados e os n\u00fameros vencedores da maioria das lotarias internacionais com jackpot online","breadcrumb":{"@id":"https:\/\/jackpotlotteryonline.com\/winning-numbers\/#breadcrumb"},"inLanguage":"pt-PT","potentialAction":[{"@type":"ReadAction","target":["https:\/\/jackpotlotteryonline.com\/winning-numbers\/"]}]},{"@type":"ImageObject","inLanguage":"pt-PT","@id":"https:\/\/jackpotlotteryonline.com\/winning-numbers\/#primaryimage","url":"https:\/\/jackpotlotteryonline.com\/wp-content\/uploads\/2022\/11\/read1.jpg","contentUrl":"https:\/\/jackpotlotteryonline.com\/wp-content\/uploads\/2022\/11\/read1.jpg"},{"@type":"BreadcrumbList","@id":"https:\/\/jackpotlotteryonline.com\/winning-numbers\/#breadcrumb","itemListElement":[{"@type":"ListItem","position":1,"name":"Home","item":"https:\/\/jackpotlotteryonline.com\/pt-pt\/"},{"@type":"ListItem","position":2,"name":"Resultados da lotaria"}]},{"@type":"WebSite","@id":"https:\/\/jackpotlotteryonline.com\/#website","url":"https:\/\/jackpotlotteryonline.com\/","name":"Lotto Online - Crack The International Lottery Jackpots","description":"","potentialAction":[{"@type":"SearchAction","target":{"@type":"EntryPoint","urlTemplate":"https:\/\/jackpotlotteryonline.com\/?s={search_term_string}"},"query-input":"required name=search_term_string"}],"inLanguage":"pt-PT"}]}},"_links":{"self":[{"href":"https:\/\/jackpotlotteryonline.com\/pt-pt\/wp-json\/wp\/v2\/pages\/35846","targetHints":{"allow":["GET"]}}],"collection":[{"href":"https:\/\/jackpotlotteryonline.com\/pt-pt\/wp-json\/wp\/v2\/pages"}],"about":[{"href":"https:\/\/jackpotlotteryonline.com\/pt-pt\/wp-json\/wp\/v2\/types\/page"}],"author":[{"embeddable":true,"href":"https:\/\/jackpotlotteryonline.com\/pt-pt\/wp-json\/wp\/v2\/users\/1"}],"replies":[{"embeddable":true,"href":"https:\/\/jackpotlotteryonline.com\/pt-pt\/wp-json\/wp\/v2\/comments?post=35846"}],"version-history":[{"count":0,"href":"https:\/\/jackpotlotteryonline.com\/pt-pt\/wp-json\/wp\/v2\/pages\/35846\/revisions"}],"wp:attachment":[{"href":"https:\/\/jackpotlotteryonline.com\/pt-pt\/wp-json\/wp\/v2\/media?parent=35846"}],"curies":[{"name":"wp","href":"https:\/\/api.w.org\/{rel}","templated":true}]}}