{"id":35899,"date":"2022-11-02T09:34:48","date_gmt":"2022-11-02T09:34:48","guid":{"rendered":"https:\/\/jackpotlotteryonline.com\/?page_id=35899"},"modified":"2022-12-19T09:21:01","modified_gmt":"2022-12-19T09:21:01","slug":"powerball","status":"publish","type":"page","link":"https:\/\/jackpotlotteryonline.com\/pt-pt\/como-jogar\/powerball\/","title":{"rendered":"Powerball EUA"},"content":{"rendered":"<h2>O Jackpot da lotaria Powerball online<\/h2>\n<p><img loading=\"lazy\" decoding=\"async\" class=\"alignright size-full wp-image-19358\" src=\"http:\/\/jackpotlotteryonline.com\/wp-content\/uploads\/2022\/10\/2_ticket_powerball3.jpg\" alt=\"bilhete de lotaria powerball\" width=\"180\" height=\"194\" \/><\/p>\n<p>Est\u00e1 a olhar para uma das mais antigas e maiores lotarias dos EUA. O Jackpot da lotaria Powerball \u00e9 oferecido por uma comiss\u00e3o de lotaria multiestadual formada por 41 estados dos EUA. \u00c9 administrado em todos os estados (incluindo as Ilhas Virgens e o Distrito de Columbia) dos EUA, com excep\u00e7\u00e3o de 8 (Nevada, Calif\u00f3rnia, Utah, Mississippi, Wyoming, Alabama, Hawaii, e Alasca).<\/p>\n<p>O jackpot da lotaria Powerball online ultrapassou em v\u00e1rias ocasi\u00f5es o montante de $300 milh\u00f5es, e o jackpot mais alto de sempre foi de $1500 milh\u00f5es. Normalmente, os jackpots come\u00e7am nos $20 milh\u00f5es e aumentam pelo menos $5 milh\u00f5es de cada vez que o jackpot n\u00e3o foi atingido.<\/p>\n<section class=\"layout\" style=\"border: solid 1px; width: 100%;\">\n<div class=\"img-div\" style=\"margin-top: 5px;\"><img decoding=\"async\" class=\"wp-image-17212 alignleft\" style=\"height: 45px; margin: 8px 8px 0px;\" src=\"http:\/\/jackpotlotteryonline.com\/wp-content\/uploads\/2022\/11\/read1.jpg\" alt=\"maior jackpot da lotaria\" width=\"\" height=\"\" \/><\/div>\n<div style=\"padding-left: 5px;\">\n<div style=\"font-size: 1.1em;\">\n<p><strong>Jackpots da lotaria hist\u00f3ricos e recordistas<\/strong><\/p>\n<p style=\"font-size: 0.85em; margin-top: -1.5em;\">Os maiores jackpots de loto da hist\u00f3ria v\u00e3o fazer girar a sua cabe\u00e7a <a href=\"https:\/\/jackpotlotteryonline.com\/pt-pt\/maiores-jackpots-de-loto-da-historia\">leia mais<\/a><\/p>\n<\/div>\n<\/div>\n<\/section>\n<h2>Como jogar na lotaria Powerball<\/h2>\n<p>Pode facilmente <strong><a href=\"https:\/\/jackpotlotteryonline.com\/pt-pt\/comprar-tickets\/powerball\">obter o seu bilhete de lotaria online<\/a> atrav\u00e9s do nosso website. Para jogar e ganhar o jackpot da lotaria Powerball<\/strong>, n\u00e3o tem de ser um cidad\u00e3o americano &#8211; pode viver fora dos EUA, mas tem de ter pelo menos 18 anos de idade. Tudo o que precisa de fazer \u00e9 clicar num dos banners da lotaria, registar-se e verificar-se e efectuar o pagamento. Trataremos do resto sempre que fizer uma encomenda. Compra de bilhetes, entrega, e ajuda com a log\u00edstica do dinheiro s\u00e3o as \u00e1reas em que pode obter ajuda.<br \/>\n<img loading=\"lazy\" decoding=\"async\" class=\"alignright size-full wp-image-18167\" src=\"http:\/\/jackpotlotteryonline.com\/wp-content\/uploads\/2022\/10\/powerball_globe_logo.png\" alt=\"jogar powerball online\" width=\"200\" height=\"212\" \/><\/p>\n<p>Para acertar no Jackpot da lotaria Powerball, tem de obter cinco n\u00fameros de 59 certos, mais o n\u00famero Powerball entre 1 e 39. Existem nove formas de ganhar, e j\u00e1 se acertar no n\u00famero da Powerball, receber\u00e1 um pre\u00e7o.<\/p>\n<p>O <a href=\"http:\/\/jackpotlotteryonline.com\/pt-pt\/comprar-tickets\/powerball\">Jackpot da lotaria Powerball online<\/a> \u00e9 um jogo tradicional de lotaria de dois tambores. Um tambor vem com 59 bolas brancas e o segundo tambor vem com 39 bolas vermelhas. Ter\u00e1 de seleccionar 5 bolas brancas e uma bola vermelha. As bolas podem ser escolhidas ao acaso e a ordem de selec\u00e7\u00e3o n\u00e3o tem qualquer rela\u00e7\u00e3o com o resultado.<\/p>\n<p>Definitivamente, jogar o jackpot da lotaria Powerball online tem as suas pr\u00f3prias vantagens e, devido \u00e0s suas fant\u00e1sticas probabilidades de ganhar, existe uma grande procura para esta lotaria.<\/p>\n<h2>\u00c9 tempo de tentar a sua sorte na Powerball<\/h2>\n<p>Se \u00e9 uma pessoa que gosta de tentar a sua sorte nos jogos de azar, a lotaria Powerball \u00e9 certamente o local para come\u00e7ar. H\u00e1 muito mais informa\u00e7\u00e3o dispon\u00edvel no nosso website que o pode ajudar a decidir sobre os n\u00fameros a escolher e a jogar.<\/p>\n<p>Muitas pessoas tendem a pensar que a lotaria \u00e9 um jogo de azar. Mas podem tender a pensar de forma um pouco diferente uma vez que entendem como funciona a lotaria Powerball. <strong>H\u00e1 muitos que j\u00e1 ganharam na Powerball e n\u00e3o h\u00e1 raz\u00e3o para que n\u00e3o possa ser um deles. Comece agora&#8230;!<\/strong><\/p>\n","protected":false},"excerpt":{"rendered":"<p>O Jackpot da lotaria Powerball online Est\u00e1 a olhar para uma das mais antigas e maiores lotarias dos EUA. O Jackpot da lotaria Powerball \u00e9 oferecido por uma comiss\u00e3o de lotaria multiestadual formada por 41 estados dos EUA. \u00c9 administrado em todos os estados (incluindo as Ilhas Virgens e o Distrito de Columbia) dos EUA, [&hellip;]<\/p>\n","protected":false},"author":1,"featured_media":0,"parent":35712,"menu_order":1,"comment_status":"closed","ping_status":"closed","template":"powerball-usa.php","meta":{"_et_pb_use_builder":"","_et_pb_old_content":"","_et_gb_content_width":"","exclude_from_search":false,"footnotes":""},"class_list":["post-35899","page","type-page","status-publish","hentry"],"yoast_head":"<!-- This site is optimized with the Yoast SEO plugin v23.3 - https:\/\/yoast.com\/wordpress\/plugins\/seo\/ -->\n<title>Jogue na lotaria Powerball Online, a partir de fora dos EUA<\/title>\n<meta name=\"description\" content=\"A lotaria Powerball \u00e9 uma das lotarias mais antigas dos EUA - leia isto para saber como pode jogar online e a partir de um pa\u00eds fora dos EUA hoje!\" \/>\n<meta name=\"robots\" content=\"index, follow, max-snippet:-1, max-image-preview:large, max-video-preview:-1\" \/>\n<link rel=\"canonical\" href=\"https:\/\/jackpotlotteryonline.com\/pt-pt\/como-jogar\/powerball\/\" \/>\n<meta property=\"og:locale\" content=\"pt_PT\" \/>\n<meta property=\"og:type\" content=\"article\" \/>\n<meta property=\"og:title\" content=\"Jogue na lotaria Powerball Online, a partir de fora dos EUA\" \/>\n<meta property=\"og:description\" content=\"A lotaria Powerball \u00e9 uma das lotarias mais antigas dos EUA - leia isto para saber como pode jogar online e a partir de um pa\u00eds fora dos EUA hoje!\" \/>\n<meta property=\"og:url\" content=\"https:\/\/jackpotlotteryonline.com\/pt-pt\/como-jogar\/powerball\/\" \/>\n<meta property=\"og:site_name\" content=\"Lotto Online - Crack The International Lottery Jackpots\" \/>\n<meta property=\"article:modified_time\" content=\"2022-12-19T09:21:01+00:00\" \/>\n<meta property=\"og:image\" content=\"http:\/\/jackpotlotteryonline.com\/wp-content\/uploads\/2022\/10\/2_ticket_powerball3.jpg\" \/>\n<meta name=\"twitter:card\" content=\"summary_large_image\" \/>\n<meta name=\"twitter:label1\" content=\"Tempo estimado de leitura\" \/>\n\t<meta name=\"twitter:data1\" content=\"3 minutos\" \/>\n<!-- \/ Yoast SEO plugin. -->","yoast_head_json":{"title":"Jogue na lotaria Powerball Online, a partir de fora dos EUA","description":"A lotaria Powerball \u00e9 uma das lotarias mais antigas dos EUA - leia isto para saber como pode jogar online e a partir de um pa\u00eds fora dos EUA hoje!","robots":{"index":"index","follow":"follow","max-snippet":"max-snippet:-1","max-image-preview":"max-image-preview:large","max-video-preview":"max-video-preview:-1"},"canonical":"https:\/\/jackpotlotteryonline.com\/pt-pt\/como-jogar\/powerball\/","og_locale":"pt_PT","og_type":"article","og_title":"Jogue na lotaria Powerball Online, a partir de fora dos EUA","og_description":"A lotaria Powerball \u00e9 uma das lotarias mais antigas dos EUA - leia isto para saber como pode jogar online e a partir de um pa\u00eds fora dos EUA hoje!","og_url":"https:\/\/jackpotlotteryonline.com\/pt-pt\/como-jogar\/powerball\/","og_site_name":"Lotto Online - Crack The International Lottery Jackpots","article_modified_time":"2022-12-19T09:21:01+00:00","og_image":[{"url":"http:\/\/jackpotlotteryonline.com\/wp-content\/uploads\/2022\/10\/2_ticket_powerball3.jpg"}],"twitter_card":"summary_large_image","twitter_misc":{"Tempo estimado de leitura":"3 minutos"},"schema":{"@context":"https:\/\/schema.org","@graph":[{"@type":"WebPage","@id":"https:\/\/jackpotlotteryonline.com\/pt-pt\/como-jogar\/powerball\/","url":"https:\/\/jackpotlotteryonline.com\/pt-pt\/como-jogar\/powerball\/","name":"Jogue na lotaria Powerball Online, a partir de fora dos EUA","isPartOf":{"@id":"https:\/\/jackpotlotteryonline.com\/#website"},"primaryImageOfPage":{"@id":"https:\/\/jackpotlotteryonline.com\/pt-pt\/como-jogar\/powerball\/#primaryimage"},"image":{"@id":"https:\/\/jackpotlotteryonline.com\/pt-pt\/como-jogar\/powerball\/#primaryimage"},"thumbnailUrl":"http:\/\/jackpotlotteryonline.com\/wp-content\/uploads\/2022\/10\/2_ticket_powerball3.jpg","datePublished":"2022-11-02T09:34:48+00:00","dateModified":"2022-12-19T09:21:01+00:00","description":"A lotaria Powerball \u00e9 uma das lotarias mais antigas dos EUA - leia isto para saber como pode jogar online e a partir de um pa\u00eds fora dos EUA hoje!","breadcrumb":{"@id":"https:\/\/jackpotlotteryonline.com\/pt-pt\/como-jogar\/powerball\/#breadcrumb"},"inLanguage":"pt-PT","potentialAction":[{"@type":"ReadAction","target":["https:\/\/jackpotlotteryonline.com\/pt-pt\/como-jogar\/powerball\/"]}]},{"@type":"ImageObject","inLanguage":"pt-PT","@id":"https:\/\/jackpotlotteryonline.com\/pt-pt\/como-jogar\/powerball\/#primaryimage","url":"http:\/\/jackpotlotteryonline.com\/wp-content\/uploads\/2022\/10\/2_ticket_powerball3.jpg","contentUrl":"http:\/\/jackpotlotteryonline.com\/wp-content\/uploads\/2022\/10\/2_ticket_powerball3.jpg"},{"@type":"BreadcrumbList","@id":"https:\/\/jackpotlotteryonline.com\/pt-pt\/como-jogar\/powerball\/#breadcrumb","itemListElement":[{"@type":"ListItem","position":1,"name":"Home","item":"https:\/\/jackpotlotteryonline.com\/pt-pt\/"},{"@type":"ListItem","position":2,"name":"Como jogar","item":"https:\/\/jackpotlotteryonline.com\/play-online\/"},{"@type":"ListItem","position":3,"name":"Powerball EUA"}]},{"@type":"WebSite","@id":"https:\/\/jackpotlotteryonline.com\/#website","url":"https:\/\/jackpotlotteryonline.com\/","name":"Lotto Online - Crack The International Lottery Jackpots","description":"","potentialAction":[{"@type":"SearchAction","target":{"@type":"EntryPoint","urlTemplate":"https:\/\/jackpotlotteryonline.com\/?s={search_term_string}"},"query-input":"required name=search_term_string"}],"inLanguage":"pt-PT"}]}},"_links":{"self":[{"href":"https:\/\/jackpotlotteryonline.com\/pt-pt\/wp-json\/wp\/v2\/pages\/35899","targetHints":{"allow":["GET"]}}],"collection":[{"href":"https:\/\/jackpotlotteryonline.com\/pt-pt\/wp-json\/wp\/v2\/pages"}],"about":[{"href":"https:\/\/jackpotlotteryonline.com\/pt-pt\/wp-json\/wp\/v2\/types\/page"}],"author":[{"embeddable":true,"href":"https:\/\/jackpotlotteryonline.com\/pt-pt\/wp-json\/wp\/v2\/users\/1"}],"replies":[{"embeddable":true,"href":"https:\/\/jackpotlotteryonline.com\/pt-pt\/wp-json\/wp\/v2\/comments?post=35899"}],"version-history":[{"count":0,"href":"https:\/\/jackpotlotteryonline.com\/pt-pt\/wp-json\/wp\/v2\/pages\/35899\/revisions"}],"up":[{"embeddable":true,"href":"https:\/\/jackpotlotteryonline.com\/pt-pt\/wp-json\/wp\/v2\/pages\/35712"}],"wp:attachment":[{"href":"https:\/\/jackpotlotteryonline.com\/pt-pt\/wp-json\/wp\/v2\/media?parent=35899"}],"curies":[{"name":"wp","href":"https:\/\/api.w.org\/{rel}","templated":true}]}}