{"id":35964,"date":"2022-11-02T12:25:41","date_gmt":"2022-11-02T12:25:41","guid":{"rendered":"https:\/\/jackpotlotteryonline.com\/?page_id=35964"},"modified":"2022-12-30T19:25:24","modified_gmt":"2022-12-30T19:25:24","slug":"mega-millions","status":"publish","type":"page","link":"https:\/\/jackpotlotteryonline.com\/pt-pt\/como-jogar\/mega-millions\/","title":{"rendered":"Mega Millions USA"},"content":{"rendered":"<h2>O Jackpot da Lotaria Online Mega Milh\u00f5es<\/h2>\n<p>O Mega Millions Jackpot Lotto tem lugar no Michigan EUA e est\u00e1 a ser jogado em 12 estados federais dos EUA. Com os sorteios previstos para todas as ter\u00e7as e sextas \u00e0 noite \u00e0s 20 horas, a frequ\u00eancia de ganhar pode ser bastante alta para um jogador sortudo. Um bilhete da Mega Millions vem relativamente barato e o maior jackpot alguma vez pago foi de mais de 1.500 milh\u00f5es de d\u00f3lares.<br \/>\n<img loading=\"lazy\" decoding=\"async\" class=\"alignright size-full wp-image-17546\" src=\"http:\/\/jackpotlotteryonline.com\/wp-content\/uploads\/2022\/10\/logo_Mega_Millions_233x110.png\" alt=\"jogar mega milh\u00f5es online\" width=\"232\" height=\"110\" \/><\/p>\n<p>Bem, se estiver a considerar jogar o Mega Millions, e isso tamb\u00e9m numa base regular, pode imaginar o tempo e a energia envolvidos na corrida a uma lotaria duas vezes por semana. A melhor maneira de remover as complica\u00e7\u00f5es e poupar tempo seria jogar online.<a href=\"https:\/\/jackpotlotteryonline.com\/pt-pt\/numeros-vencedores\/mega-millions\"> Comprar o bilhete<\/a> com os seus n\u00fameros favoritos e entregar o mesmo \u00e0 sua porta nunca foi t\u00e3o f\u00e1cil. Com a nossa ajuda, o Jackpot da Mega Millions Lotto pode ser ganho online por todos no Mundo!<\/p>\n<h2>Como jogar a Mega Millions online<\/h2>\n<p>A lotaria Mega Millions come\u00e7a com a quantia de 20 milh\u00f5es de d\u00f3lares e fez hist\u00f3ria quando atingiu 1,5 mil milh\u00f5es, o maior jackpot da lotaria na hist\u00f3ria dos EUA! Os jogadores podem escolher cinco n\u00fameros entre 1 e 56 (bola branca) mais um chamado n\u00famero Mega entre 1 e 46 (bola dourada).<br \/>\n<img loading=\"lazy\" decoding=\"async\" class=\"alignright size-full wp-image-19115\" src=\"http:\/\/jackpotlotteryonline.com\/wp-content\/uploads\/2022\/10\/2_ticket_mega_millions3.jpg\" alt=\"digitaliza\u00e7\u00e3o de mega milh\u00f5es de bilhetes\" width=\"180\" height=\"193\" \/><\/p>\n<p>Para decifrar este jackpot, \u00e9 necess\u00e1rio obter os cinco n\u00fameros e o mega-n\u00famero certo. Mas mesmo que n\u00e3o descodifique o jackpot, tem uma boa hip\u00f3tese de ganhar, uma vez que 1 em cada 40 bilhetes ganha. Qualquer pessoa concordaria que estas s\u00e3o muito boas probabilidades de ganhar na lotaria.<\/p>\n<p>O jackpot ser\u00e1 pago em 26 pagamentos anuais tamb\u00e9m chamados de op\u00e7\u00e3o de anuidade ou pode optar por um pagamento em dinheiro onde lhe ser\u00e1 pago o valor actual da anuidade. <a href=\"http:\/\/jackpotlotteryonline.com\/pt-pt\/numeros-vencedores\/mega-millions\">Os sorteios<\/a> s\u00e3o geralmente realizados em Idaho (Ge\u00f3rgia), mas quando o jackpot ultrapassa a marca dos 200 milh\u00f5es de d\u00f3lares, o sorteio \u00e9 realizado em Times Square (Nova Iorque).<\/p>\n<p>\u00c9 necess\u00e1rio ter pelo menos 18 anos de idade para jogar nesta lotaria, mas n\u00e3o \u00e9 necess\u00e1rio ser cidad\u00e3o ou residente dos EUA. Com a nossa ajuda, pode jogar de fora dos EUA, de qualquer parte do mundo na realidade. De facto, tamb\u00e9m o ajudaremos a obter o pr\u00e9mio ganho em seguran\u00e7a para si, sem qualquer problema.<\/p>\n<h2>Os extras<\/h2>\n<p>Em quase todas as jurisdi\u00e7\u00f5es (42 de 43, excepto Calif\u00f3rnia) do Mega Millions, os jogadores t\u00eam a op\u00e7\u00e3o de activar um extra chamado Megaplier. O Megaplicador duplica a aposta no jogo e os jogadores podem multiplicar os pr\u00e9mios que n\u00e3o sejam de jackpot por 2,3 ou 4. Naturalmente, a necessidade de mencionar que as probabilidades diminuem n\u00e3o \u00e9 necess\u00e1ria aqui.<\/p>\n<p>Assim, com tanto em jogo, \u00e9 altura de considerar jogar o Mega Milh\u00f5es, pode faz\u00ea-lo realizar os seus sonhos. Registe-se no nosso s\u00edtio web e jogue na maior lotaria americana de sempre.<\/p>\n<section class=\"layout\" style=\"border: solid 1px; width: 100%;\">\n<div class=\"img-div\" style=\"margin-top: 5px;\"><img decoding=\"async\" class=\"wp-image-17212 alignleft\" style=\"height: 45px; margin: 8px 8px 0px;\" src=\"http:\/\/jackpotlotteryonline.com\/wp-content\/uploads\/2022\/11\/read1.jpg\" alt=\"ler\" width=\"\" height=\"\" \/><\/div>\n<div style=\"padding-left: 5px;\">\n<div style=\"font-size: 1.1em;\">\n<p><strong>A sua lotaria nacional na compara\u00e7\u00e3o internacional<\/strong><\/p>\n<p style=\"font-size: 0.85em; margin-top: -1.5em;\">A sua lotaria local pode ser a sua pior op\u00e7\u00e3o &#8211; porque \u00e9 que faz mais sentido pagar mais, mas ir para jackpots maiores <a href=\"https:\/\/jackpotlotteryonline.com\/pt-pt\/a-sua-comparacao-nacional-lottera-nacional-comparacao-internacional\">leia mais<\/a><\/p>\n<\/div>\n<\/div>\n<\/section>\n","protected":false},"excerpt":{"rendered":"<p>O Jackpot da Lotaria Online Mega Milh\u00f5es O Mega Millions Jackpot Lotto tem lugar no Michigan EUA e est\u00e1 a ser jogado em 12 estados federais dos EUA. Com os sorteios previstos para todas as ter\u00e7as e sextas \u00e0 noite \u00e0s 20 horas, a frequ\u00eancia de ganhar pode ser bastante alta para um jogador sortudo. [&hellip;]<\/p>\n","protected":false},"author":1,"featured_media":0,"parent":35712,"menu_order":2,"comment_status":"closed","ping_status":"closed","template":"megamillion.php","meta":{"_et_pb_use_builder":"","_et_pb_old_content":"","_et_gb_content_width":"","exclude_from_search":false,"footnotes":""},"class_list":["post-35964","page","type-page","status-publish","hentry"],"yoast_head":"<!-- This site is optimized with the Yoast SEO plugin v23.3 - https:\/\/yoast.com\/wordpress\/plugins\/seo\/ -->\n<title>Jogar Mega Millions Online a partir de fora dos EUA<\/title>\n<meta name=\"description\" content=\"O jackpot do US Mega Millions Lotto \u00e9 a m\u00e3e de todas as lotarias e pode jogar online agora, mesmo que viva fora dos EUA\" \/>\n<meta name=\"robots\" content=\"index, follow, max-snippet:-1, max-image-preview:large, max-video-preview:-1\" \/>\n<link rel=\"canonical\" href=\"https:\/\/jackpotlotteryonline.com\/play-online\/mega-millions\/\" \/>\n<meta property=\"og:locale\" content=\"pt_PT\" \/>\n<meta property=\"og:type\" content=\"article\" \/>\n<meta property=\"og:title\" content=\"Jogar Mega Millions Online a partir de fora dos EUA\" \/>\n<meta property=\"og:description\" content=\"O jackpot do US Mega Millions Lotto \u00e9 a m\u00e3e de todas as lotarias e pode jogar online agora, mesmo que viva fora dos EUA\" \/>\n<meta property=\"og:url\" content=\"https:\/\/jackpotlotteryonline.com\/play-online\/mega-millions\/\" \/>\n<meta property=\"og:site_name\" content=\"Lotto Online - Crack The International Lottery Jackpots\" \/>\n<meta property=\"article:modified_time\" content=\"2022-12-30T19:25:24+00:00\" \/>\n<meta property=\"og:image\" content=\"http:\/\/jackpotlotteryonline.com\/wp-content\/uploads\/2022\/10\/logo_Mega_Millions_233x110.png\" \/>\n<meta name=\"twitter:card\" content=\"summary_large_image\" \/>\n<meta name=\"twitter:label1\" content=\"Tempo estimado de leitura\" \/>\n\t<meta name=\"twitter:data1\" content=\"3 minutos\" \/>\n<!-- \/ Yoast SEO plugin. -->","yoast_head_json":{"title":"Jogar Mega Millions Online a partir de fora dos EUA","description":"O jackpot do US Mega Millions Lotto \u00e9 a m\u00e3e de todas as lotarias e pode jogar online agora, mesmo que viva fora dos EUA","robots":{"index":"index","follow":"follow","max-snippet":"max-snippet:-1","max-image-preview":"max-image-preview:large","max-video-preview":"max-video-preview:-1"},"canonical":"https:\/\/jackpotlotteryonline.com\/play-online\/mega-millions\/","og_locale":"pt_PT","og_type":"article","og_title":"Jogar Mega Millions Online a partir de fora dos EUA","og_description":"O jackpot do US Mega Millions Lotto \u00e9 a m\u00e3e de todas as lotarias e pode jogar online agora, mesmo que viva fora dos EUA","og_url":"https:\/\/jackpotlotteryonline.com\/play-online\/mega-millions\/","og_site_name":"Lotto Online - Crack The International Lottery Jackpots","article_modified_time":"2022-12-30T19:25:24+00:00","og_image":[{"url":"http:\/\/jackpotlotteryonline.com\/wp-content\/uploads\/2022\/10\/logo_Mega_Millions_233x110.png"}],"twitter_card":"summary_large_image","twitter_misc":{"Tempo estimado de leitura":"3 minutos"},"schema":{"@context":"https:\/\/schema.org","@graph":[{"@type":"WebPage","@id":"https:\/\/jackpotlotteryonline.com\/play-online\/mega-millions\/","url":"https:\/\/jackpotlotteryonline.com\/play-online\/mega-millions\/","name":"Jogar Mega Millions Online a partir de fora dos EUA","isPartOf":{"@id":"https:\/\/jackpotlotteryonline.com\/#website"},"primaryImageOfPage":{"@id":"https:\/\/jackpotlotteryonline.com\/play-online\/mega-millions\/#primaryimage"},"image":{"@id":"https:\/\/jackpotlotteryonline.com\/play-online\/mega-millions\/#primaryimage"},"thumbnailUrl":"http:\/\/jackpotlotteryonline.com\/wp-content\/uploads\/2022\/10\/logo_Mega_Millions_233x110.png","datePublished":"2022-11-02T12:25:41+00:00","dateModified":"2022-12-30T19:25:24+00:00","description":"O jackpot do US Mega Millions Lotto \u00e9 a m\u00e3e de todas as lotarias e pode jogar online agora, mesmo que viva fora dos EUA","breadcrumb":{"@id":"https:\/\/jackpotlotteryonline.com\/play-online\/mega-millions\/#breadcrumb"},"inLanguage":"pt-PT","potentialAction":[{"@type":"ReadAction","target":["https:\/\/jackpotlotteryonline.com\/play-online\/mega-millions\/"]}]},{"@type":"ImageObject","inLanguage":"pt-PT","@id":"https:\/\/jackpotlotteryonline.com\/play-online\/mega-millions\/#primaryimage","url":"http:\/\/jackpotlotteryonline.com\/wp-content\/uploads\/2022\/10\/logo_Mega_Millions_233x110.png","contentUrl":"http:\/\/jackpotlotteryonline.com\/wp-content\/uploads\/2022\/10\/logo_Mega_Millions_233x110.png"},{"@type":"BreadcrumbList","@id":"https:\/\/jackpotlotteryonline.com\/play-online\/mega-millions\/#breadcrumb","itemListElement":[{"@type":"ListItem","position":1,"name":"Home","item":"https:\/\/jackpotlotteryonline.com\/pt-pt\/"},{"@type":"ListItem","position":2,"name":"Como jogar","item":"https:\/\/jackpotlotteryonline.com\/play-online\/"},{"@type":"ListItem","position":3,"name":"Mega Millions USA"}]},{"@type":"WebSite","@id":"https:\/\/jackpotlotteryonline.com\/#website","url":"https:\/\/jackpotlotteryonline.com\/","name":"Lotto Online - Crack The International Lottery Jackpots","description":"","potentialAction":[{"@type":"SearchAction","target":{"@type":"EntryPoint","urlTemplate":"https:\/\/jackpotlotteryonline.com\/?s={search_term_string}"},"query-input":"required name=search_term_string"}],"inLanguage":"pt-PT"}]}},"_links":{"self":[{"href":"https:\/\/jackpotlotteryonline.com\/pt-pt\/wp-json\/wp\/v2\/pages\/35964","targetHints":{"allow":["GET"]}}],"collection":[{"href":"https:\/\/jackpotlotteryonline.com\/pt-pt\/wp-json\/wp\/v2\/pages"}],"about":[{"href":"https:\/\/jackpotlotteryonline.com\/pt-pt\/wp-json\/wp\/v2\/types\/page"}],"author":[{"embeddable":true,"href":"https:\/\/jackpotlotteryonline.com\/pt-pt\/wp-json\/wp\/v2\/users\/1"}],"replies":[{"embeddable":true,"href":"https:\/\/jackpotlotteryonline.com\/pt-pt\/wp-json\/wp\/v2\/comments?post=35964"}],"version-history":[{"count":0,"href":"https:\/\/jackpotlotteryonline.com\/pt-pt\/wp-json\/wp\/v2\/pages\/35964\/revisions"}],"up":[{"embeddable":true,"href":"https:\/\/jackpotlotteryonline.com\/pt-pt\/wp-json\/wp\/v2\/pages\/35712"}],"wp:attachment":[{"href":"https:\/\/jackpotlotteryonline.com\/pt-pt\/wp-json\/wp\/v2\/media?parent=35964"}],"curies":[{"name":"wp","href":"https:\/\/api.w.org\/{rel}","templated":true}]}}