{"id":36032,"date":"2022-11-03T08:27:14","date_gmt":"2022-11-03T08:27:14","guid":{"rendered":"https:\/\/jackpotlotteryonline.com\/?page_id=36032"},"modified":"2022-12-30T20:16:49","modified_gmt":"2022-12-30T20:16:49","slug":"euromillions","status":"publish","type":"page","link":"https:\/\/jackpotlotteryonline.com\/pt-pt\/como-jogar\/euromillions\/","title":{"rendered":"Jogar Euro Milh\u00f5es"},"content":{"rendered":"<h2>Obter um bilhete para o Euromilh\u00f5es online<\/h2>\n<p><img loading=\"lazy\" decoding=\"async\" class=\"alignright wp-image-18926\" src=\"http:\/\/jackpotlotteryonline.com\/wp-content\/uploads\/2022\/10\/2_ticket_euromillions3-111x300.jpg\" alt=\"bilhete euromilh\u00f5es\" width=\"83\" height=\"224\" srcset=\"https:\/\/jackpotlotteryonline.com\/wp-content\/uploads\/2022\/10\/2_ticket_euromillions3-111x300.jpg 111w, https:\/\/jackpotlotteryonline.com\/wp-content\/uploads\/2022\/10\/2_ticket_euromillions3.jpg 180w\" sizes=\"auto, (max-width: 83px) 100vw, 83px\" \/><\/p>\n<p>Euromilh\u00f5es \u00e9 uma lotaria que se realiza em v\u00e1rios pa\u00edses europeus como Fran\u00e7a, Reino Unido, Espanha, Irlanda, B\u00e9lgica, Luxemburgo, e Su\u00ed\u00e7a. O jackpot da lotaria online Euromilh\u00f5es come\u00e7a com um montante de 15 milh\u00f5es de euros e o jackpot recorde \u00e9 de 190 milh\u00f5es de euros.<\/p>\n<p>Para jogar na lotaria Euromilh\u00f5es tem de ter pelo menos 18 anos de idade, mas pode jogar a partir de qualquer pa\u00eds do mundo, utilizando o servi\u00e7o que disponibilizamos neste website. O que oferecemos \u00e9 bastante \u00fanico no sentido em que d\u00e1 a todos em todo o mundo, incluindo pa\u00edses como a Alemanha, Holanda, It\u00e1lia, e mesmo fora da Europa, e muito mais, uma oportunidade de jogar e ganhar o jackpot online. Ao fornecer uma op\u00e7\u00e3o de escolha sortuda, \u00e9 mais f\u00e1cil seleccionar n\u00fameros aleat\u00f3rios em vez de pressionar as suas pr\u00f3prias c\u00e9lulas cinzentas.<\/p>\n<h2>Como comprar o seu bilhete para o jackpot Euromilh\u00f5es a partir de fora da Europa<\/h2>\n<p><a href=\"https:\/\/jackpotlotteryonline.com\/pt-pt\/comprar-tickets\/euromillions\">A compra de bilhetes para o jackpot da lotaria online Euromilh\u00f5es<\/a> pode ser tornada menos aborrecida atrav\u00e9s de n\u00f3s. Uma vez registado no nosso site e verificado, s\u00f3 ter\u00e1 de seleccionar a sua lotaria e fazer o pagamento necess\u00e1rio. Uma vez feito isto, um bilhete de lotaria \u00e9 comprado em seu nome e um scan \u00e9 carregado na sua conta, uma vez que tenha pago atrav\u00e9s dos meios de pagamento seleccionados.<\/p>\n<p>Al\u00e9m disso, se estiver interessado em continuar a jogar o jackpot online Euromilh\u00f5es durante algum tempo, poder\u00e1 seleccionar os seus n\u00fameros ou aleatoriz\u00e1-los e poder\u00e1 participar em v\u00e1rios sorteios, mas s\u00f3 precisar\u00e1 de pagar uma vez de poucas em poucas semanas.<\/p>\n<h2>Como funciona o jackpot online da lotaria Euromilh\u00f5es<\/h2>\n<p><img loading=\"lazy\" decoding=\"async\" class=\"alignright wp-image-17411\" src=\"http:\/\/jackpotlotteryonline.com\/wp-content\/uploads\/2022\/10\/euromillions.png\" alt=\"jogar euromilh\u00f5es online\" width=\"143\" height=\"152\" \/><\/p>\n<p>Tem de escolher cinco n\u00fameros entre 1 e 50 mais 2 n\u00fameros adicionais Lucky Star (entre 1 e 9) para ganhar o jackpot. <a href=\"http:\/\/jackpotlotteryonline.com\/pt-pt\/numeros-vencedores\/euromillions\">O sorteio do jackpot Euromilh\u00f5es<\/a> tem lugar todas as sextas-feiras \u00e0 noite, e para al\u00e9m do jackpot, existem 11 n\u00edveis de pr\u00e9mios. As probabilidades de ganhar pelo menos algum pr\u00e9mio s\u00e3o de um em 24.<\/p>\n<h2>Verifica\u00e7\u00e3o dos resultados<\/h2>\n<p>Pode verificar os resultados online em qualquer altura, uma vez terminado o sorteio. De facto, pode utilizar o seu iPad, iPhone, ou qualquer outro dispositivo deste tipo para se manter a par das coisas. Assim que tiver a sorte de ganhar um pr\u00e9mio ou o jackpot online da lotaria Euromilh\u00f5es, tamb\u00e9m o ajudaremos a reclamar o pr\u00e9mio e a garantir que o mesmo lhe seja entregue.<\/p>\n<section class=\"layout\" style=\"border: solid 1px; width: 100%;\">\n<div class=\"img-div\" style=\"margin-top: 5px;\"><img decoding=\"async\" class=\"wp-image-17212 alignleft\" style=\"height: 45px; margin: 8px 8px 0px;\" src=\"http:\/\/jackpotlotteryonline.com\/wp-content\/uploads\/2022\/11\/read1.jpg\" alt=\"ler\" width=\"\" height=\"\" \/><\/div>\n<div style=\"padding-left: 5px;\">\n<div style=\"font-size: 1.1em;\">\n<p><strong>As lotarias que t\u00eam as melhores probabilidades de ganhar em grande<\/strong><\/p>\n<p style=\"font-size: 0.85em; margin-top: -1.5em;\">Qual a lotaria que tem melhores hip\u00f3teses de ganhar?\u00a0 <a href=\"https:\/\/jackpotlotteryonline.com\/pt-pt\/qual-a-lotaria-que-tem-as-melhores-hipoteses-de-ganhar\"> leia mais<\/a><\/p>\n<\/div>\n<\/div>\n<\/section>\n<h2>O jackpot online da lotaria Euromilh\u00f5es<\/h2>\n<p>O jackpot Euromilh\u00f5es foi inicialmente lan\u00e7ado a 7 de Fevereiro de 2004 e realizou o seu primeiro sorteio em Paris a 13 de Fevereiro de 2004. O jackpot mais not\u00e1vel foi num dos sorteios recentes (12 de Julho de 2011), e o montante de 185.000.000 euros foi embolsado por Colin e Chris Weir de Glasgow (Reino Unido).<\/p>\n<p>O jackpot online da lotaria Euromilh\u00f5es n\u00e3o tem estado sem a sua pr\u00f3pria quota-parte de esc\u00e2ndalos &#8211; principalmente os que apareceram na B\u00e9lgica em 2009. No entanto, t\u00eam estado sem qualquer racioc\u00ednio subsistente e, desde ent\u00e3o, t\u00eam sido anulados. Por isso, \u00e9 tempo de tentar a sua sorte numa das maiores ofertas monet\u00e1rias de sempre.<\/p>\n","protected":false},"excerpt":{"rendered":"<p>Obter um bilhete para o Euromilh\u00f5es online Euromilh\u00f5es \u00e9 uma lotaria que se realiza em v\u00e1rios pa\u00edses europeus como Fran\u00e7a, Reino Unido, Espanha, Irlanda, B\u00e9lgica, Luxemburgo, e Su\u00ed\u00e7a. O jackpot da lotaria online Euromilh\u00f5es come\u00e7a com um montante de 15 milh\u00f5es de euros e o jackpot recorde \u00e9 de 190 milh\u00f5es de euros. Para jogar [&hellip;]<\/p>\n","protected":false},"author":1,"featured_media":0,"parent":35712,"menu_order":3,"comment_status":"closed","ping_status":"closed","template":"euromillions.php","meta":{"_et_pb_use_builder":"","_et_pb_old_content":"","_et_gb_content_width":"","exclude_from_search":false,"footnotes":""},"class_list":["post-36032","page","type-page","status-publish","hentry"],"yoast_head":"<!-- This site is optimized with the Yoast SEO plugin v23.3 - https:\/\/yoast.com\/wordpress\/plugins\/seo\/ -->\n<title>Jogar Euromilh\u00f5es online a partir de qualquer lugar, mesmo fora da Europa<\/title>\n<meta name=\"description\" content=\"A lotaria Euromilh\u00f5es \u00e9 uma das lotarias mais procuradas. Pode jogar agora com um bilhete online, mesmo que se encontre fora da Europa.\" \/>\n<meta name=\"robots\" content=\"index, follow, max-snippet:-1, max-image-preview:large, max-video-preview:-1\" \/>\n<link rel=\"canonical\" href=\"https:\/\/jackpotlotteryonline.com\/play-online\/euromillions\/\" \/>\n<meta property=\"og:locale\" content=\"pt_PT\" \/>\n<meta property=\"og:type\" content=\"article\" \/>\n<meta property=\"og:title\" content=\"Jogar Euromilh\u00f5es online a partir de qualquer lugar, mesmo fora da Europa\" \/>\n<meta property=\"og:description\" content=\"A lotaria Euromilh\u00f5es \u00e9 uma das lotarias mais procuradas. Pode jogar agora com um bilhete online, mesmo que se encontre fora da Europa.\" \/>\n<meta property=\"og:url\" content=\"https:\/\/jackpotlotteryonline.com\/play-online\/euromillions\/\" \/>\n<meta property=\"og:site_name\" content=\"Lotto Online - Crack The International Lottery Jackpots\" \/>\n<meta property=\"article:modified_time\" content=\"2022-12-30T20:16:49+00:00\" \/>\n<meta property=\"og:image\" content=\"http:\/\/jackpotlotteryonline.com\/wp-content\/uploads\/2022\/10\/2_ticket_euromillions3-111x300.jpg\" \/>\n<meta name=\"twitter:card\" content=\"summary_large_image\" \/>\n<meta name=\"twitter:label1\" content=\"Tempo estimado de leitura\" \/>\n\t<meta name=\"twitter:data1\" content=\"4 minutos\" \/>\n<!-- \/ Yoast SEO plugin. -->","yoast_head_json":{"title":"Jogar Euromilh\u00f5es online a partir de qualquer lugar, mesmo fora da Europa","description":"A lotaria Euromilh\u00f5es \u00e9 uma das lotarias mais procuradas. Pode jogar agora com um bilhete online, mesmo que se encontre fora da Europa.","robots":{"index":"index","follow":"follow","max-snippet":"max-snippet:-1","max-image-preview":"max-image-preview:large","max-video-preview":"max-video-preview:-1"},"canonical":"https:\/\/jackpotlotteryonline.com\/play-online\/euromillions\/","og_locale":"pt_PT","og_type":"article","og_title":"Jogar Euromilh\u00f5es online a partir de qualquer lugar, mesmo fora da Europa","og_description":"A lotaria Euromilh\u00f5es \u00e9 uma das lotarias mais procuradas. Pode jogar agora com um bilhete online, mesmo que se encontre fora da Europa.","og_url":"https:\/\/jackpotlotteryonline.com\/play-online\/euromillions\/","og_site_name":"Lotto Online - Crack The International Lottery Jackpots","article_modified_time":"2022-12-30T20:16:49+00:00","og_image":[{"url":"http:\/\/jackpotlotteryonline.com\/wp-content\/uploads\/2022\/10\/2_ticket_euromillions3-111x300.jpg"}],"twitter_card":"summary_large_image","twitter_misc":{"Tempo estimado de leitura":"4 minutos"},"schema":{"@context":"https:\/\/schema.org","@graph":[{"@type":"WebPage","@id":"https:\/\/jackpotlotteryonline.com\/play-online\/euromillions\/","url":"https:\/\/jackpotlotteryonline.com\/play-online\/euromillions\/","name":"Jogar Euromilh\u00f5es online a partir de qualquer lugar, mesmo fora da Europa","isPartOf":{"@id":"https:\/\/jackpotlotteryonline.com\/#website"},"primaryImageOfPage":{"@id":"https:\/\/jackpotlotteryonline.com\/play-online\/euromillions\/#primaryimage"},"image":{"@id":"https:\/\/jackpotlotteryonline.com\/play-online\/euromillions\/#primaryimage"},"thumbnailUrl":"http:\/\/jackpotlotteryonline.com\/wp-content\/uploads\/2022\/10\/2_ticket_euromillions3-111x300.jpg","datePublished":"2022-11-03T08:27:14+00:00","dateModified":"2022-12-30T20:16:49+00:00","description":"A lotaria Euromilh\u00f5es \u00e9 uma das lotarias mais procuradas. Pode jogar agora com um bilhete online, mesmo que se encontre fora da Europa.","breadcrumb":{"@id":"https:\/\/jackpotlotteryonline.com\/play-online\/euromillions\/#breadcrumb"},"inLanguage":"pt-PT","potentialAction":[{"@type":"ReadAction","target":["https:\/\/jackpotlotteryonline.com\/play-online\/euromillions\/"]}]},{"@type":"ImageObject","inLanguage":"pt-PT","@id":"https:\/\/jackpotlotteryonline.com\/play-online\/euromillions\/#primaryimage","url":"http:\/\/jackpotlotteryonline.com\/wp-content\/uploads\/2022\/10\/2_ticket_euromillions3-111x300.jpg","contentUrl":"http:\/\/jackpotlotteryonline.com\/wp-content\/uploads\/2022\/10\/2_ticket_euromillions3-111x300.jpg"},{"@type":"BreadcrumbList","@id":"https:\/\/jackpotlotteryonline.com\/play-online\/euromillions\/#breadcrumb","itemListElement":[{"@type":"ListItem","position":1,"name":"Home","item":"https:\/\/jackpotlotteryonline.com\/pt-pt\/"},{"@type":"ListItem","position":2,"name":"Como jogar","item":"https:\/\/jackpotlotteryonline.com\/play-online\/"},{"@type":"ListItem","position":3,"name":"Jogar Euro Milh\u00f5es"}]},{"@type":"WebSite","@id":"https:\/\/jackpotlotteryonline.com\/#website","url":"https:\/\/jackpotlotteryonline.com\/","name":"Lotto Online - Crack The International Lottery Jackpots","description":"","potentialAction":[{"@type":"SearchAction","target":{"@type":"EntryPoint","urlTemplate":"https:\/\/jackpotlotteryonline.com\/?s={search_term_string}"},"query-input":"required name=search_term_string"}],"inLanguage":"pt-PT"}]}},"_links":{"self":[{"href":"https:\/\/jackpotlotteryonline.com\/pt-pt\/wp-json\/wp\/v2\/pages\/36032","targetHints":{"allow":["GET"]}}],"collection":[{"href":"https:\/\/jackpotlotteryonline.com\/pt-pt\/wp-json\/wp\/v2\/pages"}],"about":[{"href":"https:\/\/jackpotlotteryonline.com\/pt-pt\/wp-json\/wp\/v2\/types\/page"}],"author":[{"embeddable":true,"href":"https:\/\/jackpotlotteryonline.com\/pt-pt\/wp-json\/wp\/v2\/users\/1"}],"replies":[{"embeddable":true,"href":"https:\/\/jackpotlotteryonline.com\/pt-pt\/wp-json\/wp\/v2\/comments?post=36032"}],"version-history":[{"count":0,"href":"https:\/\/jackpotlotteryonline.com\/pt-pt\/wp-json\/wp\/v2\/pages\/36032\/revisions"}],"up":[{"embeddable":true,"href":"https:\/\/jackpotlotteryonline.com\/pt-pt\/wp-json\/wp\/v2\/pages\/35712"}],"wp:attachment":[{"href":"https:\/\/jackpotlotteryonline.com\/pt-pt\/wp-json\/wp\/v2\/media?parent=36032"}],"curies":[{"name":"wp","href":"https:\/\/api.w.org\/{rel}","templated":true}]}}