{"id":36085,"date":"2022-11-03T10:00:26","date_gmt":"2022-11-03T10:00:26","guid":{"rendered":"https:\/\/jackpotlotteryonline.com\/?page_id=36085"},"modified":"2022-12-30T21:04:13","modified_gmt":"2022-12-30T21:04:13","slug":"eurojackpot","status":"publish","type":"page","link":"https:\/\/jackpotlotteryonline.com\/pt-pt\/como-jogar\/eurojackpot\/","title":{"rendered":"EuroJackpot"},"content":{"rendered":"<h2>Como participar no Eurojackpot de qualquer pa\u00eds<\/h2>\n<p><strong>O Eurojackpot<\/strong>, juntamente com o Euromilh\u00f5es, \u00e9 uma das maiores e mais populares lotarias de toda a Europa e \u00e9 jogada por milh\u00f5es de pessoas em todo o mundo todas as semanas. O Eurojackpot foi criado pela primeira vez em 1994, contudo, com v\u00e1rias mudan\u00e7as nas regras e formato, foi adiado por alguns anos at\u00e9 ser finalmente lan\u00e7ado e pronto para jogar na Europa no ano de 2004.<br \/>\n<img loading=\"lazy\" decoding=\"async\" class=\"alignright wp-image-18574\" src=\"http:\/\/jackpotlotteryonline.com\/wp-content\/uploads\/2022\/10\/1_online_ticket_eurojackpot2.jpg\" alt=\"jogar eurojackpot online\" width=\"260\" height=\"173\" \/><\/p>\n<p>Desde que o primeiro sorteio foi realizado em 2004, milh\u00f5es de pessoas t\u00eam jogado este incr\u00edvel jogo de azar, e tem havido muitos vencedores do jackpot, alguns dos quais tiveram a sorte de ganhar pr\u00e9mios jackpot de mais de 180 milh\u00f5es de Euros!<\/p>\n<p>Com um jackpot padr\u00e3o de 15 milh\u00f5es de euros, n\u00e3o \u00e9 de admirar que o EuroJackpot seja tamb\u00e9m jogado online por milh\u00f5es de pessoas todas as semanas. As regras s\u00e3o muito simples &#8211; para jogar e ganhar o jackpot, \u00e9 necess\u00e1rio escolher correctamente 5 n\u00fameros, de um intervalo entre 1 e 50, al\u00e9m de corresponder correctamente a mais 2 n\u00fameros chamados &#8220;estrelas da sorte&#8221;, entre 1 e 11.<\/p>\n<p><a href=\"https:\/\/jackpotlotteryonline.com\/pt-pt\/comprar-tickets\/eurojackpot\">Obtenha j\u00e1 o seu bilhete online<\/a> atrav\u00e9s do nosso servi\u00e7o &#8211; qualquer pessoa pode participar e ganhar!<\/p>\n<section class=\"layout\" style=\"border: solid 1px; width: 100%;\">\n<div class=\"img-div\" style=\"margin-top: 5px;\"><img decoding=\"async\" class=\"wp-image-17212 alignleft\" style=\"height: 45px; margin: 8px 8px 0px;\" src=\"http:\/\/jackpotlotteryonline.com\/wp-content\/uploads\/2022\/11\/read1.jpg\" alt=\"ler\" width=\"\" height=\"\" \/><\/div>\n<div style=\"padding-left: 5px;\">\n<div style=\"font-size: 1.1em;\">\n<p><strong>Qual \u00e9 a melhor lotaria internacional?<\/strong><\/p>\n<p style=\"font-size: 0.85em; margin-top: -1.5em;\">Qual das lotarias internacionais tem as melhores probabilidades de ganhar \u00a0<a href=\"https:\/\/jackpotlotteryonline.com\/pt-pt\/qual-e-a-melhor-lotaria-internacional\">leia mais<\/a><\/p>\n<\/div>\n<\/div>\n<\/section>\n<h2>Compre um bilhete para o EuroJackpot online<\/h2>\n<p><strong>O \u00f3ptimo de jogar o EuroJackpot online<\/strong> \u00e9 que h\u00e1 muitos pr\u00e9mios a serem ganhos, por isso se n\u00e3o for o vencedor do jackpot, n\u00e3o se preocupe, pois pode muito bem continuar a ter a possibilidade de ganhar grandes pr\u00e9mios em dinheiro. Para al\u00e9m do grande pr\u00e9mio do jackpot que poder\u00e1 ganhar quando comprar um bilhete para o EuroJackpot online, existem 13 pr\u00e9mios diferentes que poder\u00e1 ganhar.<br \/>\n<img loading=\"lazy\" decoding=\"async\" class=\"alignright size-medium wp-image-18736\" src=\"http:\/\/jackpotlotteryonline.com\/wp-content\/uploads\/2022\/10\/2_ticket_eurojackpot-141x300.jpg\" alt=\"bilhete de eurojackpot\" width=\"141\" height=\"300\" srcset=\"https:\/\/jackpotlotteryonline.com\/wp-content\/uploads\/2022\/10\/2_ticket_eurojackpot-141x300.jpg 141w, https:\/\/jackpotlotteryonline.com\/wp-content\/uploads\/2022\/10\/2_ticket_eurojackpot.jpg 150w\" sizes=\"auto, (max-width: 141px) 100vw, 141px\" \/><\/p>\n<p>Se n\u00e3o houver vencedor do grande pr\u00e9mio do jackpot, o Eurojackpot passa para outra semana. \u00c9 por isso que j\u00e1 houve grandes jackpots de 100 milh\u00f5es de euros ou mais no passado. A lotaria \u00e9 normalmente jogada por residentes de pa\u00edses europeus, pelo que todas as semanas os participantes em locais como o Reino Unido, Fran\u00e7a, Alemanha e Su\u00ed\u00e7a compram online bilhetes para o Eurojackpot.<\/p>\n<p>Comprar um bilhete de lotaria online est\u00e1 a tornar-se rapidamente a forma mais popular de jogar na lotaria Eurojackpot. As regras s\u00e3o as mesmas, no entanto, todo o processo de jogar \u00e9 muito mais r\u00e1pido e f\u00e1cil em termos de comprar o seu bilhete. Por exemplo, em vez de se dirigir \u00e0 sua loja local para comprar um bilhete f\u00edsico, pode simplesmente entrar no site de jogo, e seleccionar os seus pr\u00f3prios n\u00fameros no conforto da sua pr\u00f3pria casa, ou mesmo no seu escrit\u00f3rio em segundos.<\/p>\n<p>Depois de ter seleccionado os seus n\u00fameros da sorte, ou mesmo v\u00e1rios conjuntos de n\u00fameros se quiser realmente aumentar as suas hip\u00f3teses de ganhar, pode tamb\u00e9m pagar o seu bilhete online de forma segura e segura. Ap\u00f3s cada<a href=\"http:\/\/jackpotlotteryonline.com\/pt-pt\/numeros-vencedores\/euromillions\"> sorteio do Eurojackpot<\/a>, os resultados ser\u00e3o actualizados online dentro de um momento ap\u00f3s o \u00faltimo n\u00famero ser revelado todas as semanas. Isto significa que pode simplesmente entrar na sua conta novamente, e ver os n\u00fameros vencedores em segundos, eliminando a necessidade de procurar resultados nos jornais.<\/p>\n<p>Al\u00e9m disso, quando jogar o EuroJackpot online connosco, ser-lhe-\u00e1 tamb\u00e9m enviado automaticamente um e-mail se tiver correspondido a quaisquer n\u00fameros.<\/p>\n","protected":false},"excerpt":{"rendered":"<p>Como participar no Eurojackpot de qualquer pa\u00eds O Eurojackpot, juntamente com o Euromilh\u00f5es, \u00e9 uma das maiores e mais populares lotarias de toda a Europa e \u00e9 jogada por milh\u00f5es de pessoas em todo o mundo todas as semanas. O Eurojackpot foi criado pela primeira vez em 1994, contudo, com v\u00e1rias mudan\u00e7as nas regras e [&hellip;]<\/p>\n","protected":false},"author":1,"featured_media":0,"parent":35712,"menu_order":4,"comment_status":"closed","ping_status":"closed","template":"eurojackpot.php","meta":{"_et_pb_use_builder":"","_et_pb_old_content":"","_et_gb_content_width":"","exclude_from_search":false,"footnotes":""},"class_list":["post-36085","page","type-page","status-publish","hentry"],"yoast_head":"<!-- This site is optimized with the Yoast SEO plugin v23.3 - https:\/\/yoast.com\/wordpress\/plugins\/seo\/ -->\n<title>Jogar Eurojackpot online, mesmo de fora da Europa<\/title>\n<meta name=\"description\" content=\"Jogar Eurojackpot Online aproxima-o de ser um milion\u00e1rio!\" \/>\n<meta name=\"robots\" content=\"index, follow, max-snippet:-1, max-image-preview:large, max-video-preview:-1\" \/>\n<link rel=\"canonical\" href=\"https:\/\/jackpotlotteryonline.com\/play-online\/eurojackpot\/\" \/>\n<meta property=\"og:locale\" content=\"pt_PT\" \/>\n<meta property=\"og:type\" content=\"article\" \/>\n<meta property=\"og:title\" content=\"Jogar Eurojackpot online, mesmo de fora da Europa\" \/>\n<meta property=\"og:description\" content=\"Jogar Eurojackpot Online aproxima-o de ser um milion\u00e1rio!\" \/>\n<meta property=\"og:url\" content=\"https:\/\/jackpotlotteryonline.com\/play-online\/eurojackpot\/\" \/>\n<meta property=\"og:site_name\" content=\"Lotto Online - Crack The International Lottery Jackpots\" \/>\n<meta property=\"article:modified_time\" content=\"2022-12-30T21:04:13+00:00\" \/>\n<meta property=\"og:image\" content=\"http:\/\/jackpotlotteryonline.com\/wp-content\/uploads\/2022\/10\/1_online_ticket_eurojackpot2.jpg\" \/>\n<meta name=\"twitter:card\" content=\"summary_large_image\" \/>\n<meta name=\"twitter:label1\" content=\"Tempo estimado de leitura\" \/>\n\t<meta name=\"twitter:data1\" content=\"3 minutos\" \/>\n<!-- \/ Yoast SEO plugin. -->","yoast_head_json":{"title":"Jogar Eurojackpot online, mesmo de fora da Europa","description":"Jogar Eurojackpot Online aproxima-o de ser um milion\u00e1rio!","robots":{"index":"index","follow":"follow","max-snippet":"max-snippet:-1","max-image-preview":"max-image-preview:large","max-video-preview":"max-video-preview:-1"},"canonical":"https:\/\/jackpotlotteryonline.com\/play-online\/eurojackpot\/","og_locale":"pt_PT","og_type":"article","og_title":"Jogar Eurojackpot online, mesmo de fora da Europa","og_description":"Jogar Eurojackpot Online aproxima-o de ser um milion\u00e1rio!","og_url":"https:\/\/jackpotlotteryonline.com\/play-online\/eurojackpot\/","og_site_name":"Lotto Online - Crack The International Lottery Jackpots","article_modified_time":"2022-12-30T21:04:13+00:00","og_image":[{"url":"http:\/\/jackpotlotteryonline.com\/wp-content\/uploads\/2022\/10\/1_online_ticket_eurojackpot2.jpg"}],"twitter_card":"summary_large_image","twitter_misc":{"Tempo estimado de leitura":"3 minutos"},"schema":{"@context":"https:\/\/schema.org","@graph":[{"@type":"WebPage","@id":"https:\/\/jackpotlotteryonline.com\/play-online\/eurojackpot\/","url":"https:\/\/jackpotlotteryonline.com\/play-online\/eurojackpot\/","name":"Jogar Eurojackpot online, mesmo de fora da Europa","isPartOf":{"@id":"https:\/\/jackpotlotteryonline.com\/#website"},"primaryImageOfPage":{"@id":"https:\/\/jackpotlotteryonline.com\/play-online\/eurojackpot\/#primaryimage"},"image":{"@id":"https:\/\/jackpotlotteryonline.com\/play-online\/eurojackpot\/#primaryimage"},"thumbnailUrl":"http:\/\/jackpotlotteryonline.com\/wp-content\/uploads\/2022\/10\/1_online_ticket_eurojackpot2.jpg","datePublished":"2022-11-03T10:00:26+00:00","dateModified":"2022-12-30T21:04:13+00:00","description":"Jogar Eurojackpot Online aproxima-o de ser um milion\u00e1rio!","breadcrumb":{"@id":"https:\/\/jackpotlotteryonline.com\/play-online\/eurojackpot\/#breadcrumb"},"inLanguage":"pt-PT","potentialAction":[{"@type":"ReadAction","target":["https:\/\/jackpotlotteryonline.com\/play-online\/eurojackpot\/"]}]},{"@type":"ImageObject","inLanguage":"pt-PT","@id":"https:\/\/jackpotlotteryonline.com\/play-online\/eurojackpot\/#primaryimage","url":"http:\/\/jackpotlotteryonline.com\/wp-content\/uploads\/2022\/10\/1_online_ticket_eurojackpot2.jpg","contentUrl":"http:\/\/jackpotlotteryonline.com\/wp-content\/uploads\/2022\/10\/1_online_ticket_eurojackpot2.jpg"},{"@type":"BreadcrumbList","@id":"https:\/\/jackpotlotteryonline.com\/play-online\/eurojackpot\/#breadcrumb","itemListElement":[{"@type":"ListItem","position":1,"name":"Home","item":"https:\/\/jackpotlotteryonline.com\/pt-pt\/"},{"@type":"ListItem","position":2,"name":"Como jogar","item":"https:\/\/jackpotlotteryonline.com\/play-online\/"},{"@type":"ListItem","position":3,"name":"EuroJackpot"}]},{"@type":"WebSite","@id":"https:\/\/jackpotlotteryonline.com\/#website","url":"https:\/\/jackpotlotteryonline.com\/","name":"Lotto Online - Crack The International Lottery Jackpots","description":"","potentialAction":[{"@type":"SearchAction","target":{"@type":"EntryPoint","urlTemplate":"https:\/\/jackpotlotteryonline.com\/?s={search_term_string}"},"query-input":"required name=search_term_string"}],"inLanguage":"pt-PT"}]}},"_links":{"self":[{"href":"https:\/\/jackpotlotteryonline.com\/pt-pt\/wp-json\/wp\/v2\/pages\/36085","targetHints":{"allow":["GET"]}}],"collection":[{"href":"https:\/\/jackpotlotteryonline.com\/pt-pt\/wp-json\/wp\/v2\/pages"}],"about":[{"href":"https:\/\/jackpotlotteryonline.com\/pt-pt\/wp-json\/wp\/v2\/types\/page"}],"author":[{"embeddable":true,"href":"https:\/\/jackpotlotteryonline.com\/pt-pt\/wp-json\/wp\/v2\/users\/1"}],"replies":[{"embeddable":true,"href":"https:\/\/jackpotlotteryonline.com\/pt-pt\/wp-json\/wp\/v2\/comments?post=36085"}],"version-history":[{"count":0,"href":"https:\/\/jackpotlotteryonline.com\/pt-pt\/wp-json\/wp\/v2\/pages\/36085\/revisions"}],"up":[{"embeddable":true,"href":"https:\/\/jackpotlotteryonline.com\/pt-pt\/wp-json\/wp\/v2\/pages\/35712"}],"wp:attachment":[{"href":"https:\/\/jackpotlotteryonline.com\/pt-pt\/wp-json\/wp\/v2\/media?parent=36085"}],"curies":[{"name":"wp","href":"https:\/\/api.w.org\/{rel}","templated":true}]}}