{"id":36137,"date":"2022-11-03T13:31:00","date_gmt":"2022-11-03T13:31:00","guid":{"rendered":"https:\/\/jackpotlotteryonline.com\/?page_id=36137"},"modified":"2022-12-31T07:37:36","modified_gmt":"2022-12-31T07:37:36","slug":"superenalotto","status":"publish","type":"page","link":"https:\/\/jackpotlotteryonline.com\/pt-pt\/como-jogar\/superenalotto\/","title":{"rendered":"SuperEnaLotto It\u00e1lia"},"content":{"rendered":"<h2>Superenalotto It\u00e1lia<\/h2>\n<p>Este \u00e9 o Jackpot italiano que foi sorteado pela primeira vez a 3 de Dezembro de 1997, e o <strong>jackpot online da Superenalotto<\/strong> atinge montantes astron\u00f3micos com muita frequ\u00eancia. \u00c9 sorteado todas as ter\u00e7as, quintas, e s\u00e1bados em ponto \u00e0s 20 horas. Com os maiores montantes de jackpot envolvidos, as probabilidades de ganhar esta lotaria est\u00e3o entre as mais baixas. <strong>A Superenalotto Italia<\/strong> \u00e9 conhecida por atingir montantes de jackpot superiores a 250 milh\u00f5es de euros.<\/p>\n<section class=\"layout\" style=\"border: solid 1px; width: 100%;\">\n<div class=\"img-div\" style=\"margin-top: 5px;\"><img decoding=\"async\" class=\"wp-image-17212 alignleft\" style=\"height: 45px; margin: 8px 8px 0px;\" src=\"http:\/\/jackpotlotteryonline.com\/wp-content\/uploads\/2022\/11\/read1.jpg\" alt=\"ler\" width=\"\" height=\"\" \/><\/div>\n<div style=\"padding-left: 5px;\">\n<div style=\"font-size: 1.1em;\">\n<p><strong>Lotarias Europeias<\/strong><\/p>\n<p style=\"font-size: 0.85em; margin-top: -1.5em;\">Que lotarias europeias s\u00e3o as melhores? <a href=\"https:\/\/jackpotlotteryonline.com\/pt-pt\/quais-as-lotarias-europeias-que-sao-as-melhores\">leia mais<\/a><\/p>\n<\/div>\n<\/div>\n<\/section>\n<h2>Como funciona a Superenalotto<\/h2>\n<p><img loading=\"lazy\" decoding=\"async\" class=\"alignright wp-image-17735\" src=\"http:\/\/jackpotlotteryonline.com\/wp-content\/uploads\/2022\/10\/logo_superenalotto.png\" alt=\"bilhete superenalotto\" width=\"168\" height=\"178\" \/><\/p>\n<p><strong>A Superenalotto<\/strong> envolve a correspond\u00eancia de 6 n\u00fameros de um total de 90. <a href=\"http:\/\/jackpotlotteryonline.com\/pt-pt\/numeros-vencedores\/superenalotto\">O sorteio principal<\/a> inclui o sorteio de todos os 6 n\u00fameros que incluem o n\u00famero Jolly, e depois realiza-se um segundo sorteio independente para o n\u00famero Superstar. Para ter alguma hip\u00f3tese de ganhar alguma coisa na <strong>Superenalotto It\u00e1lia<\/strong>, \u00e9 preciso acertar pelo menos 3 n\u00fameros e as probabilidades de se conseguir isso s\u00e3o de 1 em 327. Para ganhar o jackpot, as probabilidades s\u00e3o de 1 em 622 milh\u00f5es.<\/p>\n<p>O n\u00famero Superstar custa mais caro para jogar, mas se estiver a jogar e tiver a sorte de o acertar, pode aumentar o pr\u00e9mio em 100 vezes. De facto, se corresponder ao n\u00famero Superstar e n\u00e3o corresponder aos seis n\u00fameros b\u00e1sicos, tamb\u00e9m pode ir-se embora com um montante fixo em dinheiro do pr\u00e9mio.<\/p>\n<h2>O que se pode ganhar com o Jackpot da Superenalotto?<\/h2>\n<p>O ano 2022 v\u00ea actualmente o maior jackpot de sempre d<strong>a Superenalotto It\u00e1lia, que actualmente \u00e9 de<\/strong> 295 milh\u00f5es de euros. Este \u00e9 de longe o maior jackpot a ser ganho na hist\u00f3ria da lotaria italiana, e na altura em que esta p\u00e1gina est\u00e1 a ser actualizada, ainda n\u00e3o foi encontrado nenhum vencedor!<br \/>\n<img loading=\"lazy\" decoding=\"async\" class=\"alignright size-medium wp-image-19493\" src=\"http:\/\/jackpotlotteryonline.com\/wp-content\/uploads\/2022\/10\/2_ticket_superenalotto4-211x300.jpg\" alt=\"superenalotto ticket\" width=\"211\" height=\"300\" srcset=\"https:\/\/jackpotlotteryonline.com\/wp-content\/uploads\/2022\/10\/2_ticket_superenalotto4-211x300.jpg 211w, https:\/\/jackpotlotteryonline.com\/wp-content\/uploads\/2022\/10\/2_ticket_superenalotto4.jpg 300w\" sizes=\"auto, (max-width: 211px) 100vw, 211px\" \/><\/p>\n<p>No entanto, n\u00e3o h\u00e1 raz\u00e3o para desanimar. Na verdade, quanto maiores forem as probabilidades, maior ser\u00e1 o jackpot a ser ganho e melhor ser\u00e1 a adrenalina. A lotaria tem sido sempre um jogo de sorte e as probabilidades s\u00e3o de ser o pr\u00f3ximo sortudo.<\/p>\n<p>O melhor aspecto do <strong>jackpot online da Superena<\/strong> \u00e9 que qualquer pessoa de qualquer parte do mundo pode participar nele, mesmo de fora de It\u00e1lia, e a \u00fanica base de participa\u00e7\u00e3o \u00e9 que se deve ter mais de 18 anos de idade. <strong>O nosso website<\/strong> d\u00e1-lhe a <a href=\"https:\/\/jackpotlotteryonline.com\/pt-pt\/comprar-tickets\/superenalotto\">melhor oportunidade de participar na Superenalotto Italia<\/a> e se ainda n\u00e3o o jogou, est\u00e1 a abusar da sua sorte no lugar errado.<\/p>\n<p>Uma vez inscrito no nosso website e depois de ter verificado as suas credenciais, tudo o que precisa de fazer \u00e9 seleccionar os seus n\u00fameros e fazer o pagamento para se certificar de que reservou o seu lugar no autocarro a milh\u00f5es. O nosso representante local comprar\u00e1 o seu bilhete localmente com os n\u00fameros que especificou e certificar-se-\u00e1 de que poder\u00e1 ver um scan desse bilhete pouco tempo depois&#8230;<\/p>\n<p>Embora ganhar o <strong>Superenalotto Italia<\/strong> seja uma quest\u00e3o de probabilidades desfavor\u00e1veis, pode tamb\u00e9m verificar as outras lotarias em todo o mundo que pode jogar online, com a ajuda do nosso servi\u00e7o.<\/p>\n<p>Seleccione os seus jogos de azar favoritos e obtenha as suas percentagens vencedoras, juntando-se hoje \u00e0 comunidade dos nossos utilizadores. Chegou o momento de colocar a sua sorte \u00e0 prova.<\/p>\n","protected":false},"excerpt":{"rendered":"<p>Superenalotto It\u00e1lia Este \u00e9 o Jackpot italiano que foi sorteado pela primeira vez a 3 de Dezembro de 1997, e o jackpot online da Superenalotto atinge montantes astron\u00f3micos com muita frequ\u00eancia. \u00c9 sorteado todas as ter\u00e7as, quintas, e s\u00e1bados em ponto \u00e0s 20 horas. Com os maiores montantes de jackpot envolvidos, as probabilidades de ganhar [&hellip;]<\/p>\n","protected":false},"author":1,"featured_media":0,"parent":35712,"menu_order":5,"comment_status":"closed","ping_status":"closed","template":"superenalotto.php","meta":{"_et_pb_use_builder":"","_et_pb_old_content":"","_et_gb_content_width":"","exclude_from_search":false,"footnotes":""},"class_list":["post-36137","page","type-page","status-publish","hentry"],"yoast_head":"<!-- This site is optimized with the Yoast SEO plugin v23.3 - https:\/\/yoast.com\/wordpress\/plugins\/seo\/ -->\n<title>Jogar SuperEnaLotto Online a partir de fora de It\u00e1lia<\/title>\n<meta name=\"description\" content=\"A Superenalotto pode parecer ser uma noz dura de roer, mas se acertar no jackpot, ganha em grande. Jogue aqui a Superenalotto de fora de It\u00e1lia!\" \/>\n<meta name=\"robots\" content=\"index, follow, max-snippet:-1, max-image-preview:large, max-video-preview:-1\" \/>\n<link rel=\"canonical\" href=\"https:\/\/jackpotlotteryonline.com\/play-online\/superenalotto\/\" \/>\n<meta property=\"og:locale\" content=\"pt_PT\" \/>\n<meta property=\"og:type\" content=\"article\" \/>\n<meta property=\"og:title\" content=\"Jogar SuperEnaLotto Online a partir de fora de It\u00e1lia\" \/>\n<meta property=\"og:description\" content=\"A Superenalotto pode parecer ser uma noz dura de roer, mas se acertar no jackpot, ganha em grande. Jogue aqui a Superenalotto de fora de It\u00e1lia!\" \/>\n<meta property=\"og:url\" content=\"https:\/\/jackpotlotteryonline.com\/play-online\/superenalotto\/\" \/>\n<meta property=\"og:site_name\" content=\"Lotto Online - Crack The International Lottery Jackpots\" \/>\n<meta property=\"article:modified_time\" content=\"2022-12-31T07:37:36+00:00\" \/>\n<meta property=\"og:image\" content=\"http:\/\/jackpotlotteryonline.com\/wp-content\/uploads\/2022\/11\/read1.jpg\" \/>\n<meta name=\"twitter:card\" content=\"summary_large_image\" \/>\n<meta name=\"twitter:label1\" content=\"Tempo estimado de leitura\" \/>\n\t<meta name=\"twitter:data1\" content=\"3 minutos\" \/>\n<!-- \/ Yoast SEO plugin. -->","yoast_head_json":{"title":"Jogar SuperEnaLotto Online a partir de fora de It\u00e1lia","description":"A Superenalotto pode parecer ser uma noz dura de roer, mas se acertar no jackpot, ganha em grande. Jogue aqui a Superenalotto de fora de It\u00e1lia!","robots":{"index":"index","follow":"follow","max-snippet":"max-snippet:-1","max-image-preview":"max-image-preview:large","max-video-preview":"max-video-preview:-1"},"canonical":"https:\/\/jackpotlotteryonline.com\/play-online\/superenalotto\/","og_locale":"pt_PT","og_type":"article","og_title":"Jogar SuperEnaLotto Online a partir de fora de It\u00e1lia","og_description":"A Superenalotto pode parecer ser uma noz dura de roer, mas se acertar no jackpot, ganha em grande. Jogue aqui a Superenalotto de fora de It\u00e1lia!","og_url":"https:\/\/jackpotlotteryonline.com\/play-online\/superenalotto\/","og_site_name":"Lotto Online - Crack The International Lottery Jackpots","article_modified_time":"2022-12-31T07:37:36+00:00","og_image":[{"url":"http:\/\/jackpotlotteryonline.com\/wp-content\/uploads\/2022\/11\/read1.jpg"}],"twitter_card":"summary_large_image","twitter_misc":{"Tempo estimado de leitura":"3 minutos"},"schema":{"@context":"https:\/\/schema.org","@graph":[{"@type":"WebPage","@id":"https:\/\/jackpotlotteryonline.com\/play-online\/superenalotto\/","url":"https:\/\/jackpotlotteryonline.com\/play-online\/superenalotto\/","name":"Jogar SuperEnaLotto Online a partir de fora de It\u00e1lia","isPartOf":{"@id":"https:\/\/jackpotlotteryonline.com\/#website"},"primaryImageOfPage":{"@id":"https:\/\/jackpotlotteryonline.com\/play-online\/superenalotto\/#primaryimage"},"image":{"@id":"https:\/\/jackpotlotteryonline.com\/play-online\/superenalotto\/#primaryimage"},"thumbnailUrl":"http:\/\/jackpotlotteryonline.com\/wp-content\/uploads\/2022\/11\/read1.jpg","datePublished":"2022-11-03T13:31:00+00:00","dateModified":"2022-12-31T07:37:36+00:00","description":"A Superenalotto pode parecer ser uma noz dura de roer, mas se acertar no jackpot, ganha em grande. Jogue aqui a Superenalotto de fora de It\u00e1lia!","breadcrumb":{"@id":"https:\/\/jackpotlotteryonline.com\/play-online\/superenalotto\/#breadcrumb"},"inLanguage":"pt-PT","potentialAction":[{"@type":"ReadAction","target":["https:\/\/jackpotlotteryonline.com\/play-online\/superenalotto\/"]}]},{"@type":"ImageObject","inLanguage":"pt-PT","@id":"https:\/\/jackpotlotteryonline.com\/play-online\/superenalotto\/#primaryimage","url":"http:\/\/jackpotlotteryonline.com\/wp-content\/uploads\/2022\/11\/read1.jpg","contentUrl":"http:\/\/jackpotlotteryonline.com\/wp-content\/uploads\/2022\/11\/read1.jpg"},{"@type":"BreadcrumbList","@id":"https:\/\/jackpotlotteryonline.com\/play-online\/superenalotto\/#breadcrumb","itemListElement":[{"@type":"ListItem","position":1,"name":"Home","item":"https:\/\/jackpotlotteryonline.com\/pt-pt\/"},{"@type":"ListItem","position":2,"name":"Como jogar","item":"https:\/\/jackpotlotteryonline.com\/play-online\/"},{"@type":"ListItem","position":3,"name":"SuperEnaLotto It\u00e1lia"}]},{"@type":"WebSite","@id":"https:\/\/jackpotlotteryonline.com\/#website","url":"https:\/\/jackpotlotteryonline.com\/","name":"Lotto Online - Crack The International Lottery Jackpots","description":"","potentialAction":[{"@type":"SearchAction","target":{"@type":"EntryPoint","urlTemplate":"https:\/\/jackpotlotteryonline.com\/?s={search_term_string}"},"query-input":"required name=search_term_string"}],"inLanguage":"pt-PT"}]}},"_links":{"self":[{"href":"https:\/\/jackpotlotteryonline.com\/pt-pt\/wp-json\/wp\/v2\/pages\/36137","targetHints":{"allow":["GET"]}}],"collection":[{"href":"https:\/\/jackpotlotteryonline.com\/pt-pt\/wp-json\/wp\/v2\/pages"}],"about":[{"href":"https:\/\/jackpotlotteryonline.com\/pt-pt\/wp-json\/wp\/v2\/types\/page"}],"author":[{"embeddable":true,"href":"https:\/\/jackpotlotteryonline.com\/pt-pt\/wp-json\/wp\/v2\/users\/1"}],"replies":[{"embeddable":true,"href":"https:\/\/jackpotlotteryonline.com\/pt-pt\/wp-json\/wp\/v2\/comments?post=36137"}],"version-history":[{"count":0,"href":"https:\/\/jackpotlotteryonline.com\/pt-pt\/wp-json\/wp\/v2\/pages\/36137\/revisions"}],"up":[{"embeddable":true,"href":"https:\/\/jackpotlotteryonline.com\/pt-pt\/wp-json\/wp\/v2\/pages\/35712"}],"wp:attachment":[{"href":"https:\/\/jackpotlotteryonline.com\/pt-pt\/wp-json\/wp\/v2\/media?parent=36137"}],"curies":[{"name":"wp","href":"https:\/\/api.w.org\/{rel}","templated":true}]}}