{"id":36197,"date":"2022-11-04T06:48:28","date_gmt":"2022-11-04T06:48:28","guid":{"rendered":"https:\/\/jackpotlotteryonline.com\/?page_id=36197"},"modified":"2023-01-03T08:31:20","modified_gmt":"2023-01-03T08:31:20","slug":"el-gordo","status":"publish","type":"page","link":"https:\/\/jackpotlotteryonline.com\/pt-pt\/como-jogar\/el-gordo\/","title":{"rendered":"Jogue El Gordo Lotto Espanha"},"content":{"rendered":"<h2>Jackpot do loto El Gordo Online<\/h2>\n<p><img loading=\"lazy\" decoding=\"async\" class=\"alignright wp-image-18709\" src=\"https:\/\/jackpotlotteryonline.com\/wp-content\/uploads\/2022\/10\/2_ticket_el_gordo3-218x300.jpg\" alt=\"el gordo bilhete\" width=\"174\" height=\"239\" srcset=\"https:\/\/jackpotlotteryonline.com\/wp-content\/uploads\/2022\/10\/2_ticket_el_gordo3-218x300.jpg 218w, https:\/\/jackpotlotteryonline.com\/wp-content\/uploads\/2022\/10\/2_ticket_el_gordo3.jpg 570w\" sizes=\"auto, (max-width: 174px) 100vw, 174px\" \/><\/p>\n<p>O espanhol m\u00e9dio gastou uma quantia incr\u00edvel de 60 euros no jackpot do loto El Gordo em 2009. Bem, o valor de 60 euros pode n\u00e3o parecer grande coisa, mas se o multiplicarmos pela popula\u00e7\u00e3o espanhola, podemos ficar at\u00f3nitos. Mais conhecida pela edi\u00e7\u00e3o espanhola da lotaria de Natal, a lotaria El Gordo \u00e9 tamb\u00e9m um evento semanal.<\/p>\n<p>\u00c9 uma lotaria com<a href=\"https:\/\/jackpotlotteryonline.com\/pt-pt\/numeros-vencedores\/el-gordo-draw-results\"> um sorteio por semana (todos os domingos)<\/a>, e \u00e9 preciso escolher 5 n\u00fameros de uma gama de 54 n\u00fameros. O nome El Gordo, a prop\u00f3sito, \u00e9 espanhol para &#8220;The Big One&#8221;.<\/p>\n<h2>O sorteio de Natal de El Gordo<\/h2>\n<p>Jogado uma vez por ano na altura do Natal, El Gordo Navidad \u00e9 muito diferente das outras lotarias compar\u00e1veis no mundo, uma vez que existem apenas 85000 n\u00fameros de lotaria dispon\u00edveis (de 00000 a 84999) e o sorteio da lotaria \u00e9 um evento muito especial que leva muito tempo a ser preparado e executado.<\/p>\n<section class=\"layout\" style=\"border: solid 1px; width: 100%;\">\n<div class=\"img-div\" style=\"margin-top: 5px;\"><img decoding=\"async\" class=\"wp-image-17212 alignleft\" style=\"height: 45px; margin: 8px 8px 0px;\" src=\"https:\/\/jackpotlotteryonline.com\/wp-content\/uploads\/2022\/11\/read1.jpg\" alt=\"ler\" width=\"\" height=\"\" \/><\/div>\n<div style=\"padding-left: 5px;\">\n<div style=\"font-size: 1.1em;\">\n<p><strong>N\u00e3o perca os sorteios dos maiores jackpots de lotaria do mundo<\/strong><\/p>\n<p style=\"font-size: 0.85em; margin-top: -1.5em;\">Uma lista dos tempos de sorteio para as lotarias internacionais\u00a0<a href=\"https:\/\/jackpotlotteryonline.com\/pt-pt\/quando-sao-os-sorteios-para-as-lotarias-internacionais\"> leia mais<\/a><\/p>\n<\/div>\n<\/div>\n<\/section>\n<h2>Porque \u00e9 que o Natal El Gordo \u00e9 \u00fanico?<\/h2>\n<p><img loading=\"lazy\" decoding=\"async\" class=\"alignright size-full wp-image-17870\" src=\"https:\/\/jackpotlotteryonline.com\/wp-content\/uploads\/2022\/10\/lotto_euros.jpg\" alt=\"vencer o natal El Gordo\" width=\"225\" height=\"134\" \/><\/p>\n<p>O sorteio em si \u00e9 muito \u00fanico e diferente. N\u00e3o h\u00e1 praticamente nenhuma maquinaria ou tecnologia envolvida. Uma grande esfera est\u00e1 cheia de bolas de madeira, cada uma das quais tem um dos n\u00fameros de 5 d\u00edgitos. Uma segunda esfera cont\u00e9m as bolas com os pr\u00e9mios. O sorteio \u00e9 feito por duas crian\u00e7as, que retiram uma bola de cada esfera, o que define o n\u00famero vencedor e o pr\u00e9mio que este n\u00famero ganhou.<\/p>\n<p>Inteiramente sorteado por m\u00e3os humanas, o jackpot da lotaria El Gordo Online \u00e9 muito \u00fanico e um dos mais procurados na Europa Continental. Existem tr\u00eas pr\u00e9mios de topo e mais de 1000 mais pequenos, e os n\u00fameros que coincidem parcialmente com os tr\u00eas primeiros pr\u00e9mios tamb\u00e9m ganham algo. Isto aumenta bastante as hip\u00f3teses de ganhar.<\/p>\n<p>El Gordo \u00e9 um dos maiores jackpots de lotaria do mundo, com um pr\u00e9mio total em dinheiro de mais de 3 bili\u00f5es de Euros todos os anos (a partir de agora e est\u00e1 em constante aumento). N\u00e3o precisa de ser espanhol ou cidad\u00e3o europeu, qualquer pessoa com mais de 18 anos pode jogar na lotaria El Gordo.<\/p>\n<h2>Como e porqu\u00ea jogar o El Gordo Online?<\/h2>\n<p>Inscreva-se hoje no nosso website para se certificar de que reserva o seu lugar \u00e0s riquezas. Vamos ajudar os jogadores de fora de Espanha a participar na lotaria El Gordo. Tudo o que precisa de fazer \u00e9 criar a sua conta, escolher os seus n\u00fameros e completar o pagamento. Depois, assegurar-nos-emos de que <a href=\"https:\/\/jackpotlotteryonline.com\/pt-pt\/comprar-tickets\/el-gordo\">um bilhete \u00e9 comprado em seu nome para o jackpot da lotaria El Gordo<\/a>. O bilhete com os seus n\u00fameros seleccionados ser\u00e1 digitalizado para si, e no caso de ganhar uma fortuna, ajudaremos tamb\u00e9m a assegurar que o dinheiro lhe seja entregue o mais rapidamente poss\u00edvel. \u00c9 recomendado que reserve hoje o seu bilhete com os seus n\u00fameros favoritos.<\/p>\n","protected":false},"excerpt":{"rendered":"<p>Jackpot do loto El Gordo Online O espanhol m\u00e9dio gastou uma quantia incr\u00edvel de 60 euros no jackpot do loto El Gordo em 2009. Bem, o valor de 60 euros pode n\u00e3o parecer grande coisa, mas se o multiplicarmos pela popula\u00e7\u00e3o espanhola, podemos ficar at\u00f3nitos. Mais conhecida pela edi\u00e7\u00e3o espanhola da lotaria de Natal, a [&hellip;]<\/p>\n","protected":false},"author":1,"featured_media":0,"parent":35712,"menu_order":6,"comment_status":"closed","ping_status":"closed","template":"el-gordo.php","meta":{"_et_pb_use_builder":"","_et_pb_old_content":"","_et_gb_content_width":"","exclude_from_search":false,"footnotes":""},"class_list":["post-36197","page","type-page","status-publish","hentry"],"yoast_head":"<!-- This site is optimized with the Yoast SEO plugin v23.3 - https:\/\/yoast.com\/wordpress\/plugins\/seo\/ -->\n<title>Jogue a Lotaria El Gordo de Espanha online - mesmo de fora de Espanha<\/title>\n<meta name=\"description\" content=\"O Jackpot da Lotaria El Gordo Online \u00e9 um dos maiores jackpots do mundo e pode ser jogado online a partir de pa\u00edses fora de Espanha.\" \/>\n<meta name=\"robots\" content=\"index, follow, max-snippet:-1, max-image-preview:large, max-video-preview:-1\" \/>\n<link rel=\"canonical\" href=\"https:\/\/jackpotlotteryonline.com\/play-online\/el-gordo\/\" \/>\n<meta property=\"og:locale\" content=\"pt_PT\" \/>\n<meta property=\"og:type\" content=\"article\" \/>\n<meta property=\"og:title\" content=\"Jogue a Lotaria El Gordo de Espanha online - mesmo de fora de Espanha\" \/>\n<meta property=\"og:description\" content=\"O Jackpot da Lotaria El Gordo Online \u00e9 um dos maiores jackpots do mundo e pode ser jogado online a partir de pa\u00edses fora de Espanha.\" \/>\n<meta property=\"og:url\" content=\"https:\/\/jackpotlotteryonline.com\/play-online\/el-gordo\/\" \/>\n<meta property=\"og:site_name\" content=\"Lotto Online - Crack The International Lottery Jackpots\" \/>\n<meta property=\"article:modified_time\" content=\"2023-01-03T08:31:20+00:00\" \/>\n<meta property=\"og:image\" content=\"https:\/\/jackpotlotteryonline.com\/wp-content\/uploads\/2022\/10\/2_ticket_el_gordo3-218x300.jpg\" \/>\n<meta name=\"twitter:card\" content=\"summary_large_image\" \/>\n<meta name=\"twitter:label1\" content=\"Tempo estimado de leitura\" \/>\n\t<meta name=\"twitter:data1\" content=\"3 minutos\" \/>\n<!-- \/ Yoast SEO plugin. -->","yoast_head_json":{"title":"Jogue a Lotaria El Gordo de Espanha online - mesmo de fora de Espanha","description":"O Jackpot da Lotaria El Gordo Online \u00e9 um dos maiores jackpots do mundo e pode ser jogado online a partir de pa\u00edses fora de Espanha.","robots":{"index":"index","follow":"follow","max-snippet":"max-snippet:-1","max-image-preview":"max-image-preview:large","max-video-preview":"max-video-preview:-1"},"canonical":"https:\/\/jackpotlotteryonline.com\/play-online\/el-gordo\/","og_locale":"pt_PT","og_type":"article","og_title":"Jogue a Lotaria El Gordo de Espanha online - mesmo de fora de Espanha","og_description":"O Jackpot da Lotaria El Gordo Online \u00e9 um dos maiores jackpots do mundo e pode ser jogado online a partir de pa\u00edses fora de Espanha.","og_url":"https:\/\/jackpotlotteryonline.com\/play-online\/el-gordo\/","og_site_name":"Lotto Online - Crack The International Lottery Jackpots","article_modified_time":"2023-01-03T08:31:20+00:00","og_image":[{"url":"https:\/\/jackpotlotteryonline.com\/wp-content\/uploads\/2022\/10\/2_ticket_el_gordo3-218x300.jpg"}],"twitter_card":"summary_large_image","twitter_misc":{"Tempo estimado de leitura":"3 minutos"},"schema":{"@context":"https:\/\/schema.org","@graph":[{"@type":"WebPage","@id":"https:\/\/jackpotlotteryonline.com\/play-online\/el-gordo\/","url":"https:\/\/jackpotlotteryonline.com\/play-online\/el-gordo\/","name":"Jogue a Lotaria El Gordo de Espanha online - mesmo de fora de Espanha","isPartOf":{"@id":"https:\/\/jackpotlotteryonline.com\/#website"},"primaryImageOfPage":{"@id":"https:\/\/jackpotlotteryonline.com\/play-online\/el-gordo\/#primaryimage"},"image":{"@id":"https:\/\/jackpotlotteryonline.com\/play-online\/el-gordo\/#primaryimage"},"thumbnailUrl":"https:\/\/jackpotlotteryonline.com\/wp-content\/uploads\/2022\/10\/2_ticket_el_gordo3-218x300.jpg","datePublished":"2022-11-04T06:48:28+00:00","dateModified":"2023-01-03T08:31:20+00:00","description":"O Jackpot da Lotaria El Gordo Online \u00e9 um dos maiores jackpots do mundo e pode ser jogado online a partir de pa\u00edses fora de Espanha.","breadcrumb":{"@id":"https:\/\/jackpotlotteryonline.com\/play-online\/el-gordo\/#breadcrumb"},"inLanguage":"pt-PT","potentialAction":[{"@type":"ReadAction","target":["https:\/\/jackpotlotteryonline.com\/play-online\/el-gordo\/"]}]},{"@type":"ImageObject","inLanguage":"pt-PT","@id":"https:\/\/jackpotlotteryonline.com\/play-online\/el-gordo\/#primaryimage","url":"https:\/\/jackpotlotteryonline.com\/wp-content\/uploads\/2022\/10\/2_ticket_el_gordo3-218x300.jpg","contentUrl":"https:\/\/jackpotlotteryonline.com\/wp-content\/uploads\/2022\/10\/2_ticket_el_gordo3-218x300.jpg"},{"@type":"BreadcrumbList","@id":"https:\/\/jackpotlotteryonline.com\/play-online\/el-gordo\/#breadcrumb","itemListElement":[{"@type":"ListItem","position":1,"name":"Home","item":"https:\/\/jackpotlotteryonline.com\/pt-pt\/"},{"@type":"ListItem","position":2,"name":"Como jogar","item":"https:\/\/jackpotlotteryonline.com\/play-online\/"},{"@type":"ListItem","position":3,"name":"Jogue El Gordo Lotto Espanha"}]},{"@type":"WebSite","@id":"https:\/\/jackpotlotteryonline.com\/#website","url":"https:\/\/jackpotlotteryonline.com\/","name":"Lotto Online - Crack The International Lottery Jackpots","description":"","potentialAction":[{"@type":"SearchAction","target":{"@type":"EntryPoint","urlTemplate":"https:\/\/jackpotlotteryonline.com\/?s={search_term_string}"},"query-input":"required name=search_term_string"}],"inLanguage":"pt-PT"}]}},"_links":{"self":[{"href":"https:\/\/jackpotlotteryonline.com\/pt-pt\/wp-json\/wp\/v2\/pages\/36197","targetHints":{"allow":["GET"]}}],"collection":[{"href":"https:\/\/jackpotlotteryonline.com\/pt-pt\/wp-json\/wp\/v2\/pages"}],"about":[{"href":"https:\/\/jackpotlotteryonline.com\/pt-pt\/wp-json\/wp\/v2\/types\/page"}],"author":[{"embeddable":true,"href":"https:\/\/jackpotlotteryonline.com\/pt-pt\/wp-json\/wp\/v2\/users\/1"}],"replies":[{"embeddable":true,"href":"https:\/\/jackpotlotteryonline.com\/pt-pt\/wp-json\/wp\/v2\/comments?post=36197"}],"version-history":[{"count":0,"href":"https:\/\/jackpotlotteryonline.com\/pt-pt\/wp-json\/wp\/v2\/pages\/36197\/revisions"}],"up":[{"embeddable":true,"href":"https:\/\/jackpotlotteryonline.com\/pt-pt\/wp-json\/wp\/v2\/pages\/35712"}],"wp:attachment":[{"href":"https:\/\/jackpotlotteryonline.com\/pt-pt\/wp-json\/wp\/v2\/media?parent=36197"}],"curies":[{"name":"wp","href":"https:\/\/api.w.org\/{rel}","templated":true}]}}