{"id":36254,"date":"2022-11-04T08:23:44","date_gmt":"2022-11-04T08:23:44","guid":{"rendered":"https:\/\/jackpotlotteryonline.com\/?page_id=36254"},"modified":"2022-12-31T10:57:59","modified_gmt":"2022-12-31T10:57:59","slug":"france-lotto","status":"publish","type":"page","link":"https:\/\/jackpotlotteryonline.com\/pt-pt\/como-jogar\/france-lotto\/","title":{"rendered":"Jogue na lotaria francesa"},"content":{"rendered":"<h2>France Lotto online<\/h2>\n<p><img loading=\"lazy\" decoding=\"async\" class=\"alignright size-full wp-image-18410\" src=\"https:\/\/jackpotlotteryonline.com\/wp-content\/uploads\/2022\/10\/win_big.jpg\" alt=\"jogar na loto da fran\u00e7a online\" width=\"224\" height=\"134\" \/><\/p>\n<p>A France Lotto \u00e9 uma das mais antigas lotarias europeias organizadas e \u00e9 organizada e gerida pelo Grupo Francaise des Jeux. \u00c9 muito popular em Fran\u00e7a e noutras partes da Europa. Sendo os franceses f\u00e3s altamente apaixonados do jogo do acaso, a <a href=\"https:\/\/jackpotlotteryonline.com\/pt-pt\/numeros-vencedores\/france-lotto-2\">France Lotto online \u00e9 sorteada tr\u00eas vezes por semana (segundas, quartas e s\u00e1bados)<\/a>, ao contr\u00e1rio da maioria das outras lotarias europeias que s\u00e3o sorteadas apenas duas vezes por semana. Os pr\u00e9mios totais atribu\u00eddos pela lotaria francesa est\u00e3o estimados em mais de 4,4 mil milh\u00f5es por ano e vem com um grande jackpot.<\/p>\n<p>N\u00e3o \u00e9 necess\u00e1rio ser residente em Fran\u00e7a &#8211;<strong> jogar na lotaria francesa de fora de Fran\u00e7a \u00e9 poss\u00edvel online com a nossa assist\u00eancia.<\/strong><\/p>\n<p>Em compara\u00e7\u00e3o com outras lotarias europeias, a lotaria francesa online v\u00ea um grande incremento nos jackpots que oferece, uma vez que o jackpot aumenta em um milh\u00e3o de Euros. Com tr\u00eas sorteios semanais, acumula-se e sobe muito rapidamente at\u00e9 ser ganho. O facto de o jackpot n\u00e3o contar como o mais alto entre as lotarias prova que o jackpot \u00e9 ganho mais do que em outras lotarias.<\/p>\n<p>Diz-se que a France Lotto online criou mais milion\u00e1rios do que a maioria das outras lotarias compar\u00e1veis na Europa. Deve correr os seus riscos e <a href=\"https:\/\/jackpotlotteryonline.com\/pt-pt\/comprar-tickets\/lotto-france\">comprar um bilhete online para a France Lotto<\/a> e tornar-se o pr\u00f3ximo milion\u00e1rio.<\/p>\n<p>Estamos aqui para o ajudar a jogar a lotaria de Fran\u00e7a online. Jogar este jogo \u00e9 t\u00e3o simples como o ABC e eles ajud\u00e1-lo-\u00e3o ao longo de todo o caminho.<\/p>\n<section class=\"layout\" style=\"border: solid 1px; width: 100%;\">\n<div class=\"img-div\" style=\"margin-top: 5px;\"><img decoding=\"async\" class=\"wp-image-17212 alignleft\" style=\"height: 45px; margin: 8px 8px 0px;\" src=\"https:\/\/jackpotlotteryonline.com\/wp-content\/uploads\/2022\/11\/read1.jpg\" alt=\"ler\" width=\"\" height=\"\" \/><\/div>\n<div style=\"padding-left: 5px;\">\n<div style=\"font-size: 1.1em;\">\n<p><strong>Veja os seus n\u00fameros da lotaria a serem sorteados ao vivo<\/strong><\/p>\n<p style=\"font-size: 0.85em; margin-top: -1.5em;\">Como assistir aos sorteios ao vivo das suas lotarias favoritas\u00a0 <a href=\"https:\/\/jackpotlotteryonline.com\/pt-pt\/ver-os-seus-numeros-da-lotaria-a-serem-sorteados-ao-vivo\">leia mais<\/a><\/p>\n<\/div>\n<\/div>\n<\/section>\n<h2>Como jogar o France Lotto online?<\/h2>\n<p><img loading=\"lazy\" decoding=\"async\" class=\"alignright wp-image-27131\" src=\"https:\/\/jackpotlotteryonline.com\/wp-content\/uploads\/2022\/11\/1_jckpot_win_online.jpg\" alt=\"jackpot da lotaria francesa\" width=\"159\" height=\"159\" srcset=\"https:\/\/jackpotlotteryonline.com\/wp-content\/uploads\/2022\/11\/1_jckpot_win_online.jpg 300w, https:\/\/jackpotlotteryonline.com\/wp-content\/uploads\/2022\/11\/1_jckpot_win_online-100x100.jpg 100w, https:\/\/jackpotlotteryonline.com\/wp-content\/uploads\/2022\/11\/1_jckpot_win_online-150x150.jpg 150w\" sizes=\"auto, (max-width: 159px) 100vw, 159px\" \/><\/p>\n<p>Como qualquer outra lotaria, a lotaria de Fran\u00e7a envolve escolher 5 n\u00fameros de 49 e um \u00fanico n\u00famero de um outro grupo de 10 n\u00fameros. Adquirir um bilhete \u00e9 f\u00e1cil, uma vez que fa\u00e7a a sua encomenda atrav\u00e9s de n\u00f3s, adquiriremos um bilhete em seu nome. Logo ap\u00f3s a compra, poder\u00e1 ver os n\u00fameros que escolheu na sua conta, e um pouco mais tarde, um scan da sua entrada tamb\u00e9m ser\u00e1 vis\u00edvel na sua conta.<\/p>\n<p>Se estiver c\u00e9ptico quanto \u00e0 selec\u00e7\u00e3o dos n\u00fameros, temos tamb\u00e9m um gerador de n\u00fameros de lotaria e a op\u00e7\u00e3o Quick Pick da France Lotto online permite que sejam jogados n\u00fameros aleat\u00f3rios.<\/p>\n<p>Tem de ter mais de 18 anos de idade para comprar um bilhete de lotaria francesa online e antes de o fazer atrav\u00e9s de n\u00f3s, pode fazer algumas pesquisas sobre resultados passados, para o ajudar a seleccionar os seus pr\u00f3prios n\u00fameros da sorte.<\/p>\n<h2>Recolhendo os seus pr\u00e9mios da lotaria em Fran\u00e7a online<\/h2>\n<p>Para al\u00e9m do jackpot, a France Lotto online tamb\u00e9m oferece outros pr\u00e9mios para n\u00fameros correspondentes. Ao contr\u00e1rio das lotarias americanas, os pr\u00e9mios s\u00e3o pagos na totalidade e em dinheiro. Ter\u00e1 de fazer os seus pedidos no prazo de 2 meses a partir da data do sorteio, com o qual o ajudaremos. Os montantes dos pr\u00e9mios inferiores a 2500 euros ser\u00e3o creditados na sua conta no nosso website. O dinheiro do pr\u00e9mio acima desse montante ter\u00e1 de ser encaminhado para o centro de pagamento Francaise des Jeux.<\/p>\n<p>Se estiver a jogar atrav\u00e9s de n\u00f3s, tamb\u00e9m o ajudaremos a recolher os seus pr\u00e9mios, reclamando em seu nome e assegurando que o pr\u00e9mio lhe seja entregue o mais rapidamente poss\u00edvel. Venha inscrever-se hoje gratuitamente e reclamar benef\u00edcios imprevistos!<\/p>\n<p>Todos os pr\u00e9mios ganhos no France Lotto s\u00e3o pagos sem impostos!<\/p>\n","protected":false},"excerpt":{"rendered":"<p>France Lotto online A France Lotto \u00e9 uma das mais antigas lotarias europeias organizadas e \u00e9 organizada e gerida pelo Grupo Francaise des Jeux. \u00c9 muito popular em Fran\u00e7a e noutras partes da Europa. Sendo os franceses f\u00e3s altamente apaixonados do jogo do acaso, a France Lotto online \u00e9 sorteada tr\u00eas vezes por semana (segundas, [&hellip;]<\/p>\n","protected":false},"author":1,"featured_media":0,"parent":35712,"menu_order":9,"comment_status":"closed","ping_status":"closed","template":"lotto-fr.php","meta":{"_et_pb_use_builder":"","_et_pb_old_content":"","_et_gb_content_width":"","exclude_from_search":false,"footnotes":""},"class_list":["post-36254","page","type-page","status-publish","hentry"],"yoast_head":"<!-- This site is optimized with the Yoast SEO plugin v23.3 - https:\/\/yoast.com\/wordpress\/plugins\/seo\/ -->\n<title>Participar na France Lotto online, de fora de Fran\u00e7a<\/title>\n<meta name=\"description\" content=\"Comprar bilhete para a lotaria de Fran\u00e7a aqui - permitimos aos f\u00e3s da lotaria de fora de Fran\u00e7a obterem um bilhete para esta lotaria popular\" \/>\n<meta name=\"robots\" content=\"index, follow, max-snippet:-1, max-image-preview:large, max-video-preview:-1\" \/>\n<link rel=\"canonical\" href=\"https:\/\/jackpotlotteryonline.com\/play-online\/france-lotto\/\" \/>\n<meta property=\"og:locale\" content=\"pt_PT\" \/>\n<meta property=\"og:type\" content=\"article\" \/>\n<meta property=\"og:title\" content=\"Participar na France Lotto online, de fora de Fran\u00e7a\" \/>\n<meta property=\"og:description\" content=\"Comprar bilhete para a lotaria de Fran\u00e7a aqui - permitimos aos f\u00e3s da lotaria de fora de Fran\u00e7a obterem um bilhete para esta lotaria popular\" \/>\n<meta property=\"og:url\" content=\"https:\/\/jackpotlotteryonline.com\/play-online\/france-lotto\/\" \/>\n<meta property=\"og:site_name\" content=\"Lotto Online - Crack The International Lottery Jackpots\" \/>\n<meta property=\"article:modified_time\" content=\"2022-12-31T10:57:59+00:00\" \/>\n<meta property=\"og:image\" content=\"https:\/\/jackpotlotteryonline.com\/wp-content\/uploads\/2022\/10\/win_big.jpg\" \/>\n<meta name=\"twitter:card\" content=\"summary_large_image\" \/>\n<meta name=\"twitter:label1\" content=\"Tempo estimado de leitura\" \/>\n\t<meta name=\"twitter:data1\" content=\"3 minutos\" \/>\n<!-- \/ Yoast SEO plugin. -->","yoast_head_json":{"title":"Participar na France Lotto online, de fora de Fran\u00e7a","description":"Comprar bilhete para a lotaria de Fran\u00e7a aqui - permitimos aos f\u00e3s da lotaria de fora de Fran\u00e7a obterem um bilhete para esta lotaria popular","robots":{"index":"index","follow":"follow","max-snippet":"max-snippet:-1","max-image-preview":"max-image-preview:large","max-video-preview":"max-video-preview:-1"},"canonical":"https:\/\/jackpotlotteryonline.com\/play-online\/france-lotto\/","og_locale":"pt_PT","og_type":"article","og_title":"Participar na France Lotto online, de fora de Fran\u00e7a","og_description":"Comprar bilhete para a lotaria de Fran\u00e7a aqui - permitimos aos f\u00e3s da lotaria de fora de Fran\u00e7a obterem um bilhete para esta lotaria popular","og_url":"https:\/\/jackpotlotteryonline.com\/play-online\/france-lotto\/","og_site_name":"Lotto Online - Crack The International Lottery Jackpots","article_modified_time":"2022-12-31T10:57:59+00:00","og_image":[{"url":"https:\/\/jackpotlotteryonline.com\/wp-content\/uploads\/2022\/10\/win_big.jpg"}],"twitter_card":"summary_large_image","twitter_misc":{"Tempo estimado de leitura":"3 minutos"},"schema":{"@context":"https:\/\/schema.org","@graph":[{"@type":"WebPage","@id":"https:\/\/jackpotlotteryonline.com\/play-online\/france-lotto\/","url":"https:\/\/jackpotlotteryonline.com\/play-online\/france-lotto\/","name":"Participar na France Lotto online, de fora de Fran\u00e7a","isPartOf":{"@id":"https:\/\/jackpotlotteryonline.com\/#website"},"primaryImageOfPage":{"@id":"https:\/\/jackpotlotteryonline.com\/play-online\/france-lotto\/#primaryimage"},"image":{"@id":"https:\/\/jackpotlotteryonline.com\/play-online\/france-lotto\/#primaryimage"},"thumbnailUrl":"https:\/\/jackpotlotteryonline.com\/wp-content\/uploads\/2022\/10\/win_big.jpg","datePublished":"2022-11-04T08:23:44+00:00","dateModified":"2022-12-31T10:57:59+00:00","description":"Comprar bilhete para a lotaria de Fran\u00e7a aqui - permitimos aos f\u00e3s da lotaria de fora de Fran\u00e7a obterem um bilhete para esta lotaria popular","breadcrumb":{"@id":"https:\/\/jackpotlotteryonline.com\/play-online\/france-lotto\/#breadcrumb"},"inLanguage":"pt-PT","potentialAction":[{"@type":"ReadAction","target":["https:\/\/jackpotlotteryonline.com\/play-online\/france-lotto\/"]}]},{"@type":"ImageObject","inLanguage":"pt-PT","@id":"https:\/\/jackpotlotteryonline.com\/play-online\/france-lotto\/#primaryimage","url":"https:\/\/jackpotlotteryonline.com\/wp-content\/uploads\/2022\/10\/win_big.jpg","contentUrl":"https:\/\/jackpotlotteryonline.com\/wp-content\/uploads\/2022\/10\/win_big.jpg"},{"@type":"BreadcrumbList","@id":"https:\/\/jackpotlotteryonline.com\/play-online\/france-lotto\/#breadcrumb","itemListElement":[{"@type":"ListItem","position":1,"name":"Home","item":"https:\/\/jackpotlotteryonline.com\/pt-pt\/"},{"@type":"ListItem","position":2,"name":"Como jogar","item":"https:\/\/jackpotlotteryonline.com\/play-online\/"},{"@type":"ListItem","position":3,"name":"Jogue na lotaria francesa"}]},{"@type":"WebSite","@id":"https:\/\/jackpotlotteryonline.com\/#website","url":"https:\/\/jackpotlotteryonline.com\/","name":"Lotto Online - Crack The International Lottery Jackpots","description":"","potentialAction":[{"@type":"SearchAction","target":{"@type":"EntryPoint","urlTemplate":"https:\/\/jackpotlotteryonline.com\/?s={search_term_string}"},"query-input":"required name=search_term_string"}],"inLanguage":"pt-PT"}]}},"_links":{"self":[{"href":"https:\/\/jackpotlotteryonline.com\/pt-pt\/wp-json\/wp\/v2\/pages\/36254","targetHints":{"allow":["GET"]}}],"collection":[{"href":"https:\/\/jackpotlotteryonline.com\/pt-pt\/wp-json\/wp\/v2\/pages"}],"about":[{"href":"https:\/\/jackpotlotteryonline.com\/pt-pt\/wp-json\/wp\/v2\/types\/page"}],"author":[{"embeddable":true,"href":"https:\/\/jackpotlotteryonline.com\/pt-pt\/wp-json\/wp\/v2\/users\/1"}],"replies":[{"embeddable":true,"href":"https:\/\/jackpotlotteryonline.com\/pt-pt\/wp-json\/wp\/v2\/comments?post=36254"}],"version-history":[{"count":0,"href":"https:\/\/jackpotlotteryonline.com\/pt-pt\/wp-json\/wp\/v2\/pages\/36254\/revisions"}],"up":[{"embeddable":true,"href":"https:\/\/jackpotlotteryonline.com\/pt-pt\/wp-json\/wp\/v2\/pages\/35712"}],"wp:attachment":[{"href":"https:\/\/jackpotlotteryonline.com\/pt-pt\/wp-json\/wp\/v2\/media?parent=36254"}],"curies":[{"name":"wp","href":"https:\/\/api.w.org\/{rel}","templated":true}]}}