{"id":36312,"date":"2022-11-04T09:57:19","date_gmt":"2022-11-04T09:57:19","guid":{"rendered":"https:\/\/jackpotlotteryonline.com\/?page_id=36312"},"modified":"2022-12-31T10:04:56","modified_gmt":"2022-12-31T10:04:56","slug":"german-lotto","status":"publish","type":"page","link":"https:\/\/jackpotlotteryonline.com\/pt-pt\/como-jogar\/german-lotto\/","title":{"rendered":"Loto alem\u00e3o"},"content":{"rendered":"<h2>A Lotaria Alem\u00e3 est\u00e1 agora dispon\u00edvel online<\/h2>\n<p><img loading=\"lazy\" decoding=\"async\" class=\"alignright wp-image-18464 size-full\" src=\"http:\/\/jackpotlotteryonline.com\/wp-content\/uploads\/2022\/10\/win_lottery_online.jpg\" alt=\"jogar lotaria alem\u00e3 online\" width=\"231\" height=\"130\" \/><\/p>\n<p>A lotaria na Alemanha tem mais de 5 d\u00e9cadas e a lotaria alem\u00e3 online \u00e9 organizada e gerida pela Deutscher Lotto e Toto Block. Com um<a href=\"https:\/\/jackpotlotteryonline.com\/pt-pt\/numeros-vencedores\/german-lotto\"> sorteio quinzenal na quarta-feira<\/a> e no s\u00e1bado, a lotaria alem\u00e3 online vem com um dos maiores jackpots europeus, na maioria das vezes. Portanto, h\u00e1 todos os motivos para jogar na lotaria alem\u00e3 com um bilhete online se vive fora da Alemanha.<\/p>\n<p>Se n\u00e3o vive na Alemanha, ent\u00e3o a sua \u00fanica op\u00e7\u00e3o para jogar a lotaria alem\u00e3 online \u00e9 connosco. Uma vez inscrito no nosso website, poder\u00e1 obter todas as informa\u00e7\u00f5es relevantes relacionadas com a lotaria alem\u00e3 online. Isto inclui resultados antigos, um gerador de n\u00fameros de lotaria, e a \u00e1rea onde pode comprar o bilhete. Eles ir\u00e3o mesmo ajud\u00e1-lo a reclamar e a receber o pr\u00e9mio.<\/p>\n<h2>Como funciona a lotaria alem\u00e3 online<\/h2>\n<p>Tudo o que precisa de fazer \u00e9<a href=\"https:\/\/jackpotlotteryonline.com\/pt-pt\/comprar-tickets\/lotto-germany\"> comprar um bilhete para a lotaria alem\u00e3 online<\/a>, seleccionando 6 n\u00fameros de um grupo de 49. Ter\u00e1 tamb\u00e9m a op\u00e7\u00e3o de escolher um super n\u00famero entre 1 e 10. O sorteio principal \u00e9 para os n\u00fameros base e, posteriormente, \u00e9 feito um sorteio para o super n\u00famero. Quando os 6 n\u00fameros base coincidirem, ganha o primeiro pr\u00e9mio de recompensa. O jackpot real \u00e9 atribu\u00eddo quando os seus 6 n\u00fameros base e o super n\u00famero coincidem com o sorteio.<\/p>\n<p>Tamb\u00e9m \u00e9 permitido a pessoas de fora da Alemanha jogar na lotaria alem\u00e3 online. No nosso website, pode fazer uso desta oportunidade para tentar a sua sorte e deixar o resto da log\u00edstica por nossa conta. Tem de ter mais de 18 anos de idade para jogar na lotaria alem\u00e3 com um bilhete online.<\/p>\n<section class=\"layout\" style=\"border: solid 1px; width: 100%;\">\n<div class=\"img-div\" style=\"margin-top: 5px;\"><img decoding=\"async\" class=\"wp-image-17212 alignleft\" style=\"height: 45px; margin: 8px 8px 0px;\" src=\"http:\/\/jackpotlotteryonline.com\/wp-content\/uploads\/2022\/11\/read1.jpg\" alt=\"ler\" width=\"\" height=\"\" \/><\/div>\n<div style=\"padding-left: 5px;\">\n<div style=\"font-size: 1.1em;\">\n<p><strong>Que carro compraria se ganhasse a lotaria?<\/strong><\/p>\n<p style=\"font-size: 0.85em; margin-top: -1.5em;\">Ganhe a lotaria e ganhe um carro novo<a href=\"https:\/\/jackpotlotteryonline.com\/pt-pt\/que-carro-compraria-se-ganhasse-a-lotaria\">\u00a0leia mais<\/a><\/p>\n<\/div>\n<\/div>\n<\/section>\n<h2>Ganhar a lotaria alem\u00e3 online<\/h2>\n<p><img loading=\"lazy\" decoding=\"async\" class=\"alignright size-medium wp-image-33350\" src=\"http:\/\/jackpotlotteryonline.com\/wp-content\/uploads\/2022\/11\/2_ticket_euromillions3-1-111x300.jpg\" alt=\"bilhete de lotaria alem\u00e3o\" width=\"111\" height=\"300\" srcset=\"https:\/\/jackpotlotteryonline.com\/wp-content\/uploads\/2022\/11\/2_ticket_euromillions3-1-111x300.jpg 111w, https:\/\/jackpotlotteryonline.com\/wp-content\/uploads\/2022\/11\/2_ticket_euromillions3-1.jpg 180w\" sizes=\"auto, (max-width: 111px) 100vw, 111px\" \/><\/p>\n<p>Ganhar a lotaria alem\u00e3 online \u00e9 uma quest\u00e3o de sorte, mas o mesmo acontece com qualquer outra lotaria. Aumentaremos as suas hip\u00f3teses de ganhar a lotaria alem\u00e3 online atrav\u00e9s da utiliza\u00e7\u00e3o do nosso gerador de n\u00fameros da lotaria e dando-lhe informa\u00e7\u00f5es sobre resultados passados, para o ajudar a seleccionar os seus n\u00fameros da sorte. Toda a informa\u00e7\u00e3o relevante sobre a lotaria alem\u00e3 online est\u00e1 dispon\u00edvel e pode utiliz\u00e1-la ao m\u00e1ximo para aumentar as suas probabilidades.<\/p>\n<p>A lotaria alem\u00e3 online n\u00e3o \u00e9 apenas um dos maiores jackpots da Europa, mas \u00e9 tamb\u00e9m a lotaria mais organizada do mundo e \u00e9 gerida de forma muito profissional. Quando jogar na lotaria alem\u00e3 online e se ganhar, ajud\u00e1-lo-emos a reclamar o seu pr\u00e9mio sem qualquer dificuldade e a garantir que o montante do pr\u00e9mio lhe seja entregue sem qualquer dificuldade.<\/p>\n<p>Embora a lotaria alem\u00e3 online seja uma das lotarias mais antigas da Europa, n\u00e3o \u00e9 t\u00e3o popular como as outras. A raz\u00e3o \u00e9 que n\u00e3o \u00e9 t\u00e3o divulgada fora da Alemanha. <strong>De qualquer modo, isto n\u00e3o \u00e9 raz\u00e3o para n\u00e3o jogar a lotaria alem\u00e3 online. Tente a sua sorte na lotaria alem\u00e3 de hoje.<\/strong><\/p>\n","protected":false},"excerpt":{"rendered":"<p>A Lotaria Alem\u00e3 est\u00e1 agora dispon\u00edvel online A lotaria na Alemanha tem mais de 5 d\u00e9cadas e a lotaria alem\u00e3 online \u00e9 organizada e gerida pela Deutscher Lotto e Toto Block. Com um sorteio quinzenal na quarta-feira e no s\u00e1bado, a lotaria alem\u00e3 online vem com um dos maiores jackpots europeus, na maioria das vezes. [&hellip;]<\/p>\n","protected":false},"author":1,"featured_media":0,"parent":35712,"menu_order":8,"comment_status":"closed","ping_status":"closed","template":"lotto-german.php","meta":{"_et_pb_use_builder":"","_et_pb_old_content":"","_et_gb_content_width":"","exclude_from_search":false,"footnotes":""},"class_list":["post-36312","page","type-page","status-publish","hentry"],"yoast_head":"<!-- This site is optimized with the Yoast SEO plugin v23.3 - https:\/\/yoast.com\/wordpress\/plugins\/seo\/ -->\n<title>Jogue a Lotaria Alem\u00e3 de fora da Alemanha, com um bilhete online<\/title>\n<meta name=\"description\" content=\"Vive fora da Alemanha? N\u00e3o h\u00e1 problema - jogue a lotaria alem\u00e3 com um bilhete online da nossa parte.\" \/>\n<meta name=\"robots\" content=\"index, follow, max-snippet:-1, max-image-preview:large, max-video-preview:-1\" \/>\n<link rel=\"canonical\" href=\"https:\/\/jackpotlotteryonline.com\/play-online\/german-lotto\/\" \/>\n<meta property=\"og:locale\" content=\"pt_PT\" \/>\n<meta property=\"og:type\" content=\"article\" \/>\n<meta property=\"og:title\" content=\"Jogue a Lotaria Alem\u00e3 de fora da Alemanha, com um bilhete online\" \/>\n<meta property=\"og:description\" content=\"Vive fora da Alemanha? N\u00e3o h\u00e1 problema - jogue a lotaria alem\u00e3 com um bilhete online da nossa parte.\" \/>\n<meta property=\"og:url\" content=\"https:\/\/jackpotlotteryonline.com\/play-online\/german-lotto\/\" \/>\n<meta property=\"og:site_name\" content=\"Lotto Online - Crack The International Lottery Jackpots\" \/>\n<meta property=\"article:modified_time\" content=\"2022-12-31T10:04:56+00:00\" \/>\n<meta property=\"og:image\" content=\"http:\/\/jackpotlotteryonline.com\/wp-content\/uploads\/2022\/10\/win_lottery_online.jpg\" \/>\n<meta name=\"twitter:card\" content=\"summary_large_image\" \/>\n<meta name=\"twitter:label1\" content=\"Tempo estimado de leitura\" \/>\n\t<meta name=\"twitter:data1\" content=\"3 minutos\" \/>\n<!-- \/ Yoast SEO plugin. -->","yoast_head_json":{"title":"Jogue a Lotaria Alem\u00e3 de fora da Alemanha, com um bilhete online","description":"Vive fora da Alemanha? N\u00e3o h\u00e1 problema - jogue a lotaria alem\u00e3 com um bilhete online da nossa parte.","robots":{"index":"index","follow":"follow","max-snippet":"max-snippet:-1","max-image-preview":"max-image-preview:large","max-video-preview":"max-video-preview:-1"},"canonical":"https:\/\/jackpotlotteryonline.com\/play-online\/german-lotto\/","og_locale":"pt_PT","og_type":"article","og_title":"Jogue a Lotaria Alem\u00e3 de fora da Alemanha, com um bilhete online","og_description":"Vive fora da Alemanha? N\u00e3o h\u00e1 problema - jogue a lotaria alem\u00e3 com um bilhete online da nossa parte.","og_url":"https:\/\/jackpotlotteryonline.com\/play-online\/german-lotto\/","og_site_name":"Lotto Online - Crack The International Lottery Jackpots","article_modified_time":"2022-12-31T10:04:56+00:00","og_image":[{"url":"http:\/\/jackpotlotteryonline.com\/wp-content\/uploads\/2022\/10\/win_lottery_online.jpg"}],"twitter_card":"summary_large_image","twitter_misc":{"Tempo estimado de leitura":"3 minutos"},"schema":{"@context":"https:\/\/schema.org","@graph":[{"@type":"WebPage","@id":"https:\/\/jackpotlotteryonline.com\/play-online\/german-lotto\/","url":"https:\/\/jackpotlotteryonline.com\/play-online\/german-lotto\/","name":"Jogue a Lotaria Alem\u00e3 de fora da Alemanha, com um bilhete online","isPartOf":{"@id":"https:\/\/jackpotlotteryonline.com\/#website"},"primaryImageOfPage":{"@id":"https:\/\/jackpotlotteryonline.com\/play-online\/german-lotto\/#primaryimage"},"image":{"@id":"https:\/\/jackpotlotteryonline.com\/play-online\/german-lotto\/#primaryimage"},"thumbnailUrl":"http:\/\/jackpotlotteryonline.com\/wp-content\/uploads\/2022\/10\/win_lottery_online.jpg","datePublished":"2022-11-04T09:57:19+00:00","dateModified":"2022-12-31T10:04:56+00:00","description":"Vive fora da Alemanha? N\u00e3o h\u00e1 problema - jogue a lotaria alem\u00e3 com um bilhete online da nossa parte.","breadcrumb":{"@id":"https:\/\/jackpotlotteryonline.com\/play-online\/german-lotto\/#breadcrumb"},"inLanguage":"pt-PT","potentialAction":[{"@type":"ReadAction","target":["https:\/\/jackpotlotteryonline.com\/play-online\/german-lotto\/"]}]},{"@type":"ImageObject","inLanguage":"pt-PT","@id":"https:\/\/jackpotlotteryonline.com\/play-online\/german-lotto\/#primaryimage","url":"http:\/\/jackpotlotteryonline.com\/wp-content\/uploads\/2022\/10\/win_lottery_online.jpg","contentUrl":"http:\/\/jackpotlotteryonline.com\/wp-content\/uploads\/2022\/10\/win_lottery_online.jpg"},{"@type":"BreadcrumbList","@id":"https:\/\/jackpotlotteryonline.com\/play-online\/german-lotto\/#breadcrumb","itemListElement":[{"@type":"ListItem","position":1,"name":"Home","item":"https:\/\/jackpotlotteryonline.com\/pt-pt\/"},{"@type":"ListItem","position":2,"name":"Como jogar","item":"https:\/\/jackpotlotteryonline.com\/play-online\/"},{"@type":"ListItem","position":3,"name":"Loto alem\u00e3o"}]},{"@type":"WebSite","@id":"https:\/\/jackpotlotteryonline.com\/#website","url":"https:\/\/jackpotlotteryonline.com\/","name":"Lotto Online - Crack The International Lottery Jackpots","description":"","potentialAction":[{"@type":"SearchAction","target":{"@type":"EntryPoint","urlTemplate":"https:\/\/jackpotlotteryonline.com\/?s={search_term_string}"},"query-input":"required name=search_term_string"}],"inLanguage":"pt-PT"}]}},"_links":{"self":[{"href":"https:\/\/jackpotlotteryonline.com\/pt-pt\/wp-json\/wp\/v2\/pages\/36312","targetHints":{"allow":["GET"]}}],"collection":[{"href":"https:\/\/jackpotlotteryonline.com\/pt-pt\/wp-json\/wp\/v2\/pages"}],"about":[{"href":"https:\/\/jackpotlotteryonline.com\/pt-pt\/wp-json\/wp\/v2\/types\/page"}],"author":[{"embeddable":true,"href":"https:\/\/jackpotlotteryonline.com\/pt-pt\/wp-json\/wp\/v2\/users\/1"}],"replies":[{"embeddable":true,"href":"https:\/\/jackpotlotteryonline.com\/pt-pt\/wp-json\/wp\/v2\/comments?post=36312"}],"version-history":[{"count":0,"href":"https:\/\/jackpotlotteryonline.com\/pt-pt\/wp-json\/wp\/v2\/pages\/36312\/revisions"}],"up":[{"embeddable":true,"href":"https:\/\/jackpotlotteryonline.com\/pt-pt\/wp-json\/wp\/v2\/pages\/35712"}],"wp:attachment":[{"href":"https:\/\/jackpotlotteryonline.com\/pt-pt\/wp-json\/wp\/v2\/media?parent=36312"}],"curies":[{"name":"wp","href":"https:\/\/api.w.org\/{rel}","templated":true}]}}