{"id":36423,"date":"2022-11-07T07:22:21","date_gmt":"2022-11-07T07:22:21","guid":{"rendered":"https:\/\/jackpotlotteryonline.com\/?page_id=36423"},"modified":"2022-12-19T16:24:53","modified_gmt":"2022-12-19T16:24:53","slug":"powerball","status":"publish","type":"page","link":"https:\/\/jackpotlotteryonline.com\/pt-pt\/comprar-tickets\/powerball\/","title":{"rendered":"A lotaria Powerball dos EUA"},"content":{"rendered":"<h2>Como obter bilhetes para a Powerball de fora dos EUA<\/h2>\n<p>H\u00e1 uma lotaria em quase todos os pa\u00edses do mundo, mas nem todas as lotarias s\u00e3o como Powerball e Mega Millions, as grandes lotarias americanas. Os jackpots da lotaria nos EUA atingiram montantes que chegam a atingir 1,5 bili\u00f5es de d\u00f3lares (em 2016). Os jackpots da lotaria noutros pa\u00edses nunca atingiram tal montante, por isso sempre que os f\u00e3s da lotaria l\u00eaem sobre outro jackpot recorde da lotaria nos EUA, fazem a si pr\u00f3prios uma pergunta: <strong>Posso <a href=\"https:\/\/jackpotlotteryonline.com\/pt-pt\/como-jogar\/powerball\">jogar Powerball de fora dos EUA<\/a>, talvez online?<\/strong><\/p>\n<p><strong>Bem, a resposta simples \u00e9 sim &#8211; mesmo que viva fora dos EUA<\/strong>, ainda pode jogar Powerball. Somos um servi\u00e7o respeit\u00e1vel que lhe permite comprar bilhetes para essas enormes lotarias ou para uma s\u00e9rie de outras lotarias internacionais. \u00c9 t\u00e3o simples quanto poss\u00edvel &#8211; escolhe os seus n\u00fameros online, e n\u00f3s enviamos os nossos agentes dentro dos EUA para comprar bilhetes para si. Esses bilhetes de lotaria pertencem-lhe por isso tem uma reivindica\u00e7\u00e3o leg\u00edtima contra a pr\u00f3pria comiss\u00e3o da lotaria. Se ganhar, tamb\u00e9m o ajudaremos a obter o seu dinheiro.<\/p>\n<p>A parte importante \u00e9 o facto de receber aqui um bilhete de lotaria original, e n\u00e3o participar em qualquer tipo de esquema de lotaria!<\/p>\n<h2>O processo de compra online do seu bilhete de lotaria<\/h2>\n<p><img loading=\"lazy\" decoding=\"async\" class=\"alignright size-full wp-image-34943\" src=\"http:\/\/jackpotlotteryonline.com\/wp-content\/uploads\/2022\/11\/2_ticket_powerball3-1.jpg\" alt=\"bilhete de lotaria powerball\" width=\"180\" height=\"194\" \/><\/p>\n<p><strong>Primeiro, olha-se para o topo do nosso website<\/strong>, onde se clica num dos banners e se escolhe a lotaria em que se quer participar. O nosso s\u00edtio web est\u00e1 dispon\u00edvel em mais de 20 l\u00ednguas diferentes. A maioria dos clientes compra bilhetes para as lotarias dos EUA Powerball e\/ou Mega Millions, mas muitas vezes outras lotarias internacionais tamb\u00e9m t\u00eam enormes jackpots. Pode orden\u00e1-los pelo tamanho do jackpot e simplesmente jogar na lotaria que tem actualmente a maior quantia. Se quiser jogar em v\u00e1rias lotarias, isso tamb\u00e9m \u00e9 f\u00e1cil &#8211; por exemplo, pode comprar um bilhete para o Powerball, e outro para o espanhol El Gordo.<\/p>\n<p>A seguir, escolhe os seus n\u00fameros &#8211; isto \u00e9 f\u00e1cil, uma vez que o nosso website ir\u00e1 mostrar-lhe quantos n\u00fameros tem de escolher. H\u00e1 uma fun\u00e7\u00e3o de escolha r\u00e1pida que gera n\u00fameros ao acaso, se assim preferir. Depois disso, escolha quantos bilhetes quer comprar, e para<a href=\"https:\/\/jackpotlotteryonline.com\/pt-pt\/numeros-vencedores\/powerball\"> quantos sorteios (semanas)<\/a> quer que o seu bilhete seja v\u00e1lido. Dependendo de quantas semanas o seu bilhete ir\u00e1 participar, ter\u00e1 um desconto no pre\u00e7o que paga pelo bilhete.<\/p>\n<p>Depois de ter escolhido todas as suas op\u00e7\u00f5es, poder\u00e1 ver o pre\u00e7o total e o passo seguinte \u00e9 registar uma conta de cliente. O pagamento dos seus bilhetes de lotaria tamb\u00e9m \u00e9 f\u00e1cil &#8211; a maioria dos clientes escolhe a op\u00e7\u00e3o de pagamento por cart\u00e3o de cr\u00e9dito, mas existem outras op\u00e7\u00f5es, tais como (dependendo do pa\u00eds de origem) transfer\u00eancia banc\u00e1ria instant\u00e2nea, ou moedas criptogr\u00e1ficas.<\/p>\n<p>Para os seus pagamentos, ser\u00e3o utilizados os protocolos mais recentes e mais seguros para que n\u00e3o tenha de recear qualquer fraude com cart\u00e3o de cr\u00e9dito. Se quiser pode escolher a op\u00e7\u00e3o de obter um bilhete para v\u00e1rios sorteios, os seus n\u00fameros participar\u00e3o no Powerball ou em qualquer lotaria que escolher, para 2, 4, 6, ou mesmo 8 sorteios seguidos.\u00a0 No entanto, esta \u00e9 uma op\u00e7\u00e3o &#8211; se n\u00e3o marcar essa caixa, ser-lhe-\u00e1 cobrado apenas por um sorteio!<\/p>\n<p>A maioria das pessoas fora dos EUA joga apenas na sua lotaria local, sem estar ciente desta op\u00e7\u00e3o para jogar na lotaria internacional online. Mas agora que j\u00e1 sabe, o que o impede de jogar para jackpots que muitas vezes s\u00e3o 100 vezes mais altos do que o que pode ganhar no seu pa\u00eds de resid\u00eancia? Talvez seja o pr\u00f3ximo vencedor do jackpot Powerball!<\/p>\n<section class=\"layout\" style=\"border: solid 1px; width: 100%;\">\n<div class=\"img-div\" style=\"margin-top: 5px;\"><img decoding=\"async\" class=\"wp-image-17212 alignleft\" style=\"height: 45px; margin: 8px 8px 0px;\" src=\"http:\/\/jackpotlotteryonline.com\/wp-content\/uploads\/2022\/11\/read1.jpg\" alt=\"jogar powerball de fora dos EUA\" width=\"\" height=\"\" \/><\/div>\n<div style=\"padding-left: 5px;\">\n<div style=\"font-size: 1.1em;\">\n<p><strong>\u00c9 legal jogar lotarias de outros pa\u00edses online?<\/strong><\/p>\n<p style=\"font-size: 0.85em; margin-top: -1.5em;\">\u00c9 legal obter um bilhete de lotaria online, e serei realmente pago? \u00a0<a href=\"https:\/\/jackpotlotteryonline.com\/pt-pt\/e-legal-jogar-lotarias-de-outros-paises-online\">leia mais<\/a><\/p>\n<\/div>\n<\/div>\n<\/section>\n<h2>Vis\u00e3o Geral Online do Lotto USA<\/h2>\n<p>Nos Estados Unidos, existem 43 estados, mais o Distrito de Columbia, as Ilhas Virgens Americanas e Porto Rico que gerem lotarias. Existem lotarias estatais em cada uma destas \u00e1reas que se enquadram <strong>na categoria de Lotto EUA<\/strong>. Algumas das principais lotarias dos EUA a serem geridas s\u00e3o a Mega Milh\u00f5es e a Powerball. Estas s\u00e3o lotarias massivas que est\u00e3o dispon\u00edveis para residentes de todos os EUA e agora, os jogadores do estrangeiro podem participar online atrav\u00e9s deste nosso servi\u00e7o.<\/p>\n<h2>Lotaria Powerball dos E.U.A.<\/h2>\n<p><img loading=\"lazy\" decoding=\"async\" class=\"alignright size-full wp-image-31721\" src=\"http:\/\/jackpotlotteryonline.com\/wp-content\/uploads\/2022\/11\/powerball_globe_logo.png\" alt=\"comprar powerball online\" width=\"200\" height=\"212\" \/><\/p>\n<p>O jogo mais popular da lotaria dos EUA \u00e9 o Powerball. O Powerball \u00e9 sorteado nos est\u00fadios da Universal Studios na Florida, EUA, mas tem um requisito de n\u00e3o-resid\u00eancia, o que significa que os residentes de estados n\u00e3o-Powerball e mesmo os jogadores fora dos EUA s\u00e3o eleg\u00edveis para participar neste jogo de Lotto dos EUA.<\/p>\n<p>Para serem eleg\u00edveis para jogar Powerball, os jogadores devem ter pelo menos 18 anos de idade. Os jogadores t\u00eam de seleccionar seis n\u00fameros &#8211; cinco n\u00fameros entre 1 e 59 e um n\u00famero da PowerBall entre 1 e 39. Os jogadores podem utilizar a fun\u00e7\u00e3o Quick Pick, que seleccionar\u00e1 aleatoriamente 6 n\u00fameros para si.<\/p>\n<p>Os jackpots Powerball est\u00e3o normalmente nas dezenas de milh\u00f5es de d\u00f3lares, embora tenham ultrapassado os 200 milh\u00f5es de d\u00f3lares com bastante frequ\u00eancia no passado.<\/p>\n<h2>Mega Millions Lotto USA<\/h2>\n<p>Mega Millions \u00e9 outra <strong>lotaria dos EUA<\/strong> que \u00e9 gerida nos EUA e \u00e9, de facto, sorteada em Atlanta, Ge\u00f3rgia. Apesar disto, a Mega Millions n\u00e3o tem qualquer requisito de resid\u00eancia, o que significa que os residentes de estados n\u00e3o-Mega Millions e mesmo os n\u00e3o residentes nos EUA podem participar e ganhar a Mega Millions Lotto USA.<\/p>\n<p>Para poder jogar a Mega Million Lotto USA, \u00e9 necess\u00e1rio ter 18 anos ou mais. Tem de escolher 6 n\u00fameros &#8211; cinco n\u00fameros entre 1 e 56 e um n\u00famero Mega Ball entre 1 e 46. Pode fazer uso da op\u00e7\u00e3o Quick Pick que seleccionar\u00e1 aleatoriamente os n\u00fameros por si.<\/p>\n<p>O jogo da Mega Million Lotto USA oferece pr\u00e9mios em dinheiro, bem como um pr\u00e9mio do jackpot. O jackpot que muda a vida \u00e9 conhecido por ir para as centenas de milh\u00f5es de d\u00f3lares, tornando-o altamente popular.<\/p>\n<h2>NASPL &#8211; Associa\u00e7\u00e3o da Lotaria dos EUA<\/h2>\n<p>A Associa\u00e7\u00e3o Norte-Americana de lotarias estatais e provinciais (NASPL) representa todas as lotarias estatais e provinciais dos EUA e as lotarias canadianas. A lotaria dos EUA \u00e9 operada de forma mais eficaz atrav\u00e9s da NASPL. Actua como uma interface para a Lotto USA, fornece informa\u00e7\u00e3o, realiza investiga\u00e7\u00e3o e desenvolvimento, assegura a seguran\u00e7a, e treina o pessoal da Lotto USA. Todas as principais lotarias dos EUA s\u00e3o membros da NASPL.<\/p>\n","protected":false},"excerpt":{"rendered":"<p>Como obter bilhetes para a Powerball de fora dos EUA H\u00e1 uma lotaria em quase todos os pa\u00edses do mundo, mas nem todas as lotarias s\u00e3o como Powerball e Mega Millions, as grandes lotarias americanas. Os jackpots da lotaria nos EUA atingiram montantes que chegam a atingir 1,5 bili\u00f5es de d\u00f3lares (em 2016). Os jackpots [&hellip;]<\/p>\n","protected":false},"author":1,"featured_media":0,"parent":35772,"menu_order":1,"comment_status":"closed","ping_status":"closed","template":"powerball-usa-info.php","meta":{"_et_pb_use_builder":"","_et_pb_old_content":"","_et_gb_content_width":"","exclude_from_search":false,"footnotes":""},"class_list":["post-36423","page","type-page","status-publish","hentry"],"yoast_head":"<!-- This site is optimized with the Yoast SEO plugin v23.3 - https:\/\/yoast.com\/wordpress\/plugins\/seo\/ -->\n<title>Comprar bilhetes Powerball online a partir de qualquer outro pa\u00eds fora dos EUA<\/title>\n<meta name=\"description\" content=\"Descubra como os residentes de outros pa\u00edses podem jogar online nos enormes jackpots da lotaria Powerball - pode estar fora dos EUA e ainda jogar\" \/>\n<meta name=\"robots\" content=\"index, follow, max-snippet:-1, max-image-preview:large, max-video-preview:-1\" \/>\n<link rel=\"canonical\" href=\"https:\/\/jackpotlotteryonline.com\/buy-tickets\/powerball\/\" \/>\n<meta property=\"og:locale\" content=\"pt_PT\" \/>\n<meta property=\"og:type\" content=\"article\" \/>\n<meta property=\"og:title\" content=\"Comprar bilhetes Powerball online a partir de qualquer outro pa\u00eds fora dos EUA\" \/>\n<meta property=\"og:description\" content=\"Descubra como os residentes de outros pa\u00edses podem jogar online nos enormes jackpots da lotaria Powerball - pode estar fora dos EUA e ainda jogar\" \/>\n<meta property=\"og:url\" content=\"https:\/\/jackpotlotteryonline.com\/buy-tickets\/powerball\/\" \/>\n<meta property=\"og:site_name\" content=\"Lotto Online - Crack The International Lottery Jackpots\" \/>\n<meta property=\"article:modified_time\" content=\"2022-12-19T16:24:53+00:00\" \/>\n<meta property=\"og:image\" content=\"http:\/\/jackpotlotteryonline.com\/wp-content\/uploads\/2022\/11\/2_ticket_powerball3-1.jpg\" \/>\n<meta name=\"twitter:card\" content=\"summary_large_image\" \/>\n<meta name=\"twitter:label1\" content=\"Tempo estimado de leitura\" \/>\n\t<meta name=\"twitter:data1\" content=\"6 minutos\" \/>\n<!-- \/ Yoast SEO plugin. -->","yoast_head_json":{"title":"Comprar bilhetes Powerball online a partir de qualquer outro pa\u00eds fora dos EUA","description":"Descubra como os residentes de outros pa\u00edses podem jogar online nos enormes jackpots da lotaria Powerball - pode estar fora dos EUA e ainda jogar","robots":{"index":"index","follow":"follow","max-snippet":"max-snippet:-1","max-image-preview":"max-image-preview:large","max-video-preview":"max-video-preview:-1"},"canonical":"https:\/\/jackpotlotteryonline.com\/buy-tickets\/powerball\/","og_locale":"pt_PT","og_type":"article","og_title":"Comprar bilhetes Powerball online a partir de qualquer outro pa\u00eds fora dos EUA","og_description":"Descubra como os residentes de outros pa\u00edses podem jogar online nos enormes jackpots da lotaria Powerball - pode estar fora dos EUA e ainda jogar","og_url":"https:\/\/jackpotlotteryonline.com\/buy-tickets\/powerball\/","og_site_name":"Lotto Online - Crack The International Lottery Jackpots","article_modified_time":"2022-12-19T16:24:53+00:00","og_image":[{"url":"http:\/\/jackpotlotteryonline.com\/wp-content\/uploads\/2022\/11\/2_ticket_powerball3-1.jpg"}],"twitter_card":"summary_large_image","twitter_misc":{"Tempo estimado de leitura":"6 minutos"},"schema":{"@context":"https:\/\/schema.org","@graph":[{"@type":"WebPage","@id":"https:\/\/jackpotlotteryonline.com\/buy-tickets\/powerball\/","url":"https:\/\/jackpotlotteryonline.com\/buy-tickets\/powerball\/","name":"Comprar bilhetes Powerball online a partir de qualquer outro pa\u00eds fora dos EUA","isPartOf":{"@id":"https:\/\/jackpotlotteryonline.com\/#website"},"primaryImageOfPage":{"@id":"https:\/\/jackpotlotteryonline.com\/buy-tickets\/powerball\/#primaryimage"},"image":{"@id":"https:\/\/jackpotlotteryonline.com\/buy-tickets\/powerball\/#primaryimage"},"thumbnailUrl":"http:\/\/jackpotlotteryonline.com\/wp-content\/uploads\/2022\/11\/2_ticket_powerball3-1.jpg","datePublished":"2022-11-07T07:22:21+00:00","dateModified":"2022-12-19T16:24:53+00:00","description":"Descubra como os residentes de outros pa\u00edses podem jogar online nos enormes jackpots da lotaria Powerball - pode estar fora dos EUA e ainda jogar","breadcrumb":{"@id":"https:\/\/jackpotlotteryonline.com\/buy-tickets\/powerball\/#breadcrumb"},"inLanguage":"pt-PT","potentialAction":[{"@type":"ReadAction","target":["https:\/\/jackpotlotteryonline.com\/buy-tickets\/powerball\/"]}]},{"@type":"ImageObject","inLanguage":"pt-PT","@id":"https:\/\/jackpotlotteryonline.com\/buy-tickets\/powerball\/#primaryimage","url":"http:\/\/jackpotlotteryonline.com\/wp-content\/uploads\/2022\/11\/2_ticket_powerball3-1.jpg","contentUrl":"http:\/\/jackpotlotteryonline.com\/wp-content\/uploads\/2022\/11\/2_ticket_powerball3-1.jpg"},{"@type":"BreadcrumbList","@id":"https:\/\/jackpotlotteryonline.com\/buy-tickets\/powerball\/#breadcrumb","itemListElement":[{"@type":"ListItem","position":1,"name":"Home","item":"https:\/\/jackpotlotteryonline.com\/pt-pt\/"},{"@type":"ListItem","position":2,"name":"Como comprar bilhetes de lotaria on-line","item":"https:\/\/jackpotlotteryonline.com\/pt-pt\/comprar-tickets\/"},{"@type":"ListItem","position":3,"name":"A lotaria Powerball dos EUA"}]},{"@type":"WebSite","@id":"https:\/\/jackpotlotteryonline.com\/#website","url":"https:\/\/jackpotlotteryonline.com\/","name":"Lotto Online - Crack The International Lottery Jackpots","description":"","potentialAction":[{"@type":"SearchAction","target":{"@type":"EntryPoint","urlTemplate":"https:\/\/jackpotlotteryonline.com\/?s={search_term_string}"},"query-input":"required name=search_term_string"}],"inLanguage":"pt-PT"}]}},"_links":{"self":[{"href":"https:\/\/jackpotlotteryonline.com\/pt-pt\/wp-json\/wp\/v2\/pages\/36423","targetHints":{"allow":["GET"]}}],"collection":[{"href":"https:\/\/jackpotlotteryonline.com\/pt-pt\/wp-json\/wp\/v2\/pages"}],"about":[{"href":"https:\/\/jackpotlotteryonline.com\/pt-pt\/wp-json\/wp\/v2\/types\/page"}],"author":[{"embeddable":true,"href":"https:\/\/jackpotlotteryonline.com\/pt-pt\/wp-json\/wp\/v2\/users\/1"}],"replies":[{"embeddable":true,"href":"https:\/\/jackpotlotteryonline.com\/pt-pt\/wp-json\/wp\/v2\/comments?post=36423"}],"version-history":[{"count":0,"href":"https:\/\/jackpotlotteryonline.com\/pt-pt\/wp-json\/wp\/v2\/pages\/36423\/revisions"}],"up":[{"embeddable":true,"href":"https:\/\/jackpotlotteryonline.com\/pt-pt\/wp-json\/wp\/v2\/pages\/35772"}],"wp:attachment":[{"href":"https:\/\/jackpotlotteryonline.com\/pt-pt\/wp-json\/wp\/v2\/media?parent=36423"}],"curies":[{"name":"wp","href":"https:\/\/api.w.org\/{rel}","templated":true}]}}