{"id":36476,"date":"2022-11-07T08:42:43","date_gmt":"2022-11-07T08:42:43","guid":{"rendered":"https:\/\/jackpotlotteryonline.com\/?page_id=36476"},"modified":"2022-12-19T19:39:16","modified_gmt":"2022-12-19T19:39:16","slug":"euromillions","status":"publish","type":"page","link":"https:\/\/jackpotlotteryonline.com\/pt-pt\/comprar-tickets\/euromillions\/","title":{"rendered":"Posso obter um bilhete para Euromilh\u00f5es de fora da Europa?"},"content":{"rendered":"<h2>A maior lotaria da Europa \u00e9 a Euromilh\u00f5es<\/h2>\n<p><img loading=\"lazy\" decoding=\"async\" class=\"alignright wp-image-17411 size-full\" src=\"http:\/\/jackpotlotteryonline.com\/wp-content\/uploads\/2022\/10\/euromillions.png\" alt=\"comprar euromilh\u00f5es online\" width=\"200\" height=\"212\" \/><\/p>\n<p>O <a href=\"https:\/\/jackpotlotteryonline.com\/pt-pt\/como-jogar\/euromillions\">Euromilh\u00f5es<\/a> \u00e9 uma lotaria oferecida em v\u00e1rios pa\u00edses europeus. Foi concebida para oferecer jackpots substancialmente maiores do que as lotarias nacionais desses pa\u00edses individuais. Isto foi conseguido atrav\u00e9s da cria\u00e7\u00e3o de uma estrutura de lotaria com uma probabilidade menor, o que significa mais combina\u00e7\u00f5es de n\u00fameros poss\u00edveis. O facto de tais jackpots demorarem normalmente mais tempo a ser rachados, combinado com um jackpot inicial maior de 10 milh\u00f5es de euros, levou a jackpots de mais de 100 milh\u00f5es de euros numa base regular.<\/p>\n<h2>Porque \u00e9 que precisa de um servi\u00e7o de bilhetes online para jogar?<\/h2>\n<p>Bem, se vive num dos pa\u00edses europeus participantes, n\u00e3o precisaria de um servi\u00e7o como o nosso. Mas se n\u00e3o precisar, ou se estiver mesmo fora da Europa, ent\u00e3o a \u00fanica forma de obter um bilhete para Euromilh\u00f5es \u00e9 online. Tudo o que tem de fazer \u00e9 <strong>clicar no banner do Euromilh\u00f5es em cima<\/strong> e encomendar os seus bilhetes, ent\u00e3o a sua participa\u00e7\u00e3o \u00e9 garantida. A prop\u00f3sito, compramos bilhetes reais para Euromilh\u00f5es atrav\u00e9s de um vendedor oficial de bilhetes localizado na Europa.<\/p>\n<section class=\"layout\" style=\"border: solid 1px; width: 100%;\">\n<div class=\"img-div\" style=\"margin-top: 5px;\"><img decoding=\"async\" class=\"wp-image-17212 alignleft\" style=\"height: 45px; margin: 8px 8px 0px;\" src=\"http:\/\/jackpotlotteryonline.com\/wp-content\/uploads\/2022\/11\/read1.jpg\" alt=\"jogar Euromilh\u00f5es\" width=\"\" height=\"\" \/><\/div>\n<div style=\"padding-left: 5px;\">\n<div style=\"font-size: 1.1em;\">\n<p><strong>As lotarias que t\u00eam as melhores probabilidades de ganhar em grande<\/strong><\/p>\n<p style=\"font-size: 0.85em; margin-top: -1.5em;\">Qual a lotaria que tem melhores hip\u00f3teses de ganhar?\u00a0<a href=\"https:\/\/jackpotlotteryonline.com\/pt-pt\/qual-a-lotaria-que-tem-as-melhores-hipoteses-de-ganhar\"> wi\u0119cej<\/a><\/p>\n<\/div>\n<\/div>\n<\/section>\n<h2>Sobre o Euromilh\u00f5es<\/h2>\n<p><a href=\"https:\/\/jackpotlotteryonline.com\/pt-pt\/numeros-vencedores\/euromillions\">Esta lotaria tem dois sorteios semanais<\/a> na ter\u00e7a e sexta-feira. Est\u00e1 estruturada da mesma forma que o Eurojackpot, excepto que n\u00e3o h\u00e1 limite m\u00e1ximo no jackpot e \u00e9 preciso escolher dois n\u00fameros extra entre 1 e 12. Tem tamb\u00e9m 13 n\u00edveis de pr\u00e9mios.<\/p>\n<h2>Servi\u00e7o de compra de bilhetes para lotarias internacionais<\/h2>\n<p><img loading=\"lazy\" decoding=\"async\" class=\"alignright size-full wp-image-33431\" src=\"http:\/\/jackpotlotteryonline.com\/wp-content\/uploads\/2022\/11\/2_ticket_euromillions-112x300-1.jpg\" alt=\"bilhete euromilh\u00f5es\" width=\"112\" height=\"300\" \/><\/p>\n<p>Para al\u00e9m de lhe fornecer bilhetes online para Euromilh\u00f5es e Eurojackpot, temos um total de mais de 20 lotarias \u00e0 escolha. Embora possa querer optar sempre por aquele com o maior jackpot, algumas das lotarias &#8220;mais pequenas&#8221; tamb\u00e9m merecem ser contempladas. Podem oferecer probabilidades mais vantajosas de ganhar ou baixar os pre\u00e7os dos bilhetes.<\/p>\n<p>Tamb\u00e9m n\u00e3o tem de se preocupar com o pagamento e a seguran\u00e7a dos dados. Utilizamos protocolos extremamente seguros para o processamento de pagamentos. Aceitamos pagamento por cart\u00f5es de cr\u00e9dito, moedas criptogr\u00e1ficas, transfer\u00eancia banc\u00e1ria e uma s\u00e9rie de outras op\u00e7\u00f5es.<\/p>\n","protected":false},"excerpt":{"rendered":"<p>A maior lotaria da Europa \u00e9 a Euromilh\u00f5es O Euromilh\u00f5es \u00e9 uma lotaria oferecida em v\u00e1rios pa\u00edses europeus. Foi concebida para oferecer jackpots substancialmente maiores do que as lotarias nacionais desses pa\u00edses individuais. Isto foi conseguido atrav\u00e9s da cria\u00e7\u00e3o de uma estrutura de lotaria com uma probabilidade menor, o que significa mais combina\u00e7\u00f5es de n\u00fameros [&hellip;]<\/p>\n","protected":false},"author":1,"featured_media":0,"parent":35772,"menu_order":3,"comment_status":"closed","ping_status":"closed","template":"euromillions-info.php","meta":{"_et_pb_use_builder":"","_et_pb_old_content":"","_et_gb_content_width":"","exclude_from_search":false,"footnotes":""},"class_list":["post-36476","page","type-page","status-publish","hentry"],"yoast_head":"<!-- This site is optimized with the Yoast SEO plugin v23.3 - https:\/\/yoast.com\/wordpress\/plugins\/seo\/ -->\n<title>Obter um bilhete para Euromilh\u00f5es de fora da Europa<\/title>\n<meta name=\"description\" content=\"Como participar no Euromilh\u00f5es online de fora da Europa - basta comprar o seu bilhete online no nosso website\" \/>\n<meta name=\"robots\" content=\"index, follow, max-snippet:-1, max-image-preview:large, max-video-preview:-1\" \/>\n<link rel=\"canonical\" href=\"https:\/\/jackpotlotteryonline.com\/pt-pt\/comprar-tickets\/euromillions\/\" \/>\n<meta property=\"og:locale\" content=\"pt_PT\" \/>\n<meta property=\"og:type\" content=\"article\" \/>\n<meta property=\"og:title\" content=\"Obter um bilhete para Euromilh\u00f5es de fora da Europa\" \/>\n<meta property=\"og:description\" content=\"Como participar no Euromilh\u00f5es online de fora da Europa - basta comprar o seu bilhete online no nosso website\" \/>\n<meta property=\"og:url\" content=\"https:\/\/jackpotlotteryonline.com\/pt-pt\/comprar-tickets\/euromillions\/\" \/>\n<meta property=\"og:site_name\" content=\"Lotto Online - Crack The International Lottery Jackpots\" \/>\n<meta property=\"article:modified_time\" content=\"2022-12-19T19:39:16+00:00\" \/>\n<meta property=\"og:image\" content=\"http:\/\/jackpotlotteryonline.com\/wp-content\/uploads\/2022\/10\/euromillions.png\" \/>\n<meta name=\"twitter:card\" content=\"summary_large_image\" \/>\n<meta name=\"twitter:label1\" content=\"Tempo estimado de leitura\" \/>\n\t<meta name=\"twitter:data1\" content=\"3 minutos\" \/>\n<!-- \/ Yoast SEO plugin. -->","yoast_head_json":{"title":"Obter um bilhete para Euromilh\u00f5es de fora da Europa","description":"Como participar no Euromilh\u00f5es online de fora da Europa - basta comprar o seu bilhete online no nosso website","robots":{"index":"index","follow":"follow","max-snippet":"max-snippet:-1","max-image-preview":"max-image-preview:large","max-video-preview":"max-video-preview:-1"},"canonical":"https:\/\/jackpotlotteryonline.com\/pt-pt\/comprar-tickets\/euromillions\/","og_locale":"pt_PT","og_type":"article","og_title":"Obter um bilhete para Euromilh\u00f5es de fora da Europa","og_description":"Como participar no Euromilh\u00f5es online de fora da Europa - basta comprar o seu bilhete online no nosso website","og_url":"https:\/\/jackpotlotteryonline.com\/pt-pt\/comprar-tickets\/euromillions\/","og_site_name":"Lotto Online - Crack The International Lottery Jackpots","article_modified_time":"2022-12-19T19:39:16+00:00","og_image":[{"url":"http:\/\/jackpotlotteryonline.com\/wp-content\/uploads\/2022\/10\/euromillions.png"}],"twitter_card":"summary_large_image","twitter_misc":{"Tempo estimado de leitura":"3 minutos"},"schema":{"@context":"https:\/\/schema.org","@graph":[{"@type":"WebPage","@id":"https:\/\/jackpotlotteryonline.com\/pt-pt\/comprar-tickets\/euromillions\/","url":"https:\/\/jackpotlotteryonline.com\/pt-pt\/comprar-tickets\/euromillions\/","name":"Obter um bilhete para Euromilh\u00f5es de fora da Europa","isPartOf":{"@id":"https:\/\/jackpotlotteryonline.com\/#website"},"primaryImageOfPage":{"@id":"https:\/\/jackpotlotteryonline.com\/pt-pt\/comprar-tickets\/euromillions\/#primaryimage"},"image":{"@id":"https:\/\/jackpotlotteryonline.com\/pt-pt\/comprar-tickets\/euromillions\/#primaryimage"},"thumbnailUrl":"http:\/\/jackpotlotteryonline.com\/wp-content\/uploads\/2022\/10\/euromillions.png","datePublished":"2022-11-07T08:42:43+00:00","dateModified":"2022-12-19T19:39:16+00:00","description":"Como participar no Euromilh\u00f5es online de fora da Europa - basta comprar o seu bilhete online no nosso website","breadcrumb":{"@id":"https:\/\/jackpotlotteryonline.com\/pt-pt\/comprar-tickets\/euromillions\/#breadcrumb"},"inLanguage":"pt-PT","potentialAction":[{"@type":"ReadAction","target":["https:\/\/jackpotlotteryonline.com\/pt-pt\/comprar-tickets\/euromillions\/"]}]},{"@type":"ImageObject","inLanguage":"pt-PT","@id":"https:\/\/jackpotlotteryonline.com\/pt-pt\/comprar-tickets\/euromillions\/#primaryimage","url":"http:\/\/jackpotlotteryonline.com\/wp-content\/uploads\/2022\/10\/euromillions.png","contentUrl":"http:\/\/jackpotlotteryonline.com\/wp-content\/uploads\/2022\/10\/euromillions.png"},{"@type":"BreadcrumbList","@id":"https:\/\/jackpotlotteryonline.com\/pt-pt\/comprar-tickets\/euromillions\/#breadcrumb","itemListElement":[{"@type":"ListItem","position":1,"name":"Home","item":"https:\/\/jackpotlotteryonline.com\/pt-pt\/"},{"@type":"ListItem","position":2,"name":"Como comprar bilhetes de lotaria on-line","item":"https:\/\/jackpotlotteryonline.com\/pt-pt\/comprar-tickets\/"},{"@type":"ListItem","position":3,"name":"Posso obter um bilhete para Euromilh\u00f5es de fora da Europa?"}]},{"@type":"WebSite","@id":"https:\/\/jackpotlotteryonline.com\/#website","url":"https:\/\/jackpotlotteryonline.com\/","name":"Lotto Online - Crack The International Lottery Jackpots","description":"","potentialAction":[{"@type":"SearchAction","target":{"@type":"EntryPoint","urlTemplate":"https:\/\/jackpotlotteryonline.com\/?s={search_term_string}"},"query-input":"required name=search_term_string"}],"inLanguage":"pt-PT"}]}},"_links":{"self":[{"href":"https:\/\/jackpotlotteryonline.com\/pt-pt\/wp-json\/wp\/v2\/pages\/36476","targetHints":{"allow":["GET"]}}],"collection":[{"href":"https:\/\/jackpotlotteryonline.com\/pt-pt\/wp-json\/wp\/v2\/pages"}],"about":[{"href":"https:\/\/jackpotlotteryonline.com\/pt-pt\/wp-json\/wp\/v2\/types\/page"}],"author":[{"embeddable":true,"href":"https:\/\/jackpotlotteryonline.com\/pt-pt\/wp-json\/wp\/v2\/users\/1"}],"replies":[{"embeddable":true,"href":"https:\/\/jackpotlotteryonline.com\/pt-pt\/wp-json\/wp\/v2\/comments?post=36476"}],"version-history":[{"count":0,"href":"https:\/\/jackpotlotteryonline.com\/pt-pt\/wp-json\/wp\/v2\/pages\/36476\/revisions"}],"up":[{"embeddable":true,"href":"https:\/\/jackpotlotteryonline.com\/pt-pt\/wp-json\/wp\/v2\/pages\/35772"}],"wp:attachment":[{"href":"https:\/\/jackpotlotteryonline.com\/pt-pt\/wp-json\/wp\/v2\/media?parent=36476"}],"curies":[{"name":"wp","href":"https:\/\/api.w.org\/{rel}","templated":true}]}}