{"id":36531,"date":"2022-11-07T10:34:05","date_gmt":"2022-11-07T10:34:05","guid":{"rendered":"https:\/\/jackpotlotteryonline.com\/?page_id=36531"},"modified":"2023-01-03T20:08:05","modified_gmt":"2023-01-03T20:08:05","slug":"eurojackpot","status":"publish","type":"page","link":"https:\/\/jackpotlotteryonline.com\/pt-pt\/comprar-tickets\/eurojackpot\/","title":{"rendered":"Comprar bilhetes para o Eurojackpot de fora dos pa\u00edses participantes"},"content":{"rendered":"<h2>Sobre o EuroJackpot<\/h2>\n<p><a href=\"https:\/\/jackpotlotteryonline.com\/pt-pt\/como-jogar\/eurojackpot\">O Eurojackpot<\/a> tem uma caracter\u00edstica excitante que deve conhecer: Sempre que o jackpot atinge 90 milh\u00f5es, h\u00e1 um limite para o jackpot que pode ganhar. Isso significa que todos os fundos provenientes da venda de bilhetes que excedam 90 milh\u00f5es de euros ser\u00e3o adicionados ao pre\u00e7o do segundo n\u00edvel. Este pre\u00e7o de segundo escal\u00e3o ser\u00e1 ent\u00e3o significativamente mais elevado. Considerando que \u00e9 10 vezes mais prov\u00e1vel ganhar este pr\u00e9mio, em compara\u00e7\u00e3o com o jackpot, \u00e9 sempre uma boa estrat\u00e9gia focalizar-se nesta lotaria quando se atinge o limite dos 90 milh\u00f5es de euros.<\/p>\n<p>H\u00e1 apenas um<a href=\"https:\/\/jackpotlotteryonline.com\/pt-pt\/numeros-vencedores\/eurojackpot\"> dia de sorteio semanal para o Eurojackpot<\/a>, que \u00e9 sexta-feira. Escolha 5 dos 50 n\u00fameros, mais dois n\u00fameros adicionais entre 1 e 10, e est\u00e1 a caminho de ganhar um pr\u00e9mio a partir de um total de 12 n\u00edveis.<\/p>\n<h2>Como comprar bilhetes para o Eurojackpot<\/h2>\n<p><img decoding=\"async\" class=\"wp-image-26077 size-medium alignright\" src=\"http:\/\/jackpotlotteryonline.com\/wp-content\/uploads\/2022\/11\/1_buy_eurojackpot_ticket-300x99.jpg\" alt=\"comprar bilhetes para o eurojackpot online width=\" height=\"99\" srcset=\"https:\/\/jackpotlotteryonline.com\/wp-content\/uploads\/2022\/11\/1_buy_eurojackpot_ticket-300x99.jpg 300w, https:\/\/jackpotlotteryonline.com\/wp-content\/uploads\/2022\/11\/1_buy_eurojackpot_ticket.jpg 350w\" sizes=\"(max-width: 300px) 100vw, 300px\" \/><\/p>\n<p>O Eurojackpot \u00e9 uma lotaria europeia e os bilhetes s\u00e3o na sua maioria vendidos nos pa\u00edses do Eurojackpot. Existem 18 pa\u00edses que participam na lotaria do Eurojackpot e qualquer pessoa que viva nesses pa\u00edses pode participar na lotaria. Os pa\u00edses Eurojackpot s\u00e3o a Cro\u00e1cia, Dinamarca, Est\u00f3nia, Finl\u00e2ndia, Alemanha, Isl\u00e2ndia, It\u00e1lia, Let\u00f3nia, Litu\u00e2nia, Pa\u00edses Baixos, Noruega, Eslov\u00e9nia, Espanha e Su\u00e9cia.<\/p>\n<p>Embora o Eurojackpot tenha 18 pa\u00edses que s\u00e3o membros, os boletins de lotaria s\u00e3o vendidos em alguns pa\u00edses n\u00e3o participantes dentro do continente. Os jogadores em qualquer um destes pa\u00edses podem entrar em qualquer vendedor de lotaria e comprar boletins de lotaria. Este n\u00e3o \u00e9 o caso dos jogadores de fora da Europa que queiram entrar no Eurojackpot.<\/p>\n<h2>O que fazer se vive fora da Europa<\/h2>\n<p>Se vive fora do continente e deseja participar no Eurojackpot, a melhor op\u00e7\u00e3o \u00e9 ir online. Pode faz\u00ea-lo atrav\u00e9s da web ou de um dispositivo m\u00f3vel. O que precisa de fazer \u00e9 encontrar um site de lotaria, comprar o seu bilhete e participar no sorteio. Depois, aguarde para ver se ganhou. \u00c9 um processo simples, mas h\u00e1 algumas coisas a ter em conta.<\/p>\n<p>Os bilhetes para o Eurojackpot s\u00e3o vendidos em v\u00e1rios sites na Internet, mas \u00e9 importante procurar um vendedor on-line leg\u00edtimo. A Internet d\u00e1-lhe acesso a fant\u00e1sticas lotarias internacionais, n\u00e3o apenas ao Eurojackpot por si s\u00f3. No entanto, \u00e9 preciso ter a certeza de que entrou no Eurojackpot em vez de apostar contra o resultado da lotaria. Sim, h\u00e1 uma diferen\u00e7a.<\/p>\n<section class=\"layout\" style=\"border: solid 1px; width: 100%;\">\n<div class=\"img-div\" style=\"margin-top: 5px;\"><img decoding=\"async\" class=\"wp-image-17212 alignleft\" style=\"height: 45px; margin: 8px 8px 0px;\" src=\"http:\/\/jackpotlotteryonline.com\/wp-content\/uploads\/2022\/11\/read1.jpg\" alt=\"Leia\" width=\"\" height=\"\" \/><\/div>\n<div style=\"padding-left: 5px;\">\n<div style=\"font-size: 1.1em;\">\n<p><strong>Qual \u00e9 a melhor lotaria internacional?<\/strong><\/p>\n<p style=\"font-size: 0.85em; margin-top: -1.5em;\">Qual das lotarias internacionais tem as melhores probabilidades de ganhar\u00a0 <a href=\"https:\/\/jackpotlotteryonline.com\/pt-pt\/qual-e-a-melhor-lotaria-internacional\">leia mais<\/a><\/p>\n<\/div>\n<\/div>\n<\/section>\n<h2>Onde obter os bilhetes para o Eurojackpot<\/h2>\n<p>Quando entrar em linha para procurar um vendedor de Eurojackpot, n\u00e3o tenha pressa em comprar uma entrada Eurojackpot a menos que saiba que se trata de um site de concierge. Sites como este d\u00e3o aos jogadores acesso a lotarias internacionais de topo, como o Eurojackpot, ao fornecerem bilhetes de lotaria.<\/p>\n<p>\u00c9 poss\u00edvel comprar um bilhete de Eurojackpot atrav\u00e9s da Internet e ainda n\u00e3o ser inscrito na lotaria. Isto porque esses sites s\u00f3 permitem aos jogadores apostar no resultado da lotaria. No Jackpotlotteryonline.com, asseguramos que os jogadores entram na lotaria Eurojackpot de onde quer que se encontrem.<\/p>\n<p>Quando nos compra uma participa\u00e7\u00e3o, os nossos agentes sobre o conte\u00fado saem e compram um bilhete f\u00edsico do Eurojackpot com os n\u00fameros correspondentes. Desta forma, mesmo que n\u00e3o esteja fisicamente presente no pa\u00eds, continua a ser inscrito no Eurojackpot. Se o seu bilhete coincidir com os n\u00fameros sorteados, ganhar\u00e1 o pr\u00e9mio. Al\u00e9m disso, n\u00e3o precisa de se preocupar em reclamar o seu Eurojackpot porque n\u00f3s tratamos disso por si. Tudo o que precisa de fazer \u00e9 retirar o seu pr\u00e9mio da nossa plataforma para a sua conta online.<\/p>\n<h2>Vantagens de se registar com o jackpotlotteryonline.com<\/h2>\n<p><img loading=\"lazy\" decoding=\"async\" class=\"alignright size-medium wp-image-28886\" src=\"http:\/\/jackpotlotteryonline.com\/wp-content\/uploads\/2022\/11\/1_pick_for_eurojackpot-300x100.jpg\" alt=\"bilhete de eurojackpot\" width=\"300\" height=\"100\" srcset=\"https:\/\/jackpotlotteryonline.com\/wp-content\/uploads\/2022\/11\/1_pick_for_eurojackpot-300x100.jpg 300w, https:\/\/jackpotlotteryonline.com\/wp-content\/uploads\/2022\/11\/1_pick_for_eurojackpot-600x200.jpg 600w, https:\/\/jackpotlotteryonline.com\/wp-content\/uploads\/2022\/11\/1_pick_for_eurojackpot.jpg 734w\" sizes=\"auto, (max-width: 300px) 100vw, 300px\" \/><\/p>\n<p>Jackpotlotteryonline.com \u00e9 um site de concierge, assim tornamos poss\u00edvel aos nossos clientes a entrada em lotarias de todo o mundo. Acreditamos que o Eurojackpot deve estar dispon\u00edvel a todos os que tenham idade e capacidade legal, e trouxemos essa paix\u00e3o \u00e0 nossa presta\u00e7\u00e3o de servi\u00e7os. Quando se regista connosco, aqui est\u00e1 o que recebe:<\/p>\n<ul>\n<li>Acesso a mais de duas d\u00fazias de lotarias internacionais, incluindo o Eurojackpot<\/li>\n<li>Uma forma sem descontinuidades de jogar na lotaria<\/li>\n<li>Pode jogar v\u00e1rias lotarias e participar em v\u00e1rios sorteios, todos num s\u00f3 lugar<\/li>\n<li>N\u00e3o tem de manter um registo de todos os seus bilhetes de lotaria do Eurojackpot, n\u00f3s fazemos isso por si<\/li>\n<li>Tamb\u00e9m acompanhamos os seus ganhos e alertamo-lo para que n\u00e3o perca a reclama\u00e7\u00e3o do seu pr\u00e9mio<\/li>\n<li>Retire facilmente os seus pr\u00e9mios da nossa plataforma para a sua conta online<\/li>\n<\/ul>\n<p>O nosso objectivo \u00e9 garantir que tenha uma experi\u00eancia agrad\u00e1vel quando jogar na lotaria. Aperfei\u00e7o\u00e1mos os nossos servi\u00e7os e continuamos a aperfei\u00e7oar o processo para que seja mais intuitivo para os nossos jogadores.<\/p>\n<h2>Siga estes passos para entrar no Eurojackpot<\/h2>\n<p><strong>Passo 1:<\/strong> visite Jackpotlotteryonline.com e v\u00e1 \u00e0 lotaria em que deseja participar, neste caso, o Eurojackpot. Clique sobre ele.<\/p>\n<p><strong>Passo 2:<\/strong> Escolha 5 n\u00fameros principais e 2 n\u00fameros extra. Pode escolher v\u00e1rias linhas de entrada para aumentar as suas probabilidades de ganhar o Eurojackpot. Se n\u00e3o tiver um n\u00famero em particular, use &#8220;Quick Pick All&#8221; para tornar o processo de selec\u00e7\u00e3o mais r\u00e1pido.<\/p>\n<p><strong>Passo 3:<\/strong> Seleccione o tipo de bilhete que deseja comprar. Pode obter um \u00fanico bilhete ou comprar v\u00e1rios sorteios, o que lhe permitir\u00e1 participar em v\u00e1rios sorteios. Mais uma vez, a entrada de m\u00faltiplos sorteios d\u00e1-lhe uma maior probabilidade de ganhar o Eurojackpot.<\/p>\n<p><strong>Passo 4:<\/strong> Ir para a p\u00e1gina de pagamento. Na p\u00e1gina de pagamento, ser-lhe-\u00e1 pedido para se inscrever ou registar. A raz\u00e3o para tal \u00e9 tripla:<\/p>\n<ol>\n<li>Para garantir que tem sempre acesso ao seu bilhete do Eurojackpot, pois \u00e9 a \u00fanica forma de reclamar um pr\u00e9mio<\/li>\n<li>Assim, podemos alert\u00e1-lo se ganhar o Eurojackpot ou qualquer um dos pr\u00e9mios dos outros n\u00edveis. F\u00e1-lo-emos atrav\u00e9s da plataforma e tamb\u00e9m atrav\u00e9s do seu e-mail<\/li>\n<li>Para lhe facilitar a reclama\u00e7\u00e3o e a retirada do seu pr\u00e9mio<\/li>\n<\/ol>\n<p>\u00c9 isso mesmo. Entrar no Eurojackpot de onde quer que se esteja \u00e9 t\u00e3o simples como seguir estes tr\u00eas passos. Agora, pode desfrutar de apostas seguras e sem complica\u00e7\u00f5es a partir do conforto do seu computador ou dispositivo m\u00f3vel.<\/p>\n<p>Porque n\u00e3o registar-se hoje connosco para comprar bilhetes para o Eurojackpot de fora da Europa? Jogar na lotaria \u00e9 emocionante e nunca se sabe quando se ter\u00e1 sorte. Se quiser ter a oportunidade de se tornar milion\u00e1rio, v\u00e1 online e participe hoje no Eurojackpot.<\/p>\n","protected":false},"excerpt":{"rendered":"<p>Sobre o EuroJackpot O Eurojackpot tem uma caracter\u00edstica excitante que deve conhecer: Sempre que o jackpot atinge 90 milh\u00f5es, h\u00e1 um limite para o jackpot que pode ganhar. Isso significa que todos os fundos provenientes da venda de bilhetes que excedam 90 milh\u00f5es de euros ser\u00e3o adicionados ao pre\u00e7o do segundo n\u00edvel. Este pre\u00e7o de [&hellip;]<\/p>\n","protected":false},"author":1,"featured_media":0,"parent":35772,"menu_order":4,"comment_status":"closed","ping_status":"closed","template":"eurojackpot-info.php","meta":{"_et_pb_use_builder":"","_et_pb_old_content":"","_et_gb_content_width":"","exclude_from_search":false,"footnotes":""},"class_list":["post-36531","page","type-page","status-publish","hentry"],"yoast_head":"<!-- This site is optimized with the Yoast SEO plugin v23.3 - https:\/\/yoast.com\/wordpress\/plugins\/seo\/ -->\n<title>Comprar bilhetes para o Eurojackpot de fora da Europa | Adquirir bilhetes online<\/title>\n<meta name=\"description\" content=\"Em alguns pa\u00edses europeus, pode comprar bilhetes para o Eurojackpot na loja. Mas aqui pode obter bilhetes mesmo de fora da Europa\" \/>\n<meta name=\"robots\" content=\"index, follow, max-snippet:-1, max-image-preview:large, max-video-preview:-1\" \/>\n<link rel=\"canonical\" href=\"https:\/\/jackpotlotteryonline.com\/buy-tickets\/eurojackpot\/\" \/>\n<meta property=\"og:locale\" content=\"pt_PT\" \/>\n<meta property=\"og:type\" content=\"article\" \/>\n<meta property=\"og:title\" content=\"Comprar bilhetes para o Eurojackpot de fora da Europa | Adquirir bilhetes online\" \/>\n<meta property=\"og:description\" content=\"Em alguns pa\u00edses europeus, pode comprar bilhetes para o Eurojackpot na loja. Mas aqui pode obter bilhetes mesmo de fora da Europa\" \/>\n<meta property=\"og:url\" content=\"https:\/\/jackpotlotteryonline.com\/buy-tickets\/eurojackpot\/\" \/>\n<meta property=\"og:site_name\" content=\"Lotto Online - Crack The International Lottery Jackpots\" \/>\n<meta property=\"article:modified_time\" content=\"2023-01-03T20:08:05+00:00\" \/>\n<meta property=\"og:image\" content=\"http:\/\/jackpotlotteryonline.com\/wp-content\/uploads\/2022\/11\/1_buy_eurojackpot_ticket-300x99.jpg\" \/>\n<meta name=\"twitter:card\" content=\"summary_large_image\" \/>\n<meta name=\"twitter:label1\" content=\"Tempo estimado de leitura\" \/>\n\t<meta name=\"twitter:data1\" content=\"6 minutos\" \/>\n<!-- \/ Yoast SEO plugin. -->","yoast_head_json":{"title":"Comprar bilhetes para o Eurojackpot de fora da Europa | Adquirir bilhetes online","description":"Em alguns pa\u00edses europeus, pode comprar bilhetes para o Eurojackpot na loja. Mas aqui pode obter bilhetes mesmo de fora da Europa","robots":{"index":"index","follow":"follow","max-snippet":"max-snippet:-1","max-image-preview":"max-image-preview:large","max-video-preview":"max-video-preview:-1"},"canonical":"https:\/\/jackpotlotteryonline.com\/buy-tickets\/eurojackpot\/","og_locale":"pt_PT","og_type":"article","og_title":"Comprar bilhetes para o Eurojackpot de fora da Europa | Adquirir bilhetes online","og_description":"Em alguns pa\u00edses europeus, pode comprar bilhetes para o Eurojackpot na loja. Mas aqui pode obter bilhetes mesmo de fora da Europa","og_url":"https:\/\/jackpotlotteryonline.com\/buy-tickets\/eurojackpot\/","og_site_name":"Lotto Online - Crack The International Lottery Jackpots","article_modified_time":"2023-01-03T20:08:05+00:00","og_image":[{"url":"http:\/\/jackpotlotteryonline.com\/wp-content\/uploads\/2022\/11\/1_buy_eurojackpot_ticket-300x99.jpg"}],"twitter_card":"summary_large_image","twitter_misc":{"Tempo estimado de leitura":"6 minutos"},"schema":{"@context":"https:\/\/schema.org","@graph":[{"@type":"WebPage","@id":"https:\/\/jackpotlotteryonline.com\/buy-tickets\/eurojackpot\/","url":"https:\/\/jackpotlotteryonline.com\/buy-tickets\/eurojackpot\/","name":"Comprar bilhetes para o Eurojackpot de fora da Europa | Adquirir bilhetes online","isPartOf":{"@id":"https:\/\/jackpotlotteryonline.com\/#website"},"primaryImageOfPage":{"@id":"https:\/\/jackpotlotteryonline.com\/buy-tickets\/eurojackpot\/#primaryimage"},"image":{"@id":"https:\/\/jackpotlotteryonline.com\/buy-tickets\/eurojackpot\/#primaryimage"},"thumbnailUrl":"http:\/\/jackpotlotteryonline.com\/wp-content\/uploads\/2022\/11\/1_buy_eurojackpot_ticket-300x99.jpg","datePublished":"2022-11-07T10:34:05+00:00","dateModified":"2023-01-03T20:08:05+00:00","description":"Em alguns pa\u00edses europeus, pode comprar bilhetes para o Eurojackpot na loja. Mas aqui pode obter bilhetes mesmo de fora da Europa","breadcrumb":{"@id":"https:\/\/jackpotlotteryonline.com\/buy-tickets\/eurojackpot\/#breadcrumb"},"inLanguage":"pt-PT","potentialAction":[{"@type":"ReadAction","target":["https:\/\/jackpotlotteryonline.com\/buy-tickets\/eurojackpot\/"]}]},{"@type":"ImageObject","inLanguage":"pt-PT","@id":"https:\/\/jackpotlotteryonline.com\/buy-tickets\/eurojackpot\/#primaryimage","url":"http:\/\/jackpotlotteryonline.com\/wp-content\/uploads\/2022\/11\/1_buy_eurojackpot_ticket-300x99.jpg","contentUrl":"http:\/\/jackpotlotteryonline.com\/wp-content\/uploads\/2022\/11\/1_buy_eurojackpot_ticket-300x99.jpg"},{"@type":"BreadcrumbList","@id":"https:\/\/jackpotlotteryonline.com\/buy-tickets\/eurojackpot\/#breadcrumb","itemListElement":[{"@type":"ListItem","position":1,"name":"Home","item":"https:\/\/jackpotlotteryonline.com\/pt-pt\/"},{"@type":"ListItem","position":2,"name":"Como comprar bilhetes de lotaria on-line","item":"https:\/\/jackpotlotteryonline.com\/pt-pt\/comprar-tickets\/"},{"@type":"ListItem","position":3,"name":"Comprar bilhetes para o Eurojackpot de fora dos pa\u00edses participantes"}]},{"@type":"WebSite","@id":"https:\/\/jackpotlotteryonline.com\/#website","url":"https:\/\/jackpotlotteryonline.com\/","name":"Lotto Online - Crack The International Lottery Jackpots","description":"","potentialAction":[{"@type":"SearchAction","target":{"@type":"EntryPoint","urlTemplate":"https:\/\/jackpotlotteryonline.com\/?s={search_term_string}"},"query-input":"required name=search_term_string"}],"inLanguage":"pt-PT"}]}},"_links":{"self":[{"href":"https:\/\/jackpotlotteryonline.com\/pt-pt\/wp-json\/wp\/v2\/pages\/36531","targetHints":{"allow":["GET"]}}],"collection":[{"href":"https:\/\/jackpotlotteryonline.com\/pt-pt\/wp-json\/wp\/v2\/pages"}],"about":[{"href":"https:\/\/jackpotlotteryonline.com\/pt-pt\/wp-json\/wp\/v2\/types\/page"}],"author":[{"embeddable":true,"href":"https:\/\/jackpotlotteryonline.com\/pt-pt\/wp-json\/wp\/v2\/users\/1"}],"replies":[{"embeddable":true,"href":"https:\/\/jackpotlotteryonline.com\/pt-pt\/wp-json\/wp\/v2\/comments?post=36531"}],"version-history":[{"count":0,"href":"https:\/\/jackpotlotteryonline.com\/pt-pt\/wp-json\/wp\/v2\/pages\/36531\/revisions"}],"up":[{"embeddable":true,"href":"https:\/\/jackpotlotteryonline.com\/pt-pt\/wp-json\/wp\/v2\/pages\/35772"}],"wp:attachment":[{"href":"https:\/\/jackpotlotteryonline.com\/pt-pt\/wp-json\/wp\/v2\/media?parent=36531"}],"curies":[{"name":"wp","href":"https:\/\/api.w.org\/{rel}","templated":true}]}}