{"id":36583,"date":"2022-11-07T14:18:56","date_gmt":"2022-11-07T14:18:56","guid":{"rendered":"https:\/\/jackpotlotteryonline.com\/?page_id=36583"},"modified":"2023-01-03T20:29:50","modified_gmt":"2023-01-03T20:29:50","slug":"superenalotto","status":"publish","type":"page","link":"https:\/\/jackpotlotteryonline.com\/pt-pt\/comprar-tickets\/superenalotto\/","title":{"rendered":"Comprar bilhetes para a Superenalotto"},"content":{"rendered":"<h2>Porqu\u00ea a Superenalotto?<\/h2>\n<p>Tem-se perguntado como pode comprar bilhetes da Superenalotto fora de It\u00e1lia? A Superenalotto \u00e9 uma das lotarias mais populares do continente europeu. N\u00e3o \u00e9 surpreendente que os jogadores de todo o mundo fa\u00e7am regularmente apostas na lotaria.<\/p>\n<p>No jackpotlotteryonline.com damos aos jogadores acesso a lotarias internacionais de topo como a Superenalotto. Tornamos poss\u00edvel a compra de bilhetes, verificar os resultados do sorteio e aceder aos seus ganhos.<\/p>\n<p>Com a prolifera\u00e7\u00e3o de lotarias globais, porque \u00e9 que um jogador optaria por apostar na Superenalotto? Iremos abordar algumas das raz\u00f5es pelas quais a Superenalotto est\u00e1 a tornar-se rapidamente a lotaria de elei\u00e7\u00e3o entre os apostadores. Se tiver pressa em fazer a sua aposta, pode visitar-nos agora para uma oportunidade de ganhar em grande na Superenalotto.<\/p>\n<h2>A Superenalotto tem incr\u00edveis jackpots<\/h2>\n<p>A raz\u00e3o n\u00famero um pela qual os jogadores adoram a Superenalotto de It\u00e1lia \u00e9 provavelmente devido ao incr\u00edvel pr\u00e9mio do jackpot. Curiosamente, o jackpot come\u00e7a com um montante m\u00ednimo de 2 milh\u00f5es de euros. Isso n\u00e3o parece ser um n\u00famero impressionante quando se considera que muitas lotarias oferecem esse montante.<\/p>\n<p>O ponto de venda, por\u00e9m, \u00e9 que n\u00e3o h\u00e1 limite para o jackpot da Superenalotto. Se n\u00e3o houver vencedor depois de um sorteio, ele rola e continua a rolar depois de cada sorteio, at\u00e9 surgir um vencedor. Para levar esta casa mais longe, a lotaria Superenalotto tem <a href=\"https:\/\/jackpotlotteryonline.com\/pt-pt\/numeros-vencedores\/superenalotto\">tr\u00eas sorteios por semana<\/a>. N\u00e3o h\u00e1 quase nenhum limite para o n\u00famero de vezes que o jackpot pode rolar.<\/p>\n<p>De facto, o jackpot rolou tantas vezes h\u00e1 alguns anos atr\u00e1s que o jackpot recorde foi de 209,1 milh\u00f5es de euros em 2019.<\/p>\n<h2>Ser\u00e1 que mencion\u00e1mos tr\u00eas sorteios por semana?<\/h2>\n<p>Quando se joga Superenalotto, tem-se tr\u00eas hip\u00f3teses de ganhar em grande cada semana. Isto \u00e9 porque a lotaria Superenalotto realiza os seus sorteios tr\u00eas vezes por semana \u00e0s ter\u00e7as, quintas e s\u00e1bados.<\/p>\n<p>Isso significa que se n\u00e3o houver vencedor, a quantia do jackpot cresce mais rapidamente. O jackpot da Superenalotto poderia ter triplicado de tamanho em apenas uma curta semana. Isto \u00e9 suficiente para que os apostadores se apressem a fazer as suas apostas.<\/p>\n<p>N\u00e3o quer perder no pr\u00f3ximo sorteio? Porque n\u00e3o ir ao jackpotlotteryonline.com e apostar agora na Superenalotto? Nunca se sabe quando \u00e9 que a sorte o vai favorecer.<\/p>\n<h2>Os 5 primeiros classificados da Superenalotto<\/h2>\n<p><img loading=\"lazy\" decoding=\"async\" class=\"alignright size-full wp-image-31316\" src=\"http:\/\/jackpotlotteryonline.com\/wp-content\/uploads\/2022\/11\/logo_superenalotto.png\" alt=\"Bola de lotaria Superenalotto\" width=\"200\" height=\"212\" \/><\/p>\n<p>Ainda n\u00e3o tem a certeza se quer fazer uma aposta na lotaria Superenalotto? N\u00e3o h\u00e1 problema. Ser\u00e1 estimulado assim que ler sobre as quantidades de \u00e1gua na boca que os vencedores anteriores levaram para casa.<\/p>\n<p>O maior jackpot foi ganho em 2019 por um sindicato da lotaria e o montante foi de 209,1 milh\u00f5es de euros. J\u00e1 mencion\u00e1mos isso brevemente, mas h\u00e1 algo mais que n\u00e3o mencion\u00e1mos. Esse jackpot foi ganho por um \u00fanico titular de bilhete. Conseguem imaginar ir para casa com mais de duzentos milh\u00f5es de euros?<\/p>\n<p>O segundo maior jackpot foi ganho por um sindicato da lotaria em 2010 e o montante foi de 177,7 milh\u00f5es de euros. Seguiu-se um jackpot de 163,5 milh\u00f5es de euros que foi ganho por um \u00fanico bilhete em 2016. O pr\u00f3ximo maior jackpot foi ganho por outro titular de um \u00fanico bilhete em 2009 e o montante foi de 147,8 milh\u00f5es de euros. Finalmente, dois bilhetes partilharam o pr\u00e9mio do jackpot de 139 milh\u00f5es de euros em 2010.<\/p>\n<h2>Como jogar a Superenalotto<\/h2>\n<p><a href=\"https:\/\/jackpotlotteryonline.com\/pt-pt\/como-jogar\/superenalotto\">Para jogar Superenalotto<\/a>, escolha seis n\u00fameros principais entre 1 e 90. Pode escolher v\u00e1rias linhas de n\u00fameros para aumentar as suas hip\u00f3teses de ganhar na lotaria. A seguir, escolha o n\u00famero de sorteios em que quer participar. Pode decidir participar em cada sorteio todas as semanas durante as pr\u00f3ximas 5 semanas, se assim o desejar. Quanto mais sorteios participar, maiores ser\u00e3o as suas hip\u00f3teses de ganhar um pr\u00e9mio.<\/p>\n<p>H\u00e1 tamb\u00e9m o que \u00e9 conhecido como SuperStar, que \u00e9 uma op\u00e7\u00e3o que ajuda a melhorar as suas hip\u00f3teses de ganhar. Tamb\u00e9m pode comprar o &#8220;n\u00famero Jolly&#8221;, que \u00e9 escolhido de 1 a 90. O n\u00famero Jolly n\u00e3o afecta o jackpot, mas \u00e9 utilizado para decidir o vencedor da categoria do segundo pr\u00e9mio.<\/p>\n<p>Depois de ter escolhido os seus n\u00fameros, pague o seu bilhete e aguarde pelos sorteios. Quando se regista connosco, n\u00f3s automatizamos o processo para uma experi\u00eancia mais perfeita. Tiramos o stress da opera\u00e7\u00e3o para que possa desfrutar da divers\u00e3o sem nenhum dos inc\u00f3modos.<\/p>\n<section class=\"layout\" style=\"border: solid 1px; width: 100%;\">\n<div class=\"img-div\" style=\"margin-top: 5px;\"><img decoding=\"async\" class=\"wp-image-17212 alignleft\" style=\"height: 45px; margin: 8px 8px 0px;\" src=\"http:\/\/jackpotlotteryonline.com\/wp-content\/uploads\/2022\/11\/read1.jpg\" alt=\"ler\" width=\"\" height=\"\" \/><\/div>\n<div style=\"padding-left: 5px;\">\n<div style=\"font-size: 1.1em;\">\n<p><strong>Escolha os n\u00fameros vencedores da lotaria manualmente ou utilizando um RNG<\/strong><\/p>\n<p style=\"font-size: 0.85em; margin-top: -1.5em;\">Como gerar n\u00fameros vencedores da lotaria?\u00a0\u00a0<a href=\"https:\/\/jackpotlotteryonline.com\/pt-pt\/como-gerar-numeros-vencedores-da-lotaria\"> leia mais<\/a><\/p>\n<\/div>\n<\/div>\n<\/section>\n<h2>Quais s\u00e3o as probabilidades de ganhar a Superenalotto?<\/h2>\n<p>Geralmente, a lotaria n\u00e3o \u00e9 conhecida por ter grandes probabilidades para os jogadores. A verdade \u00e9 que as probabilidades de ganhar n\u00e3o s\u00e3o muito elevadas. Curiosamente, isso torna muito mais excitante jogar na lotaria. Porque ganhar, quando parece que as probabilidades n\u00e3o est\u00e3o a seu favor, d\u00e1 aos jogadores uma grande vantagem. \u00c9 tamb\u00e9m uma forma maravilhosa de saber que tem a sorte do seu lado.<\/p>\n<p>As probabilidades de ganhar o jackpot da Superenalotto s\u00e3o de 1 em 622.614.630. Mas, existem 6 categorias de pr\u00e9mios e uma categoria de ganhos instant\u00e2neos de 25 euros. Quando as tiver em considera\u00e7\u00e3o, as probabilidades de ganhar qualquer pr\u00e9mio s\u00e3o de 1 em 16.<\/p>\n<p>Qualquer apostador concordaria que essas s\u00e3o probabilidades incr\u00edveis que favorecem o jogador.<\/p>\n<h2>Categorias de pr\u00e9mios da Superenalotto<\/h2>\n<p><img loading=\"lazy\" decoding=\"async\" class=\"size-medium wp-image-35376 alignright\" src=\"http:\/\/jackpotlotteryonline.com\/wp-content\/uploads\/2022\/11\/2_ticket_superenalotto4-1-211x300.jpg\" alt=\"Bilhete Pr\u00e9mio Superenalotto\" width=\"211\" height=\"300\" srcset=\"https:\/\/jackpotlotteryonline.com\/wp-content\/uploads\/2022\/11\/2_ticket_superenalotto4-1-211x300.jpg 211w, https:\/\/jackpotlotteryonline.com\/wp-content\/uploads\/2022\/11\/2_ticket_superenalotto4-1.jpg 300w\" sizes=\"auto, (max-width: 211px) 100vw, 211px\" \/><\/p>\n<p>Durante os sorteios, seis n\u00fameros s\u00e3o escolhidos aleatoriamente a partir de um tambor que tem bolas com n\u00fameros de 1 a 90. Qualquer bilhete que corresponda aos n\u00fameros sorteados, ganha o jackpot.<\/p>\n<p>O pr\u00e9mio do jackpot da Superenalotto come\u00e7a nos 2 milh\u00f5es de euros, mas normalmente acaba muito mais alto do que isso, porque rola. As outras categorias de pr\u00e9mios s\u00e3o determinadas de acordo com a percentagem dos fundos dispon\u00edveis. Portanto, n\u00e3o \u00e9 poss\u00edvel quanto seria distribu\u00eddo em cada sorteio.<\/p>\n<p>6 n\u00fameros &#8211; jackpot (17,4% do total dos fundos)<br \/>\n5 + N\u00famero Jolly &#8211; 13%<br \/>\n5 n\u00fameros &#8211; 4,2%<br \/>\n4 n\u00fameros &#8211; 4,2%<br \/>\n3 n\u00fameros &#8211; 12,8%<br \/>\n2 n\u00fameros &#8211; 40%<\/p>\n<p><strong>Para obter uma perspectiva melhor, aqui est\u00e1 o montante m\u00e9dio por sorteio.<\/strong><\/p>\n<p>6 n\u00fameros &#8211; 92.056.091,66 euros<br \/>\n5 + n\u00famero Jolly &#8211; 594.951,95 euros<br \/>\n5 n\u00fameros &#8211; 49.736,38 euros<br \/>\n4 n\u00fameros &#8211; EUR354,83<br \/>\n3 n\u00fameros &#8211; 27,15 euros<br \/>\n2 n\u00fameros &#8211; 5,48 euros<\/p>\n<h2>Jogue Superenalotto na Internet<\/h2>\n<p>A Superenalotto \u00e9 uma lotaria italiana e as inscri\u00e7\u00f5es s\u00f3 s\u00e3o vendidas em It\u00e1lia. Assim, se vive fora de It\u00e1lia, a \u00fanica maneira de ter acesso \u00e0 Superenalotto seria comprar um bilhete online. Pode faz\u00ea-lo a partir de um vendedor de lotarias na Internet, como o jackpotlotteryonline.com.<\/p>\n<h2>Vantagens de comprar online as inscri\u00e7\u00f5es na Superenalotto<\/h2>\n<ul>\n<li>O acesso \u00e0 lotaria \u00e9 r\u00e1pido e imediato<\/li>\n<li>\u00c9 super conveniente, pois n\u00e3o precisa de deixar o conforto da sua casa<\/li>\n<li>\u00c9 tamb\u00e9m mais seguro porque o seu bilhete \u00e9 armazenado digitalmente. Isso \u00e9 importante porque \u00e9 a \u00fanica forma de reclamar a sua vit\u00f3ria.<\/li>\n<li>N\u00e3o h\u00e1 necessidade de perder a sua vit\u00f3ria porque o alertaremos imediatamente se ganhar algum pr\u00e9mio.<\/li>\n<li>Pode facilmente retirar qualquer vit\u00f3ria online sem ir a lado nenhum<\/li>\n<\/ul>\n<h2>Inscreva-se connosco para jogar Superenalotto<\/h2>\n<p>Se vive fora de It\u00e1lia e deseja comprar acesso \u00e0 lotaria Superenalotto, pode faz\u00ea-lo inscrevendo-se connosco. Oferecemos um servi\u00e7o de concierge que lhe d\u00e1 acesso imediato \u00e0s principais lotarias internacionais, incluindo a Superenalotto.<\/p>\n<p>O nosso objectivo \u00e9 tornar a experi\u00eancia da lotaria uma experi\u00eancia agrad\u00e1vel para os nossos clientes. Tiramos o stress das coisas simples, deixando-o a gostar de fazer as suas apostas. Compre j\u00e1 os seus bilhetes de lotaria connosco para ter a oportunidade de ganhar em grande na Superenalotto.<\/p>\n","protected":false},"excerpt":{"rendered":"<p>Porqu\u00ea a Superenalotto? Tem-se perguntado como pode comprar bilhetes da Superenalotto fora de It\u00e1lia? A Superenalotto \u00e9 uma das lotarias mais populares do continente europeu. N\u00e3o \u00e9 surpreendente que os jogadores de todo o mundo fa\u00e7am regularmente apostas na lotaria. No jackpotlotteryonline.com damos aos jogadores acesso a lotarias internacionais de topo como a Superenalotto. Tornamos [&hellip;]<\/p>\n","protected":false},"author":1,"featured_media":0,"parent":35772,"menu_order":5,"comment_status":"closed","ping_status":"closed","template":"superenalotto.php","meta":{"_et_pb_use_builder":"","_et_pb_old_content":"","_et_gb_content_width":"","exclude_from_search":false,"footnotes":""},"class_list":["post-36583","page","type-page","status-publish","hentry"],"yoast_head":"<!-- This site is optimized with the Yoast SEO plugin v23.3 - https:\/\/yoast.com\/wordpress\/plugins\/seo\/ -->\n<title>Comprar bilhetes para Superenalotto fora de It\u00e1lia | Adquirir bilhetes online<\/title>\n<meta name=\"description\" content=\"N\u00e3o vive em It\u00e1lia, mas quer participar na Superenalotto? Adquira o seu bilhete online para o Superenalotto atrav\u00e9s da nossa p\u00e1gina\" \/>\n<meta name=\"robots\" content=\"index, follow, max-snippet:-1, max-image-preview:large, max-video-preview:-1\" \/>\n<link rel=\"canonical\" href=\"https:\/\/jackpotlotteryonline.com\/buy-tickets\/superenalotto\/\" \/>\n<meta property=\"og:locale\" content=\"pt_PT\" \/>\n<meta property=\"og:type\" content=\"article\" \/>\n<meta property=\"og:title\" content=\"Comprar bilhetes para Superenalotto fora de It\u00e1lia | Adquirir bilhetes online\" \/>\n<meta property=\"og:description\" content=\"N\u00e3o vive em It\u00e1lia, mas quer participar na Superenalotto? Adquira o seu bilhete online para o Superenalotto atrav\u00e9s da nossa p\u00e1gina\" \/>\n<meta property=\"og:url\" content=\"https:\/\/jackpotlotteryonline.com\/buy-tickets\/superenalotto\/\" \/>\n<meta property=\"og:site_name\" content=\"Lotto Online - Crack The International Lottery Jackpots\" \/>\n<meta property=\"article:modified_time\" content=\"2023-01-03T20:29:50+00:00\" \/>\n<meta property=\"og:image\" content=\"http:\/\/jackpotlotteryonline.com\/wp-content\/uploads\/2022\/11\/logo_superenalotto.png\" \/>\n<meta name=\"twitter:card\" content=\"summary_large_image\" \/>\n<meta name=\"twitter:label1\" content=\"Tempo estimado de leitura\" \/>\n\t<meta name=\"twitter:data1\" content=\"6 minutos\" \/>\n<!-- \/ Yoast SEO plugin. -->","yoast_head_json":{"title":"Comprar bilhetes para Superenalotto fora de It\u00e1lia | Adquirir bilhetes online","description":"N\u00e3o vive em It\u00e1lia, mas quer participar na Superenalotto? Adquira o seu bilhete online para o Superenalotto atrav\u00e9s da nossa p\u00e1gina","robots":{"index":"index","follow":"follow","max-snippet":"max-snippet:-1","max-image-preview":"max-image-preview:large","max-video-preview":"max-video-preview:-1"},"canonical":"https:\/\/jackpotlotteryonline.com\/buy-tickets\/superenalotto\/","og_locale":"pt_PT","og_type":"article","og_title":"Comprar bilhetes para Superenalotto fora de It\u00e1lia | Adquirir bilhetes online","og_description":"N\u00e3o vive em It\u00e1lia, mas quer participar na Superenalotto? Adquira o seu bilhete online para o Superenalotto atrav\u00e9s da nossa p\u00e1gina","og_url":"https:\/\/jackpotlotteryonline.com\/buy-tickets\/superenalotto\/","og_site_name":"Lotto Online - Crack The International Lottery Jackpots","article_modified_time":"2023-01-03T20:29:50+00:00","og_image":[{"url":"http:\/\/jackpotlotteryonline.com\/wp-content\/uploads\/2022\/11\/logo_superenalotto.png"}],"twitter_card":"summary_large_image","twitter_misc":{"Tempo estimado de leitura":"6 minutos"},"schema":{"@context":"https:\/\/schema.org","@graph":[{"@type":"WebPage","@id":"https:\/\/jackpotlotteryonline.com\/buy-tickets\/superenalotto\/","url":"https:\/\/jackpotlotteryonline.com\/buy-tickets\/superenalotto\/","name":"Comprar bilhetes para Superenalotto fora de It\u00e1lia | Adquirir bilhetes online","isPartOf":{"@id":"https:\/\/jackpotlotteryonline.com\/#website"},"primaryImageOfPage":{"@id":"https:\/\/jackpotlotteryonline.com\/buy-tickets\/superenalotto\/#primaryimage"},"image":{"@id":"https:\/\/jackpotlotteryonline.com\/buy-tickets\/superenalotto\/#primaryimage"},"thumbnailUrl":"http:\/\/jackpotlotteryonline.com\/wp-content\/uploads\/2022\/11\/logo_superenalotto.png","datePublished":"2022-11-07T14:18:56+00:00","dateModified":"2023-01-03T20:29:50+00:00","description":"N\u00e3o vive em It\u00e1lia, mas quer participar na Superenalotto? Adquira o seu bilhete online para o Superenalotto atrav\u00e9s da nossa p\u00e1gina","breadcrumb":{"@id":"https:\/\/jackpotlotteryonline.com\/buy-tickets\/superenalotto\/#breadcrumb"},"inLanguage":"pt-PT","potentialAction":[{"@type":"ReadAction","target":["https:\/\/jackpotlotteryonline.com\/buy-tickets\/superenalotto\/"]}]},{"@type":"ImageObject","inLanguage":"pt-PT","@id":"https:\/\/jackpotlotteryonline.com\/buy-tickets\/superenalotto\/#primaryimage","url":"http:\/\/jackpotlotteryonline.com\/wp-content\/uploads\/2022\/11\/logo_superenalotto.png","contentUrl":"http:\/\/jackpotlotteryonline.com\/wp-content\/uploads\/2022\/11\/logo_superenalotto.png"},{"@type":"BreadcrumbList","@id":"https:\/\/jackpotlotteryonline.com\/buy-tickets\/superenalotto\/#breadcrumb","itemListElement":[{"@type":"ListItem","position":1,"name":"Home","item":"https:\/\/jackpotlotteryonline.com\/pt-pt\/"},{"@type":"ListItem","position":2,"name":"Como comprar bilhetes de lotaria on-line","item":"https:\/\/jackpotlotteryonline.com\/pt-pt\/comprar-tickets\/"},{"@type":"ListItem","position":3,"name":"Comprar bilhetes para a Superenalotto"}]},{"@type":"WebSite","@id":"https:\/\/jackpotlotteryonline.com\/#website","url":"https:\/\/jackpotlotteryonline.com\/","name":"Lotto Online - Crack The International Lottery Jackpots","description":"","potentialAction":[{"@type":"SearchAction","target":{"@type":"EntryPoint","urlTemplate":"https:\/\/jackpotlotteryonline.com\/?s={search_term_string}"},"query-input":"required name=search_term_string"}],"inLanguage":"pt-PT"}]}},"_links":{"self":[{"href":"https:\/\/jackpotlotteryonline.com\/pt-pt\/wp-json\/wp\/v2\/pages\/36583","targetHints":{"allow":["GET"]}}],"collection":[{"href":"https:\/\/jackpotlotteryonline.com\/pt-pt\/wp-json\/wp\/v2\/pages"}],"about":[{"href":"https:\/\/jackpotlotteryonline.com\/pt-pt\/wp-json\/wp\/v2\/types\/page"}],"author":[{"embeddable":true,"href":"https:\/\/jackpotlotteryonline.com\/pt-pt\/wp-json\/wp\/v2\/users\/1"}],"replies":[{"embeddable":true,"href":"https:\/\/jackpotlotteryonline.com\/pt-pt\/wp-json\/wp\/v2\/comments?post=36583"}],"version-history":[{"count":0,"href":"https:\/\/jackpotlotteryonline.com\/pt-pt\/wp-json\/wp\/v2\/pages\/36583\/revisions"}],"up":[{"embeddable":true,"href":"https:\/\/jackpotlotteryonline.com\/pt-pt\/wp-json\/wp\/v2\/pages\/35772"}],"wp:attachment":[{"href":"https:\/\/jackpotlotteryonline.com\/pt-pt\/wp-json\/wp\/v2\/media?parent=36583"}],"curies":[{"name":"wp","href":"https:\/\/api.w.org\/{rel}","templated":true}]}}