{"id":36637,"date":"2022-11-08T08:22:06","date_gmt":"2022-11-08T08:22:06","guid":{"rendered":"https:\/\/jackpotlotteryonline.com\/?page_id=36637"},"modified":"2023-01-03T20:46:06","modified_gmt":"2023-01-03T20:46:06","slug":"el-gordo","status":"publish","type":"page","link":"https:\/\/jackpotlotteryonline.com\/pt-pt\/comprar-tickets\/el-gordo\/","title":{"rendered":"Comprar bilhetes para El Gordo"},"content":{"rendered":"<h2>A incr\u00edvel lotaria espanhola<\/h2>\n<p>El Gordo est\u00e1 ao virar da esquina e nem todos t\u00eam a sorte de viver ou viajar para Espanha. No entanto, os apostadores em todo o lado est\u00e3o entusiasmados com a ideia de participar na divers\u00e3o e nas festividades que acompanham esta lotaria. Os jogadores que vivem fora do pa\u00eds tamb\u00e9m podem participar nesta lotaria e n\u00f3s mostrar-lhe-emos como faz\u00ea-lo.<\/p>\n<p>Se \u00e9 novo <a href=\"https:\/\/jackpotlotteryonline.com\/pt-pt\/como-jogar\/el-gordo\">a jogar na lotaria<\/a>, ent\u00e3o talvez esteja interessado em saber que esta \u00e9 uma lotaria espanhola. Chama-se El Gordo, que significa &#8220;o Gordo&#8221; por causa do grande jackpot. Diz-se que \u00e9 o maior jackpot do mundo.<\/p>\n<p>Ent\u00e3o, como pode obter um peda\u00e7o da ac\u00e7\u00e3o, apesar de n\u00e3o viver em Espanha? Continue a ler e n\u00f3s contamos-lhe tudo sobre isso.<\/p>\n<h2>Como comprar bilhetes El Gordo de fora de Espanha<\/h2>\n<p><img loading=\"lazy\" decoding=\"async\" class=\"size-full wp-image-17870 alignright\" src=\"http:\/\/jackpotlotteryonline.com\/wp-content\/uploads\/2022\/10\/lotto_euros.jpg\" alt=\"Comprar bilhete para El Gordo online\" width=\"225\" height=\"134\" \/><\/p>\n<p>A forma mais f\u00e1cil de comprar bilhetes para a lotaria El Gordo \u00e9 atrav\u00e9s da Internet de um vendedor de lotarias on-line como o jackpotlotteryonline.com. Prestamos um servi\u00e7o sem falhas que faz com que jogar nas lotarias internacionais de topo seja uma experi\u00eancia sem esfor\u00e7o. Quando se regista connosco, obt\u00e9m uma plataforma \u00e0 medida das suas necessidades.<\/p>\n<p>Queremos assegurar que os nossos clientes experimentem o prazer que adv\u00e9m de jogar na lotaria. Quando participa em El Gordo, torna-se parte da hist\u00f3ria e da tradi\u00e7\u00e3o. Esta lotaria espanhola \u00e9 tamb\u00e9m conhecida como a lotaria de Natal e a \u00e9poca n\u00e3o \u00e9 a mesma sem ela.<\/p>\n<p>Participar na lotaria de Natal espanhola pode ser um pouco confuso se for a sua primeira vez. Ao contr\u00e1rio de outras lotarias, n\u00e3o pode escolher os seus n\u00fameros. Cada bilhete tem n\u00fameros j\u00e1 impressos. Para aumentar a confus\u00e3o, existem 100.000 n\u00fameros na lotaria El Gordo. No jackpotlotteryonline.com, guiamo-lo atrav\u00e9s de cada passo.<\/p>\n<h2>Porque deve participar na lotaria El Gordo<\/h2>\n<p>H\u00e1 v\u00e1rias raz\u00f5es pelas quais os jogadores de todo o mundo amam El Gordo. Mencion\u00e1mos o facto de estar impregnado de hist\u00f3ria e tradi\u00e7\u00e3o. A lotaria realizou o seu primeiro sorteio em 1812; isso significa que tem mais de 200 anos de idade. El Gordo \u00e9 a segunda lotaria mais antiga do mundo e tornou-se parte da cultura de Espanha.<\/p>\n<p><a href=\"https:\/\/jackpotlotteryonline.com\/pt-pt\/numeros-vencedores\/el-gordo-draw-results\">O sorteio<\/a> realiza-se a 22 de Dezembro de cada ano, pelo que \u00e9 uma \u00f3ptima forma de dar cor \u00e0 \u00e9poca festiva. O sorteio em si \u00e9 outro grande acontecimento, pois os resultados do sorteio s\u00e3o cantados por alunos da escola de San Ildefonso. J\u00e1 mencion\u00e1mos que El Gordo est\u00e1 impregnado de tradi\u00e7\u00e3o? \u00c9 certamente algo que os antigos e os novos apostadores aguardam todos os anos.<\/p>\n<p>Para al\u00e9m disso, El Gordo \u00e9 uma lotaria que promove e celebra a comunidade. Os bilhetes s\u00e3o divididos em v\u00e1rias subdivis\u00f5es e \u00e9 bastante comum encontrar bairros que subscrevam uma subdivis\u00e3o. Ent\u00e3o porque n\u00e3o fazer algo especial pela sua fam\u00edlia e amigos, entrando juntos em El Gordo? \u00c9 uma forma maravilhosa de celebrar o Natal.<\/p>\n<section class=\"layout\" style=\"border: solid 1px; width: 100%;\">\n<div class=\"img-div\" style=\"margin-top: 5px;\"><img decoding=\"async\" class=\"wp-image-17212 alignleft\" style=\"height: 45px; margin: 8px 8px 0px;\" src=\"http:\/\/jackpotlotteryonline.com\/wp-content\/uploads\/2022\/11\/read1.jpg\" alt=\"ler\" width=\"\" height=\"\" \/><\/div>\n<div style=\"padding-left: 5px;\">\n<div style=\"font-size: 1.1em;\">\n<p><strong>N\u00e3o perca os sorteios dos maiores jackpots de lotaria do mundo<\/strong><\/p>\n<p style=\"font-size: 0.85em; margin-top: -1.5em;\">Uma lista dos tempos de sorteio para as lotarias internacionais\u00a0<a href=\"https:\/\/jackpotlotteryonline.com\/pt-pt\/quando-sao-os-sorteios-para-as-lotarias-internacionais\"> leia mais<\/a><\/p>\n<\/div>\n<\/div>\n<\/section>\n<h2>Como fazer de El Gordo<\/h2>\n<p><img loading=\"lazy\" decoding=\"async\" class=\"alignright size-full wp-image-32459\" src=\"http:\/\/jackpotlotteryonline.com\/wp-content\/uploads\/2022\/11\/2_ticket_el_gordo-1.jpg\" alt=\"Bilhete da lotaria El Gordo\" width=\"213\" height=\"300\" \/><\/p>\n<p>Quando entra na lotaria de Natal espanhola, o seu bilhete pode ter n\u00fameros que v\u00e3o de 00000 a 99999. Cada bilhete \u00e9 dividido em dez partes, que s\u00e3o ainda subdivididas. Assim, independentemente do seu or\u00e7amento, pode dar-se ao luxo de comprar um bilhete.<\/p>\n<p>Igualmente interessante \u00e9 que os jogadores de El Gordo t\u00eam uma probabilidade muito elevada de ganhar. O jackpot total \u00e9 de bili\u00f5es de euros e as probabilidades s\u00e3o incr\u00edveis. Assim, os jogadores podem ir para casa com milhares de euros, mesmo que n\u00e3o ganhem o primeiro pr\u00e9mio.<\/p>\n<p>Uma vez adquirido o bilhete, tudo o que tem de fazer \u00e9 esperar pelos sorteios a 22 de Dezembro. No nosso site, pedimos aos nossos clientes que se registem para que possamos avis\u00e1-los assim que tiverem ganho um pr\u00e9mio. Al\u00e9m disso, levantar os seus ganhos \u00e9 f\u00e1cil, pois pode faz\u00ea-lo a partir da nossa plataforma.<\/p>\n<h2>Passos para Jogar El Gordo online<\/h2>\n<ol>\n<li>Agora que est\u00e1 t\u00e3o entusiasmado como n\u00f3s com a lotaria de Natal espanhola, deixe-nos lev\u00e1-lo atrav\u00e9s dos passos.<\/li>\n<li>Compre o seu bilhete de El Gordo no nosso site<\/li>\n<li>Registe-se para que possamos contact\u00e1-lo se ganhar<\/li>\n<li>Aguardar o sorteio<\/li>\n<\/ol>\n<h2>Retire os seus ganhos se ganhar<\/h2>\n<p>\u00c9 assim t\u00e3o simples quando se regista connosco. Tiramos-lhe a complica\u00e7\u00e3o para que fique com a divers\u00e3o do jogo. Se estiver \u00e0 procura de um jogo de lotaria com boas probabilidades que possa desfrutar, ent\u00e3o n\u00e3o procure mais.<\/p>\n<p>Devemos mencionar que, embora El Gordo tenha grandes probabilidades, \u00e9 um jogo de sorte. N\u00e3o h\u00e1 forma de garantir que ganhar\u00e1 e n\u00e3o h\u00e1 nada a dizer que tamb\u00e9m n\u00e3o ganhar\u00e1. No entanto, a \u00fanica forma de ter a oportunidade de ganhar um pr\u00e9mio \u00e9 se entrar na lotaria em primeiro lugar. Por isso, inscreva-se agora para comprar os bilhetes da lotaria de Natal espanhola.<\/p>\n","protected":false},"excerpt":{"rendered":"<p>A incr\u00edvel lotaria espanhola El Gordo est\u00e1 ao virar da esquina e nem todos t\u00eam a sorte de viver ou viajar para Espanha. No entanto, os apostadores em todo o lado est\u00e3o entusiasmados com a ideia de participar na divers\u00e3o e nas festividades que acompanham esta lotaria. Os jogadores que vivem fora do pa\u00eds tamb\u00e9m [&hellip;]<\/p>\n","protected":false},"author":1,"featured_media":0,"parent":35772,"menu_order":6,"comment_status":"closed","ping_status":"closed","template":"el-gordo-info.php","meta":{"_et_pb_use_builder":"","_et_pb_old_content":"","_et_gb_content_width":"","exclude_from_search":false,"footnotes":""},"class_list":["post-36637","page","type-page","status-publish","hentry"],"yoast_head":"<!-- This site is optimized with the Yoast SEO plugin v23.3 - https:\/\/yoast.com\/wordpress\/plugins\/seo\/ -->\n<title>Comprar bilhetes para El Gordo de fora de Espanha | Bilhetes El Gordo online<\/title>\n<meta name=\"description\" content=\"Pode comprar bilhetes para El Gordo online, se vive fora de Espanha - aqui mesmo atrav\u00e9s deste servi\u00e7o de bilhetes online\" \/>\n<meta name=\"robots\" content=\"index, follow, max-snippet:-1, max-image-preview:large, max-video-preview:-1\" \/>\n<link rel=\"canonical\" href=\"https:\/\/jackpotlotteryonline.com\/buy-tickets\/el-gordo\/\" \/>\n<meta property=\"og:locale\" content=\"pt_PT\" \/>\n<meta property=\"og:type\" content=\"article\" \/>\n<meta property=\"og:title\" content=\"Comprar bilhetes para El Gordo de fora de Espanha | Bilhetes El Gordo online\" \/>\n<meta property=\"og:description\" content=\"Pode comprar bilhetes para El Gordo online, se vive fora de Espanha - aqui mesmo atrav\u00e9s deste servi\u00e7o de bilhetes online\" \/>\n<meta property=\"og:url\" content=\"https:\/\/jackpotlotteryonline.com\/buy-tickets\/el-gordo\/\" \/>\n<meta property=\"og:site_name\" content=\"Lotto Online - Crack The International Lottery Jackpots\" \/>\n<meta property=\"article:modified_time\" content=\"2023-01-03T20:46:06+00:00\" \/>\n<meta property=\"og:image\" content=\"http:\/\/jackpotlotteryonline.com\/wp-content\/uploads\/2022\/10\/lotto_euros.jpg\" \/>\n<meta name=\"twitter:card\" content=\"summary_large_image\" \/>\n<meta name=\"twitter:label1\" content=\"Tempo estimado de leitura\" \/>\n\t<meta name=\"twitter:data1\" content=\"5 minutos\" \/>\n<!-- \/ Yoast SEO plugin. -->","yoast_head_json":{"title":"Comprar bilhetes para El Gordo de fora de Espanha | Bilhetes El Gordo online","description":"Pode comprar bilhetes para El Gordo online, se vive fora de Espanha - aqui mesmo atrav\u00e9s deste servi\u00e7o de bilhetes online","robots":{"index":"index","follow":"follow","max-snippet":"max-snippet:-1","max-image-preview":"max-image-preview:large","max-video-preview":"max-video-preview:-1"},"canonical":"https:\/\/jackpotlotteryonline.com\/buy-tickets\/el-gordo\/","og_locale":"pt_PT","og_type":"article","og_title":"Comprar bilhetes para El Gordo de fora de Espanha | Bilhetes El Gordo online","og_description":"Pode comprar bilhetes para El Gordo online, se vive fora de Espanha - aqui mesmo atrav\u00e9s deste servi\u00e7o de bilhetes online","og_url":"https:\/\/jackpotlotteryonline.com\/buy-tickets\/el-gordo\/","og_site_name":"Lotto Online - Crack The International Lottery Jackpots","article_modified_time":"2023-01-03T20:46:06+00:00","og_image":[{"url":"http:\/\/jackpotlotteryonline.com\/wp-content\/uploads\/2022\/10\/lotto_euros.jpg"}],"twitter_card":"summary_large_image","twitter_misc":{"Tempo estimado de leitura":"5 minutos"},"schema":{"@context":"https:\/\/schema.org","@graph":[{"@type":"WebPage","@id":"https:\/\/jackpotlotteryonline.com\/buy-tickets\/el-gordo\/","url":"https:\/\/jackpotlotteryonline.com\/buy-tickets\/el-gordo\/","name":"Comprar bilhetes para El Gordo de fora de Espanha | Bilhetes El Gordo online","isPartOf":{"@id":"https:\/\/jackpotlotteryonline.com\/#website"},"primaryImageOfPage":{"@id":"https:\/\/jackpotlotteryonline.com\/buy-tickets\/el-gordo\/#primaryimage"},"image":{"@id":"https:\/\/jackpotlotteryonline.com\/buy-tickets\/el-gordo\/#primaryimage"},"thumbnailUrl":"http:\/\/jackpotlotteryonline.com\/wp-content\/uploads\/2022\/10\/lotto_euros.jpg","datePublished":"2022-11-08T08:22:06+00:00","dateModified":"2023-01-03T20:46:06+00:00","description":"Pode comprar bilhetes para El Gordo online, se vive fora de Espanha - aqui mesmo atrav\u00e9s deste servi\u00e7o de bilhetes online","breadcrumb":{"@id":"https:\/\/jackpotlotteryonline.com\/buy-tickets\/el-gordo\/#breadcrumb"},"inLanguage":"pt-PT","potentialAction":[{"@type":"ReadAction","target":["https:\/\/jackpotlotteryonline.com\/buy-tickets\/el-gordo\/"]}]},{"@type":"ImageObject","inLanguage":"pt-PT","@id":"https:\/\/jackpotlotteryonline.com\/buy-tickets\/el-gordo\/#primaryimage","url":"http:\/\/jackpotlotteryonline.com\/wp-content\/uploads\/2022\/10\/lotto_euros.jpg","contentUrl":"http:\/\/jackpotlotteryonline.com\/wp-content\/uploads\/2022\/10\/lotto_euros.jpg"},{"@type":"BreadcrumbList","@id":"https:\/\/jackpotlotteryonline.com\/buy-tickets\/el-gordo\/#breadcrumb","itemListElement":[{"@type":"ListItem","position":1,"name":"Home","item":"https:\/\/jackpotlotteryonline.com\/pt-pt\/"},{"@type":"ListItem","position":2,"name":"Como comprar bilhetes de lotaria on-line","item":"https:\/\/jackpotlotteryonline.com\/pt-pt\/comprar-tickets\/"},{"@type":"ListItem","position":3,"name":"Comprar bilhetes para El Gordo"}]},{"@type":"WebSite","@id":"https:\/\/jackpotlotteryonline.com\/#website","url":"https:\/\/jackpotlotteryonline.com\/","name":"Lotto Online - Crack The International Lottery Jackpots","description":"","potentialAction":[{"@type":"SearchAction","target":{"@type":"EntryPoint","urlTemplate":"https:\/\/jackpotlotteryonline.com\/?s={search_term_string}"},"query-input":"required name=search_term_string"}],"inLanguage":"pt-PT"}]}},"_links":{"self":[{"href":"https:\/\/jackpotlotteryonline.com\/pt-pt\/wp-json\/wp\/v2\/pages\/36637","targetHints":{"allow":["GET"]}}],"collection":[{"href":"https:\/\/jackpotlotteryonline.com\/pt-pt\/wp-json\/wp\/v2\/pages"}],"about":[{"href":"https:\/\/jackpotlotteryonline.com\/pt-pt\/wp-json\/wp\/v2\/types\/page"}],"author":[{"embeddable":true,"href":"https:\/\/jackpotlotteryonline.com\/pt-pt\/wp-json\/wp\/v2\/users\/1"}],"replies":[{"embeddable":true,"href":"https:\/\/jackpotlotteryonline.com\/pt-pt\/wp-json\/wp\/v2\/comments?post=36637"}],"version-history":[{"count":0,"href":"https:\/\/jackpotlotteryonline.com\/pt-pt\/wp-json\/wp\/v2\/pages\/36637\/revisions"}],"up":[{"embeddable":true,"href":"https:\/\/jackpotlotteryonline.com\/pt-pt\/wp-json\/wp\/v2\/pages\/35772"}],"wp:attachment":[{"href":"https:\/\/jackpotlotteryonline.com\/pt-pt\/wp-json\/wp\/v2\/media?parent=36637"}],"curies":[{"name":"wp","href":"https:\/\/api.w.org\/{rel}","templated":true}]}}