{"id":36689,"date":"2022-11-08T10:16:58","date_gmt":"2022-11-08T10:16:58","guid":{"rendered":"https:\/\/jackpotlotteryonline.com\/?page_id=36689"},"modified":"2023-01-03T21:09:47","modified_gmt":"2023-01-03T21:09:47","slug":"lotto-germany","status":"publish","type":"page","link":"https:\/\/jackpotlotteryonline.com\/pt-pt\/comprar-tickets\/lotto-germany\/","title":{"rendered":"Comprar bilhetes para a Lotto Alemanha"},"content":{"rendered":"<p>Jogadores que vivem fora da Alemanha podem achar um pouco dif\u00edcil comprar bilhetes para a lotaria alem\u00e3, mas n\u00e3o tem de ser assim. A lotaria alem\u00e3 \u00e9 tamb\u00e9m conhecida como 6 aus 49 e \u00e9 uma das lotarias mais antigas da Europa. Criada em 1955, tornou-se rapidamente no principal jogo de lotaria do pa\u00eds.<\/p>\n<p>As inscri\u00e7\u00f5es para esta lotaria est\u00e3o dispon\u00edveis em vendedores acreditados na Alemanha. Mas se vive noutra parte do mundo, teria de confiar num site de lotaria online de confian\u00e7a como o jackpotlotteryoneline.com.<\/p>\n<p><a href=\"https:\/\/jackpotlotteryonline.com\/pt-pt\/como-jogar\/german-lotto\">Jogar na lotaria online<\/a> \u00e9 simples e quando se utiliza o nosso site, torna-se uma experi\u00eancia simples e prazerosa.<\/p>\n<h2>Como jogar na lotaria alem\u00e3 no nosso site<\/h2>\n<p><img loading=\"lazy\" decoding=\"async\" class=\"alignright size-medium wp-image-33350\" src=\"https:\/\/jackpotlotteryonline.com\/wp-content\/uploads\/2022\/11\/2_ticket_euromillions3-1-111x300.jpg\" alt=\"bilhete de lotaria alem\u00e3o\" width=\"111\" height=\"300\" srcset=\"https:\/\/jackpotlotteryonline.com\/wp-content\/uploads\/2022\/11\/2_ticket_euromillions3-1-111x300.jpg 111w, https:\/\/jackpotlotteryonline.com\/wp-content\/uploads\/2022\/11\/2_ticket_euromillions3-1.jpg 180w\" sizes=\"auto, (max-width: 111px) 100vw, 111px\" \/><\/p>\n<p>A tradu\u00e7\u00e3o literal de 6 aus 49 \u00e9 seis de 49. Para jogar na lotaria alem\u00e3, \u00e9 necess\u00e1rio escolher seis n\u00fameros entre 1 e 49 e um n\u00famero de b\u00f3nus de 0 a 9. Isto \u00e9 o mesmo quer esteja a jogar offline ou atrav\u00e9s da Internet.<\/p>\n<p>Quando compra uma participa\u00e7\u00e3o na lotaria alem\u00e3 no nosso site, pode escolher 6 n\u00fameros entre 49. Pode escolher mais do que uma linha de n\u00fameros, pois cada um conta para uma participa\u00e7\u00e3o, o que lhe d\u00e1 maiores probabilidades. Em seguida, pode escolher se quer participar num \u00fanico ou em v\u00e1rios sorteios.<\/p>\n<p><a href=\"https:\/\/jackpotlotteryonline.com\/pt-pt\/numeros-vencedores\/german-lotto\">A lotaria alem\u00e3 tem dois sorteios por semana<\/a> na quarta-feira e no s\u00e1bado; pode decidir participar num \u00fanico sorteio ou em v\u00e1rios sorteios. Quando tiver feito a sua escolha, o passo seguinte \u00e9 pagar pela sua compra. Pedir-lhe-emos que se inscreva connosco nessa altura. Isto \u00e9 necess\u00e1rio por v\u00e1rias raz\u00f5es:<\/p>\n<ul>\n<li>Ao registar-se, pode manter os seus boletins de inscri\u00e7\u00e3o em seguran\u00e7a, uma vez que precisar\u00e1 deles para reclamar quaisquer ganhos<\/li>\n<li>Pode verificar facilmente os resultados do sorteio, embora se ganhar algum pr\u00e9mio, n\u00f3s o informaremos atrav\u00e9s do seu painel de instrumentos e via e-mail.<\/li>\n<li>Tamb\u00e9m pode levantar qualquer pr\u00e9mio que tenha direito na nossa plataforma.<\/li>\n<\/ul>\n<h2>Como ganhar a lotaria<\/h2>\n<p>Durante os sorteios, s\u00e3o sorteados seis n\u00fameros de 1 a 49. O n\u00famero de b\u00f3nus, que \u00e9 conhecido como Superzahl, \u00e9 sorteado de outra m\u00e1quina. Se os seus n\u00fameros corresponderem aos n\u00fameros sorteados, ent\u00e3o ganha o jackpot.<\/p>\n<p>\u00c9 importante afirmar que o jackpot n\u00e3o \u00e9 o \u00fanico pr\u00e9mio que os jogadores podem ganhar quando jogam na lotaria alem\u00e3. Esta lotaria europeia tem 10 categorias de pr\u00e9mios diferentes e existe um pr\u00e9mio apenas para acertar dois n\u00fameros e o n\u00famero de b\u00f3nus.<\/p>\n<p>Como j\u00e1 mencion\u00e1mos anteriormente, as probabilidades de ganhar esta lotaria s\u00e3o bastante boas. As probabilidades de ganhar o jackpot s\u00e3o de 1 em 139.838.160 e as probabilidades globais de ganhar um pr\u00e9mio s\u00e3o de 1 em 31. Se nunca jogou o alem\u00e3o 6 aus 49, esta \u00e9 uma boa altura para pensar em fazer uma aposta. Pode fazer isso comprando uma aposta na lotaria em jackpotlotteryoneline.com.<\/p>\n<h2>Como \u00e9 que sei que tenho um bilhete verdadeiro?<\/h2>\n<p>Esta \u00e9 uma quest\u00e3o muito importante, especialmente quando se compra bilhetes de lotaria alem\u00e3es online. \u00c9 poss\u00edvel comprar o que se acredita ser um bilhete de lotaria, e mesmo assim n\u00e3o ser inscrito na lotaria.<\/p>\n<p>A lotaria tem n\u00fameros de s\u00e9rie impressos em cada bilhete e eles s\u00e3o importantes para determinar se um bilhete \u00e9 aut\u00eantico. Na Jackpotlotteryonline.com, gerimos um servi\u00e7o de concierge para os nossos clientes. O que queremos dizer \u00e9 que quando nos compra os seus bilhetes de lotaria online, os seus bilhetes ter\u00e3o os n\u00fameros de s\u00e9rie que prov\u00eam da lotaria alem\u00e3.<\/p>\n<p>Por outras palavras, com o nosso servi\u00e7o, ter\u00e1 acesso \u00e0 lotaria. Se os n\u00fameros sorteados coincidirem, ganhar\u00e1 o jackpot.<\/p>\n<section class=\"layout\" style=\"border: solid 1px; width: 100%;\">\n<div class=\"img-div\" style=\"margin-top: 5px;\"><img decoding=\"async\" class=\"wp-image-17212 alignleft\" style=\"height: 45px; margin: 8px 8px 0px;\" src=\"https:\/\/jackpotlotteryonline.com\/wp-content\/uploads\/2022\/11\/read1.jpg\" alt=\"ler\" width=\"\" height=\"\" \/><\/div>\n<div style=\"padding-left: 5px;\">\n<div style=\"font-size: 1.1em;\">\n<p><strong>Que carro compraria se ganhasse a lotaria?<\/strong><\/p>\n<p style=\"font-size: 0.85em; margin-top: -1.5em;\">Ganhe a lotaria e ganhe um carro novo <a href=\"https:\/\/jackpotlotteryonline.com\/pt-pt\/que-carro-compraria-se-ganhasse-a-lotaria\">\u00a0leia mais<\/a><\/p>\n<\/div>\n<\/div>\n<\/section>\n<h2>Como posso reclamar os meus ganhos?<\/h2>\n<p><img loading=\"lazy\" decoding=\"async\" class=\"size-medium wp-image-27698 alignright\" src=\"https:\/\/jackpotlotteryonline.com\/wp-content\/uploads\/2022\/11\/1_lottery_results-300x150.jpg\" alt=\"bolas de olaria na alemanha\" width=\"300\" height=\"150\" srcset=\"https:\/\/jackpotlotteryonline.com\/wp-content\/uploads\/2022\/11\/1_lottery_results-300x150.jpg 300w, https:\/\/jackpotlotteryonline.com\/wp-content\/uploads\/2022\/11\/1_lottery_results.jpg 350w\" sizes=\"auto, (max-width: 300px) 100vw, 300px\" \/><\/p>\n<p>A vantagem de jogar na lotaria connosco \u00e9 que n\u00e3o tem de se preocupar em reclamar os seus ganhos. Antes de mais, o seu bilhete est\u00e1 seguro na sua conta e n\u00e3o h\u00e1 receio de o perder. Uma vez que vai precisar do tal\u00e3o para reclamar os seus ganhos, isto \u00e9 uma coisa boa. Em 2021, um jackpot de 11,3 milh\u00f5es de euros foi devolvido \u00e0 piscina porque permaneceu sem ser reclamado durante 3 anos. N\u00e3o queremos que isso lhe aconte\u00e7a.<\/p>\n<p>Em segundo lugar, se ganhar alguma coisa, avis\u00e1-lo-emos imediatamente e, da pr\u00f3xima vez que entrar na sua conta, os seus fundos estar\u00e3o ali mesmo \u00e0 sua espera. Basta levantar os fundos na sua conta banc\u00e1ria e estar\u00e1 pronto para desfrutar dos seus ganhos.<\/p>\n<p>Sabemos que quando joga na lotaria, est\u00e1 preocupado em divertir-se. Afinal de contas, \u00e9 suposto ser um jogo divertido. Por isso, trabalhamos incansavelmente para reduzir o processo de modo a que seja sem problemas e sem complica\u00e7\u00f5es, deixando-o livre para desfrutar do jogo.<\/p>\n<h2>6 aus 49 n\u00edveis de pr\u00e9mios<\/h2>\n<p>Quer saber o que pode ganhar quando jogar na lotaria alem\u00e3? Aqui est\u00e3o os diferentes n\u00edveis de pr\u00e9mios e a percentagem do fundo de pr\u00e9mios atribu\u00edda a cada n\u00edvel.<\/p>\n<p>Jogo 6 + Superzahl &#8211; 12,80% (Jackpot)<br \/>\nCombinar apenas 6 &#8211; 10%<br \/>\nJogo 5 + Superzahl &#8211; 5%<br \/>\nCombinar apenas 5 &#8211; 15%<br \/>\nJogo 4 + Superzahl &#8211; 5%<br \/>\nCombinar apenas 4 &#8211; 10%<br \/>\nJogo 3 + Superzahl &#8211; 10%<br \/>\nApenas o jogo 3 &#8211; 45%<br \/>\nJogo 2 + Superzahl &#8211; 6 euros<\/p>\n<p>Note-se que os outros pr\u00e9mios s\u00e3o determinados ap\u00f3s o jackpot ter sido retirado da lista de pr\u00e9mios.<\/p>\n<h2>Quanto \u00e9 o jackpot?<\/h2>\n<p>O pr\u00e9mio do jackpot da lotaria alem\u00e3 come\u00e7a em 2 milh\u00f5es de euros e rola ap\u00f3s cada sorteio, se n\u00e3o houver vencedor. Como resultado, o jackpot fica maior at\u00e9 atingir um montante de \u00e1gua na boca.<\/p>\n<p>Por exemplo, em Outubro de 2020, um \u00fanico titular de bilhete ganhou um jackpot de 42.583.626 euros. Essa vit\u00f3ria foi o maior jackpot da hist\u00f3ria da lotaria alem\u00e3. Quase de surpresa foi o jackpot de 33.832.008 euros, que tamb\u00e9m foi ganho por um jogador de lotaria.<\/p>\n<p>V\u00e1rios outros titulares de bilhetes de lotaria alem\u00e3es ganharam pr\u00e9mios do jackpot no valor de milh\u00f5es de euros. N\u00e3o \u00e9 surpreendente, portanto, que os apostadores de todo o mundo se apressem a participar nos sorteios semanais.<\/p>\n<h2>Registe-se connosco para jogar na lotaria online<\/h2>\n<p>N\u00e3o \u00e9 necess\u00e1rio viver na Alemanha para participar na lotaria alem\u00e3. Quando se regista connosco, tem acesso a lotarias internacionais de topo. Abre realmente um mundo de possibilidades. Note-se tamb\u00e9m que os fundos da lotaria n\u00e3o s\u00e3o tribut\u00e1veis na Alemanha. No entanto, aconselhamos que verifique as leis fiscais do local onde vive.<\/p>\n<p>Ent\u00e3o, de que \u00e9 que est\u00e1 \u00e0 espera? Registe-se connosco para comprar online os seus bilhetes de lotaria alem\u00e3 e salte para o emocionante mundo dos jogos de lotaria internacional.<\/p>\n","protected":false},"excerpt":{"rendered":"<p>Jogadores que vivem fora da Alemanha podem achar um pouco dif\u00edcil comprar bilhetes para a lotaria alem\u00e3, mas n\u00e3o tem de ser assim. A lotaria alem\u00e3 \u00e9 tamb\u00e9m conhecida como 6 aus 49 e \u00e9 uma das lotarias mais antigas da Europa. Criada em 1955, tornou-se rapidamente no principal jogo de lotaria do pa\u00eds. As [&hellip;]<\/p>\n","protected":false},"author":1,"featured_media":0,"parent":35772,"menu_order":8,"comment_status":"closed","ping_status":"closed","template":"lotto-german-info.php","meta":{"_et_pb_use_builder":"","_et_pb_old_content":"","_et_gb_content_width":"","exclude_from_search":false,"footnotes":""},"class_list":["post-36689","page","type-page","status-publish","hentry"],"yoast_head":"<!-- This site is optimized with the Yoast SEO plugin v23.3 - https:\/\/yoast.com\/wordpress\/plugins\/seo\/ -->\n<title>Comprar bilhetes para a loto alem\u00e3 fora da Alemanha | Germany Lotto online<\/title>\n<meta name=\"description\" content=\"Bilhetes para a Lotto alem\u00e3 6\/49 dispon\u00edveis aqui, pode compr\u00e1-los online aqui, em seguran\u00e7a, a partir de fora da Alemanha\" \/>\n<meta name=\"robots\" content=\"index, follow, max-snippet:-1, max-image-preview:large, max-video-preview:-1\" \/>\n<link rel=\"canonical\" href=\"https:\/\/jackpotlotteryonline.com\/buy-tickets\/lotto-germany\/\" \/>\n<meta property=\"og:locale\" content=\"pt_PT\" \/>\n<meta property=\"og:type\" content=\"article\" \/>\n<meta property=\"og:title\" content=\"Comprar bilhetes para a loto alem\u00e3 fora da Alemanha | Germany Lotto online\" \/>\n<meta property=\"og:description\" content=\"Bilhetes para a Lotto alem\u00e3 6\/49 dispon\u00edveis aqui, pode compr\u00e1-los online aqui, em seguran\u00e7a, a partir de fora da Alemanha\" \/>\n<meta property=\"og:url\" content=\"https:\/\/jackpotlotteryonline.com\/buy-tickets\/lotto-germany\/\" \/>\n<meta property=\"og:site_name\" content=\"Lotto Online - Crack The International Lottery Jackpots\" \/>\n<meta property=\"article:modified_time\" content=\"2023-01-03T21:09:47+00:00\" \/>\n<meta property=\"og:image\" content=\"https:\/\/jackpotlotteryonline.com\/wp-content\/uploads\/2022\/11\/2_ticket_euromillions3-1-111x300.jpg\" \/>\n<meta name=\"twitter:card\" content=\"summary_large_image\" \/>\n<meta name=\"twitter:label1\" content=\"Tempo estimado de leitura\" \/>\n\t<meta name=\"twitter:data1\" content=\"6 minutos\" \/>\n<!-- \/ Yoast SEO plugin. -->","yoast_head_json":{"title":"Comprar bilhetes para a loto alem\u00e3 fora da Alemanha | Germany Lotto online","description":"Bilhetes para a Lotto alem\u00e3 6\/49 dispon\u00edveis aqui, pode compr\u00e1-los online aqui, em seguran\u00e7a, a partir de fora da Alemanha","robots":{"index":"index","follow":"follow","max-snippet":"max-snippet:-1","max-image-preview":"max-image-preview:large","max-video-preview":"max-video-preview:-1"},"canonical":"https:\/\/jackpotlotteryonline.com\/buy-tickets\/lotto-germany\/","og_locale":"pt_PT","og_type":"article","og_title":"Comprar bilhetes para a loto alem\u00e3 fora da Alemanha | Germany Lotto online","og_description":"Bilhetes para a Lotto alem\u00e3 6\/49 dispon\u00edveis aqui, pode compr\u00e1-los online aqui, em seguran\u00e7a, a partir de fora da Alemanha","og_url":"https:\/\/jackpotlotteryonline.com\/buy-tickets\/lotto-germany\/","og_site_name":"Lotto Online - Crack The International Lottery Jackpots","article_modified_time":"2023-01-03T21:09:47+00:00","og_image":[{"url":"https:\/\/jackpotlotteryonline.com\/wp-content\/uploads\/2022\/11\/2_ticket_euromillions3-1-111x300.jpg"}],"twitter_card":"summary_large_image","twitter_misc":{"Tempo estimado de leitura":"6 minutos"},"schema":{"@context":"https:\/\/schema.org","@graph":[{"@type":"WebPage","@id":"https:\/\/jackpotlotteryonline.com\/buy-tickets\/lotto-germany\/","url":"https:\/\/jackpotlotteryonline.com\/buy-tickets\/lotto-germany\/","name":"Comprar bilhetes para a loto alem\u00e3 fora da Alemanha | Germany Lotto online","isPartOf":{"@id":"https:\/\/jackpotlotteryonline.com\/#website"},"primaryImageOfPage":{"@id":"https:\/\/jackpotlotteryonline.com\/buy-tickets\/lotto-germany\/#primaryimage"},"image":{"@id":"https:\/\/jackpotlotteryonline.com\/buy-tickets\/lotto-germany\/#primaryimage"},"thumbnailUrl":"https:\/\/jackpotlotteryonline.com\/wp-content\/uploads\/2022\/11\/2_ticket_euromillions3-1-111x300.jpg","datePublished":"2022-11-08T10:16:58+00:00","dateModified":"2023-01-03T21:09:47+00:00","description":"Bilhetes para a Lotto alem\u00e3 6\/49 dispon\u00edveis aqui, pode compr\u00e1-los online aqui, em seguran\u00e7a, a partir de fora da Alemanha","breadcrumb":{"@id":"https:\/\/jackpotlotteryonline.com\/buy-tickets\/lotto-germany\/#breadcrumb"},"inLanguage":"pt-PT","potentialAction":[{"@type":"ReadAction","target":["https:\/\/jackpotlotteryonline.com\/buy-tickets\/lotto-germany\/"]}]},{"@type":"ImageObject","inLanguage":"pt-PT","@id":"https:\/\/jackpotlotteryonline.com\/buy-tickets\/lotto-germany\/#primaryimage","url":"https:\/\/jackpotlotteryonline.com\/wp-content\/uploads\/2022\/11\/2_ticket_euromillions3-1-111x300.jpg","contentUrl":"https:\/\/jackpotlotteryonline.com\/wp-content\/uploads\/2022\/11\/2_ticket_euromillions3-1-111x300.jpg"},{"@type":"BreadcrumbList","@id":"https:\/\/jackpotlotteryonline.com\/buy-tickets\/lotto-germany\/#breadcrumb","itemListElement":[{"@type":"ListItem","position":1,"name":"Home","item":"https:\/\/jackpotlotteryonline.com\/pt-pt\/"},{"@type":"ListItem","position":2,"name":"Como comprar bilhetes de lotaria on-line","item":"https:\/\/jackpotlotteryonline.com\/pt-pt\/comprar-tickets\/"},{"@type":"ListItem","position":3,"name":"Comprar bilhetes para a Lotto Alemanha"}]},{"@type":"WebSite","@id":"https:\/\/jackpotlotteryonline.com\/#website","url":"https:\/\/jackpotlotteryonline.com\/","name":"Lotto Online - Crack The International Lottery Jackpots","description":"","potentialAction":[{"@type":"SearchAction","target":{"@type":"EntryPoint","urlTemplate":"https:\/\/jackpotlotteryonline.com\/?s={search_term_string}"},"query-input":"required name=search_term_string"}],"inLanguage":"pt-PT"}]}},"_links":{"self":[{"href":"https:\/\/jackpotlotteryonline.com\/pt-pt\/wp-json\/wp\/v2\/pages\/36689","targetHints":{"allow":["GET"]}}],"collection":[{"href":"https:\/\/jackpotlotteryonline.com\/pt-pt\/wp-json\/wp\/v2\/pages"}],"about":[{"href":"https:\/\/jackpotlotteryonline.com\/pt-pt\/wp-json\/wp\/v2\/types\/page"}],"author":[{"embeddable":true,"href":"https:\/\/jackpotlotteryonline.com\/pt-pt\/wp-json\/wp\/v2\/users\/1"}],"replies":[{"embeddable":true,"href":"https:\/\/jackpotlotteryonline.com\/pt-pt\/wp-json\/wp\/v2\/comments?post=36689"}],"version-history":[{"count":0,"href":"https:\/\/jackpotlotteryonline.com\/pt-pt\/wp-json\/wp\/v2\/pages\/36689\/revisions"}],"up":[{"embeddable":true,"href":"https:\/\/jackpotlotteryonline.com\/pt-pt\/wp-json\/wp\/v2\/pages\/35772"}],"wp:attachment":[{"href":"https:\/\/jackpotlotteryonline.com\/pt-pt\/wp-json\/wp\/v2\/media?parent=36689"}],"curies":[{"name":"wp","href":"https:\/\/api.w.org\/{rel}","templated":true}]}}