{"id":36743,"date":"2022-11-08T12:39:17","date_gmt":"2022-11-08T12:39:17","guid":{"rendered":"https:\/\/jackpotlotteryonline.com\/?page_id=36743"},"modified":"2022-12-21T15:23:06","modified_gmt":"2022-12-21T15:23:06","slug":"la-primitiva","status":"publish","type":"page","link":"https:\/\/jackpotlotteryonline.com\/pt-pt\/comprar-tickets\/la-primitiva\/","title":{"rendered":"Comprar bilhetes La Primitiva"},"content":{"rendered":"<h2>La Primitiva Online<\/h2>\n<p>As lotarias espanholas sempre capturaram a imagina\u00e7\u00e3o de muitos e La Primitiva n\u00e3o \u00e9 excep\u00e7\u00e3o. E agora pode <strong>comprar um bilhete para a La Primitiva online a partir de fora de Espanha.<\/strong> Anteriormente, La Primitiva estava apenas limitada aos cidad\u00e3os espanh\u00f3is, no entanto, com a difus\u00e3o das comunica\u00e7\u00f5es, passou para a gera\u00e7\u00e3o seguinte e \u00e9 oferecida a todas as pessoas com mais de 18 anos de idade.<\/p>\n<p>Atrav\u00e9s do nosso website, a Lotaria La Primitiva pode agora ser jogada online. \u00c9 uma das maiores lotarias europeias e vem com pr\u00e9mios maci\u00e7os.<\/p>\n<p>Se quiser comprar um bilhete para a lotaria La Primitiva online e viver fora de Espanha, a \u00fanica op\u00e7\u00e3o que tem seria compr\u00e1-lo a n\u00f3s. Com muitos clientes de todo o mundo, oferecemos-lhe os melhores servi\u00e7os, que incluem a compra do bilhete para La Primitiva em seu nome, ajudando-o na selec\u00e7\u00e3o dos n\u00fameros, e assegurando que o dinheiro do pr\u00e9mio lhe \u00e9 entregue em seguran\u00e7a.<\/p>\n<section class=\"layout\" style=\"border: solid 1px; width: 100%;\">\n<div class=\"img-div\" style=\"margin-top: 5px;\"><img decoding=\"async\" class=\"wp-image-17212 alignleft\" style=\"height: 45px; margin: 8px 8px 0px;\" src=\"http:\/\/jackpotlotteryonline.com\/wp-content\/uploads\/2022\/11\/read1.jpg\" alt=\"ler\" width=\"\" height=\"\" \/><\/div>\n<div style=\"padding-left: 5px;\">\n<div style=\"font-size: 1.1em;\">\n<p><strong>Qual \u00e9 o segredo do sucesso da lotaria?<\/strong><\/p>\n<p style=\"font-size: 0.85em; margin-top: -1.5em;\">Como jogar na lotaria com sucesso\u00a0\u00a0<a href=\"https:\/\/jackpotlotteryonline.com\/pt-pt\/o-que-e-o-segundo-sucesso-de-bilheteira\"> leia mais<\/a><\/p>\n<\/div>\n<\/div>\n<\/section>\n<h2>Porqu\u00ea jogar o La Primitiva Online<\/h2>\n<p><a href=\"https:\/\/jackpotlotteryonline.com\/pt-pt\/numeros-vencedores\/la-primitiva\">O La Primitiva Online sorteia<\/a> tr\u00eas vezes por semana. Isto d\u00e1 tempo para que os jackpots subam rapidamente. Ao mesmo tempo, as hip\u00f3teses de ganhar s\u00e3o bastante boas, mesmo para os n\u00edveis de pr\u00e9mios mais elevados. Cada f\u00e3 do loto que participa na La Primitiva Online tem 1 a 6 probabilidades de ganhar um pr\u00e9mio em dinheiro.<\/p>\n<h2>La Primitiva vs El Gordo vs The Spanish Christmas Lottery<\/h2>\n<p>De longe uma das maiores lotarias em termos de pr\u00e9mios oferecidos, La Primitiva \u00e9 uma das mais procuradas entre os muitos jackpots de lotaria que se podem <a href=\"https:\/\/jackpotlotteryonline.com\/pt-pt\/como-jogar\/la-primitiva-2\">jogar no nosso site<\/a>. N\u00e3o h\u00e1 raz\u00e3o para perder a esperan\u00e7a ou oportunidade, mesmo que n\u00e3o viva em Espanha. Pode jogar de qualquer parte do mundo se tiver mais de 18 anos de idade.<\/p>\n<p>El Gordo \u00e9 uma lotaria completamente diferente, mas tamb\u00e9m pode jogar no nosso site. El Gordo sorteia apenas uma vez por semana, aos domingos.<\/p>\n<p>Para al\u00e9m dos sorteios semanais regulares de La Primitiva e El Gordo, h\u00e1 a edi\u00e7\u00e3o de Natal de El Gordo, sorteada apenas uma vez por ano, no dia 22 de Dezembro.<\/p>\n","protected":false},"excerpt":{"rendered":"<p>La Primitiva Online As lotarias espanholas sempre capturaram a imagina\u00e7\u00e3o de muitos e La Primitiva n\u00e3o \u00e9 excep\u00e7\u00e3o. E agora pode comprar um bilhete para a La Primitiva online a partir de fora de Espanha. Anteriormente, La Primitiva estava apenas limitada aos cidad\u00e3os espanh\u00f3is, no entanto, com a difus\u00e3o das comunica\u00e7\u00f5es, passou para a gera\u00e7\u00e3o [&hellip;]<\/p>\n","protected":false},"author":1,"featured_media":0,"parent":35772,"menu_order":7,"comment_status":"closed","ping_status":"closed","template":"la-primitiva-info.php","meta":{"_et_pb_use_builder":"","_et_pb_old_content":"","_et_gb_content_width":"","exclude_from_search":false,"footnotes":""},"class_list":["post-36743","page","type-page","status-publish","hentry"],"yoast_head":"<!-- This site is optimized with the Yoast SEO plugin v23.3 - https:\/\/yoast.com\/wordpress\/plugins\/seo\/ -->\n<title>Comprar bilhete para La Primitiva Lotto Online e de fora de Espanha<\/title>\n<meta name=\"description\" content=\"Compre bilhetes para a La Primitiva Lotto de fora de Espanha, cruze os dedos, espere e torne-a grande!\" \/>\n<meta name=\"robots\" content=\"index, follow, max-snippet:-1, max-image-preview:large, max-video-preview:-1\" \/>\n<link rel=\"canonical\" href=\"https:\/\/jackpotlotteryonline.com\/pt-pt\/comprar-tickets\/la-primitiva\/\" \/>\n<meta property=\"og:locale\" content=\"pt_PT\" \/>\n<meta property=\"og:type\" content=\"article\" \/>\n<meta property=\"og:title\" content=\"Comprar bilhete para La Primitiva Lotto Online e de fora de Espanha\" \/>\n<meta property=\"og:description\" content=\"Compre bilhetes para a La Primitiva Lotto de fora de Espanha, cruze os dedos, espere e torne-a grande!\" \/>\n<meta property=\"og:url\" content=\"https:\/\/jackpotlotteryonline.com\/pt-pt\/comprar-tickets\/la-primitiva\/\" \/>\n<meta property=\"og:site_name\" content=\"Lotto Online - Crack The International Lottery Jackpots\" \/>\n<meta property=\"article:modified_time\" content=\"2022-12-21T15:23:06+00:00\" \/>\n<meta property=\"og:image\" content=\"http:\/\/jackpotlotteryonline.com\/wp-content\/uploads\/2022\/11\/read1.jpg\" \/>\n<meta name=\"twitter:card\" content=\"summary_large_image\" \/>\n<meta name=\"twitter:label1\" content=\"Tempo estimado de leitura\" \/>\n\t<meta name=\"twitter:data1\" content=\"2 minutos\" \/>\n<!-- \/ Yoast SEO plugin. -->","yoast_head_json":{"title":"Comprar bilhete para La Primitiva Lotto Online e de fora de Espanha","description":"Compre bilhetes para a La Primitiva Lotto de fora de Espanha, cruze os dedos, espere e torne-a grande!","robots":{"index":"index","follow":"follow","max-snippet":"max-snippet:-1","max-image-preview":"max-image-preview:large","max-video-preview":"max-video-preview:-1"},"canonical":"https:\/\/jackpotlotteryonline.com\/pt-pt\/comprar-tickets\/la-primitiva\/","og_locale":"pt_PT","og_type":"article","og_title":"Comprar bilhete para La Primitiva Lotto Online e de fora de Espanha","og_description":"Compre bilhetes para a La Primitiva Lotto de fora de Espanha, cruze os dedos, espere e torne-a grande!","og_url":"https:\/\/jackpotlotteryonline.com\/pt-pt\/comprar-tickets\/la-primitiva\/","og_site_name":"Lotto Online - Crack The International Lottery Jackpots","article_modified_time":"2022-12-21T15:23:06+00:00","og_image":[{"url":"http:\/\/jackpotlotteryonline.com\/wp-content\/uploads\/2022\/11\/read1.jpg"}],"twitter_card":"summary_large_image","twitter_misc":{"Tempo estimado de leitura":"2 minutos"},"schema":{"@context":"https:\/\/schema.org","@graph":[{"@type":"WebPage","@id":"https:\/\/jackpotlotteryonline.com\/pt-pt\/comprar-tickets\/la-primitiva\/","url":"https:\/\/jackpotlotteryonline.com\/pt-pt\/comprar-tickets\/la-primitiva\/","name":"Comprar bilhete para La Primitiva Lotto Online e de fora de Espanha","isPartOf":{"@id":"https:\/\/jackpotlotteryonline.com\/#website"},"primaryImageOfPage":{"@id":"https:\/\/jackpotlotteryonline.com\/pt-pt\/comprar-tickets\/la-primitiva\/#primaryimage"},"image":{"@id":"https:\/\/jackpotlotteryonline.com\/pt-pt\/comprar-tickets\/la-primitiva\/#primaryimage"},"thumbnailUrl":"http:\/\/jackpotlotteryonline.com\/wp-content\/uploads\/2022\/11\/read1.jpg","datePublished":"2022-11-08T12:39:17+00:00","dateModified":"2022-12-21T15:23:06+00:00","description":"Compre bilhetes para a La Primitiva Lotto de fora de Espanha, cruze os dedos, espere e torne-a grande!","breadcrumb":{"@id":"https:\/\/jackpotlotteryonline.com\/pt-pt\/comprar-tickets\/la-primitiva\/#breadcrumb"},"inLanguage":"pt-PT","potentialAction":[{"@type":"ReadAction","target":["https:\/\/jackpotlotteryonline.com\/pt-pt\/comprar-tickets\/la-primitiva\/"]}]},{"@type":"ImageObject","inLanguage":"pt-PT","@id":"https:\/\/jackpotlotteryonline.com\/pt-pt\/comprar-tickets\/la-primitiva\/#primaryimage","url":"http:\/\/jackpotlotteryonline.com\/wp-content\/uploads\/2022\/11\/read1.jpg","contentUrl":"http:\/\/jackpotlotteryonline.com\/wp-content\/uploads\/2022\/11\/read1.jpg"},{"@type":"BreadcrumbList","@id":"https:\/\/jackpotlotteryonline.com\/pt-pt\/comprar-tickets\/la-primitiva\/#breadcrumb","itemListElement":[{"@type":"ListItem","position":1,"name":"Home","item":"https:\/\/jackpotlotteryonline.com\/pt-pt\/"},{"@type":"ListItem","position":2,"name":"Como comprar bilhetes de lotaria on-line","item":"https:\/\/jackpotlotteryonline.com\/pt-pt\/comprar-tickets\/"},{"@type":"ListItem","position":3,"name":"Comprar bilhetes La Primitiva"}]},{"@type":"WebSite","@id":"https:\/\/jackpotlotteryonline.com\/#website","url":"https:\/\/jackpotlotteryonline.com\/","name":"Lotto Online - Crack The International Lottery Jackpots","description":"","potentialAction":[{"@type":"SearchAction","target":{"@type":"EntryPoint","urlTemplate":"https:\/\/jackpotlotteryonline.com\/?s={search_term_string}"},"query-input":"required name=search_term_string"}],"inLanguage":"pt-PT"}]}},"_links":{"self":[{"href":"https:\/\/jackpotlotteryonline.com\/pt-pt\/wp-json\/wp\/v2\/pages\/36743","targetHints":{"allow":["GET"]}}],"collection":[{"href":"https:\/\/jackpotlotteryonline.com\/pt-pt\/wp-json\/wp\/v2\/pages"}],"about":[{"href":"https:\/\/jackpotlotteryonline.com\/pt-pt\/wp-json\/wp\/v2\/types\/page"}],"author":[{"embeddable":true,"href":"https:\/\/jackpotlotteryonline.com\/pt-pt\/wp-json\/wp\/v2\/users\/1"}],"replies":[{"embeddable":true,"href":"https:\/\/jackpotlotteryonline.com\/pt-pt\/wp-json\/wp\/v2\/comments?post=36743"}],"version-history":[{"count":0,"href":"https:\/\/jackpotlotteryonline.com\/pt-pt\/wp-json\/wp\/v2\/pages\/36743\/revisions"}],"up":[{"embeddable":true,"href":"https:\/\/jackpotlotteryonline.com\/pt-pt\/wp-json\/wp\/v2\/pages\/35772"}],"wp:attachment":[{"href":"https:\/\/jackpotlotteryonline.com\/pt-pt\/wp-json\/wp\/v2\/media?parent=36743"}],"curies":[{"name":"wp","href":"https:\/\/api.w.org\/{rel}","templated":true}]}}