{"id":36798,"date":"2022-11-09T07:12:05","date_gmt":"2022-11-09T07:12:05","guid":{"rendered":"https:\/\/jackpotlotteryonline.com\/?page_id=36798"},"modified":"2023-01-03T21:41:35","modified_gmt":"2023-01-03T21:41:35","slug":"lotto-france","status":"publish","type":"page","link":"https:\/\/jackpotlotteryonline.com\/pt-pt\/comprar-tickets\/lotto-france\/","title":{"rendered":"Comprar bilhetes para a Lotto Fran\u00e7a"},"content":{"rendered":"<p>Pode comprar bilhetes para a loto francesa fora do pa\u00eds europeu? Talvez seja um apostador experiente ou um novato e esteja a perguntar-se porque estaria interessado nessa lotaria em particular. Partilharemos consigo algumas raz\u00f5es pelas quais acreditamos que a lotaria nacional francesa \u00e9 um grande jogo para jogar. Se for um jogador de outra parte do mundo, descobrir\u00e1 tamb\u00e9m como comprar bilhetes para esta lotaria.<\/p>\n<p>A lotaria \u00e9 um jogo de azar e, por vezes, poder\u00e1 ter de espalhar a sua rede para apanhar peixes maiores. Basicamente, isto significa explorar outras lotarias para que possa aumentar as suas hip\u00f3teses de ganhar. A lotaria francesa \u00e9 uma boa lotaria para tentar por muitas raz\u00f5es e vamos tocar nas que est\u00e3o neste artigo.<\/p>\n<h2>Montantes incr\u00edveis de jackpot<\/h2>\n<p>Tamb\u00e9m chamada France Lotto ou simplesmente Loto, a lotaria francesa tem jackpots muito atraentes, que atraem jogadores de todo o mundo. Com um montante inicial de 2 milh\u00f5es de euros, o jackpot tem o potencial de crescer muito mais se n\u00e3o for ganho ap\u00f3s cada sorteio.<\/p>\n<p>O jackpot da lotaria francesa rola quando n\u00e3o h\u00e1 vencedor e continua a aumentar at\u00e9 chegar a um montante substancial. Quando se joga nesta lotaria europeia, pode-se ser o vencedor de um jackpot de 11 milh\u00f5es de euros ou mais.<\/p>\n<p>Por contexto, o jackpot aumenta em 1 milh\u00e3o de euros ap\u00f3s cada sorteio e pode aumentar 34 vezes consecutivas antes de deixar de rolar. Tente imaginar o quanto tudo isto pode somar, e muito rapidamente tamb\u00e9m.<\/p>\n<h2>V\u00e1rios sorteios por semana<\/h2>\n<p>A raz\u00e3o pela qual o pr\u00e9mio principal cresce t\u00e3o rapidamente \u00e9 devido ao n\u00famero de sorteios que tem. <a href=\"https:\/\/jackpotlotteryonline.com\/pt-pt\/numeros-vencedores\/france-lotto-2\">A lotaria francesa tem tr\u00eas sorteios numa semana<\/a>, dando aos jogadores v\u00e1rias hip\u00f3teses de ganharem em grande. Os sorteios t\u00eam lugar na segunda, quarta e s\u00e1bado.<\/p>\n<p>Se decidir participar nesta lotaria, recomendamos a participa\u00e7\u00e3o em v\u00e1rios sorteios, pois esta \u00e9 uma \u00f3ptima forma de aumentar as suas hip\u00f3teses de ganhar.<\/p>\n<h2>10 categorias de pr\u00e9mios diferentes<\/h2>\n<p><img loading=\"lazy\" decoding=\"async\" class=\"alignright size-full wp-image-30344\" src=\"https:\/\/jackpotlotteryonline.com\/wp-content\/uploads\/2022\/11\/1_winning_numbers_euromillions.jpg\" alt=\"Categoria do pr\u00e9mio da lotaria de Fran\u00e7a\" width=\"300\" height=\"300\" srcset=\"https:\/\/jackpotlotteryonline.com\/wp-content\/uploads\/2022\/11\/1_winning_numbers_euromillions.jpg 300w, https:\/\/jackpotlotteryonline.com\/wp-content\/uploads\/2022\/11\/1_winning_numbers_euromillions-100x100.jpg 100w, https:\/\/jackpotlotteryonline.com\/wp-content\/uploads\/2022\/11\/1_winning_numbers_euromillions-150x150.jpg 150w\" sizes=\"auto, (max-width: 300px) 100vw, 300px\" \/><\/p>\n<p>O pr\u00e9mio do jackpot \u00e9 atraente, mas isso n\u00e3o \u00e9 a \u00fanica coisa que se pode ganhar quando se <a href=\"https:\/\/jackpotlotteryonline.com\/pt-pt\/como-jogar\/france-lotto\">joga na lotaria francesa<\/a>. Esta lotaria, que foi criada em 1978, tem dez categorias de pr\u00e9mios diferentes. Existe mesmo um pr\u00e9mio para igualar o n\u00famero de sorteio.<\/p>\n<p>As categorias de pr\u00e9mios est\u00e3o listadas abaixo.<\/p>\n<p>Corresponder 5 n\u00fameros + N\u00famero de probabilidade &#8211; Jackpot<br \/>\nCombine apenas 5 n\u00fameros &#8211; 8,44% do fundo do pr\u00e9mio<br \/>\nCombinar 4 n\u00fameros + N\u00famero de probabilidade &#8211; 2,06% do fundo do pr\u00e9mio<br \/>\nCombine apenas 4 n\u00fameros &#8211; 7,43% do fundo do pr\u00e9mio<br \/>\nCombine 3 n\u00fameros + N\u00famero de probabilidade &#8211; 4,44% do fundo do pr\u00e9mio<br \/>\nCombine apenas 3 n\u00fameros &#8211; 15,98% do fundo do pr\u00e9mio<br \/>\nCombine 2 n\u00fameros + N\u00famero de probabilidade &#8211; 12,43% do fundo do pr\u00e9mio<br \/>\nCombine apenas 2 n\u00fameros &#8211; 49,22% do fundo do pr\u00e9mio<br \/>\nCombinar 1 n\u00famero + N\u00famero de probabilidade &#8211; 2,20 euros<br \/>\nApenas n\u00famero de probabilidade &#8211; 2,20 euros<\/p>\n<h2>F\u00e1cil de jogar offline e online<\/h2>\n<p>Outra raz\u00e3o para considerar jogar na lotaria francesa \u00e9 que \u00e9 bastante f\u00e1cil de entrar na lotaria. Se vive em Fran\u00e7a, participar na lotaria \u00e9 t\u00e3o simples como ir a um vendedor de lotaria registado para comprar um bilhete de lotaria. No boletim, pode escolher 5 n\u00fameros principais e um n\u00famero de sorte. Pode escolher mais do que uma linha de n\u00fameros para aumentar as suas hip\u00f3teses de ganhar na lotaria.<\/p>\n<p>No entanto, se vive fora de Fran\u00e7a, a entrada na lotaria \u00e9 menos simples. N\u00e3o pode entrar numa loja para comprar bilhetes de lotaria para esta lotaria, por isso a op\u00e7\u00e3o \u00e9 comprar bilhetes online. Se estiver a participar na lotaria atrav\u00e9s da Internet, aplica-se o mesmo princ\u00edpio. Ou seja, escolha 5 n\u00fameros principais e um n\u00famero de sorte.<\/p>\n<p>Quer esteja a jogar na lotaria offline ou online, precisa de escolher o n\u00famero de sorteios em que deseja participar. No final dos sorteios, o bilhete que corresponder aos n\u00fameros sorteados, ganha a lotaria.<\/p>\n<h2>Jogue na lotaria francesa com o jackpotlotteryonline.com<\/h2>\n<p>Se \u00e9 novo a jogar na lotaria atrav\u00e9s da Internet, as coisas podem tornar-se muito confusas muito rapidamente. Como se classifica atrav\u00e9s dos diferentes sites que afirmam vender bilhetes de lotaria a vendedores aut\u00eanticos? \u00c9 simples. Procure um site que ofere\u00e7a servi\u00e7os de concierge.<\/p>\n<p>Na jackpotlotteryoneline.com oferecemos servi\u00e7os de concierge aos nossos clientes para garantir que estes tenham acesso \u00e0s lotarias da sua escolha. Quando compra uma entrada no nosso site, os nossos agentes em Fran\u00e7a compram boletins f\u00edsicos com o seu n\u00famero seleccionado.<\/p>\n<p>A raz\u00e3o para isto \u00e9 assegurar que n\u00e3o est\u00e1 apenas a apostar no resultado da lotaria, mas que est\u00e1 de facto a participar nos sorteios para ter a oportunidade de ganhar o jackpot.<\/p>\n<section class=\"layout\" style=\"border: solid 1px; width: 100%;\">\n<div class=\"img-div\" style=\"margin-top: 5px;\"><img decoding=\"async\" class=\"wp-image-17212 alignleft\" style=\"height: 45px; margin: 8px 8px 0px;\" src=\"https:\/\/jackpotlotteryonline.com\/wp-content\/uploads\/2022\/11\/read1.jpg\" alt=\"ler\" width=\"\" height=\"\" \/><\/div>\n<div style=\"padding-left: 5px;\">\n<div style=\"font-size: 1.1em;\">\n<p><strong>Veja os seus n\u00fameros da lotaria a serem sorteados ao vivo<\/strong><\/p>\n<p style=\"font-size: 0.85em; margin-top: -1.5em;\">Como assistir aos sorteios ao vivo das suas lotarias favoritas\u00a0\u00a0 <a href=\"https:\/\/jackpotlotteryonline.com\/pt-pt\/ver-os-seus-numeros-da-lotaria-a-serem-sorteados-ao-vivo\">leia mais<\/a><\/p>\n<\/div>\n<\/div>\n<\/section>\n<h2>Dicas para aumentar as suas hip\u00f3teses de ganhar<\/h2>\n<p><img loading=\"lazy\" decoding=\"async\" class=\"alignright size-full wp-image-35051\" src=\"https:\/\/jackpotlotteryonline.com\/wp-content\/uploads\/2022\/11\/2_ticket_saturday_lotto_au-1-166x300-1.jpg\" alt=\"Bilhete de lotaria Fran\u00e7a\" width=\"166\" height=\"300\" \/><\/p>\n<p>A lotaria \u00e9 um jogo de n\u00fameros. Quanto mais se joga, maiores s\u00e3o as suas hip\u00f3teses de ganhar. Uma grande percentagem de vencedores da lotaria revelou que tinham jogado durante v\u00e1rios anos antes de ganharem. Por isso, aqui est\u00e3o algumas formas de aumentar as suas hip\u00f3teses de ganhar na lotaria.<\/p>\n<ul>\n<li>Adquira v\u00e1rios bilhetes para a lotaria. Isto parece t\u00e3o \u00f3bvio, mas h\u00e1 pessoas que compram uma \u00fanica aposta para um \u00fanico sorteio e depois sentem-se desapontadas porque n\u00e3o ganharam. Se quiser aumentar as suas hip\u00f3teses de ganhar, tem de comprar v\u00e1rias participa\u00e7\u00f5es.<\/li>\n<li>Participe tamb\u00e9m em sorteios m\u00faltiplos. A l\u00f3gica \u00e9 a mesma para os sorteios. Quanto mais sorteios participar, maiores s\u00e3o as suas hip\u00f3teses de ganhar em grande.<\/li>\n<li>Tente juntar-se a um sindicato da lotaria. Este \u00e9 um grupo de pessoas que se juntam para reunir os seus recursos de modo a poderem jogar na lotaria. Com recursos agrupados, podem comprar mais participa\u00e7\u00f5es e participar em v\u00e1rios sorteios. Curiosamente, muitos sindicatos de lotaria ganharam incr\u00edveis jackpots ao longo dos anos, pelo que \u00e9 uma boa op\u00e7\u00e3o para tentar.<\/li>\n<li>Acredite que vai ganhar. A lei da atrac\u00e7\u00e3o \u00e9 uma coisa e muitos dos vencedores da lotaria dir-lhe-iam que tinham f\u00e9 que iriam ganhar a lotaria. Se vai passar algum tempo a jogar na lotaria, \u00e9 uma boa ideia ter uma forte convic\u00e7\u00e3o de que vai ganhar.<\/li>\n<li>N\u00e3o desista. \u00c9 tentador desistir quando se joga algumas vezes sem ganhar. Mas se quer realmente ganhar em grande, precisa de ser consistente. Aposte apenas o que puder pagar.<\/li>\n<li>Lembre-se de se divertir quando estiver a jogar na lotaria. No final do dia, continua a ser um jogo e desde que desfrute da experi\u00eancia, ent\u00e3o vale a pena.<\/li>\n<\/ul>\n<h2>Compre j\u00e1 os seus bilhetes da Lotaria Francesa<\/h2>\n<p>Se est\u00e1 entusiasmado com a lotaria francesa como n\u00f3s estamos, ent\u00e3o \u00e9 altura de comprar a sua participa\u00e7\u00e3o na lotaria. Felizmente, j\u00e1 n\u00e3o importa onde vive, pois pode comprar os seus bilhetes online.<\/p>\n<p>Ao registar-se connosco, n\u00e3o tem de se preocupar em perder os seus bilhetes ou esquecer-se de verificar os resultados. Tratamos de tudo isso por si e alertamo-lo de quaisquer ganhos que possa ter. Tamb\u00e9m pode retirar facilmente os seus ganhos atrav\u00e9s da nossa plataforma.<\/p>\n<p>Jogar na lotaria \u00e9 uma experi\u00eancia sem problemas e sem stress quando joga no nosso site. Nunca se sabe se este \u00e9 o dia em que a sorte estar\u00e1 do seu lado. Ent\u00e3o porque n\u00e3o registar-se hoje connosco para comprar bilhetes para a lotaria francesa?<\/p>\n","protected":false},"excerpt":{"rendered":"<p>Pode comprar bilhetes para a loto francesa fora do pa\u00eds europeu? Talvez seja um apostador experiente ou um novato e esteja a perguntar-se porque estaria interessado nessa lotaria em particular. Partilharemos consigo algumas raz\u00f5es pelas quais acreditamos que a lotaria nacional francesa \u00e9 um grande jogo para jogar. Se for um jogador de outra parte [&hellip;]<\/p>\n","protected":false},"author":1,"featured_media":0,"parent":35772,"menu_order":9,"comment_status":"closed","ping_status":"closed","template":"lotto-fr-info.php","meta":{"_et_pb_use_builder":"","_et_pb_old_content":"","_et_gb_content_width":"","exclude_from_search":false,"footnotes":""},"class_list":["post-36798","page","type-page","status-publish","hentry"],"yoast_head":"<!-- This site is optimized with the Yoast SEO plugin v23.3 - https:\/\/yoast.com\/wordpress\/plugins\/seo\/ -->\n<title>Comprar bilhetes para a loto francesa de fora de Fran\u00e7a | Adquirir bilhetes para a loto francesa on-line<\/title>\n<meta name=\"description\" content=\"Para comprar bilhetes para a France Lotto, n\u00e3o precisa de estar em Fran\u00e7a. Adquira os seus bilhetes para a lotaria francesa online aqui!\" \/>\n<meta name=\"robots\" content=\"index, follow, max-snippet:-1, max-image-preview:large, max-video-preview:-1\" \/>\n<link rel=\"canonical\" href=\"https:\/\/jackpotlotteryonline.com\/buy-tickets\/lotto-france\/\" \/>\n<meta property=\"og:locale\" content=\"pt_PT\" \/>\n<meta property=\"og:type\" content=\"article\" \/>\n<meta property=\"og:title\" content=\"Comprar bilhetes para a loto francesa de fora de Fran\u00e7a | Adquirir bilhetes para a loto francesa on-line\" \/>\n<meta property=\"og:description\" content=\"Para comprar bilhetes para a France Lotto, n\u00e3o precisa de estar em Fran\u00e7a. Adquira os seus bilhetes para a lotaria francesa online aqui!\" \/>\n<meta property=\"og:url\" content=\"https:\/\/jackpotlotteryonline.com\/buy-tickets\/lotto-france\/\" \/>\n<meta property=\"og:site_name\" content=\"Lotto Online - Crack The International Lottery Jackpots\" \/>\n<meta property=\"article:modified_time\" content=\"2023-01-03T21:41:35+00:00\" \/>\n<meta property=\"og:image\" content=\"https:\/\/jackpotlotteryonline.com\/wp-content\/uploads\/2022\/11\/1_winning_numbers_euromillions.jpg\" \/>\n<meta name=\"twitter:card\" content=\"summary_large_image\" \/>\n<meta name=\"twitter:label1\" content=\"Tempo estimado de leitura\" \/>\n\t<meta name=\"twitter:data1\" content=\"6 minutos\" \/>\n<!-- \/ Yoast SEO plugin. -->","yoast_head_json":{"title":"Comprar bilhetes para a loto francesa de fora de Fran\u00e7a | Adquirir bilhetes para a loto francesa on-line","description":"Para comprar bilhetes para a France Lotto, n\u00e3o precisa de estar em Fran\u00e7a. Adquira os seus bilhetes para a lotaria francesa online aqui!","robots":{"index":"index","follow":"follow","max-snippet":"max-snippet:-1","max-image-preview":"max-image-preview:large","max-video-preview":"max-video-preview:-1"},"canonical":"https:\/\/jackpotlotteryonline.com\/buy-tickets\/lotto-france\/","og_locale":"pt_PT","og_type":"article","og_title":"Comprar bilhetes para a loto francesa de fora de Fran\u00e7a | Adquirir bilhetes para a loto francesa on-line","og_description":"Para comprar bilhetes para a France Lotto, n\u00e3o precisa de estar em Fran\u00e7a. Adquira os seus bilhetes para a lotaria francesa online aqui!","og_url":"https:\/\/jackpotlotteryonline.com\/buy-tickets\/lotto-france\/","og_site_name":"Lotto Online - Crack The International Lottery Jackpots","article_modified_time":"2023-01-03T21:41:35+00:00","og_image":[{"url":"https:\/\/jackpotlotteryonline.com\/wp-content\/uploads\/2022\/11\/1_winning_numbers_euromillions.jpg"}],"twitter_card":"summary_large_image","twitter_misc":{"Tempo estimado de leitura":"6 minutos"},"schema":{"@context":"https:\/\/schema.org","@graph":[{"@type":"WebPage","@id":"https:\/\/jackpotlotteryonline.com\/buy-tickets\/lotto-france\/","url":"https:\/\/jackpotlotteryonline.com\/buy-tickets\/lotto-france\/","name":"Comprar bilhetes para a loto francesa de fora de Fran\u00e7a | Adquirir bilhetes para a loto francesa on-line","isPartOf":{"@id":"https:\/\/jackpotlotteryonline.com\/#website"},"primaryImageOfPage":{"@id":"https:\/\/jackpotlotteryonline.com\/buy-tickets\/lotto-france\/#primaryimage"},"image":{"@id":"https:\/\/jackpotlotteryonline.com\/buy-tickets\/lotto-france\/#primaryimage"},"thumbnailUrl":"https:\/\/jackpotlotteryonline.com\/wp-content\/uploads\/2022\/11\/1_winning_numbers_euromillions.jpg","datePublished":"2022-11-09T07:12:05+00:00","dateModified":"2023-01-03T21:41:35+00:00","description":"Para comprar bilhetes para a France Lotto, n\u00e3o precisa de estar em Fran\u00e7a. Adquira os seus bilhetes para a lotaria francesa online aqui!","breadcrumb":{"@id":"https:\/\/jackpotlotteryonline.com\/buy-tickets\/lotto-france\/#breadcrumb"},"inLanguage":"pt-PT","potentialAction":[{"@type":"ReadAction","target":["https:\/\/jackpotlotteryonline.com\/buy-tickets\/lotto-france\/"]}]},{"@type":"ImageObject","inLanguage":"pt-PT","@id":"https:\/\/jackpotlotteryonline.com\/buy-tickets\/lotto-france\/#primaryimage","url":"https:\/\/jackpotlotteryonline.com\/wp-content\/uploads\/2022\/11\/1_winning_numbers_euromillions.jpg","contentUrl":"https:\/\/jackpotlotteryonline.com\/wp-content\/uploads\/2022\/11\/1_winning_numbers_euromillions.jpg"},{"@type":"BreadcrumbList","@id":"https:\/\/jackpotlotteryonline.com\/buy-tickets\/lotto-france\/#breadcrumb","itemListElement":[{"@type":"ListItem","position":1,"name":"Home","item":"https:\/\/jackpotlotteryonline.com\/pt-pt\/"},{"@type":"ListItem","position":2,"name":"Como comprar bilhetes de lotaria on-line","item":"https:\/\/jackpotlotteryonline.com\/pt-pt\/comprar-tickets\/"},{"@type":"ListItem","position":3,"name":"Comprar bilhetes para a Lotto Fran\u00e7a"}]},{"@type":"WebSite","@id":"https:\/\/jackpotlotteryonline.com\/#website","url":"https:\/\/jackpotlotteryonline.com\/","name":"Lotto Online - Crack The International Lottery Jackpots","description":"","potentialAction":[{"@type":"SearchAction","target":{"@type":"EntryPoint","urlTemplate":"https:\/\/jackpotlotteryonline.com\/?s={search_term_string}"},"query-input":"required name=search_term_string"}],"inLanguage":"pt-PT"}]}},"_links":{"self":[{"href":"https:\/\/jackpotlotteryonline.com\/pt-pt\/wp-json\/wp\/v2\/pages\/36798","targetHints":{"allow":["GET"]}}],"collection":[{"href":"https:\/\/jackpotlotteryonline.com\/pt-pt\/wp-json\/wp\/v2\/pages"}],"about":[{"href":"https:\/\/jackpotlotteryonline.com\/pt-pt\/wp-json\/wp\/v2\/types\/page"}],"author":[{"embeddable":true,"href":"https:\/\/jackpotlotteryonline.com\/pt-pt\/wp-json\/wp\/v2\/users\/1"}],"replies":[{"embeddable":true,"href":"https:\/\/jackpotlotteryonline.com\/pt-pt\/wp-json\/wp\/v2\/comments?post=36798"}],"version-history":[{"count":0,"href":"https:\/\/jackpotlotteryonline.com\/pt-pt\/wp-json\/wp\/v2\/pages\/36798\/revisions"}],"up":[{"embeddable":true,"href":"https:\/\/jackpotlotteryonline.com\/pt-pt\/wp-json\/wp\/v2\/pages\/35772"}],"wp:attachment":[{"href":"https:\/\/jackpotlotteryonline.com\/pt-pt\/wp-json\/wp\/v2\/media?parent=36798"}],"curies":[{"name":"wp","href":"https:\/\/api.w.org\/{rel}","templated":true}]}}