{"id":36851,"date":"2022-11-09T09:05:59","date_gmt":"2022-11-09T09:05:59","guid":{"rendered":"https:\/\/jackpotlotteryonline.com\/?page_id=36851"},"modified":"2023-01-04T09:18:29","modified_gmt":"2023-01-04T09:18:29","slug":"lotto-america","status":"publish","type":"page","link":"https:\/\/jackpotlotteryonline.com\/pt-pt\/comprar-tickets\/lotto-america\/","title":{"rendered":"Bilhetes Lotto Am\u00e9rica online"},"content":{"rendered":"<p>Em Mar\u00e7o de 2018, uma fam\u00edlia ganhou o jackpot da lotaria na Am\u00e9rica no valor de 23 milh\u00f5es de d\u00f3lares. Este \u00e9 o pr\u00e9mio mais alto que qualquer jogador ganhou at\u00e9 agora, no entanto, chamou a aten\u00e7\u00e3o para esta lotaria. Criada em 1988 por sete estados americanos, v\u00e1rios outros estados aderiram \u00e0 lotaria. Ao longo dos anos, tem produzido v\u00e1rios milion\u00e1rios.<\/p>\n<p>Pode comprar bilhetes para esta lotaria em qualquer um dos estados participantes. Curiosamente, esta n\u00e3o \u00e9 a \u00fanica lotaria nos EUA de A, mas tem atra\u00eddo consistentemente jogadores de todo o lado. Se for um jogador fora da Am\u00e9rica do Norte, poder\u00e1 estar a perguntar-se como comprar bilhetes para esta lotaria.<\/p>\n<p>Iremos gui\u00e1-lo a<a href=\"https:\/\/jackpotlotteryonline.com\/pt-pt\/como-jogar\/lotto-america-2\"> jogar com sucesso nesta lotaria a partir de fora dos Estados Unidos<\/a>. Faremos tamb\u00e9m o nosso melhor para responder a quaisquer perguntas que possa ter sobre a Lotto Am\u00e9rica e como participar na lotaria.<\/p>\n<h2>Como \u00e9 que a lotaria funciona?<\/h2>\n<p><img loading=\"lazy\" decoding=\"async\" class=\"size-full wp-image-29993 alignright\" src=\"https:\/\/jackpotlotteryonline.com\/wp-content\/uploads\/2022\/11\/1_win_lottery_usa_online.jpg\" alt=\"Bilhetes Lotto Am\u00e9rica online\" width=\"300\" height=\"200\" \/><\/p>\n<p>Como a maioria dos jogos de lotaria, este \u00e9 um jogo de n\u00fameros em mais do que um sentido. \u00c9 um jogo de n\u00fameros em que os jogadores n\u00e3o t\u00eam grandes probabilidades de ganhar. Mas isso \u00e9 a lotaria e n\u00e3o se sabe quando a sorte ir\u00e1 favorecer um jogador. \u00c9 tamb\u00e9m um jogo de n\u00fameros na forma em que o jogo \u00e9 jogado.<\/p>\n<p>Para esta lotaria americana, os jogadores precisam de escolher cinco n\u00fameros principais entre 1 e 52. Ter\u00e1 tamb\u00e9m de escolher um n\u00famero de Star Ball entre 1 e 10. Isto \u00e9 um total de 6 n\u00fameros. Se n\u00e3o tiver a certeza dos n\u00fameros a escolher, pode usar um apanhador autom\u00e1tico para o tornar mais r\u00e1pido. Tamb\u00e9m pode escolher v\u00e1rias linhas de n\u00fameros para aumentar as suas probabilidades de ganhar.<\/p>\n<p>A seguir, selecciona quantos sorteios gostaria de participar. Esta lotaria americana realiza tr\u00eas sorteios por semana na segunda, quarta e s\u00e1bado. Pode participar em v\u00e1rios sorteios.<\/p>\n<h2>Jogar o B\u00f3nus All Star<\/h2>\n<p>O B\u00f3nus All Star \u00e9 uma forma de multiplicar os seus ganhos. Quando escolhe os seus n\u00fameros, pode incluir o B\u00f3nus All Star por uma taxa adicional. Isto \u00e9 particularmente \u00fatil para aqueles que ganham pr\u00e9mios nas outras categorias, uma vez que pode aumentar significativamente o que levam para casa.<\/p>\n<p>O B\u00f3nus All Star \u00e9 escolhido aleatoriamente e anunciado no <a href=\"https:\/\/jackpotlotteryonline.com\/pt-pt\/numeros-vencedores\/lotto-america\">dia do sorteio<\/a>. Note que n\u00e3o pode incluir isto depois de j\u00e1 ter efectuado a sua compra. Deve ser inclu\u00eddo com a compra do bilhete.<\/p>\n<section class=\"layout\" style=\"border: solid 1px; width: 100%;\">\n<div class=\"img-div\" style=\"margin-top: 5px;\"><img decoding=\"async\" class=\"wp-image-17212 alignleft\" style=\"height: 45px; margin: 8px 8px 0px;\" src=\"https:\/\/jackpotlotteryonline.com\/wp-content\/uploads\/2022\/11\/read1.jpg\" alt=\"ler\" width=\"\" height=\"\" \/><\/div>\n<div style=\"padding-left: 5px;\">\n<div style=\"font-size: 1.1em;\">\n<p><strong>Alguns vencedores da lotaria devolveram \u00e0 comunidade<\/strong><\/p>\n<p style=\"font-size: 0.85em; margin-top: -1.5em;\">Algumas hist\u00f3rias interessantes e emocionantes sobre os vencedores da lotaria que retribuem\u00a0<a href=\"https:\/\/jackpotlotteryonline.com\/pt-pt\/historias-sobre-lotaria-vencedores-giving-back\"> leia mais<\/a><\/p>\n<\/div>\n<\/div>\n<\/section>\n<h2>Ganhar o Jackpot<\/h2>\n<p>O jackpot come\u00e7a em 2 milh\u00f5es de d\u00f3lares. Se n\u00e3o houver vencedor ap\u00f3s um sorteio, ele rola para o sorteio seguinte. Continua a rolar at\u00e9 chegar a 10 milh\u00f5es de d\u00f3lares. Como mencion\u00e1mos no in\u00edcio, pode ultrapassar largamente os 10 milh\u00f5es de d\u00f3lares.<\/p>\n<p>\u00c9 \u00fatil notar que o jackpot n\u00e3o \u00e9 o \u00fanico pr\u00e9mio que um jogador pode ganhar ao jogar nesta lotaria americana. Tem outros oito n\u00edveis de pr\u00e9mios, incluindo um pr\u00e9mio simplesmente por igualar a Bola de Estrelas. Quando emparelhado com o B\u00f3nus Estrela Total, um jogador que ganhe um pr\u00e9mio subsidi\u00e1rio pode ir para casa muito mais rico.<\/p>\n<h2>Quando ganha<\/h2>\n<p>De acordo com o site Lotto America, s\u00f3 pode reclamar um pr\u00e9mio no estado em que ganhou. Assim, se comprou o seu bilhete no Maine, por exemplo, precisaria de ir a esse estado para reclamar a sua vit\u00f3ria. No entanto, se vive fora dos Estados, ent\u00e3o as coisas s\u00e3o ligeiramente diferentes.<\/p>\n<h2>Como comprar bilhetes de lotaria de fora dos Estados Unidos<\/h2>\n<p><img loading=\"lazy\" decoding=\"async\" class=\"alignright size-medium wp-image-34079\" src=\"https:\/\/jackpotlotteryonline.com\/wp-content\/uploads\/2022\/11\/2_ticket_mon_wed_lotto_au-176x300.jpg\" alt=\"bilhetes para o lotto America de fora dos EUA\" width=\"176\" height=\"300\" srcset=\"https:\/\/jackpotlotteryonline.com\/wp-content\/uploads\/2022\/11\/2_ticket_mon_wed_lotto_au-176x300.jpg 176w, https:\/\/jackpotlotteryonline.com\/wp-content\/uploads\/2022\/11\/2_ticket_mon_wed_lotto_au.jpg 250w\" sizes=\"auto, (max-width: 176px) 100vw, 176px\" \/><\/p>\n<p>H\u00e1 apenas duas formas de participar nesta lotaria. A primeira \u00e9 comprar um bilhete a um vendedor em qualquer um dos estados onde os bilhetes s\u00e3o vendidos. Enquanto a segunda op\u00e7\u00e3o \u00e9 ganhar acesso \u00e0 lotaria atrav\u00e9s da Internet. Mais apostadores est\u00e3o a participar em lotarias internacionais online.<\/p>\n<p>Existem sites de lotaria que d\u00e3o aos jogadores acesso leg\u00edtimo \u00e0s lotarias de todo o mundo. Antes de patrocinar qualquer destes sites, \u00e9 importante, em primeiro lugar, descobrir se se trata de um site de concierge. Isto para que n\u00e3o acabe por apostar nos resultados da lotaria em vez de entrar na lotaria.<\/p>\n<p>Quando nos compra o seu bilhete de lotaria, tem acesso \u00e0 lotaria da sua escolha. Dirigimos um servi\u00e7o de concierge com agentes em todo o mundo. Assim que comprar o seu bilhete online, os nossos agentes nesse pa\u00eds tamb\u00e9m receber\u00e3o um recibo f\u00edsico com os n\u00fameros correspondentes. N\u00e3o importa onde se encontre, pode estar confiante de que tem uma oportunidade de ganhar em grande.<\/p>\n","protected":false},"excerpt":{"rendered":"<p>Em Mar\u00e7o de 2018, uma fam\u00edlia ganhou o jackpot da lotaria na Am\u00e9rica no valor de 23 milh\u00f5es de d\u00f3lares. Este \u00e9 o pr\u00e9mio mais alto que qualquer jogador ganhou at\u00e9 agora, no entanto, chamou a aten\u00e7\u00e3o para esta lotaria. Criada em 1988 por sete estados americanos, v\u00e1rios outros estados aderiram \u00e0 lotaria. Ao longo [&hellip;]<\/p>\n","protected":false},"author":1,"featured_media":0,"parent":35772,"menu_order":13,"comment_status":"closed","ping_status":"closed","template":"lotto-america-info.php","meta":{"_et_pb_use_builder":"","_et_pb_old_content":"","_et_gb_content_width":"","exclude_from_search":false,"footnotes":""},"class_list":["post-36851","page","type-page","status-publish","hentry"],"yoast_head":"<!-- This site is optimized with the Yoast SEO plugin v23.3 - https:\/\/yoast.com\/wordpress\/plugins\/seo\/ -->\n<title>Comprar bilhetes para a Lotto Am\u00e9rica de fora dos EUA | Lotto Am\u00e9rica online<\/title>\n<meta name=\"description\" content=\"A Lotto America pode ser jogada de fora dos EUA - basta comprar o seu bilhete da Lotto America atrav\u00e9s do nosso servi\u00e7o de bilhetes online\" \/>\n<meta name=\"robots\" content=\"index, follow, max-snippet:-1, max-image-preview:large, max-video-preview:-1\" \/>\n<link rel=\"canonical\" href=\"https:\/\/jackpotlotteryonline.com\/buy-tickets\/lotto-america\/\" \/>\n<meta property=\"og:locale\" content=\"pt_PT\" \/>\n<meta property=\"og:type\" content=\"article\" \/>\n<meta property=\"og:title\" content=\"Comprar bilhetes para a Lotto Am\u00e9rica de fora dos EUA | Lotto Am\u00e9rica online\" \/>\n<meta property=\"og:description\" content=\"A Lotto America pode ser jogada de fora dos EUA - basta comprar o seu bilhete da Lotto America atrav\u00e9s do nosso servi\u00e7o de bilhetes online\" \/>\n<meta property=\"og:url\" content=\"https:\/\/jackpotlotteryonline.com\/buy-tickets\/lotto-america\/\" \/>\n<meta property=\"og:site_name\" content=\"Lotto Online - Crack The International Lottery Jackpots\" \/>\n<meta property=\"article:modified_time\" content=\"2023-01-04T09:18:29+00:00\" \/>\n<meta property=\"og:image\" content=\"https:\/\/jackpotlotteryonline.com\/wp-content\/uploads\/2022\/11\/1_win_lottery_usa_online.jpg\" \/>\n<meta name=\"twitter:card\" content=\"summary_large_image\" \/>\n<meta name=\"twitter:label1\" content=\"Tempo estimado de leitura\" \/>\n\t<meta name=\"twitter:data1\" content=\"4 minutos\" \/>\n<!-- \/ Yoast SEO plugin. -->","yoast_head_json":{"title":"Comprar bilhetes para a Lotto Am\u00e9rica de fora dos EUA | Lotto Am\u00e9rica online","description":"A Lotto America pode ser jogada de fora dos EUA - basta comprar o seu bilhete da Lotto America atrav\u00e9s do nosso servi\u00e7o de bilhetes online","robots":{"index":"index","follow":"follow","max-snippet":"max-snippet:-1","max-image-preview":"max-image-preview:large","max-video-preview":"max-video-preview:-1"},"canonical":"https:\/\/jackpotlotteryonline.com\/buy-tickets\/lotto-america\/","og_locale":"pt_PT","og_type":"article","og_title":"Comprar bilhetes para a Lotto Am\u00e9rica de fora dos EUA | Lotto Am\u00e9rica online","og_description":"A Lotto America pode ser jogada de fora dos EUA - basta comprar o seu bilhete da Lotto America atrav\u00e9s do nosso servi\u00e7o de bilhetes online","og_url":"https:\/\/jackpotlotteryonline.com\/buy-tickets\/lotto-america\/","og_site_name":"Lotto Online - Crack The International Lottery Jackpots","article_modified_time":"2023-01-04T09:18:29+00:00","og_image":[{"url":"https:\/\/jackpotlotteryonline.com\/wp-content\/uploads\/2022\/11\/1_win_lottery_usa_online.jpg"}],"twitter_card":"summary_large_image","twitter_misc":{"Tempo estimado de leitura":"4 minutos"},"schema":{"@context":"https:\/\/schema.org","@graph":[{"@type":"WebPage","@id":"https:\/\/jackpotlotteryonline.com\/buy-tickets\/lotto-america\/","url":"https:\/\/jackpotlotteryonline.com\/buy-tickets\/lotto-america\/","name":"Comprar bilhetes para a Lotto Am\u00e9rica de fora dos EUA | Lotto Am\u00e9rica online","isPartOf":{"@id":"https:\/\/jackpotlotteryonline.com\/#website"},"primaryImageOfPage":{"@id":"https:\/\/jackpotlotteryonline.com\/buy-tickets\/lotto-america\/#primaryimage"},"image":{"@id":"https:\/\/jackpotlotteryonline.com\/buy-tickets\/lotto-america\/#primaryimage"},"thumbnailUrl":"https:\/\/jackpotlotteryonline.com\/wp-content\/uploads\/2022\/11\/1_win_lottery_usa_online.jpg","datePublished":"2022-11-09T09:05:59+00:00","dateModified":"2023-01-04T09:18:29+00:00","description":"A Lotto America pode ser jogada de fora dos EUA - basta comprar o seu bilhete da Lotto America atrav\u00e9s do nosso servi\u00e7o de bilhetes online","breadcrumb":{"@id":"https:\/\/jackpotlotteryonline.com\/buy-tickets\/lotto-america\/#breadcrumb"},"inLanguage":"pt-PT","potentialAction":[{"@type":"ReadAction","target":["https:\/\/jackpotlotteryonline.com\/buy-tickets\/lotto-america\/"]}]},{"@type":"ImageObject","inLanguage":"pt-PT","@id":"https:\/\/jackpotlotteryonline.com\/buy-tickets\/lotto-america\/#primaryimage","url":"https:\/\/jackpotlotteryonline.com\/wp-content\/uploads\/2022\/11\/1_win_lottery_usa_online.jpg","contentUrl":"https:\/\/jackpotlotteryonline.com\/wp-content\/uploads\/2022\/11\/1_win_lottery_usa_online.jpg"},{"@type":"BreadcrumbList","@id":"https:\/\/jackpotlotteryonline.com\/buy-tickets\/lotto-america\/#breadcrumb","itemListElement":[{"@type":"ListItem","position":1,"name":"Home","item":"https:\/\/jackpotlotteryonline.com\/pt-pt\/"},{"@type":"ListItem","position":2,"name":"Como comprar bilhetes de lotaria on-line","item":"https:\/\/jackpotlotteryonline.com\/pt-pt\/comprar-tickets\/"},{"@type":"ListItem","position":3,"name":"Bilhetes Lotto Am\u00e9rica online"}]},{"@type":"WebSite","@id":"https:\/\/jackpotlotteryonline.com\/#website","url":"https:\/\/jackpotlotteryonline.com\/","name":"Lotto Online - Crack The International Lottery Jackpots","description":"","potentialAction":[{"@type":"SearchAction","target":{"@type":"EntryPoint","urlTemplate":"https:\/\/jackpotlotteryonline.com\/?s={search_term_string}"},"query-input":"required name=search_term_string"}],"inLanguage":"pt-PT"}]}},"_links":{"self":[{"href":"https:\/\/jackpotlotteryonline.com\/pt-pt\/wp-json\/wp\/v2\/pages\/36851","targetHints":{"allow":["GET"]}}],"collection":[{"href":"https:\/\/jackpotlotteryonline.com\/pt-pt\/wp-json\/wp\/v2\/pages"}],"about":[{"href":"https:\/\/jackpotlotteryonline.com\/pt-pt\/wp-json\/wp\/v2\/types\/page"}],"author":[{"embeddable":true,"href":"https:\/\/jackpotlotteryonline.com\/pt-pt\/wp-json\/wp\/v2\/users\/1"}],"replies":[{"embeddable":true,"href":"https:\/\/jackpotlotteryonline.com\/pt-pt\/wp-json\/wp\/v2\/comments?post=36851"}],"version-history":[{"count":0,"href":"https:\/\/jackpotlotteryonline.com\/pt-pt\/wp-json\/wp\/v2\/pages\/36851\/revisions"}],"up":[{"embeddable":true,"href":"https:\/\/jackpotlotteryonline.com\/pt-pt\/wp-json\/wp\/v2\/pages\/35772"}],"wp:attachment":[{"href":"https:\/\/jackpotlotteryonline.com\/pt-pt\/wp-json\/wp\/v2\/media?parent=36851"}],"curies":[{"name":"wp","href":"https:\/\/api.w.org\/{rel}","templated":true}]}}