{"id":36903,"date":"2022-11-09T10:10:18","date_gmt":"2022-11-09T10:10:18","guid":{"rendered":"https:\/\/jackpotlotteryonline.com\/?page_id=36903"},"modified":"2022-12-22T12:40:45","modified_gmt":"2022-12-22T12:40:45","slug":"uk-lottery","status":"publish","type":"page","link":"https:\/\/jackpotlotteryonline.com\/pt-pt\/comprar-tickets\/uk-lottery\/","title":{"rendered":"Lotaria do Reino Unido"},"content":{"rendered":"<h2>Lotaria UK Online Overview<\/h2>\n<p>A Lotaria do Reino Unido \u00e9 um jogo popular pela sua capacidade de fazer milion\u00e1rios. Tamb\u00e9m pode ser jogado online<a href=\"https:\/\/jackpotlotteryonline.com\/pt-pt\/numeros-vencedores\/uk-lottery\">. O jogo \u00e9 sorteado duas vezes por semana<\/a>, \u00e0s quartas e s\u00e1bados.<\/p>\n<h2>Como funciona a Lotaria do Reino Unido<\/h2>\n<p>Cada jogador deve seleccionar 6 n\u00fameros no seu bilhete a partir de uma selec\u00e7\u00e3o dos n\u00fameros 1-49. Quando se realiza o sorteio, s\u00e3o seleccionados seis n\u00fameros juntamente com um n\u00famero de b\u00f3nus. Devido \u00e0 percentagem de pagamento relativamente pequena, n\u00e3o recomendamos esta lotaria. H\u00e1 muitos outros jogos de lotaria internacional dispon\u00edveis online com melhores pagamentos e jackpots mais elevados.<\/p>\n<section class=\"layout\" style=\"border: solid 1px; width: 100%;\">\n<div class=\"img-div\" style=\"margin-top: 5px;\"><img decoding=\"async\" class=\"wp-image-17212 alignleft\" style=\"height: 45px; margin: 8px 8px 0px;\" src=\"https:\/\/jackpotlotteryonline.com\/wp-content\/uploads\/2022\/11\/read1.jpg\" alt=\"ler\" width=\"\" height=\"\" \/><\/div>\n<div style=\"padding-left: 5px;\">\n<div style=\"font-size: 1.1em;\">\n<p><strong>Lotarias Europeias<\/strong><\/p>\n<p style=\"font-size: 0.85em; margin-top: -1.5em;\">Que lotarias europeias s\u00e3o as melhores?\u00a0<a href=\"https:\/\/jackpotlotteryonline.com\/pt-pt\/quais-as-lotarias-europeias-que-sao-as-melhores\"> leia mais<\/a><\/p>\n<\/div>\n<\/div>\n<\/section>\n<h2>Ganhar a lotaria do Reino Unido<\/h2>\n<p><img loading=\"lazy\" decoding=\"async\" class=\"alignright size-medium wp-image-19520\" src=\"https:\/\/jackpotlotteryonline.com\/wp-content\/uploads\/2022\/10\/2_ticket_uk_lottery-192x300.jpg\" alt=\"comprar bilhete de lotaria do Reino Unido\" width=\"192\" height=\"300\" srcset=\"https:\/\/jackpotlotteryonline.com\/wp-content\/uploads\/2022\/10\/2_ticket_uk_lottery-192x300.jpg 192w, https:\/\/jackpotlotteryonline.com\/wp-content\/uploads\/2022\/10\/2_ticket_uk_lottery.jpg 250w\" sizes=\"auto, (max-width: 192px) 100vw, 192px\" \/><\/p>\n<p>Deve fazer corresponder um m\u00ednimo de tr\u00eas n\u00fameros aos n\u00fameros principais sorteados a fim de ganhar um pr\u00e9mio. O n\u00famero de b\u00f3nus s\u00f3 \u00e9 relevante se corresponder a pelo menos cinco dos n\u00fameros principais do sorteio.<\/p>\n<p>\u00c9 simples reivindicar os seus ganhos. Se ganhar at\u00e9 2500 euros, ser\u00e1 pago directamente \u00e0 sua conta de jogador da lotaria aqui no nosso site. Para ganhos superiores a 2.500 euros, o nosso departamento de apoio ao cliente entrar\u00e1 em contacto consigo e providenciar\u00e1 um pagamento directo da empresa lot\u00e9rica.<\/p>\n<p>Aproximadamente 45% de todos os fundos da lotaria do Reino Unido v\u00e3o para o dinheiro do pr\u00e9mio. Se acertar seis dos n\u00fameros principais, ser-lhe-\u00e1 pago 52% do fundo do pool; se acertar cinco n\u00fameros principais, mais o n\u00famero de b\u00f3nus ser-lhe-\u00e1 pago 16% do fundo restante do pool; se acertar cinco n\u00fameros principais, ser-lhe-\u00e1 pago 10% do fundo restante do pool; se acertar quatro n\u00fameros principais, ser-lhe-\u00e1 pago 22% do fundo restante do pool e se acertar tr\u00eas n\u00fameros principais, ser-lhe-\u00e1 geralmente pago \u00a310. A Lotaria do Reino Unido tamb\u00e9m oferece jogos online de vit\u00f3ria instant\u00e2nea.<\/p>\n<h2>Jogar na Lotaria do Reino Unido Online<\/h2>\n<p>Pode jogar<a href=\"https:\/\/jackpotlotteryonline.com\/pt-pt\/como-jogar\/uk-lottery\"> a Lotaria do Reino Unido online<\/a>, o que a torna mais acess\u00edvel e conveniente. J\u00e1 n\u00e3o tem de sair para comprar um bilhete da Lotaria do Reino Unido a um retalhista; pode agora comprar bilhetes no conforto da sua pr\u00f3pria casa, e n\u00e3o depende da sua vida no Reino Unido.<\/p>\n<p>Para poder jogar na lotaria do Reino Unido online e de fora do Reino Unido, ter\u00e1 de clicar no banner acima para a lotaria do Reino Unido. Necessitar\u00e1 simplesmente de se registar e depois completar um pagamento online.<\/p>\n<h2>Porque \u00e9 que a maioria dos jackpots da lotaria internacional s\u00e3o mais atraentes do que a lotaria do Reino Unido<\/h2>\n<ul>\n<li>Os jackpots s\u00e3o muito mais elevados com as lotarias internacionais (verifique os montantes na faixa no topo)<\/li>\n<li>UK Lotto s\u00f3 distribui apenas 45% dos fundos como ganhos<\/li>\n<li>No nosso website, tem uma variedade de mega-lotteries e enormes jackpots \u00e0 sua escolha!<\/li>\n<\/ul>\n","protected":false},"excerpt":{"rendered":"<p>Lotaria UK Online Overview A Lotaria do Reino Unido \u00e9 um jogo popular pela sua capacidade de fazer milion\u00e1rios. Tamb\u00e9m pode ser jogado online. O jogo \u00e9 sorteado duas vezes por semana, \u00e0s quartas e s\u00e1bados. Como funciona a Lotaria do Reino Unido Cada jogador deve seleccionar 6 n\u00fameros no seu bilhete a partir de [&hellip;]<\/p>\n","protected":false},"author":1,"featured_media":0,"parent":35772,"menu_order":10,"comment_status":"closed","ping_status":"closed","template":"lotto-uk-info.php","meta":{"_et_pb_use_builder":"","_et_pb_old_content":"","_et_gb_content_width":"","exclude_from_search":false,"footnotes":""},"class_list":["post-36903","page","type-page","status-publish","hentry"],"yoast_head":"<!-- This site is optimized with the Yoast SEO plugin v23.3 - https:\/\/yoast.com\/wordpress\/plugins\/seo\/ -->\n<title>Comprar bilhetes online para a lotaria do Reino Unido de fora do Reino Unido<\/title>\n<meta name=\"description\" content=\"Como funciona a lotaria do Reino Unido, e como comprar um bilhete e ganhar on-line de fora do Reino Unido\" \/>\n<meta name=\"robots\" content=\"index, follow, max-snippet:-1, max-image-preview:large, max-video-preview:-1\" \/>\n<link rel=\"canonical\" href=\"https:\/\/jackpotlotteryonline.com\/pt-pt\/comprar-tickets\/uk-lottery\/\" \/>\n<meta property=\"og:locale\" content=\"pt_PT\" \/>\n<meta property=\"og:type\" content=\"article\" \/>\n<meta property=\"og:title\" content=\"Comprar bilhetes online para a lotaria do Reino Unido de fora do Reino Unido\" \/>\n<meta property=\"og:description\" content=\"Como funciona a lotaria do Reino Unido, e como comprar um bilhete e ganhar on-line de fora do Reino Unido\" \/>\n<meta property=\"og:url\" content=\"https:\/\/jackpotlotteryonline.com\/pt-pt\/comprar-tickets\/uk-lottery\/\" \/>\n<meta property=\"og:site_name\" content=\"Lotto Online - Crack The International Lottery Jackpots\" \/>\n<meta property=\"article:modified_time\" content=\"2022-12-22T12:40:45+00:00\" \/>\n<meta property=\"og:image\" content=\"https:\/\/jackpotlotteryonline.com\/wp-content\/uploads\/2022\/11\/read1.jpg\" \/>\n<meta name=\"twitter:card\" content=\"summary_large_image\" \/>\n<meta name=\"twitter:label1\" content=\"Tempo estimado de leitura\" \/>\n\t<meta name=\"twitter:data1\" content=\"3 minutos\" \/>\n<!-- \/ Yoast SEO plugin. -->","yoast_head_json":{"title":"Comprar bilhetes online para a lotaria do Reino Unido de fora do Reino Unido","description":"Como funciona a lotaria do Reino Unido, e como comprar um bilhete e ganhar on-line de fora do Reino Unido","robots":{"index":"index","follow":"follow","max-snippet":"max-snippet:-1","max-image-preview":"max-image-preview:large","max-video-preview":"max-video-preview:-1"},"canonical":"https:\/\/jackpotlotteryonline.com\/pt-pt\/comprar-tickets\/uk-lottery\/","og_locale":"pt_PT","og_type":"article","og_title":"Comprar bilhetes online para a lotaria do Reino Unido de fora do Reino Unido","og_description":"Como funciona a lotaria do Reino Unido, e como comprar um bilhete e ganhar on-line de fora do Reino Unido","og_url":"https:\/\/jackpotlotteryonline.com\/pt-pt\/comprar-tickets\/uk-lottery\/","og_site_name":"Lotto Online - Crack The International Lottery Jackpots","article_modified_time":"2022-12-22T12:40:45+00:00","og_image":[{"url":"https:\/\/jackpotlotteryonline.com\/wp-content\/uploads\/2022\/11\/read1.jpg"}],"twitter_card":"summary_large_image","twitter_misc":{"Tempo estimado de leitura":"3 minutos"},"schema":{"@context":"https:\/\/schema.org","@graph":[{"@type":"WebPage","@id":"https:\/\/jackpotlotteryonline.com\/pt-pt\/comprar-tickets\/uk-lottery\/","url":"https:\/\/jackpotlotteryonline.com\/pt-pt\/comprar-tickets\/uk-lottery\/","name":"Comprar bilhetes online para a lotaria do Reino Unido de fora do Reino Unido","isPartOf":{"@id":"https:\/\/jackpotlotteryonline.com\/#website"},"primaryImageOfPage":{"@id":"https:\/\/jackpotlotteryonline.com\/pt-pt\/comprar-tickets\/uk-lottery\/#primaryimage"},"image":{"@id":"https:\/\/jackpotlotteryonline.com\/pt-pt\/comprar-tickets\/uk-lottery\/#primaryimage"},"thumbnailUrl":"https:\/\/jackpotlotteryonline.com\/wp-content\/uploads\/2022\/11\/read1.jpg","datePublished":"2022-11-09T10:10:18+00:00","dateModified":"2022-12-22T12:40:45+00:00","description":"Como funciona a lotaria do Reino Unido, e como comprar um bilhete e ganhar on-line de fora do Reino Unido","breadcrumb":{"@id":"https:\/\/jackpotlotteryonline.com\/pt-pt\/comprar-tickets\/uk-lottery\/#breadcrumb"},"inLanguage":"pt-PT","potentialAction":[{"@type":"ReadAction","target":["https:\/\/jackpotlotteryonline.com\/pt-pt\/comprar-tickets\/uk-lottery\/"]}]},{"@type":"ImageObject","inLanguage":"pt-PT","@id":"https:\/\/jackpotlotteryonline.com\/pt-pt\/comprar-tickets\/uk-lottery\/#primaryimage","url":"https:\/\/jackpotlotteryonline.com\/wp-content\/uploads\/2022\/11\/read1.jpg","contentUrl":"https:\/\/jackpotlotteryonline.com\/wp-content\/uploads\/2022\/11\/read1.jpg"},{"@type":"BreadcrumbList","@id":"https:\/\/jackpotlotteryonline.com\/pt-pt\/comprar-tickets\/uk-lottery\/#breadcrumb","itemListElement":[{"@type":"ListItem","position":1,"name":"Home","item":"https:\/\/jackpotlotteryonline.com\/pt-pt\/"},{"@type":"ListItem","position":2,"name":"Como comprar bilhetes de lotaria on-line","item":"https:\/\/jackpotlotteryonline.com\/pt-pt\/comprar-tickets\/"},{"@type":"ListItem","position":3,"name":"Lotaria do Reino Unido"}]},{"@type":"WebSite","@id":"https:\/\/jackpotlotteryonline.com\/#website","url":"https:\/\/jackpotlotteryonline.com\/","name":"Lotto Online - Crack The International Lottery Jackpots","description":"","potentialAction":[{"@type":"SearchAction","target":{"@type":"EntryPoint","urlTemplate":"https:\/\/jackpotlotteryonline.com\/?s={search_term_string}"},"query-input":"required name=search_term_string"}],"inLanguage":"pt-PT"}]}},"_links":{"self":[{"href":"https:\/\/jackpotlotteryonline.com\/pt-pt\/wp-json\/wp\/v2\/pages\/36903","targetHints":{"allow":["GET"]}}],"collection":[{"href":"https:\/\/jackpotlotteryonline.com\/pt-pt\/wp-json\/wp\/v2\/pages"}],"about":[{"href":"https:\/\/jackpotlotteryonline.com\/pt-pt\/wp-json\/wp\/v2\/types\/page"}],"author":[{"embeddable":true,"href":"https:\/\/jackpotlotteryonline.com\/pt-pt\/wp-json\/wp\/v2\/users\/1"}],"replies":[{"embeddable":true,"href":"https:\/\/jackpotlotteryonline.com\/pt-pt\/wp-json\/wp\/v2\/comments?post=36903"}],"version-history":[{"count":0,"href":"https:\/\/jackpotlotteryonline.com\/pt-pt\/wp-json\/wp\/v2\/pages\/36903\/revisions"}],"up":[{"embeddable":true,"href":"https:\/\/jackpotlotteryonline.com\/pt-pt\/wp-json\/wp\/v2\/pages\/35772"}],"wp:attachment":[{"href":"https:\/\/jackpotlotteryonline.com\/pt-pt\/wp-json\/wp\/v2\/media?parent=36903"}],"curies":[{"name":"wp","href":"https:\/\/api.w.org\/{rel}","templated":true}]}}