{"id":36956,"date":"2022-11-09T11:26:40","date_gmt":"2022-11-09T11:26:40","guid":{"rendered":"https:\/\/jackpotlotteryonline.com\/?page_id=36956"},"modified":"2023-01-04T08:18:56","modified_gmt":"2023-01-04T08:18:56","slug":"set-for-life","status":"publish","type":"page","link":"https:\/\/jackpotlotteryonline.com\/pt-pt\/comprar-tickets\/set-for-life\/","title":{"rendered":"Comprar conjunto para a vida"},"content":{"rendered":"<p>Est\u00e1 pronto para uma oportunidade de se preparar para a vida? N\u00e3o h\u00e1 tempo como o presente para tentar ganhar \u00a310,000 todos os meses durante os pr\u00f3ximos 30 anos e tudo come\u00e7a por<a href=\"https:\/\/jackpotlotteryonline.com\/pt-pt\/como-jogar\/saturday-lotto-2\"> jogar na lotaria do Reino Unido.<\/a><\/p>\n<p>Esta lotaria \u00e9 operada pela Lotaria Nacional do Reino Unido e teve o seu primeiro sorteio em 1999. Desde ent\u00e3o, tem sido uma das favoritas dos jogadores da lotaria brit\u00e2nica, uma vez que a sorteio de \u00a310.000 por m\u00eas durante 30 anos parece quase demasiado dif\u00edcil para eles resistirem. Nem deveria faz\u00ea-lo se fosse esse o caso. Ganhar esta lotaria \u00e9 quase como ter o Pai Natal a vir a sua casa todos os meses.<br \/>\n<img loading=\"lazy\" decoding=\"async\" class=\"alignright size-medium wp-image-35457\" src=\"https:\/\/jackpotlotteryonline.com\/wp-content\/uploads\/2022\/11\/2_ticket_uk_lottery-192x300.jpg\" alt=\"Conjunto de bilhetes para a Vida\" width=\"192\" height=\"300\" srcset=\"https:\/\/jackpotlotteryonline.com\/wp-content\/uploads\/2022\/11\/2_ticket_uk_lottery-192x300.jpg 192w, https:\/\/jackpotlotteryonline.com\/wp-content\/uploads\/2022\/11\/2_ticket_uk_lottery.jpg 250w\" sizes=\"auto, (max-width: 192px) 100vw, 192px\" \/><\/p>\n<p>Os bilhetes para esta lotaria brit\u00e2nica s\u00e3o vendidos entre uma vasta rede de vendedores no pa\u00eds. Contudo, se vive fora do Reino Unido, n\u00e3o h\u00e1 raz\u00e3o para que tamb\u00e9m n\u00e3o possa comprar bilhetes para a lotaria. O Jackpotlotteryonline.com proporciona aos entusiastas da lotaria o acesso \u00e0s principais lotarias internacionais a partir do conforto dos seus computadores ou dispositivos m\u00f3veis.<\/p>\n<p>Registe-se connosco para come\u00e7ar a jogar nas lotarias no Reino Unido e no resto do mundo.<\/p>\n<h2>Como Jogar Set for Life online<\/h2>\n<p>Isto \u00e9 diferente de outras lotarias porque \u00e9 uma lotaria de anuidade, pelo que os vencedores n\u00e3o ir\u00e3o para casa com milh\u00f5es de euros ou libras. No entanto, a \u00fanica diferen\u00e7a est\u00e1 na forma como o pr\u00e9mio \u00e9 dado. Tal como outras lotarias, um jogador precisa de escolher n\u00fameros principais de um determinado intervalo e um n\u00famero especial.<\/p>\n<p>Para obter bilhetes do Set for Life online, visite o site da sua escolha, depois escolha cinco n\u00fameros principais entre 1 e 47. Escolha um n\u00famero de b\u00f3nus adicional chamado &#8220;N\u00famero Bola Vida&#8221; de um intervalo de 1 a 10. Pode utilizar os seus n\u00fameros da sorte ou utilizar a ferramenta de escolha autom\u00e1tica para escolher uma linha aleat\u00f3ria de n\u00fameros. Tamb\u00e9m pode escolher v\u00e1rias linhas de n\u00fameros para aumentar as suas hip\u00f3teses de ganhar.<\/p>\n<p>Para ganhar a lotaria precisa de igualar todos os 6 n\u00fameros sorteados. Se se registar connosco, pode <a href=\"https:\/\/jackpotlotteryonline.com\/pt-pt\/numeros-vencedores\/set-for-life\">participar nos sorteios com v\u00e1rias semanas de anteced\u00eancia.<\/a><\/p>\n<h2>Pr\u00e9mios<\/h2>\n<p><img loading=\"lazy\" decoding=\"async\" class=\"size-medium wp-image-30128 alignright\" src=\"https:\/\/jackpotlotteryonline.com\/wp-content\/uploads\/2022\/11\/1_win_online_lottery_jackpot-300x182.jpg\" alt=\"Pr\u00e9mio da lotaria brit\u00e2nica\" width=\"300\" height=\"182\" srcset=\"https:\/\/jackpotlotteryonline.com\/wp-content\/uploads\/2022\/11\/1_win_online_lottery_jackpot-300x182.jpg 300w, https:\/\/jackpotlotteryonline.com\/wp-content\/uploads\/2022\/11\/1_win_online_lottery_jackpot.jpg 320w\" sizes=\"auto, (max-width: 300px) 100vw, 300px\" \/><\/p>\n<p>Assim, falamos sobre o jackpot, que \u00e9 de \u00a310,000 todos os meses durante 30 anos. Mas esse n\u00e3o \u00e9 o \u00fanico pr\u00e9mio para os jogadores desta lotaria. Por exemplo, se acertar apenas nos 5 n\u00fameros principais, receber\u00e1 10.000 libras todos os meses durante um ano. Nada mal, pois n\u00e3o?<\/p>\n<p>Vejamos a reparti\u00e7\u00e3o dos pr\u00e9mios e o que os jogadores esperam ganhar quando comprarem bilhetes para esta lotaria brit\u00e2nica.<\/p>\n<p>Combine 5 n\u00fameros principais + Life Ball &#8211; \u00a310.000 todos os meses durante 30 anos<br \/>\nCombine apenas 5 n\u00fameros principais &#8211; \u00a310,000 todos os meses durante 1 ano<br \/>\nCombine 4 n\u00fameros principais + Life Ball &#8211; \u00a3250<br \/>\nCombine apenas 4 n\u00fameros principais &#8211; \u00a350<br \/>\nCombine 3 n\u00fameros principais + Life Ball &#8211; \u00a330<br \/>\nCombine apenas 3 n\u00fameros principais &#8211; \u00a320<br \/>\nJogo 2 n\u00fameros principais + Bola Vida &#8211; \u00a310<br \/>\nCombine apenas 2 n\u00fameros principais &#8211; \u00a35<\/p>\n<h2>Reclamar o seu pr\u00e9mio<\/h2>\n<p>Tem 180 dias para reclamar o seu pr\u00e9mio ou j\u00e1 n\u00e3o o pode reclamar. Os pr\u00e9mios de lotaria no Reino Unido s\u00e3o isentos de impostos, pelo que poder\u00e1 usufruir de todos os seus ganhos como quiser. No entanto, para aqueles que jogam fora do pa\u00eds, \u00e9 uma boa ideia descobrir quais s\u00e3o as leis fiscais onde vive.<\/p>\n<section class=\"layout\" style=\"border: solid 1px; width: 100%;\">\n<div class=\"img-div\" style=\"margin-top: 5px;\"><img decoding=\"async\" class=\"wp-image-17212 alignleft\" style=\"height: 45px; margin: 8px 8px 0px;\" src=\"https:\/\/jackpotlotteryonline.com\/wp-content\/uploads\/2022\/11\/read1.jpg\" alt=\"ler\" width=\"\" height=\"\" \/><\/div>\n<div style=\"padding-left: 5px;\">\n<div style=\"font-size: 1.1em;\">\n<p><strong>Impostos sobre os ganhos da lotaria<\/strong><\/p>\n<p style=\"font-size: 0.85em; margin-top: -1.5em;\">Tenho de pagar impostos sobre os ganhos da lotaria?\u00a0 <a href=\"https:\/\/jackpotlotteryonline.com\/pt-pt\/tenho-de-pagar-impostos-sobre-os-ganhos-das-lotarias\"> leia mais<\/a><\/p>\n<\/div>\n<\/div>\n<\/section>\n<h2>Uma oportunidade incr\u00edvel de uma vida inteira<\/h2>\n<p>A oportunidade de ganhar o Set for Life \u00e9 uma oportunidade \u00fanica. Significa nunca mais ter de se preocupar com as suas finan\u00e7as se ganhar. H\u00e1 hist\u00f3rias de vencedores da lotaria que gastaram toda a sua fortuna e que est\u00e3o agora falidos. Com esta lotaria, isso n\u00e3o tem de lhe acontecer. Mesmo que o gaste todo no primeiro m\u00eas, sabe que pode utiliz\u00e1-lo melhor no m\u00eas seguinte.<\/p>\n<p>Pense no que significaria receber esse tipo de quantia todos os meses durante 30 anos.<\/p>\n<h2>Registe-se connosco para jogar Set for Life<\/h2>\n<p>Nunca foi t\u00e3o f\u00e1cil obter um bilhete para a lotaria da anuidade do Reino Unido a partir de qualquer lugar. Quando se regista connosco, tornamos mais f\u00e1cil para si jogar nas melhores lotarias de todo o mundo, de uma forma sem problemas e sem preocupa\u00e7\u00f5es. Estamos todos empenhados em criar experi\u00eancias memor\u00e1veis para os nossos clientes. Por isso, registe-se connosco hoje para comprar bilhetes do Set for Life em qualquer parte do mundo.<\/p>\n","protected":false},"excerpt":{"rendered":"<p>Est\u00e1 pronto para uma oportunidade de se preparar para a vida? N\u00e3o h\u00e1 tempo como o presente para tentar ganhar \u00a310,000 todos os meses durante os pr\u00f3ximos 30 anos e tudo come\u00e7a por jogar na lotaria do Reino Unido. Esta lotaria \u00e9 operada pela Lotaria Nacional do Reino Unido e teve o seu primeiro sorteio [&hellip;]<\/p>\n","protected":false},"author":1,"featured_media":0,"parent":35772,"menu_order":11,"comment_status":"closed","ping_status":"closed","template":"set-for-life-info.php","meta":{"_et_pb_use_builder":"","_et_pb_old_content":"","_et_gb_content_width":"","exclude_from_search":false,"footnotes":""},"class_list":["post-36956","page","type-page","status-publish","hentry"],"yoast_head":"<!-- This site is optimized with the Yoast SEO plugin v23.3 - https:\/\/yoast.com\/wordpress\/plugins\/seo\/ -->\n<title>Comprar Set para bilhetes para a vida fora do Reino Unido | Obter bilhetes para o Set For Life online<\/title>\n<meta name=\"description\" content=\"Set for Life \u00e9 uma lotaria muito especial, mas para participar de fora do Reino Unido, tem de comprar um bilhete online aqui\" \/>\n<meta name=\"robots\" content=\"index, follow, max-snippet:-1, max-image-preview:large, max-video-preview:-1\" \/>\n<link rel=\"canonical\" href=\"https:\/\/jackpotlotteryonline.com\/pt-pt\/comprar-tickets\/set-for-life\/\" \/>\n<meta property=\"og:locale\" content=\"pt_PT\" \/>\n<meta property=\"og:type\" content=\"article\" \/>\n<meta property=\"og:title\" content=\"Comprar Set para bilhetes para a vida fora do Reino Unido | Obter bilhetes para o Set For Life online\" \/>\n<meta property=\"og:description\" content=\"Set for Life \u00e9 uma lotaria muito especial, mas para participar de fora do Reino Unido, tem de comprar um bilhete online aqui\" \/>\n<meta property=\"og:url\" content=\"https:\/\/jackpotlotteryonline.com\/pt-pt\/comprar-tickets\/set-for-life\/\" \/>\n<meta property=\"og:site_name\" content=\"Lotto Online - Crack The International Lottery Jackpots\" \/>\n<meta property=\"article:modified_time\" content=\"2023-01-04T08:18:56+00:00\" \/>\n<meta property=\"og:image\" content=\"https:\/\/jackpotlotteryonline.com\/wp-content\/uploads\/2022\/11\/2_ticket_uk_lottery-192x300.jpg\" \/>\n<meta name=\"twitter:card\" content=\"summary_large_image\" \/>\n<meta name=\"twitter:label1\" content=\"Tempo estimado de leitura\" \/>\n\t<meta name=\"twitter:data1\" content=\"4 minutos\" \/>\n<!-- \/ Yoast SEO plugin. -->","yoast_head_json":{"title":"Comprar Set para bilhetes para a vida fora do Reino Unido | Obter bilhetes para o Set For Life online","description":"Set for Life \u00e9 uma lotaria muito especial, mas para participar de fora do Reino Unido, tem de comprar um bilhete online aqui","robots":{"index":"index","follow":"follow","max-snippet":"max-snippet:-1","max-image-preview":"max-image-preview:large","max-video-preview":"max-video-preview:-1"},"canonical":"https:\/\/jackpotlotteryonline.com\/pt-pt\/comprar-tickets\/set-for-life\/","og_locale":"pt_PT","og_type":"article","og_title":"Comprar Set para bilhetes para a vida fora do Reino Unido | Obter bilhetes para o Set For Life online","og_description":"Set for Life \u00e9 uma lotaria muito especial, mas para participar de fora do Reino Unido, tem de comprar um bilhete online aqui","og_url":"https:\/\/jackpotlotteryonline.com\/pt-pt\/comprar-tickets\/set-for-life\/","og_site_name":"Lotto Online - Crack The International Lottery Jackpots","article_modified_time":"2023-01-04T08:18:56+00:00","og_image":[{"url":"https:\/\/jackpotlotteryonline.com\/wp-content\/uploads\/2022\/11\/2_ticket_uk_lottery-192x300.jpg"}],"twitter_card":"summary_large_image","twitter_misc":{"Tempo estimado de leitura":"4 minutos"},"schema":{"@context":"https:\/\/schema.org","@graph":[{"@type":"WebPage","@id":"https:\/\/jackpotlotteryonline.com\/pt-pt\/comprar-tickets\/set-for-life\/","url":"https:\/\/jackpotlotteryonline.com\/pt-pt\/comprar-tickets\/set-for-life\/","name":"Comprar Set para bilhetes para a vida fora do Reino Unido | Obter bilhetes para o Set For Life online","isPartOf":{"@id":"https:\/\/jackpotlotteryonline.com\/#website"},"primaryImageOfPage":{"@id":"https:\/\/jackpotlotteryonline.com\/pt-pt\/comprar-tickets\/set-for-life\/#primaryimage"},"image":{"@id":"https:\/\/jackpotlotteryonline.com\/pt-pt\/comprar-tickets\/set-for-life\/#primaryimage"},"thumbnailUrl":"https:\/\/jackpotlotteryonline.com\/wp-content\/uploads\/2022\/11\/2_ticket_uk_lottery-192x300.jpg","datePublished":"2022-11-09T11:26:40+00:00","dateModified":"2023-01-04T08:18:56+00:00","description":"Set for Life \u00e9 uma lotaria muito especial, mas para participar de fora do Reino Unido, tem de comprar um bilhete online aqui","breadcrumb":{"@id":"https:\/\/jackpotlotteryonline.com\/pt-pt\/comprar-tickets\/set-for-life\/#breadcrumb"},"inLanguage":"pt-PT","potentialAction":[{"@type":"ReadAction","target":["https:\/\/jackpotlotteryonline.com\/pt-pt\/comprar-tickets\/set-for-life\/"]}]},{"@type":"ImageObject","inLanguage":"pt-PT","@id":"https:\/\/jackpotlotteryonline.com\/pt-pt\/comprar-tickets\/set-for-life\/#primaryimage","url":"https:\/\/jackpotlotteryonline.com\/wp-content\/uploads\/2022\/11\/2_ticket_uk_lottery-192x300.jpg","contentUrl":"https:\/\/jackpotlotteryonline.com\/wp-content\/uploads\/2022\/11\/2_ticket_uk_lottery-192x300.jpg"},{"@type":"BreadcrumbList","@id":"https:\/\/jackpotlotteryonline.com\/pt-pt\/comprar-tickets\/set-for-life\/#breadcrumb","itemListElement":[{"@type":"ListItem","position":1,"name":"Home","item":"https:\/\/jackpotlotteryonline.com\/pt-pt\/"},{"@type":"ListItem","position":2,"name":"Como comprar bilhetes de lotaria on-line","item":"https:\/\/jackpotlotteryonline.com\/pt-pt\/comprar-tickets\/"},{"@type":"ListItem","position":3,"name":"Comprar conjunto para a vida"}]},{"@type":"WebSite","@id":"https:\/\/jackpotlotteryonline.com\/#website","url":"https:\/\/jackpotlotteryonline.com\/","name":"Lotto Online - Crack The International Lottery Jackpots","description":"","potentialAction":[{"@type":"SearchAction","target":{"@type":"EntryPoint","urlTemplate":"https:\/\/jackpotlotteryonline.com\/?s={search_term_string}"},"query-input":"required name=search_term_string"}],"inLanguage":"pt-PT"}]}},"_links":{"self":[{"href":"https:\/\/jackpotlotteryonline.com\/pt-pt\/wp-json\/wp\/v2\/pages\/36956","targetHints":{"allow":["GET"]}}],"collection":[{"href":"https:\/\/jackpotlotteryonline.com\/pt-pt\/wp-json\/wp\/v2\/pages"}],"about":[{"href":"https:\/\/jackpotlotteryonline.com\/pt-pt\/wp-json\/wp\/v2\/types\/page"}],"author":[{"embeddable":true,"href":"https:\/\/jackpotlotteryonline.com\/pt-pt\/wp-json\/wp\/v2\/users\/1"}],"replies":[{"embeddable":true,"href":"https:\/\/jackpotlotteryonline.com\/pt-pt\/wp-json\/wp\/v2\/comments?post=36956"}],"version-history":[{"count":0,"href":"https:\/\/jackpotlotteryonline.com\/pt-pt\/wp-json\/wp\/v2\/pages\/36956\/revisions"}],"up":[{"embeddable":true,"href":"https:\/\/jackpotlotteryonline.com\/pt-pt\/wp-json\/wp\/v2\/pages\/35772"}],"wp:attachment":[{"href":"https:\/\/jackpotlotteryonline.com\/pt-pt\/wp-json\/wp\/v2\/media?parent=36956"}],"curies":[{"name":"wp","href":"https:\/\/api.w.org\/{rel}","templated":true}]}}