{"id":37009,"date":"2022-11-09T13:19:54","date_gmt":"2022-11-09T13:19:54","guid":{"rendered":"https:\/\/jackpotlotteryonline.com\/?page_id=37009"},"modified":"2022-12-24T08:56:14","modified_gmt":"2022-12-24T08:56:14","slug":"mega-sena","status":"publish","type":"page","link":"https:\/\/jackpotlotteryonline.com\/pt-pt\/comprar-tickets\/mega-sena\/","title":{"rendered":"Comprar bilhetes para a Mega Sena"},"content":{"rendered":"<p>Mega Sena \u00e9 a maior lotaria do Brasil com um dos maiores jackpots do mundo. N\u00e3o \u00e9 de admirar que os apostadores em todo o lado estejam ansiosos por uma oportunidade de ganhar o jackpot. Curiosamente, a Mega Sena \u00e9 tamb\u00e9m uma lotaria f\u00e1cil de jogar, mais f\u00e1cil do que muitas outras lotarias internacionais. A facilidade de jogar na lotaria, o grande jackpot e as probabilidades favor\u00e1veis, tudo se soma para tornar esta lotaria enormemente atractiva para os jogadores em todo o mundo.<\/p>\n<p><a href=\"https:\/\/jackpotlotteryonline.com\/pt-pt\/como-jogar\/mega-sena-2\">Jogar na lotaria Mega Sena<\/a> \u00e9 t\u00e3o simples como igualar os seis n\u00fameros sorteados. N\u00e3o h\u00e1 n\u00fameros especiais ou de b\u00f3nus quando se joga nesta lotaria. Basta escolher 6 n\u00fameros de 1 a 60 e <a href=\"https:\/\/jackpotlotteryonline.com\/pt-pt\/numeros-vencedores\/mega-sena\">participar no sorteio.<\/a><\/p>\n<p>Embora precise de escolher seis n\u00fameros para participar no sorteio, n\u00e3o h\u00e1 limite para o n\u00famero de linhas que pode escolher. Assim, pode escolher dez linhas de seis n\u00fameros para aumentar as suas hip\u00f3teses de ganhar na lotaria.<\/p>\n<h2>Onde comprar bilhetes da Mega Sena<\/h2>\n<p><img loading=\"lazy\" decoding=\"async\" class=\"alignright size-full wp-image-28778\" src=\"https:\/\/jackpotlotteryonline.com\/wp-content\/uploads\/2022\/11\/1_online_ticket_eurojackpot2.jpg\" alt=\"comprar bilhetes para a Mega Sena\" width=\"300\" height=\"200\" \/><\/p>\n<p>Se vive no Brasil, ent\u00e3o entrar nesta lotaria \u00e9 t\u00e3o simples como ir a p\u00e9 at\u00e9 um vendedor de lotaria para comprar os seus bilhetes. No entanto, isto pode representar um pequeno desafio para os jogadores que vivem fora do pa\u00eds. Se vive fora dessa jurisdi\u00e7\u00e3o, h\u00e1 uma op\u00e7\u00e3o em aberto para si. Ter\u00e1 de comprar os seus bilhetes online.<\/p>\n<h2>Compra de bilhetes da Mega Sena online<\/h2>\n<p>Jogar na lotaria online \u00e9 bastante simples e d\u00e1 aos jogadores a oportunidade de participar em lotarias de todo o mundo. Normalmente, os jogadores que n\u00e3o vivem num determinado pa\u00eds n\u00e3o poderiam jogar na lotaria a partir desse pa\u00eds. A Internet democratizou a participa\u00e7\u00e3o na lotaria ao proporcionar uma forma de participa\u00e7\u00e3o aos jogadores que foram anteriormente privados dos seus direitos por fronteiras geogr\u00e1ficas.<\/p>\n<p>Agora, jogar na lotaria Mega Sena \u00e9 t\u00e3o simples como visitar um site de lotaria online como o jackpotlotteryonline.com. A\u00ed pode comprar o seu bilhete, escolhendo os seus n\u00fameros, e depois decidir quantos sorteios pretende participar. Uma vez feito isso, tudo o que precisa de fazer \u00e9 esperar pelos resultados do sorteio.<\/p>\n<h2>O que \u00e9 o jackpot para esta lotaria?<\/h2>\n<p>J\u00e1 mencion\u00e1mos que a Mega Sena \u00e9 uma das maiores lotarias do mundo? Isso pode parecer dif\u00edcil de acreditar quando se considera o jackpot inicial de $450,00, particularmente quando colocado ao lado de algumas outras lotarias com jackpots iniciais maiores.<\/p>\n<p>Mas, a beleza da Mega Sena \u00e9 que os jackpots podem rolar para quantidades incrivelmente grandes. Alguns dos maiores jackpots que os jogadores da Mega Sena ganharam foram de milh\u00f5es de d\u00f3lares americanos. O maior jackpot foi um pouco superior a 73 milh\u00f5es de d\u00f3lares.<\/p>\n<p>Quando se considera isto, fica claro que jogar na lotaria Mega Sena pode ser uma op\u00e7\u00e3o muito boa quando se est\u00e1 \u00e0 procura de lotarias para entrar.<\/p>\n<section class=\"layout\" style=\"border: solid 1px; width: 100%;\">\n<div class=\"img-div\" style=\"margin-top: 5px;\"><img decoding=\"async\" class=\"wp-image-17212 alignleft\" style=\"height: 45px; margin: 8px 8px 0px;\" src=\"https:\/\/jackpotlotteryonline.com\/wp-content\/uploads\/2022\/11\/read1.jpg\" alt=\"ler\" width=\"\" height=\"\" \/><\/div>\n<div style=\"padding-left: 5px;\">\n<div style=\"font-size: 1.1em;\">\n<p><strong>Alguns truques e dicas para escolher os seus n\u00fameros<\/strong><\/p>\n<p style=\"font-size: 0.85em; margin-top: -1.5em;\">Aumente as suas hip\u00f3teses de ganhar &#8211; use alguma estrat\u00e9gia para escolher os seus n\u00fameros\u00a0<a href=\"https:\/\/jackpotlotteryonline.com\/pt-pt\/a-few-tricks-and-tips-for-choosing-your-numbers\"> leia mais<\/a><\/p>\n<\/div>\n<\/div>\n<\/section>\n<h2>O que acontece se ganhar a lotaria?<\/h2>\n<p>Esta \u00e9 uma quest\u00e3o que nos deparamos com um lote, especialmente daqueles que compram bilhetes da lotaria Mega Sena fora do pa\u00eds sul-americano. Poder\u00e1 estar a pensar se ter\u00e1 de voar at\u00e9 \u00e0quele pa\u00eds sul-americano para reclamar o seu pr\u00e9mio. Mas, isso n\u00e3o \u00e9 de todo necess\u00e1rio, embora se desejar uma visita para desfrutar dos locais, ent\u00e3o, por todos os meios, reserve um voo.<\/p>\n<p>No entanto, se estiver \u00e0 procura de uma forma simples de jogar na lotaria e reclamar os seus pr\u00e9mios sem todo o stress, ent\u00e3o jogar online \u00e9 uma \u00f3ptima forma de o fazer.<\/p>\n<p>Quando se regista connosco, damos um passo em frente, assegurando que pode participar em lotarias internacionais \u00e0 sua escolha, incluindo a lotaria Mega Sena. N\u00e3o s\u00f3 isso, mas tamb\u00e9m pode facilmente retirar os seus ganhos do nosso site para a sua conta. Jogar na lotaria nunca foi t\u00e3o f\u00e1cil.<\/p>\n<h2>E quanto \u00e0 Mega da Virada?<\/h2>\n<p><img loading=\"lazy\" decoding=\"async\" class=\"alignright size-full wp-image-35593\" src=\"https:\/\/jackpotlotteryonline.com\/wp-content\/uploads\/2022\/11\/2_ticket_uk_lottery2-1-190x300-1.jpg\" alt=\"bilhete de lotaria da Mega Sena\" width=\"190\" height=\"300\" \/><\/p>\n<p>Estamos particularmente satisfeitos por ter perguntado sobre isso porque \u00e9 um dos maiores jackpots por a\u00ed. Na verdade, \u00e9 o maior jackpot do ano no Brasil e o montante pode chegar aos 60 milh\u00f5es de d\u00f3lares.<\/p>\n<p>A Mega da Virada \u00e9 um jackpot especial da lotaria Mega Sena que se realiza uma vez por ano. O sorteio da Mega Virada realiza-se no dia 31 de Outubro de cada ano e d\u00e1 aos jogadores a oportunidade de ganharem um grande pr\u00e9mio.<\/p>\n<p>Al\u00e9m disso, a Mega da Virada n\u00e3o rola para que o pr\u00e9mio tenha de ser ganho ou ent\u00e3o desaparece durante o ano.<\/p>\n<h2>Dias regulares de sorteio da Mega Sena<\/h2>\n<p>Ao comprar bilhetes para a Mega Sena, tem a op\u00e7\u00e3o de participar no sorteio na quarta-feira ou s\u00e1bado. \u00c9 claro que pode participar em ambos, o que recomendamos porque aumenta as suas hip\u00f3teses de ganhar um pr\u00e9mio.<\/p>\n<p>Se estiver realmente interessado em aumentar as suas hip\u00f3teses de ganhar o jackpot, deve considerar juntar-se a um sindicato de lotaria. A vantagem \u00e9 que teria acesso a um pool, permitindo-lhe participar em v\u00e1rios sorteios sem gastar todos os seus fundos.<\/p>\n<h2>Categorias de Pr\u00e9mios<\/h2>\n<p>A lotaria Mega Sena tem tr\u00eas n\u00edveis de pr\u00e9mios, que incluem o jackpot. Isto significa que para al\u00e9m do pr\u00e9mio do jackpot, os jogadores t\u00eam tamb\u00e9m a possibilidade de ganhar pr\u00e9mios em duas outras categorias. Iremos list\u00e1-los abaixo e mostrar como se pode ganhar nesses n\u00edveis.<\/p>\n<p>Combine 6 n\u00fameros &#8211; Jackpot &#8211; 35% do dinheiro do prize pool<br \/>\nCombinar 5 n\u00fameros &#8211; Tier 2 &#8211; 19% do dinheiro do prize pool<br \/>\nCombinar 4 n\u00fameros &#8211; Tier 3 &#8211; 19% do dinheiro do prize pool<\/p>\n<p><strong>Facto interessante: a probabilidade de ganhar um pr\u00e9mio quando se joga com um bilhete \u00fanico de 6 n\u00fameros \u00e9 de 1 em 2.298.<\/strong><\/p>\n<h2>Registe-se connosco para participar na lotaria Mega Sena<\/h2>\n<p>N\u00e3o deixe que o facto de n\u00e3o viver na Am\u00e9rica do Sul o impe\u00e7a de desfrutar da lotaria Mega Sena. As probabilidades de ganhar s\u00e3o grandes e os pr\u00e9mios s\u00e3o tentadores. Assim, se vive fora do Brasil, pode comprar bilhetes para a Mega Sena no nosso site, inscrevendo-se connosco.<\/p>\n<p>Oferecemos uma solu\u00e7\u00e3o one-stop que simplifica todo o processo de jogo da lotaria. Pode agora relaxar e fazer a sua aposta com facilidade porque n\u00f3s lidamos com a parte estressante para si. Porque n\u00e3o comprar agora os seus bilhetes da Mega Sena para uma oportunidade de ganhar em grande?<\/p>\n","protected":false},"excerpt":{"rendered":"<p>Mega Sena \u00e9 a maior lotaria do Brasil com um dos maiores jackpots do mundo. N\u00e3o \u00e9 de admirar que os apostadores em todo o lado estejam ansiosos por uma oportunidade de ganhar o jackpot. Curiosamente, a Mega Sena \u00e9 tamb\u00e9m uma lotaria f\u00e1cil de jogar, mais f\u00e1cil do que muitas outras lotarias internacionais. A [&hellip;]<\/p>\n","protected":false},"author":1,"featured_media":0,"parent":35772,"menu_order":15,"comment_status":"closed","ping_status":"closed","template":"megasena-info.php","meta":{"_et_pb_use_builder":"","_et_pb_old_content":"","_et_gb_content_width":"","exclude_from_search":false,"footnotes":""},"class_list":["post-37009","page","type-page","status-publish","hentry"],"yoast_head":"<!-- This site is optimized with the Yoast SEO plugin v23.3 - https:\/\/yoast.com\/wordpress\/plugins\/seo\/ -->\n<title>Comprar bilhetes para Mega Sena de fora do Brasil | Adquira bilhetes para Mega Sena online<\/title>\n<meta name=\"description\" content=\"N\u00e3o precisa de estar no Brasil para participar na Mega Sena, compre o seu bilhete da Mega Sena online no nosso website\" \/>\n<meta name=\"robots\" content=\"index, follow, max-snippet:-1, max-image-preview:large, max-video-preview:-1\" \/>\n<link rel=\"canonical\" href=\"https:\/\/jackpotlotteryonline.com\/pt-pt\/comprar-tickets\/mega-sena\/\" \/>\n<meta property=\"og:locale\" content=\"pt_PT\" \/>\n<meta property=\"og:type\" content=\"article\" \/>\n<meta property=\"og:title\" content=\"Comprar bilhetes para Mega Sena de fora do Brasil | Adquira bilhetes para Mega Sena online\" \/>\n<meta property=\"og:description\" content=\"N\u00e3o precisa de estar no Brasil para participar na Mega Sena, compre o seu bilhete da Mega Sena online no nosso website\" \/>\n<meta property=\"og:url\" content=\"https:\/\/jackpotlotteryonline.com\/pt-pt\/comprar-tickets\/mega-sena\/\" \/>\n<meta property=\"og:site_name\" content=\"Lotto Online - Crack The International Lottery Jackpots\" \/>\n<meta property=\"article:modified_time\" content=\"2022-12-24T08:56:14+00:00\" \/>\n<meta property=\"og:image\" content=\"https:\/\/jackpotlotteryonline.com\/wp-content\/uploads\/2022\/11\/1_online_ticket_eurojackpot2.jpg\" \/>\n<meta name=\"twitter:card\" content=\"summary_large_image\" \/>\n<meta name=\"twitter:label1\" content=\"Tempo estimado de leitura\" \/>\n\t<meta name=\"twitter:data1\" content=\"6 minutos\" \/>\n<!-- \/ Yoast SEO plugin. -->","yoast_head_json":{"title":"Comprar bilhetes para Mega Sena de fora do Brasil | Adquira bilhetes para Mega Sena online","description":"N\u00e3o precisa de estar no Brasil para participar na Mega Sena, compre o seu bilhete da Mega Sena online no nosso website","robots":{"index":"index","follow":"follow","max-snippet":"max-snippet:-1","max-image-preview":"max-image-preview:large","max-video-preview":"max-video-preview:-1"},"canonical":"https:\/\/jackpotlotteryonline.com\/pt-pt\/comprar-tickets\/mega-sena\/","og_locale":"pt_PT","og_type":"article","og_title":"Comprar bilhetes para Mega Sena de fora do Brasil | Adquira bilhetes para Mega Sena online","og_description":"N\u00e3o precisa de estar no Brasil para participar na Mega Sena, compre o seu bilhete da Mega Sena online no nosso website","og_url":"https:\/\/jackpotlotteryonline.com\/pt-pt\/comprar-tickets\/mega-sena\/","og_site_name":"Lotto Online - Crack The International Lottery Jackpots","article_modified_time":"2022-12-24T08:56:14+00:00","og_image":[{"url":"https:\/\/jackpotlotteryonline.com\/wp-content\/uploads\/2022\/11\/1_online_ticket_eurojackpot2.jpg"}],"twitter_card":"summary_large_image","twitter_misc":{"Tempo estimado de leitura":"6 minutos"},"schema":{"@context":"https:\/\/schema.org","@graph":[{"@type":"WebPage","@id":"https:\/\/jackpotlotteryonline.com\/pt-pt\/comprar-tickets\/mega-sena\/","url":"https:\/\/jackpotlotteryonline.com\/pt-pt\/comprar-tickets\/mega-sena\/","name":"Comprar bilhetes para Mega Sena de fora do Brasil | Adquira bilhetes para Mega Sena online","isPartOf":{"@id":"https:\/\/jackpotlotteryonline.com\/#website"},"primaryImageOfPage":{"@id":"https:\/\/jackpotlotteryonline.com\/pt-pt\/comprar-tickets\/mega-sena\/#primaryimage"},"image":{"@id":"https:\/\/jackpotlotteryonline.com\/pt-pt\/comprar-tickets\/mega-sena\/#primaryimage"},"thumbnailUrl":"https:\/\/jackpotlotteryonline.com\/wp-content\/uploads\/2022\/11\/1_online_ticket_eurojackpot2.jpg","datePublished":"2022-11-09T13:19:54+00:00","dateModified":"2022-12-24T08:56:14+00:00","description":"N\u00e3o precisa de estar no Brasil para participar na Mega Sena, compre o seu bilhete da Mega Sena online no nosso website","breadcrumb":{"@id":"https:\/\/jackpotlotteryonline.com\/pt-pt\/comprar-tickets\/mega-sena\/#breadcrumb"},"inLanguage":"pt-PT","potentialAction":[{"@type":"ReadAction","target":["https:\/\/jackpotlotteryonline.com\/pt-pt\/comprar-tickets\/mega-sena\/"]}]},{"@type":"ImageObject","inLanguage":"pt-PT","@id":"https:\/\/jackpotlotteryonline.com\/pt-pt\/comprar-tickets\/mega-sena\/#primaryimage","url":"https:\/\/jackpotlotteryonline.com\/wp-content\/uploads\/2022\/11\/1_online_ticket_eurojackpot2.jpg","contentUrl":"https:\/\/jackpotlotteryonline.com\/wp-content\/uploads\/2022\/11\/1_online_ticket_eurojackpot2.jpg"},{"@type":"BreadcrumbList","@id":"https:\/\/jackpotlotteryonline.com\/pt-pt\/comprar-tickets\/mega-sena\/#breadcrumb","itemListElement":[{"@type":"ListItem","position":1,"name":"Home","item":"https:\/\/jackpotlotteryonline.com\/pt-pt\/"},{"@type":"ListItem","position":2,"name":"Como comprar bilhetes de lotaria on-line","item":"https:\/\/jackpotlotteryonline.com\/pt-pt\/comprar-tickets\/"},{"@type":"ListItem","position":3,"name":"Comprar bilhetes para a Mega Sena"}]},{"@type":"WebSite","@id":"https:\/\/jackpotlotteryonline.com\/#website","url":"https:\/\/jackpotlotteryonline.com\/","name":"Lotto Online - Crack The International Lottery Jackpots","description":"","potentialAction":[{"@type":"SearchAction","target":{"@type":"EntryPoint","urlTemplate":"https:\/\/jackpotlotteryonline.com\/?s={search_term_string}"},"query-input":"required name=search_term_string"}],"inLanguage":"pt-PT"}]}},"_links":{"self":[{"href":"https:\/\/jackpotlotteryonline.com\/pt-pt\/wp-json\/wp\/v2\/pages\/37009","targetHints":{"allow":["GET"]}}],"collection":[{"href":"https:\/\/jackpotlotteryonline.com\/pt-pt\/wp-json\/wp\/v2\/pages"}],"about":[{"href":"https:\/\/jackpotlotteryonline.com\/pt-pt\/wp-json\/wp\/v2\/types\/page"}],"author":[{"embeddable":true,"href":"https:\/\/jackpotlotteryonline.com\/pt-pt\/wp-json\/wp\/v2\/users\/1"}],"replies":[{"embeddable":true,"href":"https:\/\/jackpotlotteryonline.com\/pt-pt\/wp-json\/wp\/v2\/comments?post=37009"}],"version-history":[{"count":0,"href":"https:\/\/jackpotlotteryonline.com\/pt-pt\/wp-json\/wp\/v2\/pages\/37009\/revisions"}],"up":[{"embeddable":true,"href":"https:\/\/jackpotlotteryonline.com\/pt-pt\/wp-json\/wp\/v2\/pages\/35772"}],"wp:attachment":[{"href":"https:\/\/jackpotlotteryonline.com\/pt-pt\/wp-json\/wp\/v2\/media?parent=37009"}],"curies":[{"name":"wp","href":"https:\/\/api.w.org\/{rel}","templated":true}]}}