{"id":37063,"date":"2022-11-10T07:23:26","date_gmt":"2022-11-10T07:23:26","guid":{"rendered":"https:\/\/jackpotlotteryonline.com\/?page_id=37063"},"modified":"2023-01-06T09:49:17","modified_gmt":"2023-01-06T09:49:17","slug":"new-york-lottery","status":"publish","type":"page","link":"https:\/\/jackpotlotteryonline.com\/pt-pt\/comprar-tickets\/new-york-lottery\/","title":{"rendered":"Bilhetes para a lotaria de Nova Iorque"},"content":{"rendered":"<p>Se procura uma lotaria que tenha uma hist\u00f3ria colorida, ent\u00e3o a Lotaria de Nova Iorque \u00e9 a sua melhor aposta. Incrustada na hist\u00f3ria e no esc\u00e2ndalo, esta \u00e9 tamb\u00e9m uma lotaria que foi fundada por uma boa causa. <a href=\"https:\/\/jackpotlotteryonline.com\/pt-pt\/como-jogar\/new-york-lottery-2\">Jogar na lotaria<\/a> \u00e9 uma boa forma de se divertir e d\u00e1-lhe algo pelo qual tamb\u00e9m pode ansiar.<\/p>\n<p>Para jogadores fora dos EUA que queiram comprar bilhetes para esta lotaria, pode faz\u00ea-lo visitando o jackpotlotteryonline.com. Damos aos jogadores acesso a lotarias internacionais de topo, independentemente da sua localiza\u00e7\u00e3o no mundo.<\/p>\n<h2>Uma breve hist\u00f3ria da lotaria de Nova Iorque<\/h2>\n<p>Esta \u00e9 uma lotaria que \u00e9 gerida pelo governo do estado de Nova Iorque nos EUA. Foi fundada em 1967 como uma forma de ajudar a financiar a educa\u00e7\u00e3o no estado. Os cidad\u00e3os do Estado, atrav\u00e9s de um referendo, votaram pela altera\u00e7\u00e3o da constitui\u00e7\u00e3o para permitir uma lotaria gerida pelo Estado. Curiosamente, o primeiro slogan da lotaria foi &#8220;A tua oportunidade de uma vida inteira para ajudar a educa\u00e7\u00e3o&#8221;.<\/p>\n<p>Portanto, se precisa de se sentir bem a jogar na lotaria, ent\u00e3o esta lotaria \u00e9 uma boa oportunidade para si. N\u00e3o s\u00f3 teria a oportunidade de ganhar em grande, como sabe que est\u00e1 a fazer bem no processo.<\/p>\n<p>Outro facto interessante \u00e9 que no in\u00edcio, esta lotaria foi atingida por esc\u00e2ndalo, n\u00e3o uma, mas duas vezes. Em 1975-6, as vendas foram suspensas porque se descobriu que os bilhetes n\u00e3o vendidos foram declarados vencedores. Depois, nos anos 80, funcion\u00e1rios do Estado manipularam os resultados a favor da fam\u00edlia e amigos. Esses dias ficaram para tr\u00e1s e tornou-se uma das lotarias mais fi\u00e1veis do pa\u00eds.<\/p>\n<h2>Como comprar bilhetes de Lotto de fora dos EUA<\/h2>\n<p><img loading=\"lazy\" decoding=\"async\" class=\"alignright size-full wp-image-26402\" src=\"http:\/\/jackpotlotteryonline.com\/wp-content\/uploads\/2022\/11\/1_buy_online_ticket_powerball.jpg\" alt=\"Pr\u00e9mio da lotaria de Nova Iorque\" width=\"300\" height=\"194\" \/><\/p>\n<p>Se vive fora dos Estados Unidos, s\u00f3 h\u00e1 uma forma leg\u00edtima de comprar bilhetes de lotaria. Ou seja, comprando-os atrav\u00e9s da Internet a um vendedor de lotarias online como a jackpotlotteryonline.com.<\/p>\n<p>Para comprar os bilhetes, basta visitar o site e clicar na lotaria que deseja. A seguir, escolha seis n\u00fameros entre 1 e 59. Sinta-se \u00e0 vontade para comprar v\u00e1rias linhas de bilhetes para aumentar as suas probabilidades de ganhar. Depois de ter escolhido os seus n\u00fameros, introduza o sorteio da sua escolha e fa\u00e7a o pagamento.<\/p>\n<p>Jogar na lotaria de fora dos Estados Unidos atrav\u00e9s da Internet \u00e9 legal e leg\u00edtimo. Tamb\u00e9m abre um mundo de possibilidades aos jogadores de todo o mundo. J\u00e1 n\u00e3o precisa de ser restringido pela geografia, pois pode facilmente apostar sem fronteiras.<\/p>\n<h2>O n\u00famero de B\u00f3nus<\/h2>\n<p>Sim, existe um n\u00famero b\u00f3nus e \u00e9 o s\u00e9timo n\u00famero que \u00e9 sorteado. O n\u00famero de b\u00f3nus n\u00e3o \u00e9 contudo utilizado para determinar o pr\u00e9mio do jackpot, mas sim para o segundo pr\u00e9mio. Para ganhar o segundo pr\u00e9mio, um jogador tem de igualar os seis n\u00fameros sorteados e o n\u00famero de b\u00f3nus.<\/p>\n<section class=\"layout\" style=\"border: solid 1px; width: 100%;\">\n<div class=\"img-div\" style=\"margin-top: 5px;\"><img decoding=\"async\" class=\"wp-image-17212 alignleft\" style=\"height: 45px; margin: 8px 8px 0px;\" src=\"http:\/\/jackpotlotteryonline.com\/wp-content\/uploads\/2022\/11\/read1.jpg\" alt=\"ler\" width=\"\" height=\"\" \/><\/div>\n<div style=\"padding-left: 5px;\">\n<div style=\"font-size: 1.1em;\">\n<p><strong>Dicas de lotaria<\/strong><\/p>\n<p style=\"font-size: 0.85em; margin-top: -1.5em;\">Dicas que o ajudam a ganhar na lotaria\u00a0 <a href=\"https:\/\/jackpotlotteryonline.com\/pt-pt\/dicas-que-o-ajudam-a-ganhar-na-lotaria\"> leia mais<\/a><\/p>\n<\/div>\n<\/div>\n<\/section>\n<h2>As categorias do pr\u00e9mio<\/h2>\n<p>As probabilidades de ganhar um pr\u00e9mio global s\u00e3o de 1 em 92,05. A distribui\u00e7\u00e3o dos pr\u00e9mios depende das vendas totais. Assim, para cada lotaria, 40% das vendas s\u00e3o atribu\u00eddas como pr\u00e9mio em dinheiro. O jackpot \u00e9 uma percentagem disto e n\u00e3o \u00e9 uma quantia bloqueada. As categorias dos pr\u00e9mios s\u00e3o descritas abaixo:<\/p>\n<p>Categoria 1: 6 n\u00fameros &#8211; jackpot (30%)<br \/>\nCategoria 2: 5 + N\u00famero de b\u00f3nus &#8211; 2,9% das vendas<br \/>\nCategoria 3: 5 n\u00fameros &#8211; 2,2% das vendas<br \/>\nCategoria 4: 4 n\u00fameros &#8211; 2,5% das vendas<br \/>\nCategoria 5: 3 n\u00fameros &#8211; 2,4% das vendas<\/p>\n<h2>Dias de sorteio da Lotaria de Nova Iorque<\/h2>\n<p><a href=\"https:\/\/jackpotlotteryonline.com\/pt-pt\/numeros-vencedores\/new-york-lottery\">A lotaria de Nova Iorque (como por vezes \u00e9 chamada) tem dois dias de sorteio por semana<\/a>. Estes s\u00e3o \u00e0s quartas e s\u00e1bados. Por isso, pode participar em v\u00e1rios dias de sorteio com v\u00e1rias semanas de anteced\u00eancia.<\/p>\n<p>Para saber se ganhou um pr\u00e9mio, pode ver os sorteios na televis\u00e3o ou consultar as not\u00edcias para ver os resultados do sorteio. No entanto, isto pode facilmente tornar-se cansativo, particularmente se estiver ocupado nessa altura. Para uma alternativa mais simples, registe-se connosco e n\u00f3s alert\u00e1-lo-emos imediatamente se ganhar.<\/p>\n<h2>Porque deve jogar na lotaria de Nova Iorque?<\/h2>\n<p>Quando pensa no facto de o dinheiro do pr\u00e9mio ser determinado pelas vendas, pode desanimar. O que acontece se as vendas n\u00e3o forem boas? Significa que o pr\u00e9mio do jackpot pode ser significativamente reduzido. Este \u00e9 um verdadeiro receio que os apostadores enfrentam quando jogam nesta lotaria.<\/p>\n<p>Mas, h\u00e1 v\u00e1rias coisas que funcionam a favor da lotaria gerida pelo governo do estado de Nova Iorque. A primeira \u00e9 que existe um grande interesse nesta lotaria, pelo que as vendas continuam a ser bastante boas. O jackpot n\u00e3o \u00e9 t\u00e3o grande como algumas outras lotarias internacionais, mas os jogadores podem ganhar at\u00e9 10 milh\u00f5es de d\u00f3lares.<\/p>\n<p>Al\u00e9m disso, as probabilidades de ganhar um pr\u00e9mio s\u00e3o muito maiores do que outras lotarias com jackpots maiores. Embora alguns apostadores possam n\u00e3o considerar esta aposta de alta aposta, as probabilidades favor\u00e1veis certamente ado\u00e7am o neg\u00f3cio. Al\u00e9m disso, o pr\u00e9mio do jackpot n\u00e3o \u00e9 de todo mau e pode ainda fazer com que os vencedores sejam milion\u00e1rios.<\/p>\n<h2>Registe-se connosco para uma experi\u00eancia sem stress<\/h2>\n<p><img loading=\"lazy\" decoding=\"async\" class=\"size-full wp-image-35321 alignright\" src=\"http:\/\/jackpotlotteryonline.com\/wp-content\/uploads\/2022\/11\/2_ticket_superenalotto-1.jpg\" alt=\"Bilhete da Lotaria de Nova Iorque\" width=\"228\" height=\"300\" \/><\/p>\n<p>Jogar na Lotaria de Nova Iorque \u00e9 f\u00e1cil e sem complica\u00e7\u00f5es quando se regista connosco. Quando visitar o nosso site, encontrar\u00e1 uma grande variedade de lotarias internacionais em que pode participar. Adquira um bilhete e aposte na lotaria da sua escolha e escolha v\u00e1rias inscri\u00e7\u00f5es, se desejar. Se n\u00e3o tiver a certeza dos n\u00fameros a escolher, a nossa ferramenta de escolha autom\u00e1tica ajud\u00e1-lo-\u00e1 com isso.<\/p>\n<p>Depois de ter escolhido os seus n\u00fameros, introduza os sorteios e v\u00e1 para a \u00e1rea de pagamento. Nessa altura, pedimos-lhe que se registe. Isto \u00e9 pelas seguintes raz\u00f5es:<\/p>\n<ul>\n<li>Ao registar-se, pode certificar-se de que os seus bilhetes s\u00e3o mantidos em seguran\u00e7a para que possa facilmente reclamar quaisquer pr\u00e9mios que ganhe<\/li>\n<li>Se ganhar algum pr\u00e9mio, receber\u00e1 um alerta no seu painel de instrumentos e via e-mail<\/li>\n<li>Retirar o seu pr\u00e9mio nunca foi t\u00e3o f\u00e1cil, pois pode faz\u00ea-lo ali mesmo na nossa plataforma<\/li>\n<\/ul>\n<h2>Como \u00e9 que sabe que est\u00e1 a participar na lotaria?<\/h2>\n<p>Esta \u00e9 uma quest\u00e3o leg\u00edtima, pois existem v\u00e1rios servi\u00e7os por a\u00ed que vendem bilhetes de lotaria, mas que n\u00e3o lhe d\u00e3o acesso \u00e0 lotaria. O que eles fazem \u00e9 dar-lhe a oportunidade de apostar contra o jackpot. Portanto, mesmo que ganhe, s\u00f3 pode receber uma frac\u00e7\u00e3o do valor do jackpot. N\u00f3s n\u00e3o fazemos isso.<\/p>\n<p>Gerimos um servi\u00e7o de concierge que assegura que os nossos clientes tenham acesso em tempo real \u00e0s lotarias da sua escolha. Quando compra uma entrada, os nossos agentes em Nova Iorque tamb\u00e9m compram um bilhete f\u00edsico com os seus n\u00fameros preferidos. O que isto significa \u00e9 que se os seus n\u00fameros corresponderem aos n\u00fameros sorteados, ganhou o jackpot.<\/p>\n<p>Esta parece ser uma boa altura para mencionar que a lotaria \u00e9 um jogo de azar. Por conseguinte, n\u00e3o h\u00e1 forma de determinar quem ganhar\u00e1. O que sabemos \u00e9 que a \u00fanica forma de ter uma oportunidade de ganhar \u00e9 fazer uma aposta. \u00c9 por isso que fazemos a milha extra para garantir que os nossos clientes tenham essa oportunidade.<\/p>\n<h2>Jogue hoje na New York Lotto online<\/h2>\n<p>\u00c9 tempo de parar de pensar em comprar um bilhete de lotaria e de comprar um. Isto pode ser o in\u00edcio de uma aventura de uma vida. Ent\u00e3o, porque n\u00e3o visitar-nos hoje no jackpotlotteryonline.com para fazer uma aposta de qualquer parte do mundo? Nunca se sabe quando se ganha a lotaria.<\/p>\n","protected":false},"excerpt":{"rendered":"<p>Se procura uma lotaria que tenha uma hist\u00f3ria colorida, ent\u00e3o a Lotaria de Nova Iorque \u00e9 a sua melhor aposta. Incrustada na hist\u00f3ria e no esc\u00e2ndalo, esta \u00e9 tamb\u00e9m uma lotaria que foi fundada por uma boa causa. Jogar na lotaria \u00e9 uma boa forma de se divertir e d\u00e1-lhe algo pelo qual tamb\u00e9m pode [&hellip;]<\/p>\n","protected":false},"author":1,"featured_media":0,"parent":35772,"menu_order":14,"comment_status":"closed","ping_status":"closed","template":"newyork-info.php","meta":{"_et_pb_use_builder":"","_et_pb_old_content":"","_et_gb_content_width":"","exclude_from_search":false,"footnotes":""},"class_list":["post-37063","page","type-page","status-publish","hentry"],"yoast_head":"<!-- This site is optimized with the Yoast SEO plugin v23.3 - https:\/\/yoast.com\/wordpress\/plugins\/seo\/ -->\n<title>Comprar bilhetes para a lotaria de Nova Iorque fora dos EUA | Adquirir bilhetes para a lotaria de Nova Iorque on-line<\/title>\n<meta name=\"description\" content=\"Quer comprar um bilhete para a lotaria de Nova Iorque, mas vive fora dos EUA? Adquira os seus bilhetes para a lotaria online aqui\" \/>\n<meta name=\"robots\" content=\"index, follow, max-snippet:-1, max-image-preview:large, max-video-preview:-1\" \/>\n<link rel=\"canonical\" href=\"https:\/\/jackpotlotteryonline.com\/pt-pt\/comprar-tickets\/new-york-lottery\/\" \/>\n<meta property=\"og:locale\" content=\"pt_PT\" \/>\n<meta property=\"og:type\" content=\"article\" \/>\n<meta property=\"og:title\" content=\"Comprar bilhetes para a lotaria de Nova Iorque fora dos EUA | Adquirir bilhetes para a lotaria de Nova Iorque on-line\" \/>\n<meta property=\"og:description\" content=\"Quer comprar um bilhete para a lotaria de Nova Iorque, mas vive fora dos EUA? Adquira os seus bilhetes para a lotaria online aqui\" \/>\n<meta property=\"og:url\" content=\"https:\/\/jackpotlotteryonline.com\/pt-pt\/comprar-tickets\/new-york-lottery\/\" \/>\n<meta property=\"og:site_name\" content=\"Lotto Online - Crack The International Lottery Jackpots\" \/>\n<meta property=\"article:modified_time\" content=\"2023-01-06T09:49:17+00:00\" \/>\n<meta property=\"og:image\" content=\"http:\/\/jackpotlotteryonline.com\/wp-content\/uploads\/2022\/11\/1_buy_online_ticket_powerball.jpg\" \/>\n<meta name=\"twitter:card\" content=\"summary_large_image\" \/>\n<meta name=\"twitter:label1\" content=\"Tempo estimado de leitura\" \/>\n\t<meta name=\"twitter:data1\" content=\"6 minutos\" \/>\n<!-- \/ Yoast SEO plugin. -->","yoast_head_json":{"title":"Comprar bilhetes para a lotaria de Nova Iorque fora dos EUA | Adquirir bilhetes para a lotaria de Nova Iorque on-line","description":"Quer comprar um bilhete para a lotaria de Nova Iorque, mas vive fora dos EUA? Adquira os seus bilhetes para a lotaria online aqui","robots":{"index":"index","follow":"follow","max-snippet":"max-snippet:-1","max-image-preview":"max-image-preview:large","max-video-preview":"max-video-preview:-1"},"canonical":"https:\/\/jackpotlotteryonline.com\/pt-pt\/comprar-tickets\/new-york-lottery\/","og_locale":"pt_PT","og_type":"article","og_title":"Comprar bilhetes para a lotaria de Nova Iorque fora dos EUA | Adquirir bilhetes para a lotaria de Nova Iorque on-line","og_description":"Quer comprar um bilhete para a lotaria de Nova Iorque, mas vive fora dos EUA? Adquira os seus bilhetes para a lotaria online aqui","og_url":"https:\/\/jackpotlotteryonline.com\/pt-pt\/comprar-tickets\/new-york-lottery\/","og_site_name":"Lotto Online - Crack The International Lottery Jackpots","article_modified_time":"2023-01-06T09:49:17+00:00","og_image":[{"url":"http:\/\/jackpotlotteryonline.com\/wp-content\/uploads\/2022\/11\/1_buy_online_ticket_powerball.jpg"}],"twitter_card":"summary_large_image","twitter_misc":{"Tempo estimado de leitura":"6 minutos"},"schema":{"@context":"https:\/\/schema.org","@graph":[{"@type":"WebPage","@id":"https:\/\/jackpotlotteryonline.com\/pt-pt\/comprar-tickets\/new-york-lottery\/","url":"https:\/\/jackpotlotteryonline.com\/pt-pt\/comprar-tickets\/new-york-lottery\/","name":"Comprar bilhetes para a lotaria de Nova Iorque fora dos EUA | Adquirir bilhetes para a lotaria de Nova Iorque on-line","isPartOf":{"@id":"https:\/\/jackpotlotteryonline.com\/#website"},"primaryImageOfPage":{"@id":"https:\/\/jackpotlotteryonline.com\/pt-pt\/comprar-tickets\/new-york-lottery\/#primaryimage"},"image":{"@id":"https:\/\/jackpotlotteryonline.com\/pt-pt\/comprar-tickets\/new-york-lottery\/#primaryimage"},"thumbnailUrl":"http:\/\/jackpotlotteryonline.com\/wp-content\/uploads\/2022\/11\/1_buy_online_ticket_powerball.jpg","datePublished":"2022-11-10T07:23:26+00:00","dateModified":"2023-01-06T09:49:17+00:00","description":"Quer comprar um bilhete para a lotaria de Nova Iorque, mas vive fora dos EUA? Adquira os seus bilhetes para a lotaria online aqui","breadcrumb":{"@id":"https:\/\/jackpotlotteryonline.com\/pt-pt\/comprar-tickets\/new-york-lottery\/#breadcrumb"},"inLanguage":"pt-PT","potentialAction":[{"@type":"ReadAction","target":["https:\/\/jackpotlotteryonline.com\/pt-pt\/comprar-tickets\/new-york-lottery\/"]}]},{"@type":"ImageObject","inLanguage":"pt-PT","@id":"https:\/\/jackpotlotteryonline.com\/pt-pt\/comprar-tickets\/new-york-lottery\/#primaryimage","url":"http:\/\/jackpotlotteryonline.com\/wp-content\/uploads\/2022\/11\/1_buy_online_ticket_powerball.jpg","contentUrl":"http:\/\/jackpotlotteryonline.com\/wp-content\/uploads\/2022\/11\/1_buy_online_ticket_powerball.jpg"},{"@type":"BreadcrumbList","@id":"https:\/\/jackpotlotteryonline.com\/pt-pt\/comprar-tickets\/new-york-lottery\/#breadcrumb","itemListElement":[{"@type":"ListItem","position":1,"name":"Home","item":"https:\/\/jackpotlotteryonline.com\/pt-pt\/"},{"@type":"ListItem","position":2,"name":"Como comprar bilhetes de lotaria on-line","item":"https:\/\/jackpotlotteryonline.com\/pt-pt\/comprar-tickets\/"},{"@type":"ListItem","position":3,"name":"Bilhetes para a lotaria de Nova Iorque"}]},{"@type":"WebSite","@id":"https:\/\/jackpotlotteryonline.com\/#website","url":"https:\/\/jackpotlotteryonline.com\/","name":"Lotto Online - Crack The International Lottery Jackpots","description":"","potentialAction":[{"@type":"SearchAction","target":{"@type":"EntryPoint","urlTemplate":"https:\/\/jackpotlotteryonline.com\/?s={search_term_string}"},"query-input":"required name=search_term_string"}],"inLanguage":"pt-PT"}]}},"_links":{"self":[{"href":"https:\/\/jackpotlotteryonline.com\/pt-pt\/wp-json\/wp\/v2\/pages\/37063","targetHints":{"allow":["GET"]}}],"collection":[{"href":"https:\/\/jackpotlotteryonline.com\/pt-pt\/wp-json\/wp\/v2\/pages"}],"about":[{"href":"https:\/\/jackpotlotteryonline.com\/pt-pt\/wp-json\/wp\/v2\/types\/page"}],"author":[{"embeddable":true,"href":"https:\/\/jackpotlotteryonline.com\/pt-pt\/wp-json\/wp\/v2\/users\/1"}],"replies":[{"embeddable":true,"href":"https:\/\/jackpotlotteryonline.com\/pt-pt\/wp-json\/wp\/v2\/comments?post=37063"}],"version-history":[{"count":0,"href":"https:\/\/jackpotlotteryonline.com\/pt-pt\/wp-json\/wp\/v2\/pages\/37063\/revisions"}],"up":[{"embeddable":true,"href":"https:\/\/jackpotlotteryonline.com\/pt-pt\/wp-json\/wp\/v2\/pages\/35772"}],"wp:attachment":[{"href":"https:\/\/jackpotlotteryonline.com\/pt-pt\/wp-json\/wp\/v2\/media?parent=37063"}],"curies":[{"name":"wp","href":"https:\/\/api.w.org\/{rel}","templated":true}]}}