{"id":37115,"date":"2022-11-10T09:29:40","date_gmt":"2022-11-10T09:29:40","guid":{"rendered":"https:\/\/jackpotlotteryonline.com\/?page_id=37115"},"modified":"2023-01-04T08:50:38","modified_gmt":"2023-01-04T08:50:38","slug":"thunderball","status":"publish","type":"page","link":"https:\/\/jackpotlotteryonline.com\/pt-pt\/comprar-tickets\/thunderball\/","title":{"rendered":"Comprar bilhetes Thunderball"},"content":{"rendered":"<p>N\u00e3o h\u00e1 falta de lotarias para os jogadores dentro do Reino Unido jogarem. Desde jogos de lotaria a jogos de anuidades, h\u00e1 algo para todos e quase todos os dias tamb\u00e9m. Mas um dos jogos preferidos dos apostadores \u00e9 o Thunderball. \u00c9 interessante porque esta \u00e9 uma lotaria que n\u00e3o oferece um jackpot no valor de milh\u00f5es de libras. Na verdade, podemos garantir que mesmo que ganhe o jackpot, n\u00e3o ser\u00e1 um milion\u00e1rio. Ent\u00e3o porque \u00e9 que os jogadores parecem adorar esta lotaria?<\/p>\n<p>A raz\u00e3o \u00e9 simples; as probabilidades s\u00e3o muito melhores do que em outros jogos com jackpots maiores. Com quatro sorteios semanais e uma boa soma de jackpots, n\u00e3o \u00e9 de admirar que os entusiastas da lotaria se juntem a esta lotaria todas as semanas.<\/p>\n<p>Se vive fora do Reino Unido, tamb\u00e9m pode participar em qualquer um dos sorteios. Visite jackpotlotteryonline.com para uma forma eficiente e sem stress de comprar bilhetes de lotaria onde quer que se encontre.<\/p>\n<h2>Como \u00e9 que o Thunderball funciona?<\/h2>\n<p><img loading=\"lazy\" decoding=\"async\" class=\"alignright size-medium wp-image-30425\" src=\"https:\/\/jackpotlotteryonline.com\/wp-content\/uploads\/2022\/11\/1_you_win_jackpot-300x300.jpg\" alt=\"Como jogar thunderball\" width=\"300\" height=\"300\" srcset=\"https:\/\/jackpotlotteryonline.com\/wp-content\/uploads\/2022\/11\/1_you_win_jackpot-300x300.jpg 300w, https:\/\/jackpotlotteryonline.com\/wp-content\/uploads\/2022\/11\/1_you_win_jackpot-100x100.jpg 100w, https:\/\/jackpotlotteryonline.com\/wp-content\/uploads\/2022\/11\/1_you_win_jackpot-150x150.jpg 150w, https:\/\/jackpotlotteryonline.com\/wp-content\/uploads\/2022\/11\/1_you_win_jackpot.jpg 320w\" sizes=\"auto, (max-width: 300px) 100vw, 300px\" \/><\/p>\n<p>Esta lotaria brit\u00e2nica \u00e9 simples e f\u00e1cil de jogar e os jogadores experientes de lotaria n\u00e3o devem ter problemas com esta lotaria brit\u00e2nica.<\/p>\n<p>Para<a href=\"https:\/\/jackpotlotteryonline.com\/pt-pt\/como-jogar\/thunderball\"> jogar nesta lotaria brit\u00e2nica<\/a>, os jogadores precisam de escolher cinco n\u00fameros principais de 1 a 39 e um n\u00famero especial de 1 a 14. O n\u00famero especial \u00e9 chamado Thunderball.<\/p>\n<p>Ap\u00f3s a escolha dos n\u00fameros, o pr\u00f3ximo passo \u00e9 <a href=\"https:\/\/jackpotlotteryonline.com\/pt-pt\/numeros-vencedores\/thunderball\">entrar nos sorteios<\/a> e esperar pelos resultados. J\u00e1 mencion\u00e1mos que oferece quatro sorteios semanais. S\u00e3o quatro oportunidades para ganhar o jackpot! Os sorteios realizam-se \u00e0s ter\u00e7as, quartas, quintas e s\u00e1bados.<\/p>\n<h2>\u00c9 legal comprar um bilhete de lotaria do Reino Unido online?<\/h2>\n<p>A quest\u00e3o sobre se pode ou n\u00e3o participar na lotaria atrav\u00e9s da Internet \u00e9 uma preocupa\u00e7\u00e3o v\u00e1lida. \u00c9 verdade que existem fraudes por a\u00ed e seria insensato ignorar isso. Contudo, existem sites de lotaria leg\u00edtimos que vendem bilhetes para lotarias em todo o mundo e isto \u00e9 perfeitamente legal.<\/p>\n<p>Antes de mais, esta lotaria brit\u00e2nica n\u00e3o se limita aos cidad\u00e3os do Reino Unido. A \u00fanica restri\u00e7\u00e3o \u00e9 geogr\u00e1fica, na medida em que os bilhetes f\u00edsicos s\u00e3o vendidos por vendedores no pa\u00eds. Comprar os seus bilhetes online \u00e9 a \u00fanica forma de jogar na lotaria a partir de fora do pa\u00eds.<\/p>\n<p>Antes de comprar um bilhete de lotaria, certifique-se de que est\u00e1 a utilizar um vendedor de lotaria leg\u00edtimo, particularmente um que tenha uma boa reputa\u00e7\u00e3o. Uma boa maneira de verificar \u00e9 ver se eles t\u00eam um historial de pagamento de ganhos, para que n\u00e3o perca os seus ganhos.<\/p>\n<section class=\"layout\" style=\"border: solid 1px; width: 100%;\">\n<div class=\"img-div\" style=\"margin-top: 5px;\"><img decoding=\"async\" class=\"wp-image-17212 alignleft\" style=\"height: 45px; margin: 8px 8px 0px;\" src=\"https:\/\/jackpotlotteryonline.com\/wp-content\/uploads\/2022\/11\/read1.jpg\" alt=\"ler\" width=\"\" height=\"\" \/><\/div>\n<div style=\"padding-left: 5px;\">\n<div style=\"font-size: 1.1em;\">\n<p><strong>A sua lotaria nacional na compara\u00e7\u00e3o internacional<\/strong><\/p>\n<p style=\"font-size: 0.85em; margin-top: -1.5em;\">A sua lotaria local pode ser a sua pior op\u00e7\u00e3o &#8211; porque \u00e9 que faz mais sentido pagar mais, mas ir para jackpots maiores <a href=\"https:\/\/jackpotlotteryonline.com\/pt-pt\/a-sua-comparacao-nacional-lottera-nacional-comparacao-internacional\">leia mais<\/a><\/p>\n<\/div>\n<\/div>\n<\/section>\n<h2>Jackpot e pr\u00e9mios<\/h2>\n<p>Ent\u00e3o qual \u00e9 exactamente o pr\u00e9mio do jackpot para esta lotaria brit\u00e2nica? O pr\u00e9mio do jackpot \u00e9 de quinhentas mil libras e \u00e9 garantido para cada sorteio. Qualquer bilhete que corresponda aos cinco n\u00fameros sorteados e ao n\u00famero especial, ganha o jackpot.<\/p>\n<p>O jackpot n\u00e3o \u00e9 o \u00fanico pr\u00e9mio que os jogadores podem ganhar com esta lotaria, uma vez que existem outros n\u00edveis de pr\u00e9mios. O segundo n\u00edvel de pr\u00e9mio \u00e9 tamb\u00e9m um montante fixo de cinco mil libras esterlinas, o que \u00e9 realmente fant\u00e1stico. Existem nove n\u00edveis de pr\u00e9mios no total e existe um pr\u00e9mio apenas por igualar o n\u00famero especial.<\/p>\n<p>Mais uma vez, as probabilidades para esta lotaria s\u00e3o incr\u00edveis, e \u00e9 por isso que tem produzido tantos vencedores desde o primeiro sorteio em 1999. Devido \u00e0 grande procura da lotaria, passou de ter apenas um sorteio semanal para quatro sorteios semanais. Assim, se jogar nesta lotaria brit\u00e2nica, as probabilidades de ganhar o jackpot s\u00e3o de 1 em 8.060.598, enquanto as probabilidades de ganhar qualquer pr\u00e9mio s\u00e3o de 1 em 13.<br \/>\n<img loading=\"lazy\" decoding=\"async\" class=\"alignright size-medium wp-image-35457\" src=\"https:\/\/jackpotlotteryonline.com\/wp-content\/uploads\/2022\/11\/2_ticket_uk_lottery-192x300.jpg\" alt=\"bilhete de trovoada\" width=\"192\" height=\"300\" srcset=\"https:\/\/jackpotlotteryonline.com\/wp-content\/uploads\/2022\/11\/2_ticket_uk_lottery-192x300.jpg 192w, https:\/\/jackpotlotteryonline.com\/wp-content\/uploads\/2022\/11\/2_ticket_uk_lottery.jpg 250w\" sizes=\"auto, (max-width: 192px) 100vw, 192px\" \/><\/p>\n<p><strong>Quando jogar nesta lotaria, aqui est\u00e1 o que pode esperar ganhar:<\/strong><\/p>\n<p>Partilhe 5 n\u00fameros + n\u00famero especial &#8211; \u00a3500.000 (Jackpot)<br \/>\nCombine apenas 5 n\u00fameros &#8211; \u00a35000<br \/>\nCombine 4 n\u00fameros + n\u00famero especial &#8211; \u00a3250<br \/>\nCombine apenas 4 n\u00fameros &#8211; \u00a3100<br \/>\nCombine 3 n\u00fameros + n\u00famero especial &#8211; \u00a320<br \/>\nCombine apenas 3 n\u00fameros &#8211; \u00a310<br \/>\nCombine 2 n\u00fameros + n\u00famero especial &#8211; \u00a310<br \/>\nCombinar 1 n\u00famero + n\u00famero especial &#8211; \u00a35<br \/>\nCombina\u00e7\u00e3o 0 n\u00famero + n\u00famero especial &#8211; \u00a33<\/p>\n<h2>Como reclamar o seu pr\u00e9mio<\/h2>\n<p>A forma como reclamar o seu pr\u00e9mio depender\u00e1 da forma como comprou o seu bilhete de lotaria. Se entrou na lotaria atrav\u00e9s do nosso site, pode reclamar o seu pr\u00e9mio entrando na sua conta e retirando os seus ganhos da nossa plataforma.<\/p>\n<p>Antes de reivindicar o seu pr\u00e9mio, \u00e9 importante saber algumas coisas sobre como jogar na lotaria no Reino Unido. J\u00e1 sabemos que a lotaria est\u00e1 aberta a todos, independentemente da nacionalidade, no entanto, aqui est\u00e3o algumas coisas a notar:<\/p>\n<ul>\n<li>A lotaria est\u00e1 aberta a jogadores com mais de 16 anos de idade.<\/li>\n<li>Os pr\u00e9mios s\u00e3o pagos de uma s\u00f3 vez<\/li>\n<li>Os ganhos da lotaria n\u00e3o est\u00e3o sujeitos a impostos no pa\u00eds. No entanto, se estiver a jogar fora do pa\u00eds, deve verificar as leis fiscais do seu pa\u00eds<\/li>\n<li>Tem 180 dias para reclamar qualquer vit\u00f3ria antes de voltar a entrar na piscina<\/li>\n<li>Se entrou na lotaria atrav\u00e9s de um vendedor f\u00edsico, poder\u00e1 ter de contactar os organizadores da lotaria para reclamar o seu pr\u00e9mio.<\/li>\n<\/ul>\n<h2>Porque deve jogar na lotaria connosco<\/h2>\n<p>Somos um servi\u00e7o de concierge personalizado que d\u00e1 acesso a lotarias internacionais de topo aos jogadores de todo o mundo. Temos passado anos a aperfei\u00e7oar o processo para assegurar que os nossos clientes tenham uma experi\u00eancia emocionante que seja agrad\u00e1vel e sem stress.<\/p>\n<p>Ao registar-se connosco, pode entrar convenientemente em v\u00e1rias lotarias a partir de uma \u00fanica plataforma online. Proporcionamos a seguran\u00e7a adicional de saber que o seu bilhete de entrada \u00e9 seguro para que n\u00e3o tenha de se preocupar em perd\u00ea-lo. Pode tamb\u00e9m relaxar sabendo que n\u00e3o perder\u00e1 nenhuma vit\u00f3ria, pois avis\u00e1-lo-emos assim que ganhar um pr\u00e9mio.<\/p>\n<p>Basicamente, tiramos-lhe todos os parafusos e rangidos que v\u00eam com o jogo da lotaria, deixando-o livre para fazer o que mais gosta: divirta-se. N\u00e3o importa onde se encontra no mundo, uma vez que tenha uma liga\u00e7\u00e3o \u00e0 Internet, pode participar nas lotarias internacionais de topo.<\/p>\n<p>Com o jackpotlotteryonline.com obt\u00e9m v\u00e1rias op\u00e7\u00f5es. Pode jogar uma ou v\u00e1rias lotarias, participar em um ou v\u00e1rios sorteios e at\u00e9 mesmo estabelecer uma assinatura para que as suas entradas corram em piloto autom\u00e1tico. Porque n\u00e3o nos visitar hoje para comprar bilhetes Thunderball de fora do Reino Unido?<\/p>\n","protected":false},"excerpt":{"rendered":"<p>N\u00e3o h\u00e1 falta de lotarias para os jogadores dentro do Reino Unido jogarem. Desde jogos de lotaria a jogos de anuidades, h\u00e1 algo para todos e quase todos os dias tamb\u00e9m. Mas um dos jogos preferidos dos apostadores \u00e9 o Thunderball. \u00c9 interessante porque esta \u00e9 uma lotaria que n\u00e3o oferece um jackpot no valor [&hellip;]<\/p>\n","protected":false},"author":1,"featured_media":0,"parent":35772,"menu_order":12,"comment_status":"closed","ping_status":"closed","template":"thunderball-info.php","meta":{"_et_pb_use_builder":"","_et_pb_old_content":"","_et_gb_content_width":"","exclude_from_search":false,"footnotes":""},"class_list":["post-37115","page","type-page","status-publish","hentry"],"yoast_head":"<!-- This site is optimized with the Yoast SEO plugin v23.3 - https:\/\/yoast.com\/wordpress\/plugins\/seo\/ -->\n<title>Comprar bilhetes Thunderball de fora do Reino Unido | Thunderball Lottery online<\/title>\n<meta name=\"description\" content=\"Adquira um bilhete Thunderball de fora do Reino Unido, comprando-o online aqui! Adquira o seu bilhete Thunderball digitalizado atrav\u00e9s do nosso servi\u00e7o jur\u00eddico\" \/>\n<meta name=\"robots\" content=\"index, follow, max-snippet:-1, max-image-preview:large, max-video-preview:-1\" \/>\n<link rel=\"canonical\" href=\"https:\/\/jackpotlotteryonline.com\/pt-pt\/comprar-tickets\/thunderball\/\" \/>\n<meta property=\"og:locale\" content=\"pt_PT\" \/>\n<meta property=\"og:type\" content=\"article\" \/>\n<meta property=\"og:title\" content=\"Comprar bilhetes Thunderball de fora do Reino Unido | Thunderball Lottery online\" \/>\n<meta property=\"og:description\" content=\"Adquira um bilhete Thunderball de fora do Reino Unido, comprando-o online aqui! Adquira o seu bilhete Thunderball digitalizado atrav\u00e9s do nosso servi\u00e7o jur\u00eddico\" \/>\n<meta property=\"og:url\" content=\"https:\/\/jackpotlotteryonline.com\/pt-pt\/comprar-tickets\/thunderball\/\" \/>\n<meta property=\"og:site_name\" content=\"Lotto Online - Crack The International Lottery Jackpots\" \/>\n<meta property=\"article:modified_time\" content=\"2023-01-04T08:50:38+00:00\" \/>\n<meta property=\"og:image\" content=\"https:\/\/jackpotlotteryonline.com\/wp-content\/uploads\/2022\/11\/1_you_win_jackpot-300x300.jpg\" \/>\n<meta name=\"twitter:card\" content=\"summary_large_image\" \/>\n<meta name=\"twitter:label1\" content=\"Tempo estimado de leitura\" \/>\n\t<meta name=\"twitter:data1\" content=\"6 minutos\" \/>\n<!-- \/ Yoast SEO plugin. -->","yoast_head_json":{"title":"Comprar bilhetes Thunderball de fora do Reino Unido | Thunderball Lottery online","description":"Adquira um bilhete Thunderball de fora do Reino Unido, comprando-o online aqui! Adquira o seu bilhete Thunderball digitalizado atrav\u00e9s do nosso servi\u00e7o jur\u00eddico","robots":{"index":"index","follow":"follow","max-snippet":"max-snippet:-1","max-image-preview":"max-image-preview:large","max-video-preview":"max-video-preview:-1"},"canonical":"https:\/\/jackpotlotteryonline.com\/pt-pt\/comprar-tickets\/thunderball\/","og_locale":"pt_PT","og_type":"article","og_title":"Comprar bilhetes Thunderball de fora do Reino Unido | Thunderball Lottery online","og_description":"Adquira um bilhete Thunderball de fora do Reino Unido, comprando-o online aqui! Adquira o seu bilhete Thunderball digitalizado atrav\u00e9s do nosso servi\u00e7o jur\u00eddico","og_url":"https:\/\/jackpotlotteryonline.com\/pt-pt\/comprar-tickets\/thunderball\/","og_site_name":"Lotto Online - Crack The International Lottery Jackpots","article_modified_time":"2023-01-04T08:50:38+00:00","og_image":[{"url":"https:\/\/jackpotlotteryonline.com\/wp-content\/uploads\/2022\/11\/1_you_win_jackpot-300x300.jpg"}],"twitter_card":"summary_large_image","twitter_misc":{"Tempo estimado de leitura":"6 minutos"},"schema":{"@context":"https:\/\/schema.org","@graph":[{"@type":"WebPage","@id":"https:\/\/jackpotlotteryonline.com\/pt-pt\/comprar-tickets\/thunderball\/","url":"https:\/\/jackpotlotteryonline.com\/pt-pt\/comprar-tickets\/thunderball\/","name":"Comprar bilhetes Thunderball de fora do Reino Unido | Thunderball Lottery online","isPartOf":{"@id":"https:\/\/jackpotlotteryonline.com\/#website"},"primaryImageOfPage":{"@id":"https:\/\/jackpotlotteryonline.com\/pt-pt\/comprar-tickets\/thunderball\/#primaryimage"},"image":{"@id":"https:\/\/jackpotlotteryonline.com\/pt-pt\/comprar-tickets\/thunderball\/#primaryimage"},"thumbnailUrl":"https:\/\/jackpotlotteryonline.com\/wp-content\/uploads\/2022\/11\/1_you_win_jackpot-300x300.jpg","datePublished":"2022-11-10T09:29:40+00:00","dateModified":"2023-01-04T08:50:38+00:00","description":"Adquira um bilhete Thunderball de fora do Reino Unido, comprando-o online aqui! Adquira o seu bilhete Thunderball digitalizado atrav\u00e9s do nosso servi\u00e7o jur\u00eddico","breadcrumb":{"@id":"https:\/\/jackpotlotteryonline.com\/pt-pt\/comprar-tickets\/thunderball\/#breadcrumb"},"inLanguage":"pt-PT","potentialAction":[{"@type":"ReadAction","target":["https:\/\/jackpotlotteryonline.com\/pt-pt\/comprar-tickets\/thunderball\/"]}]},{"@type":"ImageObject","inLanguage":"pt-PT","@id":"https:\/\/jackpotlotteryonline.com\/pt-pt\/comprar-tickets\/thunderball\/#primaryimage","url":"https:\/\/jackpotlotteryonline.com\/wp-content\/uploads\/2022\/11\/1_you_win_jackpot-300x300.jpg","contentUrl":"https:\/\/jackpotlotteryonline.com\/wp-content\/uploads\/2022\/11\/1_you_win_jackpot-300x300.jpg"},{"@type":"BreadcrumbList","@id":"https:\/\/jackpotlotteryonline.com\/pt-pt\/comprar-tickets\/thunderball\/#breadcrumb","itemListElement":[{"@type":"ListItem","position":1,"name":"Home","item":"https:\/\/jackpotlotteryonline.com\/pt-pt\/"},{"@type":"ListItem","position":2,"name":"Como comprar bilhetes de lotaria on-line","item":"https:\/\/jackpotlotteryonline.com\/pt-pt\/comprar-tickets\/"},{"@type":"ListItem","position":3,"name":"Comprar bilhetes Thunderball"}]},{"@type":"WebSite","@id":"https:\/\/jackpotlotteryonline.com\/#website","url":"https:\/\/jackpotlotteryonline.com\/","name":"Lotto Online - Crack The International Lottery Jackpots","description":"","potentialAction":[{"@type":"SearchAction","target":{"@type":"EntryPoint","urlTemplate":"https:\/\/jackpotlotteryonline.com\/?s={search_term_string}"},"query-input":"required name=search_term_string"}],"inLanguage":"pt-PT"}]}},"_links":{"self":[{"href":"https:\/\/jackpotlotteryonline.com\/pt-pt\/wp-json\/wp\/v2\/pages\/37115","targetHints":{"allow":["GET"]}}],"collection":[{"href":"https:\/\/jackpotlotteryonline.com\/pt-pt\/wp-json\/wp\/v2\/pages"}],"about":[{"href":"https:\/\/jackpotlotteryonline.com\/pt-pt\/wp-json\/wp\/v2\/types\/page"}],"author":[{"embeddable":true,"href":"https:\/\/jackpotlotteryonline.com\/pt-pt\/wp-json\/wp\/v2\/users\/1"}],"replies":[{"embeddable":true,"href":"https:\/\/jackpotlotteryonline.com\/pt-pt\/wp-json\/wp\/v2\/comments?post=37115"}],"version-history":[{"count":0,"href":"https:\/\/jackpotlotteryonline.com\/pt-pt\/wp-json\/wp\/v2\/pages\/37115\/revisions"}],"up":[{"embeddable":true,"href":"https:\/\/jackpotlotteryonline.com\/pt-pt\/wp-json\/wp\/v2\/pages\/35772"}],"wp:attachment":[{"href":"https:\/\/jackpotlotteryonline.com\/pt-pt\/wp-json\/wp\/v2\/media?parent=37115"}],"curies":[{"name":"wp","href":"https:\/\/api.w.org\/{rel}","templated":true}]}}