{"id":37170,"date":"2022-11-10T12:41:57","date_gmt":"2022-11-10T12:41:57","guid":{"rendered":"https:\/\/jackpotlotteryonline.com\/?page_id=37170"},"modified":"2022-12-24T15:54:20","modified_gmt":"2022-12-24T15:54:20","slug":"powerball-australia","status":"publish","type":"page","link":"https:\/\/jackpotlotteryonline.com\/pt-pt\/comprar-tickets\/powerball-australia\/","title":{"rendered":"Comprar bilhetes para Powerball Australia"},"content":{"rendered":"<p>Quando se pensa nesta lotaria, o que vem primeiro \u00e0 mente \u00e9 a lotaria americana e n\u00e3o a vers\u00e3o australiana. Esta incr\u00edvel lotaria \u00e9 adorada pelos entusiastas da lotaria australiana. A Powerball Australia est\u00e1 a tornar-se rapidamente numa das lotarias internacionais populares, uma vez que os apostadores em todo o mundo est\u00e3o a reconhecer o seu potencial.<\/p>\n<p>Com um jackpot m\u00ednimo garantido de 3 milh\u00f5es de d\u00f3lares, a soma rola se n\u00e3o houver vencedor ap\u00f3s um sorteio. Pode rolar v\u00e1rias vezes at\u00e9 se tornar bastante grande. O montante recorde do jackpot de 160 milh\u00f5es de d\u00f3lares foi ganho em Outubro de 2022 por um \u00fanico bilhete.<\/p>\n<p>Se quiser expandir o seu alcance como jogador de lotaria, ent\u00e3o deve considerar o Powerball Austr\u00e1lia. \u00c9 divertido, cheio de esp\u00edrito e d\u00e1 aos jogadores a oportunidade de ganhar em grande sem as loucas probabilidades da vers\u00e3o americana. Al\u00e9m disso, n\u00e3o importa onde vive, pois pode <a href=\"https:\/\/jackpotlotteryonline.com\/pt-pt\/como-jogar\/powerball-australia\">jogar online no jackpotlotteryonline.com.<\/a><\/p>\n<h2>Como funciona o Powerball Australia?<\/h2>\n<p><img loading=\"lazy\" decoding=\"async\" class=\"size-full wp-image-31181 alignright\" src=\"https:\/\/jackpotlotteryonline.com\/wp-content\/uploads\/2022\/11\/logo_powerball-300x50-1.jpg\" alt=\"Powerball Austr\u00e1lia\" width=\"300\" height=\"50\" \/><\/p>\n<p>Esta lotaria tem bolas com dois conjuntos de n\u00fameros em dois barris diferentes. As bolas s\u00e3o sorteadas aleatoriamente a partir de cada barril e qualquer aposta que corresponda aos n\u00fameros sorteados ganha. O primeiro barril tem 35 bolas e os jogadores t\u00eam de escolher 7 n\u00fameros dentro desse intervalo. O segundo barril tem 20 n\u00fameros e os jogadores t\u00eam de escolher UM n\u00famero dentro desse intervalo.<\/p>\n<p>Uma linha de entrada tem 8 n\u00fameros e um bilhete pode ter mais do que uma linha de entrada. Na verdade, \u00e9 aconselh\u00e1vel introduzir v\u00e1rias linhas para aumentar as probabilidades de ganhar. As probabilidades de ganhar o jackpot s\u00e3o de 1 em 1:134,490,400.<\/p>\n<p>Sim, as probabilidades s\u00e3o bastante elevadas, mas \u00e9 assim que funciona a lotaria. \u00c9 um jogo de n\u00fameros e muito tem a ver com sorte. N\u00e3o h\u00e1 como saber quando \u00e9 que a sorte vai decidir favorecer um jogador. Al\u00e9m disso, \u00e9 um passatempo divertido desde que se mantenha o que se pode pagar.<\/p>\n<h2>Pode aumentar as suas hip\u00f3teses de ganhar?<\/h2>\n<p>Curiosamente, pode aumentar as suas probabilidades de ganhar o jackpot. N\u00e3o existe um m\u00e9todo garantido, embora a maioria dos vencedores admita ter jogado v\u00e1rias vezes antes de ganhar qualquer coisa. A\u00ed reside o segredo.<\/p>\n<p>Tanto quanto sabemos, a forma de inclinar as probabilidades de ganhar a seu favor \u00e9 comprar mais entradas. Isso significa m\u00faltiplas linhas de entrada e m\u00faltiplos sorteios. A lotaria realiza os seus sorteios uma vez por semana, \u00e0s quintas-feiras. Se receber os seus bilhetes no nosso site, pode participar nos sorteios com v\u00e1rias semanas de anteced\u00eancia.<\/p>\n<p>Outra op\u00e7\u00e3o \u00e9 aderir a um sindicato da lotaria. A vantagem de aderir a um sindicato \u00e9 que o seu dinheiro vai muito mais longe do que se estiver a jogar sozinho. Claro que, se um bilhete ganhar, cada membro do sindicato ir\u00e1 dividir os ganhos.<\/p>\n<section class=\"layout\" style=\"border: solid 1px; width: 100%;\">\n<div class=\"img-div\" style=\"margin-top: 5px;\"><img decoding=\"async\" class=\"wp-image-17212 alignleft\" style=\"height: 45px; margin: 8px 8px 0px;\" src=\"https:\/\/jackpotlotteryonline.com\/wp-content\/uploads\/2022\/11\/read1.jpg\" alt=\"ler\" width=\"\" height=\"\" \/><\/div>\n<div style=\"padding-left: 5px;\">\n<div style=\"font-size: 1.1em;\">\n<p><strong>Escolha os n\u00fameros vencedores da lotaria manualmente ou utilizando um RNG<\/strong><\/p>\n<p style=\"font-size: 0.85em; margin-top: -1.5em;\">Como gerar n\u00fameros vencedores da lotaria?\u00a0 <a href=\"https:\/\/jackpotlotteryonline.com\/pt-pt\/como-gerar-numeros-vencedores-da-lotaria\">leia mais<\/a><\/p>\n<\/div>\n<\/div>\n<\/section>\n<h2>Como jogar na lotaria australiana online<\/h2>\n<p><img loading=\"lazy\" decoding=\"async\" class=\"alignright size-medium wp-image-34538\" src=\"https:\/\/jackpotlotteryonline.com\/wp-content\/uploads\/2022\/11\/2_ticket_powerball_au-157x300.jpg\" alt=\"bilhete de lotaria australiano\" width=\"157\" height=\"300\" srcset=\"https:\/\/jackpotlotteryonline.com\/wp-content\/uploads\/2022\/11\/2_ticket_powerball_au-157x300.jpg 157w, https:\/\/jackpotlotteryonline.com\/wp-content\/uploads\/2022\/11\/2_ticket_powerball_au.jpg 250w\" sizes=\"auto, (max-width: 157px) 100vw, 157px\" \/><\/p>\n<p>Jogar na lotaria online \u00e9 simples e pode fazer isso onde quer que esteja. Quando nos visita no jackpotlotteryonline.com pode facilmente comprar bilhetes para as principais lotarias internacionais, incluindo as lotarias australianas. Para comprar os seus bilhetes, basta escolher os seus n\u00fameros e participar no sorteio. N\u00e3o tendo a certeza dos n\u00fameros a utilizar, utilize a nossa ferramenta de selec\u00e7\u00e3o r\u00e1pida para gerar n\u00fameros aleat\u00f3rios.<\/p>\n<p>Quando chegar \u00e0 p\u00e1gina de pagamento, pedimos-lhe que se registe. Isto \u00e9 para que o seu deslize permane\u00e7a seguro na sua conta. Tamb\u00e9m pode definir os seus jogos de lotaria em piloto autom\u00e1tico para que seja automaticamente inscrito para os sorteios da sua escolha. Caso ganhe um pr\u00e9mio, inform\u00e1-lo-emos prontamente e depois poder\u00e1 levantar o pr\u00e9mio da nossa plataforma.<\/p>\n<p>Trabalhamos arduamente para lhe simplificar a experi\u00eancia da lotaria para que possa relaxar e concentrar-se em divertir-se.<\/p>\n<h2>Divis\u00e3o de pr\u00e9mios<\/h2>\n<p>Esta lotaria australiana tem 9 divis\u00f5es de pr\u00e9mios e os jogadores n\u00e3o t\u00eam de igualar todos os 8 n\u00fameros sorteados para ganharem um pr\u00e9mio. Embora o pr\u00e9mio principal comece em $3 milh\u00f5es, pode rolar v\u00e1rias vezes at\u00e9 ser um pr\u00e9mio muito maior.<\/p>\n<p>Note-se que n\u00e3o h\u00e1 limite para o tamanho do jackpot, no entanto, este s\u00f3 pode rolar mais de 25 vezes antes de voltar aos 3 milh\u00f5es de d\u00f3lares.<\/p>\n<p>Os pr\u00e9mios nas divis\u00f5es inferiores s\u00e3o uma percentagem do conjunto de pr\u00e9mios. Partilharemos o pagamento m\u00e9dio para lhe dar uma ideia. Este n\u00e3o \u00e9 o pagamento garantido para cada sorteio, uma vez que os montantes podem variar.<\/p>\n<p>Combine 7 n\u00fameros principais + n\u00famero especial &#8211; $23.043.155,47 (pagamento m\u00e9dio)<br \/>\nCombine apenas 7 n\u00fameros &#8211; $126.484,05<br \/>\nCombine 6 n\u00fameros + n\u00famero especial &#8211; $5,326.97<br \/>\nCorresponde apenas 6 n\u00fameros &#8211; $454.35<br \/>\nCombine 5 n\u00fameros + n\u00famero especial &#8211; $158.34<br \/>\nCombine 4 n\u00fameros + n\u00famero especial &#8211; $70.85<br \/>\nCorresponder 5 n\u00fameros apenas &#8211; $42.23<br \/>\nCombine 3 n\u00fameros + n\u00famero especial &#8211; $17.57<br \/>\nCombine 2 n\u00fameros + n\u00famero especial &#8211; $10.71<\/p>\n<h2>Como verificar os resultados<\/h2>\n<p>Os resultados s\u00e3o publicados no nosso site ap\u00f3s cada sorteio. Os sorteios t\u00eam lugar todas as quintas-feiras \u00e0s 19:25 AEST.<\/p>\n<p>Compreendemos que por vezes a vida acontece e talvez n\u00e3o seja poss\u00edvel <a href=\"https:\/\/jackpotlotteryonline.com\/pt-pt\/numeros-vencedores\/powerball-australia\">verificar imediatamente os resultados dos sorteios<\/a>. Assim, se ganhar algum pr\u00e9mio, n\u00e3o s\u00f3 o alertaremos atrav\u00e9s da sua conta, mas tamb\u00e9m lhe enviaremos um e-mail. Desta forma, n\u00e3o ter\u00e1 de perder a reclama\u00e7\u00e3o do seu pr\u00e9mio.<\/p>\n<h2>Registe-se connosco para comprar bilhetes para a Powerball Australia online<\/h2>\n<p>Est\u00e1 entusiasmado com a perspectiva de jogar nesta lotaria? Bem, n\u00f3s tamb\u00e9m estamos e estamos felizes por traz\u00ea-la para um dispositivo m\u00f3vel perto de si. Assim que tiver uma liga\u00e7\u00e3o \u00e0 Internet, poder\u00e1 adquirir uma participa\u00e7\u00e3o na lotaria australiana.<\/p>\n<p>A lotaria \u00e9 um jogo divertido e h\u00e1 hist\u00f3rias de vencedores da lotaria em todo o lado. Poder\u00e1 ser o pr\u00f3ximo vencedor, mas n\u00e3o saber\u00e1 se n\u00e3o participar nos sorteios. Simplific\u00e1mos o processo para o tornar uma experi\u00eancia sem stress para si. N\u00e3o precisa de sair da nossa p\u00e1gina para realizar qualquer uma das suas tarefas relacionadas com a lotaria. \u00c9 muito simples.<\/p>\n<p>N\u00e3o importa onde esteja no mundo, pode comprar uma participa\u00e7\u00e3o na maior lotaria australiana aqui mesmo no nosso site. Registe-se connosco hoje.<\/p>\n","protected":false},"excerpt":{"rendered":"<p>Quando se pensa nesta lotaria, o que vem primeiro \u00e0 mente \u00e9 a lotaria americana e n\u00e3o a vers\u00e3o australiana. Esta incr\u00edvel lotaria \u00e9 adorada pelos entusiastas da lotaria australiana. A Powerball Australia est\u00e1 a tornar-se rapidamente numa das lotarias internacionais populares, uma vez que os apostadores em todo o mundo est\u00e3o a reconhecer o [&hellip;]<\/p>\n","protected":false},"author":1,"featured_media":0,"parent":35772,"menu_order":17,"comment_status":"closed","ping_status":"closed","template":"powerball-au-info.php","meta":{"_et_pb_use_builder":"","_et_pb_old_content":"","_et_gb_content_width":"","exclude_from_search":false,"footnotes":""},"class_list":["post-37170","page","type-page","status-publish","hentry"],"yoast_head":"<!-- This site is optimized with the Yoast SEO plugin v23.3 - https:\/\/yoast.com\/wordpress\/plugins\/seo\/ -->\n<title>Comprar bilhetes para Powerball Australia de fora da Austr\u00e1lia<\/title>\n<meta name=\"description\" content=\"A vers\u00e3o australiana da lotaria Powerball - pode participar se simplesmente comprar um bilhete online aqui mesmo no nosso website\" \/>\n<meta name=\"robots\" content=\"index, follow, max-snippet:-1, max-image-preview:large, max-video-preview:-1\" \/>\n<link rel=\"canonical\" href=\"https:\/\/jackpotlotteryonline.com\/pt-pt\/comprar-tickets\/powerball-australia\/\" \/>\n<meta property=\"og:locale\" content=\"pt_PT\" \/>\n<meta property=\"og:type\" content=\"article\" \/>\n<meta property=\"og:title\" content=\"Comprar bilhetes para Powerball Australia de fora da Austr\u00e1lia\" \/>\n<meta property=\"og:description\" content=\"A vers\u00e3o australiana da lotaria Powerball - pode participar se simplesmente comprar um bilhete online aqui mesmo no nosso website\" \/>\n<meta property=\"og:url\" content=\"https:\/\/jackpotlotteryonline.com\/pt-pt\/comprar-tickets\/powerball-australia\/\" \/>\n<meta property=\"og:site_name\" content=\"Lotto Online - Crack The International Lottery Jackpots\" \/>\n<meta property=\"article:modified_time\" content=\"2022-12-24T15:54:20+00:00\" \/>\n<meta property=\"og:image\" content=\"https:\/\/jackpotlotteryonline.com\/wp-content\/uploads\/2022\/11\/logo_powerball-300x50-1.jpg\" \/>\n<meta name=\"twitter:card\" content=\"summary_large_image\" \/>\n<meta name=\"twitter:label1\" content=\"Tempo estimado de leitura\" \/>\n\t<meta name=\"twitter:data1\" content=\"5 minutos\" \/>\n<!-- \/ Yoast SEO plugin. -->","yoast_head_json":{"title":"Comprar bilhetes para Powerball Australia de fora da Austr\u00e1lia","description":"A vers\u00e3o australiana da lotaria Powerball - pode participar se simplesmente comprar um bilhete online aqui mesmo no nosso website","robots":{"index":"index","follow":"follow","max-snippet":"max-snippet:-1","max-image-preview":"max-image-preview:large","max-video-preview":"max-video-preview:-1"},"canonical":"https:\/\/jackpotlotteryonline.com\/pt-pt\/comprar-tickets\/powerball-australia\/","og_locale":"pt_PT","og_type":"article","og_title":"Comprar bilhetes para Powerball Australia de fora da Austr\u00e1lia","og_description":"A vers\u00e3o australiana da lotaria Powerball - pode participar se simplesmente comprar um bilhete online aqui mesmo no nosso website","og_url":"https:\/\/jackpotlotteryonline.com\/pt-pt\/comprar-tickets\/powerball-australia\/","og_site_name":"Lotto Online - Crack The International Lottery Jackpots","article_modified_time":"2022-12-24T15:54:20+00:00","og_image":[{"url":"https:\/\/jackpotlotteryonline.com\/wp-content\/uploads\/2022\/11\/logo_powerball-300x50-1.jpg"}],"twitter_card":"summary_large_image","twitter_misc":{"Tempo estimado de leitura":"5 minutos"},"schema":{"@context":"https:\/\/schema.org","@graph":[{"@type":"WebPage","@id":"https:\/\/jackpotlotteryonline.com\/pt-pt\/comprar-tickets\/powerball-australia\/","url":"https:\/\/jackpotlotteryonline.com\/pt-pt\/comprar-tickets\/powerball-australia\/","name":"Comprar bilhetes para Powerball Australia de fora da Austr\u00e1lia","isPartOf":{"@id":"https:\/\/jackpotlotteryonline.com\/#website"},"primaryImageOfPage":{"@id":"https:\/\/jackpotlotteryonline.com\/pt-pt\/comprar-tickets\/powerball-australia\/#primaryimage"},"image":{"@id":"https:\/\/jackpotlotteryonline.com\/pt-pt\/comprar-tickets\/powerball-australia\/#primaryimage"},"thumbnailUrl":"https:\/\/jackpotlotteryonline.com\/wp-content\/uploads\/2022\/11\/logo_powerball-300x50-1.jpg","datePublished":"2022-11-10T12:41:57+00:00","dateModified":"2022-12-24T15:54:20+00:00","description":"A vers\u00e3o australiana da lotaria Powerball - pode participar se simplesmente comprar um bilhete online aqui mesmo no nosso website","breadcrumb":{"@id":"https:\/\/jackpotlotteryonline.com\/pt-pt\/comprar-tickets\/powerball-australia\/#breadcrumb"},"inLanguage":"pt-PT","potentialAction":[{"@type":"ReadAction","target":["https:\/\/jackpotlotteryonline.com\/pt-pt\/comprar-tickets\/powerball-australia\/"]}]},{"@type":"ImageObject","inLanguage":"pt-PT","@id":"https:\/\/jackpotlotteryonline.com\/pt-pt\/comprar-tickets\/powerball-australia\/#primaryimage","url":"https:\/\/jackpotlotteryonline.com\/wp-content\/uploads\/2022\/11\/logo_powerball-300x50-1.jpg","contentUrl":"https:\/\/jackpotlotteryonline.com\/wp-content\/uploads\/2022\/11\/logo_powerball-300x50-1.jpg"},{"@type":"BreadcrumbList","@id":"https:\/\/jackpotlotteryonline.com\/pt-pt\/comprar-tickets\/powerball-australia\/#breadcrumb","itemListElement":[{"@type":"ListItem","position":1,"name":"Home","item":"https:\/\/jackpotlotteryonline.com\/pt-pt\/"},{"@type":"ListItem","position":2,"name":"Como comprar bilhetes de lotaria on-line","item":"https:\/\/jackpotlotteryonline.com\/pt-pt\/comprar-tickets\/"},{"@type":"ListItem","position":3,"name":"Comprar bilhetes para Powerball Australia"}]},{"@type":"WebSite","@id":"https:\/\/jackpotlotteryonline.com\/#website","url":"https:\/\/jackpotlotteryonline.com\/","name":"Lotto Online - Crack The International Lottery Jackpots","description":"","potentialAction":[{"@type":"SearchAction","target":{"@type":"EntryPoint","urlTemplate":"https:\/\/jackpotlotteryonline.com\/?s={search_term_string}"},"query-input":"required name=search_term_string"}],"inLanguage":"pt-PT"}]}},"_links":{"self":[{"href":"https:\/\/jackpotlotteryonline.com\/pt-pt\/wp-json\/wp\/v2\/pages\/37170","targetHints":{"allow":["GET"]}}],"collection":[{"href":"https:\/\/jackpotlotteryonline.com\/pt-pt\/wp-json\/wp\/v2\/pages"}],"about":[{"href":"https:\/\/jackpotlotteryonline.com\/pt-pt\/wp-json\/wp\/v2\/types\/page"}],"author":[{"embeddable":true,"href":"https:\/\/jackpotlotteryonline.com\/pt-pt\/wp-json\/wp\/v2\/users\/1"}],"replies":[{"embeddable":true,"href":"https:\/\/jackpotlotteryonline.com\/pt-pt\/wp-json\/wp\/v2\/comments?post=37170"}],"version-history":[{"count":0,"href":"https:\/\/jackpotlotteryonline.com\/pt-pt\/wp-json\/wp\/v2\/pages\/37170\/revisions"}],"up":[{"embeddable":true,"href":"https:\/\/jackpotlotteryonline.com\/pt-pt\/wp-json\/wp\/v2\/pages\/35772"}],"wp:attachment":[{"href":"https:\/\/jackpotlotteryonline.com\/pt-pt\/wp-json\/wp\/v2\/media?parent=37170"}],"curies":[{"name":"wp","href":"https:\/\/api.w.org\/{rel}","templated":true}]}}