{"id":37225,"date":"2022-11-11T06:45:32","date_gmt":"2022-11-11T06:45:32","guid":{"rendered":"https:\/\/jackpotlotteryonline.com\/?page_id=37225"},"modified":"2022-12-24T10:44:57","modified_gmt":"2022-12-24T10:44:57","slug":"oz-lotto","status":"publish","type":"page","link":"https:\/\/jackpotlotteryonline.com\/pt-pt\/comprar-tickets\/oz-lotto\/","title":{"rendered":"Comprar bilhetes para a Oz Lotto"},"content":{"rendered":"<p>Oz Lotto \u00e9 a primeira lotaria nacional australiana. Come\u00e7ou em 1994 e tornou-se popular entre os apostadores em todo o lado devido ao generoso pr\u00e9mio do jackpot. H\u00e1 mais do que apenas o grande jackpot, o que apela aos jogadores.<\/p>\n<p>As diferentes lotarias t\u00eam as suas regras e m\u00e9todos, mas uma coisa comum \u00e9 que as probabilidades nem sempre s\u00e3o favor\u00e1veis. No entanto, este n\u00e3o \u00e9 o caso desta lotaria australiana. Se estiver \u00e0 procura de uma lotaria que tenha probabilidades incr\u00edveis, ent\u00e3o jogue nesta lotaria de Oz.<\/p>\n<p>Em geral, as lotarias est\u00e3o abertas aos residentes dos pa\u00edses onde a lotaria est\u00e1 sediada. Assim, esta lotaria est\u00e1 aberta a todos aqueles que vivem na Austr\u00e1lia. N\u00e3o \u00e9 necess\u00e1rio ser um cidad\u00e3o para participar na lotaria. Contudo, se vive fora do pa\u00eds, ter\u00e1 de comprar os seus bilhetes de lotaria online.<\/p>\n<h2>Como comprar bilhetes de lotaria da Oz Lotto em todo o mundo<\/h2>\n<p><img loading=\"lazy\" decoding=\"async\" class=\"alignright size-full wp-image-31532\" src=\"https:\/\/jackpotlotteryonline.com\/wp-content\/uploads\/2022\/11\/lottoballs.jpg\" alt=\"Oz Lotaria\" width=\"245\" height=\"123\" \/><\/p>\n<p>A forma mais conveniente e directa de obter acesso \u00e0 lotaria de Oz a partir de fora da Austr\u00e1lia \u00e9 atrav\u00e9s da Internet. Existem vendedores de lotarias online que d\u00e3o aos jogadores acesso \u00e0s principais lotarias internacionais. Estes sites fornecem uma forma leg\u00edtima para os jogadores de todo o mundo tentarem ganhar milh\u00f5es.<\/p>\n<p>A Internet oferece um mundo de possibilidades quase infinitas e nem todas s\u00e3o positivas. A procura de qualquer site de lotaria aleat\u00f3ria pode resultar em experi\u00eancias desagrad\u00e1veis. \u00c9 por isso que \u00e9 sempre uma boa ideia procurar sites de confian\u00e7a que tenham um historial com apostadores. Abaixo partilhamos dicas para o ajudar a escolher o fornecedor de lotaria certo na Internet.<\/p>\n<h2>Dicas para utilizar o site de lotaria certo<\/h2>\n<p>Utilizar apenas vendedores que estejam registados sob a lei. Um vendedor leg\u00edtimo de lotaria teria uma licen\u00e7a de funcionamento e uma sede registada. Estes detalhes devem ser exibidos no website para efeitos de autenticidade.<\/p>\n<p>Assegurar-se de que t\u00eam uma grande variedade de lotarias internacionais. N\u00e3o vale a pena registar-se num site que exibe apenas um punhado de lotarias. A principal ess\u00eancia de<a href=\"https:\/\/jackpotlotteryonline.com\/pt-pt\/como-jogar\/oz-lotto\"> jogar na lotaria na Internet<\/a> \u00e9 a acessibilidade e a conveni\u00eancia. O que \u00e9 mais conveniente do que a capacidade de participar em m\u00faltiplas lotarias internacionais, todas elas a partir de um \u00fanico local online?<\/p>\n<p>Se quiser participar na lotaria, utilize um site de concierge. Esta \u00faltima dica \u00e9 muito importante porque pode participar com o seu dinheiro sem realmente entrar na lotaria. Isto porque alguns sites de lotaria permitem que os jogadores apostem no resultado. Portanto, mesmo que os seus n\u00fameros coincidam, s\u00f3 ter\u00e1 direito a uma frac\u00e7\u00e3o do jackpot porque n\u00e3o entrou na lotaria.<\/p>\n<section class=\"layout\" style=\"border: solid 1px; width: 100%;\">\n<div class=\"img-div\" style=\"margin-top: 5px;\"><img decoding=\"async\" class=\"wp-image-17212 alignleft\" style=\"height: 45px; margin: 8px 8px 0px;\" src=\"https:\/\/jackpotlotteryonline.com\/wp-content\/uploads\/2022\/11\/read1.jpg\" alt=\"ler\" width=\"\" height=\"\" \/><\/div>\n<div style=\"padding-left: 5px;\">\n<div style=\"font-size: 1.1em;\">\n<p><strong>Os esquemas de lotaria de que deve estar ciente<\/strong><\/p>\n<p style=\"font-size: 0.85em; margin-top: -1.5em;\">N\u00e3o caia nessas armadilhas da lotaria\u00a0 <a href=\"https:\/\/jackpotlotteryonline.com\/pt-pt\/cuidado-com-as-fraudes-da-lotaria-online\"> leia mais<\/a><\/p>\n<\/div>\n<\/div>\n<\/section>\n<h2>Registe-se connosco para participar na lotaria online<\/h2>\n<p><img loading=\"lazy\" decoding=\"async\" class=\"size-medium wp-image-34403 alignright\" src=\"https:\/\/jackpotlotteryonline.com\/wp-content\/uploads\/2022\/11\/2_ticket_oz_lotto2-179x300.jpg\" alt=\"Bilhetes da Oz Lotto\" width=\"179\" height=\"300\" srcset=\"https:\/\/jackpotlotteryonline.com\/wp-content\/uploads\/2022\/11\/2_ticket_oz_lotto2-179x300.jpg 179w, https:\/\/jackpotlotteryonline.com\/wp-content\/uploads\/2022\/11\/2_ticket_oz_lotto2.jpg 250w\" sizes=\"auto, (max-width: 179px) 100vw, 179px\" \/><\/p>\n<p>Comprar bilhetes de lotaria pela Internet ou atrav\u00e9s de uma aplica\u00e7\u00e3o m\u00f3vel \u00e9 simples e sem complica\u00e7\u00f5es. Uma vez identificado o fornecedor que pretende utilizar, visite o seu site e escolha a lotaria de sua prefer\u00eancia. O passo seguinte \u00e9 escolher os seus n\u00fameros. Para a Oz Lotto, ter\u00e1 de escolher dez n\u00fameros de 1 a 47.<\/p>\n<p><a href=\"https:\/\/jackpotlotteryonline.com\/pt-pt\/numeros-vencedores\/oz-lotto\">Inscreva o sorteio e fa\u00e7a o pagamento<\/a>. O sorteio tem lugar uma vez por semana, na ter\u00e7a-feira. O interessante de jogar online \u00e9 que pode comprar v\u00e1rios bilhetes e participar em v\u00e1rios sorteios com anteced\u00eancia. Al\u00e9m disso, se n\u00e3o tiver a certeza do n\u00famero a escolher, pode facilmente utilizar um seleccionador autom\u00e1tico de n\u00fameros.<\/p>\n<p>Como j\u00e1 dissemos, jogar na lotaria atrav\u00e9s da Internet \u00e9 uma forma conveniente e sem stress de ter uma experi\u00eancia encantadora. Quer seja um apostador experiente ou um novato, pode ter uma viagem maravilhosa aqui mesmo. Os nossos servi\u00e7os de concierge d\u00e3o aos jogadores uma forma leg\u00edtima de participar na lotaria. Ao comprar-nos um bilhete de lotaria da Oz, obt\u00e9m o verdadeiro neg\u00f3cio.<\/p>\n","protected":false},"excerpt":{"rendered":"<p>Oz Lotto \u00e9 a primeira lotaria nacional australiana. Come\u00e7ou em 1994 e tornou-se popular entre os apostadores em todo o lado devido ao generoso pr\u00e9mio do jackpot. H\u00e1 mais do que apenas o grande jackpot, o que apela aos jogadores. As diferentes lotarias t\u00eam as suas regras e m\u00e9todos, mas uma coisa comum \u00e9 que [&hellip;]<\/p>\n","protected":false},"author":1,"featured_media":0,"parent":35772,"menu_order":16,"comment_status":"closed","ping_status":"closed","template":"","meta":{"_et_pb_use_builder":"","_et_pb_old_content":"","_et_gb_content_width":"","exclude_from_search":false,"footnotes":""},"class_list":["post-37225","page","type-page","status-publish","hentry"],"yoast_head":"<!-- This site is optimized with the Yoast SEO plugin v23.3 - https:\/\/yoast.com\/wordpress\/plugins\/seo\/ -->\n<title>Comprar bilhetes para a Oz Lotto de fora da Austr\u00e1lia | bilhetes para a Oz Lotto on-line<\/title>\n<meta name=\"description\" content=\"OZ Lotto \u00e9 jog\u00e1vel para si, se n\u00e3o vive na Austr\u00e1lia, podemos conseguir-lhe um bilhete legal para esta lotaria australiana online\" \/>\n<meta name=\"robots\" content=\"index, follow, max-snippet:-1, max-image-preview:large, max-video-preview:-1\" \/>\n<link rel=\"canonical\" href=\"https:\/\/jackpotlotteryonline.com\/pt-pt\/comprar-tickets\/oz-lotto\/\" \/>\n<meta property=\"og:locale\" content=\"pt_PT\" \/>\n<meta property=\"og:type\" content=\"article\" \/>\n<meta property=\"og:title\" content=\"Comprar bilhetes para a Oz Lotto de fora da Austr\u00e1lia | bilhetes para a Oz Lotto on-line\" \/>\n<meta property=\"og:description\" content=\"OZ Lotto \u00e9 jog\u00e1vel para si, se n\u00e3o vive na Austr\u00e1lia, podemos conseguir-lhe um bilhete legal para esta lotaria australiana online\" \/>\n<meta property=\"og:url\" content=\"https:\/\/jackpotlotteryonline.com\/pt-pt\/comprar-tickets\/oz-lotto\/\" \/>\n<meta property=\"og:site_name\" content=\"Lotto Online - Crack The International Lottery Jackpots\" \/>\n<meta property=\"article:modified_time\" content=\"2022-12-24T10:44:57+00:00\" \/>\n<meta property=\"og:image\" content=\"https:\/\/jackpotlotteryonline.com\/wp-content\/uploads\/2022\/11\/lottoballs.jpg\" \/>\n<meta name=\"twitter:card\" content=\"summary_large_image\" \/>\n<meta name=\"twitter:label1\" content=\"Tempo estimado de leitura\" \/>\n\t<meta name=\"twitter:data1\" content=\"4 minutos\" \/>\n<!-- \/ Yoast SEO plugin. -->","yoast_head_json":{"title":"Comprar bilhetes para a Oz Lotto de fora da Austr\u00e1lia | bilhetes para a Oz Lotto on-line","description":"OZ Lotto \u00e9 jog\u00e1vel para si, se n\u00e3o vive na Austr\u00e1lia, podemos conseguir-lhe um bilhete legal para esta lotaria australiana online","robots":{"index":"index","follow":"follow","max-snippet":"max-snippet:-1","max-image-preview":"max-image-preview:large","max-video-preview":"max-video-preview:-1"},"canonical":"https:\/\/jackpotlotteryonline.com\/pt-pt\/comprar-tickets\/oz-lotto\/","og_locale":"pt_PT","og_type":"article","og_title":"Comprar bilhetes para a Oz Lotto de fora da Austr\u00e1lia | bilhetes para a Oz Lotto on-line","og_description":"OZ Lotto \u00e9 jog\u00e1vel para si, se n\u00e3o vive na Austr\u00e1lia, podemos conseguir-lhe um bilhete legal para esta lotaria australiana online","og_url":"https:\/\/jackpotlotteryonline.com\/pt-pt\/comprar-tickets\/oz-lotto\/","og_site_name":"Lotto Online - Crack The International Lottery Jackpots","article_modified_time":"2022-12-24T10:44:57+00:00","og_image":[{"url":"https:\/\/jackpotlotteryonline.com\/wp-content\/uploads\/2022\/11\/lottoballs.jpg"}],"twitter_card":"summary_large_image","twitter_misc":{"Tempo estimado de leitura":"4 minutos"},"schema":{"@context":"https:\/\/schema.org","@graph":[{"@type":"WebPage","@id":"https:\/\/jackpotlotteryonline.com\/pt-pt\/comprar-tickets\/oz-lotto\/","url":"https:\/\/jackpotlotteryonline.com\/pt-pt\/comprar-tickets\/oz-lotto\/","name":"Comprar bilhetes para a Oz Lotto de fora da Austr\u00e1lia | bilhetes para a Oz Lotto on-line","isPartOf":{"@id":"https:\/\/jackpotlotteryonline.com\/#website"},"primaryImageOfPage":{"@id":"https:\/\/jackpotlotteryonline.com\/pt-pt\/comprar-tickets\/oz-lotto\/#primaryimage"},"image":{"@id":"https:\/\/jackpotlotteryonline.com\/pt-pt\/comprar-tickets\/oz-lotto\/#primaryimage"},"thumbnailUrl":"https:\/\/jackpotlotteryonline.com\/wp-content\/uploads\/2022\/11\/lottoballs.jpg","datePublished":"2022-11-11T06:45:32+00:00","dateModified":"2022-12-24T10:44:57+00:00","description":"OZ Lotto \u00e9 jog\u00e1vel para si, se n\u00e3o vive na Austr\u00e1lia, podemos conseguir-lhe um bilhete legal para esta lotaria australiana online","breadcrumb":{"@id":"https:\/\/jackpotlotteryonline.com\/pt-pt\/comprar-tickets\/oz-lotto\/#breadcrumb"},"inLanguage":"pt-PT","potentialAction":[{"@type":"ReadAction","target":["https:\/\/jackpotlotteryonline.com\/pt-pt\/comprar-tickets\/oz-lotto\/"]}]},{"@type":"ImageObject","inLanguage":"pt-PT","@id":"https:\/\/jackpotlotteryonline.com\/pt-pt\/comprar-tickets\/oz-lotto\/#primaryimage","url":"https:\/\/jackpotlotteryonline.com\/wp-content\/uploads\/2022\/11\/lottoballs.jpg","contentUrl":"https:\/\/jackpotlotteryonline.com\/wp-content\/uploads\/2022\/11\/lottoballs.jpg"},{"@type":"BreadcrumbList","@id":"https:\/\/jackpotlotteryonline.com\/pt-pt\/comprar-tickets\/oz-lotto\/#breadcrumb","itemListElement":[{"@type":"ListItem","position":1,"name":"Home","item":"https:\/\/jackpotlotteryonline.com\/pt-pt\/"},{"@type":"ListItem","position":2,"name":"Como comprar bilhetes de lotaria on-line","item":"https:\/\/jackpotlotteryonline.com\/pt-pt\/comprar-tickets\/"},{"@type":"ListItem","position":3,"name":"Comprar bilhetes para a Oz Lotto"}]},{"@type":"WebSite","@id":"https:\/\/jackpotlotteryonline.com\/#website","url":"https:\/\/jackpotlotteryonline.com\/","name":"Lotto Online - Crack The International Lottery Jackpots","description":"","potentialAction":[{"@type":"SearchAction","target":{"@type":"EntryPoint","urlTemplate":"https:\/\/jackpotlotteryonline.com\/?s={search_term_string}"},"query-input":"required name=search_term_string"}],"inLanguage":"pt-PT"}]}},"_links":{"self":[{"href":"https:\/\/jackpotlotteryonline.com\/pt-pt\/wp-json\/wp\/v2\/pages\/37225","targetHints":{"allow":["GET"]}}],"collection":[{"href":"https:\/\/jackpotlotteryonline.com\/pt-pt\/wp-json\/wp\/v2\/pages"}],"about":[{"href":"https:\/\/jackpotlotteryonline.com\/pt-pt\/wp-json\/wp\/v2\/types\/page"}],"author":[{"embeddable":true,"href":"https:\/\/jackpotlotteryonline.com\/pt-pt\/wp-json\/wp\/v2\/users\/1"}],"replies":[{"embeddable":true,"href":"https:\/\/jackpotlotteryonline.com\/pt-pt\/wp-json\/wp\/v2\/comments?post=37225"}],"version-history":[{"count":0,"href":"https:\/\/jackpotlotteryonline.com\/pt-pt\/wp-json\/wp\/v2\/pages\/37225\/revisions"}],"up":[{"embeddable":true,"href":"https:\/\/jackpotlotteryonline.com\/pt-pt\/wp-json\/wp\/v2\/pages\/35772"}],"wp:attachment":[{"href":"https:\/\/jackpotlotteryonline.com\/pt-pt\/wp-json\/wp\/v2\/media?parent=37225"}],"curies":[{"name":"wp","href":"https:\/\/api.w.org\/{rel}","templated":true}]}}