{"id":37281,"date":"2022-11-11T08:48:35","date_gmt":"2022-11-11T08:48:35","guid":{"rendered":"https:\/\/jackpotlotteryonline.com\/?page_id=37281"},"modified":"2022-12-24T21:13:49","modified_gmt":"2022-12-24T21:13:49","slug":"saturday-lotto","status":"publish","type":"page","link":"https:\/\/jackpotlotteryonline.com\/pt-pt\/comprar-tickets\/saturday-lotto\/","title":{"rendered":"Comprar bilhetes para a Saturday Lotto Australia"},"content":{"rendered":"<p>A Austr\u00e1lia tem muitas lotarias como a Wednesday Lotto, Powerball e Saturday Lotto Australia. A lotaria de S\u00e1bado \u00e9 popular entre os jogadores e d\u00e1 \u00e0s pessoas algo com que se podem contar todas as semanas. Quando esta lotaria come\u00e7ou, apenas os jogadores de Oz podiam participar nela. Felizmente, os apostadores em todo o mundo podem agora participar na lotaria de S\u00e1bado.<\/p>\n<p>Ent\u00e3o, como se compram bilhetes para a lotaria de s\u00e1bado fora do pa\u00eds? Porque n\u00e3o continuar a ler para descobrir? Vamos lev\u00e1-lo atrav\u00e9s do processo e responder a quaisquer perguntas que tenha. Para aqueles que n\u00e3o est\u00e3o familiarizados com esta lotaria, tamb\u00e9m vamos levar algum tempo a falar sobre o assunto. Esperamos que, quando terminar a leitura, esteja ansioso por comprar bilhetes para esta lotaria.<\/p>\n<h2>O que \u00e9 o Saturday Lotto Australia<\/h2>\n<p>Esta \u00e9 uma lotaria que foi introduzida no pa\u00eds em 1972 e se tornou agora uma das lotarias favoritas dos apostadores. Conhecida como Tatts lotto, X lotto e Gold lotto em algumas partes do pa\u00eds, \u00e9 gerida pelo grupo da lotaria Tatts.<\/p>\n<p>Esta lotaria tem seis divis\u00f5es de pr\u00e9mios e falaremos sobre elas dentro de pouco tempo. A lotaria de s\u00e1bado tem um jackpot inicial de AUD$5 milh\u00f5es. O espantoso \u00e9 que as probabilidades de ganhar o jackpot s\u00e3o realmente boas. Ao contr\u00e1rio de outras lotarias, um jogador s\u00f3 tem de igualar os n\u00fameros principais para ganhar o jackpot.<\/p>\n<p>Existem n\u00fameros suplementares, mas estes s\u00e3o utilizados para determinar os vencedores das outras divis\u00f5es de pr\u00e9mios. Diz muito que, apesar de haver uma lotaria para quase todos os dias da semana, os australianos s\u00e3o sorteados para esta. Abaixo falaremos sobre como jogar nesta lotaria e as diferentes divis\u00f5es de pr\u00e9mios.<\/p>\n<h2>Como apostar na lotaria de s\u00e1bado<\/h2>\n<p><img loading=\"lazy\" decoding=\"async\" class=\"alignright size-full wp-image-35132\" src=\"https:\/\/jackpotlotteryonline.com\/wp-content\/uploads\/2022\/11\/2_ticket_saturday_lotto_au2-1-180x300-1.jpg\" alt=\"bilhete de lotaria de s\u00e1bado\" width=\"180\" height=\"300\" \/><\/p>\n<p>Para <a href=\"https:\/\/jackpotlotteryonline.com\/pt-pt\/como-jogar\/saturday-lotto\">jogar nesta lotaria<\/a>, um jogador precisa de escolher 6 n\u00fameros principais entre 1 e 45. Depois, 2 n\u00fameros suplementares de 1 a 6. Os n\u00fameros suplementares n\u00e3o s\u00e3o utilizados para determinar o jackpot. Tudo o que um jogador tem de fazer \u00e9 igualar os oito n\u00fameros sorteados para ganhar o jackpot.<\/p>\n<p>Durante os sorteios, seis bolas s\u00e3o escolhidas aleatoriamente de um barril que tem 45 bolas. Os n\u00fameros dessas bolas s\u00e3o os n\u00fameros vencedores, e qualquer bilhete que corresponda a esses n\u00fameros \u00e9 o bilhete vencedor. Em seguida, duas outras bolas s\u00e3o escolhidas de outro barril que tenha seis bolas. Estes s\u00e3o os n\u00fameros suplementares que s\u00e3o utilizados para determinar as outras categorias de pr\u00e9mios.<\/p>\n<p>Como o nome sugere, os sorteios t\u00eam lugar no s\u00e1bado de cada semana. Os sorteios fecham no s\u00e1bado pelas 19:25 AEST. Os jogadores que que queiram participar no sorteio dessa semana t\u00eam de comprar os seus bilhetes antes da hora de encerramento.<\/p>\n<h2>Divis\u00f5es de Pr\u00e9mios<\/h2>\n<p>A lotaria Tatts tem oito divis\u00f5es de pr\u00e9mios. Quando compra um bilhete para esta lotaria, tem a oportunidade de participar em qualquer uma destas categorias de pr\u00e9mios. A combina\u00e7\u00e3o vencedora para cada divis\u00e3o \u00e9 indicada abaixo.<\/p>\n<p>Divis\u00e3o 1 (Jackpot) &#8211; Combine 6 n\u00fameros principais<br \/>\nDivis\u00e3o 2 &#8211; Combine quaisquer 5 n\u00fameros principais + 1 n\u00famero suplementar<br \/>\nDivis\u00e3o 3 &#8211; Mar\u00e7o quaisquer 5 n\u00fameros principais<br \/>\nDivis\u00e3o 4 &#8211; Combine quaisquer 4 n\u00fameros principais<br \/>\nDivis\u00e3o 5 &#8211; Combine quaisquer 3 n\u00fameros principais + 1 n\u00famero suplementar<br \/>\nDivis\u00e3o 6 &#8211; Combine quaisquer 3 n\u00fameros principais<\/p>\n<p>Os organizadores tornaram poss\u00edvel que os jogadores ganhassem esta lotaria. As probabilidades s\u00e3o grandes e com um jackpot de AUD 5 milh\u00f5es, \u00e9 de admirar que os jogadores adorem a lotaria de s\u00e1bado? Se ainda n\u00e3o o fizeram, esta \u00e9 uma boa altura para pensar em comprar um bilhete.<\/p>\n<h2>Vencedores anteriores<\/h2>\n<p>Antes de partilharmos consigo como comprar bilhetes para esta lotaria fora de Oz, pode ser uma boa ideia falarmos sobre vencedores anteriores. Ao longo dos anos, tem havido muitos vencedores, por isso vamos apenas escolher alguns vencedores recentes e esperamos que se sinta inspirado.<\/p>\n<p>O primeiro da nossa lista \u00e9 uma m\u00e3e australiana que optou por permanecer an\u00f3nima. Ela ganhou o jackpot de s\u00e1bado juntamente com outro vencedor. De acordo com os relat\u00f3rios, levou duas semanas at\u00e9 se aperceber que tinha ganho o jackpot. Se ela tivesse esperado muito mais tempo, n\u00e3o teria podido reclamar o seu pr\u00e9mio. Felizmente, ela voltou para verificar e descobriu que tinha ganho.<\/p>\n<p>Outro vencedor \u00e9 um homem que tinha jogado na lotaria de s\u00e1bado durante v\u00e1rios anos com os mesmos n\u00fameros. A sua tenacidade valeu a pena e ganhou o jackpot. Muitos vencedores da lotaria dizem que tinham jogado durante anos antes de ganharem a lotaria. Por vezes, \u00e9 preciso f\u00e9 e consist\u00eancia para obter os resultados que se quer.<\/p>\n<section class=\"layout\" style=\"border: solid 1px; width: 100%;\">\n<div class=\"img-div\" style=\"margin-top: 5px;\"><img decoding=\"async\" class=\"wp-image-17212 alignleft\" style=\"height: 45px; margin: 8px 8px 0px;\" src=\"https:\/\/jackpotlotteryonline.com\/wp-content\/uploads\/2022\/11\/read1.jpg\" alt=\"ler\" width=\"\" height=\"\" \/><\/div>\n<div style=\"padding-left: 5px;\">\n<div style=\"font-size: 1.1em;\">\n<p><strong>Alguns vencedores da lotaria devolveram \u00e0 comunidade<\/strong><\/p>\n<p style=\"font-size: 0.85em; margin-top: -1.5em;\">Algumas hist\u00f3rias interessantes e emocionantes sobre os vencedores da lotaria que retribuem\u00a0 <a href=\"https:\/\/jackpotlotteryonline.com\/pt-pt\/historias-sobre-lotaria-vencedores-giving-back\"> leia mais<\/a><\/p>\n<\/div>\n<\/div>\n<\/section>\n<h2>Comprar bilhetes de fora da Austr\u00e1lia<\/h2>\n<p>Ent\u00e3o, se n\u00e3o vive na bela terra de Oz, como pode comprar bilhetes para a Lotaria de S\u00e1bado? Antes da Internet, teria sido imposs\u00edvel ou muito dif\u00edcil, no m\u00ednimo. Mas gra\u00e7as \u00e0 Internet, pode comprar os seus bilhetes de lotaria Tatts online.<\/p>\n<p>H\u00e1 vendedores de lotarias on-line que permitem aos jogadores comprar bilhetes para as principais lotarias internacionais. Estes vendedores gerem o que \u00e9 conhecido como um servi\u00e7o de concierge que ajuda os jogadores a comprar bilhetes de lotaria em qualquer pa\u00eds. Quando se inscreve com estes sites, pode facilmente entrar na lotaria de s\u00e1bado e reclamar quaisquer ganhos.<\/p>\n<p>No jackpotlotteryonline.com gerimos um servi\u00e7o de concierge que proporciona uma experi\u00eancia sem falhas aos nossos utilizadores. Quando se inscreve connosco, pode facilmente comprar o seu bilhete para a lotaria de s\u00e1bado e para muitas outras lotarias internacionais. Preocupado com a forma de reclamar o seu pr\u00e9mio se ganhar? Basta retirar o seu pr\u00e9mio da nossa plataforma com zero complica\u00e7\u00f5es.<\/p>\n<h2>Perguntas Frequentes<\/h2>\n<p><img loading=\"lazy\" decoding=\"async\" class=\"wp-image-29264 alignright\" src=\"https:\/\/jackpotlotteryonline.com\/wp-content\/uploads\/2022\/11\/1_play_online_lotto-300x300.jpg\" alt=\"Online Saturday Lotto Australia\" width=\"235\" height=\"235\" srcset=\"https:\/\/jackpotlotteryonline.com\/wp-content\/uploads\/2022\/11\/1_play_online_lotto-300x300.jpg 300w, https:\/\/jackpotlotteryonline.com\/wp-content\/uploads\/2022\/11\/1_play_online_lotto-100x100.jpg 100w, https:\/\/jackpotlotteryonline.com\/wp-content\/uploads\/2022\/11\/1_play_online_lotto-150x150.jpg 150w, https:\/\/jackpotlotteryonline.com\/wp-content\/uploads\/2022\/11\/1_play_online_lotto.jpg 480w\" sizes=\"auto, (max-width: 235px) 100vw, 235px\" \/><\/p>\n<p>Sabemos que h\u00e1 provavelmente v\u00e1rias quest\u00f5es que lhe correm pela mente. N\u00e3o faz mal, estamos aqui para responder \u00e0s suas perguntas. Tentaremos cobrir tudo aqui, mas se ainda tiver alguma preocupa\u00e7\u00e3o, sinta-se \u00e0 vontade para chegar at\u00e9 si. Ficaremos sempre contentes por ouvir de si. Faremos tudo o que estiver ao nosso alcance para o ajudar na sua viagem para se tornar um vencedor da lotaria.<\/p>\n<h2>Posso comprar bilhetes de lotaria online?<\/h2>\n<p>Sim, pode comprar bilhetes de lotaria online e \u00e9 perfeitamente legal. Certifique-se de utilizar um vendedor de lotaria de confian\u00e7a para garantir que est\u00e1 a participar na lotaria. Muitos grupos de lotaria t\u00eam websites. No entanto, se quiser jogar em mais do que uma lotaria, ent\u00e3o seria melhor registar-se num vendedor de lotarias. Especificamente, um que d\u00e1 acesso a v\u00e1rias outras lotarias.<\/p>\n<h2>Como posso comprar um bilhete?<\/h2>\n<p>Comprar um bilhete de lotaria \u00e9 f\u00e1cil quando est\u00e1 registado connosco. Basta escolher os seus n\u00fameros e participar no sorteio. Pode comprar v\u00e1rios bilhetes para aumentar as suas hip\u00f3teses de ganhar um pr\u00e9mio. Tudo depende de si. Se n\u00e3o tiver a certeza do n\u00famero a escolher, ent\u00e3o o seleccionador autom\u00e1tico pode fazer o trabalho por si. Trabalhamos arduamente para assegurar que o processo \u00e9 f\u00e1cil e intuitivo para os jogadores.<\/p>\n<h2>O que \u00e9 exactamente um servi\u00e7o de concierge?<\/h2>\n<p>Estamos satisfeitos por ter perguntado. Quando dizemos que gerimos um servi\u00e7o de concierge, isso significa que temos agentes em diferentes pa\u00edses, incluindo a Austr\u00e1lia. Quando nos compra o seu bilhete de lotaria, os nossos agentes saem e compram um bilhete f\u00edsico com os n\u00fameros correspondentes. Isso significa que, onde quer que esteja, \u00e9 inscrito na lotaria.<\/p>\n<h2>Como \u00e9 que eu ganho?<\/h2>\n<p>Para ganhar esta lotaria australiana, tudo o que precisa de fazer \u00e9 igualar os seis n\u00fameros principais sorteados e tornar-se o vencedor do jackpot. N\u00e3o tem de acertar os n\u00fameros suplementares, pois s\u00e3o utilizados para determinar os pr\u00e9mios nas Divis\u00f5es 2 e 5.<\/p>\n<h2>Como posso verificar os resultados?<\/h2>\n<p>Ap\u00f3s cada sorteio, afixamos os resultados aqui mesmo no jackpotlotteryonline.com. Para a lotaria de s\u00e1bado, basta visitar a <a href=\"https:\/\/jackpotlotteryonline.com\/pt-pt\/numeros-vencedores\/saturday-lotto\">p\u00e1gina do sorteio da lotaria de s\u00e1bado<\/a> ap\u00f3s os sorteios de s\u00e1bado para encontrar os resultados.<\/p>\n<h2>E se eu me esquecer de verificar os resultados?<\/h2>\n<p>Esta \u00e9 a melhor parte. Quando nos compra, n\u00e3o importa se se esquece de verificar os resultados da lotaria porque temos as suas costas. Se ganhar um pr\u00e9mio, enviar-lhe-emos uma mensagem no seu tablier, assim como um e-mail para o alertar. Quando nos compra um bilhete de lotaria, sabe que est\u00e1 coberto.<\/p>\n<h2>Ganhei, e agora?<\/h2>\n<p>Bem, se ganhou a lotaria, antes de mais nada, parab\u00e9ns! Estamos entusiasmados por si. Se se tiver registado connosco, ent\u00e3o o passo seguinte \u00e9 simples. V\u00e1 ao seu tablier e retire os seus fundos atrav\u00e9s dos m\u00e9todos dispon\u00edveis. \u00c9 t\u00e3o f\u00e1cil quanto isso.<\/p>\n<h2>Registe-se connosco hoje!<\/h2>\n<p>Jogar na lotaria \u00e9 divertido e, d\u00e1 aos jogadores algo com que se podem contar todas as semanas. A lotaria de s\u00e1bado tem um bom jackpot e probabilidades favor\u00e1veis, tornando-a ideal tanto para apostadores novos como antigos. Agora, j\u00e1 n\u00e3o se restringe aos australianos, uma vez que as pessoas em todo o lado podem agora comprar bilhetes para a lotaria.<\/p>\n<p>Se est\u00e1 \u00e0 procura de um jogo interessante para jogar, porque n\u00e3o experimentar a lotaria Tatts? Onde quer que esteja, pode comprar um bilhete para esta lotaria, registando-se connosco. compre v\u00e1rias entradas e participe em v\u00e1rios sorteios com anteced\u00eancia e com facilidade. O nosso trabalho \u00e9 permitir-lhe jogar nas lotarias da sua escolha com o m\u00ednimo de stress.<\/p>\n<p>Relaxe e divirta-se enquanto joga, nunca se sabe se este seria o dia em que ganharia em grande. Porque n\u00e3o comprar acesso \u00e0 lotaria inscrevendo-se hoje connosco?<\/p>\n","protected":false},"excerpt":{"rendered":"<p>A Austr\u00e1lia tem muitas lotarias como a Wednesday Lotto, Powerball e Saturday Lotto Australia. A lotaria de S\u00e1bado \u00e9 popular entre os jogadores e d\u00e1 \u00e0s pessoas algo com que se podem contar todas as semanas. Quando esta lotaria come\u00e7ou, apenas os jogadores de Oz podiam participar nela. Felizmente, os apostadores em todo o mundo [&hellip;]<\/p>\n","protected":false},"author":1,"featured_media":0,"parent":35772,"menu_order":18,"comment_status":"closed","ping_status":"closed","template":"saturday-lotto-info.php","meta":{"_et_pb_use_builder":"","_et_pb_old_content":"","_et_gb_content_width":"","exclude_from_search":false,"footnotes":""},"class_list":["post-37281","page","type-page","status-publish","hentry"],"yoast_head":"<!-- This site is optimized with the Yoast SEO plugin v23.3 - https:\/\/yoast.com\/wordpress\/plugins\/seo\/ -->\n<title>Comprar bilhetes para a Saturday Lotto Australia de fora da Austr\u00e1lia<\/title>\n<meta name=\"description\" content=\"A popular lotaria australiana de s\u00e1bado tem grandes jackpots. Jogadores de qualquer lugar podem agora comprar um bilhete para a lotaria de S\u00e1bado online\" \/>\n<meta name=\"robots\" content=\"index, follow, max-snippet:-1, max-image-preview:large, max-video-preview:-1\" \/>\n<link rel=\"canonical\" href=\"https:\/\/jackpotlotteryonline.com\/pt-pt\/comprar-tickets\/saturday-lotto\/\" \/>\n<meta property=\"og:locale\" content=\"pt_PT\" \/>\n<meta property=\"og:type\" content=\"article\" \/>\n<meta property=\"og:title\" content=\"Comprar bilhetes para a Saturday Lotto Australia de fora da Austr\u00e1lia\" \/>\n<meta property=\"og:description\" content=\"A popular lotaria australiana de s\u00e1bado tem grandes jackpots. Jogadores de qualquer lugar podem agora comprar um bilhete para a lotaria de S\u00e1bado online\" \/>\n<meta property=\"og:url\" content=\"https:\/\/jackpotlotteryonline.com\/pt-pt\/comprar-tickets\/saturday-lotto\/\" \/>\n<meta property=\"og:site_name\" content=\"Lotto Online - Crack The International Lottery Jackpots\" \/>\n<meta property=\"article:modified_time\" content=\"2022-12-24T21:13:49+00:00\" \/>\n<meta property=\"og:image\" content=\"https:\/\/jackpotlotteryonline.com\/wp-content\/uploads\/2022\/11\/2_ticket_saturday_lotto_au2-1-180x300-1.jpg\" \/>\n<meta name=\"twitter:card\" content=\"summary_large_image\" \/>\n<meta name=\"twitter:label1\" content=\"Tempo estimado de leitura\" \/>\n\t<meta name=\"twitter:data1\" content=\"8 minutos\" \/>\n<!-- \/ Yoast SEO plugin. -->","yoast_head_json":{"title":"Comprar bilhetes para a Saturday Lotto Australia de fora da Austr\u00e1lia","description":"A popular lotaria australiana de s\u00e1bado tem grandes jackpots. Jogadores de qualquer lugar podem agora comprar um bilhete para a lotaria de S\u00e1bado online","robots":{"index":"index","follow":"follow","max-snippet":"max-snippet:-1","max-image-preview":"max-image-preview:large","max-video-preview":"max-video-preview:-1"},"canonical":"https:\/\/jackpotlotteryonline.com\/pt-pt\/comprar-tickets\/saturday-lotto\/","og_locale":"pt_PT","og_type":"article","og_title":"Comprar bilhetes para a Saturday Lotto Australia de fora da Austr\u00e1lia","og_description":"A popular lotaria australiana de s\u00e1bado tem grandes jackpots. Jogadores de qualquer lugar podem agora comprar um bilhete para a lotaria de S\u00e1bado online","og_url":"https:\/\/jackpotlotteryonline.com\/pt-pt\/comprar-tickets\/saturday-lotto\/","og_site_name":"Lotto Online - Crack The International Lottery Jackpots","article_modified_time":"2022-12-24T21:13:49+00:00","og_image":[{"url":"https:\/\/jackpotlotteryonline.com\/wp-content\/uploads\/2022\/11\/2_ticket_saturday_lotto_au2-1-180x300-1.jpg"}],"twitter_card":"summary_large_image","twitter_misc":{"Tempo estimado de leitura":"8 minutos"},"schema":{"@context":"https:\/\/schema.org","@graph":[{"@type":"WebPage","@id":"https:\/\/jackpotlotteryonline.com\/pt-pt\/comprar-tickets\/saturday-lotto\/","url":"https:\/\/jackpotlotteryonline.com\/pt-pt\/comprar-tickets\/saturday-lotto\/","name":"Comprar bilhetes para a Saturday Lotto Australia de fora da Austr\u00e1lia","isPartOf":{"@id":"https:\/\/jackpotlotteryonline.com\/#website"},"primaryImageOfPage":{"@id":"https:\/\/jackpotlotteryonline.com\/pt-pt\/comprar-tickets\/saturday-lotto\/#primaryimage"},"image":{"@id":"https:\/\/jackpotlotteryonline.com\/pt-pt\/comprar-tickets\/saturday-lotto\/#primaryimage"},"thumbnailUrl":"https:\/\/jackpotlotteryonline.com\/wp-content\/uploads\/2022\/11\/2_ticket_saturday_lotto_au2-1-180x300-1.jpg","datePublished":"2022-11-11T08:48:35+00:00","dateModified":"2022-12-24T21:13:49+00:00","description":"A popular lotaria australiana de s\u00e1bado tem grandes jackpots. Jogadores de qualquer lugar podem agora comprar um bilhete para a lotaria de S\u00e1bado online","breadcrumb":{"@id":"https:\/\/jackpotlotteryonline.com\/pt-pt\/comprar-tickets\/saturday-lotto\/#breadcrumb"},"inLanguage":"pt-PT","potentialAction":[{"@type":"ReadAction","target":["https:\/\/jackpotlotteryonline.com\/pt-pt\/comprar-tickets\/saturday-lotto\/"]}]},{"@type":"ImageObject","inLanguage":"pt-PT","@id":"https:\/\/jackpotlotteryonline.com\/pt-pt\/comprar-tickets\/saturday-lotto\/#primaryimage","url":"https:\/\/jackpotlotteryonline.com\/wp-content\/uploads\/2022\/11\/2_ticket_saturday_lotto_au2-1-180x300-1.jpg","contentUrl":"https:\/\/jackpotlotteryonline.com\/wp-content\/uploads\/2022\/11\/2_ticket_saturday_lotto_au2-1-180x300-1.jpg"},{"@type":"BreadcrumbList","@id":"https:\/\/jackpotlotteryonline.com\/pt-pt\/comprar-tickets\/saturday-lotto\/#breadcrumb","itemListElement":[{"@type":"ListItem","position":1,"name":"Home","item":"https:\/\/jackpotlotteryonline.com\/pt-pt\/"},{"@type":"ListItem","position":2,"name":"Como comprar bilhetes de lotaria on-line","item":"https:\/\/jackpotlotteryonline.com\/pt-pt\/comprar-tickets\/"},{"@type":"ListItem","position":3,"name":"Comprar bilhetes para a Saturday Lotto Australia"}]},{"@type":"WebSite","@id":"https:\/\/jackpotlotteryonline.com\/#website","url":"https:\/\/jackpotlotteryonline.com\/","name":"Lotto Online - Crack The International Lottery Jackpots","description":"","potentialAction":[{"@type":"SearchAction","target":{"@type":"EntryPoint","urlTemplate":"https:\/\/jackpotlotteryonline.com\/?s={search_term_string}"},"query-input":"required name=search_term_string"}],"inLanguage":"pt-PT"}]}},"_links":{"self":[{"href":"https:\/\/jackpotlotteryonline.com\/pt-pt\/wp-json\/wp\/v2\/pages\/37281","targetHints":{"allow":["GET"]}}],"collection":[{"href":"https:\/\/jackpotlotteryonline.com\/pt-pt\/wp-json\/wp\/v2\/pages"}],"about":[{"href":"https:\/\/jackpotlotteryonline.com\/pt-pt\/wp-json\/wp\/v2\/types\/page"}],"author":[{"embeddable":true,"href":"https:\/\/jackpotlotteryonline.com\/pt-pt\/wp-json\/wp\/v2\/users\/1"}],"replies":[{"embeddable":true,"href":"https:\/\/jackpotlotteryonline.com\/pt-pt\/wp-json\/wp\/v2\/comments?post=37281"}],"version-history":[{"count":0,"href":"https:\/\/jackpotlotteryonline.com\/pt-pt\/wp-json\/wp\/v2\/pages\/37281\/revisions"}],"up":[{"embeddable":true,"href":"https:\/\/jackpotlotteryonline.com\/pt-pt\/wp-json\/wp\/v2\/pages\/35772"}],"wp:attachment":[{"href":"https:\/\/jackpotlotteryonline.com\/pt-pt\/wp-json\/wp\/v2\/media?parent=37281"}],"curies":[{"name":"wp","href":"https:\/\/api.w.org\/{rel}","templated":true}]}}