{"id":37775,"date":"2022-11-15T08:39:31","date_gmt":"2022-11-15T08:39:31","guid":{"rendered":"https:\/\/jackpotlotteryonline.com\/?page_id=37775"},"modified":"2022-11-15T08:39:31","modified_gmt":"2022-11-15T08:39:31","slug":"faq","status":"publish","type":"page","link":"https:\/\/jackpotlotteryonline.com\/pt-pt\/faq\/","title":{"rendered":"FAQ"},"content":{"rendered":"<h2>Lotaria Online FAQ<\/h2>\n<p>Daremos aqui respostas \u00e0s perguntas mais frequentes sobre a lotaria online e os jackpots da lotaria online. Jogar nas lotarias online \u00e9 a forma mais conveniente e f\u00e1cil de colocar as m\u00e3os naqueles grandes jackpots internacionais da lotaria.<\/p>\n<h2>Como \u00e9 que funciona?<\/h2>\n<p>Actuamos como um servi\u00e7o de mensageiro entre si e as v\u00e1rias lotarias. Compramos o bilhete em seu nome e em seu nome, depois digitalizamos o seu novo bilhete e carregamos o scan para a sua conta de cliente, enviamos-lhe uma mensagem quando ganha, e ajudamos-lhe a obter o seu dinheiro quando tamb\u00e9m ganha.<\/p>\n<h2>Quais s\u00e3o as vantagens de jogar atrav\u00e9s de n\u00f3s?<\/h2>\n<ul>\n<li>n\u00e3o h\u00e1 necessidade de ir a uma loja de lotaria. Pode jogar facilmente a partir de casa ou do seu escrit\u00f3rio<\/li>\n<li>pode pagar online, por exemplo atrav\u00e9s de cart\u00e3o de cr\u00e9dito ou por outros meios<\/li>\n<li>os seus ganhos na lotaria at\u00e9 2500 euros ser\u00e3o creditados na sua conta<\/li>\n<li>se ganhar mais de 2500 euros, ajud\u00e1-lo-emos a obter o seu dinheiro, sem custos<\/li>\n<li>n\u00e3o h\u00e1 custos adicionais se ganhar dinheiro.<\/li>\n<\/ul>\n<p><strong>Quem pode jogar nas lotarias?<\/strong><\/p>\n<p>Qualquer pessoa com mais de 18 anos de idade pode jogar na lotaria.<\/p>\n<p><strong>Posso jogar na lotaria a partir de um pa\u00eds estrangeiro?<\/strong><\/p>\n<p>Sim, pode. N\u00e3o importa em que pa\u00eds reside, pode jogar em qualquer lotaria e jackpot da lotaria em qualquer pa\u00eds da sua escolha.<\/p>\n<p><strong>Posso escolher os meus pr\u00f3prios n\u00fameros da lotaria?<\/strong><\/p>\n<p>Sim. Pode escolher os n\u00fameros que desejar, ou pode convenientemente pedir ao computador que escolha os seus n\u00fameros ao acaso.<\/p>\n<p><strong>Como \u00e9 que vou receber o meu bilhete de lotaria?<\/strong><\/p>\n<p>Depois de o seu pagamento ter sido processado, enviaremos por e-mail uma confirma\u00e7\u00e3o de compra. Os n\u00fameros que escolheu podem ser vistos na sua conta. Pouco tempo depois, poder\u00e1 tamb\u00e9m ver o bilhete digitalizado na sua conta.<\/p>\n<p><strong>Como posso pagar o meu bilhete de lotaria ou bilhete?<\/strong><\/p>\n<p>Existem v\u00e1rias op\u00e7\u00f5es de pagamento \u00e0 sua disposi\u00e7\u00e3o, entre as quais o pagamento por cart\u00e3o de cr\u00e9dito, transfer\u00eancia banc\u00e1ria, v\u00e1rias moedas criptogr\u00e1ficas, e muito mais.<\/p>\n<p><strong>Aceitam uma parte dos meus ganhos?<\/strong><\/p>\n<p>N\u00e3o. Todos os pr\u00e9mios da lotaria ser-lhe-\u00e3o pagos na totalidade, sem dedu\u00e7\u00e3o de quaisquer taxas.<\/p>\n<p><strong>Quando posso fazer a minha encomenda de um bilhete de lotaria?<\/strong><\/p>\n<p>Para participar numa lotaria, deve encomendar o seu bilhete pelo menos 2 horas antes do sorteio. Isto permite-nos processar a sua encomenda do bilhete de lotaria.<\/p>\n<p><strong>Como posso saber se ganhei?<\/strong><\/p>\n<p>Se ganhar, enviar-lhe-emos um e-mail a comunicar-lhe o seu ganho. Al\u00e9m disso, os n\u00fameros vencedores de todas as lotarias ser\u00e3o publicados no nosso website.<\/p>\n<p><strong>Como \u00e9 que recebo o meu dinheiro se ganhar?<\/strong><\/p>\n<p>Se ganhar uma quantia inferior a 2500 euros, ent\u00e3o o dinheiro ser\u00e1 creditado na sua conta de jogador. Para qualquer montante ganho superior a 2500 euros, enviar-lhe-emos um formul\u00e1rio de reclama\u00e7\u00e3o que ter\u00e1 de preencher. Ter\u00e1 de se identificar e depois processaremos o seu pedido de reembolso \u00e0 empresa lot\u00e9rica. A empresa de lotaria emitir\u00e1 ent\u00e3o um cheque para si. Note que algumas empresas de lotaria exigem que reclame pessoalmente os seus ganhos se ganhar um pr\u00e9mio do jackpot.<\/p>\n<p><strong>Trata-se de um servi\u00e7o legal?<\/strong><\/p>\n<p>Sim, \u00e9. Uma vez que o nosso \u00e9 apenas um servi\u00e7o de mensageiro, este \u00e9 perfeitamente legal.<\/p>\n<p><strong>Como \u00e9 que sei que um bilhete de lotaria est\u00e1 a ser comprado em meu nome?<\/strong><\/p>\n<p>Depois de ter pago o seu bilhete de lotaria, receber\u00e1 uma confirma\u00e7\u00e3o de pagamento. Desde que o seu bilhete de lotaria esteja activo, receber\u00e1 uma notifica\u00e7\u00e3o por e-mail e, ap\u00f3s o login, poder\u00e1 ver os seus bilhetes na sua \u00e1rea de cliente no nosso website.<\/p>\n","protected":false},"excerpt":{"rendered":"<p>Lotaria Online FAQ Daremos aqui respostas \u00e0s perguntas mais frequentes sobre a lotaria online e os jackpots da lotaria online. Jogar nas lotarias online \u00e9 a forma mais conveniente e f\u00e1cil de colocar as m\u00e3os naqueles grandes jackpots internacionais da lotaria. Como \u00e9 que funciona? Actuamos como um servi\u00e7o de mensageiro entre si e as [&hellip;]<\/p>\n","protected":false},"author":1,"featured_media":0,"parent":0,"menu_order":6,"comment_status":"closed","ping_status":"closed","template":"","meta":{"_et_pb_use_builder":"","_et_pb_old_content":"","_et_gb_content_width":"","exclude_from_search":false,"footnotes":""},"class_list":["post-37775","page","type-page","status-publish","hentry"],"yoast_head":"<!-- This site is optimized with the Yoast SEO plugin v23.3 - https:\/\/yoast.com\/wordpress\/plugins\/seo\/ -->\n<title>Lotaria FAQ | Perguntas frequentes sobre o Lotto online<\/title>\n<meta name=\"description\" content=\"Encontre aqui respostas \u00e0s perguntas mais frequentes sobre a lotaria online, bem como os melhores servi\u00e7os\" \/>\n<meta name=\"robots\" content=\"index, follow, max-snippet:-1, max-image-preview:large, max-video-preview:-1\" \/>\n<link rel=\"canonical\" href=\"https:\/\/jackpotlotteryonline.com\/pt-pt\/faq\/\" \/>\n<meta property=\"og:locale\" content=\"pt_PT\" \/>\n<meta property=\"og:type\" content=\"article\" \/>\n<meta property=\"og:title\" content=\"Lotaria FAQ | Perguntas frequentes sobre o Lotto online\" \/>\n<meta property=\"og:description\" content=\"Encontre aqui respostas \u00e0s perguntas mais frequentes sobre a lotaria online, bem como os melhores servi\u00e7os\" \/>\n<meta property=\"og:url\" content=\"https:\/\/jackpotlotteryonline.com\/pt-pt\/faq\/\" \/>\n<meta property=\"og:site_name\" content=\"Lotto Online - Crack The International Lottery Jackpots\" \/>\n<meta name=\"twitter:card\" content=\"summary_large_image\" \/>\n<meta name=\"twitter:label1\" content=\"Tempo estimado de leitura\" \/>\n\t<meta name=\"twitter:data1\" content=\"3 minutos\" \/>\n<!-- \/ Yoast SEO plugin. -->","yoast_head_json":{"title":"Lotaria FAQ | Perguntas frequentes sobre o Lotto online","description":"Encontre aqui respostas \u00e0s perguntas mais frequentes sobre a lotaria online, bem como os melhores servi\u00e7os","robots":{"index":"index","follow":"follow","max-snippet":"max-snippet:-1","max-image-preview":"max-image-preview:large","max-video-preview":"max-video-preview:-1"},"canonical":"https:\/\/jackpotlotteryonline.com\/pt-pt\/faq\/","og_locale":"pt_PT","og_type":"article","og_title":"Lotaria FAQ | Perguntas frequentes sobre o Lotto online","og_description":"Encontre aqui respostas \u00e0s perguntas mais frequentes sobre a lotaria online, bem como os melhores servi\u00e7os","og_url":"https:\/\/jackpotlotteryonline.com\/pt-pt\/faq\/","og_site_name":"Lotto Online - Crack The International Lottery Jackpots","twitter_card":"summary_large_image","twitter_misc":{"Tempo estimado de leitura":"3 minutos"},"schema":{"@context":"https:\/\/schema.org","@graph":[{"@type":"WebPage","@id":"https:\/\/jackpotlotteryonline.com\/pt-pt\/faq\/","url":"https:\/\/jackpotlotteryonline.com\/pt-pt\/faq\/","name":"Lotaria FAQ | Perguntas frequentes sobre o Lotto online","isPartOf":{"@id":"https:\/\/jackpotlotteryonline.com\/#website"},"datePublished":"2022-11-15T08:39:31+00:00","dateModified":"2022-11-15T08:39:31+00:00","description":"Encontre aqui respostas \u00e0s perguntas mais frequentes sobre a lotaria online, bem como os melhores servi\u00e7os","breadcrumb":{"@id":"https:\/\/jackpotlotteryonline.com\/pt-pt\/faq\/#breadcrumb"},"inLanguage":"pt-PT","potentialAction":[{"@type":"ReadAction","target":["https:\/\/jackpotlotteryonline.com\/pt-pt\/faq\/"]}]},{"@type":"BreadcrumbList","@id":"https:\/\/jackpotlotteryonline.com\/pt-pt\/faq\/#breadcrumb","itemListElement":[{"@type":"ListItem","position":1,"name":"Home","item":"https:\/\/jackpotlotteryonline.com\/pt-pt\/"},{"@type":"ListItem","position":2,"name":"FAQ"}]},{"@type":"WebSite","@id":"https:\/\/jackpotlotteryonline.com\/#website","url":"https:\/\/jackpotlotteryonline.com\/","name":"Lotto Online - Crack The International Lottery Jackpots","description":"","potentialAction":[{"@type":"SearchAction","target":{"@type":"EntryPoint","urlTemplate":"https:\/\/jackpotlotteryonline.com\/?s={search_term_string}"},"query-input":"required name=search_term_string"}],"inLanguage":"pt-PT"}]}},"_links":{"self":[{"href":"https:\/\/jackpotlotteryonline.com\/pt-pt\/wp-json\/wp\/v2\/pages\/37775","targetHints":{"allow":["GET"]}}],"collection":[{"href":"https:\/\/jackpotlotteryonline.com\/pt-pt\/wp-json\/wp\/v2\/pages"}],"about":[{"href":"https:\/\/jackpotlotteryonline.com\/pt-pt\/wp-json\/wp\/v2\/types\/page"}],"author":[{"embeddable":true,"href":"https:\/\/jackpotlotteryonline.com\/pt-pt\/wp-json\/wp\/v2\/users\/1"}],"replies":[{"embeddable":true,"href":"https:\/\/jackpotlotteryonline.com\/pt-pt\/wp-json\/wp\/v2\/comments?post=37775"}],"version-history":[{"count":0,"href":"https:\/\/jackpotlotteryonline.com\/pt-pt\/wp-json\/wp\/v2\/pages\/37775\/revisions"}],"wp:attachment":[{"href":"https:\/\/jackpotlotteryonline.com\/pt-pt\/wp-json\/wp\/v2\/media?parent=37775"}],"curies":[{"name":"wp","href":"https:\/\/api.w.org\/{rel}","templated":true}]}}